{"id":5109,"date":"2024-08-21T15:10:17","date_gmt":"2024-08-21T13:10:17","guid":{"rendered":"https:\/\/www.allersretoursasso.fr\/?page_id=5109"},"modified":"2024-09-17T23:44:06","modified_gmt":"2024-09-17T21:44:06","slug":"coming-of-age-2024-now-here","status":"publish","type":"page","link":"https:\/\/www.allersretoursasso.fr\/zh\/coming-of-age-2024-now-here\/","title":{"rendered":"Coming of Age 2024  &#8211; Now.Here"},"content":{"rendered":"<div id=\"fb-root\"><\/div>\n\n<div class=\"wp-block-media-text alignwide is-stacked-on-mobile\" style=\"grid-template-columns:41% auto\"><figure class=\"wp-block-media-text__media\"><img loading=\"lazy\" decoding=\"async\" width=\"720\" height=\"1024\" src=\"https:\/\/www.allersretoursasso.fr\/wp-content\/uploads\/2024\/09\/Poster-Now.Here-Poster-3-720x1024.jpg\" alt=\"\" class=\"wp-image-5382 size-full\" srcset=\"https:\/\/www.allersretoursasso.fr\/wp-content\/uploads\/2024\/09\/Poster-Now.Here-Poster-3-720x1024.jpg 720w, https:\/\/www.allersretoursasso.fr\/wp-content\/uploads\/2024\/09\/Poster-Now.Here-Poster-3-211x300.jpg 211w, https:\/\/www.allersretoursasso.fr\/wp-content\/uploads\/2024\/09\/Poster-Now.Here-Poster-3-768x1093.jpg 768w, https:\/\/www.allersretoursasso.fr\/wp-content\/uploads\/2024\/09\/Poster-Now.Here-Poster-3-1079x1536.jpg 1079w, https:\/\/www.allersretoursasso.fr\/wp-content\/uploads\/2024\/09\/Poster-Now.Here-Poster-3-8x12.jpg 8w, https:\/\/www.allersretoursasso.fr\/wp-content\/uploads\/2024\/09\/Poster-Now.Here-Poster-3-350x498.jpg 350w, https:\/\/www.allersretoursasso.fr\/wp-content\/uploads\/2024\/09\/Poster-Now.Here-Poster-3.jpg 1439w\" sizes=\"(max-width: 720px) 100vw, 720px\" \/><\/figure><div class=\"wp-block-media-text__content\">\n<div class=\"wp-block-group is-layout-flow wp-block-group-is-layout-flow\"><div class=\"wp-block-group__inner-container\">\n<div class=\"wp-block-group is-vertical is-layout-flex wp-container-core-group-layout-4 wp-block-group-is-layout-flex\">\n<div class=\"wp-block-group is-layout-flow wp-block-group-is-layout-flow\"><div class=\"wp-block-group__inner-container\">\n<div class=\"wp-block-group is-layout-flow wp-block-group-is-layout-flow\"><div class=\"wp-block-group__inner-container\">\n<div class=\"wp-block-group is-layout-flow wp-block-group-is-layout-flow\"><div class=\"wp-block-group__inner-container\">\n<p><\/p>\n\n\n\n<p style=\"font-size:30px;font-style:normal;font-weight:500\"><em><strong><strong>Now.Here<\/strong><\/strong><\/em><\/p>\n\n\n\n<p style=\"font-size:30px;font-style:normal;font-weight:500\">\u4e00\u65f6\u4e00\u523b<\/p>\n\n\n\n<p class=\"has-medium-font-size\">ZHAO Hao <\/p>\n\n\n\n<p class=\"has-medium-font-size\">\u8d75\u6d69<\/p>\n\n\n\n<p class=\"has-small-font-size\"><a href=\"https:\/\/www.allersretoursasso.fr\/zh\/coming-of-age-2024\/\" target=\"_blank\" rel=\"noreferrer noopener\">\u00c9dition : Coming of Age 2024<\/a><\/p>\n\n\n\n<p style=\"font-size:10px\"><\/p>\n<\/div><\/div>\n\n\n\n<p class=\"has-text-align-center\"><\/p>\n\n\n\n<p class=\"has-text-align-left\" style=\"font-size:15px\"><\/p>\n<\/div><\/div>\n<\/div><\/div>\n<\/div>\n<\/div><\/div>\n<\/div><\/div>\n\n\n\n<h2 class=\"wp-block-heading\"><\/h2>\n\n\n\n<p class=\"has-text-align-center has-small-font-size\"><em>2023 \/ 12\u2019 \/ Mandarin \/ VOSTF \/ Fiction<\/em><\/p>\n\n\n\n<p class=\"has-text-align-center has-small-font-size\"><em>2023 \/ 12\u2019 \/ \u666e\u901a\u8bdd \/ \u539f\u58f0\u6cd5\u8bed\u5b57\u5e55 \/ \u5267\u60c5<\/em><\/p>\n\n\n\n<p>Un adolescent, gardien rempla\u00e7ant de son \u00e9quipe de football, rentre sur le terrain et doit faire face \u00e0 un penalty adverse. Durant ce moment de flottement, il voit sa m\u00e9moire d\u00e9filer, cherchant la raison de sa pr\u00e9sence \u00e0 cet endroit et \u00e0 cet instant pr\u00e9cis.<\/p>\n\n\n\n<p>\u9752\u5e74\u5b88\u95e8\u5458\u9648\u6587\u8f89\u56de\u5fc6\u8d77\u5373\u5c06\u66ff\u8865\u4e0a\u573a\uff0c\u9762\u5bf9\u70b9\u7403\u7684\u65f6\u523b\u3002\u5728\u5f80\u65e5\u5149\u73af\u5378\u53bb\u4e4b\u524d\uff0c\u6587\u8f89\u5728\u8bb0\u5fc6\u7247\u6bb5\u4e2d\u6f2b\u6e38\uff1a\u662f\u56e0\u4e3a\u4f55\u5730\u4f55\u7531\uff0c\u624d\u6709\u4e86\u6b64\u65f6\u6b64\u523b\u3002<\/p>\n\n\n\n<p><mark style=\"background-color:rgba(0, 0, 0, 0)\" class=\"has-inline-color has-white-color\">000000<\/mark><\/p>\n\n\n\n<figure class=\"wp-block-gallery has-nested-images columns-default is-cropped wp-block-gallery-1 is-layout-flex wp-block-gallery-is-layout-flex\">\n<figure class=\"wp-block-image size-large\"><img loading=\"lazy\" decoding=\"async\" width=\"1024\" height=\"576\" data-id=\"5094\" src=\"https:\/\/www.allersretoursasso.fr\/wp-content\/uploads\/2024\/08\/YSYK07-XunLiuQiLu_PlaytimeProductions-1024x576.jpg\" alt=\"\" class=\"wp-image-5094\" srcset=\"https:\/\/www.allersretoursasso.fr\/wp-content\/uploads\/2024\/08\/YSYK07-XunLiuQiLu_PlaytimeProductions-1024x576.jpg 1024w, https:\/\/www.allersretoursasso.fr\/wp-content\/uploads\/2024\/08\/YSYK07-XunLiuQiLu_PlaytimeProductions-300x169.jpg 300w, https:\/\/www.allersretoursasso.fr\/wp-content\/uploads\/2024\/08\/YSYK07-XunLiuQiLu_PlaytimeProductions-768x432.jpg 768w, https:\/\/www.allersretoursasso.fr\/wp-content\/uploads\/2024\/08\/YSYK07-XunLiuQiLu_PlaytimeProductions-1536x864.jpg 1536w, https:\/\/www.allersretoursasso.fr\/wp-content\/uploads\/2024\/08\/YSYK07-XunLiuQiLu_PlaytimeProductions-2048x1152.jpg 2048w, https:\/\/www.allersretoursasso.fr\/wp-content\/uploads\/2024\/08\/YSYK07-XunLiuQiLu_PlaytimeProductions-18x10.jpg 18w, https:\/\/www.allersretoursasso.fr\/wp-content\/uploads\/2024\/08\/YSYK07-XunLiuQiLu_PlaytimeProductions-350x197.jpg 350w\" sizes=\"(max-width: 767px) 89vw, (max-width: 1000px) 54vw, (max-width: 1071px) 543px, 580px\" \/><\/figure>\n\n\n\n<figure class=\"wp-block-image size-large\"><img loading=\"lazy\" decoding=\"async\" width=\"1024\" height=\"576\" data-id=\"5114\" src=\"https:\/\/www.allersretoursasso.fr\/wp-content\/uploads\/2024\/08\/YSYK04-QiLu_PlaytimeProductions-1024x576.jpg\" alt=\"\" class=\"wp-image-5114\" srcset=\"https:\/\/www.allersretoursasso.fr\/wp-content\/uploads\/2024\/08\/YSYK04-QiLu_PlaytimeProductions-1024x576.jpg 1024w, https:\/\/www.allersretoursasso.fr\/wp-content\/uploads\/2024\/08\/YSYK04-QiLu_PlaytimeProductions-300x169.jpg 300w, https:\/\/www.allersretoursasso.fr\/wp-content\/uploads\/2024\/08\/YSYK04-QiLu_PlaytimeProductions-768x432.jpg 768w, https:\/\/www.allersretoursasso.fr\/wp-content\/uploads\/2024\/08\/YSYK04-QiLu_PlaytimeProductions-1536x864.jpg 1536w, https:\/\/www.allersretoursasso.fr\/wp-content\/uploads\/2024\/08\/YSYK04-QiLu_PlaytimeProductions-2048x1152.jpg 2048w, https:\/\/www.allersretoursasso.fr\/wp-content\/uploads\/2024\/08\/YSYK04-QiLu_PlaytimeProductions-18x10.jpg 18w, https:\/\/www.allersretoursasso.fr\/wp-content\/uploads\/2024\/08\/YSYK04-QiLu_PlaytimeProductions-350x197.jpg 350w\" sizes=\"(max-width: 767px) 89vw, (max-width: 1000px) 54vw, (max-width: 1071px) 543px, 580px\" \/><\/figure>\n\n\n\n<figure class=\"wp-block-image size-large\"><img loading=\"lazy\" decoding=\"async\" width=\"1024\" height=\"576\" data-id=\"5095\" src=\"https:\/\/www.allersretoursasso.fr\/wp-content\/uploads\/2024\/08\/YSYK06-XunLiu_Playtime_Productions-1024x576.jpg\" alt=\"\" class=\"wp-image-5095\" srcset=\"https:\/\/www.allersretoursasso.fr\/wp-content\/uploads\/2024\/08\/YSYK06-XunLiu_Playtime_Productions-1024x576.jpg 1024w, https:\/\/www.allersretoursasso.fr\/wp-content\/uploads\/2024\/08\/YSYK06-XunLiu_Playtime_Productions-300x169.jpg 300w, https:\/\/www.allersretoursasso.fr\/wp-content\/uploads\/2024\/08\/YSYK06-XunLiu_Playtime_Productions-768x432.jpg 768w, https:\/\/www.allersretoursasso.fr\/wp-content\/uploads\/2024\/08\/YSYK06-XunLiu_Playtime_Productions-1536x864.jpg 1536w, https:\/\/www.allersretoursasso.fr\/wp-content\/uploads\/2024\/08\/YSYK06-XunLiu_Playtime_Productions-2048x1152.jpg 2048w, https:\/\/www.allersretoursasso.fr\/wp-content\/uploads\/2024\/08\/YSYK06-XunLiu_Playtime_Productions-18x10.jpg 18w, https:\/\/www.allersretoursasso.fr\/wp-content\/uploads\/2024\/08\/YSYK06-XunLiu_Playtime_Productions-350x197.jpg 350w\" sizes=\"(max-width: 767px) 89vw, (max-width: 1000px) 54vw, (max-width: 1071px) 543px, 580px\" \/><\/figure>\n\n\n\n<figure class=\"wp-block-image size-large\"><img loading=\"lazy\" decoding=\"async\" width=\"1024\" height=\"576\" data-id=\"5097\" src=\"https:\/\/www.allersretoursasso.fr\/wp-content\/uploads\/2024\/08\/YSYK05-YuxuanLiu_PlaytimeProductions-1024x576.jpg\" alt=\"\" class=\"wp-image-5097\" srcset=\"https:\/\/www.allersretoursasso.fr\/wp-content\/uploads\/2024\/08\/YSYK05-YuxuanLiu_PlaytimeProductions-1024x576.jpg 1024w, https:\/\/www.allersretoursasso.fr\/wp-content\/uploads\/2024\/08\/YSYK05-YuxuanLiu_PlaytimeProductions-300x169.jpg 300w, https:\/\/www.allersretoursasso.fr\/wp-content\/uploads\/2024\/08\/YSYK05-YuxuanLiu_PlaytimeProductions-768x432.jpg 768w, https:\/\/www.allersretoursasso.fr\/wp-content\/uploads\/2024\/08\/YSYK05-YuxuanLiu_PlaytimeProductions-1536x864.jpg 1536w, https:\/\/www.allersretoursasso.fr\/wp-content\/uploads\/2024\/08\/YSYK05-YuxuanLiu_PlaytimeProductions-2048x1152.jpg 2048w, https:\/\/www.allersretoursasso.fr\/wp-content\/uploads\/2024\/08\/YSYK05-YuxuanLiu_PlaytimeProductions-18x10.jpg 18w, https:\/\/www.allersretoursasso.fr\/wp-content\/uploads\/2024\/08\/YSYK05-YuxuanLiu_PlaytimeProductions-350x197.jpg 350w\" sizes=\"(max-width: 767px) 89vw, (max-width: 1000px) 54vw, (max-width: 1071px) 543px, 580px\" \/><\/figure>\n\n\n\n<figure class=\"wp-block-image size-large\"><img loading=\"lazy\" decoding=\"async\" width=\"1024\" height=\"576\" data-id=\"5099\" src=\"https:\/\/www.allersretoursasso.fr\/wp-content\/uploads\/2024\/08\/YSYK02-XunLiuQiLu_PlaytimeProductions-1024x576.jpg\" alt=\"\" class=\"wp-image-5099\" srcset=\"https:\/\/www.allersretoursasso.fr\/wp-content\/uploads\/2024\/08\/YSYK02-XunLiuQiLu_PlaytimeProductions-1024x576.jpg 1024w, https:\/\/www.allersretoursasso.fr\/wp-content\/uploads\/2024\/08\/YSYK02-XunLiuQiLu_PlaytimeProductions-300x169.jpg 300w, https:\/\/www.allersretoursasso.fr\/wp-content\/uploads\/2024\/08\/YSYK02-XunLiuQiLu_PlaytimeProductions-768x432.jpg 768w, https:\/\/www.allersretoursasso.fr\/wp-content\/uploads\/2024\/08\/YSYK02-XunLiuQiLu_PlaytimeProductions-1536x864.jpg 1536w, https:\/\/www.allersretoursasso.fr\/wp-content\/uploads\/2024\/08\/YSYK02-XunLiuQiLu_PlaytimeProductions-2048x1152.jpg 2048w, https:\/\/www.allersretoursasso.fr\/wp-content\/uploads\/2024\/08\/YSYK02-XunLiuQiLu_PlaytimeProductions-18x10.jpg 18w, https:\/\/www.allersretoursasso.fr\/wp-content\/uploads\/2024\/08\/YSYK02-XunLiuQiLu_PlaytimeProductions-350x197.jpg 350w\" sizes=\"(max-width: 767px) 89vw, (max-width: 1000px) 54vw, (max-width: 1071px) 543px, 580px\" \/><\/figure>\n<\/figure>\n\n\n\n<div class=\"wp-block-group is-layout-constrained wp-block-group-is-layout-constrained\"><div class=\"wp-block-group__inner-container\">\n<div class=\"wp-block-columns is-layout-flex wp-container-core-columns-layout-1 wp-block-columns-is-layout-flex\">\n<div class=\"wp-block-column is-layout-flow wp-block-column-is-layout-flow\" style=\"flex-basis:100%\"><\/div>\n<\/div>\n<\/div><\/div>\n\n\n\n<figure class=\"wp-block-embed is-type-video is-provider-youtube wp-block-embed-youtube wp-embed-aspect-16-9 wp-has-aspect-ratio\"><div class=\"wp-block-embed__wrapper\">\n<iframe loading=\"lazy\" title=\"Now. Here \u4e00\u65f6\u4e00\u523b\" width=\"525\" height=\"295\" src=\"https:\/\/www.youtube.com\/embed\/kouOBg2mmkk?list=PLJFZYepUmhVL92KkJ4jvQ-_BGo0HTbLpP\" frameborder=\"0\" allow=\"accelerometer; autoplay; clipboard-write; encrypted-media; gyroscope; picture-in-picture; web-share\" referrerpolicy=\"strict-origin-when-cross-origin\" allowfullscreen><\/iframe>\n<\/div><\/figure>\n\n\n\n<p><\/p>\n\n\n\n<div class=\"wp-block-columns is-layout-flex wp-container-core-columns-layout-2 wp-block-columns-is-layout-flex\">\n<div class=\"wp-block-column is-layout-flow wp-block-column-is-layout-flow\"><\/div>\n<\/div>\n\n\n\n<hr class=\"wp-block-separator has-alpha-channel-opacity\"\/>\n\n\n\n<div class=\"wp-block-columns is-layout-flex wp-container-core-columns-layout-3 wp-block-columns-is-layout-flex\">\n<div class=\"wp-block-column is-layout-flow wp-block-column-is-layout-flow\"><\/div>\n<\/div>\n\n\n\n<div class=\"wp-block-columns is-layout-flex wp-container-core-columns-layout-4 wp-block-columns-is-layout-flex\">\n<div class=\"wp-block-column is-layout-flow wp-block-column-is-layout-flow\" style=\"flex-basis:33.33%\">\n<figure class=\"wp-block-image size-full\"><img loading=\"lazy\" decoding=\"async\" width=\"1657\" height=\"1657\" src=\"https:\/\/www.allersretoursasso.fr\/wp-content\/uploads\/2024\/08\/ZHAO-Hao_director-edited.png\" alt=\"\" class=\"wp-image-5115\" srcset=\"https:\/\/www.allersretoursasso.fr\/wp-content\/uploads\/2024\/08\/ZHAO-Hao_director-edited.png 1657w, https:\/\/www.allersretoursasso.fr\/wp-content\/uploads\/2024\/08\/ZHAO-Hao_director-edited-300x300.png 300w, https:\/\/www.allersretoursasso.fr\/wp-content\/uploads\/2024\/08\/ZHAO-Hao_director-edited-1024x1024.png 1024w, https:\/\/www.allersretoursasso.fr\/wp-content\/uploads\/2024\/08\/ZHAO-Hao_director-edited-150x150.png 150w, https:\/\/www.allersretoursasso.fr\/wp-content\/uploads\/2024\/08\/ZHAO-Hao_director-edited-768x768.png 768w, https:\/\/www.allersretoursasso.fr\/wp-content\/uploads\/2024\/08\/ZHAO-Hao_director-edited-1536x1536.png 1536w, https:\/\/www.allersretoursasso.fr\/wp-content\/uploads\/2024\/08\/ZHAO-Hao_director-edited-12x12.png 12w, https:\/\/www.allersretoursasso.fr\/wp-content\/uploads\/2024\/08\/ZHAO-Hao_director-edited-100x100.png 100w, https:\/\/www.allersretoursasso.fr\/wp-content\/uploads\/2024\/08\/ZHAO-Hao_director-edited-350x350.png 350w\" sizes=\"(max-width: 767px) 89vw, (max-width: 1000px) 54vw, (max-width: 1071px) 543px, 580px\" \/><\/figure>\n<\/div>\n\n\n\n<div class=\"wp-block-column is-layout-flow wp-block-column-is-layout-flow\" style=\"flex-basis:66.66%\">\n<p><strong>\u00c0 propos de <strong>ZHAO Hao<\/strong><br>\/ \u5173\u4e8e\u8d75\u6d69<\/strong><\/p>\n\n\n\n<p class=\"has-small-font-size\"><\/p>\n<\/div>\n<\/div>\n\n\n\n<p class=\"has-small-font-size\"><\/p>\n\n\n\n<p class=\"has-small-font-size\">Zhao Hao&nbsp;est un sc\u00e9nariste et r\u00e9alisateur dipl\u00f4m\u00e9 de la NYU Tisch School of the Arts. Son court-m\u00e9trage&nbsp;<em>An Invitation<\/em>&nbsp;a \u00e9t\u00e9 pr\u00e9sent\u00e9 \u00e0 la Semaine de la Critique au Festival de Cannes en 2021.&nbsp;<em>Now.Here<\/em>&nbsp;est son \u0153uvre la plus r\u00e9cente et a \u00e9t\u00e9 projet\u00e9 \u00e0 la Berlinale de 2023. Il travaille actuellement sur son premier long-m\u00e9trage \u00e0 la R\u00e9sidence de Cannes.<\/p>\n\n\n\n<p class=\"has-small-font-size\">\u8d75\u6d69\uff0c\u7f16\u5267\/\u5bfc\u6f14\uff0c\u6bd5\u4e1a\u4e8e\u7ebd\u7ea6\u5927\u5b66\u3002\u77ed\u7247\u300a\u8bbf\u5ba2\u300b\uff082021\uff09\u5165\u9009\u621b\u7eb3\u7535\u5f71\u8282\u5f71\u8bc4\u4eba\u5468\u77ed\u7247\u7ade\u8d5b\u5355\u5143\uff0c\u65af\u5fb7\u54e5\u5c14\u6469\u56fd\u9645\u7535\u5f71\u8282\u77ed\u7247\u7ade\u8d5b\u5355\u5143\u7b49\u56fd\u9645\u5f71\u5c55\u30022022\u5e74\uff0c\u4f5c\u4e3a\u5bfc\u6f14\u5165\u9009\u9999\u5948\u513fx\u91dc\u5c71\u56fd\u9645\u7535\u5f71\u8282\u4e9a\u6d32\u7535\u5f71\u5b66\u9662\uff08BAFA\uff09\u30022023\u5e74\uff0c\u77ed\u7247\u300a\u4e00\u65f6\u4e00\u523b\u300b\u5165\u56f4\u67cf\u6797\u7535\u5f71\u8282\u65b0\u751f\u4ee314plus\u77ed\u7247\u7ade\u8d5b\u3002<\/p>\n\n\n\n<p class=\"has-small-font-size\"><\/p>\n\n\n\n<p><\/p>\n\n\n\n<hr class=\"wp-block-separator has-alpha-channel-opacity is-style-wide\"\/>\n\n\n\n<div class=\"wp-block-columns is-layout-flex wp-container-core-columns-layout-5 wp-block-columns-is-layout-flex\">\n<div class=\"wp-block-column is-layout-flow wp-block-column-is-layout-flow\"><\/div>\n<\/div>\n\n\n\n<div class=\"wp-block-buttons is-content-justification-center is-layout-flex wp-container-core-buttons-layout-1 wp-block-buttons-is-layout-flex\">\n<div class=\"wp-block-button has-custom-width wp-block-button__width-75 has-custom-font-size is-style-outline\" style=\"font-size:16px\"><a class=\"wp-block-button__link has-black-color has-white-background-color has-text-color has-background wp-element-button\" href=\"https:\/\/www.billetweb.fr\/coa2024-allersretours\">\u8d2d\u7968\u94fe\u63a5<br>\u7ebf\u4e0a\u8d2d\u7968<\/a><\/div>\n<\/div>\n\n\n\n<p><\/p>\n\n\n\n<p class=\"has-text-align-center has-medium-font-size\"><strong><span style=\"text-decoration: underline;\">S\u00e9ance 02<\/span><\/strong><\/p>\n\n\n\n<div class=\"wp-block-columns is-layout-flex wp-container-core-columns-layout-6 wp-block-columns-is-layout-flex\">\n<div class=\"wp-block-column is-layout-flow wp-block-column-is-layout-flow\">\n<p class=\"has-text-align-center\"><strong>Vendredi 27 septembre \u00e0 19h45 au<\/strong> <strong>STUDIO DES URSULINES<\/strong><br>10 rue des Ursulines, 75005 Paris<\/p>\n<\/div>\n\n\n\n<div class=\"wp-block-column is-layout-flow wp-block-column-is-layout-flow\">\n<p class=\"has-text-align-center\"><strong>Samedi 28 septembre \u00e0 <strong>18h30<\/strong> \u4e8e<\/strong> <strong><strong><strong>CIN\u00c9MA<\/strong><\/strong> LUMI\u00c8RE FOURMI<\/strong><br>68 rue Pierre Corneille, 69003 Lyon<br><\/p>\n\n\n\n<p class=\"has-text-align-center\"><strong>Vendredi 04 octobre \u00e0 <strong>19h30<\/strong> \u4e8e<\/strong><br><strong><strong><strong>CIN\u00c9MA<\/strong><\/strong> LES ALIZ\u00c9S<\/strong><br>214 avenue Franklin Roosevelt, 69500 Bron<\/p>\n<\/div>\n<\/div>\n\n\n\n<div class=\"wp-block-cover is-light\" style=\"min-height:349px\"><span aria-hidden=\"true\" class=\"wp-block-cover__background has-white-background-color has-background-dim\"><\/span><div class=\"wp-block-cover__inner-container is-layout-flow wp-block-cover-is-layout-flow\">\n<div class=\"wp-block-group is-layout-flow wp-block-group-is-layout-flow\"><div class=\"wp-block-group__inner-container\">\n<figure class=\"wp-block-image size-large\"><img loading=\"lazy\" decoding=\"async\" width=\"1024\" height=\"341\" src=\"https:\/\/www.allersretoursasso.fr\/wp-content\/uploads\/2024\/09\/Twitter-1024x341.png\" alt=\"\" class=\"wp-image-5396\" srcset=\"https:\/\/www.allersretoursasso.fr\/wp-content\/uploads\/2024\/09\/Twitter-1024x341.png 1024w, https:\/\/www.allersretoursasso.fr\/wp-content\/uploads\/2024\/09\/Twitter-300x100.png 300w, https:\/\/www.allersretoursasso.fr\/wp-content\/uploads\/2024\/09\/Twitter-768x256.png 768w, https:\/\/www.allersretoursasso.fr\/wp-content\/uploads\/2024\/09\/Twitter-1536x512.png 1536w, https:\/\/www.allersretoursasso.fr\/wp-content\/uploads\/2024\/09\/Twitter-2048x683.png 2048w, https:\/\/www.allersretoursasso.fr\/wp-content\/uploads\/2024\/09\/Twitter-18x6.png 18w, https:\/\/www.allersretoursasso.fr\/wp-content\/uploads\/2024\/09\/Twitter-350x117.png 350w\" sizes=\"(max-width: 767px) 89vw, (max-width: 1000px) 54vw, (max-width: 1071px) 543px, 580px\" \/><\/figure>\n<\/div><\/div>\n<\/div><\/div>\n\n\n\n<div class=\"wp-block-group is-layout-flow wp-block-group-is-layout-flow\"><div class=\"wp-block-group__inner-container\">\n<p class=\"has-text-align-center\" style=\"font-size:15px\"><\/p>\n<\/div><\/div>\n\n\n\n<p class=\"has-text-align-center has-white-color has-text-color\" style=\"font-size:15px\"> 19h45 aux Ursuline<\/p>\n\n\n\n<p class=\"has-text-align-center has-white-color has-text-color\" style=\"font-size:15px\">06 octobre \u00e0 19h45 aux Ursulines<\/p>","protected":false},"excerpt":{"rendered":"<p>2023 \/ 12\u2019 \/ Mandarin \/ VOSTF \/ Fiction 2023 \/ 12\u2019 \/ \u666e\u901a\u8bdd \/ \u539f\u58f0\u6cd5\u8bed\u5b57\u5e55 \/ \u5267\u60c5 Un adolescent, gardien rempla\u00e7ant de son \u00e9quipe de football, rentre sur le terrain et doit faire face \u00e0 un penalty adverse. Durant ce moment de flottement, il voit sa m\u00e9moire d\u00e9filer, cherchant la raison de sa pr\u00e9sence &hellip; <\/p>\n<p class=\"link-more\"><a href=\"https:\/\/www.allersretoursasso.fr\/zh\/coming-of-age-2024-now-here\/\" class=\"more-link\">\u7ee7\u7eed\u9605\u8bfb<span class=\"screen-reader-text\">\u201cComing of Age 2024  &#8211; Now.Here\u201d<\/span><\/a><\/p>","protected":false},"author":17,"featured_media":0,"parent":0,"menu_order":0,"comment_status":"closed","ping_status":"closed","template":"","meta":{"footnotes":""},"_links":{"self":[{"href":"https:\/\/www.allersretoursasso.fr\/zh\/wp-json\/wp\/v2\/pages\/5109"}],"collection":[{"href":"https:\/\/www.allersretoursasso.fr\/zh\/wp-json\/wp\/v2\/pages"}],"about":[{"href":"https:\/\/www.allersretoursasso.fr\/zh\/wp-json\/wp\/v2\/types\/page"}],"author":[{"embeddable":true,"href":"https:\/\/www.allersretoursasso.fr\/zh\/wp-json\/wp\/v2\/users\/17"}],"replies":[{"embeddable":true,"href":"https:\/\/www.allersretoursasso.fr\/zh\/wp-json\/wp\/v2\/comments?post=5109"}],"version-history":[{"count":7,"href":"https:\/\/www.allersretoursasso.fr\/zh\/wp-json\/wp\/v2\/pages\/5109\/revisions"}],"predecessor-version":[{"id":5404,"href":"https:\/\/www.allersretoursasso.fr\/zh\/wp-json\/wp\/v2\/pages\/5109\/revisions\/5404"}],"wp:attachment":[{"href":"https:\/\/www.allersretoursasso.fr\/zh\/wp-json\/wp\/v2\/media?parent=5109"}],"curies":[{"name":"wp","href":"https:\/\/api.w.org\/{rel}","templated":true}]}}