{"id":5137,"date":"2024-08-21T15:48:19","date_gmt":"2024-08-21T13:48:19","guid":{"rendered":"https:\/\/www.allersretoursasso.fr\/?page_id=5137"},"modified":"2024-09-17T23:41:41","modified_gmt":"2024-09-17T21:41:41","slug":"coming-of-age-2024-three","status":"publish","type":"page","link":"https:\/\/www.allersretoursasso.fr\/zh\/coming-of-age-2024-three\/","title":{"rendered":"Coming of Age 2024  &#8211; Three"},"content":{"rendered":"<div id=\"fb-root\"><\/div>\n\n<div class=\"wp-block-media-text alignwide is-stacked-on-mobile\" style=\"grid-template-columns:41% auto\"><figure class=\"wp-block-media-text__media\"><img loading=\"lazy\" decoding=\"async\" width=\"691\" height=\"1024\" src=\"https:\/\/www.allersretoursasso.fr\/wp-content\/uploads\/2024\/08\/09-Three-\u4e09-Affiche-691x1024.png\" alt=\"\" class=\"wp-image-5143 size-full\" srcset=\"https:\/\/www.allersretoursasso.fr\/wp-content\/uploads\/2024\/08\/09-Three-\u4e09-Affiche-691x1024.png 691w, https:\/\/www.allersretoursasso.fr\/wp-content\/uploads\/2024\/08\/09-Three-\u4e09-Affiche-202x300.png 202w, https:\/\/www.allersretoursasso.fr\/wp-content\/uploads\/2024\/08\/09-Three-\u4e09-Affiche-768x1138.png 768w, https:\/\/www.allersretoursasso.fr\/wp-content\/uploads\/2024\/08\/09-Three-\u4e09-Affiche-1037x1536.png 1037w, https:\/\/www.allersretoursasso.fr\/wp-content\/uploads\/2024\/08\/09-Three-\u4e09-Affiche-8x12.png 8w, https:\/\/www.allersretoursasso.fr\/wp-content\/uploads\/2024\/08\/09-Three-\u4e09-Affiche-350x519.png 350w, https:\/\/www.allersretoursasso.fr\/wp-content\/uploads\/2024\/08\/09-Three-\u4e09-Affiche.png 1181w\" sizes=\"(max-width: 691px) 100vw, 691px\" \/><\/figure><div class=\"wp-block-media-text__content\">\n<div class=\"wp-block-group is-layout-flow wp-block-group-is-layout-flow\"><div class=\"wp-block-group__inner-container\">\n<div class=\"wp-block-group is-vertical is-layout-flex wp-container-core-group-layout-4 wp-block-group-is-layout-flex\">\n<div class=\"wp-block-group is-layout-flow wp-block-group-is-layout-flow\"><div class=\"wp-block-group__inner-container\">\n<div class=\"wp-block-group is-layout-flow wp-block-group-is-layout-flow\"><div class=\"wp-block-group__inner-container\">\n<div class=\"wp-block-group is-layout-flow wp-block-group-is-layout-flow\"><div class=\"wp-block-group__inner-container\">\n<p><\/p>\n\n\n\n<p style=\"font-size:30px;font-style:normal;font-weight:500\"><strong><em>Three<\/em><\/strong><\/p>\n\n\n\n<p style=\"font-size:30px;font-style:normal;font-weight:500\">\u4e09<\/p>\n\n\n\n<p class=\"has-medium-font-size\">Amie SONG<\/p>\n\n\n\n<p class=\"has-medium-font-size\">\u5b8b\u4e00\u6960<\/p>\n\n\n\n<p class=\"has-small-font-size\"><a href=\"https:\/\/www.allersretoursasso.fr\/zh\/coming-of-age-2024\/\" target=\"_blank\" rel=\"noreferrer noopener\">\u00c9dition : Coming of Age 2024<\/a><\/p>\n\n\n\n<p style=\"font-size:10px\"><\/p>\n<\/div><\/div>\n\n\n\n<p class=\"has-text-align-center\"><\/p>\n\n\n\n<p class=\"has-text-align-left\" style=\"font-size:15px\"><\/p>\n<\/div><\/div>\n<\/div><\/div>\n<\/div>\n<\/div><\/div>\n<\/div><\/div>\n\n\n\n<h2 class=\"wp-block-heading\"><\/h2>\n\n\n\n<p class=\"has-text-align-center has-small-font-size\"><em>2023 \/ 15\u2019 \/ Mandarin, Anglais \/ VOSTF \/ Fiction<\/em><\/p>\n\n\n\n<p class=\"has-text-align-center has-small-font-size\"><em>2023 \/ 15\u2019 \/ \u666e\u901a\u8bdd\u3001\u82f1\u8bed \/ \u539f\u58f0\u6cd5\u8bed\u5b57\u5e55 \/ \u5267\u60c5<\/em><\/p>\n\n\n\n<p>Pendant sa f\u00eate d\u2019anniversaire, une chinoise qui vient de s\u2019installer aux \u00c9tats-Unis pour rejoindre sa fille essaie de prot\u00e9ger les secrets de cette derni\u00e8re.<\/p>\n\n\n\n<p>\u521a\u642c\u5230\u7f8e\u56fd\u4e0d\u4e45\u4e0e\u5973\u513fJane\u540c\u4f4f\u7684\u73b2\uff0c\u5728\u751f\u65e5\u5f53\u5929\u9080\u8bf7\u4e86\u5979\u6559\u4f1a\u7684\u65b0\u670b\u53cb\u6765\u5bb6\u91cc\u805a\u4f1a\u3002\u5973\u513f\u7684\u201c\u5ba4\u53cb\u201dBriana\u5728\u534a\u63a8\u534a\u5c31\u4e2d\u4e0e\u5bbe\u5ba2\u89c1\u9762\u3002\u5728\u770b\u4f3c\u5bb6\u5e38\u7684\u5bf9\u8bdd\u91cc\uff0c\u6bcd\u5973\u4e09\u4eba\u5404\u81ea\u627f\u53d7\u7740\u96be\u4ee5\u5bdf\u89c9\u7684\u538b\u529b\u3002<\/p>\n\n\n\n<p><mark style=\"background-color:rgba(0, 0, 0, 0)\" class=\"has-inline-color has-white-color\">000000<\/mark><\/p>\n\n\n\n<figure class=\"wp-block-gallery has-nested-images columns-default is-cropped wp-block-gallery-1 is-layout-flex wp-block-gallery-is-layout-flex\">\n<figure class=\"wp-block-image size-large\"><img loading=\"lazy\" decoding=\"async\" width=\"1024\" height=\"768\" data-id=\"5144\" src=\"https:\/\/www.allersretoursasso.fr\/wp-content\/uploads\/2024\/08\/09-Three-\u4e09-_Still_10-1024x768.jpg\" alt=\"\" class=\"wp-image-5144\" srcset=\"https:\/\/www.allersretoursasso.fr\/wp-content\/uploads\/2024\/08\/09-Three-\u4e09-_Still_10-1024x768.jpg 1024w, https:\/\/www.allersretoursasso.fr\/wp-content\/uploads\/2024\/08\/09-Three-\u4e09-_Still_10-300x225.jpg 300w, https:\/\/www.allersretoursasso.fr\/wp-content\/uploads\/2024\/08\/09-Three-\u4e09-_Still_10-768x576.jpg 768w, https:\/\/www.allersretoursasso.fr\/wp-content\/uploads\/2024\/08\/09-Three-\u4e09-_Still_10-1536x1152.jpg 1536w, https:\/\/www.allersretoursasso.fr\/wp-content\/uploads\/2024\/08\/09-Three-\u4e09-_Still_10-2048x1536.jpg 2048w, https:\/\/www.allersretoursasso.fr\/wp-content\/uploads\/2024\/08\/09-Three-\u4e09-_Still_10-16x12.jpg 16w, https:\/\/www.allersretoursasso.fr\/wp-content\/uploads\/2024\/08\/09-Three-\u4e09-_Still_10-350x263.jpg 350w\" sizes=\"(max-width: 767px) 89vw, (max-width: 1000px) 54vw, (max-width: 1071px) 543px, 580px\" \/><\/figure>\n\n\n\n<figure class=\"wp-block-image size-large\"><img loading=\"lazy\" decoding=\"async\" width=\"1024\" height=\"768\" data-id=\"5140\" src=\"https:\/\/www.allersretoursasso.fr\/wp-content\/uploads\/2024\/08\/09-Three-\u4e09-_Still_9-1024x768.jpg\" alt=\"\" class=\"wp-image-5140\" srcset=\"https:\/\/www.allersretoursasso.fr\/wp-content\/uploads\/2024\/08\/09-Three-\u4e09-_Still_9-1024x768.jpg 1024w, https:\/\/www.allersretoursasso.fr\/wp-content\/uploads\/2024\/08\/09-Three-\u4e09-_Still_9-300x225.jpg 300w, https:\/\/www.allersretoursasso.fr\/wp-content\/uploads\/2024\/08\/09-Three-\u4e09-_Still_9-768x576.jpg 768w, https:\/\/www.allersretoursasso.fr\/wp-content\/uploads\/2024\/08\/09-Three-\u4e09-_Still_9-1536x1152.jpg 1536w, https:\/\/www.allersretoursasso.fr\/wp-content\/uploads\/2024\/08\/09-Three-\u4e09-_Still_9-2048x1536.jpg 2048w, https:\/\/www.allersretoursasso.fr\/wp-content\/uploads\/2024\/08\/09-Three-\u4e09-_Still_9-16x12.jpg 16w, https:\/\/www.allersretoursasso.fr\/wp-content\/uploads\/2024\/08\/09-Three-\u4e09-_Still_9-350x263.jpg 350w\" sizes=\"(max-width: 767px) 89vw, (max-width: 1000px) 54vw, (max-width: 1071px) 543px, 580px\" \/><\/figure>\n\n\n\n<figure class=\"wp-block-image size-large\"><img loading=\"lazy\" decoding=\"async\" width=\"1024\" height=\"768\" data-id=\"5139\" src=\"https:\/\/www.allersretoursasso.fr\/wp-content\/uploads\/2024\/08\/09-Three-\u4e09-_Still_8-1024x768.jpg\" alt=\"\" class=\"wp-image-5139\" srcset=\"https:\/\/www.allersretoursasso.fr\/wp-content\/uploads\/2024\/08\/09-Three-\u4e09-_Still_8-1024x768.jpg 1024w, https:\/\/www.allersretoursasso.fr\/wp-content\/uploads\/2024\/08\/09-Three-\u4e09-_Still_8-300x225.jpg 300w, https:\/\/www.allersretoursasso.fr\/wp-content\/uploads\/2024\/08\/09-Three-\u4e09-_Still_8-768x576.jpg 768w, https:\/\/www.allersretoursasso.fr\/wp-content\/uploads\/2024\/08\/09-Three-\u4e09-_Still_8-1536x1152.jpg 1536w, https:\/\/www.allersretoursasso.fr\/wp-content\/uploads\/2024\/08\/09-Three-\u4e09-_Still_8-2048x1536.jpg 2048w, https:\/\/www.allersretoursasso.fr\/wp-content\/uploads\/2024\/08\/09-Three-\u4e09-_Still_8-16x12.jpg 16w, https:\/\/www.allersretoursasso.fr\/wp-content\/uploads\/2024\/08\/09-Three-\u4e09-_Still_8-350x263.jpg 350w\" sizes=\"(max-width: 767px) 89vw, (max-width: 1000px) 54vw, (max-width: 1071px) 543px, 580px\" \/><\/figure>\n\n\n\n<figure class=\"wp-block-image size-large\"><img loading=\"lazy\" decoding=\"async\" width=\"1024\" height=\"768\" data-id=\"5141\" src=\"https:\/\/www.allersretoursasso.fr\/wp-content\/uploads\/2024\/08\/09-Three-\u4e09-_Still_1-1024x768.jpg\" alt=\"\" class=\"wp-image-5141\" srcset=\"https:\/\/www.allersretoursasso.fr\/wp-content\/uploads\/2024\/08\/09-Three-\u4e09-_Still_1-1024x768.jpg 1024w, https:\/\/www.allersretoursasso.fr\/wp-content\/uploads\/2024\/08\/09-Three-\u4e09-_Still_1-300x225.jpg 300w, https:\/\/www.allersretoursasso.fr\/wp-content\/uploads\/2024\/08\/09-Three-\u4e09-_Still_1-768x576.jpg 768w, https:\/\/www.allersretoursasso.fr\/wp-content\/uploads\/2024\/08\/09-Three-\u4e09-_Still_1-1536x1152.jpg 1536w, https:\/\/www.allersretoursasso.fr\/wp-content\/uploads\/2024\/08\/09-Three-\u4e09-_Still_1-2048x1536.jpg 2048w, https:\/\/www.allersretoursasso.fr\/wp-content\/uploads\/2024\/08\/09-Three-\u4e09-_Still_1-16x12.jpg 16w, https:\/\/www.allersretoursasso.fr\/wp-content\/uploads\/2024\/08\/09-Three-\u4e09-_Still_1-350x263.jpg 350w\" sizes=\"(max-width: 767px) 89vw, (max-width: 1000px) 54vw, (max-width: 1071px) 543px, 580px\" \/><\/figure>\n\n\n\n<figure class=\"wp-block-image size-large\"><img loading=\"lazy\" decoding=\"async\" width=\"1024\" height=\"768\" data-id=\"5142\" src=\"https:\/\/www.allersretoursasso.fr\/wp-content\/uploads\/2024\/08\/09-Three-\u4e09-_Still_2-1024x768.jpg\" alt=\"\" class=\"wp-image-5142\" srcset=\"https:\/\/www.allersretoursasso.fr\/wp-content\/uploads\/2024\/08\/09-Three-\u4e09-_Still_2-1024x768.jpg 1024w, https:\/\/www.allersretoursasso.fr\/wp-content\/uploads\/2024\/08\/09-Three-\u4e09-_Still_2-300x225.jpg 300w, https:\/\/www.allersretoursasso.fr\/wp-content\/uploads\/2024\/08\/09-Three-\u4e09-_Still_2-768x576.jpg 768w, https:\/\/www.allersretoursasso.fr\/wp-content\/uploads\/2024\/08\/09-Three-\u4e09-_Still_2-1536x1152.jpg 1536w, https:\/\/www.allersretoursasso.fr\/wp-content\/uploads\/2024\/08\/09-Three-\u4e09-_Still_2-2048x1536.jpg 2048w, https:\/\/www.allersretoursasso.fr\/wp-content\/uploads\/2024\/08\/09-Three-\u4e09-_Still_2-16x12.jpg 16w, https:\/\/www.allersretoursasso.fr\/wp-content\/uploads\/2024\/08\/09-Three-\u4e09-_Still_2-350x263.jpg 350w\" sizes=\"(max-width: 767px) 89vw, (max-width: 1000px) 54vw, (max-width: 1071px) 543px, 580px\" \/><\/figure>\n<\/figure>\n\n\n\n<div class=\"wp-block-group is-layout-constrained wp-block-group-is-layout-constrained\"><div class=\"wp-block-group__inner-container\">\n<div class=\"wp-block-columns is-layout-flex wp-container-core-columns-layout-1 wp-block-columns-is-layout-flex\">\n<div class=\"wp-block-column is-layout-flow wp-block-column-is-layout-flow\" style=\"flex-basis:100%\"><\/div>\n<\/div>\n<\/div><\/div>\n\n\n\n<figure class=\"wp-block-embed is-type-video is-provider-youtube wp-block-embed-youtube wp-embed-aspect-16-9 wp-has-aspect-ratio\"><div class=\"wp-block-embed__wrapper\">\n<iframe loading=\"lazy\" title=\"Three \u4e09\" width=\"525\" height=\"295\" src=\"https:\/\/www.youtube.com\/embed\/75QB2MpM8Qc?list=PLJFZYepUmhVL92KkJ4jvQ-_BGo0HTbLpP\" frameborder=\"0\" allow=\"accelerometer; autoplay; clipboard-write; encrypted-media; gyroscope; picture-in-picture; web-share\" referrerpolicy=\"strict-origin-when-cross-origin\" allowfullscreen><\/iframe>\n<\/div><\/figure>\n\n\n\n<p><\/p>\n\n\n\n<div class=\"wp-block-columns is-layout-flex wp-container-core-columns-layout-2 wp-block-columns-is-layout-flex\">\n<div class=\"wp-block-column is-layout-flow wp-block-column-is-layout-flow\"><\/div>\n<\/div>\n\n\n\n<hr class=\"wp-block-separator has-alpha-channel-opacity\"\/>\n\n\n\n<div class=\"wp-block-columns is-layout-flex wp-container-core-columns-layout-3 wp-block-columns-is-layout-flex\">\n<div class=\"wp-block-column is-layout-flow wp-block-column-is-layout-flow\"><\/div>\n<\/div>\n\n\n\n<div class=\"wp-block-columns is-layout-flex wp-container-core-columns-layout-4 wp-block-columns-is-layout-flex\">\n<div class=\"wp-block-column is-layout-flow wp-block-column-is-layout-flow\" style=\"flex-basis:33.33%\">\n<figure class=\"wp-block-image size-full\"><img loading=\"lazy\" decoding=\"async\" width=\"1929\" height=\"1930\" src=\"https:\/\/www.allersretoursasso.fr\/wp-content\/uploads\/2024\/08\/09-Amie-Song-\u5b8b\u4e00\u6960-edited.jpg\" alt=\"\" class=\"wp-image-5146\" srcset=\"https:\/\/www.allersretoursasso.fr\/wp-content\/uploads\/2024\/08\/09-Amie-Song-\u5b8b\u4e00\u6960-edited.jpg 1929w, https:\/\/www.allersretoursasso.fr\/wp-content\/uploads\/2024\/08\/09-Amie-Song-\u5b8b\u4e00\u6960-edited-300x300.jpg 300w, https:\/\/www.allersretoursasso.fr\/wp-content\/uploads\/2024\/08\/09-Amie-Song-\u5b8b\u4e00\u6960-edited-1024x1024.jpg 1024w, https:\/\/www.allersretoursasso.fr\/wp-content\/uploads\/2024\/08\/09-Amie-Song-\u5b8b\u4e00\u6960-edited-150x150.jpg 150w, https:\/\/www.allersretoursasso.fr\/wp-content\/uploads\/2024\/08\/09-Amie-Song-\u5b8b\u4e00\u6960-edited-768x768.jpg 768w, https:\/\/www.allersretoursasso.fr\/wp-content\/uploads\/2024\/08\/09-Amie-Song-\u5b8b\u4e00\u6960-edited-1536x1536.jpg 1536w, https:\/\/www.allersretoursasso.fr\/wp-content\/uploads\/2024\/08\/09-Amie-Song-\u5b8b\u4e00\u6960-edited-12x12.jpg 12w, https:\/\/www.allersretoursasso.fr\/wp-content\/uploads\/2024\/08\/09-Amie-Song-\u5b8b\u4e00\u6960-edited-100x100.jpg 100w, https:\/\/www.allersretoursasso.fr\/wp-content\/uploads\/2024\/08\/09-Amie-Song-\u5b8b\u4e00\u6960-edited-350x350.jpg 350w\" sizes=\"(max-width: 767px) 89vw, (max-width: 1000px) 54vw, (max-width: 1071px) 543px, 580px\" \/><\/figure>\n<\/div>\n\n\n\n<div class=\"wp-block-column is-layout-flow wp-block-column-is-layout-flow\" style=\"flex-basis:66.66%\">\n<p><strong>\u00c0 propos d&#8217;<strong>Amie SONG<\/strong><br>\/ \u5173\u4e8e\u5b8b\u4e00\u6960<\/strong><\/p>\n\n\n\n<p class=\"has-small-font-size\"><\/p>\n<\/div>\n<\/div>\n\n\n\n<p class=\"has-small-font-size\"><\/p>\n\n\n\n<p class=\"has-small-font-size\">Install\u00e9e \u00e0 New York, Amie Song se partage entre la Chine et les \u00c9tats-Unis. Elle \u00e9tudie la r\u00e9alisation et l\u2019\u00e9criture de sc\u00e9nario \u00e0 l\u2019universit\u00e9 de Columbia. Dans ses films, elle cherche une identit\u00e9 visuelle propre pour \u00e9voquer la fa\u00e7on dont les gens naviguent entre diff\u00e9rentes cultures, traditions, repr\u00e9sentations de genre et de sexualit\u00e9.<\/p>\n\n\n\n<p class=\"has-small-font-size\">\u5b8b\u4e00\u6960\uff0c\u5c71\u897f\u592a\u539f\u4eba\uff0c\u76ee\u524d\u5c45\u4f4f\u4e8e\u7ebd\u7ea6\uff0c\u54e5\u4f26\u6bd4\u4e9a\u5927\u5b66\u7535\u5f71\u5bfc\u6f14\u827a\u672f\u7855\u58eb\u5728\u8bfb\u3002\u8de8\u6587\u5316\u7684\u751f\u6d3b\u7ecf\u5386\u4f7f\u5979\u7740\u8ff7\u4e8e\u8eab\u4efd\u7684\u6d41\u52a8\u6027\uff0c\u901a\u8fc7\u7535\u5f71\u523b\u753b\u4eba\u4f5c\u4e3a\u4e2a\u4f53\u5982\u4f55\u5728\u5730\u57df\u3001\u6587\u5316\u3001\u4f20\u7edf\u3001\u6027\u522b\u7b49\u5404\u7c7b\u8eab\u4efd\u4e4b\u95f4\u627e\u5bfb\u5e73\u8861\u3002\u5176\u4f5c\u54c1\u5e0c\u671b\u52c7\u4e8e\u63a8\u52a8\u53d9\u4e8b\u7684\u8fb9\u754c\uff0c\u91cd\u65b0\u6784\u60f3\u7535\u5f71\u5982\u4f55\u6311\u6218\u89c2\u4f17\u5bf9\u73b0\u5b9e\u7684\u8ba4\u77e5\u3002\u5979\u7684\u77ed\u7247\u300a\u4e09\u300b\u5165\u9009\u621b\u7eb3\u7535\u5f71\u8282\u57fa\u77f3\u5355\u5143\uff0c\u5979\u4e4b\u524d\u7684\u77ed\u7247\u66fe\u4e8e\u5f55\u50cf\u827a\u672f\u4e0e\u5b9e\u9a8c\u7535\u5f71\u8282\u3001\u7ebd\u7ea6\u65b0\u7535\u5f71\u4eba\u3001\u7ebd\u7ea6\u77ed\u7247\u56fd\u9645\u7535\u5f71\u8282\u3001\u534e\u76db\u987f\u7279\u533a\u4e9a\u592a\u88d4\u7f8e\u56fd\u4eba\u7535\u5f71\u8282\u3001\u4e0a\u6d77\u56fd\u9645\u77ed\u7247\u5468\u7b49\u653e\u6620\u3002<\/p>\n\n\n\n<p class=\"has-small-font-size\"><\/p>\n\n\n\n<p><\/p>\n\n\n\n<hr class=\"wp-block-separator has-alpha-channel-opacity is-style-wide\"\/>\n\n\n\n<div class=\"wp-block-columns is-layout-flex wp-container-core-columns-layout-5 wp-block-columns-is-layout-flex\">\n<div class=\"wp-block-column is-layout-flow wp-block-column-is-layout-flow\"><\/div>\n<\/div>\n\n\n\n<div class=\"wp-block-buttons is-content-justification-center is-layout-flex wp-container-core-buttons-layout-1 wp-block-buttons-is-layout-flex\">\n<div class=\"wp-block-button has-custom-width wp-block-button__width-75 has-custom-font-size is-style-outline\" style=\"font-size:16px\"><a class=\"wp-block-button__link has-black-color has-white-background-color has-text-color has-background wp-element-button\" href=\"https:\/\/www.billetweb.fr\/coa2024-allersretours\">\u8d2d\u7968\u94fe\u63a5<br>\u7ebf\u4e0a\u8d2d\u7968<\/a><\/div>\n<\/div>\n\n\n\n<p><\/p>\n\n\n\n<p class=\"has-text-align-center has-medium-font-size\"><strong><span style=\"text-decoration: underline;\">S\u00e9ance 01<\/span><\/strong><\/p>\n\n\n\n<div class=\"wp-block-columns is-layout-flex wp-container-core-columns-layout-6 wp-block-columns-is-layout-flex\">\n<div class=\"wp-block-column is-layout-flow wp-block-column-is-layout-flow\">\n<p class=\"has-text-align-center\"><strong>Jeudi 26 septembre \u00e0 19h45 au<\/strong> <strong>STUDIO DES URSULINES<\/strong><br>10 rue des Ursulines, 75005 Paris<\/p>\n<\/div>\n\n\n\n<div class=\"wp-block-column is-layout-flow wp-block-column-is-layout-flow\">\n<p class=\"has-text-align-center\"><strong>Vendredi 27 septembre \u00e0 <strong>20h<\/strong>45 au <strong><strong>CIN\u00c9MA<\/strong><\/strong> LUMI\u00c8RE FOURMI<\/strong><br>68 rue Pierre Corneille, 69003 Lyon<\/p>\n\n\n\n<p class=\"has-text-align-center\"><strong>Jeudi 03 octobre \u00e0 <strong>19h30<\/strong> \u4e8e<\/strong><br><strong><strong><strong><strong><strong><strong>CIN\u00c9MA<\/strong><\/strong> LES ALIZ\u00c9S<\/strong><\/strong><\/strong><\/strong><br>214 avenue Franklin Roosevelt, 69500 Bron<\/p>\n<\/div>\n<\/div>\n\n\n\n<div class=\"wp-block-cover is-light\" style=\"min-height:349px\"><span aria-hidden=\"true\" class=\"wp-block-cover__background has-white-background-color has-background-dim\"><\/span><div class=\"wp-block-cover__inner-container is-layout-flow wp-block-cover-is-layout-flow\">\n<div class=\"wp-block-group is-layout-flow wp-block-group-is-layout-flow\"><div class=\"wp-block-group__inner-container\">\n<figure class=\"wp-block-image size-large\"><img loading=\"lazy\" decoding=\"async\" width=\"1024\" height=\"341\" src=\"https:\/\/www.allersretoursasso.fr\/wp-content\/uploads\/2024\/09\/Twitter-1024x341.png\" alt=\"\" class=\"wp-image-5396\" srcset=\"https:\/\/www.allersretoursasso.fr\/wp-content\/uploads\/2024\/09\/Twitter-1024x341.png 1024w, https:\/\/www.allersretoursasso.fr\/wp-content\/uploads\/2024\/09\/Twitter-300x100.png 300w, https:\/\/www.allersretoursasso.fr\/wp-content\/uploads\/2024\/09\/Twitter-768x256.png 768w, https:\/\/www.allersretoursasso.fr\/wp-content\/uploads\/2024\/09\/Twitter-1536x512.png 1536w, https:\/\/www.allersretoursasso.fr\/wp-content\/uploads\/2024\/09\/Twitter-2048x683.png 2048w, https:\/\/www.allersretoursasso.fr\/wp-content\/uploads\/2024\/09\/Twitter-18x6.png 18w, https:\/\/www.allersretoursasso.fr\/wp-content\/uploads\/2024\/09\/Twitter-350x117.png 350w\" sizes=\"(max-width: 767px) 89vw, (max-width: 1000px) 54vw, (max-width: 1071px) 543px, 580px\" \/><\/figure>\n<\/div><\/div>\n<\/div><\/div>\n\n\n\n<div class=\"wp-block-group is-layout-flow wp-block-group-is-layout-flow\"><div class=\"wp-block-group__inner-container\">\n<p class=\"has-text-align-center\" style=\"font-size:15px\"><\/p>\n<\/div><\/div>\n\n\n\n<p class=\"has-text-align-center has-white-color has-text-color\" style=\"font-size:15px\"> 19h45 aux Ursuline<\/p>\n\n\n\n<p class=\"has-text-align-center has-white-color has-text-color\" style=\"font-size:15px\">06 octobre \u00e0 19h45 aux Ursulines<\/p>","protected":false},"excerpt":{"rendered":"<p>2023 \/ 15\u2019 \/ Mandarin, Anglais \/ VOSTF \/ Fiction 2023 \/ 15\u2019 \/ \u666e\u901a\u8bdd\u3001\u82f1\u8bed \/ \u539f\u58f0\u6cd5\u8bed\u5b57\u5e55 \/ \u5267\u60c5 Pendant sa f\u00eate d\u2019anniversaire, une chinoise qui vient de s\u2019installer aux \u00c9tats-Unis pour rejoindre sa fille essaie de prot\u00e9ger les secrets de cette derni\u00e8re. \u521a\u642c\u5230\u7f8e\u56fd\u4e0d\u4e45\u4e0e\u5973\u513fJane\u540c\u4f4f\u7684\u73b2\uff0c\u5728\u751f\u65e5\u5f53\u5929\u9080\u8bf7\u4e86\u5979\u6559\u4f1a\u7684\u65b0\u670b\u53cb\u6765\u5bb6\u91cc\u805a\u4f1a\u3002\u5973\u513f\u7684\u201c\u5ba4\u53cb\u201dBriana\u5728\u534a\u63a8\u534a\u5c31\u4e2d\u4e0e\u5bbe\u5ba2\u89c1\u9762\u3002\u5728\u770b\u4f3c\u5bb6\u5e38\u7684\u5bf9\u8bdd\u91cc\uff0c\u6bcd\u5973\u4e09\u4eba\u5404\u81ea\u627f\u53d7\u7740\u96be\u4ee5\u5bdf\u89c9\u7684\u538b\u529b\u3002 000000 \u00c0 propos d&#8217;Amie SONG\/ \u5173\u4e8e\u5b8b\u4e00\u6960 Install\u00e9e \u00e0 New York, Amie &hellip; <\/p>\n<p class=\"link-more\"><a href=\"https:\/\/www.allersretoursasso.fr\/zh\/coming-of-age-2024-three\/\" class=\"more-link\">\u7ee7\u7eed\u9605\u8bfb<span class=\"screen-reader-text\">\u201cComing of Age 2024  &#8211; Three\u201d<\/span><\/a><\/p>","protected":false},"author":17,"featured_media":0,"parent":0,"menu_order":0,"comment_status":"closed","ping_status":"closed","template":"","meta":{"footnotes":""},"_links":{"self":[{"href":"https:\/\/www.allersretoursasso.fr\/zh\/wp-json\/wp\/v2\/pages\/5137"}],"collection":[{"href":"https:\/\/www.allersretoursasso.fr\/zh\/wp-json\/wp\/v2\/pages"}],"about":[{"href":"https:\/\/www.allersretoursasso.fr\/zh\/wp-json\/wp\/v2\/types\/page"}],"author":[{"embeddable":true,"href":"https:\/\/www.allersretoursasso.fr\/zh\/wp-json\/wp\/v2\/users\/17"}],"replies":[{"embeddable":true,"href":"https:\/\/www.allersretoursasso.fr\/zh\/wp-json\/wp\/v2\/comments?post=5137"}],"version-history":[{"count":5,"href":"https:\/\/www.allersretoursasso.fr\/zh\/wp-json\/wp\/v2\/pages\/5137\/revisions"}],"predecessor-version":[{"id":5398,"href":"https:\/\/www.allersretoursasso.fr\/zh\/wp-json\/wp\/v2\/pages\/5137\/revisions\/5398"}],"wp:attachment":[{"href":"https:\/\/www.allersretoursasso.fr\/zh\/wp-json\/wp\/v2\/media?parent=5137"}],"curies":[{"name":"wp","href":"https:\/\/api.w.org\/{rel}","templated":true}]}}