{"id":5167,"date":"2024-08-22T09:41:26","date_gmt":"2024-08-22T07:41:26","guid":{"rendered":"https:\/\/www.allersretoursasso.fr\/?page_id=5167"},"modified":"2024-09-17T23:45:38","modified_gmt":"2024-09-17T21:45:38","slug":"coming-of-age-2024-the-moon-also-rises","status":"publish","type":"page","link":"https:\/\/www.allersretoursasso.fr\/zh\/coming-of-age-2024-the-moon-also-rises\/","title":{"rendered":"Coming of Age 2024  &#8211; The Moon Also Rises"},"content":{"rendered":"<div id=\"fb-root\"><\/div>\n\n<div class=\"wp-block-media-text alignwide is-stacked-on-mobile\" style=\"grid-template-columns:41% auto\"><figure class=\"wp-block-media-text__media\"><img loading=\"lazy\" decoding=\"async\" width=\"723\" height=\"1024\" src=\"https:\/\/www.allersretoursasso.fr\/wp-content\/uploads\/2024\/08\/05-The-Moon-Also-Rises-\u6708\u4eae\u7167\u5e38\u5347\u8d77-1-723x1024.jpeg\" alt=\"\" class=\"wp-image-5192 size-full\" srcset=\"https:\/\/www.allersretoursasso.fr\/wp-content\/uploads\/2024\/08\/05-The-Moon-Also-Rises-\u6708\u4eae\u7167\u5e38\u5347\u8d77-1-723x1024.jpeg 723w, https:\/\/www.allersretoursasso.fr\/wp-content\/uploads\/2024\/08\/05-The-Moon-Also-Rises-\u6708\u4eae\u7167\u5e38\u5347\u8d77-1-212x300.jpeg 212w, https:\/\/www.allersretoursasso.fr\/wp-content\/uploads\/2024\/08\/05-The-Moon-Also-Rises-\u6708\u4eae\u7167\u5e38\u5347\u8d77-1-768x1087.jpeg 768w, https:\/\/www.allersretoursasso.fr\/wp-content\/uploads\/2024\/08\/05-The-Moon-Also-Rises-\u6708\u4eae\u7167\u5e38\u5347\u8d77-1-1085x1536.jpeg 1085w, https:\/\/www.allersretoursasso.fr\/wp-content\/uploads\/2024\/08\/05-The-Moon-Also-Rises-\u6708\u4eae\u7167\u5e38\u5347\u8d77-1-1446x2048.jpeg 1446w, https:\/\/www.allersretoursasso.fr\/wp-content\/uploads\/2024\/08\/05-The-Moon-Also-Rises-\u6708\u4eae\u7167\u5e38\u5347\u8d77-1-8x12.jpeg 8w, https:\/\/www.allersretoursasso.fr\/wp-content\/uploads\/2024\/08\/05-The-Moon-Also-Rises-\u6708\u4eae\u7167\u5e38\u5347\u8d77-1-350x496.jpeg 350w, https:\/\/www.allersretoursasso.fr\/wp-content\/uploads\/2024\/08\/05-The-Moon-Also-Rises-\u6708\u4eae\u7167\u5e38\u5347\u8d77-1-scaled.jpeg 1808w\" sizes=\"(max-width: 723px) 100vw, 723px\" \/><\/figure><div class=\"wp-block-media-text__content\">\n<div class=\"wp-block-group is-layout-flow wp-block-group-is-layout-flow\"><div class=\"wp-block-group__inner-container\">\n<div class=\"wp-block-group is-vertical is-layout-flex wp-container-core-group-layout-4 wp-block-group-is-layout-flex\">\n<div class=\"wp-block-group is-layout-flow wp-block-group-is-layout-flow\"><div class=\"wp-block-group__inner-container\">\n<div class=\"wp-block-group is-layout-flow wp-block-group-is-layout-flow\"><div class=\"wp-block-group__inner-container\">\n<div class=\"wp-block-group is-layout-flow wp-block-group-is-layout-flow\"><div class=\"wp-block-group__inner-container\">\n<p><\/p>\n\n\n\n<p style=\"font-size:30px;font-style:normal;font-weight:500\"><strong><em>The Moon Also Rises<\/em><\/strong><\/p>\n\n\n\n<p style=\"font-size:30px;font-style:normal;font-weight:500\">\u6708\u4eae\u7167\u5e38\u5347\u8d77<\/p>\n\n\n\n<p class=\"has-medium-font-size\">WANG Yuyan<\/p>\n\n\n\n<p class=\"has-medium-font-size\">\u738b\u88d5\u8a00<\/p>\n\n\n\n<p class=\"has-small-font-size\"><a href=\"https:\/\/www.allersretoursasso.fr\/zh\/coming-of-age-2024\/\" target=\"_blank\" rel=\"noreferrer noopener\">\u00c9dition : Coming of Age 2024<\/a><\/p>\n\n\n\n<p style=\"font-size:10px\"><\/p>\n<\/div><\/div>\n<\/div><\/div>\n<\/div><\/div>\n<\/div>\n<\/div><\/div>\n<\/div><\/div>\n\n\n\n<p class=\"has-text-align-center has-small-font-size\"><em>2024 \/ 23&#8242; \/ Mandarin \/ VOSTF \/ Documentaire exp\u00e9rimental<\/em><\/p>\n\n\n\n<p class=\"has-text-align-center has-small-font-size\"><em>2024 \/ 23&#8242; \/ \u666e\u901a\u8bdd \/ \u539f\u58f0\u6cd5\u8bed\u5b57\u5e55 \/ \u5b9e\u9a8c\u7eaa\u5f55\u7247<\/em><\/p>\n\n\n\n<p>Des lunes artificielles sont lanc\u00e9es dans l&#8217;espace. Durant la nuit, dans un appartement aux lumi\u00e8res tamis\u00e9es, un couple de retrait\u00e9s est berc\u00e9 par le commentaire \u00e0 la t\u00e9l\u00e9vision de cet \u00e9v\u00e9nement extraordinaire, et se retrouve plong\u00e9 dans une douce somnolence\u2026<\/p>\n\n\n\n<p>\u5c31\u5728\u4eba\u9020\u6708\u4eae\u5373\u5c06\u53d1\u5c04\u5347\u7a7a\u4e4b\u9645\uff0c\u4e00\u5bf9\u9000\u4f11\u592b\u5987\u5728\u4ed6\u4eec\u9ed1\u6697\u7684\u623f\u95f4\u5185\uff0c\u5c1d\u8bd5\u8ffd\u8d76\u4e0a\u73b0\u4ee3\u6027\u7684\u8282\u594f\u3002<\/p>\n\n\n\n<p><mark style=\"background-color:rgba(0, 0, 0, 0)\" class=\"has-inline-color has-white-color\">000000<\/mark><\/p>\n\n\n\n<figure class=\"wp-block-gallery has-nested-images columns-default is-cropped wp-block-gallery-1 is-layout-flex wp-block-gallery-is-layout-flex\">\n<figure class=\"wp-block-image size-large\"><img loading=\"lazy\" decoding=\"async\" width=\"1024\" height=\"580\" data-id=\"5197\" src=\"https:\/\/www.allersretoursasso.fr\/wp-content\/uploads\/2024\/08\/05-The-Moon-Also-Rises-\u6708\u4eae\u7167\u5e38\u5347\u8d7702-1024x580.jpg\" alt=\"\" class=\"wp-image-5197\" srcset=\"https:\/\/www.allersretoursasso.fr\/wp-content\/uploads\/2024\/08\/05-The-Moon-Also-Rises-\u6708\u4eae\u7167\u5e38\u5347\u8d7702-1024x580.jpg 1024w, https:\/\/www.allersretoursasso.fr\/wp-content\/uploads\/2024\/08\/05-The-Moon-Also-Rises-\u6708\u4eae\u7167\u5e38\u5347\u8d7702-300x170.jpg 300w, https:\/\/www.allersretoursasso.fr\/wp-content\/uploads\/2024\/08\/05-The-Moon-Also-Rises-\u6708\u4eae\u7167\u5e38\u5347\u8d7702-768x435.jpg 768w, https:\/\/www.allersretoursasso.fr\/wp-content\/uploads\/2024\/08\/05-The-Moon-Also-Rises-\u6708\u4eae\u7167\u5e38\u5347\u8d7702-1536x870.jpg 1536w, https:\/\/www.allersretoursasso.fr\/wp-content\/uploads\/2024\/08\/05-The-Moon-Also-Rises-\u6708\u4eae\u7167\u5e38\u5347\u8d7702-2048x1161.jpg 2048w, https:\/\/www.allersretoursasso.fr\/wp-content\/uploads\/2024\/08\/05-The-Moon-Also-Rises-\u6708\u4eae\u7167\u5e38\u5347\u8d7702-18x10.jpg 18w, https:\/\/www.allersretoursasso.fr\/wp-content\/uploads\/2024\/08\/05-The-Moon-Also-Rises-\u6708\u4eae\u7167\u5e38\u5347\u8d7702-350x198.jpg 350w\" sizes=\"(max-width: 767px) 89vw, (max-width: 1000px) 54vw, (max-width: 1071px) 543px, 580px\" \/><\/figure>\n\n\n\n<figure class=\"wp-block-image size-large\"><img loading=\"lazy\" decoding=\"async\" width=\"1024\" height=\"576\" data-id=\"5196\" src=\"https:\/\/www.allersretoursasso.fr\/wp-content\/uploads\/2024\/08\/05-The-Moon-Also-Rises-\u6708\u4eae\u7167\u5e38\u5347\u8d7701-1024x576.jpg\" alt=\"\" class=\"wp-image-5196\" srcset=\"https:\/\/www.allersretoursasso.fr\/wp-content\/uploads\/2024\/08\/05-The-Moon-Also-Rises-\u6708\u4eae\u7167\u5e38\u5347\u8d7701-1024x576.jpg 1024w, https:\/\/www.allersretoursasso.fr\/wp-content\/uploads\/2024\/08\/05-The-Moon-Also-Rises-\u6708\u4eae\u7167\u5e38\u5347\u8d7701-300x169.jpg 300w, https:\/\/www.allersretoursasso.fr\/wp-content\/uploads\/2024\/08\/05-The-Moon-Also-Rises-\u6708\u4eae\u7167\u5e38\u5347\u8d7701-768x432.jpg 768w, https:\/\/www.allersretoursasso.fr\/wp-content\/uploads\/2024\/08\/05-The-Moon-Also-Rises-\u6708\u4eae\u7167\u5e38\u5347\u8d7701-1536x864.jpg 1536w, https:\/\/www.allersretoursasso.fr\/wp-content\/uploads\/2024\/08\/05-The-Moon-Also-Rises-\u6708\u4eae\u7167\u5e38\u5347\u8d7701-18x10.jpg 18w, https:\/\/www.allersretoursasso.fr\/wp-content\/uploads\/2024\/08\/05-The-Moon-Also-Rises-\u6708\u4eae\u7167\u5e38\u5347\u8d7701-350x197.jpg 350w, https:\/\/www.allersretoursasso.fr\/wp-content\/uploads\/2024\/08\/05-The-Moon-Also-Rises-\u6708\u4eae\u7167\u5e38\u5347\u8d7701.jpg 1920w\" sizes=\"(max-width: 767px) 89vw, (max-width: 1000px) 54vw, (max-width: 1071px) 543px, 580px\" \/><\/figure>\n<\/figure>\n\n\n\n<figure class=\"wp-block-gallery has-nested-images columns-default is-cropped wp-block-gallery-2 is-layout-flex wp-block-gallery-is-layout-flex\">\n<figure class=\"wp-block-image size-large\"><img loading=\"lazy\" decoding=\"async\" width=\"1024\" height=\"576\" data-id=\"5202\" src=\"https:\/\/www.allersretoursasso.fr\/wp-content\/uploads\/2024\/08\/05-The-Moon-Also-Rises-\u6708\u4eae\u7167\u5e38\u5347\u8d7707-1024x576.jpg\" alt=\"\" class=\"wp-image-5202\" srcset=\"https:\/\/www.allersretoursasso.fr\/wp-content\/uploads\/2024\/08\/05-The-Moon-Also-Rises-\u6708\u4eae\u7167\u5e38\u5347\u8d7707-1024x576.jpg 1024w, https:\/\/www.allersretoursasso.fr\/wp-content\/uploads\/2024\/08\/05-The-Moon-Also-Rises-\u6708\u4eae\u7167\u5e38\u5347\u8d7707-300x169.jpg 300w, https:\/\/www.allersretoursasso.fr\/wp-content\/uploads\/2024\/08\/05-The-Moon-Also-Rises-\u6708\u4eae\u7167\u5e38\u5347\u8d7707-768x432.jpg 768w, https:\/\/www.allersretoursasso.fr\/wp-content\/uploads\/2024\/08\/05-The-Moon-Also-Rises-\u6708\u4eae\u7167\u5e38\u5347\u8d7707-1536x864.jpg 1536w, https:\/\/www.allersretoursasso.fr\/wp-content\/uploads\/2024\/08\/05-The-Moon-Also-Rises-\u6708\u4eae\u7167\u5e38\u5347\u8d7707-18x10.jpg 18w, https:\/\/www.allersretoursasso.fr\/wp-content\/uploads\/2024\/08\/05-The-Moon-Also-Rises-\u6708\u4eae\u7167\u5e38\u5347\u8d7707-350x197.jpg 350w, https:\/\/www.allersretoursasso.fr\/wp-content\/uploads\/2024\/08\/05-The-Moon-Also-Rises-\u6708\u4eae\u7167\u5e38\u5347\u8d7707.jpg 1920w\" sizes=\"(max-width: 767px) 89vw, (max-width: 1000px) 54vw, (max-width: 1071px) 543px, 580px\" \/><\/figure>\n\n\n\n<figure class=\"wp-block-image size-large\"><img loading=\"lazy\" decoding=\"async\" width=\"1024\" height=\"576\" data-id=\"5201\" src=\"https:\/\/www.allersretoursasso.fr\/wp-content\/uploads\/2024\/08\/05-The-Moon-Also-Rises-\u6708\u4eae\u7167\u5e38\u5347\u8d7706-1024x576.jpg\" alt=\"\" class=\"wp-image-5201\" srcset=\"https:\/\/www.allersretoursasso.fr\/wp-content\/uploads\/2024\/08\/05-The-Moon-Also-Rises-\u6708\u4eae\u7167\u5e38\u5347\u8d7706-1024x576.jpg 1024w, https:\/\/www.allersretoursasso.fr\/wp-content\/uploads\/2024\/08\/05-The-Moon-Also-Rises-\u6708\u4eae\u7167\u5e38\u5347\u8d7706-300x169.jpg 300w, https:\/\/www.allersretoursasso.fr\/wp-content\/uploads\/2024\/08\/05-The-Moon-Also-Rises-\u6708\u4eae\u7167\u5e38\u5347\u8d7706-768x432.jpg 768w, https:\/\/www.allersretoursasso.fr\/wp-content\/uploads\/2024\/08\/05-The-Moon-Also-Rises-\u6708\u4eae\u7167\u5e38\u5347\u8d7706-1536x864.jpg 1536w, https:\/\/www.allersretoursasso.fr\/wp-content\/uploads\/2024\/08\/05-The-Moon-Also-Rises-\u6708\u4eae\u7167\u5e38\u5347\u8d7706-18x10.jpg 18w, https:\/\/www.allersretoursasso.fr\/wp-content\/uploads\/2024\/08\/05-The-Moon-Also-Rises-\u6708\u4eae\u7167\u5e38\u5347\u8d7706-350x197.jpg 350w, https:\/\/www.allersretoursasso.fr\/wp-content\/uploads\/2024\/08\/05-The-Moon-Also-Rises-\u6708\u4eae\u7167\u5e38\u5347\u8d7706.jpg 1920w\" sizes=\"(max-width: 767px) 89vw, (max-width: 1000px) 54vw, (max-width: 1071px) 543px, 580px\" \/><\/figure>\n\n\n\n<figure class=\"wp-block-image size-large\"><img loading=\"lazy\" decoding=\"async\" width=\"1024\" height=\"578\" data-id=\"5200\" src=\"https:\/\/www.allersretoursasso.fr\/wp-content\/uploads\/2024\/08\/05-The-Moon-Also-Rises-\u6708\u4eae\u7167\u5e38\u5347\u8d7705-1024x578.jpg\" alt=\"\" class=\"wp-image-5200\" srcset=\"https:\/\/www.allersretoursasso.fr\/wp-content\/uploads\/2024\/08\/05-The-Moon-Also-Rises-\u6708\u4eae\u7167\u5e38\u5347\u8d7705-1024x578.jpg 1024w, https:\/\/www.allersretoursasso.fr\/wp-content\/uploads\/2024\/08\/05-The-Moon-Also-Rises-\u6708\u4eae\u7167\u5e38\u5347\u8d7705-300x169.jpg 300w, https:\/\/www.allersretoursasso.fr\/wp-content\/uploads\/2024\/08\/05-The-Moon-Also-Rises-\u6708\u4eae\u7167\u5e38\u5347\u8d7705-768x433.jpg 768w, https:\/\/www.allersretoursasso.fr\/wp-content\/uploads\/2024\/08\/05-The-Moon-Also-Rises-\u6708\u4eae\u7167\u5e38\u5347\u8d7705-1536x866.jpg 1536w, https:\/\/www.allersretoursasso.fr\/wp-content\/uploads\/2024\/08\/05-The-Moon-Also-Rises-\u6708\u4eae\u7167\u5e38\u5347\u8d7705-2048x1155.jpg 2048w, https:\/\/www.allersretoursasso.fr\/wp-content\/uploads\/2024\/08\/05-The-Moon-Also-Rises-\u6708\u4eae\u7167\u5e38\u5347\u8d7705-18x10.jpg 18w, https:\/\/www.allersretoursasso.fr\/wp-content\/uploads\/2024\/08\/05-The-Moon-Also-Rises-\u6708\u4eae\u7167\u5e38\u5347\u8d7705-350x197.jpg 350w\" sizes=\"(max-width: 767px) 89vw, (max-width: 1000px) 54vw, (max-width: 1071px) 543px, 580px\" \/><\/figure>\n<\/figure>\n\n\n\n<figure class=\"wp-block-gallery has-nested-images columns-default is-cropped wp-block-gallery-3 is-layout-flex wp-block-gallery-is-layout-flex\">\n<figure class=\"wp-block-image size-large\"><img loading=\"lazy\" decoding=\"async\" width=\"1024\" height=\"576\" data-id=\"5199\" src=\"https:\/\/www.allersretoursasso.fr\/wp-content\/uploads\/2024\/08\/05-The-Moon-Also-Rises-\u6708\u4eae\u7167\u5e38\u5347\u8d7704-1024x576.jpg\" alt=\"\" class=\"wp-image-5199\" srcset=\"https:\/\/www.allersretoursasso.fr\/wp-content\/uploads\/2024\/08\/05-The-Moon-Also-Rises-\u6708\u4eae\u7167\u5e38\u5347\u8d7704-1024x576.jpg 1024w, https:\/\/www.allersretoursasso.fr\/wp-content\/uploads\/2024\/08\/05-The-Moon-Also-Rises-\u6708\u4eae\u7167\u5e38\u5347\u8d7704-300x169.jpg 300w, https:\/\/www.allersretoursasso.fr\/wp-content\/uploads\/2024\/08\/05-The-Moon-Also-Rises-\u6708\u4eae\u7167\u5e38\u5347\u8d7704-768x432.jpg 768w, https:\/\/www.allersretoursasso.fr\/wp-content\/uploads\/2024\/08\/05-The-Moon-Also-Rises-\u6708\u4eae\u7167\u5e38\u5347\u8d7704-1536x864.jpg 1536w, https:\/\/www.allersretoursasso.fr\/wp-content\/uploads\/2024\/08\/05-The-Moon-Also-Rises-\u6708\u4eae\u7167\u5e38\u5347\u8d7704-18x10.jpg 18w, https:\/\/www.allersretoursasso.fr\/wp-content\/uploads\/2024\/08\/05-The-Moon-Also-Rises-\u6708\u4eae\u7167\u5e38\u5347\u8d7704-350x197.jpg 350w, https:\/\/www.allersretoursasso.fr\/wp-content\/uploads\/2024\/08\/05-The-Moon-Also-Rises-\u6708\u4eae\u7167\u5e38\u5347\u8d7704.jpg 1920w\" sizes=\"(max-width: 767px) 89vw, (max-width: 1000px) 54vw, (max-width: 1071px) 543px, 580px\" \/><\/figure>\n\n\n\n<figure class=\"wp-block-image size-large\"><img loading=\"lazy\" decoding=\"async\" width=\"1024\" height=\"579\" data-id=\"5198\" src=\"https:\/\/www.allersretoursasso.fr\/wp-content\/uploads\/2024\/08\/05-The-Moon-Also-Rises-\u6708\u4eae\u7167\u5e38\u5347\u8d7703-1024x579.jpg\" alt=\"\" class=\"wp-image-5198\" srcset=\"https:\/\/www.allersretoursasso.fr\/wp-content\/uploads\/2024\/08\/05-The-Moon-Also-Rises-\u6708\u4eae\u7167\u5e38\u5347\u8d7703-1024x579.jpg 1024w, https:\/\/www.allersretoursasso.fr\/wp-content\/uploads\/2024\/08\/05-The-Moon-Also-Rises-\u6708\u4eae\u7167\u5e38\u5347\u8d7703-300x170.jpg 300w, https:\/\/www.allersretoursasso.fr\/wp-content\/uploads\/2024\/08\/05-The-Moon-Also-Rises-\u6708\u4eae\u7167\u5e38\u5347\u8d7703-768x434.jpg 768w, https:\/\/www.allersretoursasso.fr\/wp-content\/uploads\/2024\/08\/05-The-Moon-Also-Rises-\u6708\u4eae\u7167\u5e38\u5347\u8d7703-1536x869.jpg 1536w, https:\/\/www.allersretoursasso.fr\/wp-content\/uploads\/2024\/08\/05-The-Moon-Also-Rises-\u6708\u4eae\u7167\u5e38\u5347\u8d7703-2048x1158.jpg 2048w, https:\/\/www.allersretoursasso.fr\/wp-content\/uploads\/2024\/08\/05-The-Moon-Also-Rises-\u6708\u4eae\u7167\u5e38\u5347\u8d7703-18x10.jpg 18w, https:\/\/www.allersretoursasso.fr\/wp-content\/uploads\/2024\/08\/05-The-Moon-Also-Rises-\u6708\u4eae\u7167\u5e38\u5347\u8d7703-350x198.jpg 350w\" sizes=\"(max-width: 767px) 89vw, (max-width: 1000px) 54vw, (max-width: 1071px) 543px, 580px\" \/><\/figure>\n<\/figure>\n\n\n\n<figure class=\"wp-block-embed is-type-video is-provider-youtube wp-block-embed-youtube wp-embed-aspect-16-9 wp-has-aspect-ratio\"><div class=\"wp-block-embed__wrapper\">\n<iframe loading=\"lazy\" title=\"The Moon Also Rises \u6708\u4eae\u7167\u5e38\u5347\u8d77\" width=\"525\" height=\"295\" src=\"https:\/\/www.youtube.com\/embed\/VkuWdNaZ7sw?list=PLJFZYepUmhVL92KkJ4jvQ-_BGo0HTbLpP\" frameborder=\"0\" allow=\"accelerometer; autoplay; clipboard-write; encrypted-media; gyroscope; picture-in-picture; web-share\" referrerpolicy=\"strict-origin-when-cross-origin\" allowfullscreen><\/iframe>\n<\/div><\/figure>\n\n\n\n<p><\/p>\n\n\n\n<hr class=\"wp-block-separator has-alpha-channel-opacity\"\/>\n\n\n\n<div class=\"wp-block-columns is-layout-flex wp-container-core-columns-layout-1 wp-block-columns-is-layout-flex\">\n<div class=\"wp-block-column is-layout-flow wp-block-column-is-layout-flow\"><\/div>\n<\/div>\n\n\n\n<div class=\"wp-block-columns is-layout-flex wp-container-core-columns-layout-2 wp-block-columns-is-layout-flex\">\n<div class=\"wp-block-column is-layout-flow wp-block-column-is-layout-flow\" style=\"flex-basis:33.33%\">\n<figure class=\"wp-block-image size-full\"><img loading=\"lazy\" decoding=\"async\" width=\"1482\" height=\"1482\" src=\"https:\/\/www.allersretoursasso.fr\/wp-content\/uploads\/2024\/08\/05-WANG-Yuyan-edited.jpeg\" alt=\"\" class=\"wp-image-5274\" srcset=\"https:\/\/www.allersretoursasso.fr\/wp-content\/uploads\/2024\/08\/05-WANG-Yuyan-edited.jpeg 1482w, https:\/\/www.allersretoursasso.fr\/wp-content\/uploads\/2024\/08\/05-WANG-Yuyan-edited-300x300.jpeg 300w, https:\/\/www.allersretoursasso.fr\/wp-content\/uploads\/2024\/08\/05-WANG-Yuyan-edited-1024x1024.jpeg 1024w, https:\/\/www.allersretoursasso.fr\/wp-content\/uploads\/2024\/08\/05-WANG-Yuyan-edited-150x150.jpeg 150w, https:\/\/www.allersretoursasso.fr\/wp-content\/uploads\/2024\/08\/05-WANG-Yuyan-edited-768x768.jpeg 768w, https:\/\/www.allersretoursasso.fr\/wp-content\/uploads\/2024\/08\/05-WANG-Yuyan-edited-12x12.jpeg 12w, https:\/\/www.allersretoursasso.fr\/wp-content\/uploads\/2024\/08\/05-WANG-Yuyan-edited-100x100.jpeg 100w, https:\/\/www.allersretoursasso.fr\/wp-content\/uploads\/2024\/08\/05-WANG-Yuyan-edited-350x350.jpeg 350w\" sizes=\"(max-width: 767px) 89vw, (max-width: 1000px) 54vw, (max-width: 1071px) 543px, 580px\" \/><\/figure>\n<\/div>\n\n\n\n<div class=\"wp-block-column is-layout-flow wp-block-column-is-layout-flow\" style=\"flex-basis:66.66%\">\n<p><strong>\u00c0 propos de WANG Yuyan<br>\/ \u5173\u4e8e\u738b\u88d5\u8a00<\/strong><\/p>\n\n\n\n<p class=\"has-small-font-size\"><\/p>\n<\/div>\n<\/div>\n\n\n\n<p class=\"has-small-font-size\"><\/p>\n\n\n\n<p class=\"has-small-font-size\">WANG Yuyan, n\u00e9e en 1989, est une cin\u00e9aste et artiste multidisciplinaire. Son travail se focalise sur l&#8217;impact de la cr\u00e9ation des images dans les m\u00e9dias et questionne l&#8217;\u00e9conomie de l&#8217;attention. <em>One Thousand and One Attempts to Be an Ocean<\/em>, son court-m\u00e9trage de 2021, a \u00e9t\u00e9 remarqu\u00e9 dans les festivals internationaux. Ses \u0153uvres ont \u00e9t\u00e9 diffus\u00e9es dans le monde entier.<\/p>\n\n\n\n<p class=\"has-small-font-size\">\u738b\u88d5\u8a00\u662f\u4e00\u4f4d\u5bfc\u6f14\u548c\u591a\u5a92\u4ecb\u827a\u672f\u5bb6\u3002\u5176\u4f5c\u54c1\u5173\u6ce8\u5a92\u4f53\u4e0e\u6ce8\u610f\u529b\u7ecf\u6d4e\u5bf9\u56fe\u50cf\u521b\u4f5c\u7684\u5f71\u54cd\u3002\u901a\u8fc7\u89e3\u6784\u548c\u91cd\u6784\u73b0\u6210\u6750\u6599\u7684\u56fa\u6709\u542b\u4e49\uff0c\u5979\u63a2\u8ba8\u56fe\u50cf\u5de5\u4e1a\u751f\u4ea7\u94fe\u6761\u4e2d\u4e0d\u65ad\u7684\u53d8\u5f02\uff0c\u76f4\u5230\u5bf9\u73b0\u5b9e\u7684\u62bd\u8c61\u5316\u3002\u5979\u7684\u4f5c\u54c1\u5728\u4e16\u754c\u591a\u4e2a\u7f8e\u672f\u9986\u548c\u5f71\u5c55\u5c55\u51fa\u653e\u6620\u5e76\u591a\u6b21\u83b7\u5956\u3002<\/p>\n\n\n\n<hr class=\"wp-block-separator has-alpha-channel-opacity is-style-wide\"\/>\n\n\n\n<div class=\"wp-block-buttons is-content-justification-center is-layout-flex wp-container-core-buttons-layout-1 wp-block-buttons-is-layout-flex\">\n<div class=\"wp-block-button has-custom-width wp-block-button__width-75 has-custom-font-size is-style-outline\" style=\"font-size:16px\"><a class=\"wp-block-button__link has-black-color has-white-background-color has-text-color has-background wp-element-button\" href=\"https:\/\/www.billetweb.fr\/coa2024-allersretours\">\u8d2d\u7968\u94fe\u63a5<br>\u7ebf\u4e0a\u8d2d\u7968<\/a><\/div>\n<\/div>\n\n\n\n<p><\/p>\n\n\n\n<p class=\"has-text-align-center has-medium-font-size\"><strong><span style=\"text-decoration: underline;\">S\u00e9ance 03<\/span><\/strong><\/p>\n\n\n\n<div class=\"wp-block-columns is-layout-flex wp-container-core-columns-layout-3 wp-block-columns-is-layout-flex\">\n<div class=\"wp-block-column is-layout-flow wp-block-column-is-layout-flow\">\n<p class=\"has-text-align-center\"><strong>Jeudi 03 octobre \u00e0 19h45 au PATH<strong>\u00c9<\/strong> LES FAUVETTES<\/strong><br>58 Av. des Gobelins, 75013 Paris<\/p>\n<\/div>\n\n\n\n<div class=\"wp-block-column is-layout-flow wp-block-column-is-layout-flow\">\n<p class=\"has-text-align-center\"><strong>Dimanche 29 septembre \u00e0 <strong>15h<\/strong>00 au <strong>CIN\u00c9MA<\/strong> LUMI\u00c8RE FOURMI<\/strong><br>68 rue Pierre Corneille, 69003 Lyon<br><br><strong>Samedi 05 octobre \u00e0 <strong>16h00<\/strong> \u4e8e<\/strong><br><strong><strong>CIN\u00c9MA LES ALIZ\u00c9S<\/strong><\/strong><br>214 avenue Franklin Roosevelt, 69500 Bron<\/p>\n<\/div>\n<\/div>\n\n\n\n<div class=\"wp-block-cover is-light\" style=\"min-height:349px\"><span aria-hidden=\"true\" class=\"wp-block-cover__background has-white-background-color has-background-dim\"><\/span><div class=\"wp-block-cover__inner-container is-layout-flow wp-block-cover-is-layout-flow\">\n<div class=\"wp-block-group is-layout-flow wp-block-group-is-layout-flow\"><div class=\"wp-block-group__inner-container\">\n<figure class=\"wp-block-image size-large\"><img loading=\"lazy\" decoding=\"async\" width=\"1024\" height=\"341\" src=\"https:\/\/www.allersretoursasso.fr\/wp-content\/uploads\/2024\/09\/Twitter-1024x341.png\" alt=\"\" class=\"wp-image-5396\" srcset=\"https:\/\/www.allersretoursasso.fr\/wp-content\/uploads\/2024\/09\/Twitter-1024x341.png 1024w, https:\/\/www.allersretoursasso.fr\/wp-content\/uploads\/2024\/09\/Twitter-300x100.png 300w, https:\/\/www.allersretoursasso.fr\/wp-content\/uploads\/2024\/09\/Twitter-768x256.png 768w, https:\/\/www.allersretoursasso.fr\/wp-content\/uploads\/2024\/09\/Twitter-1536x512.png 1536w, https:\/\/www.allersretoursasso.fr\/wp-content\/uploads\/2024\/09\/Twitter-2048x683.png 2048w, https:\/\/www.allersretoursasso.fr\/wp-content\/uploads\/2024\/09\/Twitter-18x6.png 18w, https:\/\/www.allersretoursasso.fr\/wp-content\/uploads\/2024\/09\/Twitter-350x117.png 350w\" sizes=\"(max-width: 767px) 89vw, (max-width: 1000px) 54vw, (max-width: 1071px) 543px, 580px\" \/><\/figure>\n<\/div><\/div>\n<\/div><\/div>\n\n\n\n<div class=\"wp-block-group is-layout-flow wp-block-group-is-layout-flow\"><div class=\"wp-block-group__inner-container\">\n<p class=\"has-text-align-center\" style=\"font-size:15px\"><\/p>\n<\/div><\/div>\n\n\n\n<p class=\"has-text-align-center has-white-color has-text-color\" style=\"font-size:15px\"> 19h45 aux Ursuline<\/p>\n\n\n\n<p class=\"has-text-align-center has-white-color has-text-color\" style=\"font-size:15px\">06 octobre \u00e0 19h45 aux Ursulines<\/p>","protected":false},"excerpt":{"rendered":"<p>2024 \/ 23&#8242; \/ Mandarin \/ VOSTF \/ Documentaire exp\u00e9rimental 2024 \/ 23&#8242; \/ \u666e\u901a\u8bdd \/ \u539f\u58f0\u6cd5\u8bed\u5b57\u5e55 \/ \u5b9e\u9a8c\u7eaa\u5f55\u7247 Des lunes artificielles sont lanc\u00e9es dans l&#8217;espace. Durant la nuit, dans un appartement aux lumi\u00e8res tamis\u00e9es, un couple de retrait\u00e9s est berc\u00e9 par le commentaire \u00e0 la t\u00e9l\u00e9vision de cet \u00e9v\u00e9nement extraordinaire, et se retrouve plong\u00e9 &hellip; <\/p>\n<p class=\"link-more\"><a href=\"https:\/\/www.allersretoursasso.fr\/zh\/coming-of-age-2024-the-moon-also-rises\/\" class=\"more-link\">\u7ee7\u7eed\u9605\u8bfb<span class=\"screen-reader-text\">\u201cComing of Age 2024  &#8211; The Moon Also Rises\u201d<\/span><\/a><\/p>","protected":false},"author":19,"featured_media":0,"parent":0,"menu_order":0,"comment_status":"closed","ping_status":"closed","template":"","meta":{"footnotes":""},"_links":{"self":[{"href":"https:\/\/www.allersretoursasso.fr\/zh\/wp-json\/wp\/v2\/pages\/5167"}],"collection":[{"href":"https:\/\/www.allersretoursasso.fr\/zh\/wp-json\/wp\/v2\/pages"}],"about":[{"href":"https:\/\/www.allersretoursasso.fr\/zh\/wp-json\/wp\/v2\/types\/page"}],"author":[{"embeddable":true,"href":"https:\/\/www.allersretoursasso.fr\/zh\/wp-json\/wp\/v2\/users\/19"}],"replies":[{"embeddable":true,"href":"https:\/\/www.allersretoursasso.fr\/zh\/wp-json\/wp\/v2\/comments?post=5167"}],"version-history":[{"count":9,"href":"https:\/\/www.allersretoursasso.fr\/zh\/wp-json\/wp\/v2\/pages\/5167\/revisions"}],"predecessor-version":[{"id":5409,"href":"https:\/\/www.allersretoursasso.fr\/zh\/wp-json\/wp\/v2\/pages\/5167\/revisions\/5409"}],"wp:attachment":[{"href":"https:\/\/www.allersretoursasso.fr\/zh\/wp-json\/wp\/v2\/media?parent=5167"}],"curies":[{"name":"wp","href":"https:\/\/api.w.org\/{rel}","templated":true}]}}