{"id":5181,"date":"2024-08-22T14:48:48","date_gmt":"2024-08-22T12:48:48","guid":{"rendered":"https:\/\/www.allersretoursasso.fr\/?page_id=5181"},"modified":"2024-09-17T23:43:17","modified_gmt":"2024-09-17T21:43:17","slug":"coming-of-age-2024-wild-bird","status":"publish","type":"page","link":"https:\/\/www.allersretoursasso.fr\/zh\/coming-of-age-2024-wild-bird\/","title":{"rendered":"Coming of Age 2024  &#8211; Wild Bird"},"content":{"rendered":"<div id=\"fb-root\"><\/div>\n\n<div class=\"wp-block-media-text alignwide is-stacked-on-mobile\" style=\"grid-template-columns:41% auto\"><figure class=\"wp-block-media-text__media\"><img loading=\"lazy\" decoding=\"async\" width=\"683\" height=\"1024\" src=\"https:\/\/www.allersretoursasso.fr\/wp-content\/uploads\/2024\/08\/1\u3001\u81ea\u7531\u6c38\u6d77\u62a5-683x1024.jpg\" alt=\"\" class=\"wp-image-5165 size-full\" srcset=\"https:\/\/www.allersretoursasso.fr\/wp-content\/uploads\/2024\/08\/1\u3001\u81ea\u7531\u6c38\u6d77\u62a5-683x1024.jpg 683w, https:\/\/www.allersretoursasso.fr\/wp-content\/uploads\/2024\/08\/1\u3001\u81ea\u7531\u6c38\u6d77\u62a5-200x300.jpg 200w, https:\/\/www.allersretoursasso.fr\/wp-content\/uploads\/2024\/08\/1\u3001\u81ea\u7531\u6c38\u6d77\u62a5-768x1152.jpg 768w, https:\/\/www.allersretoursasso.fr\/wp-content\/uploads\/2024\/08\/1\u3001\u81ea\u7531\u6c38\u6d77\u62a5-1024x1536.jpg 1024w, https:\/\/www.allersretoursasso.fr\/wp-content\/uploads\/2024\/08\/1\u3001\u81ea\u7531\u6c38\u6d77\u62a5-1365x2048.jpg 1365w, https:\/\/www.allersretoursasso.fr\/wp-content\/uploads\/2024\/08\/1\u3001\u81ea\u7531\u6c38\u6d77\u62a5-8x12.jpg 8w, https:\/\/www.allersretoursasso.fr\/wp-content\/uploads\/2024\/08\/1\u3001\u81ea\u7531\u6c38\u6d77\u62a5-350x525.jpg 350w, https:\/\/www.allersretoursasso.fr\/wp-content\/uploads\/2024\/08\/1\u3001\u81ea\u7531\u6c38\u6d77\u62a5-scaled.jpg 1707w\" sizes=\"(max-width: 683px) 100vw, 683px\" \/><\/figure><div class=\"wp-block-media-text__content\">\n<div class=\"wp-block-group is-layout-flow wp-block-group-is-layout-flow\"><div class=\"wp-block-group__inner-container\">\n<div class=\"wp-block-group is-vertical is-layout-flex wp-container-core-group-layout-4 wp-block-group-is-layout-flex\">\n<div class=\"wp-block-group is-layout-flow wp-block-group-is-layout-flow\"><div class=\"wp-block-group__inner-container\">\n<div class=\"wp-block-group is-layout-flow wp-block-group-is-layout-flow\"><div class=\"wp-block-group__inner-container\">\n<div class=\"wp-block-group is-layout-flow wp-block-group-is-layout-flow\"><div class=\"wp-block-group__inner-container\">\n<p><\/p>\n\n\n\n<p style=\"font-size:30px;font-style:normal;font-weight:500\"><strong><em>Wild Bird<\/em><\/strong><\/p>\n\n\n\n<p style=\"font-size:30px;font-style:normal;font-weight:500\">\u81ea\u7531\u6c38<\/p>\n\n\n\n<p class=\"has-medium-font-size\">CAO Yinuo<\/p>\n\n\n\n<p class=\"has-medium-font-size\">\u66f9\u4e00\u8bfa<\/p>\n\n\n\n<p class=\"has-small-font-size\"><a href=\"https:\/\/www.allersretoursasso.fr\/zh\/coming-of-age-2024\/\" target=\"_blank\" rel=\"noreferrer noopener\">\u00c9dition : Coming of Age 2024<\/a><\/p>\n\n\n\n<p style=\"font-size:10px\"><\/p>\n<\/div><\/div>\n\n\n\n<p class=\"has-text-align-center\"><\/p>\n\n\n\n<p class=\"has-text-align-left\" style=\"font-size:15px\"><\/p>\n<\/div><\/div>\n<\/div><\/div>\n<\/div>\n<\/div><\/div>\n<\/div><\/div>\n\n\n\n<h2 class=\"wp-block-heading\"><\/h2>\n\n\n\n<p class=\"has-text-align-center has-small-font-size\"><em>2022 \/ 23\u2019 \/ Mandarin \/ VOSTF \/ Fiction<\/em><\/p>\n\n\n\n<p class=\"has-text-align-center has-small-font-size\"><em>2022 \/ 23\u2019 \/&nbsp;\u666e\u901a\u8bdd&nbsp;\/&nbsp;\u539f\u58f0\u6cd5\u8bed\u5b57\u5e55&nbsp;\/&nbsp;\u5267\u60c5<\/em><\/p>\n\n\n\n<p>Dans un petit village recouvert par la neige, chacun\u00b7e respecte la r\u00e8gle tacite de silence, m\u00eame \u00e0 l\u2019\u00e9cole. Deux s\u0153urs s\u2019interrogent&nbsp;: pourquoi les oiseaux peuvent-ils chanter alors que les humains ne peuvent pas parler&nbsp;?<\/p>\n\n\n\n<p>\u8083\u96ea\u4e0b\u7684\u5c0f\u5c71\u6751\uff0c\u58a8\u5b88\u9648\u89c4\u662f\u4e00\u79cd\u5e38\u6001\uff0c\u5c31\u8fde\u5b66\u6821\u4e5f\u4e0d\u4f8b\u5916\u3002\u5b66\u5802\u4e2d\u4e00\u5bf9\u59d0\u59b9\u5374\u504f\u504f\u4e0d\u89e3\u4e8e\uff1a\u4e3a\u4f55\u9e1f\u513f\u53ef\u4ee5\u81ea\u7531\u6b4c\u5531\uff0c\u4eba\u5374\u4e0d\u80fd\u7545\u6240\u6b32\u8a00\uff1f<\/p>\n\n\n\n<p><mark style=\"background-color:rgba(0, 0, 0, 0)\" class=\"has-inline-color has-white-color\">000000<\/mark><\/p>\n\n\n\n<figure class=\"wp-block-gallery has-nested-images columns-default is-cropped wp-block-gallery-1 is-layout-flex wp-block-gallery-is-layout-flex\">\n<figure class=\"wp-block-image size-large\"><img loading=\"lazy\" decoding=\"async\" width=\"1024\" height=\"755\" data-id=\"5151\" src=\"https:\/\/www.allersretoursasso.fr\/wp-content\/uploads\/2024\/08\/Still02-1024x755.png\" alt=\"\" class=\"wp-image-5151\" srcset=\"https:\/\/www.allersretoursasso.fr\/wp-content\/uploads\/2024\/08\/Still02-1024x755.png 1024w, https:\/\/www.allersretoursasso.fr\/wp-content\/uploads\/2024\/08\/Still02-300x221.png 300w, https:\/\/www.allersretoursasso.fr\/wp-content\/uploads\/2024\/08\/Still02-768x566.png 768w, https:\/\/www.allersretoursasso.fr\/wp-content\/uploads\/2024\/08\/Still02-1536x1132.png 1536w, https:\/\/www.allersretoursasso.fr\/wp-content\/uploads\/2024\/08\/Still02-2048x1509.png 2048w, https:\/\/www.allersretoursasso.fr\/wp-content\/uploads\/2024\/08\/Still02-16x12.png 16w, https:\/\/www.allersretoursasso.fr\/wp-content\/uploads\/2024\/08\/Still02-350x258.png 350w\" sizes=\"(max-width: 767px) 89vw, (max-width: 1000px) 54vw, (max-width: 1071px) 543px, 580px\" \/><\/figure>\n\n\n\n<figure class=\"wp-block-image size-large\"><img loading=\"lazy\" decoding=\"async\" width=\"1024\" height=\"755\" data-id=\"5149\" src=\"https:\/\/www.allersretoursasso.fr\/wp-content\/uploads\/2024\/08\/Still04-1024x755.png\" alt=\"\" class=\"wp-image-5149\" srcset=\"https:\/\/www.allersretoursasso.fr\/wp-content\/uploads\/2024\/08\/Still04-1024x755.png 1024w, https:\/\/www.allersretoursasso.fr\/wp-content\/uploads\/2024\/08\/Still04-300x221.png 300w, https:\/\/www.allersretoursasso.fr\/wp-content\/uploads\/2024\/08\/Still04-768x566.png 768w, https:\/\/www.allersretoursasso.fr\/wp-content\/uploads\/2024\/08\/Still04-1536x1132.png 1536w, https:\/\/www.allersretoursasso.fr\/wp-content\/uploads\/2024\/08\/Still04-2048x1509.png 2048w, https:\/\/www.allersretoursasso.fr\/wp-content\/uploads\/2024\/08\/Still04-16x12.png 16w, https:\/\/www.allersretoursasso.fr\/wp-content\/uploads\/2024\/08\/Still04-350x258.png 350w\" sizes=\"(max-width: 767px) 89vw, (max-width: 1000px) 54vw, (max-width: 1071px) 543px, 580px\" \/><\/figure>\n\n\n\n<figure class=\"wp-block-image size-large\"><img loading=\"lazy\" decoding=\"async\" width=\"1024\" height=\"755\" data-id=\"5152\" src=\"https:\/\/www.allersretoursasso.fr\/wp-content\/uploads\/2024\/08\/Still01-1024x755.png\" alt=\"\" class=\"wp-image-5152\" srcset=\"https:\/\/www.allersretoursasso.fr\/wp-content\/uploads\/2024\/08\/Still01-1024x755.png 1024w, https:\/\/www.allersretoursasso.fr\/wp-content\/uploads\/2024\/08\/Still01-300x221.png 300w, https:\/\/www.allersretoursasso.fr\/wp-content\/uploads\/2024\/08\/Still01-768x566.png 768w, https:\/\/www.allersretoursasso.fr\/wp-content\/uploads\/2024\/08\/Still01-1536x1132.png 1536w, https:\/\/www.allersretoursasso.fr\/wp-content\/uploads\/2024\/08\/Still01-2048x1509.png 2048w, https:\/\/www.allersretoursasso.fr\/wp-content\/uploads\/2024\/08\/Still01-16x12.png 16w, https:\/\/www.allersretoursasso.fr\/wp-content\/uploads\/2024\/08\/Still01-350x258.png 350w\" sizes=\"(max-width: 767px) 89vw, (max-width: 1000px) 54vw, (max-width: 1071px) 543px, 580px\" \/><\/figure>\n\n\n\n<figure class=\"wp-block-image size-large\"><img loading=\"lazy\" decoding=\"async\" width=\"1024\" height=\"755\" data-id=\"5150\" src=\"https:\/\/www.allersretoursasso.fr\/wp-content\/uploads\/2024\/08\/Still03-1024x755.png\" alt=\"\" class=\"wp-image-5150\" srcset=\"https:\/\/www.allersretoursasso.fr\/wp-content\/uploads\/2024\/08\/Still03-1024x755.png 1024w, https:\/\/www.allersretoursasso.fr\/wp-content\/uploads\/2024\/08\/Still03-300x221.png 300w, https:\/\/www.allersretoursasso.fr\/wp-content\/uploads\/2024\/08\/Still03-768x566.png 768w, https:\/\/www.allersretoursasso.fr\/wp-content\/uploads\/2024\/08\/Still03-1536x1132.png 1536w, https:\/\/www.allersretoursasso.fr\/wp-content\/uploads\/2024\/08\/Still03-2048x1509.png 2048w, https:\/\/www.allersretoursasso.fr\/wp-content\/uploads\/2024\/08\/Still03-16x12.png 16w, https:\/\/www.allersretoursasso.fr\/wp-content\/uploads\/2024\/08\/Still03-350x258.png 350w\" sizes=\"(max-width: 767px) 89vw, (max-width: 1000px) 54vw, (max-width: 1071px) 543px, 580px\" \/><\/figure>\n\n\n\n<figure class=\"wp-block-image size-large\"><img loading=\"lazy\" decoding=\"async\" width=\"1024\" height=\"755\" data-id=\"5148\" src=\"https:\/\/www.allersretoursasso.fr\/wp-content\/uploads\/2024\/08\/Still05-1024x755.png\" alt=\"\" class=\"wp-image-5148\" srcset=\"https:\/\/www.allersretoursasso.fr\/wp-content\/uploads\/2024\/08\/Still05-1024x755.png 1024w, https:\/\/www.allersretoursasso.fr\/wp-content\/uploads\/2024\/08\/Still05-300x221.png 300w, https:\/\/www.allersretoursasso.fr\/wp-content\/uploads\/2024\/08\/Still05-768x566.png 768w, https:\/\/www.allersretoursasso.fr\/wp-content\/uploads\/2024\/08\/Still05-1536x1132.png 1536w, https:\/\/www.allersretoursasso.fr\/wp-content\/uploads\/2024\/08\/Still05-2048x1509.png 2048w, https:\/\/www.allersretoursasso.fr\/wp-content\/uploads\/2024\/08\/Still05-16x12.png 16w, https:\/\/www.allersretoursasso.fr\/wp-content\/uploads\/2024\/08\/Still05-350x258.png 350w\" sizes=\"(max-width: 767px) 89vw, (max-width: 1000px) 54vw, (max-width: 1071px) 543px, 580px\" \/><\/figure>\n<\/figure>\n\n\n\n<div class=\"wp-block-group is-layout-constrained wp-block-group-is-layout-constrained\"><div class=\"wp-block-group__inner-container\">\n<div class=\"wp-block-columns is-layout-flex wp-container-core-columns-layout-1 wp-block-columns-is-layout-flex\">\n<div class=\"wp-block-column is-layout-flow wp-block-column-is-layout-flow\" style=\"flex-basis:100%\"><\/div>\n<\/div>\n<\/div><\/div>\n\n\n\n<figure class=\"wp-block-embed is-type-video is-provider-youtube wp-block-embed-youtube wp-embed-aspect-16-9 wp-has-aspect-ratio\"><div class=\"wp-block-embed__wrapper\">\n<iframe loading=\"lazy\" title=\"Wild Bird \u81ea\u7531\u6c38\" width=\"525\" height=\"295\" src=\"https:\/\/www.youtube.com\/embed\/386IpQltkKs?list=PLJFZYepUmhVL92KkJ4jvQ-_BGo0HTbLpP\" frameborder=\"0\" allow=\"accelerometer; autoplay; clipboard-write; encrypted-media; gyroscope; picture-in-picture; web-share\" referrerpolicy=\"strict-origin-when-cross-origin\" allowfullscreen><\/iframe>\n<\/div><\/figure>\n\n\n\n<p><\/p>\n\n\n\n<div class=\"wp-block-columns is-layout-flex wp-container-core-columns-layout-2 wp-block-columns-is-layout-flex\">\n<div class=\"wp-block-column is-layout-flow wp-block-column-is-layout-flow\"><\/div>\n<\/div>\n\n\n\n<hr class=\"wp-block-separator has-alpha-channel-opacity\"\/>\n\n\n\n<div class=\"wp-block-columns is-layout-flex wp-container-core-columns-layout-3 wp-block-columns-is-layout-flex\">\n<div class=\"wp-block-column is-layout-flow wp-block-column-is-layout-flow\"><\/div>\n<\/div>\n\n\n\n<div class=\"wp-block-columns is-layout-flex wp-container-core-columns-layout-4 wp-block-columns-is-layout-flex\">\n<div class=\"wp-block-column is-layout-flow wp-block-column-is-layout-flow\" style=\"flex-basis:33.33%\">\n<figure class=\"wp-block-image size-full\"><img loading=\"lazy\" decoding=\"async\" width=\"2048\" height=\"2048\" src=\"https:\/\/www.allersretoursasso.fr\/wp-content\/uploads\/2024\/08\/5\u3001\u300a\u81ea\u7531\u6c38\u300b\u5bfc\u6f14\u66f9\u4e00\u8bfa-\u7167\u7247-edited.jpg\" alt=\"\" class=\"wp-image-5182\" srcset=\"https:\/\/www.allersretoursasso.fr\/wp-content\/uploads\/2024\/08\/5\u3001\u300a\u81ea\u7531\u6c38\u300b\u5bfc\u6f14\u66f9\u4e00\u8bfa-\u7167\u7247-edited.jpg 2048w, https:\/\/www.allersretoursasso.fr\/wp-content\/uploads\/2024\/08\/5\u3001\u300a\u81ea\u7531\u6c38\u300b\u5bfc\u6f14\u66f9\u4e00\u8bfa-\u7167\u7247-edited-300x300.jpg 300w, https:\/\/www.allersretoursasso.fr\/wp-content\/uploads\/2024\/08\/5\u3001\u300a\u81ea\u7531\u6c38\u300b\u5bfc\u6f14\u66f9\u4e00\u8bfa-\u7167\u7247-edited-1024x1024.jpg 1024w, https:\/\/www.allersretoursasso.fr\/wp-content\/uploads\/2024\/08\/5\u3001\u300a\u81ea\u7531\u6c38\u300b\u5bfc\u6f14\u66f9\u4e00\u8bfa-\u7167\u7247-edited-150x150.jpg 150w, https:\/\/www.allersretoursasso.fr\/wp-content\/uploads\/2024\/08\/5\u3001\u300a\u81ea\u7531\u6c38\u300b\u5bfc\u6f14\u66f9\u4e00\u8bfa-\u7167\u7247-edited-768x768.jpg 768w, https:\/\/www.allersretoursasso.fr\/wp-content\/uploads\/2024\/08\/5\u3001\u300a\u81ea\u7531\u6c38\u300b\u5bfc\u6f14\u66f9\u4e00\u8bfa-\u7167\u7247-edited-1536x1536.jpg 1536w, https:\/\/www.allersretoursasso.fr\/wp-content\/uploads\/2024\/08\/5\u3001\u300a\u81ea\u7531\u6c38\u300b\u5bfc\u6f14\u66f9\u4e00\u8bfa-\u7167\u7247-edited-12x12.jpg 12w, https:\/\/www.allersretoursasso.fr\/wp-content\/uploads\/2024\/08\/5\u3001\u300a\u81ea\u7531\u6c38\u300b\u5bfc\u6f14\u66f9\u4e00\u8bfa-\u7167\u7247-edited-100x100.jpg 100w, https:\/\/www.allersretoursasso.fr\/wp-content\/uploads\/2024\/08\/5\u3001\u300a\u81ea\u7531\u6c38\u300b\u5bfc\u6f14\u66f9\u4e00\u8bfa-\u7167\u7247-edited-350x350.jpg 350w\" sizes=\"(max-width: 767px) 89vw, (max-width: 1000px) 54vw, (max-width: 1071px) 543px, 580px\" \/><\/figure>\n<\/div>\n\n\n\n<div class=\"wp-block-column is-layout-flow wp-block-column-is-layout-flow\" style=\"flex-basis:66.66%\">\n<p><strong>\u00c0 propos de <strong>CAO Yinuo<\/strong><br>\/ \u5173\u4e8e\u66f9\u4e00\u8bfa<\/strong><\/p>\n\n\n\n<p class=\"has-small-font-size\"><\/p>\n<\/div>\n<\/div>\n\n\n\n<p class=\"has-small-font-size\"><\/p>\n\n\n\n<p class=\"has-small-font-size\">Cao Yinuo est \u00e9tudiante en r\u00e9alisation \u00e0 l\u2019universit\u00e9 de communication de Chine. Son court-m\u00e9trage&nbsp;<em>Wild bird<\/em>, qu\u2019elle a \u00e9crit et r\u00e9alis\u00e9, a re\u00e7u le prix du court-m\u00e9trage de l\u2019ann\u00e9e au 17<sup>e<\/sup>&nbsp;Festival international du film FIRST et le prix du meilleur court \u00e9tudiant au 7<sup>e<\/sup>&nbsp;Festival International de Pingyao.<\/p>\n\n\n\n<p class=\"has-small-font-size\">\u66f9\u4e00\u8bfa\uff0c\u4e2d\u56fd\u4f20\u5a92\u5927\u5b66\u5bfc\u6f14\u7cfb\u5b66\u751f\u3002\u5979\u7f16\u5bfc\u7684\u77ed\u7247\u300a\u81ea\u7531\u6c38\u300b\u83b7\u5f97\u7b2c\u5341\u4e03\u5c4aFIRST\u5f71\u5c55\u4e0a\u5e74\u5ea6\u77ed\u7247\u5956\u53ca\u7b2c\u4e03\u5c4a\u5e73\u9065\u56fd\u9645\u7535\u5f71\u8282\u6700\u4f73\u5b66\u751f\u77ed\u7247\u5956\u3002<\/p>\n\n\n\n<p class=\"has-small-font-size\"><\/p>\n\n\n\n<p><\/p>\n\n\n\n<hr class=\"wp-block-separator has-alpha-channel-opacity is-style-wide\"\/>\n\n\n\n<div class=\"wp-block-columns is-layout-flex wp-container-core-columns-layout-5 wp-block-columns-is-layout-flex\">\n<div class=\"wp-block-column is-layout-flow wp-block-column-is-layout-flow\"><\/div>\n<\/div>\n\n\n\n<div class=\"wp-block-buttons is-content-justification-center is-layout-flex wp-container-core-buttons-layout-1 wp-block-buttons-is-layout-flex\">\n<div class=\"wp-block-button has-custom-width wp-block-button__width-75 has-custom-font-size is-style-outline\" style=\"font-size:16px\"><a class=\"wp-block-button__link has-black-color has-white-background-color has-text-color has-background wp-element-button\" href=\"https:\/\/www.billetweb.fr\/coa2024-allersretours\">\u8d2d\u7968\u94fe\u63a5<br>\u7ebf\u4e0a\u8d2d\u7968<\/a><\/div>\n<\/div>\n\n\n\n<p><\/p>\n\n\n\n<p class=\"has-text-align-center has-medium-font-size\"><strong><span style=\"text-decoration: underline;\">S\u00e9ance 01<\/span><\/strong><\/p>\n\n\n\n<div class=\"wp-block-columns is-layout-flex wp-container-core-columns-layout-6 wp-block-columns-is-layout-flex\">\n<div class=\"wp-block-column is-layout-flow wp-block-column-is-layout-flow\">\n<p class=\"has-text-align-center\"><strong>Jeudi 26 septembre \u00e0 19h45 au<\/strong> <strong>STUDIO DES URSULINES<\/strong><br>10 rue des Ursulines, 75005 Paris<\/p>\n<\/div>\n\n\n\n<div class=\"wp-block-column is-layout-flow wp-block-column-is-layout-flow\">\n<p class=\"has-text-align-center\"><strong>Vendredi 27 septembre \u00e0 <strong>20h<\/strong>45 au <strong><strong>CIN\u00c9MA<\/strong><\/strong> LUMI\u00c8RE FOURMI<\/strong><br>68 rue Pierre Corneille, 69003 Lyon<\/p>\n\n\n\n<p class=\"has-text-align-center\"><strong>Jeudi 03 octobre \u00e0 <strong>19h30<\/strong> \u4e8e<\/strong><br><strong><strong><strong><strong><strong><strong>CIN\u00c9MA<\/strong><\/strong> LES ALIZ\u00c9S<\/strong><\/strong><\/strong><\/strong><br>214 avenue Franklin Roosevelt, 69500 Bron<\/p>\n<\/div>\n<\/div>\n\n\n\n<div class=\"wp-block-cover is-light\" style=\"min-height:349px\"><span aria-hidden=\"true\" class=\"wp-block-cover__background has-white-background-color has-background-dim\"><\/span><div class=\"wp-block-cover__inner-container is-layout-flow wp-block-cover-is-layout-flow\">\n<div class=\"wp-block-group is-layout-flow wp-block-group-is-layout-flow\"><div class=\"wp-block-group__inner-container\">\n<figure class=\"wp-block-image size-large\"><img loading=\"lazy\" decoding=\"async\" width=\"1024\" height=\"341\" src=\"https:\/\/www.allersretoursasso.fr\/wp-content\/uploads\/2024\/09\/Twitter-1024x341.png\" alt=\"\" class=\"wp-image-5396\" srcset=\"https:\/\/www.allersretoursasso.fr\/wp-content\/uploads\/2024\/09\/Twitter-1024x341.png 1024w, https:\/\/www.allersretoursasso.fr\/wp-content\/uploads\/2024\/09\/Twitter-300x100.png 300w, https:\/\/www.allersretoursasso.fr\/wp-content\/uploads\/2024\/09\/Twitter-768x256.png 768w, https:\/\/www.allersretoursasso.fr\/wp-content\/uploads\/2024\/09\/Twitter-1536x512.png 1536w, https:\/\/www.allersretoursasso.fr\/wp-content\/uploads\/2024\/09\/Twitter-2048x683.png 2048w, https:\/\/www.allersretoursasso.fr\/wp-content\/uploads\/2024\/09\/Twitter-18x6.png 18w, https:\/\/www.allersretoursasso.fr\/wp-content\/uploads\/2024\/09\/Twitter-350x117.png 350w\" sizes=\"(max-width: 767px) 89vw, (max-width: 1000px) 54vw, (max-width: 1071px) 543px, 580px\" \/><\/figure>\n<\/div><\/div>\n<\/div><\/div>\n\n\n\n<div class=\"wp-block-group is-layout-flow wp-block-group-is-layout-flow\"><div class=\"wp-block-group__inner-container\">\n<p class=\"has-text-align-center\" style=\"font-size:15px\"><\/p>\n<\/div><\/div>\n\n\n\n<p class=\"has-text-align-center has-white-color has-text-color\" style=\"font-size:15px\"> 19h45 aux Ursuline<\/p>\n\n\n\n<p class=\"has-text-align-center has-white-color has-text-color\" style=\"font-size:15px\">06 octobre \u00e0 19h45 aux Ursulines<\/p>","protected":false},"excerpt":{"rendered":"<p>2022 \/ 23\u2019 \/ Mandarin \/ VOSTF \/ Fiction 2022 \/ 23\u2019 \/&nbsp;\u666e\u901a\u8bdd&nbsp;\/&nbsp;\u539f\u58f0\u6cd5\u8bed\u5b57\u5e55&nbsp;\/&nbsp;\u5267\u60c5 Dans un petit village recouvert par la neige, chacun\u00b7e respecte la r\u00e8gle tacite de silence, m\u00eame \u00e0 l\u2019\u00e9cole. Deux s\u0153urs s\u2019interrogent&nbsp;: pourquoi les oiseaux peuvent-ils chanter alors que les humains ne peuvent pas parler&nbsp;? \u8083\u96ea\u4e0b\u7684\u5c0f\u5c71\u6751\uff0c\u58a8\u5b88\u9648\u89c4\u662f\u4e00\u79cd\u5e38\u6001\uff0c\u5c31\u8fde\u5b66\u6821\u4e5f\u4e0d\u4f8b\u5916\u3002\u5b66\u5802\u4e2d\u4e00\u5bf9\u59d0\u59b9\u5374\u504f\u504f\u4e0d\u89e3\u4e8e\uff1a\u4e3a\u4f55\u9e1f\u513f\u53ef\u4ee5\u81ea\u7531\u6b4c\u5531\uff0c\u4eba\u5374\u4e0d\u80fd\u7545\u6240\u6b32\u8a00\uff1f 000000 \u00c0 propos de CAO Yinuo\/ \u5173\u4e8e\u66f9\u4e00\u8bfa &hellip; <\/p>\n<p class=\"link-more\"><a href=\"https:\/\/www.allersretoursasso.fr\/zh\/coming-of-age-2024-wild-bird\/\" class=\"more-link\">\u7ee7\u7eed\u9605\u8bfb<span class=\"screen-reader-text\">\u201cComing of Age 2024  &#8211; Wild Bird\u201d<\/span><\/a><\/p>","protected":false},"author":17,"featured_media":0,"parent":0,"menu_order":0,"comment_status":"closed","ping_status":"closed","template":"","meta":{"footnotes":""},"_links":{"self":[{"href":"https:\/\/www.allersretoursasso.fr\/zh\/wp-json\/wp\/v2\/pages\/5181"}],"collection":[{"href":"https:\/\/www.allersretoursasso.fr\/zh\/wp-json\/wp\/v2\/pages"}],"about":[{"href":"https:\/\/www.allersretoursasso.fr\/zh\/wp-json\/wp\/v2\/types\/page"}],"author":[{"embeddable":true,"href":"https:\/\/www.allersretoursasso.fr\/zh\/wp-json\/wp\/v2\/users\/17"}],"replies":[{"embeddable":true,"href":"https:\/\/www.allersretoursasso.fr\/zh\/wp-json\/wp\/v2\/comments?post=5181"}],"version-history":[{"count":5,"href":"https:\/\/www.allersretoursasso.fr\/zh\/wp-json\/wp\/v2\/pages\/5181\/revisions"}],"predecessor-version":[{"id":5402,"href":"https:\/\/www.allersretoursasso.fr\/zh\/wp-json\/wp\/v2\/pages\/5181\/revisions\/5402"}],"wp:attachment":[{"href":"https:\/\/www.allersretoursasso.fr\/zh\/wp-json\/wp\/v2\/media?parent=5181"}],"curies":[{"name":"wp","href":"https:\/\/api.w.org\/{rel}","templated":true}]}}