{"id":5206,"date":"2024-08-25T14:31:50","date_gmt":"2024-08-25T12:31:50","guid":{"rendered":"https:\/\/www.allersretoursasso.fr\/?page_id=5206"},"modified":"2024-09-17T23:46:22","modified_gmt":"2024-09-17T21:46:22","slug":"coming-of-age-2024-bergamot","status":"publish","type":"page","link":"https:\/\/www.allersretoursasso.fr\/zh\/coming-of-age-2024-bergamot\/","title":{"rendered":"Coming of Age 2024  &#8211; Bergamot"},"content":{"rendered":"<div id=\"fb-root\"><\/div>\n\n<div class=\"wp-block-media-text alignwide is-stacked-on-mobile\" style=\"grid-template-columns:41% auto\"><figure class=\"wp-block-media-text__media\"><img loading=\"lazy\" decoding=\"async\" width=\"731\" height=\"1024\" src=\"https:\/\/www.allersretoursasso.fr\/wp-content\/uploads\/2024\/08\/15-Affiche-Bergamot-1-731x1024.jpg\" alt=\"\" class=\"wp-image-5214 size-full\" srcset=\"https:\/\/www.allersretoursasso.fr\/wp-content\/uploads\/2024\/08\/15-Affiche-Bergamot-1-731x1024.jpg 731w, https:\/\/www.allersretoursasso.fr\/wp-content\/uploads\/2024\/08\/15-Affiche-Bergamot-1-214x300.jpg 214w, https:\/\/www.allersretoursasso.fr\/wp-content\/uploads\/2024\/08\/15-Affiche-Bergamot-1-768x1075.jpg 768w, https:\/\/www.allersretoursasso.fr\/wp-content\/uploads\/2024\/08\/15-Affiche-Bergamot-1-1097x1536.jpg 1097w, https:\/\/www.allersretoursasso.fr\/wp-content\/uploads\/2024\/08\/15-Affiche-Bergamot-1-1463x2048.jpg 1463w, https:\/\/www.allersretoursasso.fr\/wp-content\/uploads\/2024\/08\/15-Affiche-Bergamot-1-9x12.jpg 9w, https:\/\/www.allersretoursasso.fr\/wp-content\/uploads\/2024\/08\/15-Affiche-Bergamot-1-250x350.jpg 250w, https:\/\/www.allersretoursasso.fr\/wp-content\/uploads\/2024\/08\/15-Affiche-Bergamot-1-350x490.jpg 350w, https:\/\/www.allersretoursasso.fr\/wp-content\/uploads\/2024\/08\/15-Affiche-Bergamot-1-scaled.jpg 1829w\" sizes=\"(max-width: 731px) 100vw, 731px\" \/><\/figure><div class=\"wp-block-media-text__content\">\n<div class=\"wp-block-group is-layout-flow wp-block-group-is-layout-flow\"><div class=\"wp-block-group__inner-container\">\n<div class=\"wp-block-group is-vertical is-layout-flex wp-container-core-group-layout-4 wp-block-group-is-layout-flex\">\n<div class=\"wp-block-group is-layout-flow wp-block-group-is-layout-flow\"><div class=\"wp-block-group__inner-container\">\n<div class=\"wp-block-group is-layout-flow wp-block-group-is-layout-flow\"><div class=\"wp-block-group__inner-container\">\n<div class=\"wp-block-group is-layout-flow wp-block-group-is-layout-flow\"><div class=\"wp-block-group__inner-container\">\n<p><\/p>\n\n\n\n<p style=\"font-size:30px;font-style:normal;font-weight:500\"><strong><em>Bergamot<\/em><\/strong><\/p>\n\n\n\n<p style=\"font-size:30px;font-style:normal;font-weight:500\">\u4f5b\u624b<\/p>\n\n\n\n<p class=\"has-medium-font-size\">LIANG Yanqi<\/p>\n\n\n\n<p class=\"has-medium-font-size\">\u6881\u5f66\u7426<\/p>\n\n\n\n<p class=\"has-small-font-size\"><a href=\"https:\/\/www.allersretoursasso.fr\/zh\/coming-of-age-2024\/\" target=\"_blank\" rel=\"noreferrer noopener\">\u00c9dition : Coming of Age 2024<\/a><\/p>\n\n\n\n<p style=\"font-size:10px\"><\/p>\n<\/div><\/div>\n<\/div><\/div>\n<\/div><\/div>\n<\/div>\n<\/div><\/div>\n<\/div><\/div>\n\n\n\n<p class=\"has-text-align-center has-small-font-size\"><em>2023 \/ 7\u2019 \/ Sans dialogue \/ Fiction, Animation<\/em><\/p>\n\n\n\n<p class=\"has-text-align-center has-small-font-size\"><em>2023 \/ 7\u2019 \/ \u65e0\u5bf9\u767d \/ \u5b9e\u9a8c\u52a8\u753b\u77ed\u7247<\/em><\/p>\n\n\n\n<p>En tant qu&#8217;illustratrice et r\u00e9alisatrice, Liang Yanqi explore les relations entre femmes \u00e0 travers de multiples m\u00e9dias. Son travail est diffus\u00e9 \u00e0 l\u2019international \u00e0 travers de nombreux festivals et expositions.&nbsp;<\/p>\n\n\n\n<p>\u300a\u4f5b\u624b\u300b\u63a2\u8ba8\u4e86\u968f\u7740\u6210\u957f\u800c\u53d8\u5316\u7684\u4e8c\u5143\u6bcd\u5973\u5173\u7cfb\u3002\u4f5b\u624b\u4e0e\u624b\uff0c\u76f8\u4f3c\u5374\u4e0d\u540c\uff0c\u5bf9\u7acb\u4e14\u76f8\u878d\uff0c\u5c31\u50cf\u6bcd\u5973\u4e4b\u95f4\uff0c\u4f3c\u800c\u4e0d\u4f3c\uff0c\u76f8\u6096\u800c\u76f8\u4f9d\uff0c\u76f8\u79bb\u5374\u76f8\u8fde\u3002\u4f5c\u54c1\u4ee5\u75ab\u60c5\u671f\u95f4\u7684\u4eb2\u8eab\u7ecf\u5386\u521b\u4f5c\u800c\u6210\uff0c\u6574\u90e8\u5f71\u7247\u88ab\u5370\u5236\u53ca\u7f1d\u5236\u5728\u5e03\u6599\u4e0a\uff0c\u901a\u8fc7\u5c06\u89e6\u89c9\u89c6\u89c9\u5316\u63cf\u7ed8\u51fa\u6bcd\u5973\u4e4b\u95f4\u67d4\u8f6f\u7ec6\u817b\u800c\u53c8\u5f3a\u70c8\u9635\u75db\u7684\u6743\u529b\u5173\u7cfb\u548c\u60c5\u611f\u7ea0\u845b\u3002<\/p>\n\n\n\n<p><mark style=\"background-color:rgba(0, 0, 0, 0)\" class=\"has-inline-color has-white-color\">000000<\/mark><\/p>\n\n\n\n<figure class=\"wp-block-gallery has-nested-images columns-default is-cropped wp-block-gallery-1 is-layout-flex wp-block-gallery-is-layout-flex\">\n<figure class=\"wp-block-image size-large\"><img loading=\"lazy\" decoding=\"async\" width=\"1024\" height=\"1024\" data-id=\"5207\" src=\"https:\/\/www.allersretoursasso.fr\/wp-content\/uploads\/2024\/08\/15-Still-Bergamot-1-1024x1024.jpg\" alt=\"\" class=\"wp-image-5207\" srcset=\"https:\/\/www.allersretoursasso.fr\/wp-content\/uploads\/2024\/08\/15-Still-Bergamot-1-1024x1024.jpg 1024w, https:\/\/www.allersretoursasso.fr\/wp-content\/uploads\/2024\/08\/15-Still-Bergamot-1-300x300.jpg 300w, https:\/\/www.allersretoursasso.fr\/wp-content\/uploads\/2024\/08\/15-Still-Bergamot-1-150x150.jpg 150w, https:\/\/www.allersretoursasso.fr\/wp-content\/uploads\/2024\/08\/15-Still-Bergamot-1-768x768.jpg 768w, https:\/\/www.allersretoursasso.fr\/wp-content\/uploads\/2024\/08\/15-Still-Bergamot-1-1536x1536.jpg 1536w, https:\/\/www.allersretoursasso.fr\/wp-content\/uploads\/2024\/08\/15-Still-Bergamot-1-12x12.jpg 12w, https:\/\/www.allersretoursasso.fr\/wp-content\/uploads\/2024\/08\/15-Still-Bergamot-1-100x100.jpg 100w, https:\/\/www.allersretoursasso.fr\/wp-content\/uploads\/2024\/08\/15-Still-Bergamot-1-350x350.jpg 350w, https:\/\/www.allersretoursasso.fr\/wp-content\/uploads\/2024\/08\/15-Still-Bergamot-1.jpg 1772w\" sizes=\"(max-width: 767px) 89vw, (max-width: 1000px) 54vw, (max-width: 1071px) 543px, 580px\" \/><\/figure>\n\n\n\n<figure class=\"wp-block-image size-large\"><img loading=\"lazy\" decoding=\"async\" width=\"1024\" height=\"1024\" data-id=\"5208\" src=\"https:\/\/www.allersretoursasso.fr\/wp-content\/uploads\/2024\/08\/15-Still-Bergamot-2-1024x1024.jpg\" alt=\"\" class=\"wp-image-5208\" srcset=\"https:\/\/www.allersretoursasso.fr\/wp-content\/uploads\/2024\/08\/15-Still-Bergamot-2-1024x1024.jpg 1024w, https:\/\/www.allersretoursasso.fr\/wp-content\/uploads\/2024\/08\/15-Still-Bergamot-2-300x300.jpg 300w, https:\/\/www.allersretoursasso.fr\/wp-content\/uploads\/2024\/08\/15-Still-Bergamot-2-150x150.jpg 150w, https:\/\/www.allersretoursasso.fr\/wp-content\/uploads\/2024\/08\/15-Still-Bergamot-2-768x768.jpg 768w, https:\/\/www.allersretoursasso.fr\/wp-content\/uploads\/2024\/08\/15-Still-Bergamot-2-1536x1536.jpg 1536w, https:\/\/www.allersretoursasso.fr\/wp-content\/uploads\/2024\/08\/15-Still-Bergamot-2-12x12.jpg 12w, https:\/\/www.allersretoursasso.fr\/wp-content\/uploads\/2024\/08\/15-Still-Bergamot-2-100x100.jpg 100w, https:\/\/www.allersretoursasso.fr\/wp-content\/uploads\/2024\/08\/15-Still-Bergamot-2-350x350.jpg 350w, https:\/\/www.allersretoursasso.fr\/wp-content\/uploads\/2024\/08\/15-Still-Bergamot-2.jpg 1772w\" sizes=\"(max-width: 767px) 89vw, (max-width: 1000px) 54vw, (max-width: 1071px) 543px, 580px\" \/><\/figure>\n<\/figure>\n\n\n\n<figure class=\"wp-block-gallery has-nested-images columns-default is-cropped wp-block-gallery-2 is-layout-flex wp-block-gallery-is-layout-flex\">\n<figure class=\"wp-block-image size-large\"><img loading=\"lazy\" decoding=\"async\" width=\"1024\" height=\"1024\" data-id=\"5209\" src=\"https:\/\/www.allersretoursasso.fr\/wp-content\/uploads\/2024\/08\/15-Still-Bergamot-3-1024x1024.jpg\" alt=\"\" class=\"wp-image-5209\" srcset=\"https:\/\/www.allersretoursasso.fr\/wp-content\/uploads\/2024\/08\/15-Still-Bergamot-3-1024x1024.jpg 1024w, https:\/\/www.allersretoursasso.fr\/wp-content\/uploads\/2024\/08\/15-Still-Bergamot-3-300x300.jpg 300w, https:\/\/www.allersretoursasso.fr\/wp-content\/uploads\/2024\/08\/15-Still-Bergamot-3-150x150.jpg 150w, https:\/\/www.allersretoursasso.fr\/wp-content\/uploads\/2024\/08\/15-Still-Bergamot-3-768x768.jpg 768w, https:\/\/www.allersretoursasso.fr\/wp-content\/uploads\/2024\/08\/15-Still-Bergamot-3-1536x1536.jpg 1536w, https:\/\/www.allersretoursasso.fr\/wp-content\/uploads\/2024\/08\/15-Still-Bergamot-3-12x12.jpg 12w, https:\/\/www.allersretoursasso.fr\/wp-content\/uploads\/2024\/08\/15-Still-Bergamot-3-100x100.jpg 100w, https:\/\/www.allersretoursasso.fr\/wp-content\/uploads\/2024\/08\/15-Still-Bergamot-3-350x350.jpg 350w, https:\/\/www.allersretoursasso.fr\/wp-content\/uploads\/2024\/08\/15-Still-Bergamot-3.jpg 1772w\" sizes=\"(max-width: 767px) 89vw, (max-width: 1000px) 54vw, (max-width: 1071px) 543px, 580px\" \/><\/figure>\n\n\n\n<figure class=\"wp-block-image size-large\"><img loading=\"lazy\" decoding=\"async\" width=\"1024\" height=\"1024\" data-id=\"5210\" src=\"https:\/\/www.allersretoursasso.fr\/wp-content\/uploads\/2024\/08\/15-Still-Bergamot-4-1024x1024.jpg\" alt=\"\" class=\"wp-image-5210\" srcset=\"https:\/\/www.allersretoursasso.fr\/wp-content\/uploads\/2024\/08\/15-Still-Bergamot-4-1024x1024.jpg 1024w, https:\/\/www.allersretoursasso.fr\/wp-content\/uploads\/2024\/08\/15-Still-Bergamot-4-300x300.jpg 300w, https:\/\/www.allersretoursasso.fr\/wp-content\/uploads\/2024\/08\/15-Still-Bergamot-4-150x150.jpg 150w, https:\/\/www.allersretoursasso.fr\/wp-content\/uploads\/2024\/08\/15-Still-Bergamot-4-768x768.jpg 768w, https:\/\/www.allersretoursasso.fr\/wp-content\/uploads\/2024\/08\/15-Still-Bergamot-4-1536x1536.jpg 1536w, https:\/\/www.allersretoursasso.fr\/wp-content\/uploads\/2024\/08\/15-Still-Bergamot-4-12x12.jpg 12w, https:\/\/www.allersretoursasso.fr\/wp-content\/uploads\/2024\/08\/15-Still-Bergamot-4-100x100.jpg 100w, https:\/\/www.allersretoursasso.fr\/wp-content\/uploads\/2024\/08\/15-Still-Bergamot-4-350x350.jpg 350w, https:\/\/www.allersretoursasso.fr\/wp-content\/uploads\/2024\/08\/15-Still-Bergamot-4.jpg 1772w\" sizes=\"(max-width: 767px) 89vw, (max-width: 1000px) 54vw, (max-width: 1071px) 543px, 580px\" \/><\/figure>\n\n\n\n<figure class=\"wp-block-image size-large\"><img loading=\"lazy\" decoding=\"async\" width=\"1024\" height=\"1024\" data-id=\"5211\" src=\"https:\/\/www.allersretoursasso.fr\/wp-content\/uploads\/2024\/08\/15-Still-Bergamot-5-1024x1024.jpg\" alt=\"\" class=\"wp-image-5211\" srcset=\"https:\/\/www.allersretoursasso.fr\/wp-content\/uploads\/2024\/08\/15-Still-Bergamot-5-1024x1024.jpg 1024w, https:\/\/www.allersretoursasso.fr\/wp-content\/uploads\/2024\/08\/15-Still-Bergamot-5-300x300.jpg 300w, https:\/\/www.allersretoursasso.fr\/wp-content\/uploads\/2024\/08\/15-Still-Bergamot-5-150x150.jpg 150w, https:\/\/www.allersretoursasso.fr\/wp-content\/uploads\/2024\/08\/15-Still-Bergamot-5-768x768.jpg 768w, https:\/\/www.allersretoursasso.fr\/wp-content\/uploads\/2024\/08\/15-Still-Bergamot-5-1536x1536.jpg 1536w, https:\/\/www.allersretoursasso.fr\/wp-content\/uploads\/2024\/08\/15-Still-Bergamot-5-12x12.jpg 12w, https:\/\/www.allersretoursasso.fr\/wp-content\/uploads\/2024\/08\/15-Still-Bergamot-5-100x100.jpg 100w, https:\/\/www.allersretoursasso.fr\/wp-content\/uploads\/2024\/08\/15-Still-Bergamot-5-350x350.jpg 350w, https:\/\/www.allersretoursasso.fr\/wp-content\/uploads\/2024\/08\/15-Still-Bergamot-5.jpg 1772w\" sizes=\"(max-width: 767px) 89vw, (max-width: 1000px) 54vw, (max-width: 1071px) 543px, 580px\" \/><\/figure>\n<\/figure>\n\n\n\n<figure class=\"wp-block-embed is-type-video is-provider-youtube wp-block-embed-youtube wp-embed-aspect-4-3 wp-has-aspect-ratio\"><div class=\"wp-block-embed__wrapper\">\n<iframe loading=\"lazy\" title=\"Bergamot \u4f5b\u624b\" width=\"525\" height=\"394\" src=\"https:\/\/www.youtube.com\/embed\/3Cx6u95JhtU?list=PLJFZYepUmhVL92KkJ4jvQ-_BGo0HTbLpP\" frameborder=\"0\" allow=\"accelerometer; autoplay; clipboard-write; encrypted-media; gyroscope; picture-in-picture; web-share\" referrerpolicy=\"strict-origin-when-cross-origin\" allowfullscreen><\/iframe>\n<\/div><\/figure>\n\n\n\n<p><\/p>\n\n\n\n<hr class=\"wp-block-separator has-alpha-channel-opacity\"\/>\n\n\n\n<div class=\"wp-block-columns is-layout-flex wp-container-core-columns-layout-1 wp-block-columns-is-layout-flex\">\n<div class=\"wp-block-column is-layout-flow wp-block-column-is-layout-flow\"><\/div>\n<\/div>\n\n\n\n<div class=\"wp-block-columns is-layout-flex wp-container-core-columns-layout-2 wp-block-columns-is-layout-flex\">\n<div class=\"wp-block-column is-layout-flow wp-block-column-is-layout-flow\" style=\"flex-basis:33.33%\">\n<figure class=\"wp-block-image size-full\"><img loading=\"lazy\" decoding=\"async\" width=\"2560\" height=\"2560\" src=\"https:\/\/www.allersretoursasso.fr\/wp-content\/uploads\/2024\/08\/15-LIANG-Yanqi-\u6881\u5f66\u742a-scaled.jpg\" alt=\"\" class=\"wp-image-5231\" srcset=\"https:\/\/www.allersretoursasso.fr\/wp-content\/uploads\/2024\/08\/15-LIANG-Yanqi-\u6881\u5f66\u742a-scaled.jpg 2560w, https:\/\/www.allersretoursasso.fr\/wp-content\/uploads\/2024\/08\/15-LIANG-Yanqi-\u6881\u5f66\u742a-300x300.jpg 300w, https:\/\/www.allersretoursasso.fr\/wp-content\/uploads\/2024\/08\/15-LIANG-Yanqi-\u6881\u5f66\u742a-1024x1024.jpg 1024w, https:\/\/www.allersretoursasso.fr\/wp-content\/uploads\/2024\/08\/15-LIANG-Yanqi-\u6881\u5f66\u742a-150x150.jpg 150w, https:\/\/www.allersretoursasso.fr\/wp-content\/uploads\/2024\/08\/15-LIANG-Yanqi-\u6881\u5f66\u742a-768x768.jpg 768w, https:\/\/www.allersretoursasso.fr\/wp-content\/uploads\/2024\/08\/15-LIANG-Yanqi-\u6881\u5f66\u742a-1536x1536.jpg 1536w, https:\/\/www.allersretoursasso.fr\/wp-content\/uploads\/2024\/08\/15-LIANG-Yanqi-\u6881\u5f66\u742a-2048x2048.jpg 2048w, https:\/\/www.allersretoursasso.fr\/wp-content\/uploads\/2024\/08\/15-LIANG-Yanqi-\u6881\u5f66\u742a-12x12.jpg 12w, https:\/\/www.allersretoursasso.fr\/wp-content\/uploads\/2024\/08\/15-LIANG-Yanqi-\u6881\u5f66\u742a-100x100.jpg 100w, https:\/\/www.allersretoursasso.fr\/wp-content\/uploads\/2024\/08\/15-LIANG-Yanqi-\u6881\u5f66\u742a-350x350.jpg 350w\" sizes=\"(max-width: 767px) 89vw, (max-width: 1000px) 54vw, (max-width: 1071px) 543px, 580px\" \/><\/figure>\n<\/div>\n\n\n\n<div class=\"wp-block-column is-layout-flow wp-block-column-is-layout-flow\" style=\"flex-basis:66.66%\">\n<p><strong>\u00c0 propos de LIANG Yanqi<br>\/ \u5173\u4e8e\u6881\u5f66\u7426<\/strong><\/p>\n\n\n\n<p class=\"has-small-font-size\"><\/p>\n<\/div>\n<\/div>\n\n\n\n<p class=\"has-small-font-size\"><\/p>\n\n\n\n<p class=\"has-small-font-size\">En tant qu&#8217;illustratrice et r\u00e9alisatrice, Liang Yanqi explore les relations entre femmes \u00e0 travers de multiples m\u00e9dias. Son travail est diffus\u00e9 \u00e0 l\u2019international \u00e0 travers de nombreux festivals et expositions.<\/p>\n\n\n\n<p class=\"has-small-font-size\">\u6881\u5f66\u7426\uff0c1992\u5e74\u751f\u4e8e\u6d59\u6c5f\u676d\u5dde\uff0c\u672c\u79d1\u6bd5\u4e1a\u4e8e\u4f26\u6566\u827a\u672f\u5927\u5b66\u574e\u4f2f\u97e6\u5c14\u827a\u672f\u5b66\u9662\u89c6\u89c9\u827a\u672f\u63d2\u753b\u4e13\u4e1a\uff0c\u82f1\u56fd\u7687\u5bb6\u827a\u672f\u5b66\u9662\u52a8\u753b\u4e13\u4e1a\u7855\u58eb\u3002\u73b0\u4e3a\u4e00\u540d\u52a8\u753b\u5bfc\u6f14\u3001\u63d2\u753b\u5bb6\u548c\u6559\u5e08\uff0c\u5176\u4f5c\u54c1\u5728\u591a\u4e2a\u56fd\u9645\u52a8\u753b\u7535\u5f71\u8282\u53ca\u5c55\u89c8\u653e\u6620\u3001\u5c55\u51fa\u3002\u5979\u7684\u4f5c\u54c1\u4e3b\u8981\u901a\u8fc7\u89c6\u89c9\u624b\u6bb5\u63a2\u7d22\u4eba\u9645\u5173\u7cfb\u4e4b\u95f4\u7684\u884c\u4e3a\u7279\u5f81\u3002<\/p>\n\n\n\n<hr class=\"wp-block-separator has-alpha-channel-opacity is-style-wide\"\/>\n\n\n\n<div class=\"wp-block-buttons is-content-justification-center is-layout-flex wp-container-core-buttons-layout-1 wp-block-buttons-is-layout-flex\">\n<div class=\"wp-block-button has-custom-width wp-block-button__width-75 has-custom-font-size is-style-outline\" style=\"font-size:16px\"><a class=\"wp-block-button__link has-black-color has-white-background-color has-text-color has-background wp-element-button\" href=\"https:\/\/www.billetweb.fr\/coa2024-allersretours\">\u8d2d\u7968\u94fe\u63a5<br>\u7ebf\u4e0a\u8d2d\u7968<\/a><\/div>\n<\/div>\n\n\n\n<p><\/p>\n\n\n\n<p class=\"has-text-align-center has-medium-font-size\"><strong><span style=\"text-decoration: underline;\">S\u00e9ance 03<\/span><\/strong><\/p>\n\n\n\n<div class=\"wp-block-columns is-layout-flex wp-container-core-columns-layout-3 wp-block-columns-is-layout-flex\">\n<div class=\"wp-block-column is-layout-flow wp-block-column-is-layout-flow\">\n<p class=\"has-text-align-center\"><strong>Jeudi 03 octobre \u00e0 19h45 au PATH<strong>\u00c9<\/strong> LES FAUVETTES<\/strong><br>58 Av. des Gobelins, 75013 Paris<\/p>\n<\/div>\n\n\n\n<div class=\"wp-block-column is-layout-flow wp-block-column-is-layout-flow\">\n<p class=\"has-text-align-center\"><strong>Dimanche 29 septembre \u00e0 <strong>15h<\/strong>00 au <strong>CIN\u00c9MA<\/strong> LUMI\u00c8RE FOURMI<\/strong><br>68 rue Pierre Corneille, 69003 Lyon<br><br><strong>Samedi 05 octobre \u00e0 <strong>16h00<\/strong> \u4e8e<\/strong><br><strong><strong>CIN\u00c9MA LES ALIZ\u00c9S<\/strong><\/strong><br>214 avenue Franklin Roosevelt, 69500 Bron<\/p>\n<\/div>\n<\/div>\n\n\n\n<div class=\"wp-block-cover is-light\" style=\"min-height:349px\"><span aria-hidden=\"true\" class=\"wp-block-cover__background has-white-background-color has-background-dim\"><\/span><div class=\"wp-block-cover__inner-container is-layout-flow wp-block-cover-is-layout-flow\">\n<div class=\"wp-block-group is-layout-flow wp-block-group-is-layout-flow\"><div class=\"wp-block-group__inner-container\">\n<figure class=\"wp-block-image size-large\"><img loading=\"lazy\" decoding=\"async\" width=\"1024\" height=\"341\" src=\"https:\/\/www.allersretoursasso.fr\/wp-content\/uploads\/2024\/09\/Twitter-1024x341.png\" alt=\"\" class=\"wp-image-5396\" srcset=\"https:\/\/www.allersretoursasso.fr\/wp-content\/uploads\/2024\/09\/Twitter-1024x341.png 1024w, https:\/\/www.allersretoursasso.fr\/wp-content\/uploads\/2024\/09\/Twitter-300x100.png 300w, https:\/\/www.allersretoursasso.fr\/wp-content\/uploads\/2024\/09\/Twitter-768x256.png 768w, https:\/\/www.allersretoursasso.fr\/wp-content\/uploads\/2024\/09\/Twitter-1536x512.png 1536w, https:\/\/www.allersretoursasso.fr\/wp-content\/uploads\/2024\/09\/Twitter-2048x683.png 2048w, https:\/\/www.allersretoursasso.fr\/wp-content\/uploads\/2024\/09\/Twitter-18x6.png 18w, https:\/\/www.allersretoursasso.fr\/wp-content\/uploads\/2024\/09\/Twitter-350x117.png 350w\" sizes=\"(max-width: 767px) 89vw, (max-width: 1000px) 54vw, (max-width: 1071px) 543px, 580px\" \/><\/figure>\n<\/div><\/div>\n<\/div><\/div>\n\n\n\n<div class=\"wp-block-group is-layout-flow wp-block-group-is-layout-flow\"><div class=\"wp-block-group__inner-container\">\n<p class=\"has-text-align-center\" style=\"font-size:15px\"><\/p>\n<\/div><\/div>\n\n\n\n<p class=\"has-text-align-center has-white-color has-text-color\" style=\"font-size:15px\"> 19h45 aux Ursuline<\/p>\n\n\n\n<p class=\"has-text-align-center has-white-color has-text-color\" style=\"font-size:15px\">06 octobre \u00e0 19h45 aux Ursulines<\/p>","protected":false},"excerpt":{"rendered":"<p>2023 \/ 7\u2019 \/ Sans dialogue \/ Fiction, Animation 2023 \/ 7\u2019 \/ \u65e0\u5bf9\u767d \/ \u5b9e\u9a8c\u52a8\u753b\u77ed\u7247 En tant qu&#8217;illustratrice et r\u00e9alisatrice, Liang Yanqi explore les relations entre femmes \u00e0 travers de multiples m\u00e9dias. Son travail est diffus\u00e9 \u00e0 l\u2019international \u00e0 travers de nombreux festivals et expositions.&nbsp; \u300a\u4f5b\u624b\u300b\u63a2\u8ba8\u4e86\u968f\u7740\u6210\u957f\u800c\u53d8\u5316\u7684\u4e8c\u5143\u6bcd\u5973\u5173\u7cfb\u3002\u4f5b\u624b\u4e0e\u624b\uff0c\u76f8\u4f3c\u5374\u4e0d\u540c\uff0c\u5bf9\u7acb\u4e14\u76f8\u878d\uff0c\u5c31\u50cf\u6bcd\u5973\u4e4b\u95f4\uff0c\u4f3c\u800c\u4e0d\u4f3c\uff0c\u76f8\u6096\u800c\u76f8\u4f9d\uff0c\u76f8\u79bb\u5374\u76f8\u8fde\u3002\u4f5c\u54c1\u4ee5\u75ab\u60c5\u671f\u95f4\u7684\u4eb2\u8eab\u7ecf\u5386\u521b\u4f5c\u800c\u6210\uff0c\u6574\u90e8\u5f71\u7247\u88ab\u5370\u5236\u53ca\u7f1d\u5236\u5728\u5e03\u6599\u4e0a\uff0c\u901a\u8fc7\u5c06\u89e6\u89c9\u89c6\u89c9\u5316\u63cf\u7ed8\u51fa\u6bcd\u5973\u4e4b\u95f4\u67d4\u8f6f\u7ec6\u817b\u800c\u53c8\u5f3a\u70c8\u9635\u75db\u7684\u6743\u529b\u5173\u7cfb\u548c\u60c5\u611f\u7ea0\u845b\u3002 000000 \u00c0 propos de LIANG Yanqi\/ \u5173\u4e8e\u6881\u5f66\u7426 En &hellip; <\/p>\n<p class=\"link-more\"><a href=\"https:\/\/www.allersretoursasso.fr\/zh\/coming-of-age-2024-bergamot\/\" class=\"more-link\">\u7ee7\u7eed\u9605\u8bfb<span class=\"screen-reader-text\">\u201cComing of Age 2024  &#8211; Bergamot\u201d<\/span><\/a><\/p>","protected":false},"author":19,"featured_media":0,"parent":0,"menu_order":0,"comment_status":"closed","ping_status":"closed","template":"","meta":{"footnotes":""},"_links":{"self":[{"href":"https:\/\/www.allersretoursasso.fr\/zh\/wp-json\/wp\/v2\/pages\/5206"}],"collection":[{"href":"https:\/\/www.allersretoursasso.fr\/zh\/wp-json\/wp\/v2\/pages"}],"about":[{"href":"https:\/\/www.allersretoursasso.fr\/zh\/wp-json\/wp\/v2\/types\/page"}],"author":[{"embeddable":true,"href":"https:\/\/www.allersretoursasso.fr\/zh\/wp-json\/wp\/v2\/users\/19"}],"replies":[{"embeddable":true,"href":"https:\/\/www.allersretoursasso.fr\/zh\/wp-json\/wp\/v2\/comments?post=5206"}],"version-history":[{"count":9,"href":"https:\/\/www.allersretoursasso.fr\/zh\/wp-json\/wp\/v2\/pages\/5206\/revisions"}],"predecessor-version":[{"id":5411,"href":"https:\/\/www.allersretoursasso.fr\/zh\/wp-json\/wp\/v2\/pages\/5206\/revisions\/5411"}],"wp:attachment":[{"href":"https:\/\/www.allersretoursasso.fr\/zh\/wp-json\/wp\/v2\/media?parent=5206"}],"curies":[{"name":"wp","href":"https:\/\/api.w.org\/{rel}","templated":true}]}}