{"id":5233,"date":"2024-08-25T15:13:10","date_gmt":"2024-08-25T13:13:10","guid":{"rendered":"https:\/\/www.allersretoursasso.fr\/?page_id=5233"},"modified":"2024-09-17T23:45:27","modified_gmt":"2024-09-17T21:45:27","slug":"coming-of-age-2024-the-dancing-girl-and-the-balloon-man","status":"publish","type":"page","link":"https:\/\/www.allersretoursasso.fr\/zh\/coming-of-age-2024-the-dancing-girl-and-the-balloon-man\/","title":{"rendered":"Coming of Age 2024  &#8211; The Dancing Girl and the Balloon Man"},"content":{"rendered":"<div id=\"fb-root\"><\/div>\n\n<div class=\"wp-block-media-text alignwide is-stacked-on-mobile\" style=\"grid-template-columns:41% auto\"><figure class=\"wp-block-media-text__media\"><img loading=\"lazy\" decoding=\"async\" width=\"724\" height=\"1024\" src=\"https:\/\/www.allersretoursasso.fr\/wp-content\/uploads\/2024\/08\/DGBM_poster-1-724x1024.png\" alt=\"\" class=\"wp-image-5239 size-full\" srcset=\"https:\/\/www.allersretoursasso.fr\/wp-content\/uploads\/2024\/08\/DGBM_poster-1-724x1024.png 724w, https:\/\/www.allersretoursasso.fr\/wp-content\/uploads\/2024\/08\/DGBM_poster-1-212x300.png 212w, https:\/\/www.allersretoursasso.fr\/wp-content\/uploads\/2024\/08\/DGBM_poster-1-768x1086.png 768w, https:\/\/www.allersretoursasso.fr\/wp-content\/uploads\/2024\/08\/DGBM_poster-1-1086x1536.png 1086w, https:\/\/www.allersretoursasso.fr\/wp-content\/uploads\/2024\/08\/DGBM_poster-1-1448x2048.png 1448w, https:\/\/www.allersretoursasso.fr\/wp-content\/uploads\/2024\/08\/DGBM_poster-1-8x12.png 8w, https:\/\/www.allersretoursasso.fr\/wp-content\/uploads\/2024\/08\/DGBM_poster-1-350x495.png 350w\" sizes=\"(max-width: 724px) 100vw, 724px\" \/><\/figure><div class=\"wp-block-media-text__content\">\n<div class=\"wp-block-group is-layout-flow wp-block-group-is-layout-flow\"><div class=\"wp-block-group__inner-container\">\n<div class=\"wp-block-group is-vertical is-layout-flex wp-container-core-group-layout-4 wp-block-group-is-layout-flex\">\n<div class=\"wp-block-group is-layout-flow wp-block-group-is-layout-flow\"><div class=\"wp-block-group__inner-container\">\n<div class=\"wp-block-group is-layout-flow wp-block-group-is-layout-flow\"><div class=\"wp-block-group__inner-container\">\n<div class=\"wp-block-group is-layout-flow wp-block-group-is-layout-flow\"><div class=\"wp-block-group__inner-container\">\n<p><\/p>\n\n\n\n<p style=\"font-size:30px;font-style:normal;font-weight:500\"><strong><em><strong>The Dancing Girl and the Balloon Man<\/strong><\/em><\/strong><\/p>\n\n\n\n<p style=\"font-size:30px;font-style:normal;font-weight:500\">\u600e\u821e\u5fc3\u4e8b<\/p>\n\n\n\n<p class=\"has-medium-font-size\">David MA<\/p>\n\n\n\n<p class=\"has-medium-font-size\">\u5927\u536b\u00b7\u9a6c<\/p>\n\n\n\n<p class=\"has-small-font-size\"><a href=\"https:\/\/www.allersretoursasso.fr\/zh\/coming-of-age-2024\/\" target=\"_blank\" rel=\"noreferrer noopener\">\u00c9dition : Coming of Age 2024<\/a><\/p>\n\n\n\n<p style=\"font-size:10px\"><\/p>\n<\/div><\/div>\n<\/div><\/div>\n<\/div><\/div>\n<\/div>\n<\/div><\/div>\n<\/div><\/div>\n\n\n\n<p class=\"has-text-align-center has-small-font-size\"><em>2023 \/ 21\u2019 \/ Mandarin, Anglais \/ VOSTF \/ Fiction<\/em><\/p>\n\n\n\n<p class=\"has-text-align-center has-small-font-size\"><em>2023 \/ 21\u2019 \/ \u666e\u901a\u8bdd, \u82f1\u6587 \/ \u539f\u58f0\u6cd5\u8bed\u5b57\u5e55 \/ \u5267\u60c5<\/em><\/p>\n\n\n\n<p>Une idylle se noue entre une serveuse d\u2019un restaurant de dim sum et un performeur de rue \u00e0 Chinatown. Un film doux et l\u00e9ger comme un ballon.<\/p>\n\n\n\n<p>\u5510\u4eba\u8857\u91cc\u65e9\u8336\u5e97\u5973\u670d\u52a1\u5458\u548c\u8857\u5934\u8868\u6f14\u8005\u7684\u604b\u60c5\u5df2\u5728\u4e0d\u77e5\u4e0d\u89c9\u95f4\u6c24\u6c32\u5f00\u6765\u3002\u4ed6\u4eec\u7684\u6545\u4e8b\u5982\u540c\u6c14\u7403\u822c\u8f7b\u76c8\u751c\u7f8e\u3002<\/p>\n\n\n\n<figure class=\"wp-block-gallery has-nested-images columns-default is-cropped wp-block-gallery-1 is-layout-flex wp-block-gallery-is-layout-flex\">\n<figure class=\"wp-block-image size-large\"><img loading=\"lazy\" decoding=\"async\" width=\"1024\" height=\"549\" data-id=\"5238\" src=\"https:\/\/www.allersretoursasso.fr\/wp-content\/uploads\/2024\/08\/DGBM_Still-1-1024x549.png\" alt=\"\" class=\"wp-image-5238\" srcset=\"https:\/\/www.allersretoursasso.fr\/wp-content\/uploads\/2024\/08\/DGBM_Still-1-1024x549.png 1024w, https:\/\/www.allersretoursasso.fr\/wp-content\/uploads\/2024\/08\/DGBM_Still-1-300x161.png 300w, https:\/\/www.allersretoursasso.fr\/wp-content\/uploads\/2024\/08\/DGBM_Still-1-768x412.png 768w, https:\/\/www.allersretoursasso.fr\/wp-content\/uploads\/2024\/08\/DGBM_Still-1-1536x824.png 1536w, https:\/\/www.allersretoursasso.fr\/wp-content\/uploads\/2024\/08\/DGBM_Still-1-2048x1098.png 2048w, https:\/\/www.allersretoursasso.fr\/wp-content\/uploads\/2024\/08\/DGBM_Still-1-18x10.png 18w, https:\/\/www.allersretoursasso.fr\/wp-content\/uploads\/2024\/08\/DGBM_Still-1-350x188.png 350w\" sizes=\"(max-width: 767px) 89vw, (max-width: 1000px) 54vw, (max-width: 1071px) 543px, 580px\" \/><\/figure>\n\n\n\n<figure class=\"wp-block-image size-large\"><img loading=\"lazy\" decoding=\"async\" width=\"1024\" height=\"537\" data-id=\"5237\" src=\"https:\/\/www.allersretoursasso.fr\/wp-content\/uploads\/2024\/08\/DGBM_Still-2-1024x537.png\" alt=\"\" class=\"wp-image-5237\" srcset=\"https:\/\/www.allersretoursasso.fr\/wp-content\/uploads\/2024\/08\/DGBM_Still-2-1024x537.png 1024w, https:\/\/www.allersretoursasso.fr\/wp-content\/uploads\/2024\/08\/DGBM_Still-2-300x157.png 300w, https:\/\/www.allersretoursasso.fr\/wp-content\/uploads\/2024\/08\/DGBM_Still-2-768x402.png 768w, https:\/\/www.allersretoursasso.fr\/wp-content\/uploads\/2024\/08\/DGBM_Still-2-1536x805.png 1536w, https:\/\/www.allersretoursasso.fr\/wp-content\/uploads\/2024\/08\/DGBM_Still-2-2048x1073.png 2048w, https:\/\/www.allersretoursasso.fr\/wp-content\/uploads\/2024\/08\/DGBM_Still-2-18x9.png 18w, https:\/\/www.allersretoursasso.fr\/wp-content\/uploads\/2024\/08\/DGBM_Still-2-350x183.png 350w\" sizes=\"(max-width: 767px) 89vw, (max-width: 1000px) 54vw, (max-width: 1071px) 543px, 580px\" \/><\/figure>\n\n\n\n<figure class=\"wp-block-image size-large\"><img loading=\"lazy\" decoding=\"async\" width=\"1024\" height=\"539\" data-id=\"5235\" src=\"https:\/\/www.allersretoursasso.fr\/wp-content\/uploads\/2024\/08\/DGBM_Still-3-1024x539.png\" alt=\"\" class=\"wp-image-5235\" srcset=\"https:\/\/www.allersretoursasso.fr\/wp-content\/uploads\/2024\/08\/DGBM_Still-3-1024x539.png 1024w, https:\/\/www.allersretoursasso.fr\/wp-content\/uploads\/2024\/08\/DGBM_Still-3-300x158.png 300w, https:\/\/www.allersretoursasso.fr\/wp-content\/uploads\/2024\/08\/DGBM_Still-3-768x404.png 768w, https:\/\/www.allersretoursasso.fr\/wp-content\/uploads\/2024\/08\/DGBM_Still-3-1536x809.png 1536w, https:\/\/www.allersretoursasso.fr\/wp-content\/uploads\/2024\/08\/DGBM_Still-3-2048x1078.png 2048w, https:\/\/www.allersretoursasso.fr\/wp-content\/uploads\/2024\/08\/DGBM_Still-3-18x9.png 18w, https:\/\/www.allersretoursasso.fr\/wp-content\/uploads\/2024\/08\/DGBM_Still-3-350x184.png 350w\" sizes=\"(max-width: 767px) 89vw, (max-width: 1000px) 54vw, (max-width: 1071px) 543px, 580px\" \/><\/figure>\n\n\n\n<figure class=\"wp-block-image size-large\"><img loading=\"lazy\" decoding=\"async\" width=\"1024\" height=\"541\" data-id=\"5236\" src=\"https:\/\/www.allersretoursasso.fr\/wp-content\/uploads\/2024\/08\/DGBM_Still-4-1024x541.png\" alt=\"\" class=\"wp-image-5236\" srcset=\"https:\/\/www.allersretoursasso.fr\/wp-content\/uploads\/2024\/08\/DGBM_Still-4-1024x541.png 1024w, https:\/\/www.allersretoursasso.fr\/wp-content\/uploads\/2024\/08\/DGBM_Still-4-300x159.png 300w, https:\/\/www.allersretoursasso.fr\/wp-content\/uploads\/2024\/08\/DGBM_Still-4-768x406.png 768w, https:\/\/www.allersretoursasso.fr\/wp-content\/uploads\/2024\/08\/DGBM_Still-4-1536x812.png 1536w, https:\/\/www.allersretoursasso.fr\/wp-content\/uploads\/2024\/08\/DGBM_Still-4-2048x1082.png 2048w, https:\/\/www.allersretoursasso.fr\/wp-content\/uploads\/2024\/08\/DGBM_Still-4-18x10.png 18w, https:\/\/www.allersretoursasso.fr\/wp-content\/uploads\/2024\/08\/DGBM_Still-4-350x185.png 350w\" sizes=\"(max-width: 767px) 89vw, (max-width: 1000px) 54vw, (max-width: 1071px) 543px, 580px\" \/><\/figure>\n<\/figure>\n\n\n\n<p><mark style=\"background-color:rgba(0, 0, 0, 0)\" class=\"has-inline-color has-white-color\">000000<\/mark><\/p>\n\n\n\n<figure class=\"wp-block-embed is-type-video is-provider-youtube wp-block-embed-youtube wp-embed-aspect-16-9 wp-has-aspect-ratio\"><div class=\"wp-block-embed__wrapper\">\n<iframe loading=\"lazy\" title=\"The Dancing Girl and the Balloon Man \u600e\u821e\u5fc3\u4e8b\" width=\"525\" height=\"295\" src=\"https:\/\/www.youtube.com\/embed\/nqDx-rYXLME?list=PLJFZYepUmhVL92KkJ4jvQ-_BGo0HTbLpP\" frameborder=\"0\" allow=\"accelerometer; autoplay; clipboard-write; encrypted-media; gyroscope; picture-in-picture; web-share\" referrerpolicy=\"strict-origin-when-cross-origin\" allowfullscreen><\/iframe>\n<\/div><\/figure>\n\n\n\n<p><\/p>\n\n\n\n<hr class=\"wp-block-separator has-alpha-channel-opacity\"\/>\n\n\n\n<div class=\"wp-block-columns is-layout-flex wp-container-core-columns-layout-1 wp-block-columns-is-layout-flex\">\n<div class=\"wp-block-column is-layout-flow wp-block-column-is-layout-flow\"><\/div>\n<\/div>\n\n\n\n<div class=\"wp-block-columns is-layout-flex wp-container-core-columns-layout-2 wp-block-columns-is-layout-flex\">\n<div class=\"wp-block-column is-layout-flow wp-block-column-is-layout-flow\" style=\"flex-basis:33.33%\">\n<figure class=\"wp-block-image size-full\"><img loading=\"lazy\" decoding=\"async\" width=\"2560\" height=\"2560\" src=\"https:\/\/www.allersretoursasso.fr\/wp-content\/uploads\/2024\/08\/David-Ma_headshot-edited-scaled.jpg\" alt=\"\" class=\"wp-image-5283\" srcset=\"https:\/\/www.allersretoursasso.fr\/wp-content\/uploads\/2024\/08\/David-Ma_headshot-edited-scaled.jpg 2560w, https:\/\/www.allersretoursasso.fr\/wp-content\/uploads\/2024\/08\/David-Ma_headshot-edited-300x300.jpg 300w, https:\/\/www.allersretoursasso.fr\/wp-content\/uploads\/2024\/08\/David-Ma_headshot-edited-1024x1024.jpg 1024w, https:\/\/www.allersretoursasso.fr\/wp-content\/uploads\/2024\/08\/David-Ma_headshot-edited-150x150.jpg 150w, https:\/\/www.allersretoursasso.fr\/wp-content\/uploads\/2024\/08\/David-Ma_headshot-edited-768x768.jpg 768w, https:\/\/www.allersretoursasso.fr\/wp-content\/uploads\/2024\/08\/David-Ma_headshot-edited-1536x1536.jpg 1536w, https:\/\/www.allersretoursasso.fr\/wp-content\/uploads\/2024\/08\/David-Ma_headshot-edited-2048x2048.jpg 2048w, https:\/\/www.allersretoursasso.fr\/wp-content\/uploads\/2024\/08\/David-Ma_headshot-edited-12x12.jpg 12w, https:\/\/www.allersretoursasso.fr\/wp-content\/uploads\/2024\/08\/David-Ma_headshot-edited-100x100.jpg 100w, https:\/\/www.allersretoursasso.fr\/wp-content\/uploads\/2024\/08\/David-Ma_headshot-edited-350x350.jpg 350w\" sizes=\"(max-width: 767px) 89vw, (max-width: 1000px) 54vw, (max-width: 1071px) 543px, 580px\" \/><\/figure>\n<\/div>\n\n\n\n<div class=\"wp-block-column is-layout-flow wp-block-column-is-layout-flow\" style=\"flex-basis:66.66%\">\n<p><strong>\u00c0 propos de David MA<br>\/ \u5173\u4e8e\u5927\u536b\u00b7\u9a6c<\/strong><\/p>\n\n\n\n<p class=\"has-small-font-size\"><\/p>\n<\/div>\n<\/div>\n\n\n\n<p class=\"has-small-font-size\"><\/p>\n\n\n\n<p class=\"has-small-font-size\">David Ma est un r\u00e9alisateur sino-australien bas\u00e9 \u00e0 Sydney. Il r\u00e9alise des films de fiction, des documentaires et des publicit\u00e9s. Il est reconnu pour ses documentaires et son film <em>The dancing girl and the balloon man<\/em>, qu\u2019il a \u00e9crit, r\u00e9alis\u00e9 et mont\u00e9, a re\u00e7u le prix du meilleur court-m\u00e9trage live-action au Festival International du film de Sydney en 2023 et lui a valu une nomination au prix de meilleur r\u00e9alisateur de la Guilde des r\u00e9alisateur\u00b7ices d\u2019Australie.<\/p>\n\n\n\n<p class=\"has-small-font-size\">\u5927\u536b\u00b7\u9a6c\u662f\u4e00\u4f4d\u5c45\u4f4f\u5728\u6089\u5c3c\u7684\u4e2d\u6fb3\u5bfc\u6f14\u3002\u4ed6\u62cd\u6444\u5267\u60c5\u7247\u3001\u7eaa\u5f55\u7247\u548c\u5e7f\u544a\u3002\u4ed6\u56e0\u62cd\u6444\u7eaa\u5f55\u7247\u800c\u53d7\u5230\u8ba4\u53ef\uff0c\u4ed6\u7f16\u5267\u3001\u5bfc\u6f14\u548c\u526a\u8f91\u7684\u77ed\u7247\u300a\u600e\u821e\u5fc3\u4e8b\u300b\u83b7\u5f97\u4e862023\u5e74\u6089\u5c3c\u56fd\u9645\u7535\u5f71\u8282\u6700\u4f73\u771f\u4eba\u77ed\u7247\u5956\uff0c\u5e76\u56e0\u6b64\u83b7\u5f97\u4e86\u6fb3\u5927\u5229\u4e9a\u5bfc\u6f14\u534f\u4f1a\u6700\u4f73\u5bfc\u6f14\u5956\u63d0\u540d\u3002<\/p>\n\n\n\n<hr class=\"wp-block-separator has-alpha-channel-opacity is-style-wide\"\/>\n\n\n\n<div class=\"wp-block-buttons is-content-justification-center is-layout-flex wp-container-core-buttons-layout-1 wp-block-buttons-is-layout-flex\">\n<div class=\"wp-block-button has-custom-width wp-block-button__width-75 has-custom-font-size is-style-outline\" style=\"font-size:16px\"><a class=\"wp-block-button__link has-black-color has-white-background-color has-text-color has-background wp-element-button\" href=\"https:\/\/www.billetweb.fr\/coa2024-allersretours\">\u8d2d\u7968\u94fe\u63a5<br>\u7ebf\u4e0a\u8d2d\u7968<\/a><\/div>\n<\/div>\n\n\n\n<p><\/p>\n\n\n\n<p class=\"has-text-align-center has-medium-font-size\"><strong><span style=\"text-decoration: underline;\">S\u00e9ance 03<\/span><\/strong><\/p>\n\n\n\n<div class=\"wp-block-columns is-layout-flex wp-container-core-columns-layout-3 wp-block-columns-is-layout-flex\">\n<div class=\"wp-block-column is-layout-flow wp-block-column-is-layout-flow\">\n<p class=\"has-text-align-center\"><strong>Jeudi 03 octobre \u00e0 19h45 au PATH<strong>\u00c9<\/strong> LES FAUVETTES<\/strong><br>58 Av. des Gobelins, 75013 Paris<\/p>\n<\/div>\n\n\n\n<div class=\"wp-block-column is-layout-flow wp-block-column-is-layout-flow\">\n<p class=\"has-text-align-center\"><strong>Dimanche 29 septembre \u00e0 <strong>15h<\/strong>00 au <strong>CIN\u00c9MA<\/strong> LUMI\u00c8RE FOURMI<\/strong><br>68 rue Pierre Corneille, 69003 Lyon<br><br><strong>Samedi 05 octobre \u00e0 <strong>16h00<\/strong> \u4e8e<\/strong><br><strong><strong>CIN\u00c9MA LES ALIZ\u00c9S<\/strong><\/strong><br>214 avenue Franklin Roosevelt, 69500 Bron<\/p>\n<\/div>\n<\/div>\n\n\n\n<div class=\"wp-block-cover is-light\" style=\"min-height:349px\"><span aria-hidden=\"true\" class=\"wp-block-cover__background has-white-background-color has-background-dim\"><\/span><div class=\"wp-block-cover__inner-container is-layout-flow wp-block-cover-is-layout-flow\">\n<div class=\"wp-block-group is-layout-flow wp-block-group-is-layout-flow\"><div class=\"wp-block-group__inner-container\">\n<figure class=\"wp-block-image size-large\"><img loading=\"lazy\" decoding=\"async\" width=\"1024\" height=\"341\" src=\"https:\/\/www.allersretoursasso.fr\/wp-content\/uploads\/2024\/09\/Twitter-1024x341.png\" alt=\"\" class=\"wp-image-5396\" srcset=\"https:\/\/www.allersretoursasso.fr\/wp-content\/uploads\/2024\/09\/Twitter-1024x341.png 1024w, https:\/\/www.allersretoursasso.fr\/wp-content\/uploads\/2024\/09\/Twitter-300x100.png 300w, https:\/\/www.allersretoursasso.fr\/wp-content\/uploads\/2024\/09\/Twitter-768x256.png 768w, https:\/\/www.allersretoursasso.fr\/wp-content\/uploads\/2024\/09\/Twitter-1536x512.png 1536w, https:\/\/www.allersretoursasso.fr\/wp-content\/uploads\/2024\/09\/Twitter-2048x683.png 2048w, https:\/\/www.allersretoursasso.fr\/wp-content\/uploads\/2024\/09\/Twitter-18x6.png 18w, https:\/\/www.allersretoursasso.fr\/wp-content\/uploads\/2024\/09\/Twitter-350x117.png 350w\" sizes=\"(max-width: 767px) 89vw, (max-width: 1000px) 54vw, (max-width: 1071px) 543px, 580px\" \/><\/figure>\n<\/div><\/div>\n<\/div><\/div>\n\n\n\n<div class=\"wp-block-group is-layout-flow wp-block-group-is-layout-flow\"><div class=\"wp-block-group__inner-container\">\n<p class=\"has-text-align-center\" style=\"font-size:15px\"><\/p>\n<\/div><\/div>\n\n\n\n<p class=\"has-text-align-center has-white-color has-text-color\" style=\"font-size:15px\"> 19h45 aux Ursuline<\/p>\n\n\n\n<p class=\"has-text-align-center has-white-color has-text-color\" style=\"font-size:15px\">06 octobre \u00e0 19h45 aux Ursulines<\/p>","protected":false},"excerpt":{"rendered":"<p>2023 \/ 21\u2019 \/ Mandarin, Anglais \/ VOSTF \/ Fiction 2023 \/ 21\u2019 \/ \u666e\u901a\u8bdd, \u82f1\u6587 \/ \u539f\u58f0\u6cd5\u8bed\u5b57\u5e55 \/ \u5267\u60c5 Une idylle se noue entre une serveuse d\u2019un restaurant de dim sum et un performeur de rue \u00e0 Chinatown. Un film doux et l\u00e9ger comme un ballon. \u5510\u4eba\u8857\u91cc\u65e9\u8336\u5e97\u5973\u670d\u52a1\u5458\u548c\u8857\u5934\u8868\u6f14\u8005\u7684\u604b\u60c5\u5df2\u5728\u4e0d\u77e5\u4e0d\u89c9\u95f4\u6c24\u6c32\u5f00\u6765\u3002\u4ed6\u4eec\u7684\u6545\u4e8b\u5982\u540c\u6c14\u7403\u822c\u8f7b\u76c8\u751c\u7f8e\u3002 000000 \u00c0 propos de David MA\/ \u5173\u4e8e\u5927\u536b\u00b7\u9a6c &hellip; <\/p>\n<p class=\"link-more\"><a href=\"https:\/\/www.allersretoursasso.fr\/zh\/coming-of-age-2024-the-dancing-girl-and-the-balloon-man\/\" class=\"more-link\">\u7ee7\u7eed\u9605\u8bfb<span class=\"screen-reader-text\">\u201cComing of Age 2024  &#8211; The Dancing Girl and the Balloon Man\u201d<\/span><\/a><\/p>","protected":false},"author":19,"featured_media":0,"parent":0,"menu_order":0,"comment_status":"closed","ping_status":"closed","template":"","meta":{"footnotes":""},"_links":{"self":[{"href":"https:\/\/www.allersretoursasso.fr\/zh\/wp-json\/wp\/v2\/pages\/5233"}],"collection":[{"href":"https:\/\/www.allersretoursasso.fr\/zh\/wp-json\/wp\/v2\/pages"}],"about":[{"href":"https:\/\/www.allersretoursasso.fr\/zh\/wp-json\/wp\/v2\/types\/page"}],"author":[{"embeddable":true,"href":"https:\/\/www.allersretoursasso.fr\/zh\/wp-json\/wp\/v2\/users\/19"}],"replies":[{"embeddable":true,"href":"https:\/\/www.allersretoursasso.fr\/zh\/wp-json\/wp\/v2\/comments?post=5233"}],"version-history":[{"count":10,"href":"https:\/\/www.allersretoursasso.fr\/zh\/wp-json\/wp\/v2\/pages\/5233\/revisions"}],"predecessor-version":[{"id":5408,"href":"https:\/\/www.allersretoursasso.fr\/zh\/wp-json\/wp\/v2\/pages\/5233\/revisions\/5408"}],"wp:attachment":[{"href":"https:\/\/www.allersretoursasso.fr\/zh\/wp-json\/wp\/v2\/media?parent=5233"}],"curies":[{"name":"wp","href":"https:\/\/api.w.org\/{rel}","templated":true}]}}