{"id":5242,"date":"2024-08-25T15:23:49","date_gmt":"2024-08-25T13:23:49","guid":{"rendered":"https:\/\/www.allersretoursasso.fr\/?page_id=5242"},"modified":"2024-09-17T23:45:48","modified_gmt":"2024-09-17T21:45:48","slug":"coming-of-age-2024-summer-knows","status":"publish","type":"page","link":"https:\/\/www.allersretoursasso.fr\/zh\/coming-of-age-2024-summer-knows\/","title":{"rendered":"Coming of Age 2024  &#8211; Summer Knows"},"content":{"rendered":"<div id=\"fb-root\"><\/div>\n\n<div class=\"wp-block-media-text alignwide is-stacked-on-mobile\" style=\"grid-template-columns:41% auto\"><figure class=\"wp-block-media-text__media\"><img loading=\"lazy\" decoding=\"async\" width=\"692\" height=\"1024\" src=\"https:\/\/www.allersretoursasso.fr\/wp-content\/uploads\/2024\/08\/\u77e5\u4e86\u6d77\u62a5_\u7ad6\u7248-692x1024.jpg\" alt=\"\" class=\"wp-image-5249 size-full\" srcset=\"https:\/\/www.allersretoursasso.fr\/wp-content\/uploads\/2024\/08\/\u77e5\u4e86\u6d77\u62a5_\u7ad6\u7248-692x1024.jpg 692w, https:\/\/www.allersretoursasso.fr\/wp-content\/uploads\/2024\/08\/\u77e5\u4e86\u6d77\u62a5_\u7ad6\u7248-203x300.jpg 203w, https:\/\/www.allersretoursasso.fr\/wp-content\/uploads\/2024\/08\/\u77e5\u4e86\u6d77\u62a5_\u7ad6\u7248-768x1137.jpg 768w, https:\/\/www.allersretoursasso.fr\/wp-content\/uploads\/2024\/08\/\u77e5\u4e86\u6d77\u62a5_\u7ad6\u7248-1037x1536.jpg 1037w, https:\/\/www.allersretoursasso.fr\/wp-content\/uploads\/2024\/08\/\u77e5\u4e86\u6d77\u62a5_\u7ad6\u7248-1383x2048.jpg 1383w, https:\/\/www.allersretoursasso.fr\/wp-content\/uploads\/2024\/08\/\u77e5\u4e86\u6d77\u62a5_\u7ad6\u7248-8x12.jpg 8w, https:\/\/www.allersretoursasso.fr\/wp-content\/uploads\/2024\/08\/\u77e5\u4e86\u6d77\u62a5_\u7ad6\u7248-350x518.jpg 350w, https:\/\/www.allersretoursasso.fr\/wp-content\/uploads\/2024\/08\/\u77e5\u4e86\u6d77\u62a5_\u7ad6\u7248-scaled.jpg 1729w\" sizes=\"(max-width: 692px) 100vw, 692px\" \/><\/figure><div class=\"wp-block-media-text__content\">\n<div class=\"wp-block-group is-layout-flow wp-block-group-is-layout-flow\"><div class=\"wp-block-group__inner-container\">\n<div class=\"wp-block-group is-vertical is-layout-flex wp-container-core-group-layout-4 wp-block-group-is-layout-flex\">\n<div class=\"wp-block-group is-layout-flow wp-block-group-is-layout-flow\"><div class=\"wp-block-group__inner-container\">\n<div class=\"wp-block-group is-layout-flow wp-block-group-is-layout-flow\"><div class=\"wp-block-group__inner-container\">\n<div class=\"wp-block-group is-layout-flow wp-block-group-is-layout-flow\"><div class=\"wp-block-group__inner-container\">\n<p><\/p>\n\n\n\n<p style=\"font-size:30px;font-style:normal;font-weight:500\"><strong><em><strong><strong>Summer Knows<\/strong><\/strong><\/em><\/strong><\/p>\n\n\n\n<p style=\"font-size:30px;font-style:normal;font-weight:500\">\u77e5\u4e86<\/p>\n\n\n\n<p class=\"has-medium-font-size\">ZHONG Hongshi<\/p>\n\n\n\n<p class=\"has-medium-font-size\">\u949f\u9e3f\u9366<\/p>\n\n\n\n<p class=\"has-small-font-size\"><a href=\"https:\/\/www.allersretoursasso.fr\/zh\/coming-of-age-2024\/\" target=\"_blank\" rel=\"noreferrer noopener\">\u00c9dition : Coming of Age 2024<\/a><\/p>\n\n\n\n<p style=\"font-size:10px\"><\/p>\n<\/div><\/div>\n<\/div><\/div>\n<\/div><\/div>\n<\/div>\n<\/div><\/div>\n<\/div><\/div>\n\n\n\n<p class=\"has-text-align-center has-small-font-size\"><em>2023 \/ 20\u2019 \/ Mandarin \/ VOSTF \/ Fiction<\/em><\/p>\n\n\n\n<p class=\"has-text-align-center has-small-font-size\"><em>2023 \/ 20\u2019 \/ \u666e\u901a\u8bdd \/ \u539f\u58f0\u6cd5\u8bed\u5b57\u5e55 \/ \u5267\u60c5<\/em><\/p>\n\n\n\n<p>\u00c0 l\u2019\u00e9t\u00e9 2001, alors que la Chine apprend qu\u2019elle accueillera les 29e Jeux Olympiques d\u2019\u00e9t\u00e9, une famille se d\u00e9sint\u00e8gre lentement. Percevant les secrets des uns et des autres, Hui, une fillette de six ans, ne veut qu&#8217;une chose : profiter de l&#8217;\u00e9t\u00e9 tant qu&#8217;il dure.<\/p>\n\n\n\n<p>2001\u5e74\u590f\uff0c\u5f90\u5bb6\u53d1\u751f\u53d8\u6545\uff0c\u5bb6\u5ead\u5173\u7cfb\u51fa\u73b0\u88c2\u75d5\u3002\u4e0d\u8c19\u4e16\u4e8b\u7684\u516d\u5c81\u5973\u5b69\u60e0\u60e0\uff0c\u7aa5\u89c1\u4e86\u5bb6\u4eba\u5404\u81ea\u7684\u70e6\u607c\u548c\u79d8\u5bc6\uff0c\u5374\u4e00\u95e8\u5fc3\u601d\u53ea\u60f3\u8981\u6349\u4f4f\u8fd9\u4e2a\u590f\u5929\u3002<\/p>\n\n\n\n<figure class=\"wp-block-gallery has-nested-images columns-default is-cropped wp-block-gallery-1 is-layout-flex wp-block-gallery-is-layout-flex\">\n<figure class=\"wp-block-image size-large\"><img loading=\"lazy\" decoding=\"async\" width=\"1024\" height=\"768\" data-id=\"5245\" src=\"https:\/\/www.allersretoursasso.fr\/wp-content\/uploads\/2024\/08\/\u77e5\u4e86\u5267\u71671-1024x768.jpg\" alt=\"\" class=\"wp-image-5245\" srcset=\"https:\/\/www.allersretoursasso.fr\/wp-content\/uploads\/2024\/08\/\u77e5\u4e86\u5267\u71671-1024x768.jpg 1024w, https:\/\/www.allersretoursasso.fr\/wp-content\/uploads\/2024\/08\/\u77e5\u4e86\u5267\u71671-300x225.jpg 300w, https:\/\/www.allersretoursasso.fr\/wp-content\/uploads\/2024\/08\/\u77e5\u4e86\u5267\u71671-768x576.jpg 768w, https:\/\/www.allersretoursasso.fr\/wp-content\/uploads\/2024\/08\/\u77e5\u4e86\u5267\u71671-1536x1152.jpg 1536w, https:\/\/www.allersretoursasso.fr\/wp-content\/uploads\/2024\/08\/\u77e5\u4e86\u5267\u71671-2048x1536.jpg 2048w, https:\/\/www.allersretoursasso.fr\/wp-content\/uploads\/2024\/08\/\u77e5\u4e86\u5267\u71671-16x12.jpg 16w, https:\/\/www.allersretoursasso.fr\/wp-content\/uploads\/2024\/08\/\u77e5\u4e86\u5267\u71671-350x263.jpg 350w\" sizes=\"(max-width: 767px) 89vw, (max-width: 1000px) 54vw, (max-width: 1071px) 543px, 580px\" \/><\/figure>\n\n\n\n<figure class=\"wp-block-image size-large\"><img loading=\"lazy\" decoding=\"async\" width=\"1024\" height=\"768\" data-id=\"5244\" src=\"https:\/\/www.allersretoursasso.fr\/wp-content\/uploads\/2024\/08\/\u77e5\u4e86\u5267\u71672-1024x768.jpg\" alt=\"\" class=\"wp-image-5244\" srcset=\"https:\/\/www.allersretoursasso.fr\/wp-content\/uploads\/2024\/08\/\u77e5\u4e86\u5267\u71672-1024x768.jpg 1024w, https:\/\/www.allersretoursasso.fr\/wp-content\/uploads\/2024\/08\/\u77e5\u4e86\u5267\u71672-300x225.jpg 300w, https:\/\/www.allersretoursasso.fr\/wp-content\/uploads\/2024\/08\/\u77e5\u4e86\u5267\u71672-768x576.jpg 768w, https:\/\/www.allersretoursasso.fr\/wp-content\/uploads\/2024\/08\/\u77e5\u4e86\u5267\u71672-1536x1152.jpg 1536w, https:\/\/www.allersretoursasso.fr\/wp-content\/uploads\/2024\/08\/\u77e5\u4e86\u5267\u71672-2048x1536.jpg 2048w, https:\/\/www.allersretoursasso.fr\/wp-content\/uploads\/2024\/08\/\u77e5\u4e86\u5267\u71672-16x12.jpg 16w, https:\/\/www.allersretoursasso.fr\/wp-content\/uploads\/2024\/08\/\u77e5\u4e86\u5267\u71672-350x263.jpg 350w\" sizes=\"(max-width: 767px) 89vw, (max-width: 1000px) 54vw, (max-width: 1071px) 543px, 580px\" \/><\/figure>\n\n\n\n<figure class=\"wp-block-image size-large\"><img loading=\"lazy\" decoding=\"async\" width=\"1024\" height=\"768\" data-id=\"5247\" src=\"https:\/\/www.allersretoursasso.fr\/wp-content\/uploads\/2024\/08\/\u77e5\u4e86\u5267\u71673-1024x768.jpg\" alt=\"\" class=\"wp-image-5247\" srcset=\"https:\/\/www.allersretoursasso.fr\/wp-content\/uploads\/2024\/08\/\u77e5\u4e86\u5267\u71673-1024x768.jpg 1024w, https:\/\/www.allersretoursasso.fr\/wp-content\/uploads\/2024\/08\/\u77e5\u4e86\u5267\u71673-300x225.jpg 300w, https:\/\/www.allersretoursasso.fr\/wp-content\/uploads\/2024\/08\/\u77e5\u4e86\u5267\u71673-768x576.jpg 768w, https:\/\/www.allersretoursasso.fr\/wp-content\/uploads\/2024\/08\/\u77e5\u4e86\u5267\u71673-1536x1152.jpg 1536w, https:\/\/www.allersretoursasso.fr\/wp-content\/uploads\/2024\/08\/\u77e5\u4e86\u5267\u71673-2048x1536.jpg 2048w, https:\/\/www.allersretoursasso.fr\/wp-content\/uploads\/2024\/08\/\u77e5\u4e86\u5267\u71673-16x12.jpg 16w, https:\/\/www.allersretoursasso.fr\/wp-content\/uploads\/2024\/08\/\u77e5\u4e86\u5267\u71673-350x263.jpg 350w\" sizes=\"(max-width: 767px) 89vw, (max-width: 1000px) 54vw, (max-width: 1071px) 543px, 580px\" \/><\/figure>\n\n\n\n<figure class=\"wp-block-image size-large\"><img loading=\"lazy\" decoding=\"async\" width=\"1024\" height=\"768\" data-id=\"5248\" src=\"https:\/\/www.allersretoursasso.fr\/wp-content\/uploads\/2024\/08\/\u77e5\u4e86\u5267\u71675-1024x768.jpg\" alt=\"\" class=\"wp-image-5248\" srcset=\"https:\/\/www.allersretoursasso.fr\/wp-content\/uploads\/2024\/08\/\u77e5\u4e86\u5267\u71675-1024x768.jpg 1024w, https:\/\/www.allersretoursasso.fr\/wp-content\/uploads\/2024\/08\/\u77e5\u4e86\u5267\u71675-300x225.jpg 300w, https:\/\/www.allersretoursasso.fr\/wp-content\/uploads\/2024\/08\/\u77e5\u4e86\u5267\u71675-768x576.jpg 768w, https:\/\/www.allersretoursasso.fr\/wp-content\/uploads\/2024\/08\/\u77e5\u4e86\u5267\u71675-1536x1152.jpg 1536w, https:\/\/www.allersretoursasso.fr\/wp-content\/uploads\/2024\/08\/\u77e5\u4e86\u5267\u71675-2048x1536.jpg 2048w, https:\/\/www.allersretoursasso.fr\/wp-content\/uploads\/2024\/08\/\u77e5\u4e86\u5267\u71675-16x12.jpg 16w, https:\/\/www.allersretoursasso.fr\/wp-content\/uploads\/2024\/08\/\u77e5\u4e86\u5267\u71675-350x263.jpg 350w\" sizes=\"(max-width: 767px) 89vw, (max-width: 1000px) 54vw, (max-width: 1071px) 543px, 580px\" \/><\/figure>\n\n\n\n<figure class=\"wp-block-image size-large\"><img loading=\"lazy\" decoding=\"async\" width=\"1024\" height=\"768\" data-id=\"5246\" src=\"https:\/\/www.allersretoursasso.fr\/wp-content\/uploads\/2024\/08\/\u77e5\u4e86\u5267\u71674-1024x768.jpg\" alt=\"\" class=\"wp-image-5246\" srcset=\"https:\/\/www.allersretoursasso.fr\/wp-content\/uploads\/2024\/08\/\u77e5\u4e86\u5267\u71674-1024x768.jpg 1024w, https:\/\/www.allersretoursasso.fr\/wp-content\/uploads\/2024\/08\/\u77e5\u4e86\u5267\u71674-300x225.jpg 300w, https:\/\/www.allersretoursasso.fr\/wp-content\/uploads\/2024\/08\/\u77e5\u4e86\u5267\u71674-768x576.jpg 768w, https:\/\/www.allersretoursasso.fr\/wp-content\/uploads\/2024\/08\/\u77e5\u4e86\u5267\u71674-1536x1152.jpg 1536w, https:\/\/www.allersretoursasso.fr\/wp-content\/uploads\/2024\/08\/\u77e5\u4e86\u5267\u71674-2048x1536.jpg 2048w, https:\/\/www.allersretoursasso.fr\/wp-content\/uploads\/2024\/08\/\u77e5\u4e86\u5267\u71674-16x12.jpg 16w, https:\/\/www.allersretoursasso.fr\/wp-content\/uploads\/2024\/08\/\u77e5\u4e86\u5267\u71674-350x263.jpg 350w\" sizes=\"(max-width: 767px) 89vw, (max-width: 1000px) 54vw, (max-width: 1071px) 543px, 580px\" \/><\/figure>\n<\/figure>\n\n\n\n<p><mark style=\"background-color:rgba(0, 0, 0, 0)\" class=\"has-inline-color has-white-color\">000000<\/mark><\/p>\n\n\n\n<figure class=\"wp-block-embed is-type-video is-provider-youtube wp-block-embed-youtube wp-embed-aspect-16-9 wp-has-aspect-ratio\"><div class=\"wp-block-embed__wrapper\">\n<iframe loading=\"lazy\" title=\"Summer Knows \u77e5\u4e86\" width=\"525\" height=\"295\" src=\"https:\/\/www.youtube.com\/embed\/LTHXMZQLE9Q?list=PLJFZYepUmhVL92KkJ4jvQ-_BGo0HTbLpP\" frameborder=\"0\" allow=\"accelerometer; autoplay; clipboard-write; encrypted-media; gyroscope; picture-in-picture; web-share\" referrerpolicy=\"strict-origin-when-cross-origin\" allowfullscreen><\/iframe>\n<\/div><\/figure>\n\n\n\n<p><\/p>\n\n\n\n<hr class=\"wp-block-separator has-alpha-channel-opacity\"\/>\n\n\n\n<div class=\"wp-block-columns is-layout-flex wp-container-core-columns-layout-1 wp-block-columns-is-layout-flex\">\n<div class=\"wp-block-column is-layout-flow wp-block-column-is-layout-flow\"><\/div>\n<\/div>\n\n\n\n<div class=\"wp-block-columns is-layout-flex wp-container-core-columns-layout-2 wp-block-columns-is-layout-flex\">\n<div class=\"wp-block-column is-layout-flow wp-block-column-is-layout-flow\" style=\"flex-basis:33.33%\">\n<figure class=\"wp-block-image size-full\"><img loading=\"lazy\" decoding=\"async\" width=\"2560\" height=\"2560\" src=\"https:\/\/www.allersretoursasso.fr\/wp-content\/uploads\/2024\/08\/\u77e5\u4e86_\u5bfc\u6f14\u7167\u7247-edited-2-scaled.jpg\" alt=\"\" class=\"wp-image-5279\" srcset=\"https:\/\/www.allersretoursasso.fr\/wp-content\/uploads\/2024\/08\/\u77e5\u4e86_\u5bfc\u6f14\u7167\u7247-edited-2-scaled.jpg 2560w, https:\/\/www.allersretoursasso.fr\/wp-content\/uploads\/2024\/08\/\u77e5\u4e86_\u5bfc\u6f14\u7167\u7247-edited-2-300x300.jpg 300w, https:\/\/www.allersretoursasso.fr\/wp-content\/uploads\/2024\/08\/\u77e5\u4e86_\u5bfc\u6f14\u7167\u7247-edited-2-1024x1024.jpg 1024w, https:\/\/www.allersretoursasso.fr\/wp-content\/uploads\/2024\/08\/\u77e5\u4e86_\u5bfc\u6f14\u7167\u7247-edited-2-150x150.jpg 150w, https:\/\/www.allersretoursasso.fr\/wp-content\/uploads\/2024\/08\/\u77e5\u4e86_\u5bfc\u6f14\u7167\u7247-edited-2-768x768.jpg 768w, https:\/\/www.allersretoursasso.fr\/wp-content\/uploads\/2024\/08\/\u77e5\u4e86_\u5bfc\u6f14\u7167\u7247-edited-2-1536x1536.jpg 1536w, https:\/\/www.allersretoursasso.fr\/wp-content\/uploads\/2024\/08\/\u77e5\u4e86_\u5bfc\u6f14\u7167\u7247-edited-2-2048x2048.jpg 2048w, https:\/\/www.allersretoursasso.fr\/wp-content\/uploads\/2024\/08\/\u77e5\u4e86_\u5bfc\u6f14\u7167\u7247-edited-2-12x12.jpg 12w, https:\/\/www.allersretoursasso.fr\/wp-content\/uploads\/2024\/08\/\u77e5\u4e86_\u5bfc\u6f14\u7167\u7247-edited-2-100x100.jpg 100w, https:\/\/www.allersretoursasso.fr\/wp-content\/uploads\/2024\/08\/\u77e5\u4e86_\u5bfc\u6f14\u7167\u7247-edited-2-350x350.jpg 350w\" sizes=\"(max-width: 767px) 89vw, (max-width: 1000px) 54vw, (max-width: 1071px) 543px, 580px\" \/><\/figure>\n<\/div>\n\n\n\n<div class=\"wp-block-column is-layout-flow wp-block-column-is-layout-flow\" style=\"flex-basis:66.66%\">\n<p><strong>\u00c0 propos de ZHONG Hongshi<br>\/ \u5173\u4e8e\u949f\u9e3f\u9366<\/strong><\/p>\n\n\n\n<p class=\"has-small-font-size\"><\/p>\n<\/div>\n<\/div>\n\n\n\n<p class=\"has-small-font-size\"><\/p>\n\n\n\n<p class=\"has-small-font-size\">Zhong Hongshi est \u00e9crivaine et r\u00e9alisatrice. Elle a obtenu une licence de la Tisch School of the Arts de l&#8217;Universit\u00e9 de New York et un master de la USC School of Cinematic Arts. Son dernier court-m\u00e9trage, <em>Summer Knows,<\/em> a \u00e9t\u00e9 s\u00e9lectionn\u00e9 au Festival international du film de Shanghai, il a remport\u00e9 le Prix du public aux NOWNESS Short Film Awards ainsi que le Prix du meilleur sc\u00e9nario \u00e0 la Semaine du court m\u00e9trage du Village de Jia 86358.<\/p>\n\n\n\n<p class=\"has-small-font-size\">\u949f\u9e3f\u9366\uff0c\u9752\u5e74\u7f16\u5267\u3001\u5bfc\u6f14\u3002\u672c\u79d1\u6bd5\u4e1a\u4e8e\u7ebd\u7ea6\u5927\u5b66Tisch\u7535\u5f71\u5236\u4f5c\u4e13\u4e1a\uff0c\u7814\u7a76\u751f\u6bd5\u4e1a\u4e8e\u5357\u52a0\u5dde\u5927\u5b66\u7535\u5f71\u5236\u4f5c\u4e13\u4e1a\u3002\u6267\u5bfc\u77ed\u7247\u300a\u77e5\u4e86\u300b\u5165\u56f4\u4e0a\u6d77\u56fd\u9645\u7535\u5f71\u8282\u91d1\u7235\u5956\u77ed\u7247\u7ade\u8d5b\u5355\u5143\uff0cNOWNESS\u5929\u624d\u8ba1\u5212\u5e76\u83b7\u89c2\u4f17\u9009\u62e9\u8363\u8a89\uff0c86358\u8d3e\u5bb6\u5e84\u77ed\u7247\u5468\u5e76\u83b7\u6700\u4f73\u7f16\u5267\u3002<\/p>\n\n\n\n<hr class=\"wp-block-separator has-alpha-channel-opacity is-style-wide\"\/>\n\n\n\n<div class=\"wp-block-buttons is-content-justification-center is-layout-flex wp-container-core-buttons-layout-1 wp-block-buttons-is-layout-flex\">\n<div class=\"wp-block-button has-custom-width wp-block-button__width-75 has-custom-font-size is-style-outline\" style=\"font-size:16px\"><a class=\"wp-block-button__link has-black-color has-white-background-color has-text-color has-background wp-element-button\" href=\"https:\/\/www.billetweb.fr\/coa2024-allersretours\">\u8d2d\u7968\u94fe\u63a5<br>\u7ebf\u4e0a\u8d2d\u7968<\/a><\/div>\n<\/div>\n\n\n\n<p><\/p>\n\n\n\n<p class=\"has-text-align-center has-medium-font-size\"><strong><span style=\"text-decoration: underline;\">S\u00e9ance 03<\/span><\/strong><\/p>\n\n\n\n<div class=\"wp-block-columns is-layout-flex wp-container-core-columns-layout-3 wp-block-columns-is-layout-flex\">\n<div class=\"wp-block-column is-layout-flow wp-block-column-is-layout-flow\">\n<p class=\"has-text-align-center\"><strong>Jeudi 03 octobre \u00e0 19h45 au PATH<strong>\u00c9<\/strong> LES FAUVETTES<\/strong><br>58 Av. des Gobelins, 75013 Paris<\/p>\n<\/div>\n\n\n\n<div class=\"wp-block-column is-layout-flow wp-block-column-is-layout-flow\">\n<p class=\"has-text-align-center\"><strong>Dimanche 29 septembre \u00e0 <strong>15h<\/strong>00 au <strong>CIN\u00c9MA<\/strong> LUMI\u00c8RE FOURMI<\/strong><br>68 rue Pierre Corneille, 69003 Lyon<br><br><strong>Samedi 05 octobre \u00e0 <strong>16h00<\/strong> \u4e8e<\/strong><br><strong><strong>CIN\u00c9MA LES ALIZ\u00c9S<\/strong><\/strong><br>214 avenue Franklin Roosevelt, 69500 Bron<\/p>\n<\/div>\n<\/div>\n\n\n\n<div class=\"wp-block-cover is-light\" style=\"min-height:349px\"><span aria-hidden=\"true\" class=\"wp-block-cover__background has-white-background-color has-background-dim\"><\/span><div class=\"wp-block-cover__inner-container is-layout-flow wp-block-cover-is-layout-flow\">\n<div class=\"wp-block-group is-layout-flow wp-block-group-is-layout-flow\"><div class=\"wp-block-group__inner-container\">\n<figure class=\"wp-block-image size-large\"><img loading=\"lazy\" decoding=\"async\" width=\"1024\" height=\"341\" src=\"https:\/\/www.allersretoursasso.fr\/wp-content\/uploads\/2024\/09\/Twitter-1024x341.png\" alt=\"\" class=\"wp-image-5396\" srcset=\"https:\/\/www.allersretoursasso.fr\/wp-content\/uploads\/2024\/09\/Twitter-1024x341.png 1024w, https:\/\/www.allersretoursasso.fr\/wp-content\/uploads\/2024\/09\/Twitter-300x100.png 300w, https:\/\/www.allersretoursasso.fr\/wp-content\/uploads\/2024\/09\/Twitter-768x256.png 768w, https:\/\/www.allersretoursasso.fr\/wp-content\/uploads\/2024\/09\/Twitter-1536x512.png 1536w, https:\/\/www.allersretoursasso.fr\/wp-content\/uploads\/2024\/09\/Twitter-2048x683.png 2048w, https:\/\/www.allersretoursasso.fr\/wp-content\/uploads\/2024\/09\/Twitter-18x6.png 18w, https:\/\/www.allersretoursasso.fr\/wp-content\/uploads\/2024\/09\/Twitter-350x117.png 350w\" sizes=\"(max-width: 767px) 89vw, (max-width: 1000px) 54vw, (max-width: 1071px) 543px, 580px\" \/><\/figure>\n<\/div><\/div>\n<\/div><\/div>\n\n\n\n<div class=\"wp-block-group is-layout-flow wp-block-group-is-layout-flow\"><div class=\"wp-block-group__inner-container\">\n<p class=\"has-text-align-center\" style=\"font-size:15px\"><\/p>\n<\/div><\/div>\n\n\n\n<p class=\"has-text-align-center has-white-color has-text-color\" style=\"font-size:15px\"> 19h45 aux Ursuline<\/p>\n\n\n\n<p class=\"has-text-align-center has-white-color has-text-color\" style=\"font-size:15px\">06 octobre \u00e0 19h45 aux Ursulines<\/p>","protected":false},"excerpt":{"rendered":"<p>2023 \/ 20\u2019 \/ Mandarin \/ VOSTF \/ Fiction 2023 \/ 20\u2019 \/ \u666e\u901a\u8bdd \/ \u539f\u58f0\u6cd5\u8bed\u5b57\u5e55 \/ \u5267\u60c5 \u00c0 l\u2019\u00e9t\u00e9 2001, alors que la Chine apprend qu\u2019elle accueillera les 29e Jeux Olympiques d\u2019\u00e9t\u00e9, une famille se d\u00e9sint\u00e8gre lentement. Percevant les secrets des uns et des autres, Hui, une fillette de six ans, ne veut qu&#8217;une &hellip; <\/p>\n<p class=\"link-more\"><a href=\"https:\/\/www.allersretoursasso.fr\/zh\/coming-of-age-2024-summer-knows\/\" class=\"more-link\">\u7ee7\u7eed\u9605\u8bfb<span class=\"screen-reader-text\">\u201cComing of Age 2024  &#8211; Summer Knows\u201d<\/span><\/a><\/p>","protected":false},"author":19,"featured_media":0,"parent":0,"menu_order":0,"comment_status":"closed","ping_status":"closed","template":"","meta":{"footnotes":""},"_links":{"self":[{"href":"https:\/\/www.allersretoursasso.fr\/zh\/wp-json\/wp\/v2\/pages\/5242"}],"collection":[{"href":"https:\/\/www.allersretoursasso.fr\/zh\/wp-json\/wp\/v2\/pages"}],"about":[{"href":"https:\/\/www.allersretoursasso.fr\/zh\/wp-json\/wp\/v2\/types\/page"}],"author":[{"embeddable":true,"href":"https:\/\/www.allersretoursasso.fr\/zh\/wp-json\/wp\/v2\/users\/19"}],"replies":[{"embeddable":true,"href":"https:\/\/www.allersretoursasso.fr\/zh\/wp-json\/wp\/v2\/comments?post=5242"}],"version-history":[{"count":8,"href":"https:\/\/www.allersretoursasso.fr\/zh\/wp-json\/wp\/v2\/pages\/5242\/revisions"}],"predecessor-version":[{"id":5410,"href":"https:\/\/www.allersretoursasso.fr\/zh\/wp-json\/wp\/v2\/pages\/5242\/revisions\/5410"}],"wp:attachment":[{"href":"https:\/\/www.allersretoursasso.fr\/zh\/wp-json\/wp\/v2\/media?parent=5242"}],"curies":[{"name":"wp","href":"https:\/\/api.w.org\/{rel}","templated":true}]}}