{"id":5559,"date":"2025-01-01T23:33:22","date_gmt":"2025-01-01T22:33:22","guid":{"rendered":"https:\/\/www.allersretoursasso.fr\/?page_id=5559"},"modified":"2025-02-05T09:32:56","modified_gmt":"2025-02-05T08:32:56","slug":"festival2025-blue-sun-palace","status":"publish","type":"page","link":"https:\/\/www.allersretoursasso.fr\/zh\/festival2025-blue-sun-palace\/","title":{"rendered":"Festival Allers-Retours 2025  &#8211; Blue Sun Palace"},"content":{"rendered":"<div id=\"fb-root\"><\/div>\n\n<div class=\"wp-block-media-text alignwide is-stacked-on-mobile\" style=\"grid-template-columns:41% auto\"><figure class=\"wp-block-media-text__media\"><img loading=\"lazy\" decoding=\"async\" width=\"698\" height=\"1024\" src=\"https:\/\/www.allersretoursasso.fr\/wp-content\/uploads\/2025\/01\/01-Blue-Sun-Palace-Poster-698x1024.png\" alt=\"\" class=\"wp-image-5561 size-full\" srcset=\"https:\/\/www.allersretoursasso.fr\/wp-content\/uploads\/2025\/01\/01-Blue-Sun-Palace-Poster-698x1024.png 698w, https:\/\/www.allersretoursasso.fr\/wp-content\/uploads\/2025\/01\/01-Blue-Sun-Palace-Poster-205x300.png 205w, https:\/\/www.allersretoursasso.fr\/wp-content\/uploads\/2025\/01\/01-Blue-Sun-Palace-Poster-768x1126.png 768w, https:\/\/www.allersretoursasso.fr\/wp-content\/uploads\/2025\/01\/01-Blue-Sun-Palace-Poster-1047x1536.png 1047w, https:\/\/www.allersretoursasso.fr\/wp-content\/uploads\/2025\/01\/01-Blue-Sun-Palace-Poster-1396x2048.png 1396w, https:\/\/www.allersretoursasso.fr\/wp-content\/uploads\/2025\/01\/01-Blue-Sun-Palace-Poster-8x12.png 8w, https:\/\/www.allersretoursasso.fr\/wp-content\/uploads\/2025\/01\/01-Blue-Sun-Palace-Poster-350x513.png 350w, https:\/\/www.allersretoursasso.fr\/wp-content\/uploads\/2025\/01\/01-Blue-Sun-Palace-Poster.png 1500w\" sizes=\"(max-width: 698px) 100vw, 698px\" \/><\/figure><div class=\"wp-block-media-text__content\">\n<div class=\"wp-block-group is-layout-flow wp-block-group-is-layout-flow\"><div class=\"wp-block-group__inner-container\">\n<div class=\"wp-block-group is-vertical is-layout-flex wp-container-core-group-layout-4 wp-block-group-is-layout-flex\">\n<div class=\"wp-block-group is-layout-flow wp-block-group-is-layout-flow\"><div class=\"wp-block-group__inner-container\">\n<div class=\"wp-block-group is-layout-flow wp-block-group-is-layout-flow\"><div class=\"wp-block-group__inner-container\">\n<div class=\"wp-block-group is-layout-flow wp-block-group-is-layout-flow\"><div class=\"wp-block-group__inner-container\">\n<p><\/p>\n\n\n\n<p style=\"font-size:30px;font-style:normal;font-weight:500\"><em><strong>Blue Sun Palace<\/strong><\/em><\/p>\n\n\n\n<p style=\"font-size:30px;font-style:normal;font-weight:500\">\u84dd\u8272\u592a\u9633\u5bab<\/p>\n\n\n\n<p class=\"has-medium-font-size\">Constance TSANG<\/p>\n\n\n\n<p class=\"has-medium-font-size\">\u66fe\u4f69\u88d5<\/p>\n\n\n\n<p class=\"has-small-font-size\"><a href=\"https:\/\/www.allersretoursasso.fr\/zh\/annee-festival-2025\/\" target=\"_blank\" rel=\"noreferrer noopener\">\u00c9dition 2025<\/a><\/p>\n\n\n\n<p style=\"font-size:10px\"><\/p>\n\n\n\n<p class=\"has-text-align-center\"><\/p>\n<\/div><\/div>\n<\/div><\/div>\n<\/div><\/div>\n<\/div>\n<\/div><\/div>\n<\/div><\/div>\n\n\n\n<h2 class=\"wp-block-heading\"><\/h2>\n\n\n\n<p class=\"has-text-align-center has-small-font-size\"><em>2024 \/ 116\u2019 \/ Mandarin, Anglais \/ VOSTF \/ Fiction<\/em><\/p>\n\n\n\n<p class=\"has-text-align-center\" style=\"font-size:14px\"><em>Prix French Touch de la Semaine de la Critique \u00e0 Cannes<\/em><\/p>\n\n\n\n<p class=\"has-text-align-left\" style=\"font-size:16px\">Une perte soudaine cimente une relation inattendue entre deux migrants de la communaut\u00e9 chinoise du Queens. Loin de leur pays d&#8217;origine et travaillant sans rel\u00e2che pour subvenir \u00e0 leurs besoins, ils traversent ensemble leur deuil, cherchant \u00e0 se reconstruire.<\/p>\n\n\n\n<p style=\"font-size:16px\"><em>Ce film sensible joue sur la subtilit\u00e9 et les non-dits pour parler d&#8217;un deuil partag\u00e9 et des difficult\u00e9s li\u00e9es \u00e0 la condition d&#8217;immigr\u00e9s aux \u00c9tats-Unis. Un tr\u00e8s joli premier long-m\u00e9trage sur la rencontre de deux solitudes.<\/em><\/p>\n\n\n\n<p><\/p>\n\n\n\n<p class=\"has-text-align-center\"><em>2024 \/ 116\u2019 \/ \u666e\u901a\u8bdd\uff0c\u82f1\u8bed \/ \u539f\u58f0\u6cd5\u8bed\u5b57\u5e55 \/ \u5267\u60c5<\/em><\/p>\n\n\n\n<p>\u5728\u7ebd\u7ea6\uff0c\u84dd\u8272\u592a\u9633\u5bab\u662fDidi\u3001Amy\u548c\u534e\u4eba\u670b\u53cb\u4eec\u7684\u907f\u98ce\u6e2f\u3002\u8fdc\u79bb\u6545\u4e61\u7684\u4ed6\u4eec\uff0c\u5728\u8fd9\u91cc\u4e00\u8d77\u7ecf\u5386\u751f\u6d3b\u7684\u8270\u8f9b\u4e0e\u5931\u610f\uff0c\u4e5f\u5728\u76f8\u4e92\u7597\u6108\u4e2d\u5bfb\u627e\u7740\u5bb6\u5ead\u7684\u6e29\u6696\u3002<\/p>\n\n\n\n<p><em>\u8fd9\u662f\u4e00\u90e8\u5145\u6ee1\u611f\u6027\u7684\u7535\u5f71\uff0c\u4ee5\u7ec6\u817b\u7684\u955c\u5934\u8bed\u8a00\u5a13\u5a13\u9053\u51fa\u672a\u8a00\u660e\u7684\u60c5\u611f\uff0c\u8bb2\u8ff0\u4e86\u8fd9\u4e2a\u5173\u4e8e\u4e24\u4e2a\u5b64\u72ec\u7075\u9b42\u76f8\u9047\u7684\u7f8e\u4e3d\u6545\u4e8b\u300216\u6beb\u7c73\u80f6\u7247\u7684\u62cd\u6444\u65b9\u5f0f\u8ba9\u5f71\u7247\u66f4\u663e\u771f\u5b9e\u800c\u79c1\u5bc6\u3002<\/em><\/p>\n\n\n\n<figure class=\"wp-block-gallery has-nested-images columns-default is-cropped wp-block-gallery-1 is-layout-flex wp-block-gallery-is-layout-flex\">\n<figure class=\"wp-block-image size-full\"><img loading=\"lazy\" decoding=\"async\" width=\"1920\" height=\"1152\" data-id=\"5612\" src=\"https:\/\/www.allersretoursasso.fr\/wp-content\/uploads\/2025\/01\/ayd20-no5w1.jpg\" alt=\"\" class=\"wp-image-5612\" srcset=\"https:\/\/www.allersretoursasso.fr\/wp-content\/uploads\/2025\/01\/ayd20-no5w1.jpg 1920w, https:\/\/www.allersretoursasso.fr\/wp-content\/uploads\/2025\/01\/ayd20-no5w1-300x180.jpg 300w, https:\/\/www.allersretoursasso.fr\/wp-content\/uploads\/2025\/01\/ayd20-no5w1-1024x614.jpg 1024w, https:\/\/www.allersretoursasso.fr\/wp-content\/uploads\/2025\/01\/ayd20-no5w1-768x461.jpg 768w, https:\/\/www.allersretoursasso.fr\/wp-content\/uploads\/2025\/01\/ayd20-no5w1-1536x922.jpg 1536w, https:\/\/www.allersretoursasso.fr\/wp-content\/uploads\/2025\/01\/ayd20-no5w1-18x12.jpg 18w, https:\/\/www.allersretoursasso.fr\/wp-content\/uploads\/2025\/01\/ayd20-no5w1-350x210.jpg 350w\" sizes=\"(max-width: 767px) 89vw, (max-width: 1000px) 54vw, (max-width: 1071px) 543px, 580px\" \/><\/figure>\n\n\n\n<figure class=\"wp-block-image size-large\"><img loading=\"lazy\" decoding=\"async\" width=\"1024\" height=\"643\" data-id=\"5563\" src=\"https:\/\/www.allersretoursasso.fr\/wp-content\/uploads\/2025\/01\/STILL2-1024x643.png\" alt=\"\" class=\"wp-image-5563\" srcset=\"https:\/\/www.allersretoursasso.fr\/wp-content\/uploads\/2025\/01\/STILL2-1024x643.png 1024w, https:\/\/www.allersretoursasso.fr\/wp-content\/uploads\/2025\/01\/STILL2-300x188.png 300w, https:\/\/www.allersretoursasso.fr\/wp-content\/uploads\/2025\/01\/STILL2-768x482.png 768w, https:\/\/www.allersretoursasso.fr\/wp-content\/uploads\/2025\/01\/STILL2-1536x964.png 1536w, https:\/\/www.allersretoursasso.fr\/wp-content\/uploads\/2025\/01\/STILL2-2048x1286.png 2048w, https:\/\/www.allersretoursasso.fr\/wp-content\/uploads\/2025\/01\/STILL2-18x12.png 18w, https:\/\/www.allersretoursasso.fr\/wp-content\/uploads\/2025\/01\/STILL2-350x220.png 350w\" sizes=\"(max-width: 767px) 89vw, (max-width: 1000px) 54vw, (max-width: 1071px) 543px, 580px\" \/><\/figure>\n<\/figure>\n\n\n\n<figure class=\"wp-block-image size-large\"><img loading=\"lazy\" decoding=\"async\" width=\"1024\" height=\"643\" src=\"https:\/\/www.allersretoursasso.fr\/wp-content\/uploads\/2025\/01\/STILL1-1024x643.png\" alt=\"\" class=\"wp-image-5564\" srcset=\"https:\/\/www.allersretoursasso.fr\/wp-content\/uploads\/2025\/01\/STILL1-1024x643.png 1024w, https:\/\/www.allersretoursasso.fr\/wp-content\/uploads\/2025\/01\/STILL1-300x188.png 300w, https:\/\/www.allersretoursasso.fr\/wp-content\/uploads\/2025\/01\/STILL1-768x482.png 768w, https:\/\/www.allersretoursasso.fr\/wp-content\/uploads\/2025\/01\/STILL1-1536x964.png 1536w, https:\/\/www.allersretoursasso.fr\/wp-content\/uploads\/2025\/01\/STILL1-2048x1286.png 2048w, https:\/\/www.allersretoursasso.fr\/wp-content\/uploads\/2025\/01\/STILL1-18x12.png 18w, https:\/\/www.allersretoursasso.fr\/wp-content\/uploads\/2025\/01\/STILL1-350x220.png 350w\" sizes=\"(max-width: 767px) 89vw, (max-width: 1000px) 54vw, (max-width: 1071px) 543px, 580px\" \/><\/figure>\n\n\n\n<figure class=\"wp-block-embed is-type-video is-provider-youtube wp-block-embed-youtube wp-embed-aspect-4-3 wp-has-aspect-ratio\"><div class=\"wp-block-embed__wrapper\">\n<iframe loading=\"lazy\" title=\"Blue Sun Palace\" width=\"525\" height=\"394\" src=\"https:\/\/www.youtube.com\/embed\/C2iKzhBZRew?feature=oembed\" frameborder=\"0\" allow=\"accelerometer; autoplay; clipboard-write; encrypted-media; gyroscope; picture-in-picture; web-share\" referrerpolicy=\"strict-origin-when-cross-origin\" allowfullscreen><\/iframe>\n<\/div><\/figure>\n\n\n\n<p><\/p>\n\n\n\n<div class=\"wp-block-columns is-layout-flex wp-container-core-columns-layout-1 wp-block-columns-is-layout-flex\">\n<div class=\"wp-block-column is-layout-flow wp-block-column-is-layout-flow\"><\/div>\n<\/div>\n\n\n\n<hr class=\"wp-block-separator has-alpha-channel-opacity\"\/>\n\n\n\n<div class=\"wp-block-columns is-layout-flex wp-container-core-columns-layout-2 wp-block-columns-is-layout-flex\">\n<div class=\"wp-block-column is-layout-flow wp-block-column-is-layout-flow\"><\/div>\n<\/div>\n\n\n\n<div class=\"wp-block-columns is-layout-flex wp-container-core-columns-layout-3 wp-block-columns-is-layout-flex\">\n<div class=\"wp-block-column is-layout-flow wp-block-column-is-layout-flow\" style=\"flex-basis:33.33%\">\n<figure class=\"wp-block-image size-large\"><img loading=\"lazy\" decoding=\"async\" width=\"2560\" height=\"2560\" src=\"https:\/\/www.allersretoursasso.fr\/wp-content\/uploads\/2025\/01\/Constance-Tsang-edited-scaled.jpeg\" alt=\"\" class=\"wp-image-5695\" srcset=\"https:\/\/www.allersretoursasso.fr\/wp-content\/uploads\/2025\/01\/Constance-Tsang-edited-scaled.jpeg 2560w, https:\/\/www.allersretoursasso.fr\/wp-content\/uploads\/2025\/01\/Constance-Tsang-edited-300x300.jpeg 300w, https:\/\/www.allersretoursasso.fr\/wp-content\/uploads\/2025\/01\/Constance-Tsang-edited-1024x1024.jpeg 1024w, https:\/\/www.allersretoursasso.fr\/wp-content\/uploads\/2025\/01\/Constance-Tsang-edited-150x150.jpeg 150w, https:\/\/www.allersretoursasso.fr\/wp-content\/uploads\/2025\/01\/Constance-Tsang-edited-768x768.jpeg 768w, https:\/\/www.allersretoursasso.fr\/wp-content\/uploads\/2025\/01\/Constance-Tsang-edited-1536x1536.jpeg 1536w, https:\/\/www.allersretoursasso.fr\/wp-content\/uploads\/2025\/01\/Constance-Tsang-edited-2048x2048.jpeg 2048w, https:\/\/www.allersretoursasso.fr\/wp-content\/uploads\/2025\/01\/Constance-Tsang-edited-12x12.jpeg 12w, https:\/\/www.allersretoursasso.fr\/wp-content\/uploads\/2025\/01\/Constance-Tsang-edited-100x100.jpeg 100w, https:\/\/www.allersretoursasso.fr\/wp-content\/uploads\/2025\/01\/Constance-Tsang-edited-350x350.jpeg 350w\" sizes=\"(max-width: 767px) 89vw, (max-width: 1000px) 54vw, (max-width: 1071px) 543px, 580px\" \/><\/figure>\n<\/div>\n\n\n\n<div class=\"wp-block-column is-layout-flow wp-block-column-is-layout-flow\" style=\"flex-basis:66.66%\">\n<p><strong><strong>\u00c0 propos de<\/strong> Constance TSANG<\/strong><\/p>\n\n\n\n<p class=\"has-small-font-size\"><\/p>\n<\/div>\n<\/div>\n\n\n\n<p class=\"has-small-font-size\"><\/p>\n\n\n\n<p style=\"font-size:14px\">Constance Tsang est une r\u00e9alisatrice am\u00e9ricaine bas\u00e9e \u00e0 New York. Elle est dipl\u00f4m\u00e9e d\u2019un Master en \u00e9criture sc\u00e9naristique et r\u00e9alisation de l\u2019Universit\u00e9 de Columbia. <em>Blue Sun Palace <\/em>est son premier long m\u00e9trage.<\/p>\n\n\n\n<p class=\"has-small-font-size\"><\/p>\n\n\n\n<p>\u66fe\u4f69\u88d5\u662f\u4e00\u4f4d\u7f8e\u56fd\u5bfc\u6f14\uff0c\u73b0\u5c45\u7ebd\u7ea6\uff0c\u6bd5\u4e1a\u4e8e\u54e5\u4f26\u6bd4\u4e9a\u5927\u5b66\uff0c\u62e5\u6709\u7f16\u5267\u4e0e\u5bfc\u6f14\u7855\u58eb\u5b66\u4f4d\uff0c\u5e76\u66fe\u83b7\u5f97Robert Gore Rifkind Launch Fund\u5956\u5b66\u91d1\u8d5e\u52a9\u3002\u5979\u7684\u521b\u4f5c\u9879\u76ee\u5f97\u5230\u4e86Starlight Stars Collective\u548cTribeca Film\u7684\u652f\u6301\u3002\u300a\u84dd\u8272\u592a\u9633\u5bab\u300b\u662f\u5979\u6267\u5bfc\u7684\u9996\u90e8\u957f\u7247\u3002<\/p>\n\n\n\n<p class=\"has-small-font-size\"><\/p>\n\n\n\n<hr class=\"wp-block-separator has-alpha-channel-opacity is-style-wide\"\/>\n\n\n\n<div class=\"wp-block-columns is-layout-flex wp-container-core-columns-layout-4 wp-block-columns-is-layout-flex\">\n<div class=\"wp-block-column is-layout-flow wp-block-column-is-layout-flow\"><\/div>\n<\/div>\n\n\n\n<div class=\"wp-block-columns is-layout-flex wp-container-core-columns-layout-6 wp-block-columns-is-layout-flex\">\n<div class=\"wp-block-column is-layout-flow wp-block-column-is-layout-flow\" style=\"flex-basis:100%\">\n<div class=\"wp-block-columns is-layout-flex wp-container-core-columns-layout-5 wp-block-columns-is-layout-flex\">\n<div class=\"wp-block-column is-layout-flow wp-block-column-is-layout-flow\" style=\"flex-basis:50%\">\n<div class=\"wp-block-buttons is-content-justification-center is-layout-flex wp-container-core-buttons-layout-1 wp-block-buttons-is-layout-flex\">\n<div class=\"wp-block-button has-custom-width wp-block-button__width-100 has-custom-font-size is-style-outline\" style=\"font-size:16px\"><a class=\"wp-block-button__link has-black-color has-white-background-color has-text-color has-background wp-element-button\" href=\"https:\/\/www.billetweb.fr\/far2025\" target=\"_blank\" rel=\"noreferrer noopener\">R\u00e9servez vos billets (Paris)<br>\u7ebf\u4e0a\u8d2d\u7968\uff08\u5df4\u9ece\uff09<\/a><\/div>\n<\/div>\n<\/div>\n\n\n\n<div class=\"wp-block-column is-layout-flow wp-block-column-is-layout-flow\" style=\"flex-basis:50%\">\n<div class=\"wp-block-buttons is-content-justification-center is-layout-flex wp-container-core-buttons-layout-2 wp-block-buttons-is-layout-flex\">\n<div class=\"wp-block-button has-custom-width wp-block-button__width-100 has-custom-font-size is-style-outline\" style=\"font-size:16px\"><a class=\"wp-block-button__link has-black-color has-white-background-color has-text-color has-background wp-element-button\" href=\"https:\/\/www.billetweb.fr\/far2025-lyon\" target=\"_blank\" rel=\"noreferrer noopener\">R\u00e9servez vos billets (Lyon)<br>\u7ebf\u4e0a\u8d2d\u7968\uff08\u91cc\u6602\uff09<\/a><\/div>\n<\/div>\n<\/div>\n<\/div>\n<\/div>\n<\/div>\n\n\n\n<p class=\"has-text-align-center\" style=\"font-size:18px\"><strong>Paris<\/strong><\/p>\n\n\n\n<p class=\"has-text-align-center\"><strong>Ven. 31 janvier \u00e0 20h15 <\/strong>au\u00a0Mus\u00e9e Guimet, s\u00e9ance d&#8217;ouverture en pr\u00e9sence de l&#8217;actrice principale du film Wu Kexi<br><strong>Sam. 9 f\u00e9vrier \u00e0 14h30 <\/strong>au\u00a0Path\u00e9 Les Fauvettes, s\u00e9ance suivie d&#8217;une Q&amp;A avec Wu Kexi<\/p>\n\n\n\n<p class=\"has-text-align-center\" style=\"font-size:18px\"><strong>Lyon<\/strong><\/p>\n\n\n\n<p class=\"has-text-align-center\"><strong>Mer. 12 f\u00e9vrier \u00e0 20h30 <\/strong>au&nbsp;Cin\u00e9ma Lumi\u00e8re Fourmi<\/p>\n\n\n\n<p><\/p>\n\n\n\n<div class=\"wp-block-cover is-light\" style=\"min-height:349px\"><span aria-hidden=\"true\" class=\"wp-block-cover__background has-white-background-color has-background-dim\"><\/span><div class=\"wp-block-cover__inner-container is-layout-flow wp-block-cover-is-layout-flow\">\n<div class=\"wp-block-group is-layout-flow wp-block-group-is-layout-flow\"><div class=\"wp-block-group__inner-container\">\n<figure class=\"wp-block-image size-large\"><a href=\"https:\/\/www.allersretoursasso.fr\/zh\/annee-festival-2025\/\" target=\"_blank\" rel=\"noreferrer noopener\"><img loading=\"lazy\" decoding=\"async\" width=\"1024\" height=\"342\" src=\"https:\/\/www.allersretoursasso.fr\/wp-content\/uploads\/2025\/01\/Twitter-banner-copy-1024x342.png\" alt=\"\" class=\"wp-image-5568\" srcset=\"https:\/\/www.allersretoursasso.fr\/wp-content\/uploads\/2025\/01\/Twitter-banner-copy-1024x342.png 1024w, https:\/\/www.allersretoursasso.fr\/wp-content\/uploads\/2025\/01\/Twitter-banner-copy-300x100.png 300w, https:\/\/www.allersretoursasso.fr\/wp-content\/uploads\/2025\/01\/Twitter-banner-copy-768x256.png 768w, https:\/\/www.allersretoursasso.fr\/wp-content\/uploads\/2025\/01\/Twitter-banner-copy-18x6.png 18w, https:\/\/www.allersretoursasso.fr\/wp-content\/uploads\/2025\/01\/Twitter-banner-copy-350x117.png 350w, https:\/\/www.allersretoursasso.fr\/wp-content\/uploads\/2025\/01\/Twitter-banner-copy.png 1501w\" sizes=\"(max-width: 767px) 89vw, (max-width: 1000px) 54vw, (max-width: 1071px) 543px, 580px\" \/><\/a><\/figure>\n<\/div><\/div>\n<\/div><\/div>\n\n\n\n<div class=\"wp-block-group is-layout-flow wp-block-group-is-layout-flow\"><div class=\"wp-block-group__inner-container\">\n<p class=\"has-text-align-center\" style=\"font-size:15px\"><\/p>\n<\/div><\/div>\n\n\n\n<p class=\"has-text-align-center has-white-color has-text-color\" style=\"font-size:15px\"> 19h45 aux Ursuline<\/p>\n\n\n\n<p class=\"has-text-align-center has-white-color has-text-color\" style=\"font-size:15px\">06 octobre \u00e0 19h45 aux Ursulines<\/p>","protected":false},"excerpt":{"rendered":"<p>2024 \/ 116\u2019 \/ Mandarin, Anglais \/ VOSTF \/ Fiction Prix French Touch de la Semaine de la Critique \u00e0 Cannes Une perte soudaine cimente une relation inattendue entre deux migrants de la communaut\u00e9 chinoise du Queens. Loin de leur pays d&#8217;origine et travaillant sans rel\u00e2che pour subvenir \u00e0 leurs besoins, ils traversent ensemble leur &hellip; <\/p>\n<p class=\"link-more\"><a href=\"https:\/\/www.allersretoursasso.fr\/zh\/festival2025-blue-sun-palace\/\" class=\"more-link\">\u7ee7\u7eed\u9605\u8bfb<span class=\"screen-reader-text\">\u201cFestival Allers-Retours 2025  &#8211; Blue Sun Palace\u201d<\/span><\/a><\/p>","protected":false},"author":17,"featured_media":0,"parent":0,"menu_order":0,"comment_status":"closed","ping_status":"closed","template":"","meta":{"footnotes":""},"_links":{"self":[{"href":"https:\/\/www.allersretoursasso.fr\/zh\/wp-json\/wp\/v2\/pages\/5559"}],"collection":[{"href":"https:\/\/www.allersretoursasso.fr\/zh\/wp-json\/wp\/v2\/pages"}],"about":[{"href":"https:\/\/www.allersretoursasso.fr\/zh\/wp-json\/wp\/v2\/types\/page"}],"author":[{"embeddable":true,"href":"https:\/\/www.allersretoursasso.fr\/zh\/wp-json\/wp\/v2\/users\/17"}],"replies":[{"embeddable":true,"href":"https:\/\/www.allersretoursasso.fr\/zh\/wp-json\/wp\/v2\/comments?post=5559"}],"version-history":[{"count":16,"href":"https:\/\/www.allersretoursasso.fr\/zh\/wp-json\/wp\/v2\/pages\/5559\/revisions"}],"predecessor-version":[{"id":6174,"href":"https:\/\/www.allersretoursasso.fr\/zh\/wp-json\/wp\/v2\/pages\/5559\/revisions\/6174"}],"wp:attachment":[{"href":"https:\/\/www.allersretoursasso.fr\/zh\/wp-json\/wp\/v2\/media?parent=5559"}],"curies":[{"name":"wp","href":"https:\/\/api.w.org\/{rel}","templated":true}]}}