{"id":5570,"date":"2025-01-01T23:59:23","date_gmt":"2025-01-01T22:59:23","guid":{"rendered":"https:\/\/www.allersretoursasso.fr\/?page_id=5570"},"modified":"2025-02-05T09:29:13","modified_gmt":"2025-02-05T08:29:13","slug":"festival2025-carp-leaping-over-dragons-gate","status":"publish","type":"page","link":"https:\/\/www.allersretoursasso.fr\/zh\/festival2025-carp-leaping-over-dragons-gate\/","title":{"rendered":"Festival Allers-Retours 2025  &#8211; Carp Leaping Over Dragon&#8217;s Gate"},"content":{"rendered":"<div id=\"fb-root\"><\/div>\n\n<div class=\"wp-block-media-text alignwide is-stacked-on-mobile\" style=\"grid-template-columns:41% auto\"><figure class=\"wp-block-media-text__media\"><img loading=\"lazy\" decoding=\"async\" width=\"683\" height=\"1024\" src=\"https:\/\/www.allersretoursasso.fr\/wp-content\/uploads\/2025\/01\/02-Carp-Leaping-Over-Dragons-Gate-Poster-683x1024.jpg\" alt=\"\" class=\"wp-image-5572 size-full\" srcset=\"https:\/\/www.allersretoursasso.fr\/wp-content\/uploads\/2025\/01\/02-Carp-Leaping-Over-Dragons-Gate-Poster-683x1024.jpg 683w, https:\/\/www.allersretoursasso.fr\/wp-content\/uploads\/2025\/01\/02-Carp-Leaping-Over-Dragons-Gate-Poster-200x300.jpg 200w, https:\/\/www.allersretoursasso.fr\/wp-content\/uploads\/2025\/01\/02-Carp-Leaping-Over-Dragons-Gate-Poster-768x1152.jpg 768w, https:\/\/www.allersretoursasso.fr\/wp-content\/uploads\/2025\/01\/02-Carp-Leaping-Over-Dragons-Gate-Poster-1024x1536.jpg 1024w, https:\/\/www.allersretoursasso.fr\/wp-content\/uploads\/2025\/01\/02-Carp-Leaping-Over-Dragons-Gate-Poster-1365x2048.jpg 1365w, https:\/\/www.allersretoursasso.fr\/wp-content\/uploads\/2025\/01\/02-Carp-Leaping-Over-Dragons-Gate-Poster-8x12.jpg 8w, https:\/\/www.allersretoursasso.fr\/wp-content\/uploads\/2025\/01\/02-Carp-Leaping-Over-Dragons-Gate-Poster-350x525.jpg 350w, https:\/\/www.allersretoursasso.fr\/wp-content\/uploads\/2025\/01\/02-Carp-Leaping-Over-Dragons-Gate-Poster-scaled.jpg 1707w\" sizes=\"(max-width: 683px) 100vw, 683px\" \/><\/figure><div class=\"wp-block-media-text__content\">\n<div class=\"wp-block-group is-layout-flow wp-block-group-is-layout-flow\"><div class=\"wp-block-group__inner-container\">\n<div class=\"wp-block-group is-vertical is-layout-flex wp-container-core-group-layout-4 wp-block-group-is-layout-flex\">\n<div class=\"wp-block-group is-layout-flow wp-block-group-is-layout-flow\"><div class=\"wp-block-group__inner-container\">\n<div class=\"wp-block-group is-layout-flow wp-block-group-is-layout-flow\"><div class=\"wp-block-group__inner-container\">\n<div class=\"wp-block-group is-layout-flow wp-block-group-is-layout-flow\"><div class=\"wp-block-group__inner-container\">\n<p><\/p>\n\n\n\n<p style=\"font-size:30px;font-style:normal;font-weight:500\"><em><strong>Carp Leaping Over Dragon&#8217;s Gate<\/strong><\/em><\/p>\n\n\n\n<p style=\"font-size:30px;font-style:normal;font-weight:500\">\u83e0\u841d\uff0c\u51e4\u68a8<\/p>\n\n\n\n<p class=\"has-medium-font-size\">YAN Xiaolin<\/p>\n\n\n\n<p class=\"has-medium-font-size\">\u95eb\u5578\u6797<\/p>\n\n\n\n<p class=\"has-small-font-size\"><a href=\"https:\/\/www.allersretoursasso.fr\/zh\/annee-festival-2025\/\" target=\"_blank\" rel=\"noreferrer noopener\">\u00c9dition 2025<\/a><\/p>\n\n\n\n<p style=\"font-size:10px\"><\/p>\n\n\n\n<p class=\"has-text-align-center\"><\/p>\n<\/div><\/div>\n<\/div><\/div>\n<\/div><\/div>\n<\/div>\n<\/div><\/div>\n<\/div><\/div>\n\n\n\n<h2 class=\"wp-block-heading\"><\/h2>\n\n\n\n<p class=\"has-text-align-center\" style=\"font-size:14px\"><em>2023 \/ 101\u2019 \/ Mandarin \/ VOSTF \/ Fiction<\/em><\/p>\n\n\n\n<p class=\"has-text-align-center\" style=\"font-size:14px\"><em>Nomm\u00e9 au meilleur sc\u00e9nario du 60e Golden Horse Awards<\/em><\/p>\n\n\n\n<p style=\"font-size:16px\">En Chine, l&#8217;examen d&#8217;entr\u00e9e \u00e0 l&#8217;universit\u00e9, le&nbsp;<em>Gaokao<\/em>, est souvent l\u2019unique espoir pour les familles modestes d\u2019am\u00e9liorer leur condition. Dans ce contexte de comp\u00e9tition acharn\u00e9e, une m\u00e8re, Jing Wei, d\u00e9cide de tout risquer pour offrir une meilleure vie \u00e0 sa fille, Jin Miao, en la faisant migrer vers une autre province. Mais de cette d\u00e9cision, s&#8217;ensuit une s\u00e9rie d\u2019impr\u00e9vus\u2026<\/p>\n\n\n\n<p style=\"font-size:16px\"><em>Par sa mise en sc\u00e8ne r\u00e9aliste et poignante, son noir et blanc \u00e9pur\u00e9, YAN Xiaolin livre un saisissant portrait de la lutte d\u2019une m\u00e8re en qu\u00eate de dignit\u00e9 face \u00e0 l\u2019injustice. Le film explore \u00e0 la fois les tensions du sacrifice familial et les contradictions du syst\u00e8me qui promet l\u2019ascension sociale mais qui en exacerbe les in\u00e9galit\u00e9s.<\/em><\/p>\n\n\n\n<p><\/p>\n\n\n\n<p class=\"has-text-align-center\"><em>2023 \/ 101\u2019 \/ \u666e\u901a\u8bdd \/ \u539f\u58f0\u6cd5\u8bed\u5b57\u5e55 \/ \u5267\u60c5<\/em><\/p>\n\n\n\n<p>2008\u5e74\uff0c\u5c71\u4e1c\u7701\u4e00\u5c0f\u53bf\u57ce\uff0c\u5988\u5988\u8346\u4f1f\u5e26\u7740\u5973\u513f\u91d1\u82d7\u8270\u96be\u751f\u6d3b\u3002\u91d1\u82d7\u7684\u9ad8\u8003\u662f\u6539\u53d8\u6bcd\u5973\u547d\u8fd0\u7684\u5e0c\u671b\uff0c\u7136\u800c\u5728\u7ade\u4e89\u6fc0\u70c8\u7684\u5c71\u4e1c\uff0c\u91d1\u82d7\u8003\u5b66\u5e0c\u671b\u6e3a\u832b\u3002\u8346\u4f1f\u4e0d\u60dc\u94e4\u800c\u8d70\u9669\uff0c\u51b3\u5b9a\u8ba9\u5973\u513f\u201c\u9ad8\u8003\u79fb\u6c11\u201d\u53bb\u6d77\u5357\u8d74\u8003\uff0c\u6ca1\u60f3\u5230\u66f4\u5927\u7684\u5371\u673a\u6f5c\u4f0f\u7740\u3002<\/p>\n\n\n\n<p><em>\u901a\u8fc7\u7ec6\u817b\u800c\u6df1\u523b\u7684\u73b0\u5b9e\u4e3b\u4e49\u955c\u5934\uff0c\u4ee5\u6781\u7b80\u7684\u9ed1\u767d\u753b\u9762\uff0c\u5448\u73b0\u201c\u9ad8\u8003\u79fb\u6c11\u201d\u7684\u5f62\u8c61\u53ca\u4e00\u4f4d\u6bcd\u4eb2\u4e3a\u8ffd\u6c42\u5c0a\u4e25\u4e0e\u5e73\u7b49\u800c\u8fdb\u884c\u7684\u7edd\u671b\u6297\u4e89\u3002<\/em><\/p>\n\n\n\n<figure class=\"wp-block-gallery has-nested-images columns-default is-cropped wp-block-gallery-1 is-layout-flex wp-block-gallery-is-layout-flex\">\n<figure class=\"wp-block-image size-large\"><img loading=\"lazy\" decoding=\"async\" width=\"1024\" height=\"576\" data-id=\"5576\" src=\"https:\/\/www.allersretoursasso.fr\/wp-content\/uploads\/2025\/01\/CLODG-Still1-1-1024x576.png\" alt=\"\" class=\"wp-image-5576\" srcset=\"https:\/\/www.allersretoursasso.fr\/wp-content\/uploads\/2025\/01\/CLODG-Still1-1-1024x576.png 1024w, https:\/\/www.allersretoursasso.fr\/wp-content\/uploads\/2025\/01\/CLODG-Still1-1-300x169.png 300w, https:\/\/www.allersretoursasso.fr\/wp-content\/uploads\/2025\/01\/CLODG-Still1-1-768x432.png 768w, https:\/\/www.allersretoursasso.fr\/wp-content\/uploads\/2025\/01\/CLODG-Still1-1-1536x864.png 1536w, https:\/\/www.allersretoursasso.fr\/wp-content\/uploads\/2025\/01\/CLODG-Still1-1-18x10.png 18w, https:\/\/www.allersretoursasso.fr\/wp-content\/uploads\/2025\/01\/CLODG-Still1-1-350x197.png 350w, https:\/\/www.allersretoursasso.fr\/wp-content\/uploads\/2025\/01\/CLODG-Still1-1.png 1920w\" sizes=\"(max-width: 767px) 89vw, (max-width: 1000px) 54vw, (max-width: 1071px) 543px, 580px\" \/><\/figure>\n\n\n\n<figure class=\"wp-block-image size-large\"><img loading=\"lazy\" decoding=\"async\" width=\"1024\" height=\"576\" data-id=\"5579\" src=\"https:\/\/www.allersretoursasso.fr\/wp-content\/uploads\/2025\/01\/CLODG-Still2-1-1024x576.png\" alt=\"\" class=\"wp-image-5579\" srcset=\"https:\/\/www.allersretoursasso.fr\/wp-content\/uploads\/2025\/01\/CLODG-Still2-1-1024x576.png 1024w, https:\/\/www.allersretoursasso.fr\/wp-content\/uploads\/2025\/01\/CLODG-Still2-1-300x169.png 300w, https:\/\/www.allersretoursasso.fr\/wp-content\/uploads\/2025\/01\/CLODG-Still2-1-768x432.png 768w, https:\/\/www.allersretoursasso.fr\/wp-content\/uploads\/2025\/01\/CLODG-Still2-1-1536x864.png 1536w, https:\/\/www.allersretoursasso.fr\/wp-content\/uploads\/2025\/01\/CLODG-Still2-1-18x10.png 18w, https:\/\/www.allersretoursasso.fr\/wp-content\/uploads\/2025\/01\/CLODG-Still2-1-350x197.png 350w, https:\/\/www.allersretoursasso.fr\/wp-content\/uploads\/2025\/01\/CLODG-Still2-1.png 1920w\" sizes=\"(max-width: 767px) 89vw, (max-width: 1000px) 54vw, (max-width: 1071px) 543px, 580px\" \/><\/figure>\n\n\n\n<figure class=\"wp-block-image size-large\"><img loading=\"lazy\" decoding=\"async\" width=\"1024\" height=\"576\" data-id=\"5577\" src=\"https:\/\/www.allersretoursasso.fr\/wp-content\/uploads\/2025\/01\/CLODG-Still3-1-1024x576.png\" alt=\"\" class=\"wp-image-5577\" srcset=\"https:\/\/www.allersretoursasso.fr\/wp-content\/uploads\/2025\/01\/CLODG-Still3-1-1024x576.png 1024w, https:\/\/www.allersretoursasso.fr\/wp-content\/uploads\/2025\/01\/CLODG-Still3-1-300x169.png 300w, https:\/\/www.allersretoursasso.fr\/wp-content\/uploads\/2025\/01\/CLODG-Still3-1-768x432.png 768w, https:\/\/www.allersretoursasso.fr\/wp-content\/uploads\/2025\/01\/CLODG-Still3-1-1536x864.png 1536w, https:\/\/www.allersretoursasso.fr\/wp-content\/uploads\/2025\/01\/CLODG-Still3-1-18x10.png 18w, https:\/\/www.allersretoursasso.fr\/wp-content\/uploads\/2025\/01\/CLODG-Still3-1-350x197.png 350w, https:\/\/www.allersretoursasso.fr\/wp-content\/uploads\/2025\/01\/CLODG-Still3-1.png 1920w\" sizes=\"(max-width: 767px) 89vw, (max-width: 1000px) 54vw, (max-width: 1071px) 543px, 580px\" \/><\/figure>\n\n\n\n<figure class=\"wp-block-image size-large\"><img loading=\"lazy\" decoding=\"async\" width=\"1024\" height=\"576\" data-id=\"5578\" src=\"https:\/\/www.allersretoursasso.fr\/wp-content\/uploads\/2025\/01\/CLODG-Still4-1024x576.png\" alt=\"\" class=\"wp-image-5578\" srcset=\"https:\/\/www.allersretoursasso.fr\/wp-content\/uploads\/2025\/01\/CLODG-Still4-1024x576.png 1024w, https:\/\/www.allersretoursasso.fr\/wp-content\/uploads\/2025\/01\/CLODG-Still4-300x169.png 300w, https:\/\/www.allersretoursasso.fr\/wp-content\/uploads\/2025\/01\/CLODG-Still4-768x432.png 768w, https:\/\/www.allersretoursasso.fr\/wp-content\/uploads\/2025\/01\/CLODG-Still4-1536x864.png 1536w, https:\/\/www.allersretoursasso.fr\/wp-content\/uploads\/2025\/01\/CLODG-Still4-18x10.png 18w, https:\/\/www.allersretoursasso.fr\/wp-content\/uploads\/2025\/01\/CLODG-Still4-350x197.png 350w, https:\/\/www.allersretoursasso.fr\/wp-content\/uploads\/2025\/01\/CLODG-Still4.png 1920w\" sizes=\"(max-width: 767px) 89vw, (max-width: 1000px) 54vw, (max-width: 1071px) 543px, 580px\" \/><\/figure>\n\n\n\n<figure class=\"wp-block-image size-large\"><img loading=\"lazy\" decoding=\"async\" width=\"1024\" height=\"576\" data-id=\"5580\" src=\"https:\/\/www.allersretoursasso.fr\/wp-content\/uploads\/2025\/01\/CLODG-Still5-1024x576.png\" alt=\"\" class=\"wp-image-5580\" srcset=\"https:\/\/www.allersretoursasso.fr\/wp-content\/uploads\/2025\/01\/CLODG-Still5-1024x576.png 1024w, https:\/\/www.allersretoursasso.fr\/wp-content\/uploads\/2025\/01\/CLODG-Still5-300x169.png 300w, https:\/\/www.allersretoursasso.fr\/wp-content\/uploads\/2025\/01\/CLODG-Still5-768x432.png 768w, https:\/\/www.allersretoursasso.fr\/wp-content\/uploads\/2025\/01\/CLODG-Still5-1536x864.png 1536w, https:\/\/www.allersretoursasso.fr\/wp-content\/uploads\/2025\/01\/CLODG-Still5-18x10.png 18w, https:\/\/www.allersretoursasso.fr\/wp-content\/uploads\/2025\/01\/CLODG-Still5-350x197.png 350w, https:\/\/www.allersretoursasso.fr\/wp-content\/uploads\/2025\/01\/CLODG-Still5.png 1920w\" sizes=\"(max-width: 767px) 89vw, (max-width: 1000px) 54vw, (max-width: 1071px) 543px, 580px\" \/><\/figure>\n<\/figure>\n\n\n\n<figure class=\"wp-block-embed is-type-video is-provider-youtube wp-block-embed-youtube wp-embed-aspect-16-9 wp-has-aspect-ratio\"><div class=\"wp-block-embed__wrapper\">\n<iframe loading=\"lazy\" title=\"Carp Leaping Over Dragon&#039;s Gate\" width=\"525\" height=\"295\" src=\"https:\/\/www.youtube.com\/embed\/5FjxZB-fZvc?feature=oembed\" frameborder=\"0\" allow=\"accelerometer; autoplay; clipboard-write; encrypted-media; gyroscope; picture-in-picture; web-share\" referrerpolicy=\"strict-origin-when-cross-origin\" allowfullscreen><\/iframe>\n<\/div><\/figure>\n\n\n\n<p><\/p>\n\n\n\n<div class=\"wp-block-columns is-layout-flex wp-container-core-columns-layout-1 wp-block-columns-is-layout-flex\">\n<div class=\"wp-block-column is-layout-flow wp-block-column-is-layout-flow\"><\/div>\n<\/div>\n\n\n\n<hr class=\"wp-block-separator has-alpha-channel-opacity\"\/>\n\n\n\n<div class=\"wp-block-columns is-layout-flex wp-container-core-columns-layout-2 wp-block-columns-is-layout-flex\">\n<div class=\"wp-block-column is-layout-flow wp-block-column-is-layout-flow\"><\/div>\n<\/div>\n\n\n\n<div class=\"wp-block-columns is-layout-flex wp-container-core-columns-layout-3 wp-block-columns-is-layout-flex\">\n<div class=\"wp-block-column is-layout-flow wp-block-column-is-layout-flow\" style=\"flex-basis:33.33%\">\n<figure class=\"wp-block-image size-large\"><img loading=\"lazy\" decoding=\"async\" width=\"2560\" height=\"2560\" src=\"https:\/\/www.allersretoursasso.fr\/wp-content\/uploads\/2025\/01\/Director-YAN-Xiaolin-edited-scaled.jpg\" alt=\"\" class=\"wp-image-5703\" srcset=\"https:\/\/www.allersretoursasso.fr\/wp-content\/uploads\/2025\/01\/Director-YAN-Xiaolin-edited-scaled.jpg 2560w, https:\/\/www.allersretoursasso.fr\/wp-content\/uploads\/2025\/01\/Director-YAN-Xiaolin-edited-300x300.jpg 300w, https:\/\/www.allersretoursasso.fr\/wp-content\/uploads\/2025\/01\/Director-YAN-Xiaolin-edited-1024x1024.jpg 1024w, https:\/\/www.allersretoursasso.fr\/wp-content\/uploads\/2025\/01\/Director-YAN-Xiaolin-edited-150x150.jpg 150w, https:\/\/www.allersretoursasso.fr\/wp-content\/uploads\/2025\/01\/Director-YAN-Xiaolin-edited-768x768.jpg 768w, https:\/\/www.allersretoursasso.fr\/wp-content\/uploads\/2025\/01\/Director-YAN-Xiaolin-edited-1536x1536.jpg 1536w, https:\/\/www.allersretoursasso.fr\/wp-content\/uploads\/2025\/01\/Director-YAN-Xiaolin-edited-2048x2048.jpg 2048w, https:\/\/www.allersretoursasso.fr\/wp-content\/uploads\/2025\/01\/Director-YAN-Xiaolin-edited-12x12.jpg 12w, https:\/\/www.allersretoursasso.fr\/wp-content\/uploads\/2025\/01\/Director-YAN-Xiaolin-edited-100x100.jpg 100w, https:\/\/www.allersretoursasso.fr\/wp-content\/uploads\/2025\/01\/Director-YAN-Xiaolin-edited-350x350.jpg 350w\" sizes=\"(max-width: 767px) 89vw, (max-width: 1000px) 54vw, (max-width: 1071px) 543px, 580px\" \/><\/figure>\n<\/div>\n\n\n\n<div class=\"wp-block-column is-layout-flow wp-block-column-is-layout-flow\" style=\"flex-basis:66.66%\">\n<p><strong><strong>\u00c0 propos de<\/strong> YAN Xiaolin<\/strong><\/p>\n\n\n\n<p class=\"has-small-font-size\"><\/p>\n<\/div>\n<\/div>\n\n\n\n<p style=\"font-size:14px\">N\u00e9 en 1988 dans la province du Liaoning, Yan Xiaolin est un r\u00e9alisateur et sc\u00e9nariste bas\u00e9 \u00e0 P\u00e9kin. Dipl\u00f4m\u00e9 en \u00e9conomie, il n\u2019a jamais int\u00e9gr\u00e9 d\u2019\u00e9cole de cin\u00e9ma. Son pr\u00e9c\u00e9dent sc\u00e9nario, A Family with Troubles, a \u00e9t\u00e9 s\u00e9lectionn\u00e9 au HAF Lab en 2018. Son deuxi\u00e8me long-m\u00e9trage, Carp Leaping Over Dragon&#8217;s Gate, a \u00e9t\u00e9 nomm\u00e9 au prix du meilleur sc\u00e9nario original lors de la 60e c\u00e9r\u00e9monie des Golden Horse Awards.<\/p>\n\n\n\n<p class=\"has-small-font-size\"><\/p>\n\n\n\n<p>\u95eb\u5578\u6797\uff0c\u8fbd\u5b81\u4e39\u4e1c\u4eba\uff0c\u7f16\u5267\u3001\u5bfc\u6f14\u3002\u672c\u79d1\u5c31\u8bfb\u4e8e\u5357\u4eac\u8d22\u7ecf\u5927\u5b66\u7ecf\u6d4e\u7cfb\u3002\u957f\u7247\u300a\u6e2f\u7247\u5e74\u534e\u300b\u5165\u56f4\u7b2c\u5341\u4e09\u5c4a\u4e2d\u56fd\u72ec\u7acb\u5f71\u5c55\u3002\u5267\u672c\u300a\u96be\u5ff5\u7684\u7ecf\u300b\u5165\u56f418\u5e74\u9999\u6e2fHAF\u521b\u6295\u300119\u5e74\u9752\u8471\u8ba1\u5212\u5341\u5f3a\u3002\u300a\u83e0\u841d\uff0c\u51e4\u68a8\u300b\u83b72023\u5e74\u53f0\u6e7e\u91d1\u9a6c\u5956\u6700\u4f73\u539f\u8457\u5267\u672c\u63d0\u540d\u548c\u6700\u4f73\u5973\u4e3b\u89d2\u63d0\u540d\u3002<\/p>\n\n\n\n<p class=\"has-small-font-size\"><\/p>\n\n\n\n<hr class=\"wp-block-separator has-alpha-channel-opacity is-style-wide\"\/>\n\n\n\n<div class=\"wp-block-columns is-layout-flex wp-container-core-columns-layout-4 wp-block-columns-is-layout-flex\">\n<div class=\"wp-block-column is-layout-flow wp-block-column-is-layout-flow\"><\/div>\n<\/div>\n\n\n\n<p class=\"has-text-align-center\"><\/p>\n\n\n\n<div class=\"wp-block-columns is-layout-flex wp-container-core-columns-layout-6 wp-block-columns-is-layout-flex\">\n<div class=\"wp-block-column is-layout-flow wp-block-column-is-layout-flow\" style=\"flex-basis:100%\">\n<div class=\"wp-block-columns is-layout-flex wp-container-core-columns-layout-5 wp-block-columns-is-layout-flex\">\n<div class=\"wp-block-column is-layout-flow wp-block-column-is-layout-flow\" style=\"flex-basis:50%\">\n<div class=\"wp-block-buttons is-content-justification-center is-layout-flex wp-container-core-buttons-layout-1 wp-block-buttons-is-layout-flex\">\n<div class=\"wp-block-button has-custom-width wp-block-button__width-100 has-custom-font-size is-style-outline\" style=\"font-size:16px\"><a class=\"wp-block-button__link has-black-color has-white-background-color has-text-color has-background wp-element-button\" href=\"https:\/\/www.billetweb.fr\/far2025\" target=\"_blank\" rel=\"noreferrer noopener\">R\u00e9servez vos billets (Paris)<br>\u7ebf\u4e0a\u8d2d\u7968\uff08\u5df4\u9ece\uff09<\/a><\/div>\n<\/div>\n<\/div>\n\n\n\n<div class=\"wp-block-column is-layout-flow wp-block-column-is-layout-flow\" style=\"flex-basis:50%\">\n<div class=\"wp-block-buttons is-content-justification-center is-layout-flex wp-container-core-buttons-layout-2 wp-block-buttons-is-layout-flex\">\n<div class=\"wp-block-button has-custom-width wp-block-button__width-100 has-custom-font-size is-style-outline\" style=\"font-size:16px\"><a class=\"wp-block-button__link has-black-color has-white-background-color has-text-color has-background wp-element-button\" href=\"https:\/\/www.billetweb.fr\/far2025-lyon\" target=\"_blank\" rel=\"noreferrer noopener\">R\u00e9servez vos billets (Lyon)<br>\u7ebf\u4e0a\u8d2d\u7968\uff08\u91cc\u6602\uff09<\/a><\/div>\n<\/div>\n<\/div>\n<\/div>\n<\/div>\n<\/div>\n\n\n\n<p class=\"has-text-align-center\" style=\"font-size:18px\"><strong>Paris<\/strong><\/p>\n\n\n\n<p class=\"has-text-align-center\"><strong>Sam. 1 f\u00e9vrier \u00e0 14h <\/strong>au\u00a0Path\u00e9 Les Fauvettes<br><strong>Sam. 8 f\u00e9vrier \u00e0 21h10 <\/strong>au\u00a0Studio des Ursulines, s\u00e9ance suivie d&#8217;une Q&amp;A avec le r\u00e9alisateur en visioconf\u00e9rence<\/p>\n\n\n\n<p class=\"has-text-align-center\" style=\"font-size:18px\"><strong>Lyon<\/strong><\/p>\n\n\n\n<p class=\"has-text-align-center\"><strong><strong>Ven. 21 f\u00e9vrier \u00e0 20h <\/strong><\/strong>au&nbsp;Cin\u00e9ma Les Aliz\u00e9s<\/p>\n\n\n\n<div class=\"wp-block-cover is-light\" style=\"min-height:349px\"><span aria-hidden=\"true\" class=\"wp-block-cover__background has-white-background-color has-background-dim\"><\/span><div class=\"wp-block-cover__inner-container is-layout-flow wp-block-cover-is-layout-flow\">\n<div class=\"wp-block-group is-layout-flow wp-block-group-is-layout-flow\"><div class=\"wp-block-group__inner-container\">\n<figure class=\"wp-block-image size-large\"><a href=\"https:\/\/www.allersretoursasso.fr\/zh\/annee-festival-2025\/\" target=\"_blank\" rel=\"noreferrer noopener\"><img loading=\"lazy\" decoding=\"async\" width=\"1024\" height=\"342\" src=\"https:\/\/www.allersretoursasso.fr\/wp-content\/uploads\/2025\/01\/Twitter-banner-copy-1024x342.png\" alt=\"\" class=\"wp-image-5568\" srcset=\"https:\/\/www.allersretoursasso.fr\/wp-content\/uploads\/2025\/01\/Twitter-banner-copy-1024x342.png 1024w, https:\/\/www.allersretoursasso.fr\/wp-content\/uploads\/2025\/01\/Twitter-banner-copy-300x100.png 300w, https:\/\/www.allersretoursasso.fr\/wp-content\/uploads\/2025\/01\/Twitter-banner-copy-768x256.png 768w, https:\/\/www.allersretoursasso.fr\/wp-content\/uploads\/2025\/01\/Twitter-banner-copy-18x6.png 18w, https:\/\/www.allersretoursasso.fr\/wp-content\/uploads\/2025\/01\/Twitter-banner-copy-350x117.png 350w, https:\/\/www.allersretoursasso.fr\/wp-content\/uploads\/2025\/01\/Twitter-banner-copy.png 1501w\" sizes=\"(max-width: 767px) 89vw, (max-width: 1000px) 54vw, (max-width: 1071px) 543px, 580px\" \/><\/a><\/figure>\n<\/div><\/div>\n<\/div><\/div>\n\n\n\n<p class=\"has-text-align-center has-white-color has-text-color\" style=\"font-size:15px\"> 19h45 aux Ursuline<\/p>\n\n\n\n<p class=\"has-text-align-center has-white-color has-text-color\" style=\"font-size:15px\">06 octobre \u00e0 19h45 aux Ursulines<\/p>","protected":false},"excerpt":{"rendered":"<p>2023 \/ 101\u2019 \/ Mandarin \/ VOSTF \/ Fiction Nomm\u00e9 au meilleur sc\u00e9nario du 60e Golden Horse Awards En Chine, l&#8217;examen d&#8217;entr\u00e9e \u00e0 l&#8217;universit\u00e9, le&nbsp;Gaokao, est souvent l\u2019unique espoir pour les familles modestes d\u2019am\u00e9liorer leur condition. Dans ce contexte de comp\u00e9tition acharn\u00e9e, une m\u00e8re, Jing Wei, d\u00e9cide de tout risquer pour offrir une meilleure vie &hellip; <\/p>\n<p class=\"link-more\"><a href=\"https:\/\/www.allersretoursasso.fr\/zh\/festival2025-carp-leaping-over-dragons-gate\/\" class=\"more-link\">\u7ee7\u7eed\u9605\u8bfb<span class=\"screen-reader-text\">\u201cFestival Allers-Retours 2025  &#8211; Carp Leaping Over Dragon&#8217;s Gate\u201d<\/span><\/a><\/p>","protected":false},"author":17,"featured_media":0,"parent":0,"menu_order":0,"comment_status":"closed","ping_status":"closed","template":"","meta":{"footnotes":""},"_links":{"self":[{"href":"https:\/\/www.allersretoursasso.fr\/zh\/wp-json\/wp\/v2\/pages\/5570"}],"collection":[{"href":"https:\/\/www.allersretoursasso.fr\/zh\/wp-json\/wp\/v2\/pages"}],"about":[{"href":"https:\/\/www.allersretoursasso.fr\/zh\/wp-json\/wp\/v2\/types\/page"}],"author":[{"embeddable":true,"href":"https:\/\/www.allersretoursasso.fr\/zh\/wp-json\/wp\/v2\/users\/17"}],"replies":[{"embeddable":true,"href":"https:\/\/www.allersretoursasso.fr\/zh\/wp-json\/wp\/v2\/comments?post=5570"}],"version-history":[{"count":14,"href":"https:\/\/www.allersretoursasso.fr\/zh\/wp-json\/wp\/v2\/pages\/5570\/revisions"}],"predecessor-version":[{"id":6172,"href":"https:\/\/www.allersretoursasso.fr\/zh\/wp-json\/wp\/v2\/pages\/5570\/revisions\/6172"}],"wp:attachment":[{"href":"https:\/\/www.allersretoursasso.fr\/zh\/wp-json\/wp\/v2\/media?parent=5570"}],"curies":[{"name":"wp","href":"https:\/\/api.w.org\/{rel}","templated":true}]}}