{"id":5584,"date":"2025-01-02T00:15:36","date_gmt":"2025-01-01T23:15:36","guid":{"rendered":"https:\/\/www.allersretoursasso.fr\/?page_id=5584"},"modified":"2025-01-14T19:07:22","modified_gmt":"2025-01-14T18:07:22","slug":"festival2025-after-the-snowmelt","status":"publish","type":"page","link":"https:\/\/www.allersretoursasso.fr\/zh\/festival2025-after-the-snowmelt\/","title":{"rendered":"Festival Allers-Retours 2025  &#8211; After the Snowmelt"},"content":{"rendered":"<div id=\"fb-root\"><\/div>\n\n<div class=\"wp-block-media-text alignwide is-stacked-on-mobile\" style=\"grid-template-columns:41% auto\"><figure class=\"wp-block-media-text__media\"><img loading=\"lazy\" decoding=\"async\" width=\"724\" height=\"1024\" src=\"https:\/\/www.allersretoursasso.fr\/wp-content\/uploads\/2025\/01\/03-Poster-After-the-Snowmelt-Small-724x1024.jpg\" alt=\"\" class=\"wp-image-5586 size-full\" srcset=\"https:\/\/www.allersretoursasso.fr\/wp-content\/uploads\/2025\/01\/03-Poster-After-the-Snowmelt-Small-724x1024.jpg 724w, https:\/\/www.allersretoursasso.fr\/wp-content\/uploads\/2025\/01\/03-Poster-After-the-Snowmelt-Small-212x300.jpg 212w, https:\/\/www.allersretoursasso.fr\/wp-content\/uploads\/2025\/01\/03-Poster-After-the-Snowmelt-Small-768x1086.jpg 768w, https:\/\/www.allersretoursasso.fr\/wp-content\/uploads\/2025\/01\/03-Poster-After-the-Snowmelt-Small-1086x1536.jpg 1086w, https:\/\/www.allersretoursasso.fr\/wp-content\/uploads\/2025\/01\/03-Poster-After-the-Snowmelt-Small-1449x2048.jpg 1449w, https:\/\/www.allersretoursasso.fr\/wp-content\/uploads\/2025\/01\/03-Poster-After-the-Snowmelt-Small-8x12.jpg 8w, https:\/\/www.allersretoursasso.fr\/wp-content\/uploads\/2025\/01\/03-Poster-After-the-Snowmelt-Small-350x495.jpg 350w, https:\/\/www.allersretoursasso.fr\/wp-content\/uploads\/2025\/01\/03-Poster-After-the-Snowmelt-Small-scaled.jpg 1811w\" sizes=\"(max-width: 724px) 100vw, 724px\" \/><\/figure><div class=\"wp-block-media-text__content\">\n<div class=\"wp-block-group is-layout-flow wp-block-group-is-layout-flow\"><div class=\"wp-block-group__inner-container\">\n<div class=\"wp-block-group is-vertical is-layout-flex wp-container-core-group-layout-4 wp-block-group-is-layout-flex\">\n<div class=\"wp-block-group is-layout-flow wp-block-group-is-layout-flow\"><div class=\"wp-block-group__inner-container\">\n<div class=\"wp-block-group is-layout-flow wp-block-group-is-layout-flow\"><div class=\"wp-block-group__inner-container\">\n<div class=\"wp-block-group is-layout-flow wp-block-group-is-layout-flow\"><div class=\"wp-block-group__inner-container\">\n<p><\/p>\n\n\n\n<p style=\"font-size:30px;font-style:normal;font-weight:500\"><strong><em>After the Snowmelt<\/em><\/strong><\/p>\n\n\n\n<p style=\"font-size:30px;font-style:normal;font-weight:500\">\u96ea\u6c34\u6d88\u878d\u7684\u5b63\u8282<\/p>\n\n\n\n<p class=\"has-medium-font-size\">LO Yi-Shan<\/p>\n\n\n\n<p class=\"has-medium-font-size\">\u7f85\u82e1\u73ca<\/p>\n\n\n\n<p class=\"has-small-font-size\"><a href=\"https:\/\/www.allersretoursasso.fr\/zh\/annee-festival-2025\/\" target=\"_blank\" rel=\"noreferrer noopener\">\u00c9dition 2025<\/a><\/p>\n\n\n\n<p style=\"font-size:10px\"><\/p>\n<\/div><\/div>\n\n\n\n<p class=\"has-text-align-center\"><\/p>\n\n\n\n<p class=\"has-text-align-left\" style=\"font-size:15px\"><\/p>\n<\/div><\/div>\n<\/div><\/div>\n<\/div>\n<\/div><\/div>\n<\/div><\/div>\n\n\n\n<h2 class=\"wp-block-heading\"><\/h2>\n\n\n\n<p class=\"has-text-align-center\" style=\"font-size:14px\"><em>2024 \/ 110\u2019 \/ Mandarin, N\u00e9palais, Anglais&nbsp;&nbsp;\/ VOSTF \/ Documentaire<\/em><\/p>\n\n\n\n<p class=\"has-text-align-center wp-embed-aspect-16-9 wp-has-aspect-ratio\" style=\"font-size:14px\"><em>En comp\u00e9tition au Festival Visions du r\u00e9el 2024<\/em><\/p>\n\n\n\n<p class=\"wp-embed-aspect-16-9 wp-has-aspect-ratio\" style=\"font-size:16px\">Apr\u00e8s la mort de son meilleur ami, prisonnier des neiges lors d&#8217;une exp\u00e9dition dans la montagne du N\u00e9pal avec son petit ami, une jeune r\u00e9alisatrice d\u00e9cide de prendre la cam\u00e9ra pour vivre en ad\u00e9quation avec les derniers mots du d\u00e9funt. Des ann\u00e9es plus tard, elle retourne sur les lieux de l&#8217;accident pour honorer la promesse posthume de faire de cette fin un r\u00e9cit.<\/p>\n\n\n\n<p class=\"wp-embed-aspect-16-9 wp-has-aspect-ratio\" style=\"font-size:16px\"><em>M\u00ealant les sources d&#8217;images, archives et vid\u00e9os, des deux exp\u00e9ditions avec des interviews, ce premier documentaire parvient \u00e0 associer le travail de deuil de sa r\u00e9alisatrice avec un portrait d\u2019une nature aussi belle qu\u2019impitoyable. LO Yi-shan y aborde de fa\u00e7on d\u00e9licate des questions aussi complexes que l&#8217;identit\u00e9 de genre ou la r\u00e9silience, et la fa\u00e7on dont chacun est amen\u00e9 \u00e0 vivre diff\u00e9remment son deuil.<\/em><\/p>\n\n\n\n<p><\/p>\n\n\n\n<p class=\"has-text-align-center\"><em>2024 \/ 110\u2019 \/ \u666e\u901a\u8bdd\u3001\u5c3c\u6cca\u5c14\u8bed\u3001\u82f1\u8bed \/ \u539f\u58f0\u6cd5\u8bed\u5b57\u5e55 \/ \u7eaa\u5f55\u7247<\/em><\/p>\n\n\n\n<p>\u5e74\u8f7b\u65c5\u4eba\u5218\u5bb8\u541b\u3001\u6881\u5723\u5cb3\u5728\u5c3c\u6cca\u5c14\u5c71\u533a\u63a2\u9669\u65f6\u88ab\u56f0\u96ea\u4e2d\uff0c\u5bb8\u541b\u4e0d\u5e78\u8eab\u4ea1\u3002\u901d\u8005\u597d\u53cb\u7f57\u82e1\u73ca\u51b3\u5fc3\u62ff\u8d77\u6444\u5f71\u673a\uff0c\u5151\u73b0\u5bb8\u541b\u7684\u9057\u8a00\u3002\u591a\u5e74\u540e\uff0c\u5979\u56de\u5230\u4e8b\u6545\u73b0\u573a\uff0c\u8ba9\u751f\u8005\u7eed\u8ff0\u901d\u8005\u7684\u6545\u4e8b\u3002<\/p>\n\n\n\n<p><br><em>\u7f57\u82e1\u73ca\u5bfc\u6f14\u7684\u9996\u90e8\u7eaa\u5f55\u7247\u6df7\u5408\u4e86\u6863\u6848\u7247\u6bb5\u3001\u79c1\u4eba\u5f71\u50cf\u8bb0\u5f55\uff0c\u65e2\u662f\u4e00\u573a\u5bf9\u81ea\u7136\u7684\u6c89\u601d\uff0c\u4e5f\u662f\u4e00\u6b21\u60bc\u4ea1\u7684\u8fc7\u7a0b\u3002\u5f71\u7247\u4ee5\u5fae\u5999\u7684\u89c6\u89d2\u63a2\u8ba8\u4e86\u6027\u522b\u8ba4\u540c\u3001\u987a\u5e94\u529b\u7b49\u590d\u6742\u95ee\u9898\uff0c\u4ee5\u53ca\u4eba\u4eec\u5e94\u5bf9\u54c0\u4f24\u7684\u4e0d\u540c\u65b9\u5f0f\u3002<\/em><\/p>\n\n\n\n<figure class=\"wp-block-gallery has-nested-images columns-2 is-cropped wp-block-gallery-1 is-layout-flex wp-block-gallery-is-layout-flex\">\n<figure class=\"wp-block-image size-large\"><img loading=\"lazy\" decoding=\"async\" width=\"1024\" height=\"576\" data-id=\"5588\" src=\"https:\/\/www.allersretoursasso.fr\/wp-content\/uploads\/2025\/01\/After-the-Snowmelt-Still-1-Main-Still-1024x576.jpg\" alt=\"\" class=\"wp-image-5588\" srcset=\"https:\/\/www.allersretoursasso.fr\/wp-content\/uploads\/2025\/01\/After-the-Snowmelt-Still-1-Main-Still-1024x576.jpg 1024w, https:\/\/www.allersretoursasso.fr\/wp-content\/uploads\/2025\/01\/After-the-Snowmelt-Still-1-Main-Still-300x169.jpg 300w, https:\/\/www.allersretoursasso.fr\/wp-content\/uploads\/2025\/01\/After-the-Snowmelt-Still-1-Main-Still-768x432.jpg 768w, https:\/\/www.allersretoursasso.fr\/wp-content\/uploads\/2025\/01\/After-the-Snowmelt-Still-1-Main-Still-1536x864.jpg 1536w, https:\/\/www.allersretoursasso.fr\/wp-content\/uploads\/2025\/01\/After-the-Snowmelt-Still-1-Main-Still-2048x1152.jpg 2048w, https:\/\/www.allersretoursasso.fr\/wp-content\/uploads\/2025\/01\/After-the-Snowmelt-Still-1-Main-Still-18x10.jpg 18w, https:\/\/www.allersretoursasso.fr\/wp-content\/uploads\/2025\/01\/After-the-Snowmelt-Still-1-Main-Still-350x197.jpg 350w\" sizes=\"(max-width: 767px) 89vw, (max-width: 1000px) 54vw, (max-width: 1071px) 543px, 580px\" \/><\/figure>\n\n\n\n<figure class=\"wp-block-image size-large\"><img loading=\"lazy\" decoding=\"async\" width=\"1024\" height=\"576\" data-id=\"5589\" src=\"https:\/\/www.allersretoursasso.fr\/wp-content\/uploads\/2025\/01\/After-the-Snowmelt-Still-2-1024x576.jpg\" alt=\"\" class=\"wp-image-5589\" srcset=\"https:\/\/www.allersretoursasso.fr\/wp-content\/uploads\/2025\/01\/After-the-Snowmelt-Still-2-1024x576.jpg 1024w, https:\/\/www.allersretoursasso.fr\/wp-content\/uploads\/2025\/01\/After-the-Snowmelt-Still-2-300x169.jpg 300w, https:\/\/www.allersretoursasso.fr\/wp-content\/uploads\/2025\/01\/After-the-Snowmelt-Still-2-768x432.jpg 768w, https:\/\/www.allersretoursasso.fr\/wp-content\/uploads\/2025\/01\/After-the-Snowmelt-Still-2-1536x864.jpg 1536w, https:\/\/www.allersretoursasso.fr\/wp-content\/uploads\/2025\/01\/After-the-Snowmelt-Still-2-2048x1152.jpg 2048w, https:\/\/www.allersretoursasso.fr\/wp-content\/uploads\/2025\/01\/After-the-Snowmelt-Still-2-18x10.jpg 18w, https:\/\/www.allersretoursasso.fr\/wp-content\/uploads\/2025\/01\/After-the-Snowmelt-Still-2-350x197.jpg 350w\" sizes=\"(max-width: 767px) 89vw, (max-width: 1000px) 54vw, (max-width: 1071px) 543px, 580px\" \/><\/figure>\n\n\n\n<figure class=\"wp-block-image size-large\"><img loading=\"lazy\" decoding=\"async\" width=\"1024\" height=\"576\" data-id=\"5590\" src=\"https:\/\/www.allersretoursasso.fr\/wp-content\/uploads\/2025\/01\/After-the-Snowmelt-Still-3-1024x576.jpg\" alt=\"\" class=\"wp-image-5590\" srcset=\"https:\/\/www.allersretoursasso.fr\/wp-content\/uploads\/2025\/01\/After-the-Snowmelt-Still-3-1024x576.jpg 1024w, https:\/\/www.allersretoursasso.fr\/wp-content\/uploads\/2025\/01\/After-the-Snowmelt-Still-3-300x169.jpg 300w, https:\/\/www.allersretoursasso.fr\/wp-content\/uploads\/2025\/01\/After-the-Snowmelt-Still-3-768x432.jpg 768w, https:\/\/www.allersretoursasso.fr\/wp-content\/uploads\/2025\/01\/After-the-Snowmelt-Still-3-1536x864.jpg 1536w, https:\/\/www.allersretoursasso.fr\/wp-content\/uploads\/2025\/01\/After-the-Snowmelt-Still-3-2048x1152.jpg 2048w, https:\/\/www.allersretoursasso.fr\/wp-content\/uploads\/2025\/01\/After-the-Snowmelt-Still-3-18x10.jpg 18w, https:\/\/www.allersretoursasso.fr\/wp-content\/uploads\/2025\/01\/After-the-Snowmelt-Still-3-350x197.jpg 350w\" sizes=\"(max-width: 767px) 89vw, (max-width: 1000px) 54vw, (max-width: 1071px) 543px, 580px\" \/><\/figure>\n\n\n\n<figure class=\"wp-block-image size-large\"><img loading=\"lazy\" decoding=\"async\" width=\"1024\" height=\"576\" data-id=\"5591\" src=\"https:\/\/www.allersretoursasso.fr\/wp-content\/uploads\/2025\/01\/After-the-Snowmelt-Still-4-1024x576.jpg\" alt=\"\" class=\"wp-image-5591\" srcset=\"https:\/\/www.allersretoursasso.fr\/wp-content\/uploads\/2025\/01\/After-the-Snowmelt-Still-4-1024x576.jpg 1024w, https:\/\/www.allersretoursasso.fr\/wp-content\/uploads\/2025\/01\/After-the-Snowmelt-Still-4-300x169.jpg 300w, https:\/\/www.allersretoursasso.fr\/wp-content\/uploads\/2025\/01\/After-the-Snowmelt-Still-4-768x432.jpg 768w, https:\/\/www.allersretoursasso.fr\/wp-content\/uploads\/2025\/01\/After-the-Snowmelt-Still-4-1536x864.jpg 1536w, https:\/\/www.allersretoursasso.fr\/wp-content\/uploads\/2025\/01\/After-the-Snowmelt-Still-4-2048x1152.jpg 2048w, https:\/\/www.allersretoursasso.fr\/wp-content\/uploads\/2025\/01\/After-the-Snowmelt-Still-4-18x10.jpg 18w, https:\/\/www.allersretoursasso.fr\/wp-content\/uploads\/2025\/01\/After-the-Snowmelt-Still-4-350x197.jpg 350w\" sizes=\"(max-width: 767px) 89vw, (max-width: 1000px) 54vw, (max-width: 1071px) 543px, 580px\" \/><\/figure>\n\n\n\n<figure class=\"wp-block-image size-large\"><img loading=\"lazy\" decoding=\"async\" width=\"1024\" height=\"576\" data-id=\"5593\" src=\"https:\/\/www.allersretoursasso.fr\/wp-content\/uploads\/2025\/01\/After-the-Snowmelt-Still-6-1024x576.jpg\" alt=\"\" class=\"wp-image-5593\" srcset=\"https:\/\/www.allersretoursasso.fr\/wp-content\/uploads\/2025\/01\/After-the-Snowmelt-Still-6-1024x576.jpg 1024w, https:\/\/www.allersretoursasso.fr\/wp-content\/uploads\/2025\/01\/After-the-Snowmelt-Still-6-300x169.jpg 300w, https:\/\/www.allersretoursasso.fr\/wp-content\/uploads\/2025\/01\/After-the-Snowmelt-Still-6-768x432.jpg 768w, https:\/\/www.allersretoursasso.fr\/wp-content\/uploads\/2025\/01\/After-the-Snowmelt-Still-6-1536x864.jpg 1536w, https:\/\/www.allersretoursasso.fr\/wp-content\/uploads\/2025\/01\/After-the-Snowmelt-Still-6-2048x1152.jpg 2048w, https:\/\/www.allersretoursasso.fr\/wp-content\/uploads\/2025\/01\/After-the-Snowmelt-Still-6-18x10.jpg 18w, https:\/\/www.allersretoursasso.fr\/wp-content\/uploads\/2025\/01\/After-the-Snowmelt-Still-6-350x197.jpg 350w\" sizes=\"(max-width: 767px) 89vw, (max-width: 1000px) 54vw, (max-width: 1071px) 543px, 580px\" \/><\/figure>\n<\/figure>\n\n\n\n<figure class=\"wp-block-embed is-type-video is-provider-youtube wp-block-embed-youtube wp-embed-aspect-16-9 wp-has-aspect-ratio\"><div class=\"wp-block-embed__wrapper\">\n<iframe loading=\"lazy\" title=\"After the Snowmelt\" width=\"525\" height=\"295\" src=\"https:\/\/www.youtube.com\/embed\/vJ_gLTLar9s?feature=oembed\" frameborder=\"0\" allow=\"accelerometer; autoplay; clipboard-write; encrypted-media; gyroscope; picture-in-picture; web-share\" referrerpolicy=\"strict-origin-when-cross-origin\" allowfullscreen><\/iframe>\n<\/div><\/figure>\n\n\n\n<p><\/p>\n\n\n\n<div class=\"wp-block-columns is-layout-flex wp-container-core-columns-layout-1 wp-block-columns-is-layout-flex\">\n<div class=\"wp-block-column is-layout-flow wp-block-column-is-layout-flow\"><\/div>\n<\/div>\n\n\n\n<hr class=\"wp-block-separator has-alpha-channel-opacity\"\/>\n\n\n\n<div class=\"wp-block-columns is-layout-flex wp-container-core-columns-layout-2 wp-block-columns-is-layout-flex\">\n<div class=\"wp-block-column is-layout-flow wp-block-column-is-layout-flow\"><\/div>\n<\/div>\n\n\n\n<div class=\"wp-block-columns is-layout-flex wp-container-core-columns-layout-3 wp-block-columns-is-layout-flex\">\n<div class=\"wp-block-column is-layout-flow wp-block-column-is-layout-flow\" style=\"flex-basis:33.33%\">\n<figure class=\"wp-block-image size-large\"><img loading=\"lazy\" decoding=\"async\" width=\"1500\" height=\"1500\" src=\"https:\/\/www.allersretoursasso.fr\/wp-content\/uploads\/2025\/01\/Director-Yi-Shan-LO-edited.jpg\" alt=\"\" class=\"wp-image-5710\" srcset=\"https:\/\/www.allersretoursasso.fr\/wp-content\/uploads\/2025\/01\/Director-Yi-Shan-LO-edited.jpg 1500w, https:\/\/www.allersretoursasso.fr\/wp-content\/uploads\/2025\/01\/Director-Yi-Shan-LO-edited-300x300.jpg 300w, https:\/\/www.allersretoursasso.fr\/wp-content\/uploads\/2025\/01\/Director-Yi-Shan-LO-edited-1024x1024.jpg 1024w, https:\/\/www.allersretoursasso.fr\/wp-content\/uploads\/2025\/01\/Director-Yi-Shan-LO-edited-150x150.jpg 150w, https:\/\/www.allersretoursasso.fr\/wp-content\/uploads\/2025\/01\/Director-Yi-Shan-LO-edited-768x768.jpg 768w, https:\/\/www.allersretoursasso.fr\/wp-content\/uploads\/2025\/01\/Director-Yi-Shan-LO-edited-12x12.jpg 12w, https:\/\/www.allersretoursasso.fr\/wp-content\/uploads\/2025\/01\/Director-Yi-Shan-LO-edited-100x100.jpg 100w, https:\/\/www.allersretoursasso.fr\/wp-content\/uploads\/2025\/01\/Director-Yi-Shan-LO-edited-350x350.jpg 350w\" sizes=\"(max-width: 767px) 89vw, (max-width: 1000px) 54vw, (max-width: 1071px) 543px, 580px\" \/><\/figure>\n<\/div>\n\n\n\n<div class=\"wp-block-column is-layout-flow wp-block-column-is-layout-flow\" style=\"flex-basis:66.66%\">\n<p><strong><strong>\u00c0 propos de<\/strong> LO Yi-Shan<\/strong><\/p>\n\n\n\n<p class=\"has-small-font-size\"><\/p>\n<\/div>\n<\/div>\n\n\n\n<p style=\"font-size:14px\">LO Yi-shan est une autrice et r\u00e9alisatrice ind\u00e9pendante. Depuis son adolescence, elle s\u2019int\u00e9resse aux liens entre l&#8217;humain et la nature dans les for\u00eats des montagnes ta\u00efwanaises. Elle a choisi de se lancer dans la r\u00e9alisation pour faire partager au monde la beaut\u00e9 et la complexit\u00e9 de cet environnement. <em>After the Snowmelt <\/em>est son premier long-m\u00e9trage documentaire.<\/p>\n\n\n\n<p class=\"has-small-font-size\"><\/p>\n\n\n\n<p>\u7f57\u82e1\u73ca\uff0c\u72ec\u7acb\u4f5c\u5bb6\u3001\u5bfc\u6f14\u3002\u81ea\u5c11\u5e74\u65f6\u4ee3\u8d77\uff0c\u5979\u4fbf\u7740\u8ff7\u4e8e\u53f0\u6e7e\u4e9a\u70ed\u5e26\u5c71\u6797\u4e2d\u4eba\u4e0e\u81ea\u7136\u7684\u8054\u7cfb\u3002\u5448\u73b0\u81ea\u7136\u7684\u7f8e\u4e3d\u4e0e\u590d\u6742\uff0c\u662f\u5979\u62cd\u7535\u5f71\u7684\u52a8\u56e0\u4e4b\u4e00\u3002\u300a\u96ea\u6c34\u6d88\u878d\u7684\u5b63\u8282\u300b\u662f\u5979\u7684\u9996\u90e8\u7eaa\u5f55\u957f\u7247\u3002<\/p>\n\n\n\n<hr class=\"wp-block-separator has-alpha-channel-opacity is-style-wide\"\/>\n\n\n\n<div class=\"wp-block-columns is-layout-flex wp-container-core-columns-layout-4 wp-block-columns-is-layout-flex\">\n<div class=\"wp-block-column is-layout-flow wp-block-column-is-layout-flow\"><\/div>\n<\/div>\n\n\n\n<p class=\"has-text-align-center\"><\/p>\n\n\n\n<div class=\"wp-block-columns is-layout-flex wp-container-core-columns-layout-6 wp-block-columns-is-layout-flex\">\n<div class=\"wp-block-column is-layout-flow wp-block-column-is-layout-flow\" style=\"flex-basis:100%\">\n<div class=\"wp-block-columns is-layout-flex wp-container-core-columns-layout-5 wp-block-columns-is-layout-flex\">\n<div class=\"wp-block-column is-layout-flow wp-block-column-is-layout-flow\" style=\"flex-basis:50%\">\n<div class=\"wp-block-buttons is-content-justification-center is-layout-flex wp-container-core-buttons-layout-1 wp-block-buttons-is-layout-flex\">\n<div class=\"wp-block-button has-custom-width wp-block-button__width-100 has-custom-font-size is-style-outline\" style=\"font-size:16px\"><a class=\"wp-block-button__link has-black-color has-white-background-color has-text-color has-background wp-element-button\" href=\"https:\/\/www.billetweb.fr\/far2025\" target=\"_blank\" rel=\"noreferrer noopener\">R\u00e9servez vos billets (Paris)<br>\u7ebf\u4e0a\u8d2d\u7968\uff08\u5df4\u9ece\uff09<\/a><\/div>\n<\/div>\n<\/div>\n\n\n\n<div class=\"wp-block-column is-layout-flow wp-block-column-is-layout-flow\" style=\"flex-basis:50%\">\n<div class=\"wp-block-buttons is-content-justification-center is-layout-flex wp-container-core-buttons-layout-2 wp-block-buttons-is-layout-flex\">\n<div class=\"wp-block-button has-custom-width wp-block-button__width-100 has-custom-font-size is-style-outline\" style=\"font-size:16px\"><a class=\"wp-block-button__link has-black-color has-white-background-color has-text-color has-background wp-element-button\" href=\"https:\/\/www.billetweb.fr\/far2025-lyon\" target=\"_blank\" rel=\"noreferrer noopener\">R\u00e9servez vos billets (Lyon)<br>\u7ebf\u4e0a\u8d2d\u7968\uff08\u91cc\u6602\uff09<\/a><\/div>\n<\/div>\n<\/div>\n<\/div>\n<\/div>\n<\/div>\n\n\n\n<p class=\"has-text-align-center\" style=\"font-size:18px\"><strong>Paris<\/strong><\/p>\n\n\n\n<p class=\"has-text-align-center\" style=\"font-size:16px\"><strong><strong>Sam. 1 f\u00e9vrier \u00e0 16h <\/strong><\/strong>au&nbsp;Path\u00e9 Les Fauvettes<\/p>\n\n\n\n<p class=\"has-text-align-center\" style=\"font-size:18px\"><strong>Lyon<\/strong><\/p>\n\n\n\n<p class=\"has-text-align-center\" style=\"font-size:16px\"><strong>Dim. 16 f\u00e9vrier \u00e0 16h <\/strong>au&nbsp;Cin\u00e9ma Les Aliz\u00e9s<\/p>\n\n\n\n<div class=\"wp-block-cover is-light\" style=\"min-height:349px\"><span aria-hidden=\"true\" class=\"wp-block-cover__background has-white-background-color has-background-dim\"><\/span><div class=\"wp-block-cover__inner-container is-layout-flow wp-block-cover-is-layout-flow\">\n<div class=\"wp-block-group is-layout-flow wp-block-group-is-layout-flow\"><div class=\"wp-block-group__inner-container\">\n<figure class=\"wp-block-image size-large\"><a href=\"https:\/\/www.allersretoursasso.fr\/zh\/annee-festival-2025\/\" target=\"_blank\" rel=\"noreferrer noopener\"><img loading=\"lazy\" decoding=\"async\" width=\"1024\" height=\"342\" src=\"https:\/\/www.allersretoursasso.fr\/wp-content\/uploads\/2025\/01\/Twitter-banner-copy-1024x342.png\" alt=\"\" class=\"wp-image-5568\" srcset=\"https:\/\/www.allersretoursasso.fr\/wp-content\/uploads\/2025\/01\/Twitter-banner-copy-1024x342.png 1024w, https:\/\/www.allersretoursasso.fr\/wp-content\/uploads\/2025\/01\/Twitter-banner-copy-300x100.png 300w, https:\/\/www.allersretoursasso.fr\/wp-content\/uploads\/2025\/01\/Twitter-banner-copy-768x256.png 768w, https:\/\/www.allersretoursasso.fr\/wp-content\/uploads\/2025\/01\/Twitter-banner-copy-18x6.png 18w, https:\/\/www.allersretoursasso.fr\/wp-content\/uploads\/2025\/01\/Twitter-banner-copy-350x117.png 350w, https:\/\/www.allersretoursasso.fr\/wp-content\/uploads\/2025\/01\/Twitter-banner-copy.png 1501w\" sizes=\"(max-width: 767px) 89vw, (max-width: 1000px) 54vw, (max-width: 1071px) 543px, 580px\" \/><\/a><\/figure>\n<\/div><\/div>\n<\/div><\/div>\n\n\n\n<div class=\"wp-block-group is-layout-flow wp-block-group-is-layout-flow\"><div class=\"wp-block-group__inner-container\">\n<p class=\"has-text-align-center\" style=\"font-size:15px\"><\/p>\n<\/div><\/div>\n\n\n\n<p class=\"has-text-align-center has-white-color has-text-color\" style=\"font-size:15px\"> 19h45 aux Ursuline<\/p>\n\n\n\n<p class=\"has-text-align-center has-white-color has-text-color\" style=\"font-size:15px\">06 octobre \u00e0 19h45 aux Ursulines<\/p>","protected":false},"excerpt":{"rendered":"<p>2024 \/ 110\u2019 \/ Mandarin, N\u00e9palais, Anglais&nbsp;&nbsp;\/ VOSTF \/ Documentaire En comp\u00e9tition au Festival Visions du r\u00e9el 2024 Apr\u00e8s la mort de son meilleur ami, prisonnier des neiges lors d&#8217;une exp\u00e9dition dans la montagne du N\u00e9pal avec son petit ami, une jeune r\u00e9alisatrice d\u00e9cide de prendre la cam\u00e9ra pour vivre en ad\u00e9quation avec les derniers &hellip; <\/p>\n<p class=\"link-more\"><a href=\"https:\/\/www.allersretoursasso.fr\/zh\/festival2025-after-the-snowmelt\/\" class=\"more-link\">\u7ee7\u7eed\u9605\u8bfb<span class=\"screen-reader-text\">\u201cFestival Allers-Retours 2025  &#8211; After the Snowmelt\u201d<\/span><\/a><\/p>","protected":false},"author":17,"featured_media":0,"parent":0,"menu_order":0,"comment_status":"closed","ping_status":"closed","template":"","meta":{"footnotes":""},"_links":{"self":[{"href":"https:\/\/www.allersretoursasso.fr\/zh\/wp-json\/wp\/v2\/pages\/5584"}],"collection":[{"href":"https:\/\/www.allersretoursasso.fr\/zh\/wp-json\/wp\/v2\/pages"}],"about":[{"href":"https:\/\/www.allersretoursasso.fr\/zh\/wp-json\/wp\/v2\/types\/page"}],"author":[{"embeddable":true,"href":"https:\/\/www.allersretoursasso.fr\/zh\/wp-json\/wp\/v2\/users\/17"}],"replies":[{"embeddable":true,"href":"https:\/\/www.allersretoursasso.fr\/zh\/wp-json\/wp\/v2\/comments?post=5584"}],"version-history":[{"count":10,"href":"https:\/\/www.allersretoursasso.fr\/zh\/wp-json\/wp\/v2\/pages\/5584\/revisions"}],"predecessor-version":[{"id":6115,"href":"https:\/\/www.allersretoursasso.fr\/zh\/wp-json\/wp\/v2\/pages\/5584\/revisions\/6115"}],"wp:attachment":[{"href":"https:\/\/www.allersretoursasso.fr\/zh\/wp-json\/wp\/v2\/media?parent=5584"}],"curies":[{"name":"wp","href":"https:\/\/api.w.org\/{rel}","templated":true}]}}