{"id":5599,"date":"2025-01-02T15:06:25","date_gmt":"2025-01-02T14:06:25","guid":{"rendered":"https:\/\/www.allersretoursasso.fr\/?page_id=5599"},"modified":"2025-02-05T09:25:01","modified_gmt":"2025-02-05T08:25:01","slug":"festival2025-karst","status":"publish","type":"page","link":"https:\/\/www.allersretoursasso.fr\/zh\/festival2025-karst\/","title":{"rendered":"Festival Allers-Retours 2025  &#8211; Karst"},"content":{"rendered":"<div id=\"fb-root\"><\/div>\n\n<div class=\"wp-block-media-text alignwide is-stacked-on-mobile\" style=\"grid-template-columns:41% auto\"><figure class=\"wp-block-media-text__media\"><img loading=\"lazy\" decoding=\"async\" width=\"683\" height=\"1024\" src=\"https:\/\/www.allersretoursasso.fr\/wp-content\/uploads\/2025\/01\/KARST-AFFICHE-\u5580\u65af\u7279-\u5e73\u9065\u6d77\u62a5-\u5e38\u89c4\u5c3a\u5bf8\uff08\u7528\u4e8e\u5a92\u4f53\u4f20\u64ad\u7b49\uff09-683x1024.jpg\" alt=\"\" class=\"wp-image-5601 size-full\" srcset=\"https:\/\/www.allersretoursasso.fr\/wp-content\/uploads\/2025\/01\/KARST-AFFICHE-\u5580\u65af\u7279-\u5e73\u9065\u6d77\u62a5-\u5e38\u89c4\u5c3a\u5bf8\uff08\u7528\u4e8e\u5a92\u4f53\u4f20\u64ad\u7b49\uff09-683x1024.jpg 683w, https:\/\/www.allersretoursasso.fr\/wp-content\/uploads\/2025\/01\/KARST-AFFICHE-\u5580\u65af\u7279-\u5e73\u9065\u6d77\u62a5-\u5e38\u89c4\u5c3a\u5bf8\uff08\u7528\u4e8e\u5a92\u4f53\u4f20\u64ad\u7b49\uff09-200x300.jpg 200w, https:\/\/www.allersretoursasso.fr\/wp-content\/uploads\/2025\/01\/KARST-AFFICHE-\u5580\u65af\u7279-\u5e73\u9065\u6d77\u62a5-\u5e38\u89c4\u5c3a\u5bf8\uff08\u7528\u4e8e\u5a92\u4f53\u4f20\u64ad\u7b49\uff09-768x1152.jpg 768w, https:\/\/www.allersretoursasso.fr\/wp-content\/uploads\/2025\/01\/KARST-AFFICHE-\u5580\u65af\u7279-\u5e73\u9065\u6d77\u62a5-\u5e38\u89c4\u5c3a\u5bf8\uff08\u7528\u4e8e\u5a92\u4f53\u4f20\u64ad\u7b49\uff09-1024x1536.jpg 1024w, https:\/\/www.allersretoursasso.fr\/wp-content\/uploads\/2025\/01\/KARST-AFFICHE-\u5580\u65af\u7279-\u5e73\u9065\u6d77\u62a5-\u5e38\u89c4\u5c3a\u5bf8\uff08\u7528\u4e8e\u5a92\u4f53\u4f20\u64ad\u7b49\uff09-1366x2048.jpg 1366w, https:\/\/www.allersretoursasso.fr\/wp-content\/uploads\/2025\/01\/KARST-AFFICHE-\u5580\u65af\u7279-\u5e73\u9065\u6d77\u62a5-\u5e38\u89c4\u5c3a\u5bf8\uff08\u7528\u4e8e\u5a92\u4f53\u4f20\u64ad\u7b49\uff09-8x12.jpg 8w, https:\/\/www.allersretoursasso.fr\/wp-content\/uploads\/2025\/01\/KARST-AFFICHE-\u5580\u65af\u7279-\u5e73\u9065\u6d77\u62a5-\u5e38\u89c4\u5c3a\u5bf8\uff08\u7528\u4e8e\u5a92\u4f53\u4f20\u64ad\u7b49\uff09-350x525.jpg 350w, https:\/\/www.allersretoursasso.fr\/wp-content\/uploads\/2025\/01\/KARST-AFFICHE-\u5580\u65af\u7279-\u5e73\u9065\u6d77\u62a5-\u5e38\u89c4\u5c3a\u5bf8\uff08\u7528\u4e8e\u5a92\u4f53\u4f20\u64ad\u7b49\uff09-scaled.jpg 1707w\" sizes=\"(max-width: 683px) 100vw, 683px\" \/><\/figure><div class=\"wp-block-media-text__content\">\n<div class=\"wp-block-group is-layout-flow wp-block-group-is-layout-flow\"><div class=\"wp-block-group__inner-container\">\n<div class=\"wp-block-group is-vertical is-layout-flex wp-container-core-group-layout-4 wp-block-group-is-layout-flex\">\n<div class=\"wp-block-group is-layout-flow wp-block-group-is-layout-flow\"><div class=\"wp-block-group__inner-container\">\n<div class=\"wp-block-group is-layout-flow wp-block-group-is-layout-flow\"><div class=\"wp-block-group__inner-container\">\n<div class=\"wp-block-group is-layout-flow wp-block-group-is-layout-flow\"><div class=\"wp-block-group__inner-container\">\n<p><\/p>\n\n\n\n<p style=\"font-size:30px;font-style:normal;font-weight:500\"><em><strong>Karst<\/strong><\/em><\/p>\n\n\n\n<p style=\"font-size:30px;font-style:normal;font-weight:500\">\u5580\u65af\u7279<\/p>\n\n\n\n<p class=\"has-medium-font-size\">YANG Suiyi<\/p>\n\n\n\n<p class=\"has-medium-font-size\">\u6768\u7a57\u76ca<\/p>\n\n\n\n<p class=\"has-small-font-size\"><a href=\"https:\/\/www.allersretoursasso.fr\/zh\/annee-festival-2025\/\" target=\"_blank\" rel=\"noreferrer noopener\">\u00c9dition 2025<\/a><\/p>\n\n\n\n<p style=\"font-size:10px\"><\/p>\n<\/div><\/div>\n\n\n\n<p class=\"has-text-align-center\"><\/p>\n\n\n\n<p class=\"has-text-align-left\" style=\"font-size:15px\"><\/p>\n<\/div><\/div>\n<\/div><\/div>\n<\/div>\n<\/div><\/div>\n<\/div><\/div>\n\n\n\n<h2 class=\"wp-block-heading\"><\/h2>\n\n\n\n<p class=\"has-text-align-center\" style=\"font-size:14px\"><em>2024 \/ 108\u2019 \/ Dialecte du Guizhou \/ VOSTF \/ Fiction<\/em><\/p>\n\n\n\n<p class=\"has-text-align-center\" style=\"font-size:14px\"><em>Prix du Meilleur Film aux Fei Mu Awards lors du Festival International du Film de Pingyao &#8220;Crouching Tiger, Hidden Dragon&#8221;<\/em><\/p>\n\n\n\n<p style=\"font-size:16px\">Dans un village isol\u00e9 de la province de Guizhou, au sud-ouest de la Chine, une \u00e9leveuse de b\u00e9tail est confront\u00e9e \u00e0 la maladie de l\u2019un de ses animaux. Elle traverse la campagne pour solliciter l&#8217;aide d&#8217;un v\u00e9t\u00e9rinaire en ville,&nbsp; renouant en chemin avec des figures de son pass\u00e9\u2026<\/p>\n\n\n\n<p style=\"font-size:16px\"><em>Dans ce long-m\u00e9trage, YANG Suiyi offre un regard intime et sinc\u00e8re sur le quotidien rural et le rythme doux de sa r\u00e9gion natale. Avec un petit budget, le r\u00e9alisateur fait jouer ses propres parents, et met en valeur le paysage karstique de cette localit\u00e9 recul\u00e9e du Guizhou.<\/em><\/p>\n\n\n\n<p><\/p>\n\n\n\n<p class=\"has-text-align-center\"><em>2024 \/ 108\u2019 \/ \u8d35\u5dde\u65b9\u8a00 \/ \u4e2d\u82f1\u6cd5\u8bed\u5b57\u5e55 \/ \u5267\u60c5<\/em><\/p>\n\n\n\n<p>\u5728\u5580\u65af\u7279\u5730\u533a\u4e00\u4e2a\u8fdc\u79bb\u57ce\u5e02\u7684\u4e61\u6751\u91cc\uff0c\u9760\u517b\u725b\u4e3a\u751f\u7684\u5b50\u82f1\u6765\u5230\u9547\u4e0a\u7684\u519c\u7267\u836f\u5e97\uff0c\u4e3a\u5979\u751f\u75c5\u7684\u725b\u95ee\u8bca\u3002\u56de\u95ee\u8bca\u7684\u8def\u4e0a\uff0c\u5b50\u82f1\u987a\u8def\u62dc\u8bbf\u4e86\u81ea\u5df1\u7684\u53d1\u5c0f\u548c\u7231\u4eba\uff0c\u770b\u4f3c\u4e0d\u7ecf\u610f\u7684\u62dc\u8bbf\u6084\u7136\u4e32\u8054\u8d77\u4e00\u7cfb\u5217\u8fc7\u5f80\u7684\u6545\u4e8b\u3002<\/p>\n\n\n\n<p><em>\u6768\u7a57\u76ca\u4ee5\u7ec6\u817b\u7684\u7b14\u89e6\u523b\u753b\u4e86\u4e00\u4f4d\u4e2d\u5e74\u5973\u6027\u53ca\u5176\u751f\u6d3b\u73af\u5883\uff0c\u5c55\u73b0\u4e86\u8d35\u5dde\u4e61\u6751\u8d28\u6734\u800c\u7f13\u6162\u7684\u65e5\u5e38\u8282\u594f\uff0c\u540c\u65f6\u63a2\u8ba8\u4e86\u4eba\u4e0e\u81ea\u7136\u4e4b\u95f4\u7684\u5fae\u5999\u5173\u7cfb\u3002\u4f5c\u4e3a\u5bfc\u6f14\u7684\u9996\u90e8\u957f\u7247\uff0c\u6768\u7a57\u76ca\u9080\u8bf7\u4e86\u6765\u81ea\u8d35\u5dde\u672c\u5730\u7684\u7236\u6bcd\u53c2\u4e0e\u6f14\u51fa\uff0c\u5e76\u4ee5\u5bb6\u4e61\u7684\u5580\u65af\u7279\u5730\u8c8c\u4e3a\u80cc\u666f\uff0c\u4f7f\u6574\u90e8\u4f5c\u54c1\u5145\u6ee1\u771f\u631a\u7684\u60c5\u611f\u3002<\/em><\/p>\n\n\n\n<figure class=\"wp-block-gallery has-nested-images columns-2 is-cropped wp-block-gallery-1 is-layout-flex wp-block-gallery-is-layout-flex\">\n<figure class=\"wp-block-image size-large\"><img loading=\"lazy\" decoding=\"async\" width=\"1024\" height=\"576\" data-id=\"5602\" src=\"https:\/\/www.allersretoursasso.fr\/wp-content\/uploads\/2025\/01\/0707_1.2.9-1024x576.jpg\" alt=\"\" class=\"wp-image-5602\" srcset=\"https:\/\/www.allersretoursasso.fr\/wp-content\/uploads\/2025\/01\/0707_1.2.9-1024x576.jpg 1024w, https:\/\/www.allersretoursasso.fr\/wp-content\/uploads\/2025\/01\/0707_1.2.9-300x169.jpg 300w, https:\/\/www.allersretoursasso.fr\/wp-content\/uploads\/2025\/01\/0707_1.2.9-768x432.jpg 768w, https:\/\/www.allersretoursasso.fr\/wp-content\/uploads\/2025\/01\/0707_1.2.9-1536x864.jpg 1536w, https:\/\/www.allersretoursasso.fr\/wp-content\/uploads\/2025\/01\/0707_1.2.9-2048x1152.jpg 2048w, https:\/\/www.allersretoursasso.fr\/wp-content\/uploads\/2025\/01\/0707_1.2.9-18x10.jpg 18w, https:\/\/www.allersretoursasso.fr\/wp-content\/uploads\/2025\/01\/0707_1.2.9-350x197.jpg 350w\" sizes=\"(max-width: 767px) 89vw, (max-width: 1000px) 54vw, (max-width: 1071px) 543px, 580px\" \/><\/figure>\n\n\n\n<figure class=\"wp-block-image size-large\"><img loading=\"lazy\" decoding=\"async\" width=\"1024\" height=\"576\" data-id=\"5606\" src=\"https:\/\/www.allersretoursasso.fr\/wp-content\/uploads\/2025\/01\/0707_1.2.20-1024x576.jpg\" alt=\"\" class=\"wp-image-5606\" srcset=\"https:\/\/www.allersretoursasso.fr\/wp-content\/uploads\/2025\/01\/0707_1.2.20-1024x576.jpg 1024w, https:\/\/www.allersretoursasso.fr\/wp-content\/uploads\/2025\/01\/0707_1.2.20-300x169.jpg 300w, https:\/\/www.allersretoursasso.fr\/wp-content\/uploads\/2025\/01\/0707_1.2.20-768x432.jpg 768w, https:\/\/www.allersretoursasso.fr\/wp-content\/uploads\/2025\/01\/0707_1.2.20-1536x864.jpg 1536w, https:\/\/www.allersretoursasso.fr\/wp-content\/uploads\/2025\/01\/0707_1.2.20-2048x1152.jpg 2048w, https:\/\/www.allersretoursasso.fr\/wp-content\/uploads\/2025\/01\/0707_1.2.20-18x10.jpg 18w, https:\/\/www.allersretoursasso.fr\/wp-content\/uploads\/2025\/01\/0707_1.2.20-350x197.jpg 350w\" sizes=\"(max-width: 767px) 89vw, (max-width: 1000px) 54vw, (max-width: 1071px) 543px, 580px\" \/><\/figure>\n\n\n\n<figure class=\"wp-block-image size-large\"><img loading=\"lazy\" decoding=\"async\" width=\"1024\" height=\"576\" data-id=\"5605\" src=\"https:\/\/www.allersretoursasso.fr\/wp-content\/uploads\/2025\/01\/0707_1.2.36-1024x576.jpg\" alt=\"\" class=\"wp-image-5605\" srcset=\"https:\/\/www.allersretoursasso.fr\/wp-content\/uploads\/2025\/01\/0707_1.2.36-1024x576.jpg 1024w, https:\/\/www.allersretoursasso.fr\/wp-content\/uploads\/2025\/01\/0707_1.2.36-300x169.jpg 300w, https:\/\/www.allersretoursasso.fr\/wp-content\/uploads\/2025\/01\/0707_1.2.36-768x432.jpg 768w, https:\/\/www.allersretoursasso.fr\/wp-content\/uploads\/2025\/01\/0707_1.2.36-1536x864.jpg 1536w, https:\/\/www.allersretoursasso.fr\/wp-content\/uploads\/2025\/01\/0707_1.2.36-2048x1152.jpg 2048w, https:\/\/www.allersretoursasso.fr\/wp-content\/uploads\/2025\/01\/0707_1.2.36-18x10.jpg 18w, https:\/\/www.allersretoursasso.fr\/wp-content\/uploads\/2025\/01\/0707_1.2.36-350x197.jpg 350w\" sizes=\"(max-width: 767px) 89vw, (max-width: 1000px) 54vw, (max-width: 1071px) 543px, 580px\" \/><\/figure>\n\n\n\n<figure class=\"wp-block-image size-large\"><img loading=\"lazy\" decoding=\"async\" width=\"1024\" height=\"576\" data-id=\"5604\" src=\"https:\/\/www.allersretoursasso.fr\/wp-content\/uploads\/2025\/01\/0707_1.2.50-1024x576.jpg\" alt=\"\" class=\"wp-image-5604\" srcset=\"https:\/\/www.allersretoursasso.fr\/wp-content\/uploads\/2025\/01\/0707_1.2.50-1024x576.jpg 1024w, https:\/\/www.allersretoursasso.fr\/wp-content\/uploads\/2025\/01\/0707_1.2.50-300x169.jpg 300w, https:\/\/www.allersretoursasso.fr\/wp-content\/uploads\/2025\/01\/0707_1.2.50-768x432.jpg 768w, https:\/\/www.allersretoursasso.fr\/wp-content\/uploads\/2025\/01\/0707_1.2.50-1536x864.jpg 1536w, https:\/\/www.allersretoursasso.fr\/wp-content\/uploads\/2025\/01\/0707_1.2.50-2048x1152.jpg 2048w, https:\/\/www.allersretoursasso.fr\/wp-content\/uploads\/2025\/01\/0707_1.2.50-18x10.jpg 18w, https:\/\/www.allersretoursasso.fr\/wp-content\/uploads\/2025\/01\/0707_1.2.50-350x197.jpg 350w\" sizes=\"(max-width: 767px) 89vw, (max-width: 1000px) 54vw, (max-width: 1071px) 543px, 580px\" \/><\/figure>\n\n\n\n<figure class=\"wp-block-image size-large\"><img loading=\"lazy\" decoding=\"async\" width=\"1024\" height=\"576\" data-id=\"5603\" src=\"https:\/\/www.allersretoursasso.fr\/wp-content\/uploads\/2025\/01\/0707_1.2.52-1024x576.jpg\" alt=\"\" class=\"wp-image-5603\" srcset=\"https:\/\/www.allersretoursasso.fr\/wp-content\/uploads\/2025\/01\/0707_1.2.52-1024x576.jpg 1024w, https:\/\/www.allersretoursasso.fr\/wp-content\/uploads\/2025\/01\/0707_1.2.52-300x169.jpg 300w, https:\/\/www.allersretoursasso.fr\/wp-content\/uploads\/2025\/01\/0707_1.2.52-768x432.jpg 768w, https:\/\/www.allersretoursasso.fr\/wp-content\/uploads\/2025\/01\/0707_1.2.52-1536x864.jpg 1536w, https:\/\/www.allersretoursasso.fr\/wp-content\/uploads\/2025\/01\/0707_1.2.52-2048x1152.jpg 2048w, https:\/\/www.allersretoursasso.fr\/wp-content\/uploads\/2025\/01\/0707_1.2.52-18x10.jpg 18w, https:\/\/www.allersretoursasso.fr\/wp-content\/uploads\/2025\/01\/0707_1.2.52-350x197.jpg 350w\" sizes=\"(max-width: 767px) 89vw, (max-width: 1000px) 54vw, (max-width: 1071px) 543px, 580px\" \/><\/figure>\n<\/figure>\n\n\n\n<figure class=\"wp-block-embed is-type-video is-provider-youtube wp-block-embed-youtube wp-embed-aspect-16-9 wp-has-aspect-ratio\"><div class=\"wp-block-embed__wrapper\">\n<iframe loading=\"lazy\" title=\"KARST\" width=\"525\" height=\"295\" src=\"https:\/\/www.youtube.com\/embed\/tQB3li6i17Q?feature=oembed\" frameborder=\"0\" allow=\"accelerometer; autoplay; clipboard-write; encrypted-media; gyroscope; picture-in-picture; web-share\" referrerpolicy=\"strict-origin-when-cross-origin\" allowfullscreen><\/iframe>\n<\/div><\/figure>\n\n\n\n<p><\/p>\n\n\n\n<div class=\"wp-block-columns is-layout-flex wp-container-core-columns-layout-1 wp-block-columns-is-layout-flex\">\n<div class=\"wp-block-column is-layout-flow wp-block-column-is-layout-flow\"><\/div>\n<\/div>\n\n\n\n<hr class=\"wp-block-separator has-alpha-channel-opacity\"\/>\n\n\n\n<div class=\"wp-block-columns is-layout-flex wp-container-core-columns-layout-2 wp-block-columns-is-layout-flex\">\n<div class=\"wp-block-column is-layout-flow wp-block-column-is-layout-flow\"><\/div>\n<\/div>\n\n\n\n<div class=\"wp-block-columns is-layout-flex wp-container-core-columns-layout-3 wp-block-columns-is-layout-flex\">\n<div class=\"wp-block-column is-layout-flow wp-block-column-is-layout-flow\" style=\"flex-basis:33.33%\">\n<figure class=\"wp-block-image size-large\"><img loading=\"lazy\" decoding=\"async\" width=\"1714\" height=\"1714\" src=\"https:\/\/www.allersretoursasso.fr\/wp-content\/uploads\/2025\/01\/Directors-Headshot_YANG-Suiyi-edited-1.jpg\" alt=\"\" class=\"wp-image-5722\" srcset=\"https:\/\/www.allersretoursasso.fr\/wp-content\/uploads\/2025\/01\/Directors-Headshot_YANG-Suiyi-edited-1.jpg 1714w, https:\/\/www.allersretoursasso.fr\/wp-content\/uploads\/2025\/01\/Directors-Headshot_YANG-Suiyi-edited-1-300x300.jpg 300w, https:\/\/www.allersretoursasso.fr\/wp-content\/uploads\/2025\/01\/Directors-Headshot_YANG-Suiyi-edited-1-1024x1024.jpg 1024w, https:\/\/www.allersretoursasso.fr\/wp-content\/uploads\/2025\/01\/Directors-Headshot_YANG-Suiyi-edited-1-150x150.jpg 150w, https:\/\/www.allersretoursasso.fr\/wp-content\/uploads\/2025\/01\/Directors-Headshot_YANG-Suiyi-edited-1-768x768.jpg 768w, https:\/\/www.allersretoursasso.fr\/wp-content\/uploads\/2025\/01\/Directors-Headshot_YANG-Suiyi-edited-1-1536x1536.jpg 1536w, https:\/\/www.allersretoursasso.fr\/wp-content\/uploads\/2025\/01\/Directors-Headshot_YANG-Suiyi-edited-1-12x12.jpg 12w, https:\/\/www.allersretoursasso.fr\/wp-content\/uploads\/2025\/01\/Directors-Headshot_YANG-Suiyi-edited-1-100x100.jpg 100w, https:\/\/www.allersretoursasso.fr\/wp-content\/uploads\/2025\/01\/Directors-Headshot_YANG-Suiyi-edited-1-350x350.jpg 350w\" sizes=\"(max-width: 767px) 89vw, (max-width: 1000px) 54vw, (max-width: 1071px) 543px, 580px\" \/><\/figure>\n<\/div>\n\n\n\n<div class=\"wp-block-column is-layout-flow wp-block-column-is-layout-flow\" style=\"flex-basis:66.66%\">\n<p><strong><strong>\u00c0 propos de<\/strong> YANG Suiyi<\/strong><\/p>\n\n\n\n<p class=\"has-small-font-size\"><\/p>\n<\/div>\n<\/div>\n\n\n\n<p class=\"has-small-font-size\"><\/p>\n\n\n\n<p style=\"font-size:14px\">YANG Suiyi est un r\u00e9alisateur et sc\u00e9nariste chinois, n\u00e9 en 1997 dans la province de Qiandongnan, au Guizhou, en Chine. Dipl\u00f4m\u00e9 de l&#8217;Acad\u00e9mie de Cin\u00e9ma de P\u00e9kin, o\u00f9 il s&#8217;est sp\u00e9cialis\u00e9 en arts, il a r\u00e9alis\u00e9 plusieurs courts-m\u00e9trages durant ses \u00e9tudes. <em>Karst<\/em> marque ses d\u00e9buts en tant que r\u00e9alisateur de long-m\u00e9trage, avec un film qu\u2019il a lui-m\u00eame \u00e9crit et dirig\u00e9.&nbsp;<\/p>\n\n\n\n<p class=\"has-small-font-size\"><\/p>\n\n\n\n<p>\u6768\u7a57\u76ca\uff0c1997\u5e74\u751f\u4e8e\u8d35\u5dde\u7701\u9ed4\u4e1c\u5357\u82d7\u65cf\u4f97\u65cf\u81ea\u6cbb\u5dde\uff0c\u6bd5\u4e1a\u4e8e\u5317\u4eac\u7535\u5f71\u5b66\u9662\uff0c\u4e3b\u4fee\u827a\u672f\u5b66\u7406\u8bba\u3002\u5c31\u8bfb\u671f\u95f4\u62cd\u6444\u4e86\u6570\u90e8\u5267\u60c5\u77ed\u7247\uff0c\u300a\u5580\u65af\u7279\u300b\u662f\u5176\u9996\u90e8\u957f\u7bc7\u7535\u5f71\u4f5c\u54c1\uff0c\u5728\u7b2c\u516b\u5c4a\u5e73\u9065\u56fd\u9645\u7535\u5f71\u5c55\u4e0a\u5d2d\u9732\u5934\u89d2\u3002<\/p>\n\n\n\n<p class=\"has-small-font-size\"><\/p>\n\n\n\n<hr class=\"wp-block-separator has-alpha-channel-opacity is-style-wide\"\/>\n\n\n\n<p class=\"has-small-font-size\"><\/p>\n\n\n\n<p class=\"has-text-align-center\"><\/p>\n\n\n\n<div class=\"wp-block-columns is-layout-flex wp-container-core-columns-layout-4 wp-block-columns-is-layout-flex\">\n<div class=\"wp-block-column is-layout-flow wp-block-column-is-layout-flow\">\n<div class=\"wp-block-buttons is-layout-flex wp-block-buttons-is-layout-flex\">\n<div class=\"wp-block-button has-custom-width wp-block-button__width-100 has-custom-font-size is-style-outline\" style=\"font-size:16px\"><a class=\"wp-block-button__link wp-element-button\" href=\"https:\/\/www.billetweb.fr\/far2025\" target=\"_blank\" rel=\"noreferrer noopener\">R\u00e9servez vos billets (Paris)<br>\u7ebf\u4e0a\u8d2d\u7968\uff08\u5df4\u9ece\uff09<\/a><\/div>\n<\/div>\n<\/div>\n<\/div>\n\n\n\n<div class=\"wp-block-columns is-layout-flex wp-container-core-columns-layout-5 wp-block-columns-is-layout-flex\">\n<div class=\"wp-block-column is-layout-flow wp-block-column-is-layout-flow\">\n<div class=\"wp-block-buttons is-layout-flex wp-block-buttons-is-layout-flex\">\n<div class=\"wp-block-button has-custom-width wp-block-button__width-100 has-custom-font-size is-style-outline\" style=\"font-size:16px\"><a class=\"wp-block-button__link wp-element-button\" href=\"https:\/\/www.cinema-arvor.fr\/evenement\/2175754-festival-allers-retours-semaine-chinoise\" target=\"_blank\" rel=\"noreferrer noopener\">R\u00e9servez vos billets (Rennes)<br>\u7ebf\u4e0a\u8d2d\u7968\uff08\u96f7\u6069\uff09<\/a><\/div>\n<\/div>\n<\/div>\n\n\n\n<div class=\"wp-block-column is-layout-flow wp-block-column-is-layout-flow\">\n<div class=\"wp-block-buttons is-layout-flex wp-block-buttons-is-layout-flex\">\n<div class=\"wp-block-button has-custom-width wp-block-button__width-100 has-custom-font-size is-style-outline\" style=\"font-size:16px\"><a class=\"wp-block-button__link wp-element-button\" href=\"https:\/\/www.billetweb.fr\/far2025-lyon\" target=\"_blank\" rel=\"noreferrer noopener\">R\u00e9servez vos billets (Lyon)<br>\u7ebf\u4e0a\u8d2d\u7968\uff08\u91cc\u6602\uff09<\/a><\/div>\n<\/div>\n<\/div>\n<\/div>\n\n\n\n<div class=\"wp-block-columns is-layout-flex wp-container-core-columns-layout-6 wp-block-columns-is-layout-flex\">\n<div class=\"wp-block-column is-layout-flow wp-block-column-is-layout-flow\" style=\"flex-basis:100%\">\n<p class=\"has-text-align-center\" style=\"font-size:18px\"><strong>Paris<\/strong><\/p>\n\n\n\n<p class=\"has-text-align-center\" style=\"font-size:16px\"><strong>Sam. 1 f\u00e9vrier \u00e0 18h45 <\/strong>au\u00a0Mus\u00e9e Guimet<br><strong>Jeu. 6 f\u00e9vrier \u00e0 19h45 <\/strong>au Studio des Ursulines, s\u00e9ance suivie d&#8217;une Q&amp;A avec le r\u00e9alisateur en pr\u00e9sentiel<\/p>\n\n\n\n<p class=\"has-text-align-center\" style=\"font-size:18px\"><strong>Rennes<\/strong><\/p>\n\n\n\n<p class=\"has-text-align-center\" style=\"font-size:16px\"><strong>Sam. 1 f\u00e9vrier \u00e0 18h <\/strong>au Cin\u00e9ma l&#8217;Arvor<\/p>\n\n\n\n<p class=\"has-text-align-center\" style=\"font-size:18px\"><strong>Lyon<\/strong><\/p>\n\n\n\n<p class=\"has-text-align-center\" style=\"font-size:16px\"><strong>Ven. 14 f\u00e9vrier \u00e0 20h30 <\/strong>au Cin\u00e9ma Lumi\u00e8re Fourmi<br><\/p>\n<\/div>\n<\/div>\n\n\n\n<div class=\"wp-block-cover is-light\" style=\"min-height:349px\"><span aria-hidden=\"true\" class=\"wp-block-cover__background has-white-background-color has-background-dim\"><\/span><div class=\"wp-block-cover__inner-container is-layout-flow wp-block-cover-is-layout-flow\">\n<div class=\"wp-block-group is-layout-flow wp-block-group-is-layout-flow\"><div class=\"wp-block-group__inner-container\">\n<figure class=\"wp-block-image size-large\"><a href=\"https:\/\/www.allersretoursasso.fr\/zh\/annee-festival-2025\/\" target=\"_blank\" rel=\"noreferrer noopener\"><img loading=\"lazy\" decoding=\"async\" width=\"1024\" height=\"342\" src=\"https:\/\/www.allersretoursasso.fr\/wp-content\/uploads\/2025\/01\/Twitter-banner-copy-1024x342.png\" alt=\"\" class=\"wp-image-5568\" srcset=\"https:\/\/www.allersretoursasso.fr\/wp-content\/uploads\/2025\/01\/Twitter-banner-copy-1024x342.png 1024w, https:\/\/www.allersretoursasso.fr\/wp-content\/uploads\/2025\/01\/Twitter-banner-copy-300x100.png 300w, https:\/\/www.allersretoursasso.fr\/wp-content\/uploads\/2025\/01\/Twitter-banner-copy-768x256.png 768w, https:\/\/www.allersretoursasso.fr\/wp-content\/uploads\/2025\/01\/Twitter-banner-copy-18x6.png 18w, https:\/\/www.allersretoursasso.fr\/wp-content\/uploads\/2025\/01\/Twitter-banner-copy-350x117.png 350w, https:\/\/www.allersretoursasso.fr\/wp-content\/uploads\/2025\/01\/Twitter-banner-copy.png 1501w\" sizes=\"(max-width: 767px) 89vw, (max-width: 1000px) 54vw, (max-width: 1071px) 543px, 580px\" \/><\/a><\/figure>\n<\/div><\/div>\n<\/div><\/div>\n\n\n\n<div class=\"wp-block-group is-layout-flow wp-block-group-is-layout-flow\"><div class=\"wp-block-group__inner-container\">\n<p class=\"has-text-align-center\" style=\"font-size:15px\"><\/p>\n<\/div><\/div>\n\n\n\n<p class=\"has-text-align-center has-white-color has-text-color\" style=\"font-size:15px\"> 19h45 aux Ursuline<\/p>\n\n\n\n<p class=\"has-text-align-center has-white-color has-text-color\" style=\"font-size:15px\">06 octobre \u00e0 19h45 aux Ursulines<\/p>","protected":false},"excerpt":{"rendered":"<p>2024 \/ 108\u2019 \/ Dialecte du Guizhou \/ VOSTF \/ Fiction Prix du Meilleur Film aux Fei Mu Awards lors du Festival International du Film de Pingyao &#8220;Crouching Tiger, Hidden Dragon&#8221; Dans un village isol\u00e9 de la province de Guizhou, au sud-ouest de la Chine, une \u00e9leveuse de b\u00e9tail est confront\u00e9e \u00e0 la maladie de &hellip; <\/p>\n<p class=\"link-more\"><a href=\"https:\/\/www.allersretoursasso.fr\/zh\/festival2025-karst\/\" class=\"more-link\">\u7ee7\u7eed\u9605\u8bfb<span class=\"screen-reader-text\">\u201cFestival Allers-Retours 2025  &#8211; Karst\u201d<\/span><\/a><\/p>","protected":false},"author":17,"featured_media":0,"parent":0,"menu_order":0,"comment_status":"closed","ping_status":"closed","template":"","meta":{"footnotes":""},"_links":{"self":[{"href":"https:\/\/www.allersretoursasso.fr\/zh\/wp-json\/wp\/v2\/pages\/5599"}],"collection":[{"href":"https:\/\/www.allersretoursasso.fr\/zh\/wp-json\/wp\/v2\/pages"}],"about":[{"href":"https:\/\/www.allersretoursasso.fr\/zh\/wp-json\/wp\/v2\/types\/page"}],"author":[{"embeddable":true,"href":"https:\/\/www.allersretoursasso.fr\/zh\/wp-json\/wp\/v2\/users\/17"}],"replies":[{"embeddable":true,"href":"https:\/\/www.allersretoursasso.fr\/zh\/wp-json\/wp\/v2\/comments?post=5599"}],"version-history":[{"count":14,"href":"https:\/\/www.allersretoursasso.fr\/zh\/wp-json\/wp\/v2\/pages\/5599\/revisions"}],"predecessor-version":[{"id":6169,"href":"https:\/\/www.allersretoursasso.fr\/zh\/wp-json\/wp\/v2\/pages\/5599\/revisions\/6169"}],"wp:attachment":[{"href":"https:\/\/www.allersretoursasso.fr\/zh\/wp-json\/wp\/v2\/media?parent=5599"}],"curies":[{"name":"wp","href":"https:\/\/api.w.org\/{rel}","templated":true}]}}