{"id":5608,"date":"2025-01-02T15:34:04","date_gmt":"2025-01-02T14:34:04","guid":{"rendered":"https:\/\/www.allersretoursasso.fr\/?page_id=5608"},"modified":"2025-02-05T09:33:58","modified_gmt":"2025-02-05T08:33:58","slug":"festival2025-the-burning-light","status":"publish","type":"page","link":"https:\/\/www.allersretoursasso.fr\/zh\/festival2025-the-burning-light\/","title":{"rendered":"Festival Allers-Retours 2025 &#8211; The Burning Night"},"content":{"rendered":"<div id=\"fb-root\"><\/div>\n\n<div class=\"wp-block-media-text alignwide is-stacked-on-mobile\" style=\"grid-template-columns:41% auto\"><figure class=\"wp-block-media-text__media\"><img loading=\"lazy\" decoding=\"async\" width=\"683\" height=\"1024\" src=\"https:\/\/www.allersretoursasso.fr\/wp-content\/uploads\/2025\/01\/13-1-The-Burning-Night-683x1024.jpg\" alt=\"\" class=\"wp-image-5611 size-full\" srcset=\"https:\/\/www.allersretoursasso.fr\/wp-content\/uploads\/2025\/01\/13-1-The-Burning-Night-683x1024.jpg 683w, https:\/\/www.allersretoursasso.fr\/wp-content\/uploads\/2025\/01\/13-1-The-Burning-Night-200x300.jpg 200w, https:\/\/www.allersretoursasso.fr\/wp-content\/uploads\/2025\/01\/13-1-The-Burning-Night-768x1152.jpg 768w, https:\/\/www.allersretoursasso.fr\/wp-content\/uploads\/2025\/01\/13-1-The-Burning-Night-1024x1536.jpg 1024w, https:\/\/www.allersretoursasso.fr\/wp-content\/uploads\/2025\/01\/13-1-The-Burning-Night-1365x2048.jpg 1365w, https:\/\/www.allersretoursasso.fr\/wp-content\/uploads\/2025\/01\/13-1-The-Burning-Night-8x12.jpg 8w, https:\/\/www.allersretoursasso.fr\/wp-content\/uploads\/2025\/01\/13-1-The-Burning-Night-350x525.jpg 350w, https:\/\/www.allersretoursasso.fr\/wp-content\/uploads\/2025\/01\/13-1-The-Burning-Night-scaled.jpg 1707w\" sizes=\"(max-width: 683px) 100vw, 683px\" \/><\/figure><div class=\"wp-block-media-text__content\">\n<div class=\"wp-block-group is-layout-flow wp-block-group-is-layout-flow\"><div class=\"wp-block-group__inner-container\">\n<div class=\"wp-block-group is-vertical is-layout-flex wp-container-core-group-layout-4 wp-block-group-is-layout-flex\">\n<div class=\"wp-block-group is-layout-flow wp-block-group-is-layout-flow\"><div class=\"wp-block-group__inner-container\">\n<div class=\"wp-block-group is-layout-flow wp-block-group-is-layout-flow\"><div class=\"wp-block-group__inner-container\">\n<div class=\"wp-block-group is-layout-flow wp-block-group-is-layout-flow\"><div class=\"wp-block-group__inner-container\">\n<p><\/p>\n\n\n\n<p style=\"font-size:30px;font-style:normal;font-weight:500\"><em><span style=\"font-weight: 400\"><strong><strong>The Burning Night<\/strong><\/strong><\/span><\/em><\/p>\n\n\n\n<p style=\"font-size:30px;font-style:normal;font-weight:500\">\u71c3\u591c<\/p>\n\n\n\n<p class=\"has-medium-font-size\">Demon WONG<\/p>\n\n\n\n<p class=\"has-medium-font-size\">\u738b\u715c<\/p>\n\n\n\n<p class=\"has-small-font-size\"><a href=\"https:\/\/www.allersretoursasso.fr\/zh\/annee-festival-2024\/\" target=\"_blank\" rel=\"noreferrer noopener\">\u00c9dition 2025<\/a><\/p>\n\n\n\n<p style=\"font-size:10px\"><\/p>\n<\/div><\/div>\n\n\n\n<p class=\"has-text-align-center\"><\/p>\n\n\n\n<p class=\"has-text-align-left\" style=\"font-size:15px\"><\/p>\n<\/div><\/div>\n<\/div><\/div>\n<\/div>\n<\/div><\/div>\n<\/div><\/div>\n\n\n\n<h2 class=\"wp-block-heading\"><\/h2>\n\n\n\n<p class=\"has-text-align-center has-small-font-size\"><em>2024 \/ 20\u2019 \/ Mandarin, Cantonais \/ VOSTF \/ Fiction<\/em><\/p>\n\n\n\n<p class=\"has-text-align-center\" style=\"font-size:14px\"><em>S\u00e9lectionn\u00e9 au Golden Horse Festival 2024<\/em><\/p>\n\n\n\n<p class=\"has-text-align-left\" style=\"font-size:16px;line-height:1.5\">Au moment o\u00f9 Guangzhou accueille le passage de la torche olympique des jeux de P\u00e9kin, un jeune homme sort avec ses amis. Leurs provocations adolescentes vont croiser la route de manifestants nationalistes, au milieu du d\u00e9cor de la f\u00eate mondialis\u00e9e, les feux d\u2019artifices se m\u00ealant au chaos nocturne.<\/p>\n\n\n\n<p><\/p>\n\n\n\n<p class=\"has-text-align-center\"><em>2024 \/ 20\u2019 \/ \u666e\u901a\u8bdd\uff0c\u7ca4\u8bed \/ \u539f\u58f0\u6cd5\u8bed\u5b57\u5e55 \/ \u5267\u60c5<\/em><\/p>\n\n\n\n<p class=\"has-text-align-center\"><em>\u5165\u56f4\u7b2c61\u5c4a\u53f0\u5317\u91d1\u9a6c\u5f71\u5c55<\/em><\/p>\n\n\n\n<p><em>2008\u5e74\uff0c\u5e7f\u5dde\u57ce\u8fce\u6765\u5965\u8fd0\u76db\u4f1a\u7480\u74a8\u7684\u70df\u706b\u3002\u8857\u5934\u5c11\u5e74\u767b\u4e0a\u7834\u65e7\u7684\u9876\u697c\uff0c\u7528\u70df\u82b1\u628a\u591c\u665a\u5b8c\u5168\u70b9\u71c3\uff0c\u5ba3\u6cc4\u4ed6\u4eec\u5bf9\u751f\u6d3b\u7684\u4e0d\u6ee1\u3002\u4ed6\u4eec\u8086\u610f\u95ef\u4e0b\u7684\u9ebb\u70e6\u610f\u5916\u5730\u88ab\u6765\u81ea\u96c6\u4f53\u7684\u6124\u6012\u6240\u63a9\u76d6\u3002\u751f\u5b58\u5728\u8fb9\u7f18\u7684\u5c11\u5e74\u4eec\u5bf9\u5e7f\u9614\u4e16\u754c\u7684\u671f\u5f85\uff0c\u548c\u75af\u72c2\u7684\u6c11\u65cf\u4e3b\u4e49\u8fd0\u52a8\u4e0e\u66b4\u529b\u4ea4\u7ec7\u6210\u4e86\u96be\u4ee5\u770b\u6e05\u7684\u672a\u6765\u3002<\/em><\/p>\n\n\n\n<figure class=\"wp-block-gallery has-nested-images columns-default is-cropped wp-block-gallery-1 is-layout-flex wp-block-gallery-is-layout-flex\">\n<figure class=\"wp-block-image size-large\"><img loading=\"lazy\" decoding=\"async\" width=\"1024\" height=\"576\" data-id=\"5616\" src=\"https:\/\/www.allersretoursasso.fr\/wp-content\/uploads\/2025\/01\/TBN_Stills_05-1024x576.png\" alt=\"\" class=\"wp-image-5616\" srcset=\"https:\/\/www.allersretoursasso.fr\/wp-content\/uploads\/2025\/01\/TBN_Stills_05-1024x576.png 1024w, https:\/\/www.allersretoursasso.fr\/wp-content\/uploads\/2025\/01\/TBN_Stills_05-300x169.png 300w, https:\/\/www.allersretoursasso.fr\/wp-content\/uploads\/2025\/01\/TBN_Stills_05-768x432.png 768w, https:\/\/www.allersretoursasso.fr\/wp-content\/uploads\/2025\/01\/TBN_Stills_05-1536x864.png 1536w, https:\/\/www.allersretoursasso.fr\/wp-content\/uploads\/2025\/01\/TBN_Stills_05-2048x1152.png 2048w, https:\/\/www.allersretoursasso.fr\/wp-content\/uploads\/2025\/01\/TBN_Stills_05-18x10.png 18w, https:\/\/www.allersretoursasso.fr\/wp-content\/uploads\/2025\/01\/TBN_Stills_05-350x197.png 350w\" sizes=\"(max-width: 767px) 89vw, (max-width: 1000px) 54vw, (max-width: 1071px) 543px, 580px\" \/><\/figure>\n\n\n\n<figure class=\"wp-block-image size-large\"><img loading=\"lazy\" decoding=\"async\" width=\"1024\" height=\"576\" data-id=\"5617\" src=\"https:\/\/www.allersretoursasso.fr\/wp-content\/uploads\/2025\/01\/TBN_Stills_04-1024x576.png\" alt=\"\" class=\"wp-image-5617\" srcset=\"https:\/\/www.allersretoursasso.fr\/wp-content\/uploads\/2025\/01\/TBN_Stills_04-1024x576.png 1024w, https:\/\/www.allersretoursasso.fr\/wp-content\/uploads\/2025\/01\/TBN_Stills_04-300x169.png 300w, https:\/\/www.allersretoursasso.fr\/wp-content\/uploads\/2025\/01\/TBN_Stills_04-768x432.png 768w, https:\/\/www.allersretoursasso.fr\/wp-content\/uploads\/2025\/01\/TBN_Stills_04-1536x864.png 1536w, https:\/\/www.allersretoursasso.fr\/wp-content\/uploads\/2025\/01\/TBN_Stills_04-2048x1152.png 2048w, https:\/\/www.allersretoursasso.fr\/wp-content\/uploads\/2025\/01\/TBN_Stills_04-18x10.png 18w, https:\/\/www.allersretoursasso.fr\/wp-content\/uploads\/2025\/01\/TBN_Stills_04-350x197.png 350w\" sizes=\"(max-width: 767px) 89vw, (max-width: 1000px) 54vw, (max-width: 1071px) 543px, 580px\" \/><\/figure>\n\n\n\n<figure class=\"wp-block-image size-large\"><img loading=\"lazy\" decoding=\"async\" width=\"1024\" height=\"576\" data-id=\"5618\" src=\"https:\/\/www.allersretoursasso.fr\/wp-content\/uploads\/2025\/01\/TBN_Stills_03-1024x576.png\" alt=\"\" class=\"wp-image-5618\" srcset=\"https:\/\/www.allersretoursasso.fr\/wp-content\/uploads\/2025\/01\/TBN_Stills_03-1024x576.png 1024w, https:\/\/www.allersretoursasso.fr\/wp-content\/uploads\/2025\/01\/TBN_Stills_03-300x169.png 300w, https:\/\/www.allersretoursasso.fr\/wp-content\/uploads\/2025\/01\/TBN_Stills_03-768x432.png 768w, https:\/\/www.allersretoursasso.fr\/wp-content\/uploads\/2025\/01\/TBN_Stills_03-1536x864.png 1536w, https:\/\/www.allersretoursasso.fr\/wp-content\/uploads\/2025\/01\/TBN_Stills_03-2048x1152.png 2048w, https:\/\/www.allersretoursasso.fr\/wp-content\/uploads\/2025\/01\/TBN_Stills_03-18x10.png 18w, https:\/\/www.allersretoursasso.fr\/wp-content\/uploads\/2025\/01\/TBN_Stills_03-350x197.png 350w\" sizes=\"(max-width: 767px) 89vw, (max-width: 1000px) 54vw, (max-width: 1071px) 543px, 580px\" \/><\/figure>\n\n\n\n<figure class=\"wp-block-image size-large\"><img loading=\"lazy\" decoding=\"async\" width=\"1024\" height=\"576\" data-id=\"5619\" src=\"https:\/\/www.allersretoursasso.fr\/wp-content\/uploads\/2025\/01\/TBN_Stills_02-1024x576.png\" alt=\"\" class=\"wp-image-5619\" srcset=\"https:\/\/www.allersretoursasso.fr\/wp-content\/uploads\/2025\/01\/TBN_Stills_02-1024x576.png 1024w, https:\/\/www.allersretoursasso.fr\/wp-content\/uploads\/2025\/01\/TBN_Stills_02-300x169.png 300w, https:\/\/www.allersretoursasso.fr\/wp-content\/uploads\/2025\/01\/TBN_Stills_02-768x432.png 768w, https:\/\/www.allersretoursasso.fr\/wp-content\/uploads\/2025\/01\/TBN_Stills_02-1536x864.png 1536w, https:\/\/www.allersretoursasso.fr\/wp-content\/uploads\/2025\/01\/TBN_Stills_02-2048x1152.png 2048w, https:\/\/www.allersretoursasso.fr\/wp-content\/uploads\/2025\/01\/TBN_Stills_02-18x10.png 18w, https:\/\/www.allersretoursasso.fr\/wp-content\/uploads\/2025\/01\/TBN_Stills_02-350x197.png 350w\" sizes=\"(max-width: 767px) 89vw, (max-width: 1000px) 54vw, (max-width: 1071px) 543px, 580px\" \/><\/figure>\n\n\n\n<figure class=\"wp-block-image size-large\"><img loading=\"lazy\" decoding=\"async\" width=\"1024\" height=\"576\" data-id=\"5620\" src=\"https:\/\/www.allersretoursasso.fr\/wp-content\/uploads\/2025\/01\/TBN_Stills_01-1024x576.png\" alt=\"\" class=\"wp-image-5620\" srcset=\"https:\/\/www.allersretoursasso.fr\/wp-content\/uploads\/2025\/01\/TBN_Stills_01-1024x576.png 1024w, https:\/\/www.allersretoursasso.fr\/wp-content\/uploads\/2025\/01\/TBN_Stills_01-300x169.png 300w, https:\/\/www.allersretoursasso.fr\/wp-content\/uploads\/2025\/01\/TBN_Stills_01-768x432.png 768w, https:\/\/www.allersretoursasso.fr\/wp-content\/uploads\/2025\/01\/TBN_Stills_01-1536x864.png 1536w, https:\/\/www.allersretoursasso.fr\/wp-content\/uploads\/2025\/01\/TBN_Stills_01-2048x1152.png 2048w, https:\/\/www.allersretoursasso.fr\/wp-content\/uploads\/2025\/01\/TBN_Stills_01-18x10.png 18w, https:\/\/www.allersretoursasso.fr\/wp-content\/uploads\/2025\/01\/TBN_Stills_01-350x197.png 350w\" sizes=\"(max-width: 767px) 89vw, (max-width: 1000px) 54vw, (max-width: 1071px) 543px, 580px\" \/><\/figure>\n\n\n\n<figure class=\"wp-block-image size-large\"><img loading=\"lazy\" decoding=\"async\" width=\"1024\" height=\"576\" data-id=\"5621\" src=\"https:\/\/www.allersretoursasso.fr\/wp-content\/uploads\/2025\/01\/TBN_Stills_06-1024x576.png\" alt=\"\" class=\"wp-image-5621\" srcset=\"https:\/\/www.allersretoursasso.fr\/wp-content\/uploads\/2025\/01\/TBN_Stills_06-1024x576.png 1024w, https:\/\/www.allersretoursasso.fr\/wp-content\/uploads\/2025\/01\/TBN_Stills_06-300x169.png 300w, https:\/\/www.allersretoursasso.fr\/wp-content\/uploads\/2025\/01\/TBN_Stills_06-768x432.png 768w, https:\/\/www.allersretoursasso.fr\/wp-content\/uploads\/2025\/01\/TBN_Stills_06-1536x864.png 1536w, https:\/\/www.allersretoursasso.fr\/wp-content\/uploads\/2025\/01\/TBN_Stills_06-2048x1152.png 2048w, https:\/\/www.allersretoursasso.fr\/wp-content\/uploads\/2025\/01\/TBN_Stills_06-18x10.png 18w, https:\/\/www.allersretoursasso.fr\/wp-content\/uploads\/2025\/01\/TBN_Stills_06-350x197.png 350w\" sizes=\"(max-width: 767px) 89vw, (max-width: 1000px) 54vw, (max-width: 1071px) 543px, 580px\" \/><\/figure>\n<\/figure>\n\n\n\n<figure class=\"wp-block-embed is-type-video is-provider-youtube wp-block-embed-youtube wp-embed-aspect-16-9 wp-has-aspect-ratio\"><div class=\"wp-block-embed__wrapper\">\n<iframe loading=\"lazy\" title=\"The Burning Night\" width=\"525\" height=\"295\" src=\"https:\/\/www.youtube.com\/embed\/zDcWj4L4uaA?feature=oembed\" frameborder=\"0\" allow=\"accelerometer; autoplay; clipboard-write; encrypted-media; gyroscope; picture-in-picture; web-share\" referrerpolicy=\"strict-origin-when-cross-origin\" allowfullscreen><\/iframe>\n<\/div><\/figure>\n\n\n\n<p><\/p>\n\n\n\n<div class=\"wp-block-columns is-layout-flex wp-container-core-columns-layout-1 wp-block-columns-is-layout-flex\">\n<div class=\"wp-block-column is-layout-flow wp-block-column-is-layout-flow\"><\/div>\n<\/div>\n\n\n\n<hr class=\"wp-block-separator has-alpha-channel-opacity\"\/>\n\n\n\n<div class=\"wp-block-columns is-layout-flex wp-container-core-columns-layout-2 wp-block-columns-is-layout-flex\">\n<div class=\"wp-block-column is-layout-flow wp-block-column-is-layout-flow\"><\/div>\n<\/div>\n\n\n\n<div class=\"wp-block-columns is-layout-flex wp-container-core-columns-layout-3 wp-block-columns-is-layout-flex\">\n<div class=\"wp-block-column is-layout-flow wp-block-column-is-layout-flow\" style=\"flex-basis:33.33%\">\n<figure class=\"wp-block-image size-large\"><img loading=\"lazy\" decoding=\"async\" width=\"2354\" height=\"2354\" src=\"https:\/\/www.allersretoursasso.fr\/wp-content\/uploads\/2025\/01\/13-1-ZHANG-Yu-The-Burning-Night-02-edited.jpg\" alt=\"\" class=\"wp-image-5809\" srcset=\"https:\/\/www.allersretoursasso.fr\/wp-content\/uploads\/2025\/01\/13-1-ZHANG-Yu-The-Burning-Night-02-edited.jpg 2354w, https:\/\/www.allersretoursasso.fr\/wp-content\/uploads\/2025\/01\/13-1-ZHANG-Yu-The-Burning-Night-02-edited-300x300.jpg 300w, https:\/\/www.allersretoursasso.fr\/wp-content\/uploads\/2025\/01\/13-1-ZHANG-Yu-The-Burning-Night-02-edited-1024x1024.jpg 1024w, https:\/\/www.allersretoursasso.fr\/wp-content\/uploads\/2025\/01\/13-1-ZHANG-Yu-The-Burning-Night-02-edited-150x150.jpg 150w, https:\/\/www.allersretoursasso.fr\/wp-content\/uploads\/2025\/01\/13-1-ZHANG-Yu-The-Burning-Night-02-edited-768x768.jpg 768w, https:\/\/www.allersretoursasso.fr\/wp-content\/uploads\/2025\/01\/13-1-ZHANG-Yu-The-Burning-Night-02-edited-1536x1536.jpg 1536w, https:\/\/www.allersretoursasso.fr\/wp-content\/uploads\/2025\/01\/13-1-ZHANG-Yu-The-Burning-Night-02-edited-2048x2048.jpg 2048w, https:\/\/www.allersretoursasso.fr\/wp-content\/uploads\/2025\/01\/13-1-ZHANG-Yu-The-Burning-Night-02-edited-12x12.jpg 12w, https:\/\/www.allersretoursasso.fr\/wp-content\/uploads\/2025\/01\/13-1-ZHANG-Yu-The-Burning-Night-02-edited-100x100.jpg 100w, https:\/\/www.allersretoursasso.fr\/wp-content\/uploads\/2025\/01\/13-1-ZHANG-Yu-The-Burning-Night-02-edited-350x350.jpg 350w\" sizes=\"(max-width: 767px) 89vw, (max-width: 1000px) 54vw, (max-width: 1071px) 543px, 580px\" \/><\/figure>\n<\/div>\n\n\n\n<div class=\"wp-block-column is-layout-flow wp-block-column-is-layout-flow\" style=\"flex-basis:66.66%\">\n<p><strong><strong>\u00c0 propos de<\/strong> Demon WONG<\/strong><\/p>\n\n\n\n<p class=\"has-small-font-size\"><\/p>\n<\/div>\n<\/div>\n\n\n\n<p style=\"font-size:14px\"><\/p>\n\n\n\n<p style=\"font-size:14px\">Demon WONG, n\u00e9 \u00e0 Canton et bas\u00e9 \u00e0 P\u00e9kin, est un r\u00e9alisateur de publicit\u00e9 ind\u00e9pendant. Son style se distingue par des couleurs audacieuses et un visuel puissant. <em>Burning Night<\/em> est son premier court-m\u00e9trage de fiction.<\/p>\n\n\n\n<p class=\"has-small-font-size\"><\/p>\n\n\n\n<p>\u738b\u715c\uff0c\u4e2d\u56fd\u5e7f\u5dde\u51fa\u751f\uff0c\u73b0\u5c45\u5317\u4eac\u3002\u72ec\u7acb\u5e7f\u544a\u5bfc\u6f14\uff0c\u4e0e\u591a\u4e2a\u56fd\u9645\u54c1\u724c\u5408\u4f5c\uff0c\u5f71\u50cf\u8272\u5f69\u5927\u80c6\u98ce\u683c\u5f3a\u70c8\u3002\u300a\u71c3\u591c\u300b\u4e3a\u5176\u9996\u90e8\u5267\u60c5\u77ed\u7247\u4f5c\u54c1\u3002<\/p>\n\n\n\n<p class=\"has-small-font-size\"><\/p>\n\n\n\n<hr class=\"wp-block-separator has-alpha-channel-opacity is-style-wide\"\/>\n\n\n\n<div class=\"wp-block-columns is-layout-flex wp-container-core-columns-layout-4 wp-block-columns-is-layout-flex\">\n<div class=\"wp-block-column is-layout-flow wp-block-column-is-layout-flow\"><\/div>\n<\/div>\n\n\n\n<p class=\"has-text-align-center\"><\/p>\n\n\n\n<div class=\"wp-block-columns is-layout-flex wp-container-core-columns-layout-5 wp-block-columns-is-layout-flex\">\n<div class=\"wp-block-column is-layout-flow wp-block-column-is-layout-flow\" style=\"flex-basis:50%\">\n<div class=\"wp-block-buttons is-content-justification-center is-layout-flex wp-container-core-buttons-layout-1 wp-block-buttons-is-layout-flex\">\n<div class=\"wp-block-button has-custom-width wp-block-button__width-100 has-custom-font-size is-style-outline\" style=\"font-size:16px\"><a class=\"wp-block-button__link has-black-color has-white-background-color has-text-color has-background wp-element-button\" href=\"https:\/\/www.billetweb.fr\/far2025\" target=\"_blank\" rel=\"noreferrer noopener\">R\u00e9servez vos billets (Paris)<br>\u7ebf\u4e0a\u8d2d\u7968\uff08\u5df4\u9ece\uff09<\/a><\/div>\n<\/div>\n<\/div>\n\n\n\n<div class=\"wp-block-column is-layout-flow wp-block-column-is-layout-flow\" style=\"flex-basis:50%\">\n<div class=\"wp-block-buttons is-content-justification-center is-layout-flex wp-container-core-buttons-layout-2 wp-block-buttons-is-layout-flex\">\n<div class=\"wp-block-button has-custom-width wp-block-button__width-100 has-custom-font-size is-style-outline\" style=\"font-size:16px\"><a class=\"wp-block-button__link wp-element-button\" href=\"https:\/\/www.billetweb.fr\/far2025-lyon\" target=\"_blank\" rel=\"noreferrer noopener\">R\u00e9servez vos billets (Lyon)<br>\u7ebf\u4e0a\u8d2d\u7968\uff08\u91cc\u6602\uff09<\/a><\/div>\n<\/div>\n<\/div>\n<\/div>\n\n\n\n<p><\/p>\n\n\n\n<p class=\"has-text-align-center\" style=\"font-size:18px\"><strong>Paris<\/strong><\/p>\n\n\n\n<p class=\"has-text-align-center\" style=\"font-size:16px\"><strong>Lundi 3 f\u00e9vrier \u00e0 19h45<\/strong> au Studio des Ursulines<br><strong>Dimanche 9 f\u00e9vrier \u00e0 17h00<\/strong> au Path\u00e9 Les Fauvettes, s\u00e9ance suivie d&#8217;une Q&amp;A avec Demon Wong en pr\u00e9sentiel<\/p>\n\n\n\n<p class=\"has-text-align-center\" style=\"font-size:18px\"><strong>Lyon<\/strong><\/p>\n\n\n\n<p class=\"has-text-align-center\" style=\"font-size:16px\"><strong>Lundi 17 f\u00e9vrier \u00e0 <strong>18h45<\/strong> <\/strong>au Cin\u00e9ma Lumi\u00e8re Fourmi<\/p>\n\n\n\n<p><\/p>\n\n\n\n<div class=\"wp-block-cover is-light\" style=\"min-height:349px\"><span aria-hidden=\"true\" class=\"wp-block-cover__background has-white-background-color has-background-dim\"><\/span><div class=\"wp-block-cover__inner-container is-layout-flow wp-block-cover-is-layout-flow\">\n<div class=\"wp-block-group is-layout-flow wp-block-group-is-layout-flow\"><div class=\"wp-block-group__inner-container\">\n<figure class=\"wp-block-image size-large\"><a href=\"https:\/\/www.allersretoursasso.fr\/zh\/annee-festival-2025\/\" target=\"_blank\" rel=\"noreferrer noopener\"><img loading=\"lazy\" decoding=\"async\" width=\"1024\" height=\"342\" src=\"https:\/\/www.allersretoursasso.fr\/wp-content\/uploads\/2025\/01\/Twitter-banner-copy-1024x342.png\" alt=\"\" class=\"wp-image-5568\" srcset=\"https:\/\/www.allersretoursasso.fr\/wp-content\/uploads\/2025\/01\/Twitter-banner-copy-1024x342.png 1024w, https:\/\/www.allersretoursasso.fr\/wp-content\/uploads\/2025\/01\/Twitter-banner-copy-300x100.png 300w, https:\/\/www.allersretoursasso.fr\/wp-content\/uploads\/2025\/01\/Twitter-banner-copy-768x256.png 768w, https:\/\/www.allersretoursasso.fr\/wp-content\/uploads\/2025\/01\/Twitter-banner-copy-18x6.png 18w, https:\/\/www.allersretoursasso.fr\/wp-content\/uploads\/2025\/01\/Twitter-banner-copy-350x117.png 350w, https:\/\/www.allersretoursasso.fr\/wp-content\/uploads\/2025\/01\/Twitter-banner-copy.png 1501w\" sizes=\"(max-width: 767px) 89vw, (max-width: 1000px) 54vw, (max-width: 1071px) 543px, 580px\" \/><\/a><\/figure>\n<\/div><\/div>\n<\/div><\/div>\n\n\n\n<div class=\"wp-block-group is-layout-flow wp-block-group-is-layout-flow\"><div class=\"wp-block-group__inner-container\">\n<p class=\"has-text-align-center\" style=\"font-size:15px\"><\/p>\n<\/div><\/div>\n\n\n\n<p class=\"has-text-align-center has-white-color has-text-color\" style=\"font-size:15px\"> 19h45 aux Ursuline<\/p>\n\n\n\n<p class=\"has-text-align-center has-white-color has-text-color\" style=\"font-size:15px\">06 octobre \u00e0 19h45 aux Ursulines<\/p>","protected":false},"excerpt":{"rendered":"<p>2024 \/ 20\u2019 \/ Mandarin, Cantonais \/ VOSTF \/ Fiction S\u00e9lectionn\u00e9 au Golden Horse Festival 2024 Au moment o\u00f9 Guangzhou accueille le passage de la torche olympique des jeux de P\u00e9kin, un jeune homme sort avec ses amis. Leurs provocations adolescentes vont croiser la route de manifestants nationalistes, au milieu du d\u00e9cor de la f\u00eate &hellip; <\/p>\n<p class=\"link-more\"><a href=\"https:\/\/www.allersretoursasso.fr\/zh\/festival2025-the-burning-light\/\" class=\"more-link\">\u7ee7\u7eed\u9605\u8bfb<span class=\"screen-reader-text\">\u201cFestival Allers-Retours 2025 &#8211; The Burning Night\u201d<\/span><\/a><\/p>","protected":false},"author":20,"featured_media":0,"parent":0,"menu_order":0,"comment_status":"closed","ping_status":"closed","template":"","meta":{"footnotes":""},"_links":{"self":[{"href":"https:\/\/www.allersretoursasso.fr\/zh\/wp-json\/wp\/v2\/pages\/5608"}],"collection":[{"href":"https:\/\/www.allersretoursasso.fr\/zh\/wp-json\/wp\/v2\/pages"}],"about":[{"href":"https:\/\/www.allersretoursasso.fr\/zh\/wp-json\/wp\/v2\/types\/page"}],"author":[{"embeddable":true,"href":"https:\/\/www.allersretoursasso.fr\/zh\/wp-json\/wp\/v2\/users\/20"}],"replies":[{"embeddable":true,"href":"https:\/\/www.allersretoursasso.fr\/zh\/wp-json\/wp\/v2\/comments?post=5608"}],"version-history":[{"count":14,"href":"https:\/\/www.allersretoursasso.fr\/zh\/wp-json\/wp\/v2\/pages\/5608\/revisions"}],"predecessor-version":[{"id":6175,"href":"https:\/\/www.allersretoursasso.fr\/zh\/wp-json\/wp\/v2\/pages\/5608\/revisions\/6175"}],"wp:attachment":[{"href":"https:\/\/www.allersretoursasso.fr\/zh\/wp-json\/wp\/v2\/media?parent=5608"}],"curies":[{"name":"wp","href":"https:\/\/api.w.org\/{rel}","templated":true}]}}