{"id":5628,"date":"2025-01-02T15:58:52","date_gmt":"2025-01-02T14:58:52","guid":{"rendered":"https:\/\/www.allersretoursasso.fr\/?page_id=5628"},"modified":"2025-01-14T19:22:17","modified_gmt":"2025-01-14T18:22:17","slug":"festival2025-spring-23","status":"publish","type":"page","link":"https:\/\/www.allersretoursasso.fr\/zh\/festival2025-spring-23\/","title":{"rendered":"Festival Allers-Retours 2025 &#8211; Spring 23"},"content":{"rendered":"<div id=\"fb-root\"><\/div>\n\n<div class=\"wp-block-media-text alignwide is-stacked-on-mobile\" style=\"grid-template-columns:41% auto\"><figure class=\"wp-block-media-text__media\"><img loading=\"lazy\" decoding=\"async\" width=\"683\" height=\"1024\" src=\"https:\/\/www.allersretoursasso.fr\/wp-content\/uploads\/2025\/01\/13-2-Affiche_Spring23-683x1024.jpg\" alt=\"\" class=\"wp-image-5630 size-full\" srcset=\"https:\/\/www.allersretoursasso.fr\/wp-content\/uploads\/2025\/01\/13-2-Affiche_Spring23-683x1024.jpg 683w, https:\/\/www.allersretoursasso.fr\/wp-content\/uploads\/2025\/01\/13-2-Affiche_Spring23-200x300.jpg 200w, https:\/\/www.allersretoursasso.fr\/wp-content\/uploads\/2025\/01\/13-2-Affiche_Spring23-768x1152.jpg 768w, https:\/\/www.allersretoursasso.fr\/wp-content\/uploads\/2025\/01\/13-2-Affiche_Spring23-1024x1536.jpg 1024w, https:\/\/www.allersretoursasso.fr\/wp-content\/uploads\/2025\/01\/13-2-Affiche_Spring23-1365x2048.jpg 1365w, https:\/\/www.allersretoursasso.fr\/wp-content\/uploads\/2025\/01\/13-2-Affiche_Spring23-8x12.jpg 8w, https:\/\/www.allersretoursasso.fr\/wp-content\/uploads\/2025\/01\/13-2-Affiche_Spring23-350x525.jpg 350w, https:\/\/www.allersretoursasso.fr\/wp-content\/uploads\/2025\/01\/13-2-Affiche_Spring23-scaled.jpg 1707w\" sizes=\"(max-width: 683px) 100vw, 683px\" \/><\/figure><div class=\"wp-block-media-text__content\">\n<div class=\"wp-block-group is-layout-flow wp-block-group-is-layout-flow\"><div class=\"wp-block-group__inner-container\">\n<div class=\"wp-block-group is-vertical is-layout-flex wp-container-core-group-layout-4 wp-block-group-is-layout-flex\">\n<div class=\"wp-block-group is-layout-flow wp-block-group-is-layout-flow\"><div class=\"wp-block-group__inner-container\">\n<div class=\"wp-block-group is-layout-flow wp-block-group-is-layout-flow\"><div class=\"wp-block-group__inner-container\">\n<div class=\"wp-block-group is-layout-flow wp-block-group-is-layout-flow\"><div class=\"wp-block-group__inner-container\">\n<p><\/p>\n\n\n\n<p style=\"font-size:30px;font-style:normal;font-weight:500\"><em><span style=\"font-weight: 400\"><strong><strong>Spring 23<\/strong><\/strong><\/span><\/em><\/p>\n\n\n\n<p style=\"font-size:30px;font-style:normal;font-weight:500\">\u6625\u4e8c\u5341\u4e09<\/p>\n\n\n\n<p class=\"has-medium-font-size\">WANG Zhiyi<\/p>\n\n\n\n<p class=\"has-medium-font-size\">\u738b\u77e5\u7591<\/p>\n\n\n\n<p class=\"has-small-font-size\"><a href=\"https:\/\/www.allersretoursasso.fr\/zh\/annee-festival-2025\/\" target=\"_blank\" rel=\"noreferrer noopener\">\u00c9dition 2025<\/a><\/p>\n\n\n\n<p style=\"font-size:10px\"><\/p>\n<\/div><\/div>\n<\/div><\/div>\n<\/div><\/div>\n<\/div>\n<\/div><\/div>\n<\/div><\/div>\n\n\n\n<h2 class=\"wp-block-heading\"><\/h2>\n\n\n\n<p class=\"has-text-align-center\" style=\"font-size:14px\"><em>2024 \/ 13\u2019 \/ Mandarin \/ VOSTF \/ Fiction<\/em><\/p>\n\n\n\n<p class=\"has-text-align-center\" style=\"font-size:14px\"><em>S\u00e9lectionn\u00e9 au Festival du court-m\u00e9trage de Clermont-Ferrand 2024<\/em><\/p>\n\n\n\n<p>Un jeune homme, endeuill\u00e9 apr\u00e8s les obs\u00e8ques de ses parents, d\u00e9cide de c\u00e9l\u00e9brer le Festival du Printemps de 2023 avec des feux d\u2019artifices, malgr\u00e9 leur interdiction.<\/p>\n\n\n\n<p><\/p>\n\n\n\n<p class=\"has-text-align-center\"><em>2024 \/ 13\u2019 \/ \u666e\u901a\u8bdd \/ \u539f\u58f0\u6cd5\u8bed\u5b57\u5e55 \/ \u5267\u60c5<\/em><\/p>\n\n\n\n<p class=\"has-text-align-center\"><em>2024\u5e74Oberhausen\u77ed\u7247\u7535\u5f71\u8282\u83b7\u5f97\u6700\u4f73\u5f71\u7247\u5956\u4e0eFIPRESCI\u5956\u3002\u5165\u90092024\u5e74\u514b\u83b1\u8499\u8d39\u6717\u77ed\u7247\u7535\u5f71\u8282\u3001\u5fb7\u9ed1\u5170\u56fd\u9645\u77ed\u7247\u7535\u5f71\u8282\u3002<\/em><\/p>\n\n\n\n<p>\u75ab\u60c5\u6e05\u96f6\u653f\u7b56\u4e00\u5915\u89e3\u5c01\uff0c\u6625\u8282\u70df\u706b\u5e86\u795d\u5374\u88ab\u7981\u6b62\u3002\u9752\u5e74\u9a91\u8457\u673a\u8f66\uff0c\u7a7f\u68ad\u5728\u5e02\u96c6\u3001\u56fd\u9053\u3001\u5c4b\u5b85\u95f4\u3002\u7236\u6bcd\u521a\u67d3\u75ab\u901d\u4e16\uff0c\u8fd8\u662f\u60f3\u4e70\u70b9\u70ae\u7af9\uff0c\u4e3a\u7a7a\u5e9f\u7684\u4eba\u751f\uff0c\u71c3\u70e7\u4e9b\u8bb8\u4eea\u5f0f\u7684\u5149\u4eae\u3002<\/p>\n\n\n\n<figure class=\"wp-block-gallery has-nested-images columns-default is-cropped wp-block-gallery-1 is-layout-flex wp-block-gallery-is-layout-flex\">\n<figure class=\"wp-block-image size-large\"><img loading=\"lazy\" decoding=\"async\" width=\"1024\" height=\"554\" data-id=\"5635\" src=\"https:\/\/www.allersretoursasso.fr\/wp-content\/uploads\/2025\/01\/1-1024x554.jpg\" alt=\"\" class=\"wp-image-5635\" srcset=\"https:\/\/www.allersretoursasso.fr\/wp-content\/uploads\/2025\/01\/1-1024x554.jpg 1024w, https:\/\/www.allersretoursasso.fr\/wp-content\/uploads\/2025\/01\/1-300x162.jpg 300w, https:\/\/www.allersretoursasso.fr\/wp-content\/uploads\/2025\/01\/1-768x415.jpg 768w, https:\/\/www.allersretoursasso.fr\/wp-content\/uploads\/2025\/01\/1-1536x830.jpg 1536w, https:\/\/www.allersretoursasso.fr\/wp-content\/uploads\/2025\/01\/1-2048x1107.jpg 2048w, https:\/\/www.allersretoursasso.fr\/wp-content\/uploads\/2025\/01\/1-18x10.jpg 18w, https:\/\/www.allersretoursasso.fr\/wp-content\/uploads\/2025\/01\/1-350x189.jpg 350w\" sizes=\"(max-width: 767px) 89vw, (max-width: 1000px) 54vw, (max-width: 1071px) 543px, 580px\" \/><\/figure>\n\n\n\n<figure class=\"wp-block-image size-large\"><img loading=\"lazy\" decoding=\"async\" width=\"1024\" height=\"554\" data-id=\"5634\" src=\"https:\/\/www.allersretoursasso.fr\/wp-content\/uploads\/2025\/01\/2-1024x554.jpg\" alt=\"\" class=\"wp-image-5634\" srcset=\"https:\/\/www.allersretoursasso.fr\/wp-content\/uploads\/2025\/01\/2-1024x554.jpg 1024w, https:\/\/www.allersretoursasso.fr\/wp-content\/uploads\/2025\/01\/2-300x162.jpg 300w, https:\/\/www.allersretoursasso.fr\/wp-content\/uploads\/2025\/01\/2-768x415.jpg 768w, https:\/\/www.allersretoursasso.fr\/wp-content\/uploads\/2025\/01\/2-1536x830.jpg 1536w, https:\/\/www.allersretoursasso.fr\/wp-content\/uploads\/2025\/01\/2-2048x1107.jpg 2048w, https:\/\/www.allersretoursasso.fr\/wp-content\/uploads\/2025\/01\/2-18x10.jpg 18w, https:\/\/www.allersretoursasso.fr\/wp-content\/uploads\/2025\/01\/2-350x189.jpg 350w\" sizes=\"(max-width: 767px) 89vw, (max-width: 1000px) 54vw, (max-width: 1071px) 543px, 580px\" \/><\/figure>\n\n\n\n<figure class=\"wp-block-image size-large\"><img loading=\"lazy\" decoding=\"async\" width=\"1024\" height=\"554\" data-id=\"5633\" src=\"https:\/\/www.allersretoursasso.fr\/wp-content\/uploads\/2025\/01\/3-1024x554.jpg\" alt=\"\" class=\"wp-image-5633\" srcset=\"https:\/\/www.allersretoursasso.fr\/wp-content\/uploads\/2025\/01\/3-1024x554.jpg 1024w, https:\/\/www.allersretoursasso.fr\/wp-content\/uploads\/2025\/01\/3-300x162.jpg 300w, https:\/\/www.allersretoursasso.fr\/wp-content\/uploads\/2025\/01\/3-768x415.jpg 768w, https:\/\/www.allersretoursasso.fr\/wp-content\/uploads\/2025\/01\/3-1536x830.jpg 1536w, https:\/\/www.allersretoursasso.fr\/wp-content\/uploads\/2025\/01\/3-2048x1107.jpg 2048w, https:\/\/www.allersretoursasso.fr\/wp-content\/uploads\/2025\/01\/3-18x10.jpg 18w, https:\/\/www.allersretoursasso.fr\/wp-content\/uploads\/2025\/01\/3-350x189.jpg 350w\" sizes=\"(max-width: 767px) 89vw, (max-width: 1000px) 54vw, (max-width: 1071px) 543px, 580px\" \/><\/figure>\n\n\n\n<figure class=\"wp-block-image size-large\"><img loading=\"lazy\" decoding=\"async\" width=\"1998\" height=\"1080\" data-id=\"5632\" src=\"https:\/\/www.allersretoursasso.fr\/wp-content\/uploads\/2025\/01\/4-1024x554.jpg\" alt=\"\" class=\"wp-image-5632\" srcset=\"https:\/\/www.allersretoursasso.fr\/wp-content\/uploads\/2025\/01\/4-1024x554.jpg 1024w, https:\/\/www.allersretoursasso.fr\/wp-content\/uploads\/2025\/01\/4-300x162.jpg 300w, https:\/\/www.allersretoursasso.fr\/wp-content\/uploads\/2025\/01\/4-768x415.jpg 768w, https:\/\/www.allersretoursasso.fr\/wp-content\/uploads\/2025\/01\/4-1536x830.jpg 1536w, https:\/\/www.allersretoursasso.fr\/wp-content\/uploads\/2025\/01\/4-18x10.jpg 18w, https:\/\/www.allersretoursasso.fr\/wp-content\/uploads\/2025\/01\/4-350x189.jpg 350w, https:\/\/www.allersretoursasso.fr\/wp-content\/uploads\/2025\/01\/4.jpg 1998w\" sizes=\"(max-width: 767px) 89vw, (max-width: 1000px) 54vw, (max-width: 1071px) 543px, 580px\" \/><\/figure>\n<\/figure>\n\n\n\n<figure class=\"wp-block-embed is-type-video is-provider-youtube wp-block-embed-youtube wp-embed-aspect-16-9 wp-has-aspect-ratio\"><div class=\"wp-block-embed__wrapper\">\n<iframe loading=\"lazy\" title=\"Spring 23\" width=\"525\" height=\"295\" src=\"https:\/\/www.youtube.com\/embed\/LX0vOFsQwEM?feature=oembed\" frameborder=\"0\" allow=\"accelerometer; autoplay; clipboard-write; encrypted-media; gyroscope; picture-in-picture; web-share\" referrerpolicy=\"strict-origin-when-cross-origin\" allowfullscreen><\/iframe>\n<\/div><\/figure>\n\n\n\n<p><\/p>\n\n\n\n<div class=\"wp-block-columns is-layout-flex wp-container-core-columns-layout-1 wp-block-columns-is-layout-flex\">\n<div class=\"wp-block-column is-layout-flow wp-block-column-is-layout-flow\"><\/div>\n<\/div>\n\n\n\n<hr class=\"wp-block-separator has-alpha-channel-opacity\"\/>\n\n\n\n<div class=\"wp-block-columns is-layout-flex wp-container-core-columns-layout-2 wp-block-columns-is-layout-flex\">\n<div class=\"wp-block-column is-layout-flow wp-block-column-is-layout-flow\"><\/div>\n<\/div>\n\n\n\n<div class=\"wp-block-columns is-layout-flex wp-container-core-columns-layout-3 wp-block-columns-is-layout-flex\">\n<div class=\"wp-block-column is-layout-flow wp-block-column-is-layout-flow\" style=\"flex-basis:33.33%\">\n<figure class=\"wp-block-image size-large\"><img loading=\"lazy\" decoding=\"async\" width=\"2560\" height=\"2560\" src=\"https:\/\/www.allersretoursasso.fr\/wp-content\/uploads\/2025\/01\/13-2-WANG-Zhiyi-Spring-23-edited-scaled.jpg\" alt=\"\" class=\"wp-image-5736\" srcset=\"https:\/\/www.allersretoursasso.fr\/wp-content\/uploads\/2025\/01\/13-2-WANG-Zhiyi-Spring-23-edited-scaled.jpg 2560w, https:\/\/www.allersretoursasso.fr\/wp-content\/uploads\/2025\/01\/13-2-WANG-Zhiyi-Spring-23-edited-300x300.jpg 300w, https:\/\/www.allersretoursasso.fr\/wp-content\/uploads\/2025\/01\/13-2-WANG-Zhiyi-Spring-23-edited-1024x1024.jpg 1024w, https:\/\/www.allersretoursasso.fr\/wp-content\/uploads\/2025\/01\/13-2-WANG-Zhiyi-Spring-23-edited-150x150.jpg 150w, https:\/\/www.allersretoursasso.fr\/wp-content\/uploads\/2025\/01\/13-2-WANG-Zhiyi-Spring-23-edited-768x768.jpg 768w, https:\/\/www.allersretoursasso.fr\/wp-content\/uploads\/2025\/01\/13-2-WANG-Zhiyi-Spring-23-edited-1536x1536.jpg 1536w, https:\/\/www.allersretoursasso.fr\/wp-content\/uploads\/2025\/01\/13-2-WANG-Zhiyi-Spring-23-edited-2048x2048.jpg 2048w, https:\/\/www.allersretoursasso.fr\/wp-content\/uploads\/2025\/01\/13-2-WANG-Zhiyi-Spring-23-edited-12x12.jpg 12w, https:\/\/www.allersretoursasso.fr\/wp-content\/uploads\/2025\/01\/13-2-WANG-Zhiyi-Spring-23-edited-100x100.jpg 100w, https:\/\/www.allersretoursasso.fr\/wp-content\/uploads\/2025\/01\/13-2-WANG-Zhiyi-Spring-23-edited-350x350.jpg 350w\" sizes=\"(max-width: 767px) 89vw, (max-width: 1000px) 54vw, (max-width: 1071px) 543px, 580px\" \/><\/figure>\n<\/div>\n\n\n\n<div class=\"wp-block-column is-layout-flow wp-block-column-is-layout-flow\" style=\"flex-basis:66.66%\">\n<p><strong><strong>\u00c0 propos de<\/strong> WANG Zhiyi<\/strong><\/p>\n\n\n\n<p class=\"has-small-font-size\"><\/p>\n<\/div>\n<\/div>\n\n\n\n<p class=\"has-small-font-size\"><\/p>\n\n\n\n<p style=\"font-size:14px\">WANG Zhiyi, dipl\u00f4m\u00e9 de la London Film School, est fascin\u00e9 par la question de l\u2019unit\u00e9 de la forme et du fond dans ses films. C\u2019est pourquoi, afin d\u2019appr\u00e9hender au mieux son espace cr\u00e9atif, il combine les r\u00f4les de r\u00e9alisateur et de directeur de la photographie.<\/p>\n\n\n\n<p class=\"has-small-font-size\"><\/p>\n\n\n\n<p>\u738b\u77e5\u7591\uff0c\u6bd5\u4e1a\u4e8e\u4f26\u6566\u7535\u5f71\u5b66\u6821\uff0c\u575a\u6301\u5728\u521b\u4f5c\u4e2d\u517c\u4efb\u5bfc\u6f14\u4e0e\u6444\u5f71\u5e08\u4ee5\u63a2\u7d22\u5f62\u5f0f\u548c\u5185\u5bb9\u7684\u7edf\u4e00\u30022021\u5e74\u300a\u5357\u65b9\u7684\u67d0\u4e9b\u5448\u73b0\u65b9\u5f0f\u300b\u4ee5\u6781\u7b80\u98ce\u683c\u4e0e\u7ef5\u957f\u60c5\u611f\u83b7\u8ff4\u54cd\uff0c2024\u5e74\u300a\u6625\u4e8c\u5341\u4e09\u300b\u5165\u9009\u514b\u83b1\u8499\u8d39\u5b8f\u5f71\u5c55\u3001\u897f\u5b81FIRST\u9752\u5e74\u7535\u5f71\u5c55\u7b49\uff0c\u5e76\u83b7\u5965\u4f2f\u8c6a\u68ee\u77ed\u7247\u5f71\u5c55\u5927\u5956\u3002<\/p>\n\n\n\n<p class=\"has-small-font-size\"><\/p>\n\n\n\n<hr class=\"wp-block-separator has-alpha-channel-opacity is-style-wide\"\/>\n\n\n\n<div class=\"wp-block-columns is-layout-flex wp-container-core-columns-layout-4 wp-block-columns-is-layout-flex\">\n<div class=\"wp-block-column is-layout-flow wp-block-column-is-layout-flow\"><\/div>\n<\/div>\n\n\n\n<p class=\"has-text-align-center\"><\/p>\n\n\n\n<div class=\"wp-block-columns is-layout-flex wp-container-core-columns-layout-5 wp-block-columns-is-layout-flex\">\n<div class=\"wp-block-column is-layout-flow wp-block-column-is-layout-flow\" style=\"flex-basis:50%\">\n<div class=\"wp-block-buttons is-content-justification-center is-layout-flex wp-container-core-buttons-layout-1 wp-block-buttons-is-layout-flex\">\n<div class=\"wp-block-button has-custom-width wp-block-button__width-100 has-custom-font-size is-style-outline\" style=\"font-size:16px\"><a class=\"wp-block-button__link has-black-color has-white-background-color has-text-color has-background wp-element-button\" href=\"https:\/\/www.billetweb.fr\/far2025\" target=\"_blank\" rel=\"noreferrer noopener\">R\u00e9servez vos billets (Paris)<br>\u7ebf\u4e0a\u8d2d\u7968\uff08\u5df4\u9ece\uff09<\/a><\/div>\n<\/div>\n<\/div>\n\n\n\n<div class=\"wp-block-column is-layout-flow wp-block-column-is-layout-flow\" style=\"flex-basis:50%\">\n<div class=\"wp-block-buttons is-content-justification-center is-layout-flex wp-container-core-buttons-layout-2 wp-block-buttons-is-layout-flex\">\n<div class=\"wp-block-button has-custom-width wp-block-button__width-100 has-custom-font-size is-style-outline\" style=\"font-size:16px\"><a class=\"wp-block-button__link wp-element-button\" href=\"https:\/\/www.billetweb.fr\/far2025-lyon\" target=\"_blank\" rel=\"noreferrer noopener\">R\u00e9servez vos billets (Lyon)<br>\u7ebf\u4e0a\u8d2d\u7968\uff08\u91cc\u6602\uff09<\/a><\/div>\n<\/div>\n<\/div>\n<\/div>\n\n\n\n<p><\/p>\n\n\n\n<p class=\"has-text-align-center\" style=\"font-size:18px\"><strong>Paris<\/strong><\/p>\n\n\n\n<p class=\"has-text-align-center\" style=\"font-size:16px\"><strong>Lundi 3 f\u00e9vrier \u00e0 19h45<\/strong> au Studio des Ursulines<br><strong>Dimanche 9 f\u00e9vrier \u00e0 17h00<\/strong> au Path\u00e9 Les Fauvettes<\/p>\n\n\n\n<p class=\"has-text-align-center\" style=\"font-size:18px\"><strong>Lyon<\/strong><\/p>\n\n\n\n<p class=\"has-text-align-center\" style=\"font-size:16px\"><strong>Lundi 17 f\u00e9vrier \u00e0 <strong>18h45<\/strong> <\/strong>au Cin\u00e9ma Lumi\u00e8re Fourmi<\/p>\n\n\n\n<p><\/p>\n\n\n\n<div class=\"wp-block-cover is-light\" style=\"min-height:349px\"><span aria-hidden=\"true\" class=\"wp-block-cover__background has-white-background-color has-background-dim\"><\/span><div class=\"wp-block-cover__inner-container is-layout-flow wp-block-cover-is-layout-flow\">\n<div class=\"wp-block-group is-layout-flow wp-block-group-is-layout-flow\"><div class=\"wp-block-group__inner-container\">\n<figure class=\"wp-block-image size-large\"><a href=\"https:\/\/www.allersretoursasso.fr\/zh\/annee-festival-2025\/\"><img loading=\"lazy\" decoding=\"async\" width=\"1024\" height=\"342\" src=\"https:\/\/www.allersretoursasso.fr\/wp-content\/uploads\/2025\/01\/Twitter-banner-copy-1024x342.png\" alt=\"\" class=\"wp-image-5568\" srcset=\"https:\/\/www.allersretoursasso.fr\/wp-content\/uploads\/2025\/01\/Twitter-banner-copy-1024x342.png 1024w, https:\/\/www.allersretoursasso.fr\/wp-content\/uploads\/2025\/01\/Twitter-banner-copy-300x100.png 300w, https:\/\/www.allersretoursasso.fr\/wp-content\/uploads\/2025\/01\/Twitter-banner-copy-768x256.png 768w, https:\/\/www.allersretoursasso.fr\/wp-content\/uploads\/2025\/01\/Twitter-banner-copy-18x6.png 18w, https:\/\/www.allersretoursasso.fr\/wp-content\/uploads\/2025\/01\/Twitter-banner-copy-350x117.png 350w, https:\/\/www.allersretoursasso.fr\/wp-content\/uploads\/2025\/01\/Twitter-banner-copy.png 1501w\" sizes=\"(max-width: 767px) 89vw, (max-width: 1000px) 54vw, (max-width: 1071px) 543px, 580px\" \/><\/a><\/figure>\n<\/div><\/div>\n<\/div><\/div>\n\n\n\n<div class=\"wp-block-group is-layout-flow wp-block-group-is-layout-flow\"><div class=\"wp-block-group__inner-container\">\n<p class=\"has-text-align-center\" style=\"font-size:15px\"><\/p>\n<\/div><\/div>\n\n\n\n<p class=\"has-text-align-center has-white-color has-text-color\" style=\"font-size:15px\"> 19h45 aux Ursuline<\/p>\n\n\n\n<p class=\"has-text-align-center has-white-color has-text-color\" style=\"font-size:15px\">06 octobre \u00e0 19h45 aux Ursulines<\/p>","protected":false},"excerpt":{"rendered":"<p>2024 \/ 13\u2019 \/ Mandarin \/ VOSTF \/ Fiction S\u00e9lectionn\u00e9 au Festival du court-m\u00e9trage de Clermont-Ferrand 2024 Un jeune homme, endeuill\u00e9 apr\u00e8s les obs\u00e8ques de ses parents, d\u00e9cide de c\u00e9l\u00e9brer le Festival du Printemps de 2023 avec des feux d\u2019artifices, malgr\u00e9 leur interdiction. 2024 \/ 13\u2019 \/ \u666e\u901a\u8bdd \/ \u539f\u58f0\u6cd5\u8bed\u5b57\u5e55 \/ \u5267\u60c5 2024\u5e74Oberhausen\u77ed\u7247\u7535\u5f71\u8282\u83b7\u5f97\u6700\u4f73\u5f71\u7247\u5956\u4e0eFIPRESCI\u5956\u3002\u5165\u90092024\u5e74\u514b\u83b1\u8499\u8d39\u6717\u77ed\u7247\u7535\u5f71\u8282\u3001\u5fb7\u9ed1\u5170\u56fd\u9645\u77ed\u7247\u7535\u5f71\u8282\u3002 \u75ab\u60c5\u6e05\u96f6\u653f\u7b56\u4e00\u5915\u89e3\u5c01\uff0c\u6625\u8282\u70df\u706b\u5e86\u795d\u5374\u88ab\u7981\u6b62\u3002\u9752\u5e74\u9a91\u8457\u673a\u8f66\uff0c\u7a7f\u68ad\u5728\u5e02\u96c6\u3001\u56fd\u9053\u3001\u5c4b\u5b85\u95f4\u3002\u7236\u6bcd\u521a\u67d3\u75ab\u901d\u4e16\uff0c\u8fd8\u662f\u60f3\u4e70\u70b9\u70ae\u7af9\uff0c\u4e3a\u7a7a\u5e9f\u7684\u4eba\u751f\uff0c\u71c3\u70e7\u4e9b\u8bb8\u4eea\u5f0f\u7684\u5149\u4eae\u3002 \u00c0 &hellip; <\/p>\n<p class=\"link-more\"><a href=\"https:\/\/www.allersretoursasso.fr\/zh\/festival2025-spring-23\/\" class=\"more-link\">\u7ee7\u7eed\u9605\u8bfb<span class=\"screen-reader-text\">\u201cFestival Allers-Retours 2025 &#8211; Spring 23\u201d<\/span><\/a><\/p>","protected":false},"author":20,"featured_media":0,"parent":0,"menu_order":0,"comment_status":"closed","ping_status":"closed","template":"","meta":{"footnotes":""},"_links":{"self":[{"href":"https:\/\/www.allersretoursasso.fr\/zh\/wp-json\/wp\/v2\/pages\/5628"}],"collection":[{"href":"https:\/\/www.allersretoursasso.fr\/zh\/wp-json\/wp\/v2\/pages"}],"about":[{"href":"https:\/\/www.allersretoursasso.fr\/zh\/wp-json\/wp\/v2\/types\/page"}],"author":[{"embeddable":true,"href":"https:\/\/www.allersretoursasso.fr\/zh\/wp-json\/wp\/v2\/users\/20"}],"replies":[{"embeddable":true,"href":"https:\/\/www.allersretoursasso.fr\/zh\/wp-json\/wp\/v2\/comments?post=5628"}],"version-history":[{"count":8,"href":"https:\/\/www.allersretoursasso.fr\/zh\/wp-json\/wp\/v2\/pages\/5628\/revisions"}],"predecessor-version":[{"id":6130,"href":"https:\/\/www.allersretoursasso.fr\/zh\/wp-json\/wp\/v2\/pages\/5628\/revisions\/6130"}],"wp:attachment":[{"href":"https:\/\/www.allersretoursasso.fr\/zh\/wp-json\/wp\/v2\/media?parent=5628"}],"curies":[{"name":"wp","href":"https:\/\/api.w.org\/{rel}","templated":true}]}}