{"id":5648,"date":"2025-01-02T16:14:12","date_gmt":"2025-01-02T15:14:12","guid":{"rendered":"https:\/\/www.allersretoursasso.fr\/?page_id=5648"},"modified":"2025-01-14T19:26:03","modified_gmt":"2025-01-14T18:26:03","slug":"festival2025-the-poison-cat","status":"publish","type":"page","link":"https:\/\/www.allersretoursasso.fr\/zh\/festival2025-the-poison-cat\/","title":{"rendered":"Festival Allers-Retours 2025 &#8211; The Poison Cat"},"content":{"rendered":"<div id=\"fb-root\"><\/div>\n\n<div class=\"wp-block-media-text alignwide is-stacked-on-mobile\" style=\"grid-template-columns:41% auto\"><figure class=\"wp-block-media-text__media\"><img loading=\"lazy\" decoding=\"async\" width=\"768\" height=\"1024\" src=\"https:\/\/www.allersretoursasso.fr\/wp-content\/uploads\/2025\/01\/13-4-The-Poison-Cat\u6bd2\u836f\u732b\u6d77\u62a5\u4e3b_EN-768x1024.jpg\" alt=\"\" class=\"wp-image-5650 size-full\" srcset=\"https:\/\/www.allersretoursasso.fr\/wp-content\/uploads\/2025\/01\/13-4-The-Poison-Cat\u6bd2\u836f\u732b\u6d77\u62a5\u4e3b_EN-768x1024.jpg 768w, https:\/\/www.allersretoursasso.fr\/wp-content\/uploads\/2025\/01\/13-4-The-Poison-Cat\u6bd2\u836f\u732b\u6d77\u62a5\u4e3b_EN-225x300.jpg 225w, https:\/\/www.allersretoursasso.fr\/wp-content\/uploads\/2025\/01\/13-4-The-Poison-Cat\u6bd2\u836f\u732b\u6d77\u62a5\u4e3b_EN-1152x1536.jpg 1152w, https:\/\/www.allersretoursasso.fr\/wp-content\/uploads\/2025\/01\/13-4-The-Poison-Cat\u6bd2\u836f\u732b\u6d77\u62a5\u4e3b_EN-1536x2048.jpg 1536w, https:\/\/www.allersretoursasso.fr\/wp-content\/uploads\/2025\/01\/13-4-The-Poison-Cat\u6bd2\u836f\u732b\u6d77\u62a5\u4e3b_EN-9x12.jpg 9w, https:\/\/www.allersretoursasso.fr\/wp-content\/uploads\/2025\/01\/13-4-The-Poison-Cat\u6bd2\u836f\u732b\u6d77\u62a5\u4e3b_EN-350x467.jpg 350w, https:\/\/www.allersretoursasso.fr\/wp-content\/uploads\/2025\/01\/13-4-The-Poison-Cat\u6bd2\u836f\u732b\u6d77\u62a5\u4e3b_EN.jpg 1800w\" sizes=\"(max-width: 767px) 89vw, (max-width: 1000px) 54vw, (max-width: 1071px) 543px, 580px\" \/><\/figure><div class=\"wp-block-media-text__content\">\n<div class=\"wp-block-group is-layout-flow wp-block-group-is-layout-flow\"><div class=\"wp-block-group__inner-container\">\n<div class=\"wp-block-group is-vertical is-layout-flex wp-container-core-group-layout-4 wp-block-group-is-layout-flex\">\n<div class=\"wp-block-group is-layout-flow wp-block-group-is-layout-flow\"><div class=\"wp-block-group__inner-container\">\n<div class=\"wp-block-group is-layout-flow wp-block-group-is-layout-flow\"><div class=\"wp-block-group__inner-container\">\n<div class=\"wp-block-group is-layout-flow wp-block-group-is-layout-flow\"><div class=\"wp-block-group__inner-container\">\n<p><\/p>\n\n\n\n<p style=\"font-size:30px;font-style:normal;font-weight:500\"><em><span style=\"font-weight: 400\"><strong><strong>The Poison Cat<\/strong><\/strong><\/span><\/em><\/p>\n\n\n\n<p style=\"font-size:30px;font-style:normal;font-weight:500\">\u6bd2\u836f\u732b<\/p>\n\n\n\n<p class=\"has-medium-font-size\">GUAN Tian<\/p>\n\n\n\n<p class=\"has-medium-font-size\">\u5173\u5929<\/p>\n\n\n\n<p class=\"has-small-font-size\"><a href=\"https:\/\/www.allersretoursasso.fr\/zh\/annee-festival-2025\/\" target=\"_blank\" rel=\"noreferrer noopener\">\u00c9dition 2025<\/a><\/p>\n\n\n\n<p style=\"font-size:10px\"><\/p>\n<\/div><\/div>\n\n\n\n<p class=\"has-text-align-center\"><\/p>\n\n\n\n<p class=\"has-text-align-left\" style=\"font-size:15px\"><\/p>\n<\/div><\/div>\n<\/div><\/div>\n<\/div>\n<\/div><\/div>\n<\/div><\/div>\n\n\n\n<h2 class=\"wp-block-heading\"><\/h2>\n\n\n\n<p class=\"has-text-align-center has-small-font-size\"><em>2024 \/ 17\u2019 \/ Dialecte de Yunnan (Chine) \/ VOSTF \/ Fiction<\/em><\/p>\n\n\n\n<p class=\"has-text-align-center\" style=\"font-size:14px\"><em>S\u00e9lectionn\u00e9 \u00e0 la Orizzonti Competition de Biennale di Venezia<\/em><\/p>\n\n\n\n<p>Au sud-ouest de la Chine, existe une l\u00e9gende \u00e0 propos d\u2019un chat empoisonneur. Le Chasseur Tai se sent de plus en plus perdu, \u00e0 cause des liens inexplicables qu\u2019il \u00e9tablit entre des g\u00e9missements dans la for\u00eat, des \u00e9v\u00e9nements \u00e9tranges dans son village et le changement de comportement de son \u00e9pouse.<\/p>\n\n\n\n<p><\/p>\n\n\n\n<p class=\"has-text-align-center\"><em>2024 \/ 17\u2019 \/ \u4e91\u5357\u65b9\u8a00 \/ \u539f\u58f0\u6cd5\u8bed\u5b57\u5e55 \/ \u5267\u60c5<\/em><\/p>\n\n\n\n<p class=\"has-text-align-center\"><em>\u5165\u56f42024\u5a01\u5c3c\u65af\u56fd\u9645\u7535\u5f71\u8282\u5730\u5e73\u7ebf\u5355\u5143<\/em><\/p>\n\n\n\n<p>\u96e8\u6797\u6df1\u5904\u7684\u5c0f\u6751\u5e84\u4e2d\uff0c\u730e\u4eba\u963f\u6bd4\u6cf0\u53d1\u73b0\u6700\u8fd1\u6751\u6c11\u7684\u5931\u8e2a\u3001\u6797\u4e2d\u7684\u602a\u53eb\u58f0\uff0c\u597d\u50cf\u90fd\u548c\u59bb\u5b50\u7684\u53cd\u5e38\u4e3e\u52a8\u6709\u7740\u67d0\u79cd\u5173\u8054\u3002\u4ed6\u6240\u719f\u6089\u7684\u3001\u5343\u767e\u5e74\u672a\u66fe\u6539\u53d8\u7684\u751f\u6d3b\u65b9\u5f0f\u4f3c\u4e4e\u6b63\u5728\u5d29\u584c\uff0c\u53e4\u8001\u7684\u4f20\u8bf4\u4f3c\u4e4e\u5c31\u8981\u5e94\u9a8c<\/p>\n\n\n\n<figure class=\"wp-block-gallery has-nested-images columns-default is-cropped wp-block-gallery-1 is-layout-flex wp-block-gallery-is-layout-flex\">\n<figure class=\"wp-block-image size-large\"><img loading=\"lazy\" decoding=\"async\" width=\"1024\" height=\"512\" data-id=\"5655\" src=\"https:\/\/www.allersretoursasso.fr\/wp-content\/uploads\/2025\/01\/film-still_1_\u65e0\u89d2\u6807-1024x512.jpg\" alt=\"\" class=\"wp-image-5655\" srcset=\"https:\/\/www.allersretoursasso.fr\/wp-content\/uploads\/2025\/01\/film-still_1_\u65e0\u89d2\u6807-1024x512.jpg 1024w, https:\/\/www.allersretoursasso.fr\/wp-content\/uploads\/2025\/01\/film-still_1_\u65e0\u89d2\u6807-300x150.jpg 300w, https:\/\/www.allersretoursasso.fr\/wp-content\/uploads\/2025\/01\/film-still_1_\u65e0\u89d2\u6807-768x384.jpg 768w, https:\/\/www.allersretoursasso.fr\/wp-content\/uploads\/2025\/01\/film-still_1_\u65e0\u89d2\u6807-1536x768.jpg 1536w, https:\/\/www.allersretoursasso.fr\/wp-content\/uploads\/2025\/01\/film-still_1_\u65e0\u89d2\u6807-2048x1024.jpg 2048w, https:\/\/www.allersretoursasso.fr\/wp-content\/uploads\/2025\/01\/film-still_1_\u65e0\u89d2\u6807-18x9.jpg 18w, https:\/\/www.allersretoursasso.fr\/wp-content\/uploads\/2025\/01\/film-still_1_\u65e0\u89d2\u6807-350x175.jpg 350w\" sizes=\"(max-width: 767px) 89vw, (max-width: 1000px) 54vw, (max-width: 1071px) 543px, 580px\" \/><\/figure>\n\n\n\n<figure class=\"wp-block-image size-large\"><img loading=\"lazy\" decoding=\"async\" width=\"1024\" height=\"512\" data-id=\"5654\" src=\"https:\/\/www.allersretoursasso.fr\/wp-content\/uploads\/2025\/01\/film-still_4_\u65e0\u89d2\u6807-1024x512.jpg\" alt=\"\" class=\"wp-image-5654\" srcset=\"https:\/\/www.allersretoursasso.fr\/wp-content\/uploads\/2025\/01\/film-still_4_\u65e0\u89d2\u6807-1024x512.jpg 1024w, https:\/\/www.allersretoursasso.fr\/wp-content\/uploads\/2025\/01\/film-still_4_\u65e0\u89d2\u6807-300x150.jpg 300w, https:\/\/www.allersretoursasso.fr\/wp-content\/uploads\/2025\/01\/film-still_4_\u65e0\u89d2\u6807-768x384.jpg 768w, https:\/\/www.allersretoursasso.fr\/wp-content\/uploads\/2025\/01\/film-still_4_\u65e0\u89d2\u6807-1536x768.jpg 1536w, https:\/\/www.allersretoursasso.fr\/wp-content\/uploads\/2025\/01\/film-still_4_\u65e0\u89d2\u6807-2048x1024.jpg 2048w, https:\/\/www.allersretoursasso.fr\/wp-content\/uploads\/2025\/01\/film-still_4_\u65e0\u89d2\u6807-18x9.jpg 18w, https:\/\/www.allersretoursasso.fr\/wp-content\/uploads\/2025\/01\/film-still_4_\u65e0\u89d2\u6807-350x175.jpg 350w\" sizes=\"(max-width: 767px) 89vw, (max-width: 1000px) 54vw, (max-width: 1071px) 543px, 580px\" \/><\/figure>\n\n\n\n<figure class=\"wp-block-image size-large\"><img loading=\"lazy\" decoding=\"async\" width=\"1024\" height=\"512\" data-id=\"5653\" src=\"https:\/\/www.allersretoursasso.fr\/wp-content\/uploads\/2025\/01\/film-still_3_\u65e0\u89d2\u6807-1024x512.jpg\" alt=\"\" class=\"wp-image-5653\" srcset=\"https:\/\/www.allersretoursasso.fr\/wp-content\/uploads\/2025\/01\/film-still_3_\u65e0\u89d2\u6807-1024x512.jpg 1024w, https:\/\/www.allersretoursasso.fr\/wp-content\/uploads\/2025\/01\/film-still_3_\u65e0\u89d2\u6807-300x150.jpg 300w, https:\/\/www.allersretoursasso.fr\/wp-content\/uploads\/2025\/01\/film-still_3_\u65e0\u89d2\u6807-768x384.jpg 768w, https:\/\/www.allersretoursasso.fr\/wp-content\/uploads\/2025\/01\/film-still_3_\u65e0\u89d2\u6807-1536x768.jpg 1536w, https:\/\/www.allersretoursasso.fr\/wp-content\/uploads\/2025\/01\/film-still_3_\u65e0\u89d2\u6807-2048x1024.jpg 2048w, https:\/\/www.allersretoursasso.fr\/wp-content\/uploads\/2025\/01\/film-still_3_\u65e0\u89d2\u6807-18x9.jpg 18w, https:\/\/www.allersretoursasso.fr\/wp-content\/uploads\/2025\/01\/film-still_3_\u65e0\u89d2\u6807-350x175.jpg 350w\" sizes=\"(max-width: 767px) 89vw, (max-width: 1000px) 54vw, (max-width: 1071px) 543px, 580px\" \/><\/figure>\n\n\n\n<figure class=\"wp-block-image size-large\"><img loading=\"lazy\" decoding=\"async\" width=\"1024\" height=\"512\" data-id=\"5652\" src=\"https:\/\/www.allersretoursasso.fr\/wp-content\/uploads\/2025\/01\/film-still_2_\u65e0\u89d2\u6807-1024x512.jpg\" alt=\"\" class=\"wp-image-5652\" srcset=\"https:\/\/www.allersretoursasso.fr\/wp-content\/uploads\/2025\/01\/film-still_2_\u65e0\u89d2\u6807-1024x512.jpg 1024w, https:\/\/www.allersretoursasso.fr\/wp-content\/uploads\/2025\/01\/film-still_2_\u65e0\u89d2\u6807-300x150.jpg 300w, https:\/\/www.allersretoursasso.fr\/wp-content\/uploads\/2025\/01\/film-still_2_\u65e0\u89d2\u6807-768x384.jpg 768w, https:\/\/www.allersretoursasso.fr\/wp-content\/uploads\/2025\/01\/film-still_2_\u65e0\u89d2\u6807-1536x768.jpg 1536w, https:\/\/www.allersretoursasso.fr\/wp-content\/uploads\/2025\/01\/film-still_2_\u65e0\u89d2\u6807-2048x1024.jpg 2048w, https:\/\/www.allersretoursasso.fr\/wp-content\/uploads\/2025\/01\/film-still_2_\u65e0\u89d2\u6807-18x9.jpg 18w, https:\/\/www.allersretoursasso.fr\/wp-content\/uploads\/2025\/01\/film-still_2_\u65e0\u89d2\u6807-350x175.jpg 350w\" sizes=\"(max-width: 767px) 89vw, (max-width: 1000px) 54vw, (max-width: 1071px) 543px, 580px\" \/><\/figure>\n<\/figure>\n\n\n\n<figure class=\"wp-block-embed is-type-video is-provider-youtube wp-block-embed-youtube wp-embed-aspect-16-9 wp-has-aspect-ratio\"><div class=\"wp-block-embed__wrapper\">\n<iframe loading=\"lazy\" title=\"The Poison Cat\" width=\"525\" height=\"295\" src=\"https:\/\/www.youtube.com\/embed\/auCCMZTktj8?feature=oembed\" frameborder=\"0\" allow=\"accelerometer; autoplay; clipboard-write; encrypted-media; gyroscope; picture-in-picture; web-share\" referrerpolicy=\"strict-origin-when-cross-origin\" allowfullscreen><\/iframe>\n<\/div><\/figure>\n\n\n\n<p><\/p>\n\n\n\n<div class=\"wp-block-columns is-layout-flex wp-container-core-columns-layout-1 wp-block-columns-is-layout-flex\">\n<div class=\"wp-block-column is-layout-flow wp-block-column-is-layout-flow\"><\/div>\n<\/div>\n\n\n\n<hr class=\"wp-block-separator has-alpha-channel-opacity\"\/>\n\n\n\n<div class=\"wp-block-columns is-layout-flex wp-container-core-columns-layout-2 wp-block-columns-is-layout-flex\">\n<div class=\"wp-block-column is-layout-flow wp-block-column-is-layout-flow\"><\/div>\n<\/div>\n\n\n\n<div class=\"wp-block-columns is-layout-flex wp-container-core-columns-layout-3 wp-block-columns-is-layout-flex\">\n<div class=\"wp-block-column is-layout-flow wp-block-column-is-layout-flow\" style=\"flex-basis:33.33%\">\n<figure class=\"wp-block-image size-large\"><img loading=\"lazy\" decoding=\"async\" width=\"2000\" height=\"2001\" src=\"https:\/\/www.allersretoursasso.fr\/wp-content\/uploads\/2025\/01\/13-4-GUAN-Tian-The-Poison-Cat-edited.jpg\" alt=\"\" class=\"wp-image-5805\" srcset=\"https:\/\/www.allersretoursasso.fr\/wp-content\/uploads\/2025\/01\/13-4-GUAN-Tian-The-Poison-Cat-edited.jpg 2000w, https:\/\/www.allersretoursasso.fr\/wp-content\/uploads\/2025\/01\/13-4-GUAN-Tian-The-Poison-Cat-edited-300x300.jpg 300w, https:\/\/www.allersretoursasso.fr\/wp-content\/uploads\/2025\/01\/13-4-GUAN-Tian-The-Poison-Cat-edited-1024x1024.jpg 1024w, https:\/\/www.allersretoursasso.fr\/wp-content\/uploads\/2025\/01\/13-4-GUAN-Tian-The-Poison-Cat-edited-150x150.jpg 150w, https:\/\/www.allersretoursasso.fr\/wp-content\/uploads\/2025\/01\/13-4-GUAN-Tian-The-Poison-Cat-edited-768x768.jpg 768w, https:\/\/www.allersretoursasso.fr\/wp-content\/uploads\/2025\/01\/13-4-GUAN-Tian-The-Poison-Cat-edited-1536x1536.jpg 1536w, https:\/\/www.allersretoursasso.fr\/wp-content\/uploads\/2025\/01\/13-4-GUAN-Tian-The-Poison-Cat-edited-12x12.jpg 12w, https:\/\/www.allersretoursasso.fr\/wp-content\/uploads\/2025\/01\/13-4-GUAN-Tian-The-Poison-Cat-edited-100x100.jpg 100w, https:\/\/www.allersretoursasso.fr\/wp-content\/uploads\/2025\/01\/13-4-GUAN-Tian-The-Poison-Cat-edited-350x350.jpg 350w\" sizes=\"(max-width: 767px) 89vw, (max-width: 1000px) 54vw, (max-width: 1071px) 543px, 580px\" \/><\/figure>\n<\/div>\n\n\n\n<div class=\"wp-block-column is-layout-flow wp-block-column-is-layout-flow\" style=\"flex-basis:66.66%\">\n<p><strong><strong>\u00c0 propos de<\/strong> GUAN Tian<\/strong><\/p>\n\n\n\n<p class=\"has-small-font-size\"><\/p>\n<\/div>\n<\/div>\n\n\n\n<p class=\"has-small-font-size\"><\/p>\n\n\n\n<p class=\"has-small-font-size\">GUAN Tian est un r\u00e9alisateur et sc\u00e9nariste bas\u00e9 \u00e0 P\u00e9kin. Il est d\u00e9tenteur d\u2019un dipl\u00f4me en production de films de l\u2019universit\u00e9 de Syracuse et de CalArts. En tant que cin\u00e9aste, il explore les dynamiques de pouvoir entre groupes et individus. Ses courts-m\u00e9trages ont \u00e9t\u00e9 montr\u00e9s dans de nombreux festivals prestigieux. Il est actuellement en train de travailler sur son premier long-m\u00e9trage, intitul\u00e9 <em>The Poison Cat<\/em>.<\/p>\n\n\n\n<p class=\"has-small-font-size\"><\/p>\n\n\n\n<p>\u5173\u5929\uff0c\u7f16\u5267\/\u5bfc\u6f14\u3002\u672c\u79d1\u6bd5\u4e1a\u4e8e\u4e2d\u592e\u620f\u5267\u5b66\u9662\u5bfc\u6f14\u7cfb\uff0c\u540e\u5728\u7f8e\u56fd\u96ea\u57ce\u5927\u5b66\u548c\u52a0\u5dde\u827a\u672f\u5b66\u9662\u53d6\u5f97\u7535\u5f71\u5236\u4f5c\u7855\u58eb\u5b66\u4f4d\u3002\u5176\u77ed\u7247\u4f5c\u54c1\u5728\u591a\u4e2a\u8457\u540d\u56fd\u9645\u8282\u5c55\u4e2d\u5165\u56f4\u6216\u83b7\u5956\uff0c\u5305\u62ec\u5a01\u5c3c\u65af\u56fd\u9645\u7535\u5f71\u8282\u3001\u534e\u6c99\u7535\u5f71\u8282\u3001\u83ab\u65af\u79d1\u56fd\u9645\u7535\u5f71\u8282\u7b49\u3002\u4f5c\u54c1\u4e5f\u88ab\u7f8e\u56fd\u7ea6\u7ff0\u970d\u666e\u91d1\u65af\u5927\u5b66\u7535\u5f71\u4e2d\u5fc3\u548c\u5bc6\u6b47\u6839\u5927\u5b66\u4e9a\u6d32\u56fe\u4e66\u9986\u6536\u85cf\u3002\u6b63\u5728\u5f00\u53d1\u7684\u957f\u7247\u9879\u76ee\u300a\u6bd2\u836f\u732b\u300b\u66fe\u5165\u9009\u9e7f\u7279\u4e39\u7535\u5f71\u8282CineMart\u3001EAVE Ties That Bind\u6b27\u4e9a\u5408\u5236\u5de5\u574a\u3001FIRST\u5267\u60c5\u7247\u5b9e\u9a8c\u5ba4\u548c\u521b\u6295\u4f1a\uff0c\u5e76\u5728\u9999\u6e2fHAF\u83b7\u5f97\u53d1\u5c55\u4e2d\u9879\u76ee\u4e09\u9879\u5927\u5956\u3002<\/p>\n\n\n\n<p class=\"has-small-font-size\"><\/p>\n\n\n\n<hr class=\"wp-block-separator has-alpha-channel-opacity is-style-wide\"\/>\n\n\n\n<div class=\"wp-block-columns is-layout-flex wp-container-core-columns-layout-4 wp-block-columns-is-layout-flex\">\n<div class=\"wp-block-column is-layout-flow wp-block-column-is-layout-flow\"><\/div>\n<\/div>\n\n\n\n<p class=\"has-text-align-center\"><\/p>\n\n\n\n<div class=\"wp-block-columns is-layout-flex wp-container-core-columns-layout-5 wp-block-columns-is-layout-flex\">\n<div class=\"wp-block-column is-layout-flow wp-block-column-is-layout-flow\" style=\"flex-basis:50%\">\n<div class=\"wp-block-buttons is-content-justification-center is-layout-flex wp-container-core-buttons-layout-1 wp-block-buttons-is-layout-flex\">\n<div class=\"wp-block-button has-custom-width wp-block-button__width-100 has-custom-font-size is-style-outline\" style=\"font-size:16px\"><a class=\"wp-block-button__link has-black-color has-white-background-color has-text-color has-background wp-element-button\" href=\"https:\/\/www.billetweb.fr\/far2025\" target=\"_blank\" rel=\"noreferrer noopener\">R\u00e9servez vos billets (Paris)<br>\u7ebf\u4e0a\u8d2d\u7968\uff08\u5df4\u9ece\uff09<\/a><\/div>\n<\/div>\n<\/div>\n\n\n\n<div class=\"wp-block-column is-layout-flow wp-block-column-is-layout-flow\" style=\"flex-basis:50%\">\n<div class=\"wp-block-buttons is-content-justification-center is-layout-flex wp-container-core-buttons-layout-2 wp-block-buttons-is-layout-flex\">\n<div class=\"wp-block-button has-custom-width wp-block-button__width-100 has-custom-font-size is-style-outline\" style=\"font-size:16px\"><a class=\"wp-block-button__link wp-element-button\" href=\"https:\/\/www.billetweb.fr\/far2025-lyon\" target=\"_blank\" rel=\"noreferrer noopener\">R\u00e9servez vos billets (Lyon)<br>\u7ebf\u4e0a\u8d2d\u7968\uff08\u91cc\u6602\uff09<\/a><\/div>\n<\/div>\n<\/div>\n<\/div>\n\n\n\n<p><\/p>\n\n\n\n<p class=\"has-text-align-center\" style=\"font-size:18px\"><strong>Paris<\/strong><\/p>\n\n\n\n<p class=\"has-text-align-center\" style=\"font-size:16px\"><strong>Lundi 3 f\u00e9vrier \u00e0 19h45<\/strong> au Studio des Ursulines<br><strong>Dimanche 9 f\u00e9vrier \u00e0 17h00<\/strong> au Path\u00e9 Les Fauvettes<\/p>\n\n\n\n<p class=\"has-text-align-center\" style=\"font-size:18px\"><strong>Lyon<\/strong><\/p>\n\n\n\n<p class=\"has-text-align-center\" style=\"font-size:16px\"><strong>Lundi 17 f\u00e9vrier \u00e0 <strong>18h45<\/strong> <\/strong>au Cin\u00e9ma Lumi\u00e8re Fourmi<\/p>\n\n\n\n<p><\/p>\n\n\n\n<div class=\"wp-block-cover is-light\" style=\"min-height:349px\"><span aria-hidden=\"true\" class=\"wp-block-cover__background has-white-background-color has-background-dim\"><\/span><div class=\"wp-block-cover__inner-container is-layout-flow wp-block-cover-is-layout-flow\">\n<div class=\"wp-block-group is-layout-flow wp-block-group-is-layout-flow\"><div class=\"wp-block-group__inner-container\">\n<figure class=\"wp-block-image size-large\"><a href=\"https:\/\/www.allersretoursasso.fr\/zh\/annee-festival-2025\/\" target=\"_blank\" rel=\"noreferrer noopener\"><img loading=\"lazy\" decoding=\"async\" width=\"1024\" height=\"342\" src=\"https:\/\/www.allersretoursasso.fr\/wp-content\/uploads\/2025\/01\/Twitter-banner-copy-1024x342.png\" alt=\"\" class=\"wp-image-5568\" srcset=\"https:\/\/www.allersretoursasso.fr\/wp-content\/uploads\/2025\/01\/Twitter-banner-copy-1024x342.png 1024w, https:\/\/www.allersretoursasso.fr\/wp-content\/uploads\/2025\/01\/Twitter-banner-copy-300x100.png 300w, https:\/\/www.allersretoursasso.fr\/wp-content\/uploads\/2025\/01\/Twitter-banner-copy-768x256.png 768w, https:\/\/www.allersretoursasso.fr\/wp-content\/uploads\/2025\/01\/Twitter-banner-copy-18x6.png 18w, https:\/\/www.allersretoursasso.fr\/wp-content\/uploads\/2025\/01\/Twitter-banner-copy-350x117.png 350w, https:\/\/www.allersretoursasso.fr\/wp-content\/uploads\/2025\/01\/Twitter-banner-copy.png 1501w\" sizes=\"(max-width: 767px) 89vw, (max-width: 1000px) 54vw, (max-width: 1071px) 543px, 580px\" \/><\/a><\/figure>\n<\/div><\/div>\n<\/div><\/div>\n\n\n\n<p class=\"has-text-align-center has-white-color has-text-color\" style=\"font-size:15px\"> 19h45 aux Ursuline<\/p>\n\n\n\n<p class=\"has-text-align-center has-white-color has-text-color\" style=\"font-size:15px\">06 octobre \u00e0 19h45 aux Ursulines<\/p>","protected":false},"excerpt":{"rendered":"<p>2024 \/ 17\u2019 \/ Dialecte de Yunnan (Chine) \/ VOSTF \/ Fiction S\u00e9lectionn\u00e9 \u00e0 la Orizzonti Competition de Biennale di Venezia Au sud-ouest de la Chine, existe une l\u00e9gende \u00e0 propos d\u2019un chat empoisonneur. Le Chasseur Tai se sent de plus en plus perdu, \u00e0 cause des liens inexplicables qu\u2019il \u00e9tablit entre des g\u00e9missements dans &hellip; <\/p>\n<p class=\"link-more\"><a href=\"https:\/\/www.allersretoursasso.fr\/zh\/festival2025-the-poison-cat\/\" class=\"more-link\">\u7ee7\u7eed\u9605\u8bfb<span class=\"screen-reader-text\">\u201cFestival Allers-Retours 2025 &#8211; The Poison Cat\u201d<\/span><\/a><\/p>","protected":false},"author":20,"featured_media":0,"parent":0,"menu_order":0,"comment_status":"closed","ping_status":"closed","template":"","meta":{"footnotes":""},"_links":{"self":[{"href":"https:\/\/www.allersretoursasso.fr\/zh\/wp-json\/wp\/v2\/pages\/5648"}],"collection":[{"href":"https:\/\/www.allersretoursasso.fr\/zh\/wp-json\/wp\/v2\/pages"}],"about":[{"href":"https:\/\/www.allersretoursasso.fr\/zh\/wp-json\/wp\/v2\/types\/page"}],"author":[{"embeddable":true,"href":"https:\/\/www.allersretoursasso.fr\/zh\/wp-json\/wp\/v2\/users\/20"}],"replies":[{"embeddable":true,"href":"https:\/\/www.allersretoursasso.fr\/zh\/wp-json\/wp\/v2\/comments?post=5648"}],"version-history":[{"count":10,"href":"https:\/\/www.allersretoursasso.fr\/zh\/wp-json\/wp\/v2\/pages\/5648\/revisions"}],"predecessor-version":[{"id":6133,"href":"https:\/\/www.allersretoursasso.fr\/zh\/wp-json\/wp\/v2\/pages\/5648\/revisions\/6133"}],"wp:attachment":[{"href":"https:\/\/www.allersretoursasso.fr\/zh\/wp-json\/wp\/v2\/media?parent=5648"}],"curies":[{"name":"wp","href":"https:\/\/api.w.org\/{rel}","templated":true}]}}