{"id":5657,"date":"2025-01-02T16:20:54","date_gmt":"2025-01-02T15:20:54","guid":{"rendered":"https:\/\/www.allersretoursasso.fr\/?page_id=5657"},"modified":"2025-01-14T19:27:11","modified_gmt":"2025-01-14T18:27:11","slug":"festival2025-life-is-snow","status":"publish","type":"page","link":"https:\/\/www.allersretoursasso.fr\/zh\/festival2025-life-is-snow\/","title":{"rendered":"Festival Allers-Retours 2025 &#8211; Life is Snow"},"content":{"rendered":"<div id=\"fb-root\"><\/div>\n\n<div class=\"wp-block-media-text alignwide is-stacked-on-mobile\" style=\"grid-template-columns:41% auto\"><figure class=\"wp-block-media-text__media\"><img loading=\"lazy\" decoding=\"async\" width=\"722\" height=\"1024\" src=\"https:\/\/www.allersretoursasso.fr\/wp-content\/uploads\/2025\/01\/13-5-Life-is-Snow-poster-722x1024.png\" alt=\"\" class=\"wp-image-5659 size-full\" srcset=\"https:\/\/www.allersretoursasso.fr\/wp-content\/uploads\/2025\/01\/13-5-Life-is-Snow-poster-722x1024.png 722w, https:\/\/www.allersretoursasso.fr\/wp-content\/uploads\/2025\/01\/13-5-Life-is-Snow-poster-212x300.png 212w, https:\/\/www.allersretoursasso.fr\/wp-content\/uploads\/2025\/01\/13-5-Life-is-Snow-poster-768x1089.png 768w, https:\/\/www.allersretoursasso.fr\/wp-content\/uploads\/2025\/01\/13-5-Life-is-Snow-poster-1083x1536.png 1083w, https:\/\/www.allersretoursasso.fr\/wp-content\/uploads\/2025\/01\/13-5-Life-is-Snow-poster-8x12.png 8w, https:\/\/www.allersretoursasso.fr\/wp-content\/uploads\/2025\/01\/13-5-Life-is-Snow-poster-350x496.png 350w, https:\/\/www.allersretoursasso.fr\/wp-content\/uploads\/2025\/01\/13-5-Life-is-Snow-poster.png 1280w\" sizes=\"(max-width: 722px) 100vw, 722px\" \/><\/figure><div class=\"wp-block-media-text__content\">\n<div class=\"wp-block-group is-layout-flow wp-block-group-is-layout-flow\"><div class=\"wp-block-group__inner-container\">\n<div class=\"wp-block-group is-vertical is-layout-flex wp-container-core-group-layout-4 wp-block-group-is-layout-flex\">\n<div class=\"wp-block-group is-layout-flow wp-block-group-is-layout-flow\"><div class=\"wp-block-group__inner-container\">\n<div class=\"wp-block-group is-layout-flow wp-block-group-is-layout-flow\"><div class=\"wp-block-group__inner-container\">\n<div class=\"wp-block-group is-layout-flow wp-block-group-is-layout-flow\"><div class=\"wp-block-group__inner-container\">\n<p><\/p>\n\n\n\n<p style=\"font-size:30px;font-style:normal;font-weight:500\"><em><span style=\"font-weight: 400\"><strong><strong>Life is Snow<\/strong><\/strong><\/span><\/em><\/p>\n\n\n\n<p style=\"font-size:30px;font-style:normal;font-weight:500\">\u76f8\u8c08<\/p>\n\n\n\n<p class=\"has-medium-font-size\">ZHANG Yaoyuan<\/p>\n\n\n\n<p class=\"has-medium-font-size\">\u5f20\u66dc\u5143<\/p>\n\n\n\n<p class=\"has-small-font-size\"><a href=\"https:\/\/www.allersretoursasso.fr\/zh\/annee-festival-2025\/\" target=\"_blank\" rel=\"noreferrer noopener\">\u00c9dition 2025<\/a><\/p>\n\n\n\n<p style=\"font-size:10px\"><\/p>\n<\/div><\/div>\n\n\n\n<p class=\"has-text-align-center\"><\/p>\n\n\n\n<p class=\"has-text-align-left\" style=\"font-size:15px\"><\/p>\n<\/div><\/div>\n<\/div><\/div>\n<\/div>\n<\/div><\/div>\n<\/div><\/div>\n\n\n\n<h2 class=\"wp-block-heading\"><\/h2>\n\n\n\n<p class=\"has-text-align-center\" style=\"font-size:14px\"><em>2024 \/ 30\u2019 \/ Japonais, Mandarin \/ VOSTF \/ Fiction<\/em><\/p>\n\n\n\n<p class=\"has-text-align-center\" style=\"font-size:14px\"><em>Pingyao Crouching Tiger Hidden Dragon International Film Festival &#8211; Official Selection 2024<\/em><\/p>\n\n\n\n<p>Dans le nord glac\u00e9 du Japon, Ota est employ\u00e9 dans une usine de fabrication de bento. Ayant connu une altercation avec son chef au cours de laquelle il a \u00e9t\u00e9 licenci\u00e9, il se rend au poste de police, o\u00f9 il y retrouve un avocat qu\u2019il conna\u00eet bien. Mais juste apr\u00e8s leur entrevue, la police re\u00e7oit une vid\u00e9o compromettante pour Ota.<\/p>\n\n\n\n<p><\/p>\n\n\n\n<p class=\"has-text-align-center\"><em>2024 \/ 30\u2019 \/ \u65e5\u8bed\uff0c\u666e\u901a\u8bdd \/ \u539f\u58f0\u6cd5\u8bed\u5b57\u5e55 \/ \u5267\u60c5<\/em><\/p>\n\n\n\n<p class=\"has-text-align-center\"><em>\u5165\u56f4\u7b2c\u516b\u5c4a\u5e73\u9065\u56fd\u9645\u7535\u5f71\u5c55\uff0c2024\u5317\u4eac\u56fd\u9645\u77ed\u7247\u8054\u5c55<\/em><\/p>\n\n\n\n<p>\u5927\u7530\u88ab\u4fbf\u5f53\u5382\u4e3b\u7ba1\u4e2d\u6751\u65e0\u7aef\u89e3\u96c7\uff0c\u9042\u524d\u53bb\u627e\u4e2d\u6751\u7406\u8bba\u3002\u4e89\u6267\u4e2d\u5927\u7530\u53d7\u4f24\uff0c\u4f46\u53cc\u65b9\u5404\u6267\u4e00\u8bcd\uff0c\u4e8e\u662f\u5927\u7530\u5230\u8b66\u5c40\u534f\u52a9\u8c03\u67e5\u3002\u5927\u7530\u4e3a\u4e86\u89e3\u51b3\u4e0d\u5fc5\u8981\u7684\u9ebb\u70e6\uff0c\u627e\u6765\u4e86\u5f8b\u5e08\u8061\u5e2e\u5fd9\u3002\u4f46\u6848\u60c5\u7a81\u53d1\u610f\u5916\uff0c\u8b66\u65b9\u6536\u5230\u4e86\u4e00\u4efd\u795e\u79d8\u7684\u76d1\u63a7\u5f55\u50cf\u2026<\/p>\n\n\n\n<figure class=\"wp-block-gallery has-nested-images columns-2 is-cropped wp-block-gallery-1 is-layout-flex wp-block-gallery-is-layout-flex\">\n<figure class=\"wp-block-image size-large\"><img loading=\"lazy\" decoding=\"async\" width=\"1024\" height=\"550\" data-id=\"5666\" src=\"https:\/\/www.allersretoursasso.fr\/wp-content\/uploads\/2025\/01\/still7-1024x550.jpg\" alt=\"\" class=\"wp-image-5666\" srcset=\"https:\/\/www.allersretoursasso.fr\/wp-content\/uploads\/2025\/01\/still7-1024x550.jpg 1024w, https:\/\/www.allersretoursasso.fr\/wp-content\/uploads\/2025\/01\/still7-300x161.jpg 300w, https:\/\/www.allersretoursasso.fr\/wp-content\/uploads\/2025\/01\/still7-768x413.jpg 768w, https:\/\/www.allersretoursasso.fr\/wp-content\/uploads\/2025\/01\/still7-1536x825.jpg 1536w, https:\/\/www.allersretoursasso.fr\/wp-content\/uploads\/2025\/01\/still7-2048x1100.jpg 2048w, https:\/\/www.allersretoursasso.fr\/wp-content\/uploads\/2025\/01\/still7-18x10.jpg 18w, https:\/\/www.allersretoursasso.fr\/wp-content\/uploads\/2025\/01\/still7-350x188.jpg 350w\" sizes=\"(max-width: 767px) 89vw, (max-width: 1000px) 54vw, (max-width: 1071px) 543px, 580px\" \/><\/figure>\n\n\n\n<figure class=\"wp-block-image size-large\"><img loading=\"lazy\" decoding=\"async\" width=\"1024\" height=\"542\" data-id=\"5661\" src=\"https:\/\/www.allersretoursasso.fr\/wp-content\/uploads\/2025\/01\/still2-1024x542.jpg\" alt=\"\" class=\"wp-image-5661\" srcset=\"https:\/\/www.allersretoursasso.fr\/wp-content\/uploads\/2025\/01\/still2-1024x542.jpg 1024w, https:\/\/www.allersretoursasso.fr\/wp-content\/uploads\/2025\/01\/still2-300x159.jpg 300w, https:\/\/www.allersretoursasso.fr\/wp-content\/uploads\/2025\/01\/still2-768x407.jpg 768w, https:\/\/www.allersretoursasso.fr\/wp-content\/uploads\/2025\/01\/still2-1536x813.jpg 1536w, https:\/\/www.allersretoursasso.fr\/wp-content\/uploads\/2025\/01\/still2-2048x1085.jpg 2048w, https:\/\/www.allersretoursasso.fr\/wp-content\/uploads\/2025\/01\/still2-18x10.jpg 18w, https:\/\/www.allersretoursasso.fr\/wp-content\/uploads\/2025\/01\/still2-350x185.jpg 350w\" sizes=\"(max-width: 767px) 89vw, (max-width: 1000px) 54vw, (max-width: 1071px) 543px, 580px\" \/><\/figure>\n\n\n\n<figure class=\"wp-block-image size-large\"><img loading=\"lazy\" decoding=\"async\" width=\"1024\" height=\"545\" data-id=\"5663\" src=\"https:\/\/www.allersretoursasso.fr\/wp-content\/uploads\/2025\/01\/still4-1024x545.jpg\" alt=\"\" class=\"wp-image-5663\" srcset=\"https:\/\/www.allersretoursasso.fr\/wp-content\/uploads\/2025\/01\/still4-1024x545.jpg 1024w, https:\/\/www.allersretoursasso.fr\/wp-content\/uploads\/2025\/01\/still4-300x160.jpg 300w, https:\/\/www.allersretoursasso.fr\/wp-content\/uploads\/2025\/01\/still4-768x409.jpg 768w, https:\/\/www.allersretoursasso.fr\/wp-content\/uploads\/2025\/01\/still4-1536x817.jpg 1536w, https:\/\/www.allersretoursasso.fr\/wp-content\/uploads\/2025\/01\/still4-2048x1090.jpg 2048w, https:\/\/www.allersretoursasso.fr\/wp-content\/uploads\/2025\/01\/still4-18x10.jpg 18w, https:\/\/www.allersretoursasso.fr\/wp-content\/uploads\/2025\/01\/still4-350x186.jpg 350w\" sizes=\"(max-width: 767px) 89vw, (max-width: 1000px) 54vw, (max-width: 1071px) 543px, 580px\" \/><\/figure>\n\n\n\n<figure class=\"wp-block-image size-large\"><img loading=\"lazy\" decoding=\"async\" width=\"1024\" height=\"555\" data-id=\"5664\" src=\"https:\/\/www.allersretoursasso.fr\/wp-content\/uploads\/2025\/01\/still5-1024x555.jpg\" alt=\"\" class=\"wp-image-5664\" srcset=\"https:\/\/www.allersretoursasso.fr\/wp-content\/uploads\/2025\/01\/still5-1024x555.jpg 1024w, https:\/\/www.allersretoursasso.fr\/wp-content\/uploads\/2025\/01\/still5-300x163.jpg 300w, https:\/\/www.allersretoursasso.fr\/wp-content\/uploads\/2025\/01\/still5-768x417.jpg 768w, https:\/\/www.allersretoursasso.fr\/wp-content\/uploads\/2025\/01\/still5-1536x833.jpg 1536w, https:\/\/www.allersretoursasso.fr\/wp-content\/uploads\/2025\/01\/still5-2048x1111.jpg 2048w, https:\/\/www.allersretoursasso.fr\/wp-content\/uploads\/2025\/01\/still5-18x10.jpg 18w, https:\/\/www.allersretoursasso.fr\/wp-content\/uploads\/2025\/01\/still5-350x190.jpg 350w\" sizes=\"(max-width: 767px) 89vw, (max-width: 1000px) 54vw, (max-width: 1071px) 543px, 580px\" \/><\/figure>\n\n\n\n<figure class=\"wp-block-image size-full\"><img loading=\"lazy\" decoding=\"async\" width=\"2560\" height=\"1379\" data-id=\"5660\" src=\"https:\/\/www.allersretoursasso.fr\/wp-content\/uploads\/2025\/01\/still1-scaled.jpg\" alt=\"\" class=\"wp-image-5660\" srcset=\"https:\/\/www.allersretoursasso.fr\/wp-content\/uploads\/2025\/01\/still1-scaled.jpg 2560w, https:\/\/www.allersretoursasso.fr\/wp-content\/uploads\/2025\/01\/still1-300x162.jpg 300w, https:\/\/www.allersretoursasso.fr\/wp-content\/uploads\/2025\/01\/still1-1024x552.jpg 1024w, https:\/\/www.allersretoursasso.fr\/wp-content\/uploads\/2025\/01\/still1-768x414.jpg 768w, https:\/\/www.allersretoursasso.fr\/wp-content\/uploads\/2025\/01\/still1-1536x828.jpg 1536w, https:\/\/www.allersretoursasso.fr\/wp-content\/uploads\/2025\/01\/still1-2048x1103.jpg 2048w, https:\/\/www.allersretoursasso.fr\/wp-content\/uploads\/2025\/01\/still1-18x10.jpg 18w, https:\/\/www.allersretoursasso.fr\/wp-content\/uploads\/2025\/01\/still1-350x189.jpg 350w\" sizes=\"(max-width: 767px) 89vw, (max-width: 1000px) 54vw, (max-width: 1071px) 543px, 580px\" \/><\/figure>\n<\/figure>\n\n\n\n<figure class=\"wp-block-embed is-type-video is-provider-youtube wp-block-embed-youtube wp-embed-aspect-16-9 wp-has-aspect-ratio\"><div class=\"wp-block-embed__wrapper\">\n<iframe loading=\"lazy\" title=\"Life is Snow\" width=\"525\" height=\"295\" src=\"https:\/\/www.youtube.com\/embed\/JtnHZUuZW54?feature=oembed\" frameborder=\"0\" allow=\"accelerometer; autoplay; clipboard-write; encrypted-media; gyroscope; picture-in-picture; web-share\" referrerpolicy=\"strict-origin-when-cross-origin\" allowfullscreen><\/iframe>\n<\/div><\/figure>\n\n\n\n<p><\/p>\n\n\n\n<div class=\"wp-block-columns is-layout-flex wp-container-core-columns-layout-1 wp-block-columns-is-layout-flex\">\n<div class=\"wp-block-column is-layout-flow wp-block-column-is-layout-flow\"><\/div>\n<\/div>\n\n\n\n<hr class=\"wp-block-separator has-alpha-channel-opacity\"\/>\n\n\n\n<div class=\"wp-block-columns is-layout-flex wp-container-core-columns-layout-2 wp-block-columns-is-layout-flex\">\n<div class=\"wp-block-column is-layout-flow wp-block-column-is-layout-flow\"><\/div>\n<\/div>\n\n\n\n<div class=\"wp-block-columns is-layout-flex wp-container-core-columns-layout-3 wp-block-columns-is-layout-flex\">\n<div class=\"wp-block-column is-layout-flow wp-block-column-is-layout-flow\" style=\"flex-basis:33.33%\">\n<figure class=\"wp-block-image size-large\"><img loading=\"lazy\" decoding=\"async\" width=\"1024\" height=\"931\" src=\"https:\/\/www.allersretoursasso.fr\/wp-content\/uploads\/2025\/01\/13-5-ZHANG-Yaoyuan-Life-is-Snow-02-1024x931.jpg\" alt=\"\" class=\"wp-image-5658\" srcset=\"https:\/\/www.allersretoursasso.fr\/wp-content\/uploads\/2025\/01\/13-5-ZHANG-Yaoyuan-Life-is-Snow-02-1024x931.jpg 1024w, https:\/\/www.allersretoursasso.fr\/wp-content\/uploads\/2025\/01\/13-5-ZHANG-Yaoyuan-Life-is-Snow-02-300x273.jpg 300w, https:\/\/www.allersretoursasso.fr\/wp-content\/uploads\/2025\/01\/13-5-ZHANG-Yaoyuan-Life-is-Snow-02-768x698.jpg 768w, https:\/\/www.allersretoursasso.fr\/wp-content\/uploads\/2025\/01\/13-5-ZHANG-Yaoyuan-Life-is-Snow-02-1536x1397.jpg 1536w, https:\/\/www.allersretoursasso.fr\/wp-content\/uploads\/2025\/01\/13-5-ZHANG-Yaoyuan-Life-is-Snow-02-13x12.jpg 13w, https:\/\/www.allersretoursasso.fr\/wp-content\/uploads\/2025\/01\/13-5-ZHANG-Yaoyuan-Life-is-Snow-02-350x318.jpg 350w, https:\/\/www.allersretoursasso.fr\/wp-content\/uploads\/2025\/01\/13-5-ZHANG-Yaoyuan-Life-is-Snow-02.jpg 1976w\" sizes=\"(max-width: 767px) 89vw, (max-width: 1000px) 54vw, (max-width: 1071px) 543px, 580px\" \/><\/figure>\n<\/div>\n\n\n\n<div class=\"wp-block-column is-layout-flow wp-block-column-is-layout-flow\" style=\"flex-basis:66.66%\">\n<p><strong>\u00c0 propos de ZHANG Yaoyuan<\/strong><\/p>\n\n\n\n<p class=\"has-small-font-size\"><\/p>\n<\/div>\n<\/div>\n\n\n\n<p class=\"has-small-font-size\"><\/p>\n\n\n\n<p class=\"has-small-font-size\">ZHANG Yaoyuan est n\u00e9 \u00e0 Dalian en 1989 et \u00e9tudie actuellement \u00e0 la Tokyo University of Arts. Son court-m\u00e9trage Half Time a concouru dans de nombreuses s\u00e9lections et a remport\u00e9 le prix du meilleur film au NOWNESS short film awards. Son dernier travail, <em>Life is Snow<\/em>, traite du manque de reconnaissance des orphelins de guerre japonais, n\u00e9s aux alentours de la Seconde Guerre mondiale dans le nord-est de la Chine et revenus dans le pays de leurs parents.<\/p>\n\n\n\n<p class=\"has-small-font-size\"><\/p>\n\n\n\n<p>\u5f20\u66dc\u5143\uff0c1989\u5e74\u51fa\u751f\u4e8e\u5927\u8fde\uff0c2014\u5e74\u8d74\u65e5\u5b66\u4e60\u7535\u5f71\uff0c\u65e5\u672c\u6587\u90e8\u79d1\u5b66\u7701\u56fd\u8d39\u7559\u5b66\u751f\u3002\u73b0\u4e8e\u4e1c\u4eac\u827a\u672f\u5927\u5b66\u7535\u5f71\u7cfb\u535a\u58eb\u4e13\u4e1a\u5728\u8bfb\u3002\u5728\u65e5\u672c\u6c42\u5b668\u5e74\u7684\u8fc7\u7a0b\u4e2d\uff0c\u5f20\u66dc\u5143\u51fa\u4e8e\u672c\u80fd\u7684\u793e\u4f1a\u6027\u76f4\u89c9\uff0c\u4e00\u76f4\u5728\u62cd\u6444\u90a3\u4e9b\u5904\u4e8e\u56f0\u5883\u4e2d\u7684\u8fb9\u7f18\u4eba\u3002<\/p>\n\n\n\n<p class=\"has-small-font-size\"><\/p>\n\n\n\n<hr class=\"wp-block-separator has-alpha-channel-opacity is-style-wide\"\/>\n\n\n\n<div class=\"wp-block-columns is-layout-flex wp-container-core-columns-layout-4 wp-block-columns-is-layout-flex\">\n<div class=\"wp-block-column is-layout-flow wp-block-column-is-layout-flow\"><\/div>\n<\/div>\n\n\n\n<p class=\"has-text-align-center\"><\/p>\n\n\n\n<div class=\"wp-block-columns is-layout-flex wp-container-core-columns-layout-5 wp-block-columns-is-layout-flex\">\n<div class=\"wp-block-column is-layout-flow wp-block-column-is-layout-flow\" style=\"flex-basis:50%\">\n<div class=\"wp-block-buttons is-content-justification-center is-layout-flex wp-container-core-buttons-layout-1 wp-block-buttons-is-layout-flex\">\n<div class=\"wp-block-button has-custom-width wp-block-button__width-100 has-custom-font-size is-style-outline\" style=\"font-size:16px\"><a class=\"wp-block-button__link has-black-color has-white-background-color has-text-color has-background wp-element-button\" href=\"https:\/\/www.billetweb.fr\/far2025\" target=\"_blank\" rel=\"noreferrer noopener\">R\u00e9servez vos billets (Paris)<br>\u7ebf\u4e0a\u8d2d\u7968\uff08\u5df4\u9ece\uff09<\/a><\/div>\n<\/div>\n<\/div>\n\n\n\n<div class=\"wp-block-column is-layout-flow wp-block-column-is-layout-flow\" style=\"flex-basis:50%\">\n<div class=\"wp-block-buttons is-content-justification-center is-layout-flex wp-container-core-buttons-layout-2 wp-block-buttons-is-layout-flex\">\n<div class=\"wp-block-button has-custom-width wp-block-button__width-100 has-custom-font-size is-style-outline\" style=\"font-size:16px\"><a class=\"wp-block-button__link wp-element-button\" href=\"https:\/\/www.billetweb.fr\/far2025-lyon\" target=\"_blank\" rel=\"noreferrer noopener\">R\u00e9servez vos billets (Lyon)<br>\u7ebf\u4e0a\u8d2d\u7968\uff08\u91cc\u6602\uff09<\/a><\/div>\n<\/div>\n<\/div>\n<\/div>\n\n\n\n<p><\/p>\n\n\n\n<p class=\"has-text-align-center\" style=\"font-size:18px\"><strong>Paris<\/strong><\/p>\n\n\n\n<p class=\"has-text-align-center\" style=\"font-size:16px\"><strong>Lundi 3 f\u00e9vrier \u00e0 19h45<\/strong> au Studio des Ursulines<br><strong>Dimanche 9 f\u00e9vrier \u00e0 17h00<\/strong> au Path\u00e9 Les Fauvettes<\/p>\n\n\n\n<p class=\"has-text-align-center\" style=\"font-size:18px\"><strong>Lyon<\/strong><\/p>\n\n\n\n<p class=\"has-text-align-center\" style=\"font-size:16px\"><strong>Lundi 17 f\u00e9vrier \u00e0 <strong>18h45<\/strong> <\/strong>au Cin\u00e9ma Lumi\u00e8re Fourmi<\/p>\n\n\n\n<p><\/p>\n\n\n\n<div class=\"wp-block-cover is-light\" style=\"min-height:349px\"><span aria-hidden=\"true\" class=\"wp-block-cover__background has-white-background-color has-background-dim\"><\/span><div class=\"wp-block-cover__inner-container is-layout-flow wp-block-cover-is-layout-flow\">\n<div class=\"wp-block-group is-layout-flow wp-block-group-is-layout-flow\"><div class=\"wp-block-group__inner-container\">\n<figure class=\"wp-block-image size-large\"><a href=\"https:\/\/www.allersretoursasso.fr\/zh\/annee-festival-2025\/\"><img loading=\"lazy\" decoding=\"async\" width=\"1024\" height=\"342\" src=\"https:\/\/www.allersretoursasso.fr\/wp-content\/uploads\/2025\/01\/Twitter-banner-copy-1024x342.png\" alt=\"\" class=\"wp-image-5568\" srcset=\"https:\/\/www.allersretoursasso.fr\/wp-content\/uploads\/2025\/01\/Twitter-banner-copy-1024x342.png 1024w, https:\/\/www.allersretoursasso.fr\/wp-content\/uploads\/2025\/01\/Twitter-banner-copy-300x100.png 300w, https:\/\/www.allersretoursasso.fr\/wp-content\/uploads\/2025\/01\/Twitter-banner-copy-768x256.png 768w, https:\/\/www.allersretoursasso.fr\/wp-content\/uploads\/2025\/01\/Twitter-banner-copy-18x6.png 18w, https:\/\/www.allersretoursasso.fr\/wp-content\/uploads\/2025\/01\/Twitter-banner-copy-350x117.png 350w, https:\/\/www.allersretoursasso.fr\/wp-content\/uploads\/2025\/01\/Twitter-banner-copy.png 1501w\" sizes=\"(max-width: 767px) 89vw, (max-width: 1000px) 54vw, (max-width: 1071px) 543px, 580px\" \/><\/a><\/figure>\n<\/div><\/div>\n<\/div><\/div>\n\n\n\n<div class=\"wp-block-group is-layout-flow wp-block-group-is-layout-flow\"><div class=\"wp-block-group__inner-container\">\n<p class=\"has-text-align-center\" style=\"font-size:15px\"><\/p>\n<\/div><\/div>\n\n\n\n<p class=\"has-text-align-center has-white-color has-text-color\" style=\"font-size:15px\"> 19h45 aux Ursuline<\/p>\n\n\n\n<p class=\"has-text-align-center has-white-color has-text-color\" style=\"font-size:15px\">06 octobre \u00e0 19h45 aux Ursulines<\/p>","protected":false},"excerpt":{"rendered":"<p>2024 \/ 30\u2019 \/ Japonais, Mandarin \/ VOSTF \/ Fiction Pingyao Crouching Tiger Hidden Dragon International Film Festival &#8211; Official Selection 2024 Dans le nord glac\u00e9 du Japon, Ota est employ\u00e9 dans une usine de fabrication de bento. Ayant connu une altercation avec son chef au cours de laquelle il a \u00e9t\u00e9 licenci\u00e9, il se &hellip; <\/p>\n<p class=\"link-more\"><a href=\"https:\/\/www.allersretoursasso.fr\/zh\/festival2025-life-is-snow\/\" class=\"more-link\">\u7ee7\u7eed\u9605\u8bfb<span class=\"screen-reader-text\">\u201cFestival Allers-Retours 2025 &#8211; Life is Snow\u201d<\/span><\/a><\/p>","protected":false},"author":20,"featured_media":0,"parent":0,"menu_order":0,"comment_status":"closed","ping_status":"closed","template":"","meta":{"footnotes":""},"_links":{"self":[{"href":"https:\/\/www.allersretoursasso.fr\/zh\/wp-json\/wp\/v2\/pages\/5657"}],"collection":[{"href":"https:\/\/www.allersretoursasso.fr\/zh\/wp-json\/wp\/v2\/pages"}],"about":[{"href":"https:\/\/www.allersretoursasso.fr\/zh\/wp-json\/wp\/v2\/types\/page"}],"author":[{"embeddable":true,"href":"https:\/\/www.allersretoursasso.fr\/zh\/wp-json\/wp\/v2\/users\/20"}],"replies":[{"embeddable":true,"href":"https:\/\/www.allersretoursasso.fr\/zh\/wp-json\/wp\/v2\/comments?post=5657"}],"version-history":[{"count":6,"href":"https:\/\/www.allersretoursasso.fr\/zh\/wp-json\/wp\/v2\/pages\/5657\/revisions"}],"predecessor-version":[{"id":6134,"href":"https:\/\/www.allersretoursasso.fr\/zh\/wp-json\/wp\/v2\/pages\/5657\/revisions\/6134"}],"wp:attachment":[{"href":"https:\/\/www.allersretoursasso.fr\/zh\/wp-json\/wp\/v2\/media?parent=5657"}],"curies":[{"name":"wp","href":"https:\/\/api.w.org\/{rel}","templated":true}]}}