{"id":5671,"date":"2025-01-02T23:19:51","date_gmt":"2025-01-02T22:19:51","guid":{"rendered":"https:\/\/www.allersretoursasso.fr\/?page_id=5671"},"modified":"2025-01-14T19:10:36","modified_gmt":"2025-01-14T18:10:36","slug":"festival2025-she-sat-there-like-all-ordinary-ones","status":"publish","type":"page","link":"https:\/\/www.allersretoursasso.fr\/zh\/festival2025-she-sat-there-like-all-ordinary-ones\/","title":{"rendered":"Festival Allers-Retours 2025 &#8211; She Sat There Like All Ordinary Ones"},"content":{"rendered":"<div id=\"fb-root\"><\/div>\n\n<div class=\"wp-block-media-text alignwide is-stacked-on-mobile\" style=\"grid-template-columns:41% auto\"><figure class=\"wp-block-media-text__media\"><img loading=\"lazy\" decoding=\"async\" width=\"683\" height=\"1024\" src=\"https:\/\/www.allersretoursasso.fr\/wp-content\/uploads\/2025\/01\/05-SHE-poster-verticale--683x1024.jpeg\" alt=\"\" class=\"wp-image-5694 size-full\" srcset=\"https:\/\/www.allersretoursasso.fr\/wp-content\/uploads\/2025\/01\/05-SHE-poster-verticale--683x1024.jpeg 683w, https:\/\/www.allersretoursasso.fr\/wp-content\/uploads\/2025\/01\/05-SHE-poster-verticale--200x300.jpeg 200w, https:\/\/www.allersretoursasso.fr\/wp-content\/uploads\/2025\/01\/05-SHE-poster-verticale--768x1152.jpeg 768w, https:\/\/www.allersretoursasso.fr\/wp-content\/uploads\/2025\/01\/05-SHE-poster-verticale--1024x1536.jpeg 1024w, https:\/\/www.allersretoursasso.fr\/wp-content\/uploads\/2025\/01\/05-SHE-poster-verticale--1365x2048.jpeg 1365w, https:\/\/www.allersretoursasso.fr\/wp-content\/uploads\/2025\/01\/05-SHE-poster-verticale--8x12.jpeg 8w, https:\/\/www.allersretoursasso.fr\/wp-content\/uploads\/2025\/01\/05-SHE-poster-verticale--350x525.jpeg 350w, https:\/\/www.allersretoursasso.fr\/wp-content\/uploads\/2025\/01\/05-SHE-poster-verticale--scaled.jpeg 1707w\" sizes=\"(max-width: 683px) 100vw, 683px\" \/><\/figure><div class=\"wp-block-media-text__content\">\n<div class=\"wp-block-group is-layout-flow wp-block-group-is-layout-flow\"><div class=\"wp-block-group__inner-container\">\n<div class=\"wp-block-group is-vertical is-layout-flex wp-container-core-group-layout-4 wp-block-group-is-layout-flex\">\n<div class=\"wp-block-group is-layout-flow wp-block-group-is-layout-flow\"><div class=\"wp-block-group__inner-container\">\n<div class=\"wp-block-group is-layout-flow wp-block-group-is-layout-flow\"><div class=\"wp-block-group__inner-container\">\n<div class=\"wp-block-group is-layout-flow wp-block-group-is-layout-flow\"><div class=\"wp-block-group__inner-container\">\n<p><\/p>\n\n\n\n<p style=\"font-size:30px;font-style:normal;font-weight:500\"><em><strong>She Sat There Like All Ordinary Ones<\/strong><\/em><\/p>\n\n\n\n<p style=\"font-size:30px;font-style:normal;font-weight:500\">\u5f00\u59cb\u7684\u67aa<\/p>\n\n\n\n<p class=\"has-medium-font-size\">QU Youjia<\/p>\n\n\n\n<p class=\"has-medium-font-size\">\u77bf\u5c24\u5609<\/p>\n\n\n\n<p class=\"has-small-font-size\"><a href=\"https:\/\/www.allersretoursasso.fr\/zh\/annee-festival-2025\/\" target=\"_blank\" rel=\"noreferrer noopener\">\u00c9dition 2025<\/a><\/p>\n\n\n\n<p style=\"font-size:10px\"><\/p>\n<\/div><\/div>\n\n\n\n<p class=\"has-text-align-center\"><\/p>\n\n\n\n<p class=\"has-text-align-left\" style=\"font-size:15px\"><\/p>\n<\/div><\/div>\n<\/div><\/div>\n<\/div>\n<\/div><\/div>\n<\/div><\/div>\n\n\n\n<h2 class=\"wp-block-heading\"><\/h2>\n\n\n\n<p class=\"has-text-align-center has-small-font-size\"><em>2024 \/ 105\u2019 \/ Mandarin \/ VOSTF \/ Fiction<\/em><\/p>\n\n\n\n<p class=\"has-text-align-center\" style=\"font-size:14px\"><em>S\u00e9lectionn\u00e9 \u00e0 la Berlinale 2024 Generation et au Toronto TIFF Next Wave 2024<\/em><\/p>\n\n\n\n<p style=\"font-size:16px\">Zhuang, un lyc\u00e9en nonchalant, impressionn\u00e9 par sa camarade athl\u00e8te Meng, d\u00e9cide de se d\u00e9noncer \u00e0 sa place pour le vol d\u2019un pistolet de d\u00e9part. Tout semble pourtant opposer les deux adolescents : lui, exub\u00e9rant et insouciant, elle, r\u00e9serv\u00e9e et introvertie.<\/p>\n\n\n\n<p style=\"font-size:16px\"><em>Derri\u00e8re ce r\u00e9cit d\u2019une romance naissante \u00e0 l\u2019aube de l\u2019\u00e2ge adulte, le premier long-m\u00e9trage de QU Youjia dresse un portrait intime de la jeunesse chinoise, coinc\u00e9e entre les attentes familiales et les exigences d\u2019un syst\u00e8me \u00e9ducatif impitoyable.<\/em><\/p>\n\n\n\n<p><\/p>\n\n\n\n<p class=\"has-text-align-center\"><em>2024 \/ 105\u2019 \/ \u666e\u901a\u8bdd \/ \u539f\u58f0\u6cd5\u8bed\u5b57\u5e55 \/ \u5267\u60c5<\/em><\/p>\n\n\n\n<p>\u4e00\u573a\u610f\u5916\u7684\u76f8\u8bc6\uff0c\u4e00\u628a\u88ab\u76d7\u7684\u53d1\u4ee4\u67aa\uff0c\u9ad8\u4e09\u4e03\u73ed\u7684\u5e84\u5468\u4e0e\u7530\u5f84\u961f\u7684\u5973\u540c\u5b66\u5b5f\u8f72\u7684\u6545\u4e8b\u5c31\u8fd9\u6837\u5f00\u59cb\u4e86\u3002\u5728\u5bf9\u201c\u56fa\u6267\u7684\u5973\u5b69\u201d\u7684\u89c2\u5bdf\u4e0e\u8ffd\u968f\u4e2d\uff0c\u201c\u7b28\u62d9\u7684\u7537\u5b69\u201d\u5c1d\u8bd5\u7740\u89e3\u7b54\u81ea\u5df1\u7684\u9752\u6625\u56f0\u60d1\u2026\u2026<\/p>\n\n\n\n<p><em>\u4f5c\u4e3a\u5bfc\u6f14\u77bf\u5c24\u5609\u7684\u9996\u90e8\u957f\u7247\uff0c\u300a\u5f00\u59cb\u7684\u67aa\u300b\u4ee5\u7ec6\u817b\u7684\u955c\u5934\u8bed\u8a00\uff0c\u63cf\u7ed8\u4e86\u6d6a\u6f2b\u9752\u6625\u80cc\u540e\u7684\u77db\u76fe\u4e0e\u8ff7\u832b\uff0c\u4ee5\u53ca\u4e2d\u56fd\u9752\u5c11\u5e74\u5728\u5bb6\u5ead\u671f\u671b\u4e0e\u4e25\u82db\u6559\u80b2\u5236\u5ea6\u7684\u5939\u7f1d\u4e2d\uff0c\u52aa\u529b\u5bfb\u627e\u81ea\u6211\u7684\u8fc7\u7a0b\u3002<\/em><\/p>\n\n\n\n<figure class=\"wp-block-gallery has-nested-images columns-2 is-cropped wp-block-gallery-1 is-layout-flex wp-block-gallery-is-layout-flex\">\n<figure class=\"wp-block-image size-large\"><img loading=\"lazy\" decoding=\"async\" width=\"1024\" height=\"713\" data-id=\"5683\" src=\"https:\/\/www.allersretoursasso.fr\/wp-content\/uploads\/2025\/01\/\u5927SHE-still2-1024x713.jpeg\" alt=\"\" class=\"wp-image-5683\" srcset=\"https:\/\/www.allersretoursasso.fr\/wp-content\/uploads\/2025\/01\/\u5927SHE-still2-1024x713.jpeg 1024w, https:\/\/www.allersretoursasso.fr\/wp-content\/uploads\/2025\/01\/\u5927SHE-still2-300x209.jpeg 300w, https:\/\/www.allersretoursasso.fr\/wp-content\/uploads\/2025\/01\/\u5927SHE-still2-768x535.jpeg 768w, https:\/\/www.allersretoursasso.fr\/wp-content\/uploads\/2025\/01\/\u5927SHE-still2-18x12.jpeg 18w, https:\/\/www.allersretoursasso.fr\/wp-content\/uploads\/2025\/01\/\u5927SHE-still2-350x244.jpeg 350w, https:\/\/www.allersretoursasso.fr\/wp-content\/uploads\/2025\/01\/\u5927SHE-still2.jpeg 1280w\" sizes=\"(max-width: 767px) 89vw, (max-width: 1000px) 54vw, (max-width: 1071px) 543px, 580px\" \/><\/figure>\n\n\n\n<figure class=\"wp-block-image size-large\"><img loading=\"lazy\" decoding=\"async\" width=\"1024\" height=\"713\" data-id=\"5686\" src=\"https:\/\/www.allersretoursasso.fr\/wp-content\/uploads\/2025\/01\/SHE-still-3-1024x713.jpeg\" alt=\"\" class=\"wp-image-5686\" srcset=\"https:\/\/www.allersretoursasso.fr\/wp-content\/uploads\/2025\/01\/SHE-still-3-1024x713.jpeg 1024w, https:\/\/www.allersretoursasso.fr\/wp-content\/uploads\/2025\/01\/SHE-still-3-300x209.jpeg 300w, https:\/\/www.allersretoursasso.fr\/wp-content\/uploads\/2025\/01\/SHE-still-3-768x535.jpeg 768w, https:\/\/www.allersretoursasso.fr\/wp-content\/uploads\/2025\/01\/SHE-still-3-1536x1069.jpeg 1536w, https:\/\/www.allersretoursasso.fr\/wp-content\/uploads\/2025\/01\/SHE-still-3-2048x1425.jpeg 2048w, https:\/\/www.allersretoursasso.fr\/wp-content\/uploads\/2025\/01\/SHE-still-3-18x12.jpeg 18w, https:\/\/www.allersretoursasso.fr\/wp-content\/uploads\/2025\/01\/SHE-still-3-350x244.jpeg 350w\" sizes=\"(max-width: 767px) 89vw, (max-width: 1000px) 54vw, (max-width: 1071px) 543px, 580px\" \/><\/figure>\n\n\n\n<figure class=\"wp-block-image size-large\"><img loading=\"lazy\" decoding=\"async\" width=\"1024\" height=\"713\" data-id=\"5685\" src=\"https:\/\/www.allersretoursasso.fr\/wp-content\/uploads\/2025\/01\/SHE-still-1-1024x713.jpg\" alt=\"\" class=\"wp-image-5685\" srcset=\"https:\/\/www.allersretoursasso.fr\/wp-content\/uploads\/2025\/01\/SHE-still-1-1024x713.jpg 1024w, https:\/\/www.allersretoursasso.fr\/wp-content\/uploads\/2025\/01\/SHE-still-1-300x209.jpg 300w, https:\/\/www.allersretoursasso.fr\/wp-content\/uploads\/2025\/01\/SHE-still-1-768x535.jpg 768w, https:\/\/www.allersretoursasso.fr\/wp-content\/uploads\/2025\/01\/SHE-still-1-1536x1069.jpg 1536w, https:\/\/www.allersretoursasso.fr\/wp-content\/uploads\/2025\/01\/SHE-still-1-2048x1425.jpg 2048w, https:\/\/www.allersretoursasso.fr\/wp-content\/uploads\/2025\/01\/SHE-still-1-18x12.jpg 18w, https:\/\/www.allersretoursasso.fr\/wp-content\/uploads\/2025\/01\/SHE-still-1-350x244.jpg 350w\" sizes=\"(max-width: 767px) 89vw, (max-width: 1000px) 54vw, (max-width: 1071px) 543px, 580px\" \/><\/figure>\n\n\n\n<figure class=\"wp-block-image size-large\"><img loading=\"lazy\" decoding=\"async\" width=\"1024\" height=\"724\" data-id=\"5682\" src=\"https:\/\/www.allersretoursasso.fr\/wp-content\/uploads\/2025\/01\/SHE-still-4-1024x724.jpg\" alt=\"\" class=\"wp-image-5682\" srcset=\"https:\/\/www.allersretoursasso.fr\/wp-content\/uploads\/2025\/01\/SHE-still-4-1024x724.jpg 1024w, https:\/\/www.allersretoursasso.fr\/wp-content\/uploads\/2025\/01\/SHE-still-4-300x212.jpg 300w, https:\/\/www.allersretoursasso.fr\/wp-content\/uploads\/2025\/01\/SHE-still-4-768x543.jpg 768w, https:\/\/www.allersretoursasso.fr\/wp-content\/uploads\/2025\/01\/SHE-still-4-1536x1086.jpg 1536w, https:\/\/www.allersretoursasso.fr\/wp-content\/uploads\/2025\/01\/SHE-still-4-2048x1448.jpg 2048w, https:\/\/www.allersretoursasso.fr\/wp-content\/uploads\/2025\/01\/SHE-still-4-18x12.jpg 18w, https:\/\/www.allersretoursasso.fr\/wp-content\/uploads\/2025\/01\/SHE-still-4-350x247.jpg 350w\" sizes=\"(max-width: 767px) 89vw, (max-width: 1000px) 54vw, (max-width: 1071px) 543px, 580px\" \/><\/figure>\n<\/figure>\n\n\n\n<figure class=\"wp-block-embed is-type-video is-provider-youtube wp-block-embed-youtube wp-embed-aspect-16-9 wp-has-aspect-ratio\"><div class=\"wp-block-embed__wrapper\">\n<iframe loading=\"lazy\" title=\"She Sat There Like All Ordinary Ones\" width=\"525\" height=\"295\" src=\"https:\/\/www.youtube.com\/embed\/bdnKCKbO2mA?feature=oembed\" frameborder=\"0\" allow=\"accelerometer; autoplay; clipboard-write; encrypted-media; gyroscope; picture-in-picture; web-share\" referrerpolicy=\"strict-origin-when-cross-origin\" allowfullscreen><\/iframe>\n<\/div><\/figure>\n\n\n\n<p><\/p>\n\n\n\n<div class=\"wp-block-columns is-layout-flex wp-container-core-columns-layout-1 wp-block-columns-is-layout-flex\">\n<div class=\"wp-block-column is-layout-flow wp-block-column-is-layout-flow\"><\/div>\n<\/div>\n\n\n\n<hr class=\"wp-block-separator has-alpha-channel-opacity\"\/>\n\n\n\n<div class=\"wp-block-columns is-layout-flex wp-container-core-columns-layout-2 wp-block-columns-is-layout-flex\">\n<div class=\"wp-block-column is-layout-flow wp-block-column-is-layout-flow\"><\/div>\n<\/div>\n\n\n\n<div class=\"wp-block-columns is-layout-flex wp-container-core-columns-layout-3 wp-block-columns-is-layout-flex\">\n<div class=\"wp-block-column is-layout-flow wp-block-column-is-layout-flow\" style=\"flex-basis:33.33%\">\n<figure class=\"wp-block-image size-large is-resized is-style-default\"><img loading=\"lazy\" decoding=\"async\" width=\"2558\" height=\"2560\" src=\"https:\/\/www.allersretoursasso.fr\/wp-content\/uploads\/2025\/01\/05-QU-Youjia-She-Sat-There-Like-All-Ordinary-Ones-edited-scaled.jpeg\" alt=\"\" class=\"wp-image-5692\" style=\"width:207px;height:auto\" srcset=\"https:\/\/www.allersretoursasso.fr\/wp-content\/uploads\/2025\/01\/05-QU-Youjia-She-Sat-There-Like-All-Ordinary-Ones-edited-scaled.jpeg 2558w, https:\/\/www.allersretoursasso.fr\/wp-content\/uploads\/2025\/01\/05-QU-Youjia-She-Sat-There-Like-All-Ordinary-Ones-edited-300x300.jpeg 300w, https:\/\/www.allersretoursasso.fr\/wp-content\/uploads\/2025\/01\/05-QU-Youjia-She-Sat-There-Like-All-Ordinary-Ones-edited-1024x1024.jpeg 1024w, https:\/\/www.allersretoursasso.fr\/wp-content\/uploads\/2025\/01\/05-QU-Youjia-She-Sat-There-Like-All-Ordinary-Ones-edited-150x150.jpeg 150w, https:\/\/www.allersretoursasso.fr\/wp-content\/uploads\/2025\/01\/05-QU-Youjia-She-Sat-There-Like-All-Ordinary-Ones-edited-768x769.jpeg 768w, https:\/\/www.allersretoursasso.fr\/wp-content\/uploads\/2025\/01\/05-QU-Youjia-She-Sat-There-Like-All-Ordinary-Ones-edited-1536x1536.jpeg 1536w, https:\/\/www.allersretoursasso.fr\/wp-content\/uploads\/2025\/01\/05-QU-Youjia-She-Sat-There-Like-All-Ordinary-Ones-edited-12x12.jpeg 12w, https:\/\/www.allersretoursasso.fr\/wp-content\/uploads\/2025\/01\/05-QU-Youjia-She-Sat-There-Like-All-Ordinary-Ones-edited-100x100.jpeg 100w, https:\/\/www.allersretoursasso.fr\/wp-content\/uploads\/2025\/01\/05-QU-Youjia-She-Sat-There-Like-All-Ordinary-Ones-edited-350x350.jpeg 350w\" sizes=\"(max-width: 767px) 89vw, (max-width: 1000px) 54vw, (max-width: 1071px) 543px, 580px\" \/><\/figure>\n<\/div>\n\n\n\n<div class=\"wp-block-column is-layout-flow wp-block-column-is-layout-flow\" style=\"flex-basis:66.66%\">\n<p><strong><strong>\u00c0 propos de<\/strong> QU Youjia<\/strong><\/p>\n\n\n\n<p class=\"has-small-font-size\"><\/p>\n<\/div>\n<\/div>\n\n\n\n<p class=\"has-small-font-size\"><\/p>\n\n\n\n<p style=\"font-size:14px\">N\u00e9 en 1990 \u00e0 Nantong en Chine, QU Youjia est r\u00e9alisateur et photographe. Dipl\u00f4m\u00e9 de la Beijing Film Academy et de la Rhode Island School of Design, il se fait remarquer avec son court-m\u00e9trage Meijing (2017), qui remporte le Prix du meilleur film de fiction au Chongqing Youth Film Festival. Son deuxi\u00e8me court-m\u00e9trage, Together Apart (2019) a \u00e9t\u00e9 pr\u00e9sent\u00e9 dans notre \u00e9dition 2020 du Festival du Cin\u00e9ma d\u2019Auteur Chinois. She Sat There Like All Ordinary Ones est son premier long m\u00e9trage.<\/p>\n\n\n\n<p class=\"has-small-font-size\"><\/p>\n\n\n\n<p>\u77bf\u5c24\u5609\uff0c1990\u5e74\u751f\uff0c\u5bfc\u6f14\u517c\u6444\u5f71\u5e08\u3002\u66fe\u5c31\u8bfb\u4e8e\u5317\u4eac\u7535\u5f71\u5b66\u9662\uff0c\u6bd5\u4e1a\u4e8e\u7f57\u5fb7\u5c9b\u8bbe\u8ba1\u5b66\u9662\u6444\u5f71\u4e13\u4e1a\u30022017\u5e74\u4ed6\u51ed\u501f\u77ed\u7247\u300a\u6731\u7f8e\u9759\u300b\u5d2d\u9732\u5934\u89d2\uff0c\u53e6\u4e00\u77ed\u7247\u300a\u4e09\u5c3a\u300b\u66fe\u4e8e2020\u5e74Allers-Retours\u4f5c\u8005\u7535\u5f71\u5c55\u653e\u6620\uff0c\u83b72019\u5e74\u897f\u5b81FIRST\u9752\u5e74\u7535\u5f71\u5c55\u6700\u4f73\u77ed\u7247\u5956\uff0c\u5e76\u5165\u9009\u9e7f\u7279\u4e39\u56fd\u9645\u7535\u5f71\u8282\u201c\u672a\u6765\u4e4b\u5149\u201d\u4e2d\u7bc7\u7ade\u8d5b\u5355\u5143\u3002<\/p>\n\n\n\n<p class=\"has-small-font-size\"><\/p>\n\n\n\n<hr class=\"wp-block-separator has-alpha-channel-opacity is-style-wide\"\/>\n\n\n\n<p class=\"has-small-font-size\"><\/p>\n\n\n\n<p class=\"has-text-align-center\"><\/p>\n\n\n\n<div class=\"wp-block-columns is-layout-flex wp-container-core-columns-layout-4 wp-block-columns-is-layout-flex\">\n<div class=\"wp-block-column is-layout-flow wp-block-column-is-layout-flow\">\n<div class=\"wp-block-buttons is-layout-flex wp-block-buttons-is-layout-flex\">\n<div class=\"wp-block-button has-custom-width wp-block-button__width-100 has-custom-font-size is-style-outline\" style=\"font-size:16px\"><a class=\"wp-block-button__link wp-element-button\" href=\"https:\/\/www.billetweb.fr\/far2025\">R\u00e9servez vos billets (Paris)<br>\u7ebf\u4e0a\u8d2d\u7968\uff08\u5df4\u9ece\uff09<\/a><\/div>\n<\/div>\n<\/div>\n\n\n\n<div class=\"wp-block-column is-layout-flow wp-block-column-is-layout-flow\">\n<div class=\"wp-block-buttons is-layout-flex wp-block-buttons-is-layout-flex\">\n<div class=\"wp-block-button has-custom-width wp-block-button__width-100 has-custom-font-size is-style-outline\" style=\"font-size:16px\"><a class=\"wp-block-button__link wp-element-button\" href=\"https:\/\/www.billetweb.fr\/far2025-lyon\">R\u00e9servez vos billets (Lyon)<br>\u7ebf\u4e0a\u8d2d\u7968\uff08\u91cc\u6602\uff09<\/a><\/div>\n<\/div>\n<\/div>\n<\/div>\n\n\n\n<div class=\"wp-block-columns is-layout-flex wp-container-core-columns-layout-5 wp-block-columns-is-layout-flex\">\n<div class=\"wp-block-column is-layout-flow wp-block-column-is-layout-flow\" style=\"flex-basis:100%\">\n<p class=\"has-text-align-center\" style=\"font-size:18px\"><strong>Paris<\/strong><\/p>\n\n\n\n<p class=\"has-text-align-center\" style=\"font-size:16px\"><strong>Sam. 1 f\u00e9vrier \u00e0 21h20<\/strong> au Mus\u00e9e Guimet<br><strong>Mar. 4 f\u00e9vrier \u00e0 19h45<\/strong> au Studio des Ursulines<\/p>\n\n\n\n<p class=\"has-text-align-center\" style=\"font-size:18px\"><strong>Lyon<\/strong><\/p>\n\n\n\n<p class=\"has-text-align-center\" style=\"font-size:16px\"><strong>Dim. 16 f\u00e9vrier \u00e0 18h30 <\/strong>au Cin\u00e9ma Les Aliz\u00e9s<\/p>\n<\/div>\n<\/div>\n\n\n\n<div class=\"wp-block-cover is-light\" style=\"min-height:349px\"><span aria-hidden=\"true\" class=\"wp-block-cover__background has-white-background-color has-background-dim\"><\/span><div class=\"wp-block-cover__inner-container is-layout-flow wp-block-cover-is-layout-flow\">\n<div class=\"wp-block-group is-layout-flow wp-block-group-is-layout-flow\"><div class=\"wp-block-group__inner-container\">\n<figure class=\"wp-block-image size-large\"><a href=\"https:\/\/www.allersretoursasso.fr\/zh\/annee-festival-2025\/\"><img loading=\"lazy\" decoding=\"async\" width=\"1024\" height=\"342\" src=\"https:\/\/www.allersretoursasso.fr\/wp-content\/uploads\/2025\/01\/Twitter-banner-copy-1024x342.png\" alt=\"\" class=\"wp-image-5568\" srcset=\"https:\/\/www.allersretoursasso.fr\/wp-content\/uploads\/2025\/01\/Twitter-banner-copy-1024x342.png 1024w, https:\/\/www.allersretoursasso.fr\/wp-content\/uploads\/2025\/01\/Twitter-banner-copy-300x100.png 300w, https:\/\/www.allersretoursasso.fr\/wp-content\/uploads\/2025\/01\/Twitter-banner-copy-768x256.png 768w, https:\/\/www.allersretoursasso.fr\/wp-content\/uploads\/2025\/01\/Twitter-banner-copy-18x6.png 18w, https:\/\/www.allersretoursasso.fr\/wp-content\/uploads\/2025\/01\/Twitter-banner-copy-350x117.png 350w, https:\/\/www.allersretoursasso.fr\/wp-content\/uploads\/2025\/01\/Twitter-banner-copy.png 1501w\" sizes=\"(max-width: 767px) 89vw, (max-width: 1000px) 54vw, (max-width: 1071px) 543px, 580px\" \/><\/a><\/figure>\n<\/div><\/div>\n<\/div><\/div>\n\n\n\n<div class=\"wp-block-group is-layout-flow wp-block-group-is-layout-flow\"><div class=\"wp-block-group__inner-container\">\n<p class=\"has-text-align-center\" style=\"font-size:15px\"><\/p>\n<\/div><\/div>\n\n\n\n<p class=\"has-text-align-center has-white-color has-text-color\" style=\"font-size:15px\"> 19h45 aux Ursuline<\/p>\n\n\n\n<p class=\"has-text-align-center has-white-color has-text-color\" style=\"font-size:15px\">06 octobre \u00e0 19h45 aux Ursulines<\/p>","protected":false},"excerpt":{"rendered":"<p>2024 \/ 105\u2019 \/ Mandarin \/ VOSTF \/ Fiction S\u00e9lectionn\u00e9 \u00e0 la Berlinale 2024 Generation et au Toronto TIFF Next Wave 2024 Zhuang, un lyc\u00e9en nonchalant, impressionn\u00e9 par sa camarade athl\u00e8te Meng, d\u00e9cide de se d\u00e9noncer \u00e0 sa place pour le vol d\u2019un pistolet de d\u00e9part. Tout semble pourtant opposer les deux adolescents : lui, &hellip; <\/p>\n<p class=\"link-more\"><a href=\"https:\/\/www.allersretoursasso.fr\/zh\/festival2025-she-sat-there-like-all-ordinary-ones\/\" class=\"more-link\">\u7ee7\u7eed\u9605\u8bfb<span class=\"screen-reader-text\">\u201cFestival Allers-Retours 2025 &#8211; She Sat There Like All Ordinary Ones\u201d<\/span><\/a><\/p>","protected":false},"author":5,"featured_media":0,"parent":0,"menu_order":0,"comment_status":"closed","ping_status":"closed","template":"","meta":{"footnotes":""},"_links":{"self":[{"href":"https:\/\/www.allersretoursasso.fr\/zh\/wp-json\/wp\/v2\/pages\/5671"}],"collection":[{"href":"https:\/\/www.allersretoursasso.fr\/zh\/wp-json\/wp\/v2\/pages"}],"about":[{"href":"https:\/\/www.allersretoursasso.fr\/zh\/wp-json\/wp\/v2\/types\/page"}],"author":[{"embeddable":true,"href":"https:\/\/www.allersretoursasso.fr\/zh\/wp-json\/wp\/v2\/users\/5"}],"replies":[{"embeddable":true,"href":"https:\/\/www.allersretoursasso.fr\/zh\/wp-json\/wp\/v2\/comments?post=5671"}],"version-history":[{"count":6,"href":"https:\/\/www.allersretoursasso.fr\/zh\/wp-json\/wp\/v2\/pages\/5671\/revisions"}],"predecessor-version":[{"id":6119,"href":"https:\/\/www.allersretoursasso.fr\/zh\/wp-json\/wp\/v2\/pages\/5671\/revisions\/6119"}],"wp:attachment":[{"href":"https:\/\/www.allersretoursasso.fr\/zh\/wp-json\/wp\/v2\/media?parent=5671"}],"curies":[{"name":"wp","href":"https:\/\/api.w.org\/{rel}","templated":true}]}}