{"id":5697,"date":"2025-01-03T00:33:44","date_gmt":"2025-01-02T23:33:44","guid":{"rendered":"https:\/\/www.allersretoursasso.fr\/?page_id=5697"},"modified":"2025-01-14T19:11:29","modified_gmt":"2025-01-14T18:11:29","slug":"festival2025-republic","status":"publish","type":"page","link":"https:\/\/www.allersretoursasso.fr\/zh\/festival2025-republic\/","title":{"rendered":"Festival Allers-Retours 2025 &#8211; Republic"},"content":{"rendered":"<div id=\"fb-root\"><\/div>\n\n<div class=\"wp-block-media-text alignwide is-stacked-on-mobile\" style=\"grid-template-columns:41% auto\"><figure class=\"wp-block-media-text__media\"><img loading=\"lazy\" decoding=\"async\" width=\"683\" height=\"1024\" src=\"https:\/\/www.allersretoursasso.fr\/wp-content\/uploads\/2025\/01\/06-Republic\u6d77\u62a5-683x1024.jpg\" alt=\"\" class=\"wp-image-5699 size-full\" srcset=\"https:\/\/www.allersretoursasso.fr\/wp-content\/uploads\/2025\/01\/06-Republic\u6d77\u62a5-683x1024.jpg 683w, https:\/\/www.allersretoursasso.fr\/wp-content\/uploads\/2025\/01\/06-Republic\u6d77\u62a5-200x300.jpg 200w, https:\/\/www.allersretoursasso.fr\/wp-content\/uploads\/2025\/01\/06-Republic\u6d77\u62a5-768x1152.jpg 768w, https:\/\/www.allersretoursasso.fr\/wp-content\/uploads\/2025\/01\/06-Republic\u6d77\u62a5-1024x1536.jpg 1024w, https:\/\/www.allersretoursasso.fr\/wp-content\/uploads\/2025\/01\/06-Republic\u6d77\u62a5-8x12.jpg 8w, https:\/\/www.allersretoursasso.fr\/wp-content\/uploads\/2025\/01\/06-Republic\u6d77\u62a5-350x525.jpg 350w, https:\/\/www.allersretoursasso.fr\/wp-content\/uploads\/2025\/01\/06-Republic\u6d77\u62a5.jpg 1080w\" sizes=\"(max-width: 683px) 100vw, 683px\" \/><\/figure><div class=\"wp-block-media-text__content\">\n<div class=\"wp-block-group is-layout-flow wp-block-group-is-layout-flow\"><div class=\"wp-block-group__inner-container\">\n<div class=\"wp-block-group is-vertical is-layout-flex wp-container-core-group-layout-4 wp-block-group-is-layout-flex\">\n<div class=\"wp-block-group is-layout-flow wp-block-group-is-layout-flow\"><div class=\"wp-block-group__inner-container\">\n<div class=\"wp-block-group is-layout-flow wp-block-group-is-layout-flow\"><div class=\"wp-block-group__inner-container\">\n<div class=\"wp-block-group is-layout-flow wp-block-group-is-layout-flow\"><div class=\"wp-block-group__inner-container\">\n<p><\/p>\n\n\n\n<p style=\"font-size:30px;font-style:normal;font-weight:500\"><em><strong>Republic<\/strong><\/em><\/p>\n\n\n\n<p style=\"font-size:30px;font-style:normal;font-weight:500\">\u5171\u548c\u56fd<\/p>\n\n\n\n<p class=\"has-medium-font-size\">JIN Jiang <\/p>\n\n\n\n<p class=\"has-medium-font-size\">\u664b\u6c5f<\/p>\n\n\n\n<p class=\"has-small-font-size\"><a href=\"https:\/\/www.allersretoursasso.fr\/zh\/annee-festival-2025\/\" target=\"_blank\" rel=\"noreferrer noopener\">\u00c9dition 2025<\/a><\/p>\n\n\n\n<p style=\"font-size:10px\"><\/p>\n<\/div><\/div>\n\n\n\n<p class=\"has-text-align-center\"><\/p>\n\n\n\n<p class=\"has-text-align-left\" style=\"font-size:15px\"><\/p>\n<\/div><\/div>\n<\/div><\/div>\n<\/div>\n<\/div><\/div>\n<\/div><\/div>\n\n\n\n<h2 class=\"wp-block-heading\"><\/h2>\n\n\n\n<p class=\"has-text-align-center has-small-font-size\">2023 \/ 107\u2019 \/ Mandarin \/ VOSTF \/ Documentaire<\/p>\n\n\n\n<p class=\"has-text-align-center\" style=\"font-size:14px\"><em>74e Berlinale &#8211; S\u00e9lection officielle Forum<\/em><\/p>\n\n\n\n<p style=\"font-size:16px\"><em>Republic <\/em>est un lieu secret de 6m\u00b2 \u00e0 P\u00e9kin o\u00f9 Eryang et ses amis, les &#8220;Cosmos Brothers&#8221;, m\u00e8nent une vie insouciante et d\u00e9connect\u00e9e. Sous des lumi\u00e8res psych\u00e9d\u00e9liques et berc\u00e9s par la musique, ils se plongent dans des discussions passionn\u00e9es sur les id\u00e9aux communistes. Toutefois, cette existence libre repose sur des dettes, ce qui les entra\u00eene dans un cercle financier dangereux qui commence \u00e0 menacer l\u2019\u00e9quilibre fragile du groupe\u2026<\/p>\n\n\n\n<p style=\"font-size:16px\"><em>\u00c0 travers ce documentaire intimiste, JIN Jiang explore l\u2019impact des pressions sociales et \u00e9conomiques sur des jeunes en qu\u00eate de sens et de libert\u00e9, dans une Chine en perp\u00e9tuelle mutation.<\/em><\/p>\n\n\n\n<p><\/p>\n\n\n\n<p class=\"has-text-align-center\"><em>2023 \/ 107\u2019 \/ \u666e\u901a\u8bdd\u3001\u82f1\u8bed \/ \u539f\u58f0\u6cd5\u8bed\u5b57\u5e55 \/ \u7eaa\u5f55\u7247<\/em><\/p>\n\n\n\n<p>\u674e\u5c14\u6768\u8bd5\u56fe\u5728\u4e0d\u8db3\u4e94\u5e73\u65b9\u7c73\u7684\u5c0f\u623f\u95f4\u91cc\u5b9e\u73b0\u4ed6\u7684\u201c\u5171\u4ea7\u4e3b\u4e49\u201d\uff0c\u6253\u9020\u5c5e\u4e8e\u201c\u5b87\u5b99\u5144\u5f1f\u201d\u7684\u5171\u548c\u56fd\u3002\u8fd9\u4e2a\u7406\u60f3\u4e14\u770b\u4f3c\u81ea\u7531\u7684\u4e4c\u6258\u90a6\uff0c\u9762\u5bf9\u73b0\u5b9e\u4e16\u754c\u7684\u79cd\u79cd\u6311\u6218\uff0c\u5c06\u4f55\u53bb\u4f55\u4ece\uff1f<\/p>\n\n\n\n<p><em>\u5bfc\u6f14\u901a\u8fc7\u7eaa\u5f55\u5f62\u5f0f\u5c55\u73b0\u4e86\u4e00\u79cd\u72ec\u7279\u7684\u751f\u6d3b\u65b9\u5f0f\u4e0e\u601d\u60f3\u5b9e\u9a8c\u573a\u57df\uff0c\u4e3a\u89c2\u4f17\u5f00\u542f\u4e86\u89e3\u5f53\u4ee3\u4e2d\u56fd\u9752\u5e74\u6587\u5316\u7684\u7a97\u53e3\u3002\u5f71\u7247\u51ed\u501f\u9c9c\u660e\u7684\u89c6\u89c9\u98ce\u683c\u4e0e\u771f\u5b9e\u7684\u53d9\u4e8b\uff0c\u6210\u529f\u6355\u6349\u4e86\u201c\u5b87\u5b99\u5144\u5f1f\u201d\u5728\u5b64\u72ec\u4e0e\u8ffd\u5bfb\u4e4b\u95f4\u7684\u77db\u76fe\u72b6\u6001\u3002<\/em><\/p>\n\n\n\n<figure class=\"wp-block-gallery has-nested-images columns-2 is-cropped wp-block-gallery-1 is-layout-flex wp-block-gallery-is-layout-flex\">\n<figure class=\"wp-block-image size-large\"><img loading=\"lazy\" decoding=\"async\" width=\"1024\" height=\"576\" data-id=\"5702\" src=\"https:\/\/www.allersretoursasso.fr\/wp-content\/uploads\/2025\/01\/2-1024x576.jpeg\" alt=\"\" class=\"wp-image-5702\" srcset=\"https:\/\/www.allersretoursasso.fr\/wp-content\/uploads\/2025\/01\/2-1024x576.jpeg 1024w, https:\/\/www.allersretoursasso.fr\/wp-content\/uploads\/2025\/01\/2-300x169.jpeg 300w, https:\/\/www.allersretoursasso.fr\/wp-content\/uploads\/2025\/01\/2-768x432.jpeg 768w, https:\/\/www.allersretoursasso.fr\/wp-content\/uploads\/2025\/01\/2-1536x864.jpeg 1536w, https:\/\/www.allersretoursasso.fr\/wp-content\/uploads\/2025\/01\/2-2048x1152.jpeg 2048w, https:\/\/www.allersretoursasso.fr\/wp-content\/uploads\/2025\/01\/2-18x10.jpeg 18w, https:\/\/www.allersretoursasso.fr\/wp-content\/uploads\/2025\/01\/2-350x197.jpeg 350w\" sizes=\"(max-width: 767px) 89vw, (max-width: 1000px) 54vw, (max-width: 1071px) 543px, 580px\" \/><\/figure>\n\n\n\n<figure class=\"wp-block-image size-large\"><img loading=\"lazy\" decoding=\"async\" width=\"1024\" height=\"576\" data-id=\"5704\" src=\"https:\/\/www.allersretoursasso.fr\/wp-content\/uploads\/2025\/01\/5-1024x576.jpeg\" alt=\"\" class=\"wp-image-5704\" srcset=\"https:\/\/www.allersretoursasso.fr\/wp-content\/uploads\/2025\/01\/5-1024x576.jpeg 1024w, https:\/\/www.allersretoursasso.fr\/wp-content\/uploads\/2025\/01\/5-300x169.jpeg 300w, https:\/\/www.allersretoursasso.fr\/wp-content\/uploads\/2025\/01\/5-768x432.jpeg 768w, https:\/\/www.allersretoursasso.fr\/wp-content\/uploads\/2025\/01\/5-1536x864.jpeg 1536w, https:\/\/www.allersretoursasso.fr\/wp-content\/uploads\/2025\/01\/5-2048x1152.jpeg 2048w, https:\/\/www.allersretoursasso.fr\/wp-content\/uploads\/2025\/01\/5-18x10.jpeg 18w, https:\/\/www.allersretoursasso.fr\/wp-content\/uploads\/2025\/01\/5-350x197.jpeg 350w\" sizes=\"(max-width: 767px) 89vw, (max-width: 1000px) 54vw, (max-width: 1071px) 543px, 580px\" \/><\/figure>\n\n\n\n<figure class=\"wp-block-image size-large\"><img loading=\"lazy\" decoding=\"async\" width=\"1024\" height=\"576\" data-id=\"5705\" src=\"https:\/\/www.allersretoursasso.fr\/wp-content\/uploads\/2025\/01\/1-1-1024x576.jpg\" alt=\"\" class=\"wp-image-5705\" srcset=\"https:\/\/www.allersretoursasso.fr\/wp-content\/uploads\/2025\/01\/1-1-1024x576.jpg 1024w, https:\/\/www.allersretoursasso.fr\/wp-content\/uploads\/2025\/01\/1-1-300x169.jpg 300w, https:\/\/www.allersretoursasso.fr\/wp-content\/uploads\/2025\/01\/1-1-768x432.jpg 768w, https:\/\/www.allersretoursasso.fr\/wp-content\/uploads\/2025\/01\/1-1-1536x864.jpg 1536w, https:\/\/www.allersretoursasso.fr\/wp-content\/uploads\/2025\/01\/1-1-2048x1152.jpg 2048w, https:\/\/www.allersretoursasso.fr\/wp-content\/uploads\/2025\/01\/1-1-18x10.jpg 18w, https:\/\/www.allersretoursasso.fr\/wp-content\/uploads\/2025\/01\/1-1-350x197.jpg 350w\" sizes=\"(max-width: 767px) 89vw, (max-width: 1000px) 54vw, (max-width: 1071px) 543px, 580px\" \/><\/figure>\n<\/figure>\n\n\n\n<figure class=\"wp-block-embed is-type-video is-provider-youtube wp-block-embed-youtube wp-embed-aspect-16-9 wp-has-aspect-ratio\"><div class=\"wp-block-embed__wrapper\">\n<iframe loading=\"lazy\" title=\"Republic\" width=\"525\" height=\"295\" src=\"https:\/\/www.youtube.com\/embed\/zs7Yc2Da1sE?feature=oembed\" frameborder=\"0\" allow=\"accelerometer; autoplay; clipboard-write; encrypted-media; gyroscope; picture-in-picture; web-share\" referrerpolicy=\"strict-origin-when-cross-origin\" allowfullscreen><\/iframe>\n<\/div><\/figure>\n\n\n\n<p><\/p>\n\n\n\n<div class=\"wp-block-columns is-layout-flex wp-container-core-columns-layout-1 wp-block-columns-is-layout-flex\">\n<div class=\"wp-block-column is-layout-flow wp-block-column-is-layout-flow\"><\/div>\n<\/div>\n\n\n\n<hr class=\"wp-block-separator has-alpha-channel-opacity\"\/>\n\n\n\n<div class=\"wp-block-columns is-layout-flex wp-container-core-columns-layout-2 wp-block-columns-is-layout-flex\">\n<div class=\"wp-block-column is-layout-flow wp-block-column-is-layout-flow\"><\/div>\n<\/div>\n\n\n\n<div class=\"wp-block-columns is-layout-flex wp-container-core-columns-layout-3 wp-block-columns-is-layout-flex\">\n<div class=\"wp-block-column is-layout-flow wp-block-column-is-layout-flow\" style=\"flex-basis:33.33%\">\n<figure class=\"wp-block-image size-large is-resized is-style-default\"><img loading=\"lazy\" decoding=\"async\" width=\"1214\" height=\"1215\" src=\"https:\/\/www.allersretoursasso.fr\/wp-content\/uploads\/2025\/01\/2-1-edited.jpg\" alt=\"\" class=\"wp-image-5708\" style=\"width:207px;height:auto\" srcset=\"https:\/\/www.allersretoursasso.fr\/wp-content\/uploads\/2025\/01\/2-1-edited.jpg 1214w, https:\/\/www.allersretoursasso.fr\/wp-content\/uploads\/2025\/01\/2-1-edited-300x300.jpg 300w, https:\/\/www.allersretoursasso.fr\/wp-content\/uploads\/2025\/01\/2-1-edited-1024x1024.jpg 1024w, https:\/\/www.allersretoursasso.fr\/wp-content\/uploads\/2025\/01\/2-1-edited-150x150.jpg 150w, https:\/\/www.allersretoursasso.fr\/wp-content\/uploads\/2025\/01\/2-1-edited-768x769.jpg 768w, https:\/\/www.allersretoursasso.fr\/wp-content\/uploads\/2025\/01\/2-1-edited-12x12.jpg 12w, https:\/\/www.allersretoursasso.fr\/wp-content\/uploads\/2025\/01\/2-1-edited-100x100.jpg 100w, https:\/\/www.allersretoursasso.fr\/wp-content\/uploads\/2025\/01\/2-1-edited-350x350.jpg 350w\" sizes=\"(max-width: 767px) 89vw, (max-width: 1000px) 54vw, (max-width: 1071px) 543px, 580px\" \/><figcaption class=\"wp-element-caption\">Shot with FIMO PAN 100.<\/figcaption><\/figure>\n<\/div>\n\n\n\n<div class=\"wp-block-column is-layout-flow wp-block-column-is-layout-flow\" style=\"flex-basis:66.66%\">\n<p><strong><strong>\u00c0 propos de<\/strong> JIN Jiang<\/strong><\/p>\n\n\n\n<p class=\"has-small-font-size\"><\/p>\n<\/div>\n<\/div>\n\n\n\n<p class=\"has-small-font-size\"><\/p>\n\n\n\n<p style=\"font-size:14px\">N\u00e9 en 1989 \u00e0 Luoyang, JIN Jiang est un r\u00e9alisateur chinois de documentaires habitant&nbsp; \u00e0 P\u00e9kin. <em>Republic<\/em> est son troisi\u00e8me long-m\u00e9trage et a \u00e9t\u00e9 s\u00e9lectionn\u00e9 au festival de Busan en 2023 et \u00e0 la Berlinale en 2024. Son premier film, <em>Shang\u2019ajia<\/em> (2017), a remport\u00e9 le Prix du Jury au Beijing Independent Film Festival.<\/p>\n\n\n\n<p class=\"has-small-font-size\"><\/p>\n\n\n\n<p>\u664b\u6c5f\uff0c1989\u5e74\u751f\u4e8e\u6d1b\u9633\uff0c\u4e2d\u56fd\u72ec\u7acb\u7eaa\u5f55\u7247\u5bfc\u6f14\u3002\u5176\u9996\u90e8\u7eaa\u5f55\u957f\u7247\u300a\u4e0a\u963f\u7532\u300b\u8363\u83b72017\u5e74\u5317\u4eac\u72ec\u7acb\u5f71\u5c55\u8bc4\u59d4\u4f1a\u5956\uff08BIFF\uff09\uff1b2020\u5e74\u6267\u5bfc\u7684\u7eaa\u5f55\u77ed\u7247\u300a\u4e00\u5929\u300b\u5165\u9009\u7b2c24\u5c4a\u5df4\u9ece\/\u67cf\u6797\u56fd\u9645\u5f71\u50cf\u827a\u672f\u8282\u3002\u4ed6\u7684\u4f5c\u54c1\u4ee5\u6df1\u523b\u7684\u793e\u4f1a\u6d1e\u5bdf\u529b\u548c\u72ec\u7279\u7684\u53d9\u4e8b\u98ce\u683c\u8d62\u5f97\u4e86\u56fd\u9645\u5f71\u575b\u7684\u8ba4\u53ef\u3002<\/p>\n\n\n\n<p class=\"has-small-font-size\"><\/p>\n\n\n\n<hr class=\"wp-block-separator has-alpha-channel-opacity is-style-wide\"\/>\n\n\n\n<p class=\"has-small-font-size\"><\/p>\n\n\n\n<p class=\"has-text-align-center\"><\/p>\n\n\n\n<div class=\"wp-block-columns is-layout-flex wp-container-core-columns-layout-4 wp-block-columns-is-layout-flex\">\n<div class=\"wp-block-column is-layout-flow wp-block-column-is-layout-flow\">\n<div class=\"wp-block-buttons is-layout-flex wp-block-buttons-is-layout-flex\">\n<div class=\"wp-block-button has-custom-width wp-block-button__width-100 has-custom-font-size is-style-outline\" style=\"font-size:16px\"><a class=\"wp-block-button__link wp-element-button\" href=\"https:\/\/www.billetweb.fr\/far2025\">R\u00e9servez vos billets (Paris)<br>\u7ebf\u4e0a\u8d2d\u7968\uff08\u5df4\u9ece\uff09<\/a><\/div>\n<\/div>\n<\/div>\n<\/div>\n\n\n\n<div class=\"wp-block-columns is-layout-flex wp-container-core-columns-layout-5 wp-block-columns-is-layout-flex\">\n<div class=\"wp-block-column is-layout-flow wp-block-column-is-layout-flow\" style=\"flex-basis:100%\">\n<p class=\"has-text-align-center\" style=\"font-size:18px\"><strong>Paris<\/strong><\/p>\n\n\n\n<p class=\"has-text-align-center\" style=\"font-size:16px\"><strong>Dim. 2 f\u00e9vrier \u00e0 14h<\/strong> au Path\u00e9 Les Fauvettes<\/p>\n\n\n\n<p class=\"has-text-align-center has-medium-font-size\"><\/p>\n<\/div>\n<\/div>\n\n\n\n<div class=\"wp-block-cover is-light\" style=\"min-height:349px\"><span aria-hidden=\"true\" class=\"wp-block-cover__background has-white-background-color has-background-dim\"><\/span><div class=\"wp-block-cover__inner-container is-layout-flow wp-block-cover-is-layout-flow\">\n<div class=\"wp-block-group is-layout-flow wp-block-group-is-layout-flow\"><div class=\"wp-block-group__inner-container\">\n<figure class=\"wp-block-image size-large\"><a href=\"https:\/\/www.allersretoursasso.fr\/zh\/annee-festival-2025\/\"><img loading=\"lazy\" decoding=\"async\" width=\"1024\" height=\"342\" src=\"https:\/\/www.allersretoursasso.fr\/wp-content\/uploads\/2025\/01\/Twitter-banner-copy-1024x342.png\" alt=\"\" class=\"wp-image-5568\" srcset=\"https:\/\/www.allersretoursasso.fr\/wp-content\/uploads\/2025\/01\/Twitter-banner-copy-1024x342.png 1024w, https:\/\/www.allersretoursasso.fr\/wp-content\/uploads\/2025\/01\/Twitter-banner-copy-300x100.png 300w, https:\/\/www.allersretoursasso.fr\/wp-content\/uploads\/2025\/01\/Twitter-banner-copy-768x256.png 768w, https:\/\/www.allersretoursasso.fr\/wp-content\/uploads\/2025\/01\/Twitter-banner-copy-18x6.png 18w, https:\/\/www.allersretoursasso.fr\/wp-content\/uploads\/2025\/01\/Twitter-banner-copy-350x117.png 350w, https:\/\/www.allersretoursasso.fr\/wp-content\/uploads\/2025\/01\/Twitter-banner-copy.png 1501w\" sizes=\"(max-width: 767px) 89vw, (max-width: 1000px) 54vw, (max-width: 1071px) 543px, 580px\" \/><\/a><\/figure>\n<\/div><\/div>\n<\/div><\/div>\n\n\n\n<div class=\"wp-block-group is-layout-flow wp-block-group-is-layout-flow\"><div class=\"wp-block-group__inner-container\">\n<p class=\"has-text-align-center\" style=\"font-size:15px\"><\/p>\n<\/div><\/div>\n\n\n\n<p class=\"has-text-align-center has-white-color has-text-color\" style=\"font-size:15px\"> 19h45 aux Ursuline<\/p>\n\n\n\n<p class=\"has-text-align-center has-white-color has-text-color\" style=\"font-size:15px\">06 octobre \u00e0 19h45 aux Ursulines<\/p>","protected":false},"excerpt":{"rendered":"<p>2023 \/ 107\u2019 \/ Mandarin \/ VOSTF \/ Documentaire 74e Berlinale &#8211; S\u00e9lection officielle Forum Republic est un lieu secret de 6m\u00b2 \u00e0 P\u00e9kin o\u00f9 Eryang et ses amis, les &#8220;Cosmos Brothers&#8221;, m\u00e8nent une vie insouciante et d\u00e9connect\u00e9e. Sous des lumi\u00e8res psych\u00e9d\u00e9liques et berc\u00e9s par la musique, ils se plongent dans des discussions passionn\u00e9es sur &hellip; <\/p>\n<p class=\"link-more\"><a href=\"https:\/\/www.allersretoursasso.fr\/zh\/festival2025-republic\/\" class=\"more-link\">\u7ee7\u7eed\u9605\u8bfb<span class=\"screen-reader-text\">\u201cFestival Allers-Retours 2025 &#8211; Republic\u201d<\/span><\/a><\/p>","protected":false},"author":5,"featured_media":0,"parent":0,"menu_order":0,"comment_status":"closed","ping_status":"closed","template":"","meta":{"footnotes":""},"_links":{"self":[{"href":"https:\/\/www.allersretoursasso.fr\/zh\/wp-json\/wp\/v2\/pages\/5697"}],"collection":[{"href":"https:\/\/www.allersretoursasso.fr\/zh\/wp-json\/wp\/v2\/pages"}],"about":[{"href":"https:\/\/www.allersretoursasso.fr\/zh\/wp-json\/wp\/v2\/types\/page"}],"author":[{"embeddable":true,"href":"https:\/\/www.allersretoursasso.fr\/zh\/wp-json\/wp\/v2\/users\/5"}],"replies":[{"embeddable":true,"href":"https:\/\/www.allersretoursasso.fr\/zh\/wp-json\/wp\/v2\/comments?post=5697"}],"version-history":[{"count":6,"href":"https:\/\/www.allersretoursasso.fr\/zh\/wp-json\/wp\/v2\/pages\/5697\/revisions"}],"predecessor-version":[{"id":6121,"href":"https:\/\/www.allersretoursasso.fr\/zh\/wp-json\/wp\/v2\/pages\/5697\/revisions\/6121"}],"wp:attachment":[{"href":"https:\/\/www.allersretoursasso.fr\/zh\/wp-json\/wp\/v2\/media?parent=5697"}],"curies":[{"name":"wp","href":"https:\/\/api.w.org\/{rel}","templated":true}]}}