{"id":5712,"date":"2025-01-03T00:44:11","date_gmt":"2025-01-02T23:44:11","guid":{"rendered":"https:\/\/www.allersretoursasso.fr\/?page_id=5712"},"modified":"2025-02-05T09:24:21","modified_gmt":"2025-02-05T08:24:21","slug":"festival2025-all-or-nothing-at-all","status":"publish","type":"page","link":"https:\/\/www.allersretoursasso.fr\/zh\/festival2025-all-or-nothing-at-all\/","title":{"rendered":"Festival Allers-Retours 2025 &#8211; All, or Nothing at All"},"content":{"rendered":"<div id=\"fb-root\"><\/div>\n\n<div class=\"wp-block-media-text alignwide is-stacked-on-mobile\" style=\"grid-template-columns:41% auto\"><figure class=\"wp-block-media-text__media\"><img loading=\"lazy\" decoding=\"async\" width=\"697\" height=\"1024\" src=\"https:\/\/www.allersretoursasso.fr\/wp-content\/uploads\/2025\/01\/07-All-or-Nothing-at-All_poster_POFF_douban_ndnf-697x1024.jpg\" alt=\"\" class=\"wp-image-5729 size-full\" srcset=\"https:\/\/www.allersretoursasso.fr\/wp-content\/uploads\/2025\/01\/07-All-or-Nothing-at-All_poster_POFF_douban_ndnf-697x1024.jpg 697w, https:\/\/www.allersretoursasso.fr\/wp-content\/uploads\/2025\/01\/07-All-or-Nothing-at-All_poster_POFF_douban_ndnf-204x300.jpg 204w, https:\/\/www.allersretoursasso.fr\/wp-content\/uploads\/2025\/01\/07-All-or-Nothing-at-All_poster_POFF_douban_ndnf-768x1128.jpg 768w, https:\/\/www.allersretoursasso.fr\/wp-content\/uploads\/2025\/01\/07-All-or-Nothing-at-All_poster_POFF_douban_ndnf-1045x1536.jpg 1045w, https:\/\/www.allersretoursasso.fr\/wp-content\/uploads\/2025\/01\/07-All-or-Nothing-at-All_poster_POFF_douban_ndnf-1394x2048.jpg 1394w, https:\/\/www.allersretoursasso.fr\/wp-content\/uploads\/2025\/01\/07-All-or-Nothing-at-All_poster_POFF_douban_ndnf-8x12.jpg 8w, https:\/\/www.allersretoursasso.fr\/wp-content\/uploads\/2025\/01\/07-All-or-Nothing-at-All_poster_POFF_douban_ndnf-350x514.jpg 350w, https:\/\/www.allersretoursasso.fr\/wp-content\/uploads\/2025\/01\/07-All-or-Nothing-at-All_poster_POFF_douban_ndnf-scaled.jpg 1742w\" sizes=\"(max-width: 697px) 100vw, 697px\" \/><\/figure><div class=\"wp-block-media-text__content\">\n<div class=\"wp-block-group is-layout-flow wp-block-group-is-layout-flow\"><div class=\"wp-block-group__inner-container\">\n<div class=\"wp-block-group is-vertical is-layout-flex wp-container-core-group-layout-4 wp-block-group-is-layout-flex\">\n<div class=\"wp-block-group is-layout-flow wp-block-group-is-layout-flow\"><div class=\"wp-block-group__inner-container\">\n<div class=\"wp-block-group is-layout-flow wp-block-group-is-layout-flow\"><div class=\"wp-block-group__inner-container\">\n<div class=\"wp-block-group is-layout-flow wp-block-group-is-layout-flow\"><div class=\"wp-block-group__inner-container\">\n<p><\/p>\n\n\n\n<p style=\"font-size:30px;font-style:normal;font-weight:500\"><em><strong>All, or Nothing at All<\/strong><\/em><\/p>\n\n\n\n<p style=\"font-size:30px;font-style:normal;font-weight:500\">\u6240\u6709\u5fe7\u4f24\u7684\u5e74\u8f7b\u4eba<\/p>\n\n\n\n<p class=\"has-medium-font-size\">Jiajun \u2018Oscar\u2019 ZHANG<\/p>\n\n\n\n<p class=\"has-medium-font-size\">\u5f20\u5bb6\u9a8f<\/p>\n\n\n\n<p class=\"has-small-font-size\"><a href=\"https:\/\/www.allersretoursasso.fr\/zh\/annee-festival-2025\/\" target=\"_blank\" rel=\"noreferrer noopener\">\u00c9dition 2025<\/a><\/p>\n\n\n\n<p style=\"font-size:10px\"><\/p>\n<\/div><\/div>\n\n\n\n<p class=\"has-text-align-center\"><\/p>\n\n\n\n<p class=\"has-text-align-left\" style=\"font-size:15px\"><\/p>\n<\/div><\/div>\n<\/div><\/div>\n<\/div>\n<\/div><\/div>\n<\/div><\/div>\n\n\n\n<h2 class=\"wp-block-heading\"><\/h2>\n\n\n\n<p class=\"has-text-align-center has-small-font-size\">2023 \/ 124\u2019 \/ Mandarin, Dialecte de Shanghai \/ VOSTF \/ Fiction<\/p>\n\n\n\n<p class=\"has-text-align-center\" style=\"font-size:14px\"><em>Nomm\u00e9 au meilleur premier film du Tallinn Black Nights Film Festival<\/em><\/p>\n\n\n\n<p>\u00c0 Shanghai, en plein c\u0153ur de la ville, Yoyo suit en secret les pas de Lan Tian. Dans une autre r\u00e9alit\u00e9, Lan Tian tient Yoyo \u00e0 distance. Prisonniers d\u2019un complexe commercial \u00e0 la structure jumelle, ils exp\u00e9rimentent deux variantes de cette rencontre, et \u00e9prouvent des sentiments diff\u00e9rents.<\/p>\n\n\n\n<p style=\"font-size:16px\"><em>Dans un geste singulier, le r\u00e9alisateur nous invite \u00e0 vivre deux exp\u00e9riences miroirs, \u201cni tout \u00e0 fait une autre, ni tout \u00e0 fait la m\u00eame\u201d. Dans l\u2019environnement d\u00e9vorant du centre commercial, le film propose deux versions possibles (versions A et B) en inversant ses deux parties, \u201cAll\u201d et \u201cNothing at All\u201d, pour deux exp\u00e9riences possibles de ces destins \u00e0 la fois incompatibles et li\u00e9s.<\/em><\/p>\n\n\n\n<p><\/p>\n\n\n\n<p class=\"has-text-align-center\"><em>2023 \/ 124\u2019 \/ \u666e\u901a\u8bdd\uff0c\u4e0a\u6d77\u8bdd \/ \u539f\u58f0\u6cd5\u8bed\u5b57\u5e55 \/ \u5267\u60c5<\/em><\/p>\n\n\n\n<p>\u5de8\u5927\u7684\u8d2d\u7269\u5546\u573a\u662f\u4e00\u5ea7\u57ce\u5e02\u5b64\u5c9b\uff0c\u6ee1\u773c\u90fd\u662f\u65e0\u5c3d\u7684\u81ea\u52a8\u7535\u68af\u3001\u7433\u7405\u6ee1\u76ee\u7684\u5546\u54c1\u3001\u7cbe\u81f4\u7684\u5496\u5561\u9910\u5385\u3002\u964c\u751f\u7684\u5e74\u8f7b\u4eba\u4eec\u5728\u8fd9\u91cc\u6f2b\u65e0\u76ee\u7684\u5730\u6e38\u8361\uff0c\u53c8\u6084\u6084\u5730\u89c2\u5bdf\u5f7c\u6b64\u3002\u5728\u4e0d\u540c\u7684\u65f6\u7a7a\u4e2d\uff0c\u6362\u4e2a\u8eab\u4efd\u53c8\u53ef\u4ee5\u518d\u6b21\u5728\u8fd9\u91cc\u751f\u5b58\uff0c\u5728\u6d88\u8d39\u4e3b\u4e49\u793e\u4f1a\u4e2d\u7ee7\u7eed\u8ff7\u5931\u4e0e\u8ffd\u5bfb\u3002<\/p>\n\n\n\n<p><em>\u5f20\u5bb6\u9a8f\u7684\u9996\u90e8\u957f\u7247\u4f5c\u54c1\uff0c\u5927\u80c6\u91c7\u7528\u4e86\u521b\u65b0\u7ed3\u6784\uff0c\u4ee5\u53d9\u4e8b\u987a\u5e8f\u5bf9\u8c03\u7684 A\u3001B\u4e24\u7248\u672c\uff0c\u4e24\u6761\u76f8\u8f85\u76f8\u6210\u7684\u53d9\u4e8b\u7ebf\uff0c<\/em><\/p>\n\n\n\n<figure class=\"wp-block-gallery has-nested-images columns-2 is-cropped wp-block-gallery-1 is-layout-flex wp-block-gallery-is-layout-flex\">\n<figure class=\"wp-block-image size-large\"><img loading=\"lazy\" decoding=\"async\" width=\"1024\" height=\"768\" data-id=\"5717\" src=\"https:\/\/www.allersretoursasso.fr\/wp-content\/uploads\/2025\/01\/AllorNothingAtAll_Image_01-1024x768.jpg\" alt=\"\" class=\"wp-image-5717\" srcset=\"https:\/\/www.allersretoursasso.fr\/wp-content\/uploads\/2025\/01\/AllorNothingAtAll_Image_01-1024x768.jpg 1024w, https:\/\/www.allersretoursasso.fr\/wp-content\/uploads\/2025\/01\/AllorNothingAtAll_Image_01-300x225.jpg 300w, https:\/\/www.allersretoursasso.fr\/wp-content\/uploads\/2025\/01\/AllorNothingAtAll_Image_01-768x576.jpg 768w, https:\/\/www.allersretoursasso.fr\/wp-content\/uploads\/2025\/01\/AllorNothingAtAll_Image_01-1536x1152.jpg 1536w, https:\/\/www.allersretoursasso.fr\/wp-content\/uploads\/2025\/01\/AllorNothingAtAll_Image_01-2048x1536.jpg 2048w, https:\/\/www.allersretoursasso.fr\/wp-content\/uploads\/2025\/01\/AllorNothingAtAll_Image_01-16x12.jpg 16w, https:\/\/www.allersretoursasso.fr\/wp-content\/uploads\/2025\/01\/AllorNothingAtAll_Image_01-350x263.jpg 350w\" sizes=\"(max-width: 767px) 89vw, (max-width: 1000px) 54vw, (max-width: 1071px) 543px, 580px\" \/><\/figure>\n\n\n\n<figure class=\"wp-block-image size-large\"><img loading=\"lazy\" decoding=\"async\" width=\"1024\" height=\"768\" data-id=\"5718\" src=\"https:\/\/www.allersretoursasso.fr\/wp-content\/uploads\/2025\/01\/AllorNothingAtAll_Image_02-1024x768.jpg\" alt=\"\" class=\"wp-image-5718\" srcset=\"https:\/\/www.allersretoursasso.fr\/wp-content\/uploads\/2025\/01\/AllorNothingAtAll_Image_02-1024x768.jpg 1024w, https:\/\/www.allersretoursasso.fr\/wp-content\/uploads\/2025\/01\/AllorNothingAtAll_Image_02-300x225.jpg 300w, https:\/\/www.allersretoursasso.fr\/wp-content\/uploads\/2025\/01\/AllorNothingAtAll_Image_02-768x576.jpg 768w, https:\/\/www.allersretoursasso.fr\/wp-content\/uploads\/2025\/01\/AllorNothingAtAll_Image_02-1536x1152.jpg 1536w, https:\/\/www.allersretoursasso.fr\/wp-content\/uploads\/2025\/01\/AllorNothingAtAll_Image_02-2048x1536.jpg 2048w, https:\/\/www.allersretoursasso.fr\/wp-content\/uploads\/2025\/01\/AllorNothingAtAll_Image_02-16x12.jpg 16w, https:\/\/www.allersretoursasso.fr\/wp-content\/uploads\/2025\/01\/AllorNothingAtAll_Image_02-350x263.jpg 350w\" sizes=\"(max-width: 767px) 89vw, (max-width: 1000px) 54vw, (max-width: 1071px) 543px, 580px\" \/><\/figure>\n\n\n\n<figure class=\"wp-block-image size-large\"><img loading=\"lazy\" decoding=\"async\" width=\"1024\" height=\"768\" data-id=\"5727\" src=\"https:\/\/www.allersretoursasso.fr\/wp-content\/uploads\/2025\/01\/AllorNothingAtAll_Image_03-1024x768.jpg\" alt=\"\" class=\"wp-image-5727\" srcset=\"https:\/\/www.allersretoursasso.fr\/wp-content\/uploads\/2025\/01\/AllorNothingAtAll_Image_03-1024x768.jpg 1024w, https:\/\/www.allersretoursasso.fr\/wp-content\/uploads\/2025\/01\/AllorNothingAtAll_Image_03-300x225.jpg 300w, https:\/\/www.allersretoursasso.fr\/wp-content\/uploads\/2025\/01\/AllorNothingAtAll_Image_03-768x576.jpg 768w, https:\/\/www.allersretoursasso.fr\/wp-content\/uploads\/2025\/01\/AllorNothingAtAll_Image_03-1536x1152.jpg 1536w, https:\/\/www.allersretoursasso.fr\/wp-content\/uploads\/2025\/01\/AllorNothingAtAll_Image_03-2048x1536.jpg 2048w, https:\/\/www.allersretoursasso.fr\/wp-content\/uploads\/2025\/01\/AllorNothingAtAll_Image_03-16x12.jpg 16w, https:\/\/www.allersretoursasso.fr\/wp-content\/uploads\/2025\/01\/AllorNothingAtAll_Image_03-350x263.jpg 350w\" sizes=\"(max-width: 767px) 89vw, (max-width: 1000px) 54vw, (max-width: 1071px) 543px, 580px\" \/><\/figure>\n\n\n\n<figure class=\"wp-block-image size-large\"><img loading=\"lazy\" decoding=\"async\" width=\"1024\" height=\"768\" data-id=\"5720\" src=\"https:\/\/www.allersretoursasso.fr\/wp-content\/uploads\/2025\/01\/AllorNothingAtAll_Image_09-1024x768.jpg\" alt=\"\" class=\"wp-image-5720\" srcset=\"https:\/\/www.allersretoursasso.fr\/wp-content\/uploads\/2025\/01\/AllorNothingAtAll_Image_09-1024x768.jpg 1024w, https:\/\/www.allersretoursasso.fr\/wp-content\/uploads\/2025\/01\/AllorNothingAtAll_Image_09-300x225.jpg 300w, https:\/\/www.allersretoursasso.fr\/wp-content\/uploads\/2025\/01\/AllorNothingAtAll_Image_09-768x576.jpg 768w, https:\/\/www.allersretoursasso.fr\/wp-content\/uploads\/2025\/01\/AllorNothingAtAll_Image_09-1536x1152.jpg 1536w, https:\/\/www.allersretoursasso.fr\/wp-content\/uploads\/2025\/01\/AllorNothingAtAll_Image_09-2048x1536.jpg 2048w, https:\/\/www.allersretoursasso.fr\/wp-content\/uploads\/2025\/01\/AllorNothingAtAll_Image_09-16x12.jpg 16w, https:\/\/www.allersretoursasso.fr\/wp-content\/uploads\/2025\/01\/AllorNothingAtAll_Image_09-350x263.jpg 350w\" sizes=\"(max-width: 767px) 89vw, (max-width: 1000px) 54vw, (max-width: 1071px) 543px, 580px\" \/><\/figure>\n\n\n\n<figure class=\"wp-block-image size-large\"><img loading=\"lazy\" decoding=\"async\" width=\"1024\" height=\"768\" data-id=\"5721\" src=\"https:\/\/www.allersretoursasso.fr\/wp-content\/uploads\/2025\/01\/AllorNothingAtAll_Image_07-1024x768.jpg\" alt=\"\" class=\"wp-image-5721\" srcset=\"https:\/\/www.allersretoursasso.fr\/wp-content\/uploads\/2025\/01\/AllorNothingAtAll_Image_07-1024x768.jpg 1024w, https:\/\/www.allersretoursasso.fr\/wp-content\/uploads\/2025\/01\/AllorNothingAtAll_Image_07-300x225.jpg 300w, https:\/\/www.allersretoursasso.fr\/wp-content\/uploads\/2025\/01\/AllorNothingAtAll_Image_07-768x576.jpg 768w, https:\/\/www.allersretoursasso.fr\/wp-content\/uploads\/2025\/01\/AllorNothingAtAll_Image_07-1536x1152.jpg 1536w, https:\/\/www.allersretoursasso.fr\/wp-content\/uploads\/2025\/01\/AllorNothingAtAll_Image_07-2048x1536.jpg 2048w, https:\/\/www.allersretoursasso.fr\/wp-content\/uploads\/2025\/01\/AllorNothingAtAll_Image_07-16x12.jpg 16w, https:\/\/www.allersretoursasso.fr\/wp-content\/uploads\/2025\/01\/AllorNothingAtAll_Image_07-350x263.jpg 350w\" sizes=\"(max-width: 767px) 89vw, (max-width: 1000px) 54vw, (max-width: 1071px) 543px, 580px\" \/><\/figure>\n<\/figure>\n\n\n\n<figure class=\"wp-block-embed is-type-video is-provider-youtube wp-block-embed-youtube wp-embed-aspect-16-9 wp-has-aspect-ratio\"><div class=\"wp-block-embed__wrapper\">\n<iframe loading=\"lazy\" title=\"All, or Nothing at All\" width=\"525\" height=\"295\" src=\"https:\/\/www.youtube.com\/embed\/T8aem1v9GMs?feature=oembed\" frameborder=\"0\" allow=\"accelerometer; autoplay; clipboard-write; encrypted-media; gyroscope; picture-in-picture; web-share\" referrerpolicy=\"strict-origin-when-cross-origin\" allowfullscreen><\/iframe>\n<\/div><\/figure>\n\n\n\n<p><\/p>\n\n\n\n<div class=\"wp-block-columns is-layout-flex wp-container-core-columns-layout-1 wp-block-columns-is-layout-flex\">\n<div class=\"wp-block-column is-layout-flow wp-block-column-is-layout-flow\"><\/div>\n<\/div>\n\n\n\n<hr class=\"wp-block-separator has-alpha-channel-opacity\"\/>\n\n\n\n<div class=\"wp-block-columns is-layout-flex wp-container-core-columns-layout-2 wp-block-columns-is-layout-flex\">\n<div class=\"wp-block-column is-layout-flow wp-block-column-is-layout-flow\"><\/div>\n<\/div>\n\n\n\n<div class=\"wp-block-columns is-layout-flex wp-container-core-columns-layout-3 wp-block-columns-is-layout-flex\">\n<div class=\"wp-block-column is-layout-flow wp-block-column-is-layout-flow\" style=\"flex-basis:33.33%\">\n<figure class=\"wp-block-image size-large is-resized is-style-default\"><img loading=\"lazy\" decoding=\"async\" width=\"526\" height=\"526\" src=\"https:\/\/www.allersretoursasso.fr\/wp-content\/uploads\/2025\/01\/07-Jiajun-_Oscar_-Zhang-All-or-Nothing-at-All-edited.jpeg\" alt=\"\" class=\"wp-image-5733\" style=\"width:207px;height:auto\" srcset=\"https:\/\/www.allersretoursasso.fr\/wp-content\/uploads\/2025\/01\/07-Jiajun-_Oscar_-Zhang-All-or-Nothing-at-All-edited.jpeg 526w, https:\/\/www.allersretoursasso.fr\/wp-content\/uploads\/2025\/01\/07-Jiajun-_Oscar_-Zhang-All-or-Nothing-at-All-edited-300x300.jpeg 300w, https:\/\/www.allersretoursasso.fr\/wp-content\/uploads\/2025\/01\/07-Jiajun-_Oscar_-Zhang-All-or-Nothing-at-All-edited-150x150.jpeg 150w, https:\/\/www.allersretoursasso.fr\/wp-content\/uploads\/2025\/01\/07-Jiajun-_Oscar_-Zhang-All-or-Nothing-at-All-edited-12x12.jpeg 12w, https:\/\/www.allersretoursasso.fr\/wp-content\/uploads\/2025\/01\/07-Jiajun-_Oscar_-Zhang-All-or-Nothing-at-All-edited-100x100.jpeg 100w, https:\/\/www.allersretoursasso.fr\/wp-content\/uploads\/2025\/01\/07-Jiajun-_Oscar_-Zhang-All-or-Nothing-at-All-edited-350x350.jpeg 350w\" sizes=\"(max-width: 526px) 100vw, 526px\" \/><\/figure>\n<\/div>\n\n\n\n<div class=\"wp-block-column is-layout-flow wp-block-column-is-layout-flow\" style=\"flex-basis:66.66%\">\n<p><strong><strong>\u00c0 propos de<\/strong> Jiajun \u2018Oscar\u2019 ZHANG<\/strong><\/p>\n\n\n\n<p class=\"has-small-font-size\"><\/p>\n<\/div>\n<\/div>\n\n\n\n<p class=\"has-small-font-size\"><\/p>\n\n\n\n<p style=\"font-size:14px\">Jiajun \u2018Oscar\u2019 Zhang est n\u00e9 dans le Shanghai des ann\u00e9es 90. Ancien \u00e9l\u00e8ve de la London Film School et de l\u2019Asian Film Academy of the Busan Film Festival, il a cofond\u00e9 en 2020, avec l\u2019artiste cor\u00e9en Hee Young Pyun, le projet \u2018Slowly Moving Images\u2019. Ensemble, ils forment un duo de r\u00e9alisateurs qui explore de fa\u00e7on cin\u00e9matographique le lien entre les hommes et les villes \u00e0 travers le monde. <em>All, or Nothing at All <\/em>est son premier long-m\u00e9trage.<\/p>\n\n\n\n<p class=\"has-small-font-size\"><\/p>\n\n\n\n<p>\u5f20\u5bb6\u9a8f\u51fa\u751f\u4e8e\u4e0a\u6d77\uff0c\u6bd5\u4e1a\u4e8e\u4f26\u6566\u7535\u5f71\u5b66\u9662\uff0c\u4e0e\u97e9\u56fd\u5bfc\u6f14\u8fb9\u79a7\u668e\u8054\u5408\u6267\u5bfc\u7684\u77ed\u7247\u300a\u8d64\u5b50\u300b\u83b7\u7b2c52\u5c4a\u745e\u58eb\u771f\u5b9e\u5f71\u5c55\u56fd\u9645\u4e2d\u77ed\u7247\u7ade\u8d5b\u5355\u5143\u8bc4\u5ba1\u56e2\u7279\u522b\u5956\u3002\u5176\u4f5c\u54c1\u6e38\u8d70\u4e8e\u7eaa\u5f55\u4e0e\u865a\u6784\u4e4b\u95f4\uff0c\u591a\u5173\u6ce8\u90fd\u5e02\u7a7a\u95f4\u4e0e\u4eba\u7684\u5173\u7cfb\u3002\u9996\u90e8\u5267\u60c5\u957f\u7247\u300a\u6240\u6709\u5fe7\u4f24\u7684\u5e74\u8f7b\u4eba\u300b\u5165\u56f4\u591a\u4e2a\u56fd\u9645\u5f71\u5c55\uff0c\u5f20\u5bb6\u9a8f\u5bfc\u6f14\u4e5f\u6210\u4e3a2024\u5e74\u5ea6\u7ebd\u7ea6\u5f71\u8bc4\u4eba\u5728\u5168\u7403\u8303\u56f4\u5185\u6700\u5173\u6ce8\u7684\u65b0\u5bfc\u6f14\u4e4b\u4e00\u3002<\/p>\n\n\n\n<p class=\"has-small-font-size\"><\/p>\n\n\n\n<hr class=\"wp-block-separator has-alpha-channel-opacity is-style-wide\"\/>\n\n\n\n<p class=\"has-small-font-size\"><\/p>\n\n\n\n<p class=\"has-text-align-center\"><\/p>\n\n\n\n<div class=\"wp-block-columns is-layout-flex wp-container-core-columns-layout-4 wp-block-columns-is-layout-flex\">\n<div class=\"wp-block-column is-layout-flow wp-block-column-is-layout-flow\">\n<div class=\"wp-block-buttons is-layout-flex wp-block-buttons-is-layout-flex\">\n<div class=\"wp-block-button has-custom-width wp-block-button__width-100 has-custom-font-size is-style-outline\" style=\"font-size:16px\"><a class=\"wp-block-button__link wp-element-button\" href=\"https:\/\/www.billetweb.fr\/far2025\">R\u00e9servez vos billets (Paris)<br>\u7ebf\u4e0a\u8d2d\u7968\uff08\u5df4\u9ece\uff09<\/a><\/div>\n<\/div>\n<\/div>\n<\/div>\n\n\n\n<div class=\"wp-block-columns is-layout-flex wp-container-core-columns-layout-5 wp-block-columns-is-layout-flex\">\n<div class=\"wp-block-column is-layout-flow wp-block-column-is-layout-flow\" style=\"flex-basis:100%\">\n<p class=\"has-text-align-center\" style=\"font-size:20px\"><strong>Paris<\/strong><\/p>\n\n\n\n<p class=\"has-text-align-center\" style=\"font-size:18px\"><strong>Version A : dim. 2 f\u00e9vrier \u00e0 16h45<\/strong> au Path\u00e9 Les Fauvettes, s\u00e9ance suivie d&#8217;une Q&amp;A avec le r\u00e9alisateur et la sc\u00e9nariste en visioconf\u00e9rence<br><strong>Version B : mer. 5 f\u00e9vrier \u00e0 19h45<\/strong> au Studio des Ursulines, s\u00e9ance suivie d&#8217;une Q&amp;A avec le r\u00e9alisateur et la sc\u00e9nariste en visioconf\u00e9rence<\/p>\n\n\n\n<p class=\"has-text-align-center has-medium-font-size\"><\/p>\n<\/div>\n<\/div>\n\n\n\n<div class=\"wp-block-cover is-light\" style=\"min-height:349px\"><span aria-hidden=\"true\" class=\"wp-block-cover__background has-white-background-color has-background-dim\"><\/span><div class=\"wp-block-cover__inner-container is-layout-flow wp-block-cover-is-layout-flow\">\n<div class=\"wp-block-group is-layout-flow wp-block-group-is-layout-flow\"><div class=\"wp-block-group__inner-container\">\n<figure class=\"wp-block-image size-large\"><a href=\"https:\/\/www.allersretoursasso.fr\/zh\/annee-festival-2025\/\"><img loading=\"lazy\" decoding=\"async\" width=\"1024\" height=\"342\" src=\"https:\/\/www.allersretoursasso.fr\/wp-content\/uploads\/2025\/01\/Twitter-banner-copy-1024x342.png\" alt=\"\" class=\"wp-image-5568\" srcset=\"https:\/\/www.allersretoursasso.fr\/wp-content\/uploads\/2025\/01\/Twitter-banner-copy-1024x342.png 1024w, https:\/\/www.allersretoursasso.fr\/wp-content\/uploads\/2025\/01\/Twitter-banner-copy-300x100.png 300w, https:\/\/www.allersretoursasso.fr\/wp-content\/uploads\/2025\/01\/Twitter-banner-copy-768x256.png 768w, https:\/\/www.allersretoursasso.fr\/wp-content\/uploads\/2025\/01\/Twitter-banner-copy-18x6.png 18w, https:\/\/www.allersretoursasso.fr\/wp-content\/uploads\/2025\/01\/Twitter-banner-copy-350x117.png 350w, https:\/\/www.allersretoursasso.fr\/wp-content\/uploads\/2025\/01\/Twitter-banner-copy.png 1501w\" sizes=\"(max-width: 767px) 89vw, (max-width: 1000px) 54vw, (max-width: 1071px) 543px, 580px\" \/><\/a><\/figure>\n<\/div><\/div>\n<\/div><\/div>\n\n\n\n<div class=\"wp-block-group is-layout-flow wp-block-group-is-layout-flow\"><div class=\"wp-block-group__inner-container\">\n<p class=\"has-text-align-center\" style=\"font-size:15px\"><\/p>\n<\/div><\/div>\n\n\n\n<p class=\"has-text-align-center has-white-color has-text-color\" style=\"font-size:15px\"> 19h45 aux Ursuline<\/p>\n\n\n\n<p class=\"has-text-align-center has-white-color has-text-color\" style=\"font-size:15px\">06 octobre \u00e0 19h45 aux Ursulines<\/p>","protected":false},"excerpt":{"rendered":"<p>2023 \/ 124\u2019 \/ Mandarin, Dialecte de Shanghai \/ VOSTF \/ Fiction Nomm\u00e9 au meilleur premier film du Tallinn Black Nights Film Festival \u00c0 Shanghai, en plein c\u0153ur de la ville, Yoyo suit en secret les pas de Lan Tian. Dans une autre r\u00e9alit\u00e9, Lan Tian tient Yoyo \u00e0 distance. Prisonniers d\u2019un complexe commercial \u00e0 &hellip; <\/p>\n<p class=\"link-more\"><a href=\"https:\/\/www.allersretoursasso.fr\/zh\/festival2025-all-or-nothing-at-all\/\" class=\"more-link\">\u7ee7\u7eed\u9605\u8bfb<span class=\"screen-reader-text\">\u201cFestival Allers-Retours 2025 &#8211; All, or Nothing at All\u201d<\/span><\/a><\/p>","protected":false},"author":5,"featured_media":0,"parent":0,"menu_order":0,"comment_status":"closed","ping_status":"closed","template":"","meta":{"footnotes":""},"_links":{"self":[{"href":"https:\/\/www.allersretoursasso.fr\/zh\/wp-json\/wp\/v2\/pages\/5712"}],"collection":[{"href":"https:\/\/www.allersretoursasso.fr\/zh\/wp-json\/wp\/v2\/pages"}],"about":[{"href":"https:\/\/www.allersretoursasso.fr\/zh\/wp-json\/wp\/v2\/types\/page"}],"author":[{"embeddable":true,"href":"https:\/\/www.allersretoursasso.fr\/zh\/wp-json\/wp\/v2\/users\/5"}],"replies":[{"embeddable":true,"href":"https:\/\/www.allersretoursasso.fr\/zh\/wp-json\/wp\/v2\/comments?post=5712"}],"version-history":[{"count":10,"href":"https:\/\/www.allersretoursasso.fr\/zh\/wp-json\/wp\/v2\/pages\/5712\/revisions"}],"predecessor-version":[{"id":6168,"href":"https:\/\/www.allersretoursasso.fr\/zh\/wp-json\/wp\/v2\/pages\/5712\/revisions\/6168"}],"wp:attachment":[{"href":"https:\/\/www.allersretoursasso.fr\/zh\/wp-json\/wp\/v2\/media?parent=5712"}],"curies":[{"name":"wp","href":"https:\/\/api.w.org\/{rel}","templated":true}]}}