{"id":5741,"date":"2025-01-03T21:03:09","date_gmt":"2025-01-03T20:03:09","guid":{"rendered":"https:\/\/www.allersretoursasso.fr\/?page_id=5741"},"modified":"2025-02-05T09:35:25","modified_gmt":"2025-02-05T08:35:25","slug":"festival2025-stranger-eyes","status":"publish","type":"page","link":"https:\/\/www.allersretoursasso.fr\/zh\/festival2025-stranger-eyes\/","title":{"rendered":"Festival Allers-Retours 2025 &#8211; Stranger Eyes"},"content":{"rendered":"<div id=\"fb-root\"><\/div>\n\n<div class=\"wp-block-media-text alignwide is-stacked-on-mobile\" style=\"grid-template-columns:41% auto\"><figure class=\"wp-block-media-text__media\"><img loading=\"lazy\" decoding=\"async\" width=\"768\" height=\"1024\" src=\"https:\/\/www.allersretoursasso.fr\/wp-content\/uploads\/2025\/01\/08-Stranger-Eyes_Affiche-Verticale-768x1024.jpg\" alt=\"\" class=\"wp-image-5750 size-full\" srcset=\"https:\/\/www.allersretoursasso.fr\/wp-content\/uploads\/2025\/01\/08-Stranger-Eyes_Affiche-Verticale-768x1024.jpg 768w, https:\/\/www.allersretoursasso.fr\/wp-content\/uploads\/2025\/01\/08-Stranger-Eyes_Affiche-Verticale-225x300.jpg 225w, https:\/\/www.allersretoursasso.fr\/wp-content\/uploads\/2025\/01\/08-Stranger-Eyes_Affiche-Verticale-1152x1536.jpg 1152w, https:\/\/www.allersretoursasso.fr\/wp-content\/uploads\/2025\/01\/08-Stranger-Eyes_Affiche-Verticale-1536x2048.jpg 1536w, https:\/\/www.allersretoursasso.fr\/wp-content\/uploads\/2025\/01\/08-Stranger-Eyes_Affiche-Verticale-9x12.jpg 9w, https:\/\/www.allersretoursasso.fr\/wp-content\/uploads\/2025\/01\/08-Stranger-Eyes_Affiche-Verticale-350x467.jpg 350w, https:\/\/www.allersretoursasso.fr\/wp-content\/uploads\/2025\/01\/08-Stranger-Eyes_Affiche-Verticale-scaled.jpg 1920w\" sizes=\"(max-width: 767px) 89vw, (max-width: 1000px) 54vw, (max-width: 1071px) 543px, 580px\" \/><\/figure><div class=\"wp-block-media-text__content\">\n<div class=\"wp-block-group is-layout-flow wp-block-group-is-layout-flow\"><div class=\"wp-block-group__inner-container\">\n<div class=\"wp-block-group is-vertical is-layout-flex wp-container-core-group-layout-4 wp-block-group-is-layout-flex\">\n<div class=\"wp-block-group is-layout-flow wp-block-group-is-layout-flow\"><div class=\"wp-block-group__inner-container\">\n<div class=\"wp-block-group is-layout-flow wp-block-group-is-layout-flow\"><div class=\"wp-block-group__inner-container\">\n<div class=\"wp-block-group is-layout-flow wp-block-group-is-layout-flow\"><div class=\"wp-block-group__inner-container\">\n<p><\/p>\n\n\n\n<p style=\"font-size:30px;font-style:normal;font-weight:500\"><em><strong>Stranger Eyes<\/strong><\/em><\/p>\n\n\n\n<p style=\"font-size:30px;font-style:normal;font-weight:500\">\u9ed8\u89c6\u5f55<\/p>\n\n\n\n<p class=\"has-medium-font-size\">YEO Siew Hua<\/p>\n\n\n\n<p class=\"has-medium-font-size\">\u6768\u4fee\u534e<\/p>\n\n\n\n<p class=\"has-small-font-size\"><a href=\"https:\/\/www.allersretoursasso.fr\/zh\/annee-festival-2025\/\" target=\"_blank\" rel=\"noreferrer noopener\">\u00c9dition 2025<\/a><\/p>\n\n\n\n<p style=\"font-size:10px\"><\/p>\n<\/div><\/div>\n\n\n\n<p class=\"has-text-align-center\"><\/p>\n\n\n\n<p class=\"has-text-align-left\" style=\"font-size:15px\"><\/p>\n<\/div><\/div>\n<\/div><\/div>\n<\/div>\n<\/div><\/div>\n<\/div><\/div>\n\n\n\n<h2 class=\"wp-block-heading\"><\/h2>\n\n\n\n<p class=\"has-text-align-center has-small-font-size\">2024 \/ 126\u2019 \/ Mandarin \/ VOSTF \/ Fiction<\/p>\n\n\n\n<p class=\"has-text-align-center\" style=\"font-size:14px\"><em>En comp\u00e9tition dans la s\u00e9lection officielle de la Mostra de Venise 2024<\/em><\/p>\n\n\n\n<p>Apr\u00e8s la disparition myst\u00e9rieuse de leur fille de 2 ans, Darren et Tara d\u00e9couvrent que leur vie priv\u00e9e a \u00e9t\u00e9 film\u00e9e \u00e0 leur insu. Alors qu&#8217;ils tentent de comprendre qui se cache derri\u00e8re ce voyeurisme, le couple voit ses certitudes se fissurer, et la r\u00e9alit\u00e9 de leur existence intime se red\u00e9finir. Chaque image d\u00e9voil\u00e9e remet en question leur perception d\u2019eux-m\u00eames et de leur relation.<\/p>\n\n\n\n<p><em>YEO Siew Hua explore l\u2019omnipr\u00e9sence de la surveillance urbaine qui envahit chaque aspect de la vie quotidienne. Gr\u00e2ce \u00e0 une mise en sc\u00e8ne soign\u00e9e et une atmosph\u00e8re captivante, le film immerge le spectateur dans une exp\u00e9rience de perte progressive de rep\u00e8res.<\/em><\/p>\n\n\n\n<p><\/p>\n\n\n\n<p class=\"has-text-align-center\"><em>2024 \/ 126\u2019 \/ \u666e\u901a\u8bdd \/ \u539f\u58f0\u6cd5\u8bed\u5b57\u5e55 \/ \u5267\u60c5<\/em><\/p>\n\n\n\n<p>\u5728\u5973\u513f\u795e\u79d8\u5931\u8e2a\u540e\uff0c\u5e74\u8f7b\u592b\u5987\u9646\u7eed\u6536\u5230\u5077\u7aa5\u8005\u62cd\u6444\u7684\u5f71\u50cf\u3002\u8fd9\u4e9b\u5f55\u50cf\u8bb0\u5f55\u4e86\u4ed6\u4eec\u7684\u65e5\u5e38\u751f\u6d3b\uff0c\u751a\u81f3\u662f\u6700\u79c1\u5bc6\u7684\u65f6\u523b\u3002\u8b66\u65b9\u8fc5\u901f\u4ecb\u5165\uff0c\u5728\u4ed6\u4eec\u5bb6\u5468\u56f4\u5e03\u4e0b\u76d1\u63a7\uff0c\u4f46\u968f\u7740\u66f4\u591a\u7684\u79d8\u5bc6\u88ab\u63ed\u5f00\uff0c\u4ed6\u4eec\u7684\u5bb6\u5ead\u5173\u7cfb\u4e00\u6b65\u6b65\u5d29\u584c\u3002<\/p>\n\n\n\n<p><em>\u300a\u9ed8\u89c6\u5f55\u300b\u4ee5\u4e24\u4e2a\u5bb6\u5ead\u7684\u6545\u4e8b\u4e3a\u7ebf\u7d22\uff0c\u6df1\u523b\u63a2\u8ba8\u4e86\u73b0\u4ee3\u90fd\u5e02\u4e2d\u201c\u770b\u201d\u4e0e\u201c\u88ab\u770b\u201c\u7684\u590d\u6742\u5173\u7cfb\u3002\u5728\u4e00\u4e2a\u5145\u6ee1\u76d1\u89c6\u7684\u4e16\u754c\u4e2d\uff0c\u5f71\u7247\u63ed\u793a\u4e86\u9690\u85cf\u5728\u955c\u5934\u80cc\u540e\u7684\u4eba\u6027\u771f\u76f8\uff0c\u5f15\u53d1\u4eba\u4eec\u5bf9\u81ea\u8eab\u5b58\u5728\u610f\u4e49\u7684\u53cd\u601d\u3002<\/em><\/p>\n\n\n\n<figure class=\"wp-block-gallery has-nested-images columns-2 is-cropped wp-block-gallery-1 is-layout-flex wp-block-gallery-is-layout-flex\">\n<figure class=\"wp-block-image size-large\"><img loading=\"lazy\" decoding=\"async\" width=\"1024\" height=\"682\" data-id=\"5743\" src=\"https:\/\/www.allersretoursasso.fr\/wp-content\/uploads\/2025\/01\/\u59271-STRANGER-EYES_16_\u00a9AKANGA-FILM-ASIA_CHRISTOPHER-WONG-copie-1024x682.jpeg\" alt=\"\" class=\"wp-image-5743\" srcset=\"https:\/\/www.allersretoursasso.fr\/wp-content\/uploads\/2025\/01\/\u59271-STRANGER-EYES_16_\u00a9AKANGA-FILM-ASIA_CHRISTOPHER-WONG-copie-1024x682.jpeg 1024w, https:\/\/www.allersretoursasso.fr\/wp-content\/uploads\/2025\/01\/\u59271-STRANGER-EYES_16_\u00a9AKANGA-FILM-ASIA_CHRISTOPHER-WONG-copie-300x200.jpeg 300w, https:\/\/www.allersretoursasso.fr\/wp-content\/uploads\/2025\/01\/\u59271-STRANGER-EYES_16_\u00a9AKANGA-FILM-ASIA_CHRISTOPHER-WONG-copie-768x512.jpeg 768w, https:\/\/www.allersretoursasso.fr\/wp-content\/uploads\/2025\/01\/\u59271-STRANGER-EYES_16_\u00a9AKANGA-FILM-ASIA_CHRISTOPHER-WONG-copie-18x12.jpeg 18w, https:\/\/www.allersretoursasso.fr\/wp-content\/uploads\/2025\/01\/\u59271-STRANGER-EYES_16_\u00a9AKANGA-FILM-ASIA_CHRISTOPHER-WONG-copie-350x233.jpeg 350w, https:\/\/www.allersretoursasso.fr\/wp-content\/uploads\/2025\/01\/\u59271-STRANGER-EYES_16_\u00a9AKANGA-FILM-ASIA_CHRISTOPHER-WONG-copie-272x182.jpeg 272w, https:\/\/www.allersretoursasso.fr\/wp-content\/uploads\/2025\/01\/\u59271-STRANGER-EYES_16_\u00a9AKANGA-FILM-ASIA_CHRISTOPHER-WONG-copie.jpeg 1280w\" sizes=\"(max-width: 767px) 89vw, (max-width: 1000px) 54vw, (max-width: 1071px) 543px, 580px\" \/><\/figure>\n\n\n\n<figure class=\"wp-block-image size-large\"><img loading=\"lazy\" decoding=\"async\" width=\"1024\" height=\"682\" data-id=\"5744\" src=\"https:\/\/www.allersretoursasso.fr\/wp-content\/uploads\/2025\/01\/\u59272-STRANGER-EYES_09_\u00a9AKANGA-FILM-ASIA_GRACE-BAEY-copie-1024x682.jpeg\" alt=\"\" class=\"wp-image-5744\" srcset=\"https:\/\/www.allersretoursasso.fr\/wp-content\/uploads\/2025\/01\/\u59272-STRANGER-EYES_09_\u00a9AKANGA-FILM-ASIA_GRACE-BAEY-copie-1024x682.jpeg 1024w, https:\/\/www.allersretoursasso.fr\/wp-content\/uploads\/2025\/01\/\u59272-STRANGER-EYES_09_\u00a9AKANGA-FILM-ASIA_GRACE-BAEY-copie-300x200.jpeg 300w, https:\/\/www.allersretoursasso.fr\/wp-content\/uploads\/2025\/01\/\u59272-STRANGER-EYES_09_\u00a9AKANGA-FILM-ASIA_GRACE-BAEY-copie-768x512.jpeg 768w, https:\/\/www.allersretoursasso.fr\/wp-content\/uploads\/2025\/01\/\u59272-STRANGER-EYES_09_\u00a9AKANGA-FILM-ASIA_GRACE-BAEY-copie-18x12.jpeg 18w, https:\/\/www.allersretoursasso.fr\/wp-content\/uploads\/2025\/01\/\u59272-STRANGER-EYES_09_\u00a9AKANGA-FILM-ASIA_GRACE-BAEY-copie-350x233.jpeg 350w, https:\/\/www.allersretoursasso.fr\/wp-content\/uploads\/2025\/01\/\u59272-STRANGER-EYES_09_\u00a9AKANGA-FILM-ASIA_GRACE-BAEY-copie-272x182.jpeg 272w, https:\/\/www.allersretoursasso.fr\/wp-content\/uploads\/2025\/01\/\u59272-STRANGER-EYES_09_\u00a9AKANGA-FILM-ASIA_GRACE-BAEY-copie.jpeg 1280w\" sizes=\"(max-width: 767px) 89vw, (max-width: 1000px) 54vw, (max-width: 1071px) 543px, 580px\" \/><\/figure>\n\n\n\n<figure class=\"wp-block-image size-large\"><img loading=\"lazy\" decoding=\"async\" width=\"1024\" height=\"682\" data-id=\"5745\" src=\"https:\/\/www.allersretoursasso.fr\/wp-content\/uploads\/2025\/01\/\u59273-STRANGER-EYES_03_\u00a9AKANGA-FILM-ASIA_GRACE-BAEY-1024x682.jpeg\" alt=\"\" class=\"wp-image-5745\" srcset=\"https:\/\/www.allersretoursasso.fr\/wp-content\/uploads\/2025\/01\/\u59273-STRANGER-EYES_03_\u00a9AKANGA-FILM-ASIA_GRACE-BAEY-1024x682.jpeg 1024w, https:\/\/www.allersretoursasso.fr\/wp-content\/uploads\/2025\/01\/\u59273-STRANGER-EYES_03_\u00a9AKANGA-FILM-ASIA_GRACE-BAEY-300x200.jpeg 300w, https:\/\/www.allersretoursasso.fr\/wp-content\/uploads\/2025\/01\/\u59273-STRANGER-EYES_03_\u00a9AKANGA-FILM-ASIA_GRACE-BAEY-768x512.jpeg 768w, https:\/\/www.allersretoursasso.fr\/wp-content\/uploads\/2025\/01\/\u59273-STRANGER-EYES_03_\u00a9AKANGA-FILM-ASIA_GRACE-BAEY-18x12.jpeg 18w, https:\/\/www.allersretoursasso.fr\/wp-content\/uploads\/2025\/01\/\u59273-STRANGER-EYES_03_\u00a9AKANGA-FILM-ASIA_GRACE-BAEY-350x233.jpeg 350w, https:\/\/www.allersretoursasso.fr\/wp-content\/uploads\/2025\/01\/\u59273-STRANGER-EYES_03_\u00a9AKANGA-FILM-ASIA_GRACE-BAEY-272x182.jpeg 272w, https:\/\/www.allersretoursasso.fr\/wp-content\/uploads\/2025\/01\/\u59273-STRANGER-EYES_03_\u00a9AKANGA-FILM-ASIA_GRACE-BAEY.jpeg 1280w\" sizes=\"(max-width: 767px) 89vw, (max-width: 1000px) 54vw, (max-width: 1071px) 543px, 580px\" \/><\/figure>\n\n\n\n<figure class=\"wp-block-image size-large\"><img loading=\"lazy\" decoding=\"async\" width=\"1024\" height=\"683\" data-id=\"5746\" src=\"https:\/\/www.allersretoursasso.fr\/wp-content\/uploads\/2025\/01\/\u59274-STRANGER-EYES_06_\u00a9AKANGA-FILM-ASIA_JULIANA-TAN-copie-1024x683.jpeg\" alt=\"\" class=\"wp-image-5746\" srcset=\"https:\/\/www.allersretoursasso.fr\/wp-content\/uploads\/2025\/01\/\u59274-STRANGER-EYES_06_\u00a9AKANGA-FILM-ASIA_JULIANA-TAN-copie-1024x683.jpeg 1024w, https:\/\/www.allersretoursasso.fr\/wp-content\/uploads\/2025\/01\/\u59274-STRANGER-EYES_06_\u00a9AKANGA-FILM-ASIA_JULIANA-TAN-copie-300x200.jpeg 300w, https:\/\/www.allersretoursasso.fr\/wp-content\/uploads\/2025\/01\/\u59274-STRANGER-EYES_06_\u00a9AKANGA-FILM-ASIA_JULIANA-TAN-copie-768x512.jpeg 768w, https:\/\/www.allersretoursasso.fr\/wp-content\/uploads\/2025\/01\/\u59274-STRANGER-EYES_06_\u00a9AKANGA-FILM-ASIA_JULIANA-TAN-copie-18x12.jpeg 18w, https:\/\/www.allersretoursasso.fr\/wp-content\/uploads\/2025\/01\/\u59274-STRANGER-EYES_06_\u00a9AKANGA-FILM-ASIA_JULIANA-TAN-copie-350x234.jpeg 350w, https:\/\/www.allersretoursasso.fr\/wp-content\/uploads\/2025\/01\/\u59274-STRANGER-EYES_06_\u00a9AKANGA-FILM-ASIA_JULIANA-TAN-copie-272x182.jpeg 272w, https:\/\/www.allersretoursasso.fr\/wp-content\/uploads\/2025\/01\/\u59274-STRANGER-EYES_06_\u00a9AKANGA-FILM-ASIA_JULIANA-TAN-copie.jpeg 1280w\" sizes=\"(max-width: 767px) 89vw, (max-width: 1000px) 54vw, (max-width: 1071px) 543px, 580px\" \/><\/figure>\n<\/figure>\n\n\n\n<figure class=\"wp-block-embed is-type-video is-provider-youtube wp-block-embed-youtube wp-embed-aspect-16-9 wp-has-aspect-ratio\"><div class=\"wp-block-embed__wrapper\">\n<iframe loading=\"lazy\" title=\"Stranger Eyes\" width=\"525\" height=\"295\" src=\"https:\/\/www.youtube.com\/embed\/sqXBQv2jJ08?feature=oembed\" frameborder=\"0\" allow=\"accelerometer; autoplay; clipboard-write; encrypted-media; gyroscope; picture-in-picture; web-share\" referrerpolicy=\"strict-origin-when-cross-origin\" allowfullscreen><\/iframe>\n<\/div><\/figure>\n\n\n\n<p><\/p>\n\n\n\n<div class=\"wp-block-columns is-layout-flex wp-container-core-columns-layout-1 wp-block-columns-is-layout-flex\">\n<div class=\"wp-block-column is-layout-flow wp-block-column-is-layout-flow\"><\/div>\n<\/div>\n\n\n\n<hr class=\"wp-block-separator has-alpha-channel-opacity\"\/>\n\n\n\n<div class=\"wp-block-columns is-layout-flex wp-container-core-columns-layout-2 wp-block-columns-is-layout-flex\">\n<div class=\"wp-block-column is-layout-flow wp-block-column-is-layout-flow\"><\/div>\n<\/div>\n\n\n\n<div class=\"wp-block-columns is-layout-flex wp-container-core-columns-layout-3 wp-block-columns-is-layout-flex\">\n<div class=\"wp-block-column is-layout-flow wp-block-column-is-layout-flow\" style=\"flex-basis:33.33%\">\n<figure class=\"wp-block-image size-large is-resized is-style-default\"><img loading=\"lazy\" decoding=\"async\" width=\"895\" height=\"895\" src=\"https:\/\/www.allersretoursasso.fr\/wp-content\/uploads\/2025\/01\/\u592708-STRANGER-EYES-YEO-Siew-Hua-edited-1.jpeg\" alt=\"\" class=\"wp-image-5749\" style=\"width:207px;height:auto\" srcset=\"https:\/\/www.allersretoursasso.fr\/wp-content\/uploads\/2025\/01\/\u592708-STRANGER-EYES-YEO-Siew-Hua-edited-1.jpeg 895w, https:\/\/www.allersretoursasso.fr\/wp-content\/uploads\/2025\/01\/\u592708-STRANGER-EYES-YEO-Siew-Hua-edited-1-300x300.jpeg 300w, https:\/\/www.allersretoursasso.fr\/wp-content\/uploads\/2025\/01\/\u592708-STRANGER-EYES-YEO-Siew-Hua-edited-1-150x150.jpeg 150w, https:\/\/www.allersretoursasso.fr\/wp-content\/uploads\/2025\/01\/\u592708-STRANGER-EYES-YEO-Siew-Hua-edited-1-768x768.jpeg 768w, https:\/\/www.allersretoursasso.fr\/wp-content\/uploads\/2025\/01\/\u592708-STRANGER-EYES-YEO-Siew-Hua-edited-1-12x12.jpeg 12w, https:\/\/www.allersretoursasso.fr\/wp-content\/uploads\/2025\/01\/\u592708-STRANGER-EYES-YEO-Siew-Hua-edited-1-100x100.jpeg 100w, https:\/\/www.allersretoursasso.fr\/wp-content\/uploads\/2025\/01\/\u592708-STRANGER-EYES-YEO-Siew-Hua-edited-1-350x350.jpeg 350w\" sizes=\"(max-width: 767px) 89vw, (max-width: 1000px) 54vw, (max-width: 1071px) 543px, 580px\" \/><\/figure>\n<\/div>\n\n\n\n<div class=\"wp-block-column is-layout-flow wp-block-column-is-layout-flow\" style=\"flex-basis:66.66%\">\n<p><strong><strong>\u00c0 propos de<\/strong> YEO Siew Hua<\/strong><\/p>\n\n\n\n<p class=\"has-small-font-size\"><\/p>\n<\/div>\n<\/div>\n\n\n\n<p class=\"has-small-font-size\"><\/p>\n\n\n\n<p style=\"font-size:14px\">YEO Siew Hua est un r\u00e9alisateur et sc\u00e9nariste singapourien. Son film <em>Les \u00c9tendues imaginaires<\/em> (2018) a remport\u00e9 le prestigieux L\u00e9opard d&#8217;Or au Festival de Locarno. Ses \u0153uvres abordent les th\u00e8mes de l&#8217;identit\u00e9 et de la subjectivit\u00e9, comme dans sa s\u00e9rie t\u00e9l\u00e9vis\u00e9e <em>Deep Waters<\/em> (2023) et son film exp\u00e9rimental <em>The Future Has Arrived<\/em> (2022).<\/p>\n\n\n\n<p class=\"has-small-font-size\"><\/p>\n\n\n\n<p>\u6768\u4fee\u534e\uff0c\u6bd5\u4e1a\u4e8e\u65b0\u52a0\u5761\u56fd\u7acb\u5927\u5b66\u54f2\u5b66\u7cfb\u3002\u4ed6\u7684\u4ee3\u8868\u4f5c\u300a\u5e7b\u571f\u300b\uff082018\uff09\u8363\u83b7\u7b2c71\u5c4a\u6d1b\u8fe6\u8bfa\u56fd\u9645\u7535\u5f71\u8282\u91d1\u8c79\u5956\uff0c\u5165\u56f4\u7b2c92\u5c4a\u5965\u65af\u5361\u91d1\u50cf\u5956\u56fd\u9645\u5f71\u7247\u63d0\u540d\u540d\u5355\uff0c\u5e76\u5728\u7b2c56\u5c4a\u91d1\u9a6c\u5956\u4e0a\u65a9\u83b7\u6700\u4f73\u539f\u521b\u5267\u672c\u5956\u3002\u6768\u4fee\u534e\u7684\u521b\u4f5c\u6a2a\u8de8\u7535\u5f71\u4e0e\u7eaa\u5f55\u7247\u9886\u57df\uff0c\u5305\u62ec\u7535\u89c6\u5267\u300a\u6df1\u6e0a\u300b\uff082023\uff09\u548c\u5b9e\u9a8c\u7535\u5f71\u300a\u672a\u6765\u5df2\u81f3\u300b\uff082022\uff09\u3002\u4ed6\u7684\u4f5c\u54c1\u805a\u7126\u4e8e\u8eab\u4efd\u4e0e\u4e3b\u4f53\u6027\u7684\u54f2\u5b66\u547d\u9898\u3002<\/p>\n\n\n\n<p class=\"has-small-font-size\"><\/p>\n\n\n\n<hr class=\"wp-block-separator has-alpha-channel-opacity is-style-wide\"\/>\n\n\n\n<p class=\"has-small-font-size\"><\/p>\n\n\n\n<p class=\"has-text-align-center\"><\/p>\n\n\n\n<div class=\"wp-block-columns is-layout-flex wp-container-core-columns-layout-4 wp-block-columns-is-layout-flex\">\n<div class=\"wp-block-column is-layout-flow wp-block-column-is-layout-flow\">\n<div class=\"wp-block-buttons is-layout-flex wp-block-buttons-is-layout-flex\">\n<div class=\"wp-block-button has-custom-width wp-block-button__width-100 has-custom-font-size is-style-outline\" style=\"font-size:16px\"><a class=\"wp-block-button__link wp-element-button\" href=\"https:\/\/www.billetweb.fr\/far2025\">R\u00e9servez vos billets (Paris)<br>\u7ebf\u4e0a\u8d2d\u7968\uff08\u5df4\u9ece\uff09<\/a><\/div>\n<\/div>\n<\/div>\n\n\n\n<div class=\"wp-block-column is-layout-flow wp-block-column-is-layout-flow\">\n<div class=\"wp-block-buttons is-layout-flex wp-block-buttons-is-layout-flex\">\n<div class=\"wp-block-button has-custom-width wp-block-button__width-100 has-custom-font-size is-style-outline\" style=\"font-size:16px\"><a class=\"wp-block-button__link wp-element-button\" href=\"https:\/\/www.billetweb.fr\/far2025-lyon\">R\u00e9servez vos billets (Lyon)<br>\u7ebf\u4e0a\u8d2d\u7968\uff08\u91cc\u6602\uff09<\/a><\/div>\n<\/div>\n<\/div>\n<\/div>\n\n\n\n<div class=\"wp-block-columns is-layout-flex wp-container-core-columns-layout-5 wp-block-columns-is-layout-flex\">\n<div class=\"wp-block-column is-layout-flow wp-block-column-is-layout-flow\" style=\"flex-basis:100%\">\n<p class=\"has-text-align-center\" style=\"font-size:18px\"><strong>Paris<\/strong><\/p>\n\n\n\n<p class=\"has-text-align-center\" style=\"font-size:16px\"><strong>Dim. 2 f\u00e9vrier \u00e0 19h45 <\/strong>au Path\u00e9 Les Fauvettes, s\u00e9ance suivie d&#8217;une Q&amp;A avec le r\u00e9alisateur en visioconf\u00e9rence<br><strong>Ven. 7 f\u00e9vrier \u00e0 21h<\/strong> au Studio des Ursulines<\/p>\n\n\n\n<p class=\"has-text-align-center\" style=\"font-size:18px\"><strong>Lyon<\/strong><\/p>\n\n\n\n<p class=\"has-text-align-center\" style=\"font-size:16px\"><strong>Sam. 15 f\u00e9vrier \u00e0 20h15 <\/strong>au Cin\u00e9ma Les Aliz\u00e9s<\/p>\n<\/div>\n<\/div>\n\n\n\n<div class=\"wp-block-cover is-light\" style=\"min-height:349px\"><span aria-hidden=\"true\" class=\"wp-block-cover__background has-white-background-color has-background-dim\"><\/span><div class=\"wp-block-cover__inner-container is-layout-flow wp-block-cover-is-layout-flow\">\n<div class=\"wp-block-group is-layout-flow wp-block-group-is-layout-flow\"><div class=\"wp-block-group__inner-container\">\n<figure class=\"wp-block-image size-large\"><a href=\"https:\/\/www.allersretoursasso.fr\/zh\/annee-festival-2025\/\"><img loading=\"lazy\" decoding=\"async\" width=\"1024\" height=\"342\" src=\"https:\/\/www.allersretoursasso.fr\/wp-content\/uploads\/2025\/01\/Twitter-banner-copy-1024x342.png\" alt=\"\" class=\"wp-image-5568\" srcset=\"https:\/\/www.allersretoursasso.fr\/wp-content\/uploads\/2025\/01\/Twitter-banner-copy-1024x342.png 1024w, https:\/\/www.allersretoursasso.fr\/wp-content\/uploads\/2025\/01\/Twitter-banner-copy-300x100.png 300w, https:\/\/www.allersretoursasso.fr\/wp-content\/uploads\/2025\/01\/Twitter-banner-copy-768x256.png 768w, https:\/\/www.allersretoursasso.fr\/wp-content\/uploads\/2025\/01\/Twitter-banner-copy-18x6.png 18w, https:\/\/www.allersretoursasso.fr\/wp-content\/uploads\/2025\/01\/Twitter-banner-copy-350x117.png 350w, https:\/\/www.allersretoursasso.fr\/wp-content\/uploads\/2025\/01\/Twitter-banner-copy.png 1501w\" sizes=\"(max-width: 767px) 89vw, (max-width: 1000px) 54vw, (max-width: 1071px) 543px, 580px\" \/><\/a><\/figure>\n<\/div><\/div>\n<\/div><\/div>\n\n\n\n<div class=\"wp-block-group is-layout-flow wp-block-group-is-layout-flow\"><div class=\"wp-block-group__inner-container\">\n<p class=\"has-text-align-center\" style=\"font-size:15px\"><\/p>\n<\/div><\/div>\n\n\n\n<p class=\"has-text-align-center has-white-color has-text-color\" style=\"font-size:15px\"> 19h45 aux Ursuline<\/p>\n\n\n\n<p class=\"has-text-align-center has-white-color has-text-color\" style=\"font-size:15px\">06 octobre \u00e0 19h45 aux Ursulines<\/p>","protected":false},"excerpt":{"rendered":"<p>2024 \/ 126\u2019 \/ Mandarin \/ VOSTF \/ Fiction En comp\u00e9tition dans la s\u00e9lection officielle de la Mostra de Venise 2024 Apr\u00e8s la disparition myst\u00e9rieuse de leur fille de 2 ans, Darren et Tara d\u00e9couvrent que leur vie priv\u00e9e a \u00e9t\u00e9 film\u00e9e \u00e0 leur insu. Alors qu&#8217;ils tentent de comprendre qui se cache derri\u00e8re ce &hellip; <\/p>\n<p class=\"link-more\"><a href=\"https:\/\/www.allersretoursasso.fr\/zh\/festival2025-stranger-eyes\/\" class=\"more-link\">\u7ee7\u7eed\u9605\u8bfb<span class=\"screen-reader-text\">\u201cFestival Allers-Retours 2025 &#8211; Stranger Eyes\u201d<\/span><\/a><\/p>","protected":false},"author":5,"featured_media":0,"parent":0,"menu_order":0,"comment_status":"closed","ping_status":"closed","template":"","meta":{"footnotes":""},"_links":{"self":[{"href":"https:\/\/www.allersretoursasso.fr\/zh\/wp-json\/wp\/v2\/pages\/5741"}],"collection":[{"href":"https:\/\/www.allersretoursasso.fr\/zh\/wp-json\/wp\/v2\/pages"}],"about":[{"href":"https:\/\/www.allersretoursasso.fr\/zh\/wp-json\/wp\/v2\/types\/page"}],"author":[{"embeddable":true,"href":"https:\/\/www.allersretoursasso.fr\/zh\/wp-json\/wp\/v2\/users\/5"}],"replies":[{"embeddable":true,"href":"https:\/\/www.allersretoursasso.fr\/zh\/wp-json\/wp\/v2\/comments?post=5741"}],"version-history":[{"count":8,"href":"https:\/\/www.allersretoursasso.fr\/zh\/wp-json\/wp\/v2\/pages\/5741\/revisions"}],"predecessor-version":[{"id":6176,"href":"https:\/\/www.allersretoursasso.fr\/zh\/wp-json\/wp\/v2\/pages\/5741\/revisions\/6176"}],"wp:attachment":[{"href":"https:\/\/www.allersretoursasso.fr\/zh\/wp-json\/wp\/v2\/media?parent=5741"}],"curies":[{"name":"wp","href":"https:\/\/api.w.org\/{rel}","templated":true}]}}