{"id":5753,"date":"2025-01-03T22:10:54","date_gmt":"2025-01-03T21:10:54","guid":{"rendered":"https:\/\/www.allersretoursasso.fr\/?page_id=5753"},"modified":"2025-02-05T09:23:27","modified_gmt":"2025-02-05T08:23:27","slug":"festival2025-le-veilleur","status":"publish","type":"page","link":"https:\/\/www.allersretoursasso.fr\/zh\/festival2025-le-veilleur\/","title":{"rendered":"Festival Allers-Retours 2025 &#8211; Le Veilleur"},"content":{"rendered":"<div id=\"fb-root\"><\/div>\n\n<div class=\"wp-block-media-text alignwide is-stacked-on-mobile\" style=\"grid-template-columns:41% auto\"><figure class=\"wp-block-media-text__media\"><img loading=\"lazy\" decoding=\"async\" width=\"724\" height=\"1024\" src=\"https:\/\/www.allersretoursasso.fr\/wp-content\/uploads\/2025\/01\/\u592709-LEVEILLEUR\u2014FR\u2014WEB-724x1024.jpeg\" alt=\"\" class=\"wp-image-5755 size-full\" srcset=\"https:\/\/www.allersretoursasso.fr\/wp-content\/uploads\/2025\/01\/\u592709-LEVEILLEUR\u2014FR\u2014WEB-724x1024.jpeg 724w, https:\/\/www.allersretoursasso.fr\/wp-content\/uploads\/2025\/01\/\u592709-LEVEILLEUR\u2014FR\u2014WEB-212x300.jpeg 212w, https:\/\/www.allersretoursasso.fr\/wp-content\/uploads\/2025\/01\/\u592709-LEVEILLEUR\u2014FR\u2014WEB-768x1086.jpeg 768w, https:\/\/www.allersretoursasso.fr\/wp-content\/uploads\/2025\/01\/\u592709-LEVEILLEUR\u2014FR\u2014WEB-8x12.jpeg 8w, https:\/\/www.allersretoursasso.fr\/wp-content\/uploads\/2025\/01\/\u592709-LEVEILLEUR\u2014FR\u2014WEB-350x495.jpeg 350w, https:\/\/www.allersretoursasso.fr\/wp-content\/uploads\/2025\/01\/\u592709-LEVEILLEUR\u2014FR\u2014WEB.jpeg 905w\" sizes=\"(max-width: 724px) 100vw, 724px\" \/><\/figure><div class=\"wp-block-media-text__content\">\n<div class=\"wp-block-group is-layout-flow wp-block-group-is-layout-flow\"><div class=\"wp-block-group__inner-container\">\n<div class=\"wp-block-group is-vertical is-layout-flex wp-container-core-group-layout-4 wp-block-group-is-layout-flex\">\n<div class=\"wp-block-group is-layout-flow wp-block-group-is-layout-flow\"><div class=\"wp-block-group__inner-container\">\n<div class=\"wp-block-group is-layout-flow wp-block-group-is-layout-flow\"><div class=\"wp-block-group__inner-container\">\n<div class=\"wp-block-group is-layout-flow wp-block-group-is-layout-flow\"><div class=\"wp-block-group__inner-container\">\n<p><\/p>\n\n\n\n<p style=\"font-size:30px;font-style:normal;font-weight:500\"><em><strong>Le Veilleur<\/strong><\/em><\/p>\n\n\n\n<p style=\"font-size:30px;font-style:normal;font-weight:500\">\u5b88\u671b\u8005<\/p>\n\n\n\n<p class=\"has-medium-font-size\">de Lou DU PONTAVICE <br>et Victoire BONIN GRAIS<\/p>\n\n\n\n<p class=\"has-medium-font-size\"><\/p>\n\n\n\n<p class=\"has-small-font-size\"><a href=\"https:\/\/www.allersretoursasso.fr\/zh\/annee-festival-2025\/\" target=\"_blank\" rel=\"noreferrer noopener\">\u00c9dition 2025<\/a><\/p>\n\n\n\n<p style=\"font-size:10px\"><\/p>\n<\/div><\/div>\n\n\n\n<p class=\"has-text-align-center\"><\/p>\n\n\n\n<p class=\"has-text-align-left\" style=\"font-size:15px\"><\/p>\n<\/div><\/div>\n<\/div><\/div>\n<\/div>\n<\/div><\/div>\n<\/div><\/div>\n\n\n\n<h2 class=\"wp-block-heading\"><\/h2>\n\n\n\n<p class=\"has-text-align-center has-small-font-size\">2024 \/ 77\u2019 \/ Mandarin \/ VOSTF \/ Documentaire<\/p>\n\n\n\n<p>Prix du meilleur film documentaire au Tallinn Black Nights Film Festival<\/p>\n\n\n\n<p>Guangdong et sa femme Baoyan ont organis\u00e9 toute leur vie autour de l\u2019\u00e9ducation de leur fils unique, \u00e9l\u00e8ve \u00e0 la prestigieuse acad\u00e9mie de musique de P\u00e9kin. Mais maintenant que Zhaohang donne corps au r\u00eave de ses parents et part \u00e0 l\u2019\u00e9tranger pour mener sa carri\u00e8re, ils vont devoir affronter cette absence et lui donner un sens.<\/p>\n\n\n\n<p><em>Le portrait touchant d\u2019une famille sur la difficult\u00e9 de pousser les aspirations de chacun en \u00e9vitant de se montrer \u00e9touffant, et sur la fa\u00e7on d\u2019apprendre \u00e0 vivre avec l\u2019absence, dans un film musical et sensible.<\/em><\/p>\n\n\n\n<p><\/p>\n\n\n\n<p class=\"has-text-align-center\"><em>2024 \/ 77\u2019 \/ \u666e\u901a\u8bdd \/ \u539f\u58f0\u6cd5\u8bed\u5b57\u5e55 \/ \u5267\u60c5<\/em><\/p>\n\n\n\n<p>\u5bb6\u4e2d\u72ec\u5b50\u5c31\u8bfb\u4e8e\u5317\u4eac\u97f3\u4e50\u5b66\u9662\uff0c\u7236\u6bcd\u503e\u5c3d\u4e00\u751f\u5fc3\u8840\u57f9\u80b2\u4ed6\u7684\u97f3\u4e50\u624d\u534e\u3002\u5982\u4eca\uff0c\u513f\u5b50\u5df2\u8fdc\u8d74\u6d77\u5916\uff0c\u8e0f\u4e0a\u804c\u4e1a\u97f3\u4e50\u5bb6\u7684\u5f81\u9014\u3002\u9762\u5bf9\u79bb\u522b\u7684\u73b0\u5b9e\uff0c\u7236\u6bcd\u5728\u5931\u843d\u4e0e\u6b23\u6170\u4ea4\u7ec7\u4e2d\uff0c\u52aa\u529b\u5bfb\u627e\u751f\u6d3b\u7684\u65b0\u610f\u4e49\u3002<\/p>\n\n\n\n<p><em>\u5f71\u7247\u53d6\u666f\u4e8e\u4e2d\u56fd\u4e0e\u7231\u6c99\u5c3c\u4e9a\uff0c\u4ece\u4e00\u4e2a\u97f3\u4e50\u5b66\u5b50\u7684\u666e\u901a\u5bb6\u5ead\u7684\u65e5\u5e38\u7247\u6bb5\u4e2d\u6355\u6349\u771f\u5b9e\u52a8\u60c5\u7684\u77ac\u95f4\u3002\u4e24\u4ee3\u4eba\u5982\u4f55\u5728\u8ffd\u6c42\u68a6\u60f3\u7684\u8fc7\u7a0b\u4e2d\u5f7c\u6b64\u6276\u6301\uff0c\u672a\u6765\u53c8\u5982\u4f55\u5c55\u671b\uff1f\u8fdc\u9694\u91cd\u6d0b\u5728\u89c6\u8baf\u4e2d\u5982\u4f55\u91cd\u65b0\u5b9a\u4e49\u966a\u4f34\u7684\u771f\u8c1b\uff1f<\/em><\/p>\n\n\n\n<figure class=\"wp-block-gallery has-nested-images columns-2 is-cropped wp-block-gallery-1 is-layout-flex wp-block-gallery-is-layout-flex\">\n<figure class=\"wp-block-image size-large\"><img loading=\"lazy\" decoding=\"async\" width=\"1024\" height=\"552\" data-id=\"5756\" src=\"https:\/\/www.allersretoursasso.fr\/wp-content\/uploads\/2025\/01\/LE-VEILLEUR-Still1-\u00a9Victoire-Bonin-Grais-1024x552.jpg\" alt=\"\" class=\"wp-image-5756\" srcset=\"https:\/\/www.allersretoursasso.fr\/wp-content\/uploads\/2025\/01\/LE-VEILLEUR-Still1-\u00a9Victoire-Bonin-Grais-1024x552.jpg 1024w, https:\/\/www.allersretoursasso.fr\/wp-content\/uploads\/2025\/01\/LE-VEILLEUR-Still1-\u00a9Victoire-Bonin-Grais-300x162.jpg 300w, https:\/\/www.allersretoursasso.fr\/wp-content\/uploads\/2025\/01\/LE-VEILLEUR-Still1-\u00a9Victoire-Bonin-Grais-768x414.jpg 768w, https:\/\/www.allersretoursasso.fr\/wp-content\/uploads\/2025\/01\/LE-VEILLEUR-Still1-\u00a9Victoire-Bonin-Grais-1536x828.jpg 1536w, https:\/\/www.allersretoursasso.fr\/wp-content\/uploads\/2025\/01\/LE-VEILLEUR-Still1-\u00a9Victoire-Bonin-Grais-18x10.jpg 18w, https:\/\/www.allersretoursasso.fr\/wp-content\/uploads\/2025\/01\/LE-VEILLEUR-Still1-\u00a9Victoire-Bonin-Grais-350x189.jpg 350w, https:\/\/www.allersretoursasso.fr\/wp-content\/uploads\/2025\/01\/LE-VEILLEUR-Still1-\u00a9Victoire-Bonin-Grais.jpg 1915w\" sizes=\"(max-width: 767px) 89vw, (max-width: 1000px) 54vw, (max-width: 1071px) 543px, 580px\" \/><\/figure>\n\n\n\n<figure class=\"wp-block-image size-large\"><img loading=\"lazy\" decoding=\"async\" width=\"1024\" height=\"539\" data-id=\"5757\" src=\"https:\/\/www.allersretoursasso.fr\/wp-content\/uploads\/2025\/01\/LE-VEILLEUR-Still3-\u00a9Victoire-Bonin-Grais-1024x539.jpg\" alt=\"\" class=\"wp-image-5757\" srcset=\"https:\/\/www.allersretoursasso.fr\/wp-content\/uploads\/2025\/01\/LE-VEILLEUR-Still3-\u00a9Victoire-Bonin-Grais-1024x539.jpg 1024w, https:\/\/www.allersretoursasso.fr\/wp-content\/uploads\/2025\/01\/LE-VEILLEUR-Still3-\u00a9Victoire-Bonin-Grais-300x158.jpg 300w, https:\/\/www.allersretoursasso.fr\/wp-content\/uploads\/2025\/01\/LE-VEILLEUR-Still3-\u00a9Victoire-Bonin-Grais-768x404.jpg 768w, https:\/\/www.allersretoursasso.fr\/wp-content\/uploads\/2025\/01\/LE-VEILLEUR-Still3-\u00a9Victoire-Bonin-Grais-1536x809.jpg 1536w, https:\/\/www.allersretoursasso.fr\/wp-content\/uploads\/2025\/01\/LE-VEILLEUR-Still3-\u00a9Victoire-Bonin-Grais-18x9.jpg 18w, https:\/\/www.allersretoursasso.fr\/wp-content\/uploads\/2025\/01\/LE-VEILLEUR-Still3-\u00a9Victoire-Bonin-Grais-350x184.jpg 350w, https:\/\/www.allersretoursasso.fr\/wp-content\/uploads\/2025\/01\/LE-VEILLEUR-Still3-\u00a9Victoire-Bonin-Grais.jpg 1916w\" sizes=\"(max-width: 767px) 89vw, (max-width: 1000px) 54vw, (max-width: 1071px) 543px, 580px\" \/><\/figure>\n\n\n\n<figure class=\"wp-block-image size-large\"><img loading=\"lazy\" decoding=\"async\" width=\"1024\" height=\"576\" data-id=\"5758\" src=\"https:\/\/www.allersretoursasso.fr\/wp-content\/uploads\/2025\/01\/LE-VEILLEUR-Still5-\u00a9Victoire-Bonin-Grais-1024x576.jpg\" alt=\"\" class=\"wp-image-5758\" srcset=\"https:\/\/www.allersretoursasso.fr\/wp-content\/uploads\/2025\/01\/LE-VEILLEUR-Still5-\u00a9Victoire-Bonin-Grais-1024x576.jpg 1024w, https:\/\/www.allersretoursasso.fr\/wp-content\/uploads\/2025\/01\/LE-VEILLEUR-Still5-\u00a9Victoire-Bonin-Grais-300x169.jpg 300w, https:\/\/www.allersretoursasso.fr\/wp-content\/uploads\/2025\/01\/LE-VEILLEUR-Still5-\u00a9Victoire-Bonin-Grais-768x432.jpg 768w, https:\/\/www.allersretoursasso.fr\/wp-content\/uploads\/2025\/01\/LE-VEILLEUR-Still5-\u00a9Victoire-Bonin-Grais-1536x864.jpg 1536w, https:\/\/www.allersretoursasso.fr\/wp-content\/uploads\/2025\/01\/LE-VEILLEUR-Still5-\u00a9Victoire-Bonin-Grais-18x10.jpg 18w, https:\/\/www.allersretoursasso.fr\/wp-content\/uploads\/2025\/01\/LE-VEILLEUR-Still5-\u00a9Victoire-Bonin-Grais-350x197.jpg 350w, https:\/\/www.allersretoursasso.fr\/wp-content\/uploads\/2025\/01\/LE-VEILLEUR-Still5-\u00a9Victoire-Bonin-Grais.jpg 1920w\" sizes=\"(max-width: 767px) 89vw, (max-width: 1000px) 54vw, (max-width: 1071px) 543px, 580px\" \/><\/figure>\n\n\n\n<figure class=\"wp-block-image size-large\"><img loading=\"lazy\" decoding=\"async\" width=\"1024\" height=\"522\" data-id=\"5759\" src=\"https:\/\/www.allersretoursasso.fr\/wp-content\/uploads\/2025\/01\/LE-VEILLEUR-Still6-\u00a9Victoire-Bonin-Grais-1024x522.jpg\" alt=\"\" class=\"wp-image-5759\" srcset=\"https:\/\/www.allersretoursasso.fr\/wp-content\/uploads\/2025\/01\/LE-VEILLEUR-Still6-\u00a9Victoire-Bonin-Grais-1024x522.jpg 1024w, https:\/\/www.allersretoursasso.fr\/wp-content\/uploads\/2025\/01\/LE-VEILLEUR-Still6-\u00a9Victoire-Bonin-Grais-300x153.jpg 300w, https:\/\/www.allersretoursasso.fr\/wp-content\/uploads\/2025\/01\/LE-VEILLEUR-Still6-\u00a9Victoire-Bonin-Grais-768x391.jpg 768w, https:\/\/www.allersretoursasso.fr\/wp-content\/uploads\/2025\/01\/LE-VEILLEUR-Still6-\u00a9Victoire-Bonin-Grais-1536x782.jpg 1536w, https:\/\/www.allersretoursasso.fr\/wp-content\/uploads\/2025\/01\/LE-VEILLEUR-Still6-\u00a9Victoire-Bonin-Grais-18x9.jpg 18w, https:\/\/www.allersretoursasso.fr\/wp-content\/uploads\/2025\/01\/LE-VEILLEUR-Still6-\u00a9Victoire-Bonin-Grais-350x178.jpg 350w, https:\/\/www.allersretoursasso.fr\/wp-content\/uploads\/2025\/01\/LE-VEILLEUR-Still6-\u00a9Victoire-Bonin-Grais.jpg 1914w\" sizes=\"(max-width: 767px) 89vw, (max-width: 1000px) 54vw, (max-width: 1071px) 543px, 580px\" \/><\/figure>\n<\/figure>\n\n\n\n<figure class=\"wp-block-embed is-type-video is-provider-youtube wp-block-embed-youtube wp-embed-aspect-16-9 wp-has-aspect-ratio\"><div class=\"wp-block-embed__wrapper\">\n<iframe loading=\"lazy\" title=\"Le Veilleur\" width=\"525\" height=\"295\" src=\"https:\/\/www.youtube.com\/embed\/IU9K316qIHY?feature=oembed\" frameborder=\"0\" allow=\"accelerometer; autoplay; clipboard-write; encrypted-media; gyroscope; picture-in-picture; web-share\" referrerpolicy=\"strict-origin-when-cross-origin\" allowfullscreen><\/iframe>\n<\/div><\/figure>\n\n\n\n<p><\/p>\n\n\n\n<div class=\"wp-block-columns is-layout-flex wp-container-core-columns-layout-1 wp-block-columns-is-layout-flex\">\n<div class=\"wp-block-column is-layout-flow wp-block-column-is-layout-flow\"><\/div>\n<\/div>\n\n\n\n<hr class=\"wp-block-separator has-alpha-channel-opacity\"\/>\n\n\n\n<div class=\"wp-block-columns is-layout-flex wp-container-core-columns-layout-2 wp-block-columns-is-layout-flex\">\n<div class=\"wp-block-column is-layout-flow wp-block-column-is-layout-flow\"><\/div>\n<\/div>\n\n\n\n<div class=\"wp-block-columns is-not-stacked-on-mobile is-layout-flex wp-container-core-columns-layout-3 wp-block-columns-is-layout-flex\">\n<div class=\"wp-block-column is-layout-flow wp-block-column-is-layout-flow\" style=\"flex-basis:33.34%\">\n<figure class=\"wp-block-image size-full is-resized is-style-default\"><img loading=\"lazy\" decoding=\"async\" width=\"916\" height=\"916\" src=\"https:\/\/www.allersretoursasso.fr\/wp-content\/uploads\/2025\/01\/09-Lou-du-Pontavice-Le-Veilleur-edited.jpg\" alt=\"\" class=\"wp-image-5761\" style=\"width:193px;height:auto\" srcset=\"https:\/\/www.allersretoursasso.fr\/wp-content\/uploads\/2025\/01\/09-Lou-du-Pontavice-Le-Veilleur-edited.jpg 916w, https:\/\/www.allersretoursasso.fr\/wp-content\/uploads\/2025\/01\/09-Lou-du-Pontavice-Le-Veilleur-edited-300x300.jpg 300w, https:\/\/www.allersretoursasso.fr\/wp-content\/uploads\/2025\/01\/09-Lou-du-Pontavice-Le-Veilleur-edited-150x150.jpg 150w, https:\/\/www.allersretoursasso.fr\/wp-content\/uploads\/2025\/01\/09-Lou-du-Pontavice-Le-Veilleur-edited-768x768.jpg 768w, https:\/\/www.allersretoursasso.fr\/wp-content\/uploads\/2025\/01\/09-Lou-du-Pontavice-Le-Veilleur-edited-12x12.jpg 12w, https:\/\/www.allersretoursasso.fr\/wp-content\/uploads\/2025\/01\/09-Lou-du-Pontavice-Le-Veilleur-edited-100x100.jpg 100w, https:\/\/www.allersretoursasso.fr\/wp-content\/uploads\/2025\/01\/09-Lou-du-Pontavice-Le-Veilleur-edited-350x350.jpg 350w\" sizes=\"(max-width: 767px) 89vw, (max-width: 1000px) 54vw, (max-width: 1071px) 543px, 580px\" \/><\/figure>\n<\/div>\n\n\n\n<div class=\"wp-block-column is-layout-flow wp-block-column-is-layout-flow\" style=\"flex-basis:33.34%\">\n<figure class=\"wp-block-image size-large\"><img loading=\"lazy\" decoding=\"async\" width=\"1024\" height=\"1024\" src=\"https:\/\/www.allersretoursasso.fr\/wp-content\/uploads\/2025\/01\/09-Victoire-Bonin-Le-Veilleur-edited-1024x1024.jpg\" alt=\"\" class=\"wp-image-5763\" srcset=\"https:\/\/www.allersretoursasso.fr\/wp-content\/uploads\/2025\/01\/09-Victoire-Bonin-Le-Veilleur-edited-1024x1024.jpg 1024w, https:\/\/www.allersretoursasso.fr\/wp-content\/uploads\/2025\/01\/09-Victoire-Bonin-Le-Veilleur-edited-300x300.jpg 300w, https:\/\/www.allersretoursasso.fr\/wp-content\/uploads\/2025\/01\/09-Victoire-Bonin-Le-Veilleur-edited-150x150.jpg 150w, https:\/\/www.allersretoursasso.fr\/wp-content\/uploads\/2025\/01\/09-Victoire-Bonin-Le-Veilleur-edited-768x768.jpg 768w, https:\/\/www.allersretoursasso.fr\/wp-content\/uploads\/2025\/01\/09-Victoire-Bonin-Le-Veilleur-edited-1536x1536.jpg 1536w, https:\/\/www.allersretoursasso.fr\/wp-content\/uploads\/2025\/01\/09-Victoire-Bonin-Le-Veilleur-edited-2048x2048.jpg 2048w, https:\/\/www.allersretoursasso.fr\/wp-content\/uploads\/2025\/01\/09-Victoire-Bonin-Le-Veilleur-edited-12x12.jpg 12w, https:\/\/www.allersretoursasso.fr\/wp-content\/uploads\/2025\/01\/09-Victoire-Bonin-Le-Veilleur-edited-100x100.jpg 100w, https:\/\/www.allersretoursasso.fr\/wp-content\/uploads\/2025\/01\/09-Victoire-Bonin-Le-Veilleur-edited-350x350.jpg 350w\" sizes=\"(max-width: 767px) 89vw, (max-width: 1000px) 54vw, (max-width: 1071px) 543px, 580px\" \/><\/figure>\n<\/div>\n\n\n\n<div class=\"wp-block-column is-layout-flow wp-block-column-is-layout-flow\" style=\"flex-basis:33.33%\">\n<p style=\"font-size:16px\"><strong>\u00c0 propos de Lou DU PONTAVICE et Victoire BONIN GRAIS<\/strong><\/p>\n<\/div>\n<\/div>\n\n\n\n<p class=\"has-small-font-size\"><\/p>\n\n\n\n<p style=\"font-size:14px\"><strong>Lou DU PONTAVICE<\/strong><br>R\u00e9alisatrice<\/p>\n\n\n\n<p style=\"font-size:14px\">Apr\u00e8s des \u00e9tudes en litt\u00e9rature, philosophie et cin\u00e9ma, Lou DU PONTAVICE int\u00e8gre l\u2019INSAS en r\u00e9alisation en 2014. Depuis 2019, elle travaille en tant que sc\u00e9nariste et en tant que r\u00e9alisatrice. Son pr\u00e9c\u00e9dent court-m\u00e9trage a gagn\u00e9 le prix Cinergie du Meilleur Espoir belge au festival Millenium. Elle d\u00e9veloppe actuellement son premier long-m\u00e9trage de fiction, Ma\u00efa.<\/p>\n\n\n\n<p style=\"font-size:14px\"><strong>Victoire BONIN GRAIS<\/strong><br>R\u00e9alisatrice et Cheffe op\u00e9ratrice<\/p>\n\n\n\n<p style=\"font-size:14px\">Apr\u00e8s des \u00e9tudes en histoire et th\u00e9ories des arts \u00e0 Paris, Victoire BONIN GRAIS int\u00e8gre l\u2019Insas \u00e0 Bruxelles en Image. Depuis, elle r\u00e9alise des courts m\u00e9trages documentaires et est devenue cheffe-op\u00e9ratrice.<\/p>\n\n\n\n<p style=\"font-size:14px\"><em>Le Veilleur<\/em>, tourn\u00e9 entre la Chine et l\u2019Estonie est leur premier long-m\u00e9trage documentaire.<\/p>\n\n\n\n<p style=\"font-size:14px\"><\/p>\n\n\n\n<p>Lou DU PONTAVICE\u7814\u4e60\u6587\u5b66\u3001\u54f2\u5b66\u4e0e\u7535\u5f71\uff0c2014\u5e74\u8fdb\u5165\u6bd4\u5229\u65f6\u5e03\u9c81\u585e\u5c14\u9ad8\u7b49\u827a\u672f\u5b66\u9662\u653b\u8bfb\u5bfc\u6f14\u4e13\u4e1a\u3002\u81ea2019\u5e74\u6765\uff0c\u5979\u6d3b\u8dc3\u4e8e\u7f16\u5267\u4e0e\u5bfc\u6f14\u9886\u57df\uff0c\u521b\u4f5c\u7684\u591a\u90e8\u77ed\u7247\u5165\u9009\u56fd\u9645\u7535\u5f71\u8282\uff0c\u5e76\u5728\u5343\u79a7\u56fd\u9645\u7eaa\u5f55\u7247\u7535\u5f71\u8282\u4e0a\u8363\u83b7\u6bd4\u5229\u65f6\u6700\u4f73\u65b0\u79c0\u5956\u3002\u300a\u5b88\u671b\u8005\u300b\u662f\u5979\u7684\u9996\u90e8\u8bb0\u5f55\u957f\u7247\u3002<\/p>\n\n\n\n<p>Victore BONIN GRAIS\u5728\u5df4\u9ece\u5b8c\u6210\u827a\u672f\u53f2\u4e0e\u827a\u672f\u7406\u8bba\u5b66\u4e1a\u540e\uff0c\u8fdb\u5165\u6bd4\u5229\u65f6\u5e03\u9c81\u585e\u5c14\u9ad8\u7b49\u827a\u672f\u5b66\u9662\u4e13\u653b\u6444\u5f71\u3002\u5979\u66fe\u62c5\u4efb\u591a\u90e8\u8bb0\u5f55\u77ed\u7247\u7684\u4e3b\u6444\u5f71\u5e08\u3002\u300a\u5b88\u671b\u8005\u300b\u662f\u5979\u9996\u6b21\u4ee5\u5bfc\u6f14\u8eab\u4efd\u6267\u5bfc\u7684\u8bb0\u5f55\u957f\u7247\u3002<\/p>\n\n\n\n<p class=\"has-small-font-size\"><\/p>\n\n\n\n<hr class=\"wp-block-separator has-alpha-channel-opacity is-style-wide\"\/>\n\n\n\n<p class=\"has-small-font-size\"><\/p>\n\n\n\n<p class=\"has-text-align-center\"><\/p>\n\n\n\n<div class=\"wp-block-columns is-layout-flex wp-container-core-columns-layout-4 wp-block-columns-is-layout-flex\">\n<div class=\"wp-block-column is-layout-flow wp-block-column-is-layout-flow\">\n<div class=\"wp-block-buttons is-layout-flex wp-block-buttons-is-layout-flex\">\n<div class=\"wp-block-button has-custom-width wp-block-button__width-100 has-custom-font-size is-style-outline\" style=\"font-size:16px\"><a class=\"wp-block-button__link wp-element-button\" href=\"https:\/\/www.billetweb.fr\/far2025\">R\u00e9servez vos billets (Paris)<br>\u7ebf\u4e0a\u8d2d\u7968\uff08\u5df4\u9ece\uff09<\/a><\/div>\n<\/div>\n<\/div>\n<\/div>\n\n\n\n<div class=\"wp-block-columns is-layout-flex wp-container-core-columns-layout-5 wp-block-columns-is-layout-flex\">\n<div class=\"wp-block-column is-layout-flow wp-block-column-is-layout-flow\" style=\"flex-basis:100%\">\n<p class=\"has-text-align-center\" style=\"font-size:18px\"><strong>Paris<\/strong><\/p>\n\n\n\n<p class=\"has-text-align-center\" style=\"font-size:16px\"><strong>Ven. 7 f\u00e9vrier \u00e0 19h<\/strong> au Studio des Ursulines, s\u00e9ance suivie d&#8217;une Q&amp;A avec les r\u00e9alisatrices en pr\u00e9sentiel<\/p>\n\n\n\n<p class=\"has-text-align-center has-medium-font-size\"><\/p>\n<\/div>\n<\/div>\n\n\n\n<div class=\"wp-block-cover is-light\" style=\"min-height:349px\"><span aria-hidden=\"true\" class=\"wp-block-cover__background has-white-background-color has-background-dim\"><\/span><div class=\"wp-block-cover__inner-container is-layout-flow wp-block-cover-is-layout-flow\">\n<div class=\"wp-block-group is-layout-flow wp-block-group-is-layout-flow\"><div class=\"wp-block-group__inner-container\">\n<figure class=\"wp-block-image size-large\"><a href=\"https:\/\/www.allersretoursasso.fr\/zh\/annee-festival-2025\/\"><img loading=\"lazy\" decoding=\"async\" width=\"1024\" height=\"342\" src=\"https:\/\/www.allersretoursasso.fr\/wp-content\/uploads\/2025\/01\/Twitter-banner-copy-1024x342.png\" alt=\"\" class=\"wp-image-5568\" srcset=\"https:\/\/www.allersretoursasso.fr\/wp-content\/uploads\/2025\/01\/Twitter-banner-copy-1024x342.png 1024w, https:\/\/www.allersretoursasso.fr\/wp-content\/uploads\/2025\/01\/Twitter-banner-copy-300x100.png 300w, https:\/\/www.allersretoursasso.fr\/wp-content\/uploads\/2025\/01\/Twitter-banner-copy-768x256.png 768w, https:\/\/www.allersretoursasso.fr\/wp-content\/uploads\/2025\/01\/Twitter-banner-copy-18x6.png 18w, https:\/\/www.allersretoursasso.fr\/wp-content\/uploads\/2025\/01\/Twitter-banner-copy-350x117.png 350w, https:\/\/www.allersretoursasso.fr\/wp-content\/uploads\/2025\/01\/Twitter-banner-copy.png 1501w\" sizes=\"(max-width: 767px) 89vw, (max-width: 1000px) 54vw, (max-width: 1071px) 543px, 580px\" \/><\/a><\/figure>\n<\/div><\/div>\n<\/div><\/div>\n\n\n\n<div class=\"wp-block-group is-layout-flow wp-block-group-is-layout-flow\"><div class=\"wp-block-group__inner-container\">\n<p class=\"has-text-align-center\" style=\"font-size:15px\"><\/p>\n<\/div><\/div>\n\n\n\n<p class=\"has-text-align-center has-white-color has-text-color\" style=\"font-size:15px\"> 19h45 aux Ursuline<\/p>\n\n\n\n<p class=\"has-text-align-center has-white-color has-text-color\" style=\"font-size:15px\">06 octobre \u00e0 19h45 aux Ursulines<\/p>","protected":false},"excerpt":{"rendered":"<p>2024 \/ 77\u2019 \/ Mandarin \/ VOSTF \/ Documentaire Prix du meilleur film documentaire au Tallinn Black Nights Film Festival Guangdong et sa femme Baoyan ont organis\u00e9 toute leur vie autour de l\u2019\u00e9ducation de leur fils unique, \u00e9l\u00e8ve \u00e0 la prestigieuse acad\u00e9mie de musique de P\u00e9kin. Mais maintenant que Zhaohang donne corps au r\u00eave de &hellip; <\/p>\n<p class=\"link-more\"><a href=\"https:\/\/www.allersretoursasso.fr\/zh\/festival2025-le-veilleur\/\" class=\"more-link\">\u7ee7\u7eed\u9605\u8bfb<span class=\"screen-reader-text\">\u201cFestival Allers-Retours 2025 &#8211; Le Veilleur\u201d<\/span><\/a><\/p>","protected":false},"author":5,"featured_media":0,"parent":0,"menu_order":0,"comment_status":"closed","ping_status":"closed","template":"","meta":{"footnotes":""},"_links":{"self":[{"href":"https:\/\/www.allersretoursasso.fr\/zh\/wp-json\/wp\/v2\/pages\/5753"}],"collection":[{"href":"https:\/\/www.allersretoursasso.fr\/zh\/wp-json\/wp\/v2\/pages"}],"about":[{"href":"https:\/\/www.allersretoursasso.fr\/zh\/wp-json\/wp\/v2\/types\/page"}],"author":[{"embeddable":true,"href":"https:\/\/www.allersretoursasso.fr\/zh\/wp-json\/wp\/v2\/users\/5"}],"replies":[{"embeddable":true,"href":"https:\/\/www.allersretoursasso.fr\/zh\/wp-json\/wp\/v2\/comments?post=5753"}],"version-history":[{"count":8,"href":"https:\/\/www.allersretoursasso.fr\/zh\/wp-json\/wp\/v2\/pages\/5753\/revisions"}],"predecessor-version":[{"id":6167,"href":"https:\/\/www.allersretoursasso.fr\/zh\/wp-json\/wp\/v2\/pages\/5753\/revisions\/6167"}],"wp:attachment":[{"href":"https:\/\/www.allersretoursasso.fr\/zh\/wp-json\/wp\/v2\/media?parent=5753"}],"curies":[{"name":"wp","href":"https:\/\/api.w.org\/{rel}","templated":true}]}}