{"id":5767,"date":"2025-01-03T22:29:20","date_gmt":"2025-01-03T21:29:20","guid":{"rendered":"https:\/\/www.allersretoursasso.fr\/?page_id=5767"},"modified":"2025-01-16T12:00:38","modified_gmt":"2025-01-16T11:00:38","slug":"festival2025-the-absent","status":"publish","type":"page","link":"https:\/\/www.allersretoursasso.fr\/zh\/festival2025-the-absent\/","title":{"rendered":"Festival Allers-Retours 2025 &#8211; The Absent"},"content":{"rendered":"<div id=\"fb-root\"><\/div>\n\n<div class=\"wp-block-media-text alignwide is-stacked-on-mobile\" style=\"grid-template-columns:41% auto\"><figure class=\"wp-block-media-text__media\"><img loading=\"lazy\" decoding=\"async\" width=\"689\" height=\"1024\" src=\"https:\/\/www.allersretoursasso.fr\/wp-content\/uploads\/2025\/01\/\u592710-The-Absent-poster-689x1024.jpeg\" alt=\"\" class=\"wp-image-5776 size-full\" srcset=\"https:\/\/www.allersretoursasso.fr\/wp-content\/uploads\/2025\/01\/\u592710-The-Absent-poster-689x1024.jpeg 689w, https:\/\/www.allersretoursasso.fr\/wp-content\/uploads\/2025\/01\/\u592710-The-Absent-poster-202x300.jpeg 202w, https:\/\/www.allersretoursasso.fr\/wp-content\/uploads\/2025\/01\/\u592710-The-Absent-poster-768x1142.jpeg 768w, https:\/\/www.allersretoursasso.fr\/wp-content\/uploads\/2025\/01\/\u592710-The-Absent-poster-8x12.jpeg 8w, https:\/\/www.allersretoursasso.fr\/wp-content\/uploads\/2025\/01\/\u592710-The-Absent-poster-350x520.jpeg 350w, https:\/\/www.allersretoursasso.fr\/wp-content\/uploads\/2025\/01\/\u592710-The-Absent-poster.jpeg 861w\" sizes=\"(max-width: 689px) 100vw, 689px\" \/><\/figure><div class=\"wp-block-media-text__content\">\n<div class=\"wp-block-group is-layout-flow wp-block-group-is-layout-flow\"><div class=\"wp-block-group__inner-container\">\n<div class=\"wp-block-group is-vertical is-layout-flex wp-container-core-group-layout-4 wp-block-group-is-layout-flex\">\n<div class=\"wp-block-group is-layout-flow wp-block-group-is-layout-flow\"><div class=\"wp-block-group__inner-container\">\n<div class=\"wp-block-group is-layout-flow wp-block-group-is-layout-flow\"><div class=\"wp-block-group__inner-container\">\n<div class=\"wp-block-group is-layout-flow wp-block-group-is-layout-flow\"><div class=\"wp-block-group__inner-container\">\n<p><\/p>\n\n\n\n<p style=\"font-size:30px;font-style:normal;font-weight:500\"><em><strong>The Absent<\/strong><\/em><\/p>\n\n\n\n<p style=\"font-size:30px;font-style:normal;font-weight:500\">\u51ac\u65c5\u4eba<\/p>\n\n\n\n<p class=\"has-medium-font-size\">LU Dan<\/p>\n\n\n\n<p class=\"has-medium-font-size\">\u9c81\u4e39<\/p>\n\n\n\n<p class=\"has-small-font-size\"><a href=\"https:\/\/www.allersretoursasso.fr\/zh\/annee-festival-2025\/\" target=\"_blank\" rel=\"noreferrer noopener\">\u00c9dition 2025<\/a><\/p>\n\n\n\n<p style=\"font-size:10px\"><\/p>\n<\/div><\/div>\n\n\n\n<p class=\"has-text-align-center\"><\/p>\n\n\n\n<p class=\"has-text-align-left\" style=\"font-size:15px\"><\/p>\n<\/div><\/div>\n<\/div><\/div>\n<\/div>\n<\/div><\/div>\n<\/div><\/div>\n\n\n\n<h2 class=\"wp-block-heading\"><\/h2>\n\n\n\n<p class=\"has-text-align-center\" style=\"font-size:14px\"><em>2024 \/ 90\u2019 \/ Mandarin, Russe, Tatare, Kazakh \/ VOSTF \/ Fiction<\/em><\/p>\n\n\n\n<p class=\"has-text-align-center\" style=\"font-size:14px\"><em>S\u00e9lectionn\u00e9 aux \u201cnouveaux talents asiatiques\u201d du Festival international du film de Shanghai<\/em><\/p>\n\n\n\n<p>Dans un petit village enneig\u00e9 au Xinjiang, Ivan, un jeune photographe de l\u2019ethnie russe, retourne chez lui apr\u00e8s des ann\u00e9es d\u2019absence. Fuyant les tensions familiales, il s\u2019installe dans un h\u00f4tel local o\u00f9 il croise Refati, le propri\u00e9taire tatar des lieux, et Xiaoyu, une jeune fille Han \u00e0 la recherche de son p\u00e8re.<\/p>\n\n\n\n<p><em>Dans son premier long-m\u00e9trage, LU Dan explore les tourments de trois personnages, confront\u00e9s aux blessures familiales et unis par une m\u00eame solitude. Avec une cam\u00e9ra attentive aux communaut\u00e9s peu repr\u00e9sent\u00e9es dans le cin\u00e9ma chinois, elle dresse un portrait subtil du retour \u00e0 soi et de la qu\u00eate d&#8217;identit\u00e9. O\u00f9 puiser la force d\u2019avancer lorsque la vie semble fig\u00e9e ?<\/em><\/p>\n\n\n\n<p><\/p>\n\n\n\n<p class=\"has-text-align-center\"><em>2024 \/ 90\u2019 \/ \u666e\u901a\u8bdd\u3001\u4fc4\u7f57\u65af\u8bed\u3001\u5854\u5854\u5c14\u8bed\u3001\u54c8\u8428\u514b\u8bed \/ \u4e2d\u82f1\u6cd5\u5b57\u5e55 \/ \u5267\u60c5<\/em><\/p>\n\n\n\n<p>\u4fc4\u7f57\u65af\u65cf\u9752\u5e74\u4f0a\u4e07\u56de\u5230\u6545\u4e61\u65b0\u7586\u5854\u57ce\u3002\u591a\u5e74\u79bb\u522b\uff0c\u4ed6\u4e0e\u5bb6\u4eba\u4e4b\u95f4\u7684\u9694\u9602\u6325\u4e4b\u4e0d\u53bb\u3002\u4ed6\u5e26\u7740\u76f8\u673a\uff0c\u8eb2\u8fdb\u9547\u4e0a\u4e00\u5bb6\u8001\u5f0f\u65c5\u9986\uff0c\u610f\u5916\u7ed3\u8bc6\u4e86\u5854\u5854\u5c14\u65cf\u8001\u677f\u70ed\u6cd5\u63d0\u548c\u6c49\u65cf\u5c11\u5973\u5c0f\u5b87\u3002\u4e09\u4eba\u5728\u66b4\u98ce\u96ea\u4e2d\u5171\u5904\u4e00\u5ba4\uff0c\u6ee1\u6000\u5fc3\u4e8b\uff0c\u5404\u81ea\u5728\u4eba\u751f\u56f0\u5883\u4e2d\u5bfb\u627e\u51fa\u8def\u3002<\/p>\n\n\n\n<p><em>\u9c81\u4e39\u4ee5\u300a\u51ac\u65c5\u4eba\u300b\u5b8c\u6210\u4e86\u5979\u7684\u9996\u90e8\u957f\u7247\u3002\u5f71\u7247\u805a\u7126\u4e2d\u54c8\u8fb9\u5883\u88ab\u66b4\u96ea\u8986\u76d6\u7684\u5c0f\u9547\uff0c\u901a\u8fc7\u4e09\u4e2a\u80cc\u666f\u5404\u5f02\u7684\u4e3b\u4eba\u516c\uff0c\u8bb2\u8ff0\u4e86\u4e00\u6bb5\u5173\u4e8e\u56de\u5f52\u3001\u5b64\u72ec\u4e0e\u76f8\u4e92\u6551\u8d4e\u7684\u6545\u4e8b\u3002\u5f71\u7247\u4ee5\u7ec6\u817b\u7684\u955c\u5934\u8bed\u8a00\u63a2\u7d22\u4eba\u4e0e\u6545\u4e61\u7684\u6df1\u523b\u8054\u7ed3\uff0c\u654f\u9510\u5730\u6355\u6349\u4e86\u4e00\u4ee3\u4eba\u7684\u4e61\u6101\u4e0e\u56f0\u5883\u3002<\/em><\/p>\n\n\n\n<figure class=\"wp-block-gallery has-nested-images columns-2 is-cropped wp-block-gallery-1 is-layout-flex wp-block-gallery-is-layout-flex\">\n<figure class=\"wp-block-image size-large\"><img loading=\"lazy\" decoding=\"async\" width=\"1024\" height=\"576\" data-id=\"5773\" src=\"https:\/\/www.allersretoursasso.fr\/wp-content\/uploads\/2025\/01\/\u5267\u71673-1-1024x576.jpeg\" alt=\"\" class=\"wp-image-5773\" srcset=\"https:\/\/www.allersretoursasso.fr\/wp-content\/uploads\/2025\/01\/\u5267\u71673-1-1024x576.jpeg 1024w, https:\/\/www.allersretoursasso.fr\/wp-content\/uploads\/2025\/01\/\u5267\u71673-1-300x169.jpeg 300w, https:\/\/www.allersretoursasso.fr\/wp-content\/uploads\/2025\/01\/\u5267\u71673-1-768x432.jpeg 768w, https:\/\/www.allersretoursasso.fr\/wp-content\/uploads\/2025\/01\/\u5267\u71673-1-1536x864.jpeg 1536w, https:\/\/www.allersretoursasso.fr\/wp-content\/uploads\/2025\/01\/\u5267\u71673-1-2048x1152.jpeg 2048w, https:\/\/www.allersretoursasso.fr\/wp-content\/uploads\/2025\/01\/\u5267\u71673-1-18x10.jpeg 18w, https:\/\/www.allersretoursasso.fr\/wp-content\/uploads\/2025\/01\/\u5267\u71673-1-350x197.jpeg 350w\" sizes=\"(max-width: 767px) 89vw, (max-width: 1000px) 54vw, (max-width: 1071px) 543px, 580px\" \/><\/figure>\n\n\n\n<figure class=\"wp-block-image size-large\"><img loading=\"lazy\" decoding=\"async\" width=\"1024\" height=\"576\" data-id=\"5772\" src=\"https:\/\/www.allersretoursasso.fr\/wp-content\/uploads\/2025\/01\/\u5267\u71672-1-1024x576.jpeg\" alt=\"\" class=\"wp-image-5772\" srcset=\"https:\/\/www.allersretoursasso.fr\/wp-content\/uploads\/2025\/01\/\u5267\u71672-1-1024x576.jpeg 1024w, https:\/\/www.allersretoursasso.fr\/wp-content\/uploads\/2025\/01\/\u5267\u71672-1-300x169.jpeg 300w, https:\/\/www.allersretoursasso.fr\/wp-content\/uploads\/2025\/01\/\u5267\u71672-1-768x432.jpeg 768w, https:\/\/www.allersretoursasso.fr\/wp-content\/uploads\/2025\/01\/\u5267\u71672-1-1536x864.jpeg 1536w, https:\/\/www.allersretoursasso.fr\/wp-content\/uploads\/2025\/01\/\u5267\u71672-1-2048x1152.jpeg 2048w, https:\/\/www.allersretoursasso.fr\/wp-content\/uploads\/2025\/01\/\u5267\u71672-1-18x10.jpeg 18w, https:\/\/www.allersretoursasso.fr\/wp-content\/uploads\/2025\/01\/\u5267\u71672-1-350x197.jpeg 350w\" sizes=\"(max-width: 767px) 89vw, (max-width: 1000px) 54vw, (max-width: 1071px) 543px, 580px\" \/><\/figure>\n<\/figure>\n\n\n\n<figure class=\"wp-block-gallery has-nested-images columns-1 is-cropped wp-block-gallery-2 is-layout-flex wp-block-gallery-is-layout-flex\">\n<figure class=\"wp-block-image size-large\"><img loading=\"lazy\" decoding=\"async\" width=\"1024\" height=\"576\" data-id=\"5774\" src=\"https:\/\/www.allersretoursasso.fr\/wp-content\/uploads\/2025\/01\/\u5267\u71674-1024x576.jpeg\" alt=\"\" class=\"wp-image-5774\" srcset=\"https:\/\/www.allersretoursasso.fr\/wp-content\/uploads\/2025\/01\/\u5267\u71674-1024x576.jpeg 1024w, https:\/\/www.allersretoursasso.fr\/wp-content\/uploads\/2025\/01\/\u5267\u71674-300x169.jpeg 300w, https:\/\/www.allersretoursasso.fr\/wp-content\/uploads\/2025\/01\/\u5267\u71674-768x432.jpeg 768w, https:\/\/www.allersretoursasso.fr\/wp-content\/uploads\/2025\/01\/\u5267\u71674-1536x864.jpeg 1536w, https:\/\/www.allersretoursasso.fr\/wp-content\/uploads\/2025\/01\/\u5267\u71674-2048x1152.jpeg 2048w, https:\/\/www.allersretoursasso.fr\/wp-content\/uploads\/2025\/01\/\u5267\u71674-18x10.jpeg 18w, https:\/\/www.allersretoursasso.fr\/wp-content\/uploads\/2025\/01\/\u5267\u71674-350x197.jpeg 350w\" sizes=\"(max-width: 767px) 89vw, (max-width: 1000px) 54vw, (max-width: 1071px) 543px, 580px\" \/><\/figure>\n\n\n\n<figure class=\"wp-block-image size-large\"><img loading=\"lazy\" decoding=\"async\" width=\"1024\" height=\"576\" data-id=\"5770\" src=\"https:\/\/www.allersretoursasso.fr\/wp-content\/uploads\/2025\/01\/\u5267\u71671-1024x576.jpeg\" alt=\"\" class=\"wp-image-5770\" srcset=\"https:\/\/www.allersretoursasso.fr\/wp-content\/uploads\/2025\/01\/\u5267\u71671-1024x576.jpeg 1024w, https:\/\/www.allersretoursasso.fr\/wp-content\/uploads\/2025\/01\/\u5267\u71671-300x169.jpeg 300w, https:\/\/www.allersretoursasso.fr\/wp-content\/uploads\/2025\/01\/\u5267\u71671-768x432.jpeg 768w, https:\/\/www.allersretoursasso.fr\/wp-content\/uploads\/2025\/01\/\u5267\u71671-1536x864.jpeg 1536w, https:\/\/www.allersretoursasso.fr\/wp-content\/uploads\/2025\/01\/\u5267\u71671-2048x1152.jpeg 2048w, https:\/\/www.allersretoursasso.fr\/wp-content\/uploads\/2025\/01\/\u5267\u71671-18x10.jpeg 18w, https:\/\/www.allersretoursasso.fr\/wp-content\/uploads\/2025\/01\/\u5267\u71671-350x197.jpeg 350w\" sizes=\"(max-width: 767px) 89vw, (max-width: 1000px) 54vw, (max-width: 1071px) 543px, 580px\" \/><\/figure>\n<\/figure>\n\n\n\n<figure class=\"wp-block-embed is-type-video is-provider-youtube wp-block-embed-youtube wp-embed-aspect-16-9 wp-has-aspect-ratio\"><div class=\"wp-block-embed__wrapper\">\n<iframe loading=\"lazy\" title=\"The Absent\" width=\"525\" height=\"295\" src=\"https:\/\/www.youtube.com\/embed\/-H93vshXjeU?feature=oembed\" frameborder=\"0\" allow=\"accelerometer; autoplay; clipboard-write; encrypted-media; gyroscope; picture-in-picture; web-share\" referrerpolicy=\"strict-origin-when-cross-origin\" allowfullscreen><\/iframe>\n<\/div><\/figure>\n\n\n\n<p><\/p>\n\n\n\n<div class=\"wp-block-columns is-layout-flex wp-container-core-columns-layout-1 wp-block-columns-is-layout-flex\">\n<div class=\"wp-block-column is-layout-flow wp-block-column-is-layout-flow\"><\/div>\n<\/div>\n\n\n\n<hr class=\"wp-block-separator has-alpha-channel-opacity\"\/>\n\n\n\n<div class=\"wp-block-columns is-layout-flex wp-container-core-columns-layout-2 wp-block-columns-is-layout-flex\">\n<div class=\"wp-block-column is-layout-flow wp-block-column-is-layout-flow\"><\/div>\n<\/div>\n\n\n\n<div class=\"wp-block-columns is-layout-flex wp-container-core-columns-layout-3 wp-block-columns-is-layout-flex\">\n<div class=\"wp-block-column is-layout-flow wp-block-column-is-layout-flow\" style=\"flex-basis:33.33%\">\n<figure class=\"wp-block-image size-large\"><img loading=\"lazy\" decoding=\"async\" width=\"1087\" height=\"1086\" src=\"https:\/\/www.allersretoursasso.fr\/wp-content\/uploads\/2025\/01\/10-LU-Dan-The-Absent-edited.jpeg\" alt=\"\" class=\"wp-image-5779\" srcset=\"https:\/\/www.allersretoursasso.fr\/wp-content\/uploads\/2025\/01\/10-LU-Dan-The-Absent-edited.jpeg 1087w, https:\/\/www.allersretoursasso.fr\/wp-content\/uploads\/2025\/01\/10-LU-Dan-The-Absent-edited-300x300.jpeg 300w, https:\/\/www.allersretoursasso.fr\/wp-content\/uploads\/2025\/01\/10-LU-Dan-The-Absent-edited-1024x1024.jpeg 1024w, https:\/\/www.allersretoursasso.fr\/wp-content\/uploads\/2025\/01\/10-LU-Dan-The-Absent-edited-150x150.jpeg 150w, https:\/\/www.allersretoursasso.fr\/wp-content\/uploads\/2025\/01\/10-LU-Dan-The-Absent-edited-768x767.jpeg 768w, https:\/\/www.allersretoursasso.fr\/wp-content\/uploads\/2025\/01\/10-LU-Dan-The-Absent-edited-12x12.jpeg 12w, https:\/\/www.allersretoursasso.fr\/wp-content\/uploads\/2025\/01\/10-LU-Dan-The-Absent-edited-100x100.jpeg 100w, https:\/\/www.allersretoursasso.fr\/wp-content\/uploads\/2025\/01\/10-LU-Dan-The-Absent-edited-350x350.jpeg 350w\" sizes=\"(max-width: 767px) 89vw, (max-width: 1000px) 54vw, (max-width: 1071px) 543px, 580px\" \/><\/figure>\n<\/div>\n\n\n\n<div class=\"wp-block-column is-layout-flow wp-block-column-is-layout-flow\" style=\"flex-basis:66.66%\">\n<p><strong><strong>\u00c0 propos de<\/strong> LU Dan<\/strong><\/p>\n\n\n\n<p class=\"has-small-font-size\"><\/p>\n<\/div>\n<\/div>\n\n\n\n<p class=\"has-small-font-size\"><\/p>\n\n\n\n<p style=\"font-size:14px\">Originaire de \u00dcr\u00fcmqi, au Xinjiang, LU Dan est dipl\u00f4m\u00e9e de l\u2019Universit\u00e9 de communication de Chine. Son enfance dans une r\u00e9gion riche de traditions culturelles nourrit son approche cin\u00e9matographique. Son film de fin d\u2019\u00e9tudes, <em>Le Papillon Paon<\/em>, a remport\u00e9 plusieurs prix nationaux. Avec <em>The Absent<\/em>, son premier long-m\u00e9trage, elle revient sur son rapport \u00e0 la terre natale pour \u00e9voquer avec sensibilit\u00e9 les d\u00e9fis d\u2019une g\u00e9n\u00e9ration en qu\u00eate de rep\u00e8res.<\/p>\n\n\n\n<p class=\"has-small-font-size\"><\/p>\n\n\n\n<p>\u9c81\u4e39\uff0c\u65b0\u7586\u4e4c\u9c81\u6728\u9f50\u4eba\uff0c\u6bd5\u4e1a\u4e8e\u4e2d\u56fd\u4f20\u5a92\u5927\u5b66\u3002\u5979\u72ec\u7acb\u62cd\u6444\u7684\u6bd5\u4e1a\u4f5c\u54c1\u300a\u5b54\u96c0\u8776\u300b\u66fe\u8363\u83b7\u56fd\u5185\u591a\u4e2a\u5956\u9879\u3002\u5979\u7684\u9996\u90e8\u957f\u7247\u300a\u51ac\u65c5\u4eba\u300b\u5b8c\u6210\u4e8e2024\u5e74\uff0c\u5165\u56f4\u7b2c26\u5c4a\u4e0a\u6d77\u56fd\u9645\u7535\u5f71\u8282\u3002<\/p>\n\n\n\n<p class=\"has-small-font-size\"><\/p>\n\n\n\n<hr class=\"wp-block-separator has-alpha-channel-opacity is-style-wide\"\/>\n\n\n\n<p class=\"has-small-font-size\"><\/p>\n\n\n\n<p class=\"has-text-align-center\"><\/p>\n\n\n\n<div class=\"wp-block-columns is-layout-flex wp-container-core-columns-layout-4 wp-block-columns-is-layout-flex\">\n<div class=\"wp-block-column is-layout-flow wp-block-column-is-layout-flow\">\n<div class=\"wp-block-buttons is-layout-flex wp-block-buttons-is-layout-flex\">\n<div class=\"wp-block-button has-custom-width wp-block-button__width-100 has-custom-font-size is-style-outline\" style=\"font-size:16px\"><a class=\"wp-block-button__link wp-element-button\" href=\"https:\/\/www.billetweb.fr\/far2025\" target=\"_blank\" rel=\"noreferrer noopener\">R\u00e9servez vos billets (Paris)<br>\u7ebf\u4e0a\u8d2d\u7968\uff08\u5df4\u9ece\uff09<\/a><\/div>\n<\/div>\n<\/div>\n<\/div>\n\n\n\n<div class=\"wp-block-columns is-layout-flex wp-container-core-columns-layout-5 wp-block-columns-is-layout-flex\">\n<div class=\"wp-block-column is-layout-flow wp-block-column-is-layout-flow\">\n<div class=\"wp-block-buttons is-layout-flex wp-block-buttons-is-layout-flex\">\n<div class=\"wp-block-button has-custom-width wp-block-button__width-100 has-custom-font-size is-style-outline\" style=\"font-size:16px\"><a class=\"wp-block-button__link wp-element-button\" href=\"https:\/\/www.cinema-arvor.fr\/evenement\/2175754-festival-allers-retours-semaine-chinoise\" target=\"_blank\" rel=\"noreferrer noopener\">R\u00e9servez vos billets (Rennes)<br>\u7ebf\u4e0a\u8d2d\u7968\uff08\u96f7\u6069\uff09<\/a><\/div>\n<\/div>\n<\/div>\n\n\n\n<div class=\"wp-block-column is-layout-flow wp-block-column-is-layout-flow\">\n<div class=\"wp-block-buttons is-layout-flex wp-block-buttons-is-layout-flex\">\n<div class=\"wp-block-button has-custom-width wp-block-button__width-100 has-custom-font-size is-style-outline\" style=\"font-size:16px\"><a class=\"wp-block-button__link wp-element-button\" href=\"https:\/\/www.billetweb.fr\/far2025-lyon\" target=\"_blank\" rel=\"noreferrer noopener\">R\u00e9servez vos billets (Lyon)<br>\u7ebf\u4e0a\u8d2d\u7968\uff08\u91cc\u6602\uff09<\/a><\/div>\n<\/div>\n<\/div>\n<\/div>\n\n\n\n<div class=\"wp-block-columns is-layout-flex wp-container-core-columns-layout-6 wp-block-columns-is-layout-flex\">\n<div class=\"wp-block-column is-layout-flow wp-block-column-is-layout-flow\" style=\"flex-basis:100%\">\n<p class=\"has-text-align-center\" style=\"font-size:18px\"><strong>Paris<\/strong><\/p>\n\n\n\n<p class=\"has-text-align-center\" style=\"font-size:16px\"><strong>Sam. 8 f\u00e9vrier \u00e0 14h<\/strong> au Mus\u00e9e Guimet<\/p>\n\n\n\n<p class=\"has-text-align-center\" style=\"font-size:18px\"><strong>Rennes<\/strong><\/p>\n\n\n\n<p class=\"has-text-align-center\" style=\"font-size:16px\"><strong>Sam. 1 f\u00e9vrier \u00e0 14h<\/strong> au Cin\u00e9ma l&#8217;Arvor<\/p>\n\n\n\n<p class=\"has-text-align-center\" style=\"font-size:18px\"><strong>Lyon<\/strong><\/p>\n\n\n\n<p class=\"has-text-align-center\" style=\"font-size:16px\"><strong>Sam. 15 f\u00e9vrier \u00e0 18h<\/strong> au Cin\u00e9ma Les Aliz\u00e9s<br><\/p>\n<\/div>\n<\/div>\n\n\n\n<div class=\"wp-block-cover is-light\" style=\"min-height:349px\"><span aria-hidden=\"true\" class=\"wp-block-cover__background has-white-background-color has-background-dim\"><\/span><div class=\"wp-block-cover__inner-container is-layout-flow wp-block-cover-is-layout-flow\">\n<div class=\"wp-block-group is-layout-flow wp-block-group-is-layout-flow\"><div class=\"wp-block-group__inner-container\">\n<figure class=\"wp-block-image size-large\"><a href=\"https:\/\/www.allersretoursasso.fr\/zh\/annee-festival-2025\/\" target=\"_blank\" rel=\"noreferrer noopener\"><img loading=\"lazy\" decoding=\"async\" width=\"1024\" height=\"342\" src=\"https:\/\/www.allersretoursasso.fr\/wp-content\/uploads\/2025\/01\/Twitter-banner-copy-1024x342.png\" alt=\"\" class=\"wp-image-5568\" srcset=\"https:\/\/www.allersretoursasso.fr\/wp-content\/uploads\/2025\/01\/Twitter-banner-copy-1024x342.png 1024w, https:\/\/www.allersretoursasso.fr\/wp-content\/uploads\/2025\/01\/Twitter-banner-copy-300x100.png 300w, https:\/\/www.allersretoursasso.fr\/wp-content\/uploads\/2025\/01\/Twitter-banner-copy-768x256.png 768w, https:\/\/www.allersretoursasso.fr\/wp-content\/uploads\/2025\/01\/Twitter-banner-copy-18x6.png 18w, https:\/\/www.allersretoursasso.fr\/wp-content\/uploads\/2025\/01\/Twitter-banner-copy-350x117.png 350w, https:\/\/www.allersretoursasso.fr\/wp-content\/uploads\/2025\/01\/Twitter-banner-copy.png 1501w\" sizes=\"(max-width: 767px) 89vw, (max-width: 1000px) 54vw, (max-width: 1071px) 543px, 580px\" \/><\/a><\/figure>\n<\/div><\/div>\n<\/div><\/div>\n\n\n\n<div class=\"wp-block-group is-layout-flow wp-block-group-is-layout-flow\"><div class=\"wp-block-group__inner-container\">\n<p class=\"has-text-align-center\" style=\"font-size:15px\"><\/p>\n<\/div><\/div>\n\n\n\n<p class=\"has-text-align-center has-white-color has-text-color\" style=\"font-size:15px\"> 19h45 aux Ursuline<\/p>\n\n\n\n<p class=\"has-text-align-center has-white-color has-text-color\" style=\"font-size:15px\">06 octobre \u00e0 19h45 aux Ursulines<\/p>","protected":false},"excerpt":{"rendered":"<p>2024 \/ 90\u2019 \/ Mandarin, Russe, Tatare, Kazakh \/ VOSTF \/ Fiction S\u00e9lectionn\u00e9 aux \u201cnouveaux talents asiatiques\u201d du Festival international du film de Shanghai Dans un petit village enneig\u00e9 au Xinjiang, Ivan, un jeune photographe de l\u2019ethnie russe, retourne chez lui apr\u00e8s des ann\u00e9es d\u2019absence. Fuyant les tensions familiales, il s\u2019installe dans un h\u00f4tel local &hellip; <\/p>\n<p class=\"link-more\"><a href=\"https:\/\/www.allersretoursasso.fr\/zh\/festival2025-the-absent\/\" class=\"more-link\">\u7ee7\u7eed\u9605\u8bfb<span class=\"screen-reader-text\">\u201cFestival Allers-Retours 2025 &#8211; The Absent\u201d<\/span><\/a><\/p>","protected":false},"author":5,"featured_media":0,"parent":0,"menu_order":0,"comment_status":"closed","ping_status":"closed","template":"","meta":{"footnotes":""},"_links":{"self":[{"href":"https:\/\/www.allersretoursasso.fr\/zh\/wp-json\/wp\/v2\/pages\/5767"}],"collection":[{"href":"https:\/\/www.allersretoursasso.fr\/zh\/wp-json\/wp\/v2\/pages"}],"about":[{"href":"https:\/\/www.allersretoursasso.fr\/zh\/wp-json\/wp\/v2\/types\/page"}],"author":[{"embeddable":true,"href":"https:\/\/www.allersretoursasso.fr\/zh\/wp-json\/wp\/v2\/users\/5"}],"replies":[{"embeddable":true,"href":"https:\/\/www.allersretoursasso.fr\/zh\/wp-json\/wp\/v2\/comments?post=5767"}],"version-history":[{"count":7,"href":"https:\/\/www.allersretoursasso.fr\/zh\/wp-json\/wp\/v2\/pages\/5767\/revisions"}],"predecessor-version":[{"id":6149,"href":"https:\/\/www.allersretoursasso.fr\/zh\/wp-json\/wp\/v2\/pages\/5767\/revisions\/6149"}],"wp:attachment":[{"href":"https:\/\/www.allersretoursasso.fr\/zh\/wp-json\/wp\/v2\/media?parent=5767"}],"curies":[{"name":"wp","href":"https:\/\/api.w.org\/{rel}","templated":true}]}}