{"id":5780,"date":"2025-01-03T22:51:09","date_gmt":"2025-01-03T21:51:09","guid":{"rendered":"https:\/\/www.allersretoursasso.fr\/?page_id=5780"},"modified":"2025-01-15T12:20:23","modified_gmt":"2025-01-15T11:20:23","slug":"festival2025-en-garde","status":"publish","type":"page","link":"https:\/\/www.allersretoursasso.fr\/zh\/festival2025-en-garde\/","title":{"rendered":"Festival Allers-Retours 2025  &#8211; En Garde (Pierce)"},"content":{"rendered":"<div id=\"fb-root\"><\/div>\n\n<div class=\"wp-block-media-text alignwide is-stacked-on-mobile\" style=\"grid-template-columns:41% auto\"><figure class=\"wp-block-media-text__media\"><img loading=\"lazy\" decoding=\"async\" width=\"1024\" height=\"682\" src=\"https:\/\/www.allersretoursasso.fr\/wp-content\/uploads\/2025\/01\/12-EN_GARDE_Outplayfilms_01-1024x682.jpeg\" alt=\"\" class=\"wp-image-5784 size-full\" srcset=\"https:\/\/www.allersretoursasso.fr\/wp-content\/uploads\/2025\/01\/12-EN_GARDE_Outplayfilms_01-1024x682.jpeg 1024w, https:\/\/www.allersretoursasso.fr\/wp-content\/uploads\/2025\/01\/12-EN_GARDE_Outplayfilms_01-300x200.jpeg 300w, https:\/\/www.allersretoursasso.fr\/wp-content\/uploads\/2025\/01\/12-EN_GARDE_Outplayfilms_01-768x512.jpeg 768w, https:\/\/www.allersretoursasso.fr\/wp-content\/uploads\/2025\/01\/12-EN_GARDE_Outplayfilms_01-1536x1024.jpeg 1536w, https:\/\/www.allersretoursasso.fr\/wp-content\/uploads\/2025\/01\/12-EN_GARDE_Outplayfilms_01-2048x1365.jpeg 2048w, https:\/\/www.allersretoursasso.fr\/wp-content\/uploads\/2025\/01\/12-EN_GARDE_Outplayfilms_01-18x12.jpeg 18w, https:\/\/www.allersretoursasso.fr\/wp-content\/uploads\/2025\/01\/12-EN_GARDE_Outplayfilms_01-350x233.jpeg 350w, https:\/\/www.allersretoursasso.fr\/wp-content\/uploads\/2025\/01\/12-EN_GARDE_Outplayfilms_01-272x182.jpeg 272w\" sizes=\"(max-width: 767px) 89vw, (max-width: 1000px) 54vw, (max-width: 1071px) 543px, 580px\" \/><\/figure><div class=\"wp-block-media-text__content\">\n<div class=\"wp-block-group is-layout-flow wp-block-group-is-layout-flow\"><div class=\"wp-block-group__inner-container\">\n<div class=\"wp-block-group is-vertical is-layout-flex wp-container-core-group-layout-4 wp-block-group-is-layout-flex\">\n<div class=\"wp-block-group is-layout-flow wp-block-group-is-layout-flow\"><div class=\"wp-block-group__inner-container\">\n<div class=\"wp-block-group is-layout-flow wp-block-group-is-layout-flow\"><div class=\"wp-block-group__inner-container\">\n<div class=\"wp-block-group is-layout-flow wp-block-group-is-layout-flow\"><div class=\"wp-block-group__inner-container\">\n<p><\/p>\n\n\n\n<p style=\"font-size:30px;font-style:normal;font-weight:500\"><em><strong>En Garde (Pierce)<\/strong><\/em><\/p>\n\n\n\n<p style=\"font-size:30px;font-style:normal;font-weight:500\">\u523a\u5fc3\u5207\u9aa8<\/p>\n\n\n\n<p class=\"has-medium-font-size\">Nelicia LOW<\/p>\n\n\n\n<p class=\"has-medium-font-size\">\u5218\u6167\u4f36<\/p>\n\n\n\n<p class=\"has-small-font-size\"><a href=\"https:\/\/www.allersretoursasso.fr\/zh\/annee-festival-2025\/\" target=\"_blank\" rel=\"noreferrer noopener\">\u00c9dition 2025<\/a><\/p>\n\n\n\n<p style=\"font-size:10px\"><\/p>\n<\/div><\/div>\n\n\n\n<p class=\"has-text-align-center\"><\/p>\n<\/div><\/div>\n<\/div><\/div>\n<\/div>\n<\/div><\/div>\n<\/div><\/div>\n\n\n\n<p class=\"has-text-align-center has-small-font-size\"><em>2024 \/ 109\u2019 \/ Mandarin \/ VOSTF \/ Fiction<\/em><\/p>\n\n\n\n<p class=\"has-text-align-center\" style=\"font-size:14px\"><em>Prix de la meilleure r\u00e9alisation aux 58e Karlovy Vary International Film Festival<\/em><\/p>\n\n\n\n<p style=\"font-size:16px\">Un jeune escrimeur choisit de reprendre contact avec son fr\u00e8re et d\u2019aider celui-ci \u00e0 sa sortie de prison. Il d\u00e9fie alors la volont\u00e9 de sa m\u00e8re, d\u00e9cid\u00e9e \u00e0 le couper de ce pass\u00e9 traumatique.<\/p>\n\n\n\n<p style=\"font-size:16px\"><em>En combinant la th\u00e9matique de la d\u00e9couverte de la sexualit\u00e9 et une atmosph\u00e8re de thriller psychologique, Nelicia LOW cr\u00e9e une \u0153uvre soucieuse d\u2019un certain portrait de l\u2019adolescence, en m\u00eame temps qu\u2019une intrigue haletante.<\/em><\/p>\n\n\n\n<p><\/p>\n\n\n\n<p class=\"has-text-align-center\"><em>2024 \/ 109\u2019 \/ \u666e\u901a\u8bdd \/ \u539f\u58f0\u6cd5\u8bed\u5b57\u5e55 \/ \u5267\u60c5<\/em><\/p>\n\n\n\n<p>\u51fb\u5251\u51a0\u519b\u6e29\u5b50\u6db5\u56e0\u8d5b\u573a\u6740\u4eba\u6848\u5165\u72f1\u4e03\u5e74\u3002\u51fa\u72f1\u540e\uff0c\u4ed6\u4e0e\u5f1f\u5f1f\u6e29\u5b50\u6ed0\u91cd\u9022\u3002\u5b50\u6ed0\u4e0d\u987e\u6bcd\u4eb2\u53cd\u5bf9\uff0c\u79d8\u5bc6\u4e0e\u54e5\u54e5\u5f80\u6765\uff0c\u5e76\u63a5\u53d7\u4ed6\u7684\u51fb\u5251\u6307\u5bfc\u3002\u968f\u7740\u65f6\u95f4\u63a8\u79fb\uff0c\u5b50\u6ed0\u9010\u6e10\u5bf9\u54e5\u54e5\u5f53\u5e74\u4e8b\u4ef6\u7684\u771f\u76f8\u4ea7<br>\u751f\u6000\u7591\u3002\u5144\u5f1f\u4e8c\u4eba\u5728\u4fe1\u4efb\u4e0e\u80cc\u53db\u4e2d\u62c9\u626f\uff0c\u63ed\u5f00\u4e86\u6df1\u57cb\u591a\u5e74\u7684\u521b\u4f24\u3002<\/p>\n\n\n\n<p><em>\u5218\u6167\u4f36\u5bfc\u6f14\u7684\u9996\u90e8\u957f\u7247\u53d6\u6750\u4e8e\u53f0\u5317\u771f\u5b9e\u4e8b\u4ef6\uff0c\u8fd9\u90e8\u957f\u7247\u6709\u5bf9\u6027\u542f\u8499\u4e3b\u9898\u7684\u63a2\u7d22\u5c1d\u8bd5\uff0c\u662f\u4e00\u90e8\u65e2\u523b\u753b\u9752\u6625\u671f\u9c9c\u660e\u5f62\u8c61\uff0c\u53c8\u5448\u73b0\u6263\u4eba\u5fc3\u5f26\u60c5\u8282\u7684\u4f5c\u54c1\u3002<\/em><\/p>\n\n\n\n<p style=\"font-size:16px\"><br><\/p>\n\n\n\n<figure class=\"wp-block-gallery has-nested-images columns-default is-cropped wp-block-gallery-1 is-layout-flex wp-block-gallery-is-layout-flex\">\n<figure class=\"wp-block-image size-large\"><img loading=\"lazy\" decoding=\"async\" width=\"1024\" height=\"682\" data-id=\"5784\" src=\"https:\/\/www.allersretoursasso.fr\/wp-content\/uploads\/2025\/01\/12-EN_GARDE_Outplayfilms_01-1024x682.jpeg\" alt=\"\" class=\"wp-image-5784\" srcset=\"https:\/\/www.allersretoursasso.fr\/wp-content\/uploads\/2025\/01\/12-EN_GARDE_Outplayfilms_01-1024x682.jpeg 1024w, https:\/\/www.allersretoursasso.fr\/wp-content\/uploads\/2025\/01\/12-EN_GARDE_Outplayfilms_01-300x200.jpeg 300w, https:\/\/www.allersretoursasso.fr\/wp-content\/uploads\/2025\/01\/12-EN_GARDE_Outplayfilms_01-768x512.jpeg 768w, https:\/\/www.allersretoursasso.fr\/wp-content\/uploads\/2025\/01\/12-EN_GARDE_Outplayfilms_01-1536x1024.jpeg 1536w, https:\/\/www.allersretoursasso.fr\/wp-content\/uploads\/2025\/01\/12-EN_GARDE_Outplayfilms_01-2048x1365.jpeg 2048w, https:\/\/www.allersretoursasso.fr\/wp-content\/uploads\/2025\/01\/12-EN_GARDE_Outplayfilms_01-18x12.jpeg 18w, https:\/\/www.allersretoursasso.fr\/wp-content\/uploads\/2025\/01\/12-EN_GARDE_Outplayfilms_01-350x233.jpeg 350w, https:\/\/www.allersretoursasso.fr\/wp-content\/uploads\/2025\/01\/12-EN_GARDE_Outplayfilms_01-272x182.jpeg 272w\" sizes=\"(max-width: 767px) 89vw, (max-width: 1000px) 54vw, (max-width: 1071px) 543px, 580px\" \/><\/figure>\n\n\n\n<figure class=\"wp-block-image size-large\"><img loading=\"lazy\" decoding=\"async\" width=\"1024\" height=\"683\" data-id=\"5785\" src=\"https:\/\/www.allersretoursasso.fr\/wp-content\/uploads\/2025\/01\/12-EN_GARDE_Outplayfilms_02-1024x683.jpg\" alt=\"\" class=\"wp-image-5785\" srcset=\"https:\/\/www.allersretoursasso.fr\/wp-content\/uploads\/2025\/01\/12-EN_GARDE_Outplayfilms_02-1024x683.jpg 1024w, https:\/\/www.allersretoursasso.fr\/wp-content\/uploads\/2025\/01\/12-EN_GARDE_Outplayfilms_02-300x200.jpg 300w, https:\/\/www.allersretoursasso.fr\/wp-content\/uploads\/2025\/01\/12-EN_GARDE_Outplayfilms_02-768x512.jpg 768w, https:\/\/www.allersretoursasso.fr\/wp-content\/uploads\/2025\/01\/12-EN_GARDE_Outplayfilms_02-1536x1024.jpg 1536w, https:\/\/www.allersretoursasso.fr\/wp-content\/uploads\/2025\/01\/12-EN_GARDE_Outplayfilms_02-2048x1365.jpg 2048w, https:\/\/www.allersretoursasso.fr\/wp-content\/uploads\/2025\/01\/12-EN_GARDE_Outplayfilms_02-18x12.jpg 18w, https:\/\/www.allersretoursasso.fr\/wp-content\/uploads\/2025\/01\/12-EN_GARDE_Outplayfilms_02-350x233.jpg 350w, https:\/\/www.allersretoursasso.fr\/wp-content\/uploads\/2025\/01\/12-EN_GARDE_Outplayfilms_02-272x182.jpg 272w\" sizes=\"(max-width: 767px) 89vw, (max-width: 1000px) 54vw, (max-width: 1071px) 543px, 580px\" \/><\/figure>\n<\/figure>\n\n\n\n<figure class=\"wp-block-embed is-type-video is-provider-youtube wp-block-embed-youtube wp-embed-aspect-16-9 wp-has-aspect-ratio\"><div class=\"wp-block-embed__wrapper\">\n<iframe loading=\"lazy\" title=\"En Garde\" width=\"525\" height=\"295\" src=\"https:\/\/www.youtube.com\/embed\/j7Ep7DsnV5E?feature=oembed\" frameborder=\"0\" allow=\"accelerometer; autoplay; clipboard-write; encrypted-media; gyroscope; picture-in-picture; web-share\" referrerpolicy=\"strict-origin-when-cross-origin\" allowfullscreen><\/iframe>\n<\/div><\/figure>\n\n\n\n<p><\/p>\n\n\n\n<div class=\"wp-block-columns is-layout-flex wp-container-core-columns-layout-1 wp-block-columns-is-layout-flex\">\n<div class=\"wp-block-column is-layout-flow wp-block-column-is-layout-flow\"><\/div>\n<\/div>\n\n\n\n<hr class=\"wp-block-separator has-alpha-channel-opacity\"\/>\n\n\n\n<div class=\"wp-block-columns is-layout-flex wp-container-core-columns-layout-2 wp-block-columns-is-layout-flex\">\n<div class=\"wp-block-column is-layout-flow wp-block-column-is-layout-flow\"><\/div>\n<\/div>\n\n\n\n<div class=\"wp-block-columns is-layout-flex wp-container-core-columns-layout-3 wp-block-columns-is-layout-flex\">\n<div class=\"wp-block-column is-layout-flow wp-block-column-is-layout-flow\" style=\"flex-basis:33.33%\">\n<figure class=\"wp-block-image size-full\"><img loading=\"lazy\" decoding=\"async\" width=\"411\" height=\"411\" src=\"https:\/\/www.allersretoursasso.fr\/wp-content\/uploads\/2025\/01\/photo-real-Nelicia-LOW-edited.jpg\" alt=\"\" class=\"wp-image-5787\" srcset=\"https:\/\/www.allersretoursasso.fr\/wp-content\/uploads\/2025\/01\/photo-real-Nelicia-LOW-edited.jpg 411w, https:\/\/www.allersretoursasso.fr\/wp-content\/uploads\/2025\/01\/photo-real-Nelicia-LOW-edited-300x300.jpg 300w, https:\/\/www.allersretoursasso.fr\/wp-content\/uploads\/2025\/01\/photo-real-Nelicia-LOW-edited-150x150.jpg 150w, https:\/\/www.allersretoursasso.fr\/wp-content\/uploads\/2025\/01\/photo-real-Nelicia-LOW-edited-12x12.jpg 12w, https:\/\/www.allersretoursasso.fr\/wp-content\/uploads\/2025\/01\/photo-real-Nelicia-LOW-edited-100x100.jpg 100w, https:\/\/www.allersretoursasso.fr\/wp-content\/uploads\/2025\/01\/photo-real-Nelicia-LOW-edited-350x350.jpg 350w\" sizes=\"(max-width: 411px) 100vw, 411px\" \/><\/figure>\n<\/div>\n\n\n\n<div class=\"wp-block-column is-layout-flow wp-block-column-is-layout-flow\" style=\"flex-basis:66.66%\">\n<p><strong><strong>\u00c0 propos de<\/strong> Nelicia LOW<\/strong><\/p>\n\n\n\n<p class=\"has-small-font-size\"><\/p>\n<\/div>\n<\/div>\n\n\n\n<p class=\"has-small-font-size\"><\/p>\n\n\n\n<p style=\"font-size:14px\">Nelicia LOW est une r\u00e9alisatrice singapourienne et ancienne championne nationale d\u2019escrime. Apr\u00e8s avoir repr\u00e9sent\u00e9 Singapour aux jeux asiatiques de 2010, LOW a obtenu son dipl\u00f4me de r\u00e9alisation \u00e0 l\u2019universit\u00e9 de Columbia et a r\u00e9alis\u00e9 plusieurs courts-m\u00e9trages. <em>Pierce<\/em>, ou <em>En Garde<\/em> en fran\u00e7ais, est son premier long-m\u00e9trage.<\/p>\n\n\n\n<p class=\"has-small-font-size\"><\/p>\n\n\n\n<p>\u5218\u6167\u4f36\uff0c\u65b0\u52a0\u5761\u5bfc\u6f14\uff0c\u524d\u65b0\u52a0\u5761\u56fd\u5bb6\u51fb\u5251\u961f\u961f\u5458\u30022018\u5e74\uff0c\u5979\u83b7\u5f97\u54e5\u4f26\u6bd4\u4e9a\u5927\u5b66\u7535\u5f71\u5bfc\u6f14\u7855\u58eb\u5b66\u4f4d\u3002\u5979\u7684\u7b2c\u4e8c\u90e8\u77ed\u7247Freeze\u66fe\u5728\u53f0\u5317\u91d1\u9a6c\u56fd\u9645\u7535\u5f71\u8282\u3001\u91dc\u5c71\u56fd\u9645\u77ed\u7247\u7535\u5f71\u8282\u7b49\u8d85\u8fc770\u4e2a\u56fd\u9645\u7535\u5f71\u8282\u5c55\u6620\u3002<\/p>\n\n\n\n<p class=\"has-small-font-size\"><\/p>\n\n\n\n<hr class=\"wp-block-separator has-alpha-channel-opacity is-style-wide\"\/>\n\n\n\n<div class=\"wp-block-columns is-layout-flex wp-container-core-columns-layout-4 wp-block-columns-is-layout-flex\">\n<div class=\"wp-block-column is-layout-flow wp-block-column-is-layout-flow\"><\/div>\n<\/div>\n\n\n\n<p class=\"has-text-align-center\"><\/p>\n\n\n\n<div class=\"wp-block-columns is-layout-flex wp-container-core-columns-layout-6 wp-block-columns-is-layout-flex\">\n<div class=\"wp-block-column is-layout-flow wp-block-column-is-layout-flow\" style=\"flex-basis:100%\">\n<div class=\"wp-block-columns is-layout-flex wp-container-core-columns-layout-5 wp-block-columns-is-layout-flex\">\n<div class=\"wp-block-column is-layout-flow wp-block-column-is-layout-flow\" style=\"flex-basis:50%\">\n<div class=\"wp-block-buttons is-content-justification-center is-layout-flex wp-container-core-buttons-layout-1 wp-block-buttons-is-layout-flex\">\n<div class=\"wp-block-button has-custom-width wp-block-button__width-100 has-custom-font-size is-style-outline\" style=\"font-size:16px\"><a class=\"wp-block-button__link has-black-color has-white-background-color has-text-color has-background wp-element-button\" href=\"https:\/\/www.billetweb.fr\/far2025\" target=\"_blank\" rel=\"noreferrer noopener\">R\u00e9servez vos billets (Paris)<br>\u7ebf\u4e0a\u8d2d\u7968\uff08\u5df4\u9ece\uff09<\/a><\/div>\n<\/div>\n<\/div>\n\n\n\n<div class=\"wp-block-column is-layout-flow wp-block-column-is-layout-flow\" style=\"flex-basis:50%\">\n<div class=\"wp-block-buttons is-content-justification-center is-layout-flex wp-container-core-buttons-layout-2 wp-block-buttons-is-layout-flex\">\n<div class=\"wp-block-button has-custom-width wp-block-button__width-100 has-custom-font-size is-style-outline\" style=\"font-size:16px\"><a class=\"wp-block-button__link has-black-color has-white-background-color has-text-color has-background wp-element-button\" href=\"https:\/\/www.billetweb.fr\/far2025-lyon\" target=\"_blank\" rel=\"noreferrer noopener\">R\u00e9servez vos billets (Lyon)<br>\u7ebf\u4e0a\u8d2d\u7968\uff08\u91cc\u6602\uff09<\/a><\/div>\n<\/div>\n<\/div>\n<\/div>\n<\/div>\n<\/div>\n\n\n\n<p class=\"has-text-align-center\" style=\"font-size:18px\"><strong>Paris<\/strong><\/p>\n\n\n\n<p class=\"has-text-align-center\" style=\"font-size:16px\"><strong>Dim. 9 f\u00e9vrier \u00e0 20h <\/strong>au&nbsp;Path\u00e9 Les Fauvettes<\/p>\n\n\n\n<p class=\"has-text-align-center\" style=\"font-size:18px\"><strong>Lyon<\/strong><\/p>\n\n\n\n<p class=\"has-text-align-center\" style=\"font-size:16px\"><strong>Jeu. 20 f\u00e9vrier \u00e0 20h00 <\/strong>au&nbsp;Cin\u00e9ma Les Aliz\u00e9s<\/p>\n\n\n\n<p><\/p>\n\n\n\n<div class=\"wp-block-cover is-light\" style=\"min-height:349px\"><span aria-hidden=\"true\" class=\"wp-block-cover__background has-white-background-color has-background-dim\"><\/span><div class=\"wp-block-cover__inner-container is-layout-flow wp-block-cover-is-layout-flow\">\n<div class=\"wp-block-group is-layout-flow wp-block-group-is-layout-flow\"><div class=\"wp-block-group__inner-container\">\n<figure class=\"wp-block-image size-large\"><a href=\"https:\/\/www.allersretoursasso.fr\/zh\/annee-festival-2025\/\" target=\"_blank\" rel=\"noreferrer noopener\"><img loading=\"lazy\" decoding=\"async\" width=\"1024\" height=\"342\" src=\"https:\/\/www.allersretoursasso.fr\/wp-content\/uploads\/2025\/01\/Twitter-banner-copy-1024x342.png\" alt=\"\" class=\"wp-image-5568\" srcset=\"https:\/\/www.allersretoursasso.fr\/wp-content\/uploads\/2025\/01\/Twitter-banner-copy-1024x342.png 1024w, https:\/\/www.allersretoursasso.fr\/wp-content\/uploads\/2025\/01\/Twitter-banner-copy-300x100.png 300w, https:\/\/www.allersretoursasso.fr\/wp-content\/uploads\/2025\/01\/Twitter-banner-copy-768x256.png 768w, https:\/\/www.allersretoursasso.fr\/wp-content\/uploads\/2025\/01\/Twitter-banner-copy-18x6.png 18w, https:\/\/www.allersretoursasso.fr\/wp-content\/uploads\/2025\/01\/Twitter-banner-copy-350x117.png 350w, https:\/\/www.allersretoursasso.fr\/wp-content\/uploads\/2025\/01\/Twitter-banner-copy.png 1501w\" sizes=\"(max-width: 767px) 89vw, (max-width: 1000px) 54vw, (max-width: 1071px) 543px, 580px\" \/><\/a><\/figure>\n<\/div><\/div>\n<\/div><\/div>\n\n\n\n<div class=\"wp-block-group is-layout-flow wp-block-group-is-layout-flow\"><div class=\"wp-block-group__inner-container\">\n<p class=\"has-text-align-center\" style=\"font-size:15px\"><\/p>\n<\/div><\/div>\n\n\n\n<p class=\"has-text-align-center has-white-color has-text-color\" style=\"font-size:15px\"> 19h45 aux Ursuline<\/p>\n\n\n\n<p class=\"has-text-align-center has-white-color has-text-color\" style=\"font-size:15px\">06 octobre \u00e0 19h45 aux Ursulines<\/p>","protected":false},"excerpt":{"rendered":"<p>2024 \/ 109\u2019 \/ Mandarin \/ VOSTF \/ Fiction Prix de la meilleure r\u00e9alisation aux 58e Karlovy Vary International Film Festival Un jeune escrimeur choisit de reprendre contact avec son fr\u00e8re et d\u2019aider celui-ci \u00e0 sa sortie de prison. Il d\u00e9fie alors la volont\u00e9 de sa m\u00e8re, d\u00e9cid\u00e9e \u00e0 le couper de ce pass\u00e9 traumatique. &hellip; <\/p>\n<p class=\"link-more\"><a href=\"https:\/\/www.allersretoursasso.fr\/zh\/festival2025-en-garde\/\" class=\"more-link\">\u7ee7\u7eed\u9605\u8bfb<span class=\"screen-reader-text\">\u201cFestival Allers-Retours 2025  &#8211; En Garde (Pierce)\u201d<\/span><\/a><\/p>","protected":false},"author":17,"featured_media":0,"parent":0,"menu_order":0,"comment_status":"closed","ping_status":"closed","template":"","meta":{"footnotes":""},"_links":{"self":[{"href":"https:\/\/www.allersretoursasso.fr\/zh\/wp-json\/wp\/v2\/pages\/5780"}],"collection":[{"href":"https:\/\/www.allersretoursasso.fr\/zh\/wp-json\/wp\/v2\/pages"}],"about":[{"href":"https:\/\/www.allersretoursasso.fr\/zh\/wp-json\/wp\/v2\/types\/page"}],"author":[{"embeddable":true,"href":"https:\/\/www.allersretoursasso.fr\/zh\/wp-json\/wp\/v2\/users\/17"}],"replies":[{"embeddable":true,"href":"https:\/\/www.allersretoursasso.fr\/zh\/wp-json\/wp\/v2\/comments?post=5780"}],"version-history":[{"count":9,"href":"https:\/\/www.allersretoursasso.fr\/zh\/wp-json\/wp\/v2\/pages\/5780\/revisions"}],"predecessor-version":[{"id":6140,"href":"https:\/\/www.allersretoursasso.fr\/zh\/wp-json\/wp\/v2\/pages\/5780\/revisions\/6140"}],"wp:attachment":[{"href":"https:\/\/www.allersretoursasso.fr\/zh\/wp-json\/wp\/v2\/media?parent=5780"}],"curies":[{"name":"wp","href":"https:\/\/api.w.org\/{rel}","templated":true}]}}