{"id":5791,"date":"2025-01-03T22:59:45","date_gmt":"2025-01-03T21:59:45","guid":{"rendered":"https:\/\/www.allersretoursasso.fr\/?page_id=5791"},"modified":"2025-02-05T09:25:53","modified_gmt":"2025-02-05T08:25:53","slug":"festival2025-frankenfish-by-the-river","status":"publish","type":"page","link":"https:\/\/www.allersretoursasso.fr\/zh\/festival2025-frankenfish-by-the-river\/","title":{"rendered":"Festival Allers-Retours 2025  &#8211; Frankenfish by the River"},"content":{"rendered":"<div id=\"fb-root\"><\/div>\n\n<div class=\"wp-block-media-text alignwide is-stacked-on-mobile\" style=\"grid-template-columns:41% auto\"><figure class=\"wp-block-media-text__media\"><img loading=\"lazy\" decoding=\"async\" width=\"691\" height=\"1024\" src=\"https:\/\/www.allersretoursasso.fr\/wp-content\/uploads\/2025\/01\/\u9c7c\u602a\u6d77\u62a5_-691x1024.jpg\" alt=\"\" class=\"wp-image-5793 size-full\" srcset=\"https:\/\/www.allersretoursasso.fr\/wp-content\/uploads\/2025\/01\/\u9c7c\u602a\u6d77\u62a5_-691x1024.jpg 691w, https:\/\/www.allersretoursasso.fr\/wp-content\/uploads\/2025\/01\/\u9c7c\u602a\u6d77\u62a5_-203x300.jpg 203w, https:\/\/www.allersretoursasso.fr\/wp-content\/uploads\/2025\/01\/\u9c7c\u602a\u6d77\u62a5_-768x1138.jpg 768w, https:\/\/www.allersretoursasso.fr\/wp-content\/uploads\/2025\/01\/\u9c7c\u602a\u6d77\u62a5_-1037x1536.jpg 1037w, https:\/\/www.allersretoursasso.fr\/wp-content\/uploads\/2025\/01\/\u9c7c\u602a\u6d77\u62a5_-1382x2048.jpg 1382w, https:\/\/www.allersretoursasso.fr\/wp-content\/uploads\/2025\/01\/\u9c7c\u602a\u6d77\u62a5_-8x12.jpg 8w, https:\/\/www.allersretoursasso.fr\/wp-content\/uploads\/2025\/01\/\u9c7c\u602a\u6d77\u62a5_-350x519.jpg 350w, https:\/\/www.allersretoursasso.fr\/wp-content\/uploads\/2025\/01\/\u9c7c\u602a\u6d77\u62a5_-scaled.jpg 1728w\" sizes=\"(max-width: 691px) 100vw, 691px\" \/><\/figure><div class=\"wp-block-media-text__content\">\n<div class=\"wp-block-group is-layout-flow wp-block-group-is-layout-flow\"><div class=\"wp-block-group__inner-container\">\n<div class=\"wp-block-group is-vertical is-layout-flex wp-container-core-group-layout-4 wp-block-group-is-layout-flex\">\n<div class=\"wp-block-group is-layout-flow wp-block-group-is-layout-flow\"><div class=\"wp-block-group__inner-container\">\n<div class=\"wp-block-group is-layout-flow wp-block-group-is-layout-flow\"><div class=\"wp-block-group__inner-container\">\n<div class=\"wp-block-group is-layout-flow wp-block-group-is-layout-flow\"><div class=\"wp-block-group__inner-container\">\n<p><\/p>\n\n\n\n<p style=\"font-size:30px;font-style:normal;font-weight:500\"><em><strong>Frankenfish by the River<\/strong><\/em><\/p>\n\n\n\n<p style=\"font-size:30px;font-style:normal;font-weight:500\">\u6211\u4eec\u5728\u6cb3\u7554\u5e0c\u671b\u88ab\u9c7c\u602a\u5403\u6389<\/p>\n\n\n\n<p class=\"has-medium-font-size\">CHEN Yusha<\/p>\n\n\n\n<p class=\"has-medium-font-size\">\u9648\u8bed\u6c99<\/p>\n\n\n\n<p class=\"has-small-font-size\"><a href=\"https:\/\/www.allersretoursasso.fr\/zh\/annee-festival-2025\/\" target=\"_blank\" rel=\"noreferrer noopener\">\u00c9dition 2025<\/a><\/p>\n\n\n\n<p style=\"font-size:10px\"><\/p>\n<\/div><\/div>\n\n\n\n<p class=\"has-text-align-center\"><\/p>\n\n\n\n<p class=\"has-text-align-left\" style=\"font-size:15px\"><\/p>\n<\/div><\/div>\n<\/div><\/div>\n<\/div>\n<\/div><\/div>\n<\/div><\/div>\n\n\n\n<h2 class=\"wp-block-heading\"><\/h2>\n\n\n\n<p class=\"has-text-align-center\" style=\"font-size:14px\"><em>2024 \/ 90\u2019 \/ Mandarin, Dialecte de Sichuan \/ VOSTF \/ Fiction<\/em><\/p>\n\n\n\n<p class=\"has-text-align-center\" style=\"font-size:14px\"><em>Nomm\u00e9 au Festival FIRST 2024<\/em><\/p>\n\n\n\n<p style=\"font-size:16px\">Tromp\u00e9e par son partenaire, Jia Jia, aspirante actrice, retourne dans sa ville natale et retrouve ses amis Han Ling et You Wei.&nbsp;&nbsp;Le temps d&#8217;un \u00e9t\u00e9, les jeunes adultes se confrontent \u00e0 l&#8217;\u00e9volution des sentiments et au passage du temps \u00e0 travers ces retrouvailles dans la folie de la vie citadine.&nbsp;<\/p>\n\n\n\n<p style=\"font-size:16px\"><em>R\u00eaverie sentimentale, parfois \u00e0 la limite du fantastique, avec des interm\u00e8des anim\u00e9s, ce premier long-m\u00e9trage illustre de fa\u00e7on attachante les angoisses du trio confront\u00e9 \u00e0 la n\u00e9cessit\u00e9 de grandir et de laisser le pass\u00e9 derri\u00e8re soi. Port\u00e9 par des acteurs convaincants, le premier long de l&#8217;actrice-r\u00e9alisatrice explore avec l\u00e9g\u00e8ret\u00e9 les doutes de la jeunesse.<\/em><\/p>\n\n\n\n<p><\/p>\n\n\n\n<p class=\"has-text-align-center\"><em>2024 \/ 90\u2019 \/ \u666e\u901a\u8bdd\u3001\u56db\u5ddd\u65b9\u8a00 \/ DCP\u4e2d\u6cd5\u5b57\u5e55 \/ \u5267\u60c5<\/em><\/p>\n\n\n\n<p>\u843d\u9b44\u5973\u6f14\u5458\u5218\u4f73\u4f73\u5728\u7537\u53cb\u51fa\u8f68\u540e\u56de\u5230\u8001\u5bb6\uff0c\u4e0e\u65e7\u53cb\u97e9\u51cc\u3001\u5f6d\u53cb\u4e3a\u76f8\u805a\u3002\u4e00\u4e2a\u590f\u5929\uff0c\u4ed6\u4eec\u9762\u5bf9\u5f80\u4e8b\uff0c\u7ecf\u5386\u91cd\u9022\u3001\u60c5\u611f\u53d8\u8fc1\u53ca\u90fd\u5e02\u751f\u6d3b\u7684\u75af\u72c2\u3002\u4e0e\u6b64\u540c\u65f6\uff0c\u62a4\u9c7c\u519b\u56e2\u5f00\u59cb\u6267\u884c\u4efb\u52a1\u2014\u2014\u6349\u62ff\u90a3\u4e9b\u4e0d\u5582\u9c7c\u7684\u4eba\u7c7b\u3002<\/p>\n\n\n\n<p><em>\u8fd9\u662f\u4e00\u90e8\u68a6\u5e7b\u611f\u4f24\u7684\u7535\u5f71\uff0c\u6c14\u8d28\u7075\u52a8\u3002\u9648\u8bed\u6c99\u5728\u957f\u7bc7\u9996\u4f5c\u4e2d\u8eab\u517c\u5bfc\u6f14\u4e0e\u4e3b\u6f14\uff0c\u501f\u52a9\u52a8\u753b\u548c\u5bf9\u753b\u5916\u7a7a\u95f4\u7684\u63a2\u7d22\uff0c\u8bd7\u610f\u5730\u5c55\u73b0\u4e86\u4e09\u4e2a\u5e74\u8f7b\u4eba\u5728\u6210\u957f\u4e0e\u544a\u522b\u8fc7\u53bb\u65f6\u7684\u7126\u8651\u3002<\/em><\/p>\n\n\n\n<figure class=\"wp-block-gallery has-nested-images columns-2 is-cropped wp-block-gallery-1 is-layout-flex wp-block-gallery-is-layout-flex\">\n<figure class=\"wp-block-image size-large\"><img loading=\"lazy\" decoding=\"async\" width=\"1024\" height=\"636\" data-id=\"5794\" src=\"https:\/\/www.allersretoursasso.fr\/wp-content\/uploads\/2025\/01\/\u5267\u7167-Film-Stills-04-1024x636.jpg\" alt=\"\" class=\"wp-image-5794\" srcset=\"https:\/\/www.allersretoursasso.fr\/wp-content\/uploads\/2025\/01\/\u5267\u7167-Film-Stills-04-1024x636.jpg 1024w, https:\/\/www.allersretoursasso.fr\/wp-content\/uploads\/2025\/01\/\u5267\u7167-Film-Stills-04-300x186.jpg 300w, https:\/\/www.allersretoursasso.fr\/wp-content\/uploads\/2025\/01\/\u5267\u7167-Film-Stills-04-768x477.jpg 768w, https:\/\/www.allersretoursasso.fr\/wp-content\/uploads\/2025\/01\/\u5267\u7167-Film-Stills-04-1536x954.jpg 1536w, https:\/\/www.allersretoursasso.fr\/wp-content\/uploads\/2025\/01\/\u5267\u7167-Film-Stills-04-2048x1272.jpg 2048w, https:\/\/www.allersretoursasso.fr\/wp-content\/uploads\/2025\/01\/\u5267\u7167-Film-Stills-04-18x12.jpg 18w, https:\/\/www.allersretoursasso.fr\/wp-content\/uploads\/2025\/01\/\u5267\u7167-Film-Stills-04-350x217.jpg 350w\" sizes=\"(max-width: 767px) 89vw, (max-width: 1000px) 54vw, (max-width: 1071px) 543px, 580px\" \/><\/figure>\n\n\n\n<figure class=\"wp-block-image size-large\"><img loading=\"lazy\" decoding=\"async\" width=\"1024\" height=\"564\" data-id=\"5798\" src=\"https:\/\/www.allersretoursasso.fr\/wp-content\/uploads\/2025\/01\/\u5267\u7167-Film-Stills-05-1024x564.jpg\" alt=\"\" class=\"wp-image-5798\" srcset=\"https:\/\/www.allersretoursasso.fr\/wp-content\/uploads\/2025\/01\/\u5267\u7167-Film-Stills-05-1024x564.jpg 1024w, https:\/\/www.allersretoursasso.fr\/wp-content\/uploads\/2025\/01\/\u5267\u7167-Film-Stills-05-300x165.jpg 300w, https:\/\/www.allersretoursasso.fr\/wp-content\/uploads\/2025\/01\/\u5267\u7167-Film-Stills-05-768x423.jpg 768w, https:\/\/www.allersretoursasso.fr\/wp-content\/uploads\/2025\/01\/\u5267\u7167-Film-Stills-05-1536x845.jpg 1536w, https:\/\/www.allersretoursasso.fr\/wp-content\/uploads\/2025\/01\/\u5267\u7167-Film-Stills-05-2048x1127.jpg 2048w, https:\/\/www.allersretoursasso.fr\/wp-content\/uploads\/2025\/01\/\u5267\u7167-Film-Stills-05-18x10.jpg 18w, https:\/\/www.allersretoursasso.fr\/wp-content\/uploads\/2025\/01\/\u5267\u7167-Film-Stills-05-350x193.jpg 350w\" sizes=\"(max-width: 767px) 89vw, (max-width: 1000px) 54vw, (max-width: 1071px) 543px, 580px\" \/><\/figure>\n\n\n\n<figure class=\"wp-block-image size-large\"><img loading=\"lazy\" decoding=\"async\" width=\"1024\" height=\"576\" data-id=\"5796\" src=\"https:\/\/www.allersretoursasso.fr\/wp-content\/uploads\/2025\/01\/Film-Stills-03-1024x576.jpg\" alt=\"\" class=\"wp-image-5796\" srcset=\"https:\/\/www.allersretoursasso.fr\/wp-content\/uploads\/2025\/01\/Film-Stills-03-1024x576.jpg 1024w, https:\/\/www.allersretoursasso.fr\/wp-content\/uploads\/2025\/01\/Film-Stills-03-300x169.jpg 300w, https:\/\/www.allersretoursasso.fr\/wp-content\/uploads\/2025\/01\/Film-Stills-03-768x432.jpg 768w, https:\/\/www.allersretoursasso.fr\/wp-content\/uploads\/2025\/01\/Film-Stills-03-1536x864.jpg 1536w, https:\/\/www.allersretoursasso.fr\/wp-content\/uploads\/2025\/01\/Film-Stills-03-18x10.jpg 18w, https:\/\/www.allersretoursasso.fr\/wp-content\/uploads\/2025\/01\/Film-Stills-03-350x197.jpg 350w, https:\/\/www.allersretoursasso.fr\/wp-content\/uploads\/2025\/01\/Film-Stills-03.jpg 2048w\" sizes=\"(max-width: 767px) 89vw, (max-width: 1000px) 54vw, (max-width: 1071px) 543px, 580px\" \/><\/figure>\n\n\n\n<figure class=\"wp-block-image size-large\"><img loading=\"lazy\" decoding=\"async\" width=\"1024\" height=\"570\" data-id=\"5795\" src=\"https:\/\/www.allersretoursasso.fr\/wp-content\/uploads\/2025\/01\/\u5267\u7167-Film-Stills-01-1024x570.jpg\" alt=\"\" class=\"wp-image-5795\" srcset=\"https:\/\/www.allersretoursasso.fr\/wp-content\/uploads\/2025\/01\/\u5267\u7167-Film-Stills-01-1024x570.jpg 1024w, https:\/\/www.allersretoursasso.fr\/wp-content\/uploads\/2025\/01\/\u5267\u7167-Film-Stills-01-300x167.jpg 300w, https:\/\/www.allersretoursasso.fr\/wp-content\/uploads\/2025\/01\/\u5267\u7167-Film-Stills-01-768x428.jpg 768w, https:\/\/www.allersretoursasso.fr\/wp-content\/uploads\/2025\/01\/\u5267\u7167-Film-Stills-01-1536x855.jpg 1536w, https:\/\/www.allersretoursasso.fr\/wp-content\/uploads\/2025\/01\/\u5267\u7167-Film-Stills-01-2048x1140.jpg 2048w, https:\/\/www.allersretoursasso.fr\/wp-content\/uploads\/2025\/01\/\u5267\u7167-Film-Stills-01-18x10.jpg 18w, https:\/\/www.allersretoursasso.fr\/wp-content\/uploads\/2025\/01\/\u5267\u7167-Film-Stills-01-350x195.jpg 350w\" sizes=\"(max-width: 767px) 89vw, (max-width: 1000px) 54vw, (max-width: 1071px) 543px, 580px\" \/><\/figure>\n\n\n\n<figure class=\"wp-block-image size-large\"><img loading=\"lazy\" decoding=\"async\" width=\"1024\" height=\"566\" data-id=\"5797\" src=\"https:\/\/www.allersretoursasso.fr\/wp-content\/uploads\/2025\/01\/\u5267\u7167-Film-Stills-02-1024x566.jpg\" alt=\"\" class=\"wp-image-5797\" srcset=\"https:\/\/www.allersretoursasso.fr\/wp-content\/uploads\/2025\/01\/\u5267\u7167-Film-Stills-02-1024x566.jpg 1024w, https:\/\/www.allersretoursasso.fr\/wp-content\/uploads\/2025\/01\/\u5267\u7167-Film-Stills-02-300x166.jpg 300w, https:\/\/www.allersretoursasso.fr\/wp-content\/uploads\/2025\/01\/\u5267\u7167-Film-Stills-02-768x425.jpg 768w, https:\/\/www.allersretoursasso.fr\/wp-content\/uploads\/2025\/01\/\u5267\u7167-Film-Stills-02-1536x849.jpg 1536w, https:\/\/www.allersretoursasso.fr\/wp-content\/uploads\/2025\/01\/\u5267\u7167-Film-Stills-02-2048x1132.jpg 2048w, https:\/\/www.allersretoursasso.fr\/wp-content\/uploads\/2025\/01\/\u5267\u7167-Film-Stills-02-18x10.jpg 18w, https:\/\/www.allersretoursasso.fr\/wp-content\/uploads\/2025\/01\/\u5267\u7167-Film-Stills-02-350x194.jpg 350w\" sizes=\"(max-width: 767px) 89vw, (max-width: 1000px) 54vw, (max-width: 1071px) 543px, 580px\" \/><\/figure>\n<\/figure>\n\n\n\n<figure class=\"wp-block-embed is-type-video is-provider-youtube wp-block-embed-youtube wp-embed-aspect-16-9 wp-has-aspect-ratio\"><div class=\"wp-block-embed__wrapper\">\n<iframe loading=\"lazy\" title=\"Frankenfish\" width=\"525\" height=\"295\" src=\"https:\/\/www.youtube.com\/embed\/2S870XCQuS4?feature=oembed\" frameborder=\"0\" allow=\"accelerometer; autoplay; clipboard-write; encrypted-media; gyroscope; picture-in-picture; web-share\" referrerpolicy=\"strict-origin-when-cross-origin\" allowfullscreen><\/iframe>\n<\/div><\/figure>\n\n\n\n<p><\/p>\n\n\n\n<div class=\"wp-block-columns is-layout-flex wp-container-core-columns-layout-1 wp-block-columns-is-layout-flex\">\n<div class=\"wp-block-column is-layout-flow wp-block-column-is-layout-flow\"><\/div>\n<\/div>\n\n\n\n<hr class=\"wp-block-separator has-alpha-channel-opacity\"\/>\n\n\n\n<div class=\"wp-block-columns is-layout-flex wp-container-core-columns-layout-2 wp-block-columns-is-layout-flex\">\n<div class=\"wp-block-column is-layout-flow wp-block-column-is-layout-flow\"><\/div>\n<\/div>\n\n\n\n<div class=\"wp-block-columns is-layout-flex wp-container-core-columns-layout-3 wp-block-columns-is-layout-flex\">\n<div class=\"wp-block-column is-layout-flow wp-block-column-is-layout-flow\" style=\"flex-basis:33.33%\">\n<figure class=\"wp-block-image size-large is-resized\"><img loading=\"lazy\" decoding=\"async\" width=\"1902\" height=\"1903\" src=\"https:\/\/www.allersretoursasso.fr\/wp-content\/uploads\/2025\/01\/Chen-Yusha-edited.jpeg\" alt=\"\" class=\"wp-image-5833\" style=\"width:203px;height:auto\" srcset=\"https:\/\/www.allersretoursasso.fr\/wp-content\/uploads\/2025\/01\/Chen-Yusha-edited.jpeg 1902w, https:\/\/www.allersretoursasso.fr\/wp-content\/uploads\/2025\/01\/Chen-Yusha-edited-300x300.jpeg 300w, https:\/\/www.allersretoursasso.fr\/wp-content\/uploads\/2025\/01\/Chen-Yusha-edited-1024x1024.jpeg 1024w, https:\/\/www.allersretoursasso.fr\/wp-content\/uploads\/2025\/01\/Chen-Yusha-edited-150x150.jpeg 150w, https:\/\/www.allersretoursasso.fr\/wp-content\/uploads\/2025\/01\/Chen-Yusha-edited-768x768.jpeg 768w, https:\/\/www.allersretoursasso.fr\/wp-content\/uploads\/2025\/01\/Chen-Yusha-edited-1536x1536.jpeg 1536w, https:\/\/www.allersretoursasso.fr\/wp-content\/uploads\/2025\/01\/Chen-Yusha-edited-12x12.jpeg 12w, https:\/\/www.allersretoursasso.fr\/wp-content\/uploads\/2025\/01\/Chen-Yusha-edited-100x100.jpeg 100w, https:\/\/www.allersretoursasso.fr\/wp-content\/uploads\/2025\/01\/Chen-Yusha-edited-350x350.jpeg 350w\" sizes=\"(max-width: 767px) 89vw, (max-width: 1000px) 54vw, (max-width: 1071px) 543px, 580px\" \/><\/figure>\n<\/div>\n\n\n\n<div class=\"wp-block-column is-layout-flow wp-block-column-is-layout-flow\" style=\"flex-basis:66.66%\">\n<p><strong><strong>\u00c0 propos de<\/strong> CHEN Yusha<\/strong><\/p>\n\n\n\n<p class=\"has-small-font-size\"><\/p>\n<\/div>\n<\/div>\n\n\n\n<p class=\"has-small-font-size\"><\/p>\n\n\n\n<p style=\"font-size:14px\">Chen Yusha est n\u00e9e en 1996 dans le Sichuan. \u00c0 la fois actrice, sc\u00e9nariste et r\u00e9alisatrice, elle se pla\u00eet \u00e0 imaginer les relations des gens qu&#8217;elle observe. Son court-m\u00e9trage de fin d&#8217;\u00e9tude, <em>The Woman<\/em>, a re\u00e7u le prix de la meilleure actrice aux&nbsp;&nbsp;Guangzhou Zurongcun Festival o\u00f9 elle a aussi \u00e9t\u00e9 nomm\u00e9e en tant que meilleure r\u00e9alisatrice. Elle a tout de suite investi les gains de ses prix dans un court fantastique, <em>4:00 am<\/em>, apr\u00e8s son dipl\u00f4me. C&#8217;est cette exp\u00e9rience qui lui a inspir\u00e9 ce premier long-m\u00e9trage.<\/p>\n\n\n\n<p class=\"has-small-font-size\"><\/p>\n\n\n\n<p>\u9648\u8bed\u6c99\uff0c\u6f14\u5458\u3001\u7f16\u5267\u3001\u5bfc\u6f14\u30021996 \u5e74\u51fa\u751f\u4e8e\u4e2d\u56fd\u56db\u5ddd\u3002\u5176\u6bd5\u4e1a\u77ed\u7247\u300a\u5929\u4e95\u300b\u5165\u56f4\u7b2c\u4e00\u5c4a\u6210\u90fd\u77ed\u7247\u7535\u5f71\u8282\u7ade\u8d5b\u5355\u5143\u3002\u6bd5\u4e1a\u540e\uff0c\u5979\u5c06\u5956\u91d1\u6295\u5165\u5230\u77ed\u7247\u300a\u51cc\u6668\u56db\u70b9\u300b\u7684\u521b\u4f5c\u4e2d\u3002\u6b63\u662f\u8fd9\u6bb5\u7ecf\u5386\u6fc0\u52b1\u5979\u5b8c\u6210\u4e86\u81ea\u5df1\u7684\u7b2c\u4e00\u90e8\u957f\u7247\u3002<\/p>\n\n\n\n<p class=\"has-small-font-size\"><\/p>\n\n\n\n<hr class=\"wp-block-separator has-alpha-channel-opacity is-style-wide\"\/>\n\n\n\n<div class=\"wp-block-columns is-layout-flex wp-container-core-columns-layout-4 wp-block-columns-is-layout-flex\">\n<div class=\"wp-block-column is-layout-flow wp-block-column-is-layout-flow\"><\/div>\n<\/div>\n\n\n\n<p class=\"has-text-align-center\"><\/p>\n\n\n\n<div class=\"wp-block-columns is-layout-flex wp-container-core-columns-layout-6 wp-block-columns-is-layout-flex\">\n<div class=\"wp-block-column is-layout-flow wp-block-column-is-layout-flow\" style=\"flex-basis:100%\">\n<div class=\"wp-block-columns is-layout-flex wp-container-core-columns-layout-5 wp-block-columns-is-layout-flex\">\n<div class=\"wp-block-column is-layout-flow wp-block-column-is-layout-flow\" style=\"flex-basis:50%\">\n<div class=\"wp-block-buttons is-content-justification-center is-layout-flex wp-container-core-buttons-layout-1 wp-block-buttons-is-layout-flex\">\n<div class=\"wp-block-button has-custom-width wp-block-button__width-100 has-custom-font-size is-style-outline\" style=\"font-size:16px\"><a class=\"wp-block-button__link has-black-color has-white-background-color has-text-color has-background wp-element-button\" href=\"https:\/\/www.billetweb.fr\/far2025\" target=\"_blank\" rel=\"noreferrer noopener\">R\u00e9servez vos billets (Paris)<br>\u7ebf\u4e0a\u8d2d\u7968\uff08\u5df4\u9ece\uff09<\/a><\/div>\n<\/div>\n<\/div>\n\n\n\n<div class=\"wp-block-column is-layout-flow wp-block-column-is-layout-flow\" style=\"flex-basis:50%\">\n<div class=\"wp-block-buttons is-content-justification-center is-layout-flex wp-container-core-buttons-layout-2 wp-block-buttons-is-layout-flex\">\n<div class=\"wp-block-button has-custom-width wp-block-button__width-100 has-custom-font-size is-style-outline\" style=\"font-size:16px\"><a class=\"wp-block-button__link has-black-color has-white-background-color has-text-color has-background wp-element-button\" href=\"https:\/\/www.billetweb.fr\/far2025-lyon\" target=\"_blank\" rel=\"noreferrer noopener\">R\u00e9servez vos billets (Lyon)<br>\u7ebf\u4e0a\u8d2d\u7968\uff08\u91cc\u6602\uff09<\/a><\/div>\n<\/div>\n<\/div>\n<\/div>\n<\/div>\n<\/div>\n\n\n\n<p class=\"has-text-align-center\" style=\"font-size:18px\"><strong>Paris<\/strong><\/p>\n\n\n\n<p class=\"has-text-align-center\" style=\"font-size:16px\"><strong>Sam. 8 f\u00e9vrier \u00e0 19h <\/strong>au\u00a0Studio des Ursulines, s\u00e9ance suivie d&#8217;une Q&amp;A avec la r\u00e9alisatrice en pr\u00e9sentiel<\/p>\n\n\n\n<p class=\"has-text-align-center\" style=\"font-size:18px\"><strong>Lyon<\/strong><\/p>\n\n\n\n<p class=\"has-text-align-center\" style=\"font-size:16px\"><strong>Mar. 18 f\u00e9vrier \u00e0 20h30 <\/strong>au&nbsp;Cin\u00e9ma Lumi\u00e8re Fourmi<\/p>\n\n\n\n<p><\/p>\n\n\n\n<div class=\"wp-block-cover is-light\" style=\"min-height:349px\"><span aria-hidden=\"true\" class=\"wp-block-cover__background has-white-background-color has-background-dim\"><\/span><div class=\"wp-block-cover__inner-container is-layout-flow wp-block-cover-is-layout-flow\">\n<div class=\"wp-block-group is-layout-flow wp-block-group-is-layout-flow\"><div class=\"wp-block-group__inner-container\">\n<figure class=\"wp-block-image size-large\"><a href=\"https:\/\/www.allersretoursasso.fr\/zh\/annee-festival-2025\/\" target=\"_blank\" rel=\"noreferrer noopener\"><img loading=\"lazy\" decoding=\"async\" width=\"1024\" height=\"342\" src=\"https:\/\/www.allersretoursasso.fr\/wp-content\/uploads\/2025\/01\/Twitter-banner-copy-1024x342.png\" alt=\"\" class=\"wp-image-5568\" srcset=\"https:\/\/www.allersretoursasso.fr\/wp-content\/uploads\/2025\/01\/Twitter-banner-copy-1024x342.png 1024w, https:\/\/www.allersretoursasso.fr\/wp-content\/uploads\/2025\/01\/Twitter-banner-copy-300x100.png 300w, https:\/\/www.allersretoursasso.fr\/wp-content\/uploads\/2025\/01\/Twitter-banner-copy-768x256.png 768w, https:\/\/www.allersretoursasso.fr\/wp-content\/uploads\/2025\/01\/Twitter-banner-copy-18x6.png 18w, https:\/\/www.allersretoursasso.fr\/wp-content\/uploads\/2025\/01\/Twitter-banner-copy-350x117.png 350w, https:\/\/www.allersretoursasso.fr\/wp-content\/uploads\/2025\/01\/Twitter-banner-copy.png 1501w\" sizes=\"(max-width: 767px) 89vw, (max-width: 1000px) 54vw, (max-width: 1071px) 543px, 580px\" \/><\/a><\/figure>\n<\/div><\/div>\n<\/div><\/div>\n\n\n\n<div class=\"wp-block-group is-layout-flow wp-block-group-is-layout-flow\"><div class=\"wp-block-group__inner-container\">\n<p class=\"has-text-align-center\" style=\"font-size:15px\"><\/p>\n<\/div><\/div>\n\n\n\n<p class=\"has-text-align-center has-white-color has-text-color\" style=\"font-size:15px\"> 19h45 aux Ursuline<\/p>\n\n\n\n<p class=\"has-text-align-center has-white-color has-text-color\" style=\"font-size:15px\">06 octobre \u00e0 19h45 aux Ursulines<\/p>","protected":false},"excerpt":{"rendered":"<p>2024 \/ 90\u2019 \/ Mandarin, Dialecte de Sichuan \/ VOSTF \/ Fiction Nomm\u00e9 au Festival FIRST 2024 Tromp\u00e9e par son partenaire, Jia Jia, aspirante actrice, retourne dans sa ville natale et retrouve ses amis Han Ling et You Wei.&nbsp;&nbsp;Le temps d&#8217;un \u00e9t\u00e9, les jeunes adultes se confrontent \u00e0 l&#8217;\u00e9volution des sentiments et au passage du &hellip; <\/p>\n<p class=\"link-more\"><a href=\"https:\/\/www.allersretoursasso.fr\/zh\/festival2025-frankenfish-by-the-river\/\" class=\"more-link\">\u7ee7\u7eed\u9605\u8bfb<span class=\"screen-reader-text\">\u201cFestival Allers-Retours 2025  &#8211; Frankenfish by the River\u201d<\/span><\/a><\/p>","protected":false},"author":17,"featured_media":0,"parent":0,"menu_order":0,"comment_status":"closed","ping_status":"closed","template":"","meta":{"footnotes":""},"_links":{"self":[{"href":"https:\/\/www.allersretoursasso.fr\/zh\/wp-json\/wp\/v2\/pages\/5791"}],"collection":[{"href":"https:\/\/www.allersretoursasso.fr\/zh\/wp-json\/wp\/v2\/pages"}],"about":[{"href":"https:\/\/www.allersretoursasso.fr\/zh\/wp-json\/wp\/v2\/types\/page"}],"author":[{"embeddable":true,"href":"https:\/\/www.allersretoursasso.fr\/zh\/wp-json\/wp\/v2\/users\/17"}],"replies":[{"embeddable":true,"href":"https:\/\/www.allersretoursasso.fr\/zh\/wp-json\/wp\/v2\/comments?post=5791"}],"version-history":[{"count":9,"href":"https:\/\/www.allersretoursasso.fr\/zh\/wp-json\/wp\/v2\/pages\/5791\/revisions"}],"predecessor-version":[{"id":6170,"href":"https:\/\/www.allersretoursasso.fr\/zh\/wp-json\/wp\/v2\/pages\/5791\/revisions\/6170"}],"wp:attachment":[{"href":"https:\/\/www.allersretoursasso.fr\/zh\/wp-json\/wp\/v2\/media?parent=5791"}],"curies":[{"name":"wp","href":"https:\/\/api.w.org\/{rel}","templated":true}]}}