{"id":5870,"date":"2025-01-04T21:39:09","date_gmt":"2025-01-04T20:39:09","guid":{"rendered":"https:\/\/www.allersretoursasso.fr\/?page_id=5870"},"modified":"2025-01-07T01:36:09","modified_gmt":"2025-01-07T00:36:09","slug":"festival2025-table-ronde","status":"publish","type":"page","link":"https:\/\/www.allersretoursasso.fr\/zh\/festival2025-table-ronde\/","title":{"rendered":"Festival Allers Retours 2025 &#8211; Table Ronde"},"content":{"rendered":"<div id=\"fb-root\"><\/div>\n\n<h1 class=\"wp-block-heading has-text-align-center\"><strong>\u5706\u684c\u4ea4\u6d41\u4f1a<\/strong>  <strong>\u5706\u684c\u4ea4\u6d41\u4f1a<\/strong><br>Jeunes auteurs, regards crois\u00e9s<\/h1>\n\n\n\n<p><\/p>\n\n\n\n<div class=\"wp-block-columns alignfull has-background is-layout-flex wp-container-core-columns-layout-1 wp-block-columns-is-layout-flex\" style=\"background-color:#abb7c21c\">\n<div class=\"wp-block-column is-layout-flow wp-block-column-is-layout-flow\" style=\"letter-spacing:0px;line-height:1.7;flex-basis:100%\">\n<p class=\"has-text-align-center\"><strong>Samedi 8 f\u00e9vrier \u00e0 15h45<\/strong><br>au Mus\u00e9e national des arts asiatiques-Guimet<br>2\u67088\u65e5 \u661f\u671f\u516d\u4e0b\u53483\uff1a45<br>\u4e8e\u00a0\u5df4\u9ece\u5409\u7f8e\u56fd\u7acb\u4e9a\u6d32\u827a\u672f\u535a\u7269\u9986<br>\uff08Entr\u00e9e gratuite \u514d\u8d39\u5165\u573a\uff09<\/p>\n<\/div>\n<\/div>\n\n\n\n<p>Cette rencontre sera l\u2019occasion d\u2019\u00e9voquer le parcours des cin\u00e9astes invit\u00e9s, les diff\u00e9rences cr\u00e9atives entre un court et un long m\u00e9trage, les d\u00e9fis propres au lancement d\u2019un premier projet et leurs aspirations pour la suite de leur carri\u00e8re.<\/p>\n\n\n\n<p><\/p>\n\n\n\n<h2 class=\"wp-block-heading\">Animatrice \u4e3b\u6301\u4eba<\/h2>\n\n\n\n<div class=\"wp-block-columns has-background is-layout-flex wp-container-core-columns-layout-2 wp-block-columns-is-layout-flex\" style=\"background-color:#c0abc21c\">\n<div class=\"wp-block-column is-layout-flow wp-block-column-is-layout-flow\" style=\"flex-basis:33.33%\">\n<figure class=\"wp-block-image size-large\"><img loading=\"lazy\" decoding=\"async\" width=\"991\" height=\"1024\" src=\"https:\/\/www.allersretoursasso.fr\/wp-content\/uploads\/2025\/01\/Flora-Lichaa-991x1024.jpg\" alt=\"\" class=\"wp-image-5872\" srcset=\"https:\/\/www.allersretoursasso.fr\/wp-content\/uploads\/2025\/01\/Flora-Lichaa-991x1024.jpg 991w, https:\/\/www.allersretoursasso.fr\/wp-content\/uploads\/2025\/01\/Flora-Lichaa-290x300.jpg 290w, https:\/\/www.allersretoursasso.fr\/wp-content\/uploads\/2025\/01\/Flora-Lichaa-768x794.jpg 768w, https:\/\/www.allersretoursasso.fr\/wp-content\/uploads\/2025\/01\/Flora-Lichaa-1486x1536.jpg 1486w, https:\/\/www.allersretoursasso.fr\/wp-content\/uploads\/2025\/01\/Flora-Lichaa-12x12.jpg 12w, https:\/\/www.allersretoursasso.fr\/wp-content\/uploads\/2025\/01\/Flora-Lichaa-350x362.jpg 350w, https:\/\/www.allersretoursasso.fr\/wp-content\/uploads\/2025\/01\/Flora-Lichaa.jpg 1777w\" sizes=\"(max-width: 767px) 89vw, (max-width: 1000px) 54vw, (max-width: 1071px) 543px, 580px\" \/><\/figure>\n<\/div>\n\n\n\n<div class=\"wp-block-column is-layout-flow wp-block-column-is-layout-flow\" style=\"flex-basis:66.66%\">\n<p style=\"font-size:16px\"><strong>Flora LICHAA<\/strong><br>Ma\u00eetresse de conf\u00e9rences au d\u00e9partement d&#8217;\u00e9tudes chinoises de l&#8217;universit\u00e9 Rennes 2<\/p>\n\n\n\n<p class=\"has-small-font-size\">Sp\u00e9cialiste du cin\u00e9ma chinois, Flora Lichaa a consacr\u00e9 sa th\u00e8se au cin\u00e9ma documentaire chinois avant d\u2019orienter ses recherches vers le cin\u00e9ma d\u2019art et d\u2019essai contemporain. En parall\u00e8le de son enseignement et de ses travaux acad\u00e9miques, elle a anim\u00e9 de nombreuses projections-d\u00e9bats et dirig\u00e9 le festival de cin\u00e9ma ind\u00e9pendant chinois Shadows de 2009 \u00e0 2012.<\/p>\n<\/div>\n<\/div>\n\n\n\n<p><\/p>\n\n\n\n<p><\/p>\n\n\n\n<h2 class=\"wp-block-heading\">Intervenant.es \u53d7\u9080\u5609\u5bbe<\/h2>\n\n\n\n<div class=\"wp-block-columns alignfull has-background is-layout-flex wp-container-core-columns-layout-3 wp-block-columns-is-layout-flex\" style=\"background-color:#abb7c21c\">\n<div class=\"wp-block-column is-layout-flow wp-block-column-is-layout-flow\" style=\"flex-basis:33.33%\">\n<figure class=\"wp-block-image size-large\"><img loading=\"lazy\" decoding=\"async\" width=\"1024\" height=\"1024\" src=\"https:\/\/www.allersretoursasso.fr\/wp-content\/uploads\/2025\/01\/Directors-Headshot_YANG-Suiyi-edited-1-1024x1024.jpg\" alt=\"\" class=\"wp-image-5722\" srcset=\"https:\/\/www.allersretoursasso.fr\/wp-content\/uploads\/2025\/01\/Directors-Headshot_YANG-Suiyi-edited-1-1024x1024.jpg 1024w, https:\/\/www.allersretoursasso.fr\/wp-content\/uploads\/2025\/01\/Directors-Headshot_YANG-Suiyi-edited-1-300x300.jpg 300w, https:\/\/www.allersretoursasso.fr\/wp-content\/uploads\/2025\/01\/Directors-Headshot_YANG-Suiyi-edited-1-150x150.jpg 150w, https:\/\/www.allersretoursasso.fr\/wp-content\/uploads\/2025\/01\/Directors-Headshot_YANG-Suiyi-edited-1-768x768.jpg 768w, https:\/\/www.allersretoursasso.fr\/wp-content\/uploads\/2025\/01\/Directors-Headshot_YANG-Suiyi-edited-1-1536x1536.jpg 1536w, https:\/\/www.allersretoursasso.fr\/wp-content\/uploads\/2025\/01\/Directors-Headshot_YANG-Suiyi-edited-1-12x12.jpg 12w, https:\/\/www.allersretoursasso.fr\/wp-content\/uploads\/2025\/01\/Directors-Headshot_YANG-Suiyi-edited-1-100x100.jpg 100w, https:\/\/www.allersretoursasso.fr\/wp-content\/uploads\/2025\/01\/Directors-Headshot_YANG-Suiyi-edited-1-350x350.jpg 350w, https:\/\/www.allersretoursasso.fr\/wp-content\/uploads\/2025\/01\/Directors-Headshot_YANG-Suiyi-edited-1.jpg 1714w\" sizes=\"(max-width: 767px) 89vw, (max-width: 1000px) 54vw, (max-width: 1071px) 543px, 580px\" \/><\/figure>\n<\/div>\n\n\n\n<div class=\"wp-block-column is-layout-flow wp-block-column-is-layout-flow\" style=\"flex-basis:66.66%\">\n<p style=\"font-size:16px\"><strong>YANG Suiyi<\/strong>\u00a0<strong>\u6768\u7a57\u76ca\u00a0<\/strong><br>R\u00e9alisateur de\u00a0<em><a href=\"https:\/\/www.allersretoursasso.fr\/zh\/festival2025-karst\/\">Karst\u00a0\u5580\u65af\u7279<\/a><\/em><\/p>\n\n\n\n<p style=\"font-size:13px\">YANG Suiyi est un r\u00e9alisateur et sc\u00e9nariste chinois, n\u00e9 en 1997 dans la province de Qiandongnan, au Guizhou, en Chine. Dipl\u00f4m\u00e9 de l&#8217;Acad\u00e9mie de Cin\u00e9ma de P\u00e9kin, o\u00f9 il s&#8217;est sp\u00e9cialis\u00e9 en arts, il a r\u00e9alis\u00e9 plusieurs courts-m\u00e9trages durant ses \u00e9tudes. <em>Karst<\/em> marque ses d\u00e9buts en tant que r\u00e9alisateur de long-m\u00e9trage, avec un film qu\u2019il a lui-m\u00eame \u00e9crit et dirig\u00e9.&nbsp;<\/p>\n<\/div>\n<\/div>\n\n\n\n<div class=\"wp-block-columns alignfull has-background is-layout-flex wp-container-core-columns-layout-4 wp-block-columns-is-layout-flex\" style=\"background-color:#abb7c21c\">\n<div class=\"wp-block-column is-layout-flow wp-block-column-is-layout-flow\" style=\"flex-basis:33.33%\">\n<figure class=\"wp-block-image size-large\"><img loading=\"lazy\" decoding=\"async\" width=\"1024\" height=\"1024\" src=\"https:\/\/www.allersretoursasso.fr\/wp-content\/uploads\/2025\/01\/10-LU-Dan-The-Absent-edited-1024x1024.jpeg\" alt=\"\" class=\"wp-image-5779\" srcset=\"https:\/\/www.allersretoursasso.fr\/wp-content\/uploads\/2025\/01\/10-LU-Dan-The-Absent-edited-1024x1024.jpeg 1024w, https:\/\/www.allersretoursasso.fr\/wp-content\/uploads\/2025\/01\/10-LU-Dan-The-Absent-edited-300x300.jpeg 300w, https:\/\/www.allersretoursasso.fr\/wp-content\/uploads\/2025\/01\/10-LU-Dan-The-Absent-edited-150x150.jpeg 150w, https:\/\/www.allersretoursasso.fr\/wp-content\/uploads\/2025\/01\/10-LU-Dan-The-Absent-edited-768x767.jpeg 768w, https:\/\/www.allersretoursasso.fr\/wp-content\/uploads\/2025\/01\/10-LU-Dan-The-Absent-edited-12x12.jpeg 12w, https:\/\/www.allersretoursasso.fr\/wp-content\/uploads\/2025\/01\/10-LU-Dan-The-Absent-edited-100x100.jpeg 100w, https:\/\/www.allersretoursasso.fr\/wp-content\/uploads\/2025\/01\/10-LU-Dan-The-Absent-edited-350x350.jpeg 350w, https:\/\/www.allersretoursasso.fr\/wp-content\/uploads\/2025\/01\/10-LU-Dan-The-Absent-edited.jpeg 1087w\" sizes=\"(max-width: 767px) 89vw, (max-width: 1000px) 54vw, (max-width: 1071px) 543px, 580px\" \/><\/figure>\n<\/div>\n\n\n\n<div class=\"wp-block-column is-layout-flow wp-block-column-is-layout-flow\" style=\"flex-basis:66.66%\">\n<p style=\"font-size:16px\"><strong>LU Dan\u00a0\u9c81\u4e39\u00a0<\/strong><br>R\u00e9alisatrice de\u00a0<a href=\"https:\/\/www.allersretoursasso.fr\/zh\/festival2025-the-absent\/\"><em>The Absent<\/em> <em>\u51ac\u65c5\u4eba<\/em><\/a><\/p>\n\n\n\n<p style=\"font-size:13px\">Originaire de \u00dcr\u00fcmqi, au Xinjiang, LU Dan est dipl\u00f4m\u00e9e de l\u2019Universit\u00e9 de communication de Chine. Son enfance dans une r\u00e9gion riche de traditions culturelles nourrit son approche cin\u00e9matographique. Son film de fin d\u2019\u00e9tudes, <em>Le Papillon Paon<\/em>, a remport\u00e9 plusieurs prix nationaux. Avec <em>The Absent<\/em>, son premier long-m\u00e9trage, elle revient sur son rapport \u00e0 la terre natale pour \u00e9voquer avec sensibilit\u00e9 les d\u00e9fis d\u2019une g\u00e9n\u00e9ration en qu\u00eate de rep\u00e8res.<\/p>\n<\/div>\n<\/div>\n\n\n\n<div class=\"wp-block-columns alignfull has-background is-layout-flex wp-container-core-columns-layout-5 wp-block-columns-is-layout-flex\" style=\"background-color:#abb7c21c\">\n<div class=\"wp-block-column is-layout-flow wp-block-column-is-layout-flow\" style=\"flex-basis:33.33%\">\n<figure class=\"wp-block-image size-large\"><img loading=\"lazy\" decoding=\"async\" width=\"1024\" height=\"1024\" src=\"https:\/\/www.allersretoursasso.fr\/wp-content\/uploads\/2025\/01\/Chen-Yusha-edited-1024x1024.jpeg\" alt=\"\" class=\"wp-image-5833\" srcset=\"https:\/\/www.allersretoursasso.fr\/wp-content\/uploads\/2025\/01\/Chen-Yusha-edited-1024x1024.jpeg 1024w, https:\/\/www.allersretoursasso.fr\/wp-content\/uploads\/2025\/01\/Chen-Yusha-edited-300x300.jpeg 300w, https:\/\/www.allersretoursasso.fr\/wp-content\/uploads\/2025\/01\/Chen-Yusha-edited-150x150.jpeg 150w, https:\/\/www.allersretoursasso.fr\/wp-content\/uploads\/2025\/01\/Chen-Yusha-edited-768x768.jpeg 768w, https:\/\/www.allersretoursasso.fr\/wp-content\/uploads\/2025\/01\/Chen-Yusha-edited-1536x1536.jpeg 1536w, https:\/\/www.allersretoursasso.fr\/wp-content\/uploads\/2025\/01\/Chen-Yusha-edited-12x12.jpeg 12w, https:\/\/www.allersretoursasso.fr\/wp-content\/uploads\/2025\/01\/Chen-Yusha-edited-100x100.jpeg 100w, https:\/\/www.allersretoursasso.fr\/wp-content\/uploads\/2025\/01\/Chen-Yusha-edited-350x350.jpeg 350w, https:\/\/www.allersretoursasso.fr\/wp-content\/uploads\/2025\/01\/Chen-Yusha-edited.jpeg 1902w\" sizes=\"(max-width: 767px) 89vw, (max-width: 1000px) 54vw, (max-width: 1071px) 543px, 580px\" \/><\/figure>\n<\/div>\n\n\n\n<div class=\"wp-block-column is-layout-flow wp-block-column-is-layout-flow\" style=\"flex-basis:66.66%\">\n<p style=\"font-size:16px\"><strong>CHEN Yusha\u00a0\u9648\u8bed\u6c99<\/strong><br>R\u00e9alisatrice de <em><a href=\"https:\/\/www.allersretoursasso.fr\/zh\/festival2025-frankenfish-by-the-river\/\">Frankenfish by the River\u00a0\u6211\u4eec\u5728\u6cb3\u7554\u5e0c\u671b\u88ab\u9c7c\u602a\u5403\u6389<\/a><\/em><\/p>\n\n\n\n<p style=\"font-size:13px\">CHEN Yusha est n\u00e9e en 1996 dans le Sichuan. \u00c0 la fois actrice, sc\u00e9nariste et r\u00e9alisatrice, elle se pla\u00eet \u00e0 imaginer les relations des gens qu&#8217;elle observe. Son court-m\u00e9trage de fin d&#8217;\u00e9tude, <em>The Woman<\/em>, a re\u00e7u le prix de la meilleure actrice aux&nbsp;&nbsp;Guangzhou Zurongcun Festival o\u00f9 elle a aussi \u00e9t\u00e9 nomm\u00e9e en tant que meilleure r\u00e9alisatrice. Elle a tout de suite investi les gains de ses prix dans un court fantastique, <em>4:00 am<\/em>, apr\u00e8s son dipl\u00f4me. C&#8217;est cette exp\u00e9rience qui lui a inspir\u00e9 son premier long-m\u00e9trage.<\/p>\n<\/div>\n<\/div>\n\n\n\n<p class=\"has-text-align-right\"><a href=\"https:\/\/www.allersretoursasso.fr\/zh\/infos-pratiques\/\">Infos pratiques \u5b9e\u7528\u4fe1\u606f&gt;&gt;<\/a> <\/p>\n\n\n\n<p><mark style=\"background-color:rgba(0, 0, 0, 0)\" class=\"has-inline-color has-white-color\">000000<\/mark><\/p>\n\n\n\n<div class=\"wp-block-buttons is-content-justification-center is-layout-flex wp-container-core-buttons-layout-1 wp-block-buttons-is-layout-flex\">\n<div class=\"wp-block-button has-custom-font-size is-style-outline has-medium-font-size\"><a class=\"wp-block-button__link wp-element-button\" href=\"https:\/\/www.allersretoursasso.fr\/zh\/annee-festival-2025\/\" style=\"border-radius:64px\">Programme complet \u5b8c\u6574\u6392\u7247\u53ca\u6d3b\u52a8\u8868<\/a><\/div>\n<\/div>\n\n\n\n<p><\/p>\n\n\n\n<p><\/p>\n\n\n\n<div class=\"wp-block-group is-layout-flow wp-block-group-is-layout-flow\"><div class=\"wp-block-group__inner-container\">\n<p class=\"has-text-align-center\" style=\"font-size:15px\"><\/p>\n\n\n\n<figure class=\"wp-block-image size-large\"><a href=\"https:\/\/www.allersretoursasso.fr\/zh\/annee-festival-2025\/\"><img loading=\"lazy\" decoding=\"async\" width=\"1024\" height=\"342\" src=\"https:\/\/www.allersretoursasso.fr\/wp-content\/uploads\/2025\/01\/Twitter-banner-copy-1024x342.png\" alt=\"\" class=\"wp-image-5568\" srcset=\"https:\/\/www.allersretoursasso.fr\/wp-content\/uploads\/2025\/01\/Twitter-banner-copy-1024x342.png 1024w, https:\/\/www.allersretoursasso.fr\/wp-content\/uploads\/2025\/01\/Twitter-banner-copy-300x100.png 300w, https:\/\/www.allersretoursasso.fr\/wp-content\/uploads\/2025\/01\/Twitter-banner-copy-768x256.png 768w, https:\/\/www.allersretoursasso.fr\/wp-content\/uploads\/2025\/01\/Twitter-banner-copy-18x6.png 18w, https:\/\/www.allersretoursasso.fr\/wp-content\/uploads\/2025\/01\/Twitter-banner-copy-350x117.png 350w, https:\/\/www.allersretoursasso.fr\/wp-content\/uploads\/2025\/01\/Twitter-banner-copy.png 1501w\" sizes=\"(max-width: 767px) 89vw, (max-width: 1000px) 54vw, (max-width: 1071px) 543px, 580px\" \/><\/a><\/figure>\n<\/div><\/div>\n\n\n\n<p class=\"has-text-align-center has-white-color has-text-color\" style=\"font-size:15px\"> 19h45 aux Ursuline<\/p>\n\n\n\n<p class=\"has-text-align-center has-white-color has-text-color\" style=\"font-size:15px\">06 octobre \u00e0 19h45 aux Ursulines<\/p>","protected":false},"excerpt":{"rendered":"<p>Table Ronde \u5706\u684c\u4ea4\u6d41\u4f1aJeunes auteurs, regards crois\u00e9s Samedi 8 f\u00e9vrier \u00e0 15h45au Mus\u00e9e national des arts asiatiques-Guimet2\u67088\u65e5 \u661f\u671f\u516d\u4e0b\u53483\uff1a45\u4e8e\u00a0\u5df4\u9ece\u5409\u7f8e\u56fd\u7acb\u4e9a\u6d32\u827a\u672f\u535a\u7269\u9986\uff08Entr\u00e9e gratuite \u514d\u8d39\u5165\u573a\uff09 Cette rencontre sera l\u2019occasion d\u2019\u00e9voquer le parcours des cin\u00e9astes invit\u00e9s, les diff\u00e9rences cr\u00e9atives entre un court et un long m\u00e9trage, les d\u00e9fis propres au lancement d\u2019un premier projet et leurs aspirations pour la suite de leur &hellip; <\/p>\n<p class=\"link-more\"><a href=\"https:\/\/www.allersretoursasso.fr\/zh\/festival2025-table-ronde\/\" class=\"more-link\">\u7ee7\u7eed\u9605\u8bfb<span class=\"screen-reader-text\">\u201cFestival Allers Retours 2025 &#8211; Table Ronde\u201d<\/span><\/a><\/p>","protected":false},"author":17,"featured_media":0,"parent":0,"menu_order":0,"comment_status":"closed","ping_status":"closed","template":"","meta":{"footnotes":""},"_links":{"self":[{"href":"https:\/\/www.allersretoursasso.fr\/zh\/wp-json\/wp\/v2\/pages\/5870"}],"collection":[{"href":"https:\/\/www.allersretoursasso.fr\/zh\/wp-json\/wp\/v2\/pages"}],"about":[{"href":"https:\/\/www.allersretoursasso.fr\/zh\/wp-json\/wp\/v2\/types\/page"}],"author":[{"embeddable":true,"href":"https:\/\/www.allersretoursasso.fr\/zh\/wp-json\/wp\/v2\/users\/17"}],"replies":[{"embeddable":true,"href":"https:\/\/www.allersretoursasso.fr\/zh\/wp-json\/wp\/v2\/comments?post=5870"}],"version-history":[{"count":10,"href":"https:\/\/www.allersretoursasso.fr\/zh\/wp-json\/wp\/v2\/pages\/5870\/revisions"}],"predecessor-version":[{"id":5903,"href":"https:\/\/www.allersretoursasso.fr\/zh\/wp-json\/wp\/v2\/pages\/5870\/revisions\/5903"}],"wp:attachment":[{"href":"https:\/\/www.allersretoursasso.fr\/zh\/wp-json\/wp\/v2\/media?parent=5870"}],"curies":[{"name":"wp","href":"https:\/\/api.w.org\/{rel}","templated":true}]}}