{"id":6305,"date":"2025-09-08T21:40:46","date_gmt":"2025-09-08T19:40:46","guid":{"rendered":"https:\/\/www.allersretoursasso.fr\/?page_id=6305"},"modified":"2025-09-22T20:37:23","modified_gmt":"2025-09-22T18:37:23","slug":"coming-of-age-2025-notes-of-a-crocodile","status":"publish","type":"page","link":"https:\/\/www.allersretoursasso.fr\/zh\/coming-of-age-2025-notes-of-a-crocodile\/","title":{"rendered":"Coming of Age 2025  &#8211; Notes of a Crocodile"},"content":{"rendered":"<div id=\"fb-root\"><\/div>\n\n<div class=\"wp-block-media-text alignwide is-stacked-on-mobile\" style=\"grid-template-columns:41% auto\"><figure class=\"wp-block-media-text__media\"><img loading=\"lazy\" decoding=\"async\" width=\"686\" height=\"1024\" src=\"https:\/\/www.allersretoursasso.fr\/wp-content\/uploads\/2025\/09\/1-4-NotesofaCroc_DigitalPoster-686x1024.jpg\" alt=\"\" class=\"wp-image-6545 size-full\" srcset=\"https:\/\/www.allersretoursasso.fr\/wp-content\/uploads\/2025\/09\/1-4-NotesofaCroc_DigitalPoster-686x1024.jpg 686w, https:\/\/www.allersretoursasso.fr\/wp-content\/uploads\/2025\/09\/1-4-NotesofaCroc_DigitalPoster-201x300.jpg 201w, https:\/\/www.allersretoursasso.fr\/wp-content\/uploads\/2025\/09\/1-4-NotesofaCroc_DigitalPoster-768x1147.jpg 768w, https:\/\/www.allersretoursasso.fr\/wp-content\/uploads\/2025\/09\/1-4-NotesofaCroc_DigitalPoster-1029x1536.jpg 1029w, https:\/\/www.allersretoursasso.fr\/wp-content\/uploads\/2025\/09\/1-4-NotesofaCroc_DigitalPoster-1372x2048.jpg 1372w, https:\/\/www.allersretoursasso.fr\/wp-content\/uploads\/2025\/09\/1-4-NotesofaCroc_DigitalPoster-8x12.jpg 8w, https:\/\/www.allersretoursasso.fr\/wp-content\/uploads\/2025\/09\/1-4-NotesofaCroc_DigitalPoster-350x523.jpg 350w, https:\/\/www.allersretoursasso.fr\/wp-content\/uploads\/2025\/09\/1-4-NotesofaCroc_DigitalPoster-scaled.jpg 1714w\" sizes=\"(max-width: 686px) 100vw, 686px\" \/><\/figure><div class=\"wp-block-media-text__content\">\n<div class=\"wp-block-group is-layout-flow wp-block-group-is-layout-flow\"><div class=\"wp-block-group__inner-container\">\n<div class=\"wp-block-group is-vertical is-layout-flex wp-container-core-group-layout-4 wp-block-group-is-layout-flex\">\n<div class=\"wp-block-group is-layout-flow wp-block-group-is-layout-flow\"><div class=\"wp-block-group__inner-container\">\n<div class=\"wp-block-group is-layout-flow wp-block-group-is-layout-flow\"><div class=\"wp-block-group__inner-container\">\n<div class=\"wp-block-group is-layout-flow wp-block-group-is-layout-flow\"><div class=\"wp-block-group__inner-container\">\n<p><\/p>\n\n\n\n<p style=\"font-size:30px;font-style:normal;font-weight:500\"><strong><em>Notes of a Crocodile<\/em><\/strong><\/p>\n\n\n\n<p style=\"font-size:30px;font-style:normal;font-weight:500\">\u9cc4\u9c7c\u624b\u8bb0<\/p>\n\n\n\n<p class=\"has-medium-font-size\">Daphne XU<\/p>\n\n\n\n<p class=\"has-medium-font-size\">\u5f90\u4e59\u6f3e<\/p>\n\n\n\n<p class=\"has-small-font-size\"><a href=\"https:\/\/www.allersretoursasso.fr\/zh\/coming-of-age-2025\/\" target=\"_blank\" rel=\"noreferrer noopener\">\u00c9dition : Coming of Age 2025<\/a><\/p>\n\n\n\n<p style=\"font-size:10px\"><\/p>\n<\/div><\/div>\n<\/div><\/div>\n<\/div><\/div>\n<\/div>\n<\/div><\/div>\n<\/div><\/div>\n\n\n\n<p class=\"has-text-align-center has-small-font-size\"><em>2024 \/ 18\u2019 \/ Anglais, Mandarin, Khmer \/ VOSTF \/ Documentaire<\/em><\/p>\n\n\n\n<p class=\"has-text-align-center has-small-font-size\"><em>2024 \/ 18\u2019 \/&nbsp; \u82f1\u8bed\u3001\u6c49\u8bed\u666e\u901a\u8bdd\u3001\u9ad8\u68c9\u8bed \/ \u539f\u58f0\u6cd5\u8bed\u5b57\u5e55 \/ \u7eaa\u5f55<\/em><\/p>\n\n\n\n<p>Empruntant le titre et l\u2019esprit du roman \u00e9ponyme de l\u2019\u00e9crivaine taiwanaise Qiu Miaojin, le film suit la qu\u00eate de la narratrice \u00e0 travers Phnom Penh, qu\u2019elle filme avec son t\u00e9l\u00e9phone. On ne saura presque rien de la myst\u00e9rieuse femme que l\u2019h\u00e9ro\u00efne recherche.<\/p>\n\n\n\n<p>\u542c\u95fb\u4e00\u5ea7\u672a\u5b8c\u6210\u7684\u5efa\u7b51\u4e2d\u6ee1\u662f\u9cc4\u9c7c\uff0c\u4e00\u4f4d\u4e2d\u56fd\u5973\u6027\u6765\u5230\u91d1\u8fb9\u3002\u5979\u6cbf\u7740\u6e44\u516c\u6cb3\u6f2b\u6b65\uff0c\u5bfb\u627e\u4e00\u4f4d\u5931\u6563\u7684\u670b\u53cb\u3002<\/p>\n\n\n\n<p><mark style=\"background-color:rgba(0, 0, 0, 0)\" class=\"has-inline-color has-white-color\">000000<\/mark><\/p>\n\n\n\n<figure class=\"wp-block-gallery has-nested-images columns-default is-cropped wp-block-gallery-1 is-layout-flex wp-block-gallery-is-layout-flex\">\n<figure class=\"wp-block-image size-large\"><img loading=\"lazy\" decoding=\"async\" width=\"1024\" height=\"768\" data-id=\"6306\" src=\"https:\/\/www.allersretoursasso.fr\/wp-content\/uploads\/2025\/09\/vlcsnap-2024-05-20-11h37m46s971-1024x768.jpg\" alt=\"\" class=\"wp-image-6306\" srcset=\"https:\/\/www.allersretoursasso.fr\/wp-content\/uploads\/2025\/09\/vlcsnap-2024-05-20-11h37m46s971-1024x768.jpg 1024w, https:\/\/www.allersretoursasso.fr\/wp-content\/uploads\/2025\/09\/vlcsnap-2024-05-20-11h37m46s971-300x225.jpg 300w, https:\/\/www.allersretoursasso.fr\/wp-content\/uploads\/2025\/09\/vlcsnap-2024-05-20-11h37m46s971-768x576.jpg 768w, https:\/\/www.allersretoursasso.fr\/wp-content\/uploads\/2025\/09\/vlcsnap-2024-05-20-11h37m46s971-16x12.jpg 16w, https:\/\/www.allersretoursasso.fr\/wp-content\/uploads\/2025\/09\/vlcsnap-2024-05-20-11h37m46s971-350x263.jpg 350w, https:\/\/www.allersretoursasso.fr\/wp-content\/uploads\/2025\/09\/vlcsnap-2024-05-20-11h37m46s971.jpg 1440w\" sizes=\"(max-width: 767px) 89vw, (max-width: 1000px) 54vw, (max-width: 1071px) 543px, 580px\" \/><\/figure>\n\n\n\n<figure class=\"wp-block-image size-large\"><img loading=\"lazy\" decoding=\"async\" width=\"1024\" height=\"768\" data-id=\"6307\" src=\"https:\/\/www.allersretoursasso.fr\/wp-content\/uploads\/2025\/09\/vlcsnap-2024-05-20-11h37m59s945-1024x768.jpg\" alt=\"\" class=\"wp-image-6307\" srcset=\"https:\/\/www.allersretoursasso.fr\/wp-content\/uploads\/2025\/09\/vlcsnap-2024-05-20-11h37m59s945-1024x768.jpg 1024w, https:\/\/www.allersretoursasso.fr\/wp-content\/uploads\/2025\/09\/vlcsnap-2024-05-20-11h37m59s945-300x225.jpg 300w, https:\/\/www.allersretoursasso.fr\/wp-content\/uploads\/2025\/09\/vlcsnap-2024-05-20-11h37m59s945-768x576.jpg 768w, https:\/\/www.allersretoursasso.fr\/wp-content\/uploads\/2025\/09\/vlcsnap-2024-05-20-11h37m59s945-16x12.jpg 16w, https:\/\/www.allersretoursasso.fr\/wp-content\/uploads\/2025\/09\/vlcsnap-2024-05-20-11h37m59s945-350x263.jpg 350w, https:\/\/www.allersretoursasso.fr\/wp-content\/uploads\/2025\/09\/vlcsnap-2024-05-20-11h37m59s945.jpg 1440w\" sizes=\"(max-width: 767px) 89vw, (max-width: 1000px) 54vw, (max-width: 1071px) 543px, 580px\" \/><\/figure>\n\n\n\n<figure class=\"wp-block-image size-large\"><img loading=\"lazy\" decoding=\"async\" width=\"1024\" height=\"768\" data-id=\"6308\" src=\"https:\/\/www.allersretoursasso.fr\/wp-content\/uploads\/2025\/09\/vlcsnap-2024-05-20-11h38m20s781-1024x768.jpg\" alt=\"\" class=\"wp-image-6308\" srcset=\"https:\/\/www.allersretoursasso.fr\/wp-content\/uploads\/2025\/09\/vlcsnap-2024-05-20-11h38m20s781-1024x768.jpg 1024w, https:\/\/www.allersretoursasso.fr\/wp-content\/uploads\/2025\/09\/vlcsnap-2024-05-20-11h38m20s781-300x225.jpg 300w, https:\/\/www.allersretoursasso.fr\/wp-content\/uploads\/2025\/09\/vlcsnap-2024-05-20-11h38m20s781-768x576.jpg 768w, https:\/\/www.allersretoursasso.fr\/wp-content\/uploads\/2025\/09\/vlcsnap-2024-05-20-11h38m20s781-16x12.jpg 16w, https:\/\/www.allersretoursasso.fr\/wp-content\/uploads\/2025\/09\/vlcsnap-2024-05-20-11h38m20s781-350x263.jpg 350w, https:\/\/www.allersretoursasso.fr\/wp-content\/uploads\/2025\/09\/vlcsnap-2024-05-20-11h38m20s781.jpg 1440w\" sizes=\"(max-width: 767px) 89vw, (max-width: 1000px) 54vw, (max-width: 1071px) 543px, 580px\" \/><\/figure>\n<\/figure>\n\n\n\n<figure class=\"wp-block-embed is-type-video is-provider-youtube wp-block-embed-youtube wp-embed-aspect-4-3 wp-has-aspect-ratio\"><div class=\"wp-block-embed__wrapper\">\n<iframe loading=\"lazy\" title=\"Notes of a Crocodile \u9cc4\u9c7c\u624b\u8bb0\" width=\"525\" height=\"394\" src=\"https:\/\/www.youtube.com\/embed\/qWwZzlDfTzQ?feature=oembed\" frameborder=\"0\" allow=\"accelerometer; autoplay; clipboard-write; encrypted-media; gyroscope; picture-in-picture; web-share\" referrerpolicy=\"strict-origin-when-cross-origin\" allowfullscreen><\/iframe>\n<\/div><\/figure>\n\n\n\n<p><\/p>\n\n\n\n<hr class=\"wp-block-separator has-alpha-channel-opacity\"\/>\n\n\n\n<div class=\"wp-block-columns is-layout-flex wp-container-core-columns-layout-1 wp-block-columns-is-layout-flex\">\n<div class=\"wp-block-column is-layout-flow wp-block-column-is-layout-flow\"><\/div>\n<\/div>\n\n\n\n<div class=\"wp-block-columns is-layout-flex wp-container-core-columns-layout-2 wp-block-columns-is-layout-flex\">\n<div class=\"wp-block-column is-layout-flow wp-block-column-is-layout-flow\" style=\"flex-basis:33.33%\">\n<figure class=\"wp-block-image size-full\"><img loading=\"lazy\" decoding=\"async\" width=\"2560\" height=\"2560\" src=\"https:\/\/www.allersretoursasso.fr\/wp-content\/uploads\/2025\/09\/Daphne-Xu-edited-scaled.jpg\" alt=\"\" class=\"wp-image-6523\" srcset=\"https:\/\/www.allersretoursasso.fr\/wp-content\/uploads\/2025\/09\/Daphne-Xu-edited-scaled.jpg 2560w, https:\/\/www.allersretoursasso.fr\/wp-content\/uploads\/2025\/09\/Daphne-Xu-edited-300x300.jpg 300w, https:\/\/www.allersretoursasso.fr\/wp-content\/uploads\/2025\/09\/Daphne-Xu-edited-1024x1024.jpg 1024w, https:\/\/www.allersretoursasso.fr\/wp-content\/uploads\/2025\/09\/Daphne-Xu-edited-150x150.jpg 150w, https:\/\/www.allersretoursasso.fr\/wp-content\/uploads\/2025\/09\/Daphne-Xu-edited-768x768.jpg 768w, https:\/\/www.allersretoursasso.fr\/wp-content\/uploads\/2025\/09\/Daphne-Xu-edited-1536x1536.jpg 1536w, https:\/\/www.allersretoursasso.fr\/wp-content\/uploads\/2025\/09\/Daphne-Xu-edited-2048x2048.jpg 2048w, https:\/\/www.allersretoursasso.fr\/wp-content\/uploads\/2025\/09\/Daphne-Xu-edited-12x12.jpg 12w, https:\/\/www.allersretoursasso.fr\/wp-content\/uploads\/2025\/09\/Daphne-Xu-edited-100x100.jpg 100w, https:\/\/www.allersretoursasso.fr\/wp-content\/uploads\/2025\/09\/Daphne-Xu-edited-350x350.jpg 350w\" sizes=\"(max-width: 767px) 89vw, (max-width: 1000px) 54vw, (max-width: 1071px) 543px, 580px\" \/><\/figure>\n<\/div>\n\n\n\n<div class=\"wp-block-column is-layout-flow wp-block-column-is-layout-flow\" style=\"flex-basis:66.66%\">\n<p><strong>\u00c0 propos de Daphne XU<br>\/ \u5173\u4e8e\u5f90\u4e59\u6f3e<\/strong><\/p>\n\n\n\n<p class=\"has-small-font-size\"><\/p>\n<\/div>\n<\/div>\n\n\n\n<p class=\"has-small-font-size\"><\/p>\n\n\n\n<p class=\"has-small-font-size\">Daphne Xu est une artiste et r\u00e9alisatrice sino-canadienne. Son pr\u00e9c\u00e9dent documentaire, <em>Huahua\u2019s Dazzling World and its Myriad Temptations <\/em>(2022) a \u00e9t\u00e9 s\u00e9lectionn\u00e9 au Festival International de documentaire Cin\u00e9ma du r\u00e9el, tout comme <em>Notes of a Crocodile<\/em>, qui est son troisi\u00e8me documentaire.<\/p>\n\n\n\n<p class=\"has-small-font-size\">\u5f90\u4e59\u6f3e\u662f\u5173\u6ce8\u5730\u57df\u653f\u6cbb\u4e0e\u8bd7\u5b66\u7684\u827a\u672f\u5bb6\u517c\u7535\u5f71\u4eba\u3002\u5979\u7684\u4f5c\u54c1\u4ece\u6d41\u53d8\u4e2d\u7684\u57ce\u5e02\u5c55\u5f00\u53d9\u4e8b\uff0c\u805a\u7126\u5feb\u901f\u73b0\u4ee3\u5316\u8fdb\u7a0b\u4e2d\u5973\u6027\u4e0e\u79bb\u6563\u7fa4\u4f53\u7684\u5185\u5fc3\u4e16\u754c\u3002\u5176\u4f5c\u54c1\u66fe\u5728\u591a\u4f26\u591a\u56fd\u9645\u7535\u5f71\u8282\u3001\u7ebd\u7ea6\u73b0\u4ee3\u827a\u672f\u535a\u7269\u9986\u3001\u745e\u58eb\u5c3c\u7fc1\u771f\u5b9e\u5f71\u5c55\u53ca\u6cd5\u56fd\u771f\u5b9e\u5f71\u5c55\u7b49\u5730\u9996\u6620\u3002<\/p>\n\n\n\n<hr class=\"wp-block-separator has-alpha-channel-opacity is-style-wide\"\/>\n\n\n\n<div class=\"wp-block-buttons is-content-justification-center is-layout-flex wp-container-core-buttons-layout-1 wp-block-buttons-is-layout-flex\">\n<div class=\"wp-block-button has-custom-width wp-block-button__width-50 has-custom-font-size is-style-outline\" style=\"font-size:16px\"><a class=\"wp-block-button__link has-black-color has-white-background-color has-text-color has-background wp-element-button\" href=\"https:\/\/www.billetweb.fr\/coming-of-age-2025\" target=\"_blank\" rel=\"noreferrer noopener\">\u8d2d\u7968\u94fe\u63a5<br>\u7ebf\u4e0a\u8d2d\u7968<\/a><\/div>\n<\/div>\n\n\n\n<p><\/p>\n\n\n\n<p class=\"has-text-align-center has-medium-font-size\"><strong><span style=\"text-decoration: underline\">S\u00e9ance 0<\/span><\/strong><span style=\"text-decoration: underline;\"><strong>1<\/strong><\/span><\/p>\n\n\n\n<div class=\"wp-block-group is-layout-flow wp-block-group-is-layout-flow\"><div class=\"wp-block-group__inner-container\">\n<div class=\"wp-block-columns is-layout-flex wp-container-core-columns-layout-3 wp-block-columns-is-layout-flex\">\n<div class=\"wp-block-column is-layout-flow wp-block-column-is-layout-flow\">\n<p class=\"has-text-align-center\"><strong>Jeudi 09 octobre \u00e0 19h45 au PATH<strong>\u00c9<\/strong> LES FAUVETTES<\/strong><br>58 Av. des Gobelins, 75013 Paris<\/p>\n<\/div>\n\n\n\n<div class=\"wp-block-column is-layout-flow wp-block-column-is-layout-flow\">\n<p class=\"has-text-align-center\"><strong>Vendredi 3 octobre \u00e0 <strong>20h<\/strong>30 au <strong>CIN\u00c9MA<\/strong> LUMI\u00c8RE FOURMI<\/strong><br>68 rue Pierre Corneille, 69003 Lyon<\/p>\n<\/div>\n<\/div>\n<\/div><\/div>\n\n\n\n<figure class=\"wp-block-image size-large\"><a href=\"https:\/\/www.allersretoursasso.fr\/zh\/coming-of-age-2025\/\" target=\"_blank\" rel=\"noreferrer noopener\"><img loading=\"lazy\" decoding=\"async\" width=\"1024\" height=\"341\" src=\"https:\/\/www.allersretoursasso.fr\/wp-content\/uploads\/2025\/09\/1500_500-twitter-1024x341.png\" alt=\"\" class=\"wp-image-6335\" srcset=\"https:\/\/www.allersretoursasso.fr\/wp-content\/uploads\/2025\/09\/1500_500-twitter-1024x341.png 1024w, https:\/\/www.allersretoursasso.fr\/wp-content\/uploads\/2025\/09\/1500_500-twitter-300x100.png 300w, https:\/\/www.allersretoursasso.fr\/wp-content\/uploads\/2025\/09\/1500_500-twitter-768x256.png 768w, https:\/\/www.allersretoursasso.fr\/wp-content\/uploads\/2025\/09\/1500_500-twitter-1536x512.png 1536w, https:\/\/www.allersretoursasso.fr\/wp-content\/uploads\/2025\/09\/1500_500-twitter-2048x683.png 2048w, https:\/\/www.allersretoursasso.fr\/wp-content\/uploads\/2025\/09\/1500_500-twitter-18x6.png 18w, https:\/\/www.allersretoursasso.fr\/wp-content\/uploads\/2025\/09\/1500_500-twitter-350x117.png 350w\" sizes=\"(max-width: 767px) 89vw, (max-width: 1000px) 54vw, (max-width: 1071px) 543px, 580px\" \/><\/a><\/figure>\n\n\n\n<p class=\"has-text-align-center has-white-color has-text-color\" style=\"font-size:15px\"> 19h5 aux Ursuline<\/p>\n\n\n\n<p class=\"has-text-align-center has-white-color has-text-color\" style=\"font-size:15px\">06 octobre \u00e0 195 aux Ursulines<\/p>","protected":false},"excerpt":{"rendered":"<p>2024 \/ 18\u2019 \/ Anglais, Mandarin, Khmer \/ VOSTF \/ Documentaire 2024 \/ 18\u2019 \/&nbsp; \u82f1\u8bed\u3001\u6c49\u8bed\u666e\u901a\u8bdd\u3001\u9ad8\u68c9\u8bed \/ \u539f\u58f0\u6cd5\u8bed\u5b57\u5e55 \/ \u7eaa\u5f55 Empruntant le titre et l\u2019esprit du roman \u00e9ponyme de l\u2019\u00e9crivaine taiwanaise Qiu Miaojin, le film suit la qu\u00eate de la narratrice \u00e0 travers Phnom Penh, qu\u2019elle filme avec son t\u00e9l\u00e9phone. On ne saura presque rien &hellip; <\/p>\n<p class=\"link-more\"><a href=\"https:\/\/www.allersretoursasso.fr\/zh\/coming-of-age-2025-notes-of-a-crocodile\/\" class=\"more-link\">\u7ee7\u7eed\u9605\u8bfb<span class=\"screen-reader-text\">\u201cComing of Age 2025  &#8211; Notes of a Crocodile\u201d<\/span><\/a><\/p>","protected":false},"author":19,"featured_media":0,"parent":0,"menu_order":0,"comment_status":"closed","ping_status":"closed","template":"","meta":{"footnotes":""},"_links":{"self":[{"href":"https:\/\/www.allersretoursasso.fr\/zh\/wp-json\/wp\/v2\/pages\/6305"}],"collection":[{"href":"https:\/\/www.allersretoursasso.fr\/zh\/wp-json\/wp\/v2\/pages"}],"about":[{"href":"https:\/\/www.allersretoursasso.fr\/zh\/wp-json\/wp\/v2\/types\/page"}],"author":[{"embeddable":true,"href":"https:\/\/www.allersretoursasso.fr\/zh\/wp-json\/wp\/v2\/users\/19"}],"replies":[{"embeddable":true,"href":"https:\/\/www.allersretoursasso.fr\/zh\/wp-json\/wp\/v2\/comments?post=6305"}],"version-history":[{"count":11,"href":"https:\/\/www.allersretoursasso.fr\/zh\/wp-json\/wp\/v2\/pages\/6305\/revisions"}],"predecessor-version":[{"id":6782,"href":"https:\/\/www.allersretoursasso.fr\/zh\/wp-json\/wp\/v2\/pages\/6305\/revisions\/6782"}],"wp:attachment":[{"href":"https:\/\/www.allersretoursasso.fr\/zh\/wp-json\/wp\/v2\/media?parent=6305"}],"curies":[{"name":"wp","href":"https:\/\/api.w.org\/{rel}","templated":true}]}}