{"id":6311,"date":"2025-09-08T21:47:54","date_gmt":"2025-09-08T19:47:54","guid":{"rendered":"https:\/\/www.allersretoursasso.fr\/?page_id=6311"},"modified":"2025-10-09T23:51:31","modified_gmt":"2025-10-09T21:51:31","slug":"coming-of-age-2025-washhh","status":"publish","type":"page","link":"https:\/\/www.allersretoursasso.fr\/zh\/coming-of-age-2025-washhh\/","title":{"rendered":"Coming of Age 2025  &#8211; WAShhh"},"content":{"rendered":"<div id=\"fb-root\"><\/div>\n\n<div class=\"wp-block-media-text alignwide is-stacked-on-mobile\" style=\"grid-template-columns:41% auto\"><figure class=\"wp-block-media-text__media\"><img loading=\"lazy\" decoding=\"async\" width=\"724\" height=\"1024\" src=\"https:\/\/www.allersretoursasso.fr\/wp-content\/uploads\/2025\/09\/WAShhh_Poster_A3-724x1024.jpg\" alt=\"\" class=\"wp-image-6319 size-full\" srcset=\"https:\/\/www.allersretoursasso.fr\/wp-content\/uploads\/2025\/09\/WAShhh_Poster_A3-724x1024.jpg 724w, https:\/\/www.allersretoursasso.fr\/wp-content\/uploads\/2025\/09\/WAShhh_Poster_A3-212x300.jpg 212w, https:\/\/www.allersretoursasso.fr\/wp-content\/uploads\/2025\/09\/WAShhh_Poster_A3-768x1086.jpg 768w, https:\/\/www.allersretoursasso.fr\/wp-content\/uploads\/2025\/09\/WAShhh_Poster_A3-1086x1536.jpg 1086w, https:\/\/www.allersretoursasso.fr\/wp-content\/uploads\/2025\/09\/WAShhh_Poster_A3-1448x2048.jpg 1448w, https:\/\/www.allersretoursasso.fr\/wp-content\/uploads\/2025\/09\/WAShhh_Poster_A3-8x12.jpg 8w, https:\/\/www.allersretoursasso.fr\/wp-content\/uploads\/2025\/09\/WAShhh_Poster_A3-350x495.jpg 350w, https:\/\/www.allersretoursasso.fr\/wp-content\/uploads\/2025\/09\/WAShhh_Poster_A3-scaled.jpg 1811w\" sizes=\"(max-width: 724px) 100vw, 724px\" \/><\/figure><div class=\"wp-block-media-text__content\">\n<div class=\"wp-block-group is-layout-flow wp-block-group-is-layout-flow\"><div class=\"wp-block-group__inner-container\">\n<div class=\"wp-block-group is-vertical is-layout-flex wp-container-core-group-layout-4 wp-block-group-is-layout-flex\">\n<div class=\"wp-block-group is-layout-flow wp-block-group-is-layout-flow\"><div class=\"wp-block-group__inner-container\">\n<div class=\"wp-block-group is-layout-flow wp-block-group-is-layout-flow\"><div class=\"wp-block-group__inner-container\">\n<div class=\"wp-block-group is-layout-flow wp-block-group-is-layout-flow\"><div class=\"wp-block-group__inner-container\">\n<p><\/p>\n\n\n\n<p style=\"font-size:30px;font-style:normal;font-weight:500\"><em><strong>WAShhh<\/strong><\/em><\/p>\n\n\n\n<p style=\"font-size:30px;font-style:normal;font-weight:500\">\u6d17\u51c0<\/p>\n\n\n\n<p class=\"has-medium-font-size\">Mickey LAI <\/p>\n\n\n\n<p class=\"has-medium-font-size\">\u9ece\u4e50\u6021<\/p>\n\n\n\n<p class=\"has-small-font-size\"><a href=\"https:\/\/www.allersretoursasso.fr\/zh\/coming-of-age-2025\/\" target=\"_blank\" rel=\"noreferrer noopener\">\u00c9dition : Coming of Age 2025<\/a><\/p>\n\n\n\n<p style=\"font-size:10px\"><\/p>\n<\/div><\/div>\n<\/div><\/div>\n<\/div><\/div>\n<\/div>\n<\/div><\/div>\n<\/div><\/div>\n\n\n\n<p class=\"has-text-align-center has-small-font-size\"><em>2024 \/ 23\u2019 \/ Malais, Anglais, Mandarin \/ VOSTF \/ Fiction<\/em><\/p>\n\n\n\n<p class=\"has-text-align-center has-small-font-size\"><em>2024 \/ 23\u2019 \/ \u9a6c\u6765\u8bed\u3001\u82f1\u8bed\u3001\u4e2d\u6587 \/ \u539f\u58f0\u6cd5\u8bed\u5b57\u5e55 \/ \u5267\u60c5<\/em><\/p>\n\n\n\n<p>En Malaisie, un groupe de pensionnaires d\u2019un camp du service national est convoqu\u00e9 au beau milieu de la nuit par l\u2019instructrice. Elles sont accus\u00e9es d\u2019avoir jet\u00e9 des serviettes hygi\u00e9niques sales dans les toilettes et doivent tout nettoyer imm\u00e9diatement. Issues de confessions diff\u00e9rentes, ce moment de tension risque de faire s\u2019effondrer l&#8217;harmonie du groupe.<\/p>\n\n\n\n<p>\u6df1\u591c\uff0c\u9a6c\u6765\u897f\u4e9a\u56fd\u5bb6\u670d\u52a1\u8425\u5730\u91cc\uff0c\u4e00\u7fa4\u5973\u5b66\u5458\u88ab\u7d27\u6025\u53ec\u96c6\uff0c\u6e05\u7406\u88ab\u6307\u63a7\u7559\u5728\u5395\u6240\u7684\u201c\u810f\u4e1c\u897f\u201d\u3002\u4fe1\u4ef0\u76f8\u5f02\u7684\u5c11\u5973\u4eec\u88ab\u653e\u7f6e\u5728\u540c\u4e00\u4e2a\u751f\u6d3b\u7a7a\u95f4\u91cc\uff0c\u88ab\u50ac\u4fc3\u7740\uff0c\u8fdb\u884c\u4e00\u573a\u8840\u6dcb\u6dcb\u7684\u5927\u626b\u9664\u3002<\/p>\n\n\n\n<p><mark style=\"background-color:rgba(0, 0, 0, 0)\" class=\"has-inline-color has-white-color\">000000<\/mark><\/p>\n\n\n\n<figure class=\"wp-block-gallery has-nested-images columns-default is-cropped wp-block-gallery-1 is-layout-flex wp-block-gallery-is-layout-flex\">\n<figure class=\"wp-block-image size-large\"><img loading=\"lazy\" decoding=\"async\" width=\"1024\" height=\"576\" data-id=\"6318\" src=\"https:\/\/www.allersretoursasso.fr\/wp-content\/uploads\/2025\/09\/WAShhh-Still-1-1024x576.jpg\" alt=\"\" class=\"wp-image-6318\" srcset=\"https:\/\/www.allersretoursasso.fr\/wp-content\/uploads\/2025\/09\/WAShhh-Still-1-1024x576.jpg 1024w, https:\/\/www.allersretoursasso.fr\/wp-content\/uploads\/2025\/09\/WAShhh-Still-1-300x169.jpg 300w, https:\/\/www.allersretoursasso.fr\/wp-content\/uploads\/2025\/09\/WAShhh-Still-1-768x432.jpg 768w, https:\/\/www.allersretoursasso.fr\/wp-content\/uploads\/2025\/09\/WAShhh-Still-1-1536x864.jpg 1536w, https:\/\/www.allersretoursasso.fr\/wp-content\/uploads\/2025\/09\/WAShhh-Still-1-2048x1152.jpg 2048w, https:\/\/www.allersretoursasso.fr\/wp-content\/uploads\/2025\/09\/WAShhh-Still-1-18x10.jpg 18w, https:\/\/www.allersretoursasso.fr\/wp-content\/uploads\/2025\/09\/WAShhh-Still-1-350x197.jpg 350w\" sizes=\"(max-width: 767px) 89vw, (max-width: 1000px) 54vw, (max-width: 1071px) 543px, 580px\" \/><\/figure>\n\n\n\n<figure class=\"wp-block-image size-large\"><img loading=\"lazy\" decoding=\"async\" width=\"1024\" height=\"576\" data-id=\"6317\" src=\"https:\/\/www.allersretoursasso.fr\/wp-content\/uploads\/2025\/09\/WAShhh-Still-3-1024x576.jpg\" alt=\"\" class=\"wp-image-6317\" srcset=\"https:\/\/www.allersretoursasso.fr\/wp-content\/uploads\/2025\/09\/WAShhh-Still-3-1024x576.jpg 1024w, https:\/\/www.allersretoursasso.fr\/wp-content\/uploads\/2025\/09\/WAShhh-Still-3-300x169.jpg 300w, https:\/\/www.allersretoursasso.fr\/wp-content\/uploads\/2025\/09\/WAShhh-Still-3-768x432.jpg 768w, https:\/\/www.allersretoursasso.fr\/wp-content\/uploads\/2025\/09\/WAShhh-Still-3-1536x864.jpg 1536w, https:\/\/www.allersretoursasso.fr\/wp-content\/uploads\/2025\/09\/WAShhh-Still-3-2048x1152.jpg 2048w, https:\/\/www.allersretoursasso.fr\/wp-content\/uploads\/2025\/09\/WAShhh-Still-3-18x10.jpg 18w, https:\/\/www.allersretoursasso.fr\/wp-content\/uploads\/2025\/09\/WAShhh-Still-3-350x197.jpg 350w\" sizes=\"(max-width: 767px) 89vw, (max-width: 1000px) 54vw, (max-width: 1071px) 543px, 580px\" \/><\/figure>\n\n\n\n<figure class=\"wp-block-image size-large\"><img loading=\"lazy\" decoding=\"async\" width=\"1024\" height=\"576\" data-id=\"6316\" src=\"https:\/\/www.allersretoursasso.fr\/wp-content\/uploads\/2025\/09\/WAShhh-Still-4-1024x576.jpg\" alt=\"\" class=\"wp-image-6316\" srcset=\"https:\/\/www.allersretoursasso.fr\/wp-content\/uploads\/2025\/09\/WAShhh-Still-4-1024x576.jpg 1024w, https:\/\/www.allersretoursasso.fr\/wp-content\/uploads\/2025\/09\/WAShhh-Still-4-300x169.jpg 300w, https:\/\/www.allersretoursasso.fr\/wp-content\/uploads\/2025\/09\/WAShhh-Still-4-768x432.jpg 768w, https:\/\/www.allersretoursasso.fr\/wp-content\/uploads\/2025\/09\/WAShhh-Still-4-1536x864.jpg 1536w, https:\/\/www.allersretoursasso.fr\/wp-content\/uploads\/2025\/09\/WAShhh-Still-4-2048x1152.jpg 2048w, https:\/\/www.allersretoursasso.fr\/wp-content\/uploads\/2025\/09\/WAShhh-Still-4-18x10.jpg 18w, https:\/\/www.allersretoursasso.fr\/wp-content\/uploads\/2025\/09\/WAShhh-Still-4-350x197.jpg 350w\" sizes=\"(max-width: 767px) 89vw, (max-width: 1000px) 54vw, (max-width: 1071px) 543px, 580px\" \/><\/figure>\n\n\n\n<figure class=\"wp-block-image size-large\"><img loading=\"lazy\" decoding=\"async\" width=\"1024\" height=\"576\" data-id=\"6315\" src=\"https:\/\/www.allersretoursasso.fr\/wp-content\/uploads\/2025\/09\/WAShhh-Still-6-1024x576.jpg\" alt=\"\" class=\"wp-image-6315\" srcset=\"https:\/\/www.allersretoursasso.fr\/wp-content\/uploads\/2025\/09\/WAShhh-Still-6-1024x576.jpg 1024w, https:\/\/www.allersretoursasso.fr\/wp-content\/uploads\/2025\/09\/WAShhh-Still-6-300x169.jpg 300w, https:\/\/www.allersretoursasso.fr\/wp-content\/uploads\/2025\/09\/WAShhh-Still-6-768x432.jpg 768w, https:\/\/www.allersretoursasso.fr\/wp-content\/uploads\/2025\/09\/WAShhh-Still-6-1536x864.jpg 1536w, https:\/\/www.allersretoursasso.fr\/wp-content\/uploads\/2025\/09\/WAShhh-Still-6-2048x1152.jpg 2048w, https:\/\/www.allersretoursasso.fr\/wp-content\/uploads\/2025\/09\/WAShhh-Still-6-18x10.jpg 18w, https:\/\/www.allersretoursasso.fr\/wp-content\/uploads\/2025\/09\/WAShhh-Still-6-350x197.jpg 350w\" sizes=\"(max-width: 767px) 89vw, (max-width: 1000px) 54vw, (max-width: 1071px) 543px, 580px\" \/><\/figure>\n\n\n\n<figure class=\"wp-block-image size-large\"><img loading=\"lazy\" decoding=\"async\" width=\"1024\" height=\"576\" data-id=\"6314\" src=\"https:\/\/www.allersretoursasso.fr\/wp-content\/uploads\/2025\/09\/WAShhh-Still-5-1024x576.jpg\" alt=\"\" class=\"wp-image-6314\" srcset=\"https:\/\/www.allersretoursasso.fr\/wp-content\/uploads\/2025\/09\/WAShhh-Still-5-1024x576.jpg 1024w, https:\/\/www.allersretoursasso.fr\/wp-content\/uploads\/2025\/09\/WAShhh-Still-5-300x169.jpg 300w, https:\/\/www.allersretoursasso.fr\/wp-content\/uploads\/2025\/09\/WAShhh-Still-5-768x432.jpg 768w, https:\/\/www.allersretoursasso.fr\/wp-content\/uploads\/2025\/09\/WAShhh-Still-5-1536x864.jpg 1536w, https:\/\/www.allersretoursasso.fr\/wp-content\/uploads\/2025\/09\/WAShhh-Still-5-2048x1152.jpg 2048w, https:\/\/www.allersretoursasso.fr\/wp-content\/uploads\/2025\/09\/WAShhh-Still-5-18x10.jpg 18w, https:\/\/www.allersretoursasso.fr\/wp-content\/uploads\/2025\/09\/WAShhh-Still-5-350x197.jpg 350w\" sizes=\"(max-width: 767px) 89vw, (max-width: 1000px) 54vw, (max-width: 1071px) 543px, 580px\" \/><\/figure>\n\n\n\n<figure class=\"wp-block-image size-large\"><img loading=\"lazy\" decoding=\"async\" width=\"1024\" height=\"576\" data-id=\"6313\" src=\"https:\/\/www.allersretoursasso.fr\/wp-content\/uploads\/2025\/09\/WAShhh-Still-2-1024x576.jpg\" alt=\"\" class=\"wp-image-6313\" srcset=\"https:\/\/www.allersretoursasso.fr\/wp-content\/uploads\/2025\/09\/WAShhh-Still-2-1024x576.jpg 1024w, https:\/\/www.allersretoursasso.fr\/wp-content\/uploads\/2025\/09\/WAShhh-Still-2-300x169.jpg 300w, https:\/\/www.allersretoursasso.fr\/wp-content\/uploads\/2025\/09\/WAShhh-Still-2-768x432.jpg 768w, https:\/\/www.allersretoursasso.fr\/wp-content\/uploads\/2025\/09\/WAShhh-Still-2-1536x864.jpg 1536w, https:\/\/www.allersretoursasso.fr\/wp-content\/uploads\/2025\/09\/WAShhh-Still-2-2048x1152.jpg 2048w, https:\/\/www.allersretoursasso.fr\/wp-content\/uploads\/2025\/09\/WAShhh-Still-2-18x10.jpg 18w, https:\/\/www.allersretoursasso.fr\/wp-content\/uploads\/2025\/09\/WAShhh-Still-2-350x197.jpg 350w\" sizes=\"(max-width: 767px) 89vw, (max-width: 1000px) 54vw, (max-width: 1071px) 543px, 580px\" \/><\/figure>\n<\/figure>\n\n\n\n<p><\/p>\n\n\n\n<figure class=\"wp-block-embed is-type-video is-provider-youtube wp-block-embed-youtube wp-embed-aspect-16-9 wp-has-aspect-ratio\"><div class=\"wp-block-embed__wrapper\">\n<iframe loading=\"lazy\" title=\"WAShhh \u6d17\u51c0\" width=\"525\" height=\"295\" src=\"https:\/\/www.youtube.com\/embed\/Hf_5Zmbfm2E?feature=oembed\" frameborder=\"0\" allow=\"accelerometer; autoplay; clipboard-write; encrypted-media; gyroscope; picture-in-picture; web-share\" referrerpolicy=\"strict-origin-when-cross-origin\" allowfullscreen><\/iframe>\n<\/div><\/figure>\n\n\n\n<p><\/p>\n\n\n\n<hr class=\"wp-block-separator has-alpha-channel-opacity\"\/>\n\n\n\n<div class=\"wp-block-columns is-layout-flex wp-container-core-columns-layout-1 wp-block-columns-is-layout-flex\">\n<div class=\"wp-block-column is-layout-flow wp-block-column-is-layout-flow\"><\/div>\n<\/div>\n\n\n\n<div class=\"wp-block-columns is-layout-flex wp-container-core-columns-layout-2 wp-block-columns-is-layout-flex\">\n<div class=\"wp-block-column is-layout-flow wp-block-column-is-layout-flow\" style=\"flex-basis:33.33%\">\n<figure class=\"wp-block-image size-full\"><img loading=\"lazy\" decoding=\"async\" width=\"1080\" height=\"1080\" src=\"https:\/\/www.allersretoursasso.fr\/wp-content\/uploads\/2025\/09\/Mickey-Lai_Locarno77-edited.jpg\" alt=\"\" class=\"wp-image-6547\" srcset=\"https:\/\/www.allersretoursasso.fr\/wp-content\/uploads\/2025\/09\/Mickey-Lai_Locarno77-edited.jpg 1080w, https:\/\/www.allersretoursasso.fr\/wp-content\/uploads\/2025\/09\/Mickey-Lai_Locarno77-edited-300x300.jpg 300w, https:\/\/www.allersretoursasso.fr\/wp-content\/uploads\/2025\/09\/Mickey-Lai_Locarno77-edited-1024x1024.jpg 1024w, https:\/\/www.allersretoursasso.fr\/wp-content\/uploads\/2025\/09\/Mickey-Lai_Locarno77-edited-150x150.jpg 150w, https:\/\/www.allersretoursasso.fr\/wp-content\/uploads\/2025\/09\/Mickey-Lai_Locarno77-edited-768x768.jpg 768w, https:\/\/www.allersretoursasso.fr\/wp-content\/uploads\/2025\/09\/Mickey-Lai_Locarno77-edited-12x12.jpg 12w, https:\/\/www.allersretoursasso.fr\/wp-content\/uploads\/2025\/09\/Mickey-Lai_Locarno77-edited-100x100.jpg 100w, https:\/\/www.allersretoursasso.fr\/wp-content\/uploads\/2025\/09\/Mickey-Lai_Locarno77-edited-350x350.jpg 350w\" sizes=\"(max-width: 767px) 89vw, (max-width: 1000px) 54vw, (max-width: 1071px) 543px, 580px\" \/><\/figure>\n<\/div>\n\n\n\n<div class=\"wp-block-column is-layout-flow wp-block-column-is-layout-flow\" style=\"flex-basis:66.66%\">\n<p><strong>\u00c0 propos de Mickey LAI <br>\/ \u5173\u4e8e\u9ece\u4e50\u6021<\/strong><\/p>\n\n\n\n<p class=\"has-small-font-size\"><\/p>\n<\/div>\n<\/div>\n\n\n\n<p class=\"has-small-font-size\"><\/p>\n\n\n\n<p class=\"has-small-font-size\">Mickey LAI (LAI Lok Yee) est une r\u00e9alisatrice malaisienne dipl\u00f4m\u00e9e de la Met Film School de Londres. Ses \u0153uvres explorent les valeurs multiculturelles, la mort et l&#8217;identit\u00e9 personnelle. Son premier court-m\u00e9trage, <em>The Cloud Is Still There<\/em>, a \u00e9t\u00e9 s\u00e9lectionn\u00e9 \u00e0 Busan, Clermont-Ferrand et Yogyakarta. Son court-m\u00e9trage le plus r\u00e9cent, <em>WAShhh<\/em>, a remport\u00e9 le prix du meilleur court-m\u00e9trage international dans la comp\u00e9tition internationale Tomorrow&#8217;s Leopard au 77e Festival du film de Locarno.<\/p>\n\n\n\n<p class=\"has-small-font-size\">\u9ece\u4e50\u6021\uff0c\u9a6c\u6765\u897f\u4e9a\u7535\u5f71\u5de5\u4f5c\u8005\u3002\u5979\u7684\u521b\u4f5c\u56f4\u7ed5\u4e8e\u591a\u5143\u6587\u5316\u4ef7\u503c\u89c2\u3001\u6b7b\u4ea1\u4e0e\u81ea\u6211\u8eab\u4efd\u8ba4\u540c\u7684\u63a2\u7d22\u3002\u9996\u90e8\u7f16\u5bfc\u77ed\u7247\u300a\u84dd\u84dd\u5929\u7a7a\u300b\u66fe\u5165\u56f4\u91dc\u5c71\u3001\u514b\u83b1\u8499\u8d39\u6717\u3001\u65e5\u60f9\u3001\u4e1c\u5357\u4e9a\u7b49\u56fd\u9645\u7535\u5f71\u8282\u3002\u300a\u6d17\u51c0\u300b\u83b72024\u5e74\u6d1b\u8fe6\u8bfa\u7535\u5f71\u8282\u56fd\u9645\u77ed\u7247\u7ade\u8d5b\u5355\u5143\u6700\u4f73\u56fd\u9645\u77ed\u7247\u5956\u3002<\/p>\n\n\n\n<hr class=\"wp-block-separator has-alpha-channel-opacity is-style-wide\"\/>\n\n\n\n<div class=\"wp-block-buttons is-content-justification-center is-layout-flex wp-container-core-buttons-layout-1 wp-block-buttons-is-layout-flex\">\n<div class=\"wp-block-button has-custom-width wp-block-button__width-50 has-custom-font-size is-style-outline\" style=\"font-size:16px\"><a class=\"wp-block-button__link has-black-color has-white-background-color has-text-color has-background wp-element-button\" href=\"https:\/\/www.billetweb.fr\/coming-of-age-2025\" target=\"_blank\" rel=\"noreferrer noopener\">\u8d2d\u7968\u94fe\u63a5<br>\u7ebf\u4e0a\u8d2d\u7968<\/a><\/div>\n<\/div>\n\n\n\n<p><\/p>\n\n\n\n<p class=\"has-text-align-center has-medium-font-size\"><strong><span style=\"text-decoration: underline\">S\u00e9ance 0<\/span><\/strong><span style=\"text-decoration: underline;\"><strong>1<\/strong><\/span><\/p>\n\n\n\n<div class=\"wp-block-group is-layout-flow wp-block-group-is-layout-flow\"><div class=\"wp-block-group__inner-container\">\n<div class=\"wp-block-columns is-layout-flex wp-container-core-columns-layout-3 wp-block-columns-is-layout-flex\">\n<div class=\"wp-block-column is-layout-flow wp-block-column-is-layout-flow\">\n<p class=\"has-text-align-center\"><strong>Jeudi 09 octobre \u00e0 19h45 au PATH<strong>\u00c9<\/strong> LES FAUVETTES<\/strong><br>58 Av. des Gobelins, 75013 Paris<br><br>S\u00e9ance suivie d&#8217;une Q&amp;A avec la cin\u00e9aste en vid\u00e9oconf\u00e9rence<\/p>\n<\/div>\n\n\n\n<div class=\"wp-block-column is-layout-flow wp-block-column-is-layout-flow\">\n<p class=\"has-text-align-center\"><strong>Vendredi 3 octobre \u00e0 <strong>20h<\/strong>30 au <strong>CIN\u00c9MA<\/strong> LUMI\u00c8RE FOURMI<\/strong><br>68 rue Pierre Corneille, 69003 Lyon<\/p>\n<\/div>\n<\/div>\n<\/div><\/div>\n\n\n\n<figure class=\"wp-block-image size-large\"><a href=\"https:\/\/www.allersretoursasso.fr\/zh\/coming-of-age-2025\/\" target=\"_blank\" rel=\"noreferrer noopener\"><img loading=\"lazy\" decoding=\"async\" width=\"1024\" height=\"341\" src=\"https:\/\/www.allersretoursasso.fr\/wp-content\/uploads\/2025\/09\/1500_500-twitter-1024x341.png\" alt=\"\" class=\"wp-image-6335\" srcset=\"https:\/\/www.allersretoursasso.fr\/wp-content\/uploads\/2025\/09\/1500_500-twitter-1024x341.png 1024w, https:\/\/www.allersretoursasso.fr\/wp-content\/uploads\/2025\/09\/1500_500-twitter-300x100.png 300w, https:\/\/www.allersretoursasso.fr\/wp-content\/uploads\/2025\/09\/1500_500-twitter-768x256.png 768w, https:\/\/www.allersretoursasso.fr\/wp-content\/uploads\/2025\/09\/1500_500-twitter-1536x512.png 1536w, https:\/\/www.allersretoursasso.fr\/wp-content\/uploads\/2025\/09\/1500_500-twitter-2048x683.png 2048w, https:\/\/www.allersretoursasso.fr\/wp-content\/uploads\/2025\/09\/1500_500-twitter-18x6.png 18w, https:\/\/www.allersretoursasso.fr\/wp-content\/uploads\/2025\/09\/1500_500-twitter-350x117.png 350w\" sizes=\"(max-width: 767px) 89vw, (max-width: 1000px) 54vw, (max-width: 1071px) 543px, 580px\" \/><\/a><\/figure>\n\n\n\n<p class=\"has-text-align-center has-white-color has-text-color\" style=\"font-size:15px\"> 19h45 aux Ursuline<\/p>\n\n\n\n<p class=\"has-text-align-center has-white-color has-text-color\" style=\"font-size:15px\">06 octobre \u00e0 19h45 aux Ursulines<\/p>","protected":false},"excerpt":{"rendered":"<p>2024 \/ 23\u2019 \/ Malais, Anglais, Mandarin \/ VOSTF \/ Fiction 2024 \/ 23\u2019 \/ \u9a6c\u6765\u8bed\u3001\u82f1\u8bed\u3001\u4e2d\u6587 \/ \u539f\u58f0\u6cd5\u8bed\u5b57\u5e55 \/ \u5267\u60c5 En Malaisie, un groupe de pensionnaires d\u2019un camp du service national est convoqu\u00e9 au beau milieu de la nuit par l\u2019instructrice. Elles sont accus\u00e9es d\u2019avoir jet\u00e9 des serviettes hygi\u00e9niques sales dans les toilettes et doivent &hellip; <\/p>\n<p class=\"link-more\"><a href=\"https:\/\/www.allersretoursasso.fr\/zh\/coming-of-age-2025-washhh\/\" class=\"more-link\">\u7ee7\u7eed\u9605\u8bfb<span class=\"screen-reader-text\">\u201cComing of Age 2025  &#8211; WAShhh\u201d<\/span><\/a><\/p>","protected":false},"author":19,"featured_media":0,"parent":0,"menu_order":0,"comment_status":"closed","ping_status":"closed","template":"","meta":{"footnotes":""},"_links":{"self":[{"href":"https:\/\/www.allersretoursasso.fr\/zh\/wp-json\/wp\/v2\/pages\/6311"}],"collection":[{"href":"https:\/\/www.allersretoursasso.fr\/zh\/wp-json\/wp\/v2\/pages"}],"about":[{"href":"https:\/\/www.allersretoursasso.fr\/zh\/wp-json\/wp\/v2\/types\/page"}],"author":[{"embeddable":true,"href":"https:\/\/www.allersretoursasso.fr\/zh\/wp-json\/wp\/v2\/users\/19"}],"replies":[{"embeddable":true,"href":"https:\/\/www.allersretoursasso.fr\/zh\/wp-json\/wp\/v2\/comments?post=6311"}],"version-history":[{"count":9,"href":"https:\/\/www.allersretoursasso.fr\/zh\/wp-json\/wp\/v2\/pages\/6311\/revisions"}],"predecessor-version":[{"id":6842,"href":"https:\/\/www.allersretoursasso.fr\/zh\/wp-json\/wp\/v2\/pages\/6311\/revisions\/6842"}],"wp:attachment":[{"href":"https:\/\/www.allersretoursasso.fr\/zh\/wp-json\/wp\/v2\/media?parent=6311"}],"curies":[{"name":"wp","href":"https:\/\/api.w.org\/{rel}","templated":true}]}}