{"id":6347,"date":"2025-09-09T21:28:02","date_gmt":"2025-09-09T19:28:02","guid":{"rendered":"https:\/\/www.allersretoursasso.fr\/?page_id=6347"},"modified":"2025-10-09T23:56:55","modified_gmt":"2025-10-09T21:56:55","slug":"coming-of-age-2025-extracurricular-activity","status":"publish","type":"page","link":"https:\/\/www.allersretoursasso.fr\/zh\/coming-of-age-2025-extracurricular-activity\/","title":{"rendered":"Coming of Age 2025  &#8211; Extracurricular Activity"},"content":{"rendered":"<div id=\"fb-root\"><\/div>\n\n<div class=\"wp-block-media-text alignwide is-stacked-on-mobile\" style=\"grid-template-columns:41% auto\"><figure class=\"wp-block-media-text__media\"><img loading=\"lazy\" decoding=\"async\" width=\"683\" height=\"1024\" src=\"https:\/\/www.allersretoursasso.fr\/wp-content\/uploads\/2025\/09\/Extracurricular-Activity_Poster-683x1024.jpeg\" alt=\"\" class=\"wp-image-6648 size-full\" srcset=\"https:\/\/www.allersretoursasso.fr\/wp-content\/uploads\/2025\/09\/Extracurricular-Activity_Poster-683x1024.jpeg 683w, https:\/\/www.allersretoursasso.fr\/wp-content\/uploads\/2025\/09\/Extracurricular-Activity_Poster-200x300.jpeg 200w, https:\/\/www.allersretoursasso.fr\/wp-content\/uploads\/2025\/09\/Extracurricular-Activity_Poster-768x1152.jpeg 768w, https:\/\/www.allersretoursasso.fr\/wp-content\/uploads\/2025\/09\/Extracurricular-Activity_Poster-1024x1536.jpeg 1024w, https:\/\/www.allersretoursasso.fr\/wp-content\/uploads\/2025\/09\/Extracurricular-Activity_Poster-1365x2048.jpeg 1365w, https:\/\/www.allersretoursasso.fr\/wp-content\/uploads\/2025\/09\/Extracurricular-Activity_Poster-8x12.jpeg 8w, https:\/\/www.allersretoursasso.fr\/wp-content\/uploads\/2025\/09\/Extracurricular-Activity_Poster-350x525.jpeg 350w, https:\/\/www.allersretoursasso.fr\/wp-content\/uploads\/2025\/09\/Extracurricular-Activity_Poster-scaled.jpeg 1707w\" sizes=\"(max-width: 683px) 100vw, 683px\" \/><\/figure><div class=\"wp-block-media-text__content\">\n<div class=\"wp-block-group is-layout-flow wp-block-group-is-layout-flow\"><div class=\"wp-block-group__inner-container\">\n<div class=\"wp-block-group is-vertical is-layout-flex wp-container-core-group-layout-4 wp-block-group-is-layout-flex\">\n<div class=\"wp-block-group is-layout-flow wp-block-group-is-layout-flow\"><div class=\"wp-block-group__inner-container\">\n<div class=\"wp-block-group is-layout-flow wp-block-group-is-layout-flow\"><div class=\"wp-block-group__inner-container\">\n<div class=\"wp-block-group is-layout-flow wp-block-group-is-layout-flow\"><div class=\"wp-block-group__inner-container\">\n<p><\/p>\n\n\n\n<p style=\"font-size:30px;font-style:normal;font-weight:500\"><strong><em><strong><strong>Extracurricular Activity<\/strong><\/strong><\/em><\/strong><\/p>\n\n\n\n<p style=\"font-size:30px;font-style:normal;font-weight:500\"><strong><strong>\u8bfe\u5916\u6d3b\u52a8<\/strong><\/strong><\/p>\n\n\n\n<p class=\"has-medium-font-size\">Dean WEI, XU Yidan<\/p>\n\n\n\n<p class=\"has-medium-font-size\">\u9b4f\u5fb7\u5b89\u3001\u5f90\u4e00\u4e39<\/p>\n\n\n\n<p class=\"has-small-font-size\"><a href=\"https:\/\/www.allersretoursasso.fr\/zh\/coming-of-age-2025\/\">\u00c9dition : Coming of Age 2025<\/a><\/p>\n\n\n\n<p style=\"font-size:10px\"><\/p>\n<\/div><\/div>\n<\/div><\/div>\n<\/div><\/div>\n<\/div>\n<\/div><\/div>\n<\/div><\/div>\n\n\n\n<p class=\"has-text-align-center has-small-font-size\"><em>2024 \/ 22\u2019 \/ Mandarin \/ VOSTF \/ Fiction<\/em><\/p>\n\n\n\n<p class=\"has-text-align-center has-small-font-size\"><em>2024 \/ 22\u2019 \/ \u6c49\u8bed\u666e\u901a\u8bdd \/ \u539f\u58f0\u6cd5\u8bed\u5b57\u5e55 \/ \u5267\u60c5<\/em><\/p>\n\n\n\n<p>Un lyc\u00e9en et une lyc\u00e9enne ont un accident lors d\u2019une rencontre nocturne secr\u00e8te. Le gar\u00e7on r\u00e9veille sa m\u00e8re pour l\u2019aider \u00e0 arranger la situation. Cette derni\u00e8re se trouve alors tiraill\u00e9e entre son r\u00f4le de m\u00e8re et sa condition de femme.<\/p>\n\n\n\n<p>\u4e00\u5bf9\u9ad8\u4e2d\u60c5\u4fa3\u5728\u4e00\u591c\u6fc0\u60c5\u540e\u53d1\u751f\u610f\u5916\uff0c\u7537\u751f\u7684\u6bcd\u4eb2\u88ab\u8feb\u5316\u89e3\u8fd9\u573a\u5371\u673a\u3002\u4e8b\u4ef6\u7684\u6027\u8d28\u4f7f\u5979\u6bcd\u4eb2\u7684\u89d2\u8272\u4e0e\u5973\u6027\u7684\u89d2\u8272\u4ea7\u751f\u4e86\u76f4\u63a5\u51b2\u7a81\u3002<\/p>\n\n\n\n<p><mark style=\"background-color:rgba(0, 0, 0, 0)\" class=\"has-inline-color has-white-color\">000000<\/mark><\/p>\n\n\n\n<figure class=\"wp-block-gallery has-nested-images columns-default is-cropped wp-block-gallery-1 is-layout-flex wp-block-gallery-is-layout-flex\">\n<figure class=\"wp-block-image size-large\"><img loading=\"lazy\" decoding=\"async\" width=\"1024\" height=\"640\" data-id=\"6349\" src=\"https:\/\/www.allersretoursasso.fr\/wp-content\/uploads\/2025\/09\/\u5267\u71671-1024x640.jpg\" alt=\"\" class=\"wp-image-6349\" srcset=\"https:\/\/www.allersretoursasso.fr\/wp-content\/uploads\/2025\/09\/\u5267\u71671-1024x640.jpg 1024w, https:\/\/www.allersretoursasso.fr\/wp-content\/uploads\/2025\/09\/\u5267\u71671-300x188.jpg 300w, https:\/\/www.allersretoursasso.fr\/wp-content\/uploads\/2025\/09\/\u5267\u71671-768x480.jpg 768w, https:\/\/www.allersretoursasso.fr\/wp-content\/uploads\/2025\/09\/\u5267\u71671-1536x960.jpg 1536w, https:\/\/www.allersretoursasso.fr\/wp-content\/uploads\/2025\/09\/\u5267\u71671-2048x1280.jpg 2048w, https:\/\/www.allersretoursasso.fr\/wp-content\/uploads\/2025\/09\/\u5267\u71671-18x12.jpg 18w, https:\/\/www.allersretoursasso.fr\/wp-content\/uploads\/2025\/09\/\u5267\u71671-350x219.jpg 350w\" sizes=\"(max-width: 767px) 89vw, (max-width: 1000px) 54vw, (max-width: 1071px) 543px, 580px\" \/><\/figure>\n\n\n\n<figure class=\"wp-block-image size-large\"><img loading=\"lazy\" decoding=\"async\" width=\"1024\" height=\"640\" data-id=\"6351\" src=\"https:\/\/www.allersretoursasso.fr\/wp-content\/uploads\/2025\/09\/\u5267\u71672-1024x640.jpg\" alt=\"\" class=\"wp-image-6351\" srcset=\"https:\/\/www.allersretoursasso.fr\/wp-content\/uploads\/2025\/09\/\u5267\u71672-1024x640.jpg 1024w, https:\/\/www.allersretoursasso.fr\/wp-content\/uploads\/2025\/09\/\u5267\u71672-300x188.jpg 300w, https:\/\/www.allersretoursasso.fr\/wp-content\/uploads\/2025\/09\/\u5267\u71672-768x480.jpg 768w, https:\/\/www.allersretoursasso.fr\/wp-content\/uploads\/2025\/09\/\u5267\u71672-1536x960.jpg 1536w, https:\/\/www.allersretoursasso.fr\/wp-content\/uploads\/2025\/09\/\u5267\u71672-18x12.jpg 18w, https:\/\/www.allersretoursasso.fr\/wp-content\/uploads\/2025\/09\/\u5267\u71672-350x219.jpg 350w, https:\/\/www.allersretoursasso.fr\/wp-content\/uploads\/2025\/09\/\u5267\u71672.jpg 2048w\" sizes=\"(max-width: 767px) 89vw, (max-width: 1000px) 54vw, (max-width: 1071px) 543px, 580px\" \/><\/figure>\n\n\n\n<figure class=\"wp-block-image size-large\"><img loading=\"lazy\" decoding=\"async\" width=\"1024\" height=\"640\" data-id=\"6350\" src=\"https:\/\/www.allersretoursasso.fr\/wp-content\/uploads\/2025\/09\/\u5267\u71673-1024x640.jpg\" alt=\"\" class=\"wp-image-6350\" srcset=\"https:\/\/www.allersretoursasso.fr\/wp-content\/uploads\/2025\/09\/\u5267\u71673-1024x640.jpg 1024w, https:\/\/www.allersretoursasso.fr\/wp-content\/uploads\/2025\/09\/\u5267\u71673-300x188.jpg 300w, https:\/\/www.allersretoursasso.fr\/wp-content\/uploads\/2025\/09\/\u5267\u71673-768x480.jpg 768w, https:\/\/www.allersretoursasso.fr\/wp-content\/uploads\/2025\/09\/\u5267\u71673-1536x960.jpg 1536w, https:\/\/www.allersretoursasso.fr\/wp-content\/uploads\/2025\/09\/\u5267\u71673-18x12.jpg 18w, https:\/\/www.allersretoursasso.fr\/wp-content\/uploads\/2025\/09\/\u5267\u71673-350x219.jpg 350w, https:\/\/www.allersretoursasso.fr\/wp-content\/uploads\/2025\/09\/\u5267\u71673.jpg 2048w\" sizes=\"(max-width: 767px) 89vw, (max-width: 1000px) 54vw, (max-width: 1071px) 543px, 580px\" \/><\/figure>\n<\/figure>\n\n\n\n<figure class=\"wp-block-embed is-type-video is-provider-youtube wp-block-embed-youtube wp-embed-aspect-16-9 wp-has-aspect-ratio\"><div class=\"wp-block-embed__wrapper\">\n<iframe loading=\"lazy\" title=\"Extracurricular Activity \u8bfe\u5916\u6d3b\u52a8\" width=\"525\" height=\"295\" src=\"https:\/\/www.youtube.com\/embed\/VcnHbYrk6wI?feature=oembed\" frameborder=\"0\" allow=\"accelerometer; autoplay; clipboard-write; encrypted-media; gyroscope; picture-in-picture; web-share\" referrerpolicy=\"strict-origin-when-cross-origin\" allowfullscreen><\/iframe>\n<\/div><\/figure>\n\n\n\n<p><\/p>\n\n\n\n<hr class=\"wp-block-separator has-alpha-channel-opacity\"\/>\n\n\n\n<div class=\"wp-block-columns is-layout-flex wp-container-core-columns-layout-1 wp-block-columns-is-layout-flex\">\n<div class=\"wp-block-column is-layout-flow wp-block-column-is-layout-flow\">\n<figure class=\"wp-block-image size-full\"><img loading=\"lazy\" decoding=\"async\" width=\"2560\" height=\"2560\" src=\"https:\/\/www.allersretoursasso.fr\/wp-content\/uploads\/2025\/09\/DIrector-Dean-Wei-edited-scaled.jpg\" alt=\"\" class=\"wp-image-6353\" srcset=\"https:\/\/www.allersretoursasso.fr\/wp-content\/uploads\/2025\/09\/DIrector-Dean-Wei-edited-scaled.jpg 2560w, https:\/\/www.allersretoursasso.fr\/wp-content\/uploads\/2025\/09\/DIrector-Dean-Wei-edited-300x300.jpg 300w, https:\/\/www.allersretoursasso.fr\/wp-content\/uploads\/2025\/09\/DIrector-Dean-Wei-edited-1024x1024.jpg 1024w, https:\/\/www.allersretoursasso.fr\/wp-content\/uploads\/2025\/09\/DIrector-Dean-Wei-edited-150x150.jpg 150w, https:\/\/www.allersretoursasso.fr\/wp-content\/uploads\/2025\/09\/DIrector-Dean-Wei-edited-768x768.jpg 768w, https:\/\/www.allersretoursasso.fr\/wp-content\/uploads\/2025\/09\/DIrector-Dean-Wei-edited-1536x1536.jpg 1536w, https:\/\/www.allersretoursasso.fr\/wp-content\/uploads\/2025\/09\/DIrector-Dean-Wei-edited-2048x2048.jpg 2048w, https:\/\/www.allersretoursasso.fr\/wp-content\/uploads\/2025\/09\/DIrector-Dean-Wei-edited-12x12.jpg 12w, https:\/\/www.allersretoursasso.fr\/wp-content\/uploads\/2025\/09\/DIrector-Dean-Wei-edited-100x100.jpg 100w, https:\/\/www.allersretoursasso.fr\/wp-content\/uploads\/2025\/09\/DIrector-Dean-Wei-edited-350x350.jpg 350w\" sizes=\"(max-width: 767px) 89vw, (max-width: 1000px) 54vw, (max-width: 1071px) 543px, 580px\" \/><\/figure>\n<\/div>\n\n\n\n<div class=\"wp-block-column is-layout-flow wp-block-column-is-layout-flow\">\n<figure class=\"wp-block-image size-large\"><img loading=\"lazy\" decoding=\"async\" width=\"1280\" height=\"1280\" src=\"https:\/\/www.allersretoursasso.fr\/wp-content\/uploads\/2025\/09\/Director-Yidan-Xu-edited.jpg\" alt=\"\" class=\"wp-image-6355\" srcset=\"https:\/\/www.allersretoursasso.fr\/wp-content\/uploads\/2025\/09\/Director-Yidan-Xu-edited.jpg 1280w, https:\/\/www.allersretoursasso.fr\/wp-content\/uploads\/2025\/09\/Director-Yidan-Xu-edited-300x300.jpg 300w, https:\/\/www.allersretoursasso.fr\/wp-content\/uploads\/2025\/09\/Director-Yidan-Xu-edited-1024x1024.jpg 1024w, https:\/\/www.allersretoursasso.fr\/wp-content\/uploads\/2025\/09\/Director-Yidan-Xu-edited-150x150.jpg 150w, https:\/\/www.allersretoursasso.fr\/wp-content\/uploads\/2025\/09\/Director-Yidan-Xu-edited-768x768.jpg 768w, https:\/\/www.allersretoursasso.fr\/wp-content\/uploads\/2025\/09\/Director-Yidan-Xu-edited-12x12.jpg 12w, https:\/\/www.allersretoursasso.fr\/wp-content\/uploads\/2025\/09\/Director-Yidan-Xu-edited-100x100.jpg 100w, https:\/\/www.allersretoursasso.fr\/wp-content\/uploads\/2025\/09\/Director-Yidan-Xu-edited-350x350.jpg 350w\" sizes=\"(max-width: 767px) 89vw, (max-width: 1000px) 54vw, (max-width: 1071px) 543px, 580px\" \/><\/figure>\n<\/div>\n\n\n\n<div class=\"wp-block-column is-layout-flow wp-block-column-is-layout-flow\">\n<p><strong>\u00c0 propos de Dean WEI et XU Yidan<br>\/ \u5173\u4e8e\u9b4f\u5fb7\u5b89\u548c\u5f90\u4e00\u4e39<\/strong><\/p>\n<\/div>\n<\/div>\n\n\n\n<p class=\"has-small-font-size\"><strong>Dean WEI<\/strong><\/p>\n\n\n\n<p class=\"has-small-font-size\">N\u00e9 \u00e0 Cologne, en Allemagne, Dean Wei est dipl\u00f4m\u00e9 du d\u00e9partement de cin\u00e9matographie de l\u2019Acad\u00e9mie du film de P\u00e9kin. Il est actuellement bas\u00e9 \u00e0 P\u00e9kin en tant que compositeur et directeur de la photographie.<br>\u9b4f\u5fb7\u5b89\u751f\u4e8e\u5fb7\u56fd\u79d1\u9686\u30022022\u5e74\u4e8e\u5317\u4eac\u7535\u5f71\u5b66\u9662\u6444\u5f71\u7cfb\u672c\u79d1\u6bd5\u4e1a\u3002\u6bd5\u4e1a\u540e\u4ece\u4e8b\u7535\u5f71\u914d\u4e50\u4ee5\u53ca\u5267\u60c5\u7247\u6444\u5f71\u3002<\/p>\n\n\n\n<p class=\"has-small-font-size\"><strong>XU Yidan<\/strong><\/p>\n\n\n\n<p class=\"has-small-font-size\">XU Yidan, originaire de Chengdu, est une r\u00e9alisatrice, sc\u00e9nariste et actrice. Elle a \u00e9tudi\u00e9 la cin\u00e9matographie \u00e0 l\u2019Acad\u00e9mie du film de P\u00e9kin et travaille actuellement en France.<br>\u5bfc\u6f14\u3001\u7f16\u5267\u548c\u6f14\u5458\u5f90\u4e00\u4e39\u6765\u81ea\u4e2d\u56fd\u6210\u90fd\u3002\u5979\u66fe\u5728\u5317\u4eac\u7535\u5f71\u5b66\u9662\u5b66\u4e60\u7535\u5f71\u6444\u5f71\uff0c\u76ee\u524d\u751f\u6d3b\u5728\u6cd5\u56fd\u3002<br>\u4e24\u4eba\u5171\u540c\u6267\u5bfc\u77ed\u7247\u4f5c\u54c1\u300a\u8bfe\u5916\u6d3b\u52a8\u300b\u5165\u56f4\u7b2c75\u5c4a\u67cf\u6797\u56fd\u9645\u7535\u5f71\u8282\u77ed\u7247\u7ade\u8d5b\u5355\u5143\uff0c\u83b7\u7b2c18\u5c4aFIRST\u56fd\u9645\u7535\u5f71\u8282\u6700\u4f73\u77ed\u7247\u5956\u3002<\/p>\n\n\n\n<hr class=\"wp-block-separator has-alpha-channel-opacity is-style-wide\"\/>\n\n\n\n<div class=\"wp-block-buttons is-content-justification-center is-layout-flex wp-container-core-buttons-layout-1 wp-block-buttons-is-layout-flex\">\n<div class=\"wp-block-button has-custom-width wp-block-button__width-50 has-custom-font-size is-style-outline\" style=\"font-size:16px\"><a class=\"wp-block-button__link has-black-color has-white-background-color has-text-color has-background wp-element-button\" href=\"https:\/\/www.billetweb.fr\/coming-of-age-2025\" target=\"_blank\" rel=\"noreferrer noopener\">\u8d2d\u7968\u94fe\u63a5<br>\u7ebf\u4e0a\u8d2d\u7968<\/a><\/div>\n<\/div>\n\n\n\n<p><\/p>\n\n\n\n<p class=\"has-text-align-center has-medium-font-size\"><strong><span style=\"text-decoration: underline\">S\u00e9ance 04<\/span><\/strong><\/p>\n\n\n\n<div class=\"wp-block-columns is-layout-flex wp-container-core-columns-layout-2 wp-block-columns-is-layout-flex\">\n<div class=\"wp-block-column is-layout-flow wp-block-column-is-layout-flow\">\n<p class=\"has-text-align-center\"><strong>Dimanche 12 octobre \u00e0 19h45 au Studio des Ursulines<\/strong><br>10 rue des Ursulines, 75005 Paris<br><br>S\u00e9ance suivie d&#8217;une Q&amp;A avec Xu Yidan<\/p>\n<\/div>\n\n\n\n<div class=\"wp-block-column is-layout-flow wp-block-column-is-layout-flow\">\n<p class=\"has-text-align-center\"><strong>Vendredi 10 octobre \u00e0 <strong>19h<\/strong>30 au <strong>CIN\u00c9MA LES ALIZ\u00c9S<\/strong><\/strong><br>214 avenue Franklin Roosevelt, 69500 Bron<\/p>\n<\/div>\n<\/div>\n\n\n\n<div class=\"wp-block-cover is-light\" style=\"min-height:349px\"><span aria-hidden=\"true\" class=\"wp-block-cover__background has-white-background-color has-background-dim\"><\/span><div class=\"wp-block-cover__inner-container is-layout-flow wp-block-cover-is-layout-flow\">\n<div class=\"wp-block-group is-layout-flow wp-block-group-is-layout-flow\"><div class=\"wp-block-group__inner-container\">\n<figure class=\"wp-block-image size-large\"><a href=\"https:\/\/www.allersretoursasso.fr\/zh\/coming-of-age-2025\/\" target=\"_blank\" rel=\"noreferrer noopener\"><img loading=\"lazy\" decoding=\"async\" width=\"1024\" height=\"341\" src=\"https:\/\/www.allersretoursasso.fr\/wp-content\/uploads\/2025\/09\/1500_500-twitter-1024x341.png\" alt=\"\" class=\"wp-image-6335\" srcset=\"https:\/\/www.allersretoursasso.fr\/wp-content\/uploads\/2025\/09\/1500_500-twitter-1024x341.png 1024w, https:\/\/www.allersretoursasso.fr\/wp-content\/uploads\/2025\/09\/1500_500-twitter-300x100.png 300w, https:\/\/www.allersretoursasso.fr\/wp-content\/uploads\/2025\/09\/1500_500-twitter-768x256.png 768w, https:\/\/www.allersretoursasso.fr\/wp-content\/uploads\/2025\/09\/1500_500-twitter-1536x512.png 1536w, https:\/\/www.allersretoursasso.fr\/wp-content\/uploads\/2025\/09\/1500_500-twitter-2048x683.png 2048w, https:\/\/www.allersretoursasso.fr\/wp-content\/uploads\/2025\/09\/1500_500-twitter-18x6.png 18w, https:\/\/www.allersretoursasso.fr\/wp-content\/uploads\/2025\/09\/1500_500-twitter-350x117.png 350w\" sizes=\"(max-width: 767px) 89vw, (max-width: 1000px) 54vw, (max-width: 1071px) 543px, 580px\" \/><\/a><\/figure>\n<\/div><\/div>\n<\/div><\/div>\n\n\n\n<div class=\"wp-block-group is-layout-flow wp-block-group-is-layout-flow\"><div class=\"wp-block-group__inner-container\">\n<p class=\"has-text-align-center\" style=\"font-size:15px\"><\/p>\n<\/div><\/div>\n\n\n\n<p class=\"has-text-align-center has-white-color has-text-color\" style=\"font-size:15px\"> 19h45 aux Ursuline<\/p>\n\n\n\n<p class=\"has-text-align-center has-white-color has-text-color\" style=\"font-size:15px\">06 octobre \u00e0 19h45 aux Ursulines<\/p>","protected":false},"excerpt":{"rendered":"<p>2024 \/ 22\u2019 \/ Mandarin \/ VOSTF \/ Fiction 2024 \/ 22\u2019 \/ \u6c49\u8bed\u666e\u901a\u8bdd \/ \u539f\u58f0\u6cd5\u8bed\u5b57\u5e55 \/ \u5267\u60c5 Un lyc\u00e9en et une lyc\u00e9enne ont un accident lors d\u2019une rencontre nocturne secr\u00e8te. Le gar\u00e7on r\u00e9veille sa m\u00e8re pour l\u2019aider \u00e0 arranger la situation. Cette derni\u00e8re se trouve alors tiraill\u00e9e entre son r\u00f4le de m\u00e8re et sa &hellip; <\/p>\n<p class=\"link-more\"><a href=\"https:\/\/www.allersretoursasso.fr\/zh\/coming-of-age-2025-extracurricular-activity\/\" class=\"more-link\">\u7ee7\u7eed\u9605\u8bfb<span class=\"screen-reader-text\">\u201cComing of Age 2025  &#8211; Extracurricular Activity\u201d<\/span><\/a><\/p>","protected":false},"author":17,"featured_media":0,"parent":0,"menu_order":0,"comment_status":"closed","ping_status":"closed","template":"","meta":{"footnotes":""},"_links":{"self":[{"href":"https:\/\/www.allersretoursasso.fr\/zh\/wp-json\/wp\/v2\/pages\/6347"}],"collection":[{"href":"https:\/\/www.allersretoursasso.fr\/zh\/wp-json\/wp\/v2\/pages"}],"about":[{"href":"https:\/\/www.allersretoursasso.fr\/zh\/wp-json\/wp\/v2\/types\/page"}],"author":[{"embeddable":true,"href":"https:\/\/www.allersretoursasso.fr\/zh\/wp-json\/wp\/v2\/users\/17"}],"replies":[{"embeddable":true,"href":"https:\/\/www.allersretoursasso.fr\/zh\/wp-json\/wp\/v2\/comments?post=6347"}],"version-history":[{"count":11,"href":"https:\/\/www.allersretoursasso.fr\/zh\/wp-json\/wp\/v2\/pages\/6347\/revisions"}],"predecessor-version":[{"id":6851,"href":"https:\/\/www.allersretoursasso.fr\/zh\/wp-json\/wp\/v2\/pages\/6347\/revisions\/6851"}],"wp:attachment":[{"href":"https:\/\/www.allersretoursasso.fr\/zh\/wp-json\/wp\/v2\/media?parent=6347"}],"curies":[{"name":"wp","href":"https:\/\/api.w.org\/{rel}","templated":true}]}}