{"id":6399,"date":"2025-09-09T22:54:26","date_gmt":"2025-09-09T20:54:26","guid":{"rendered":"https:\/\/www.allersretoursasso.fr\/?page_id=6399"},"modified":"2025-09-22T20:38:48","modified_gmt":"2025-09-22T18:38:48","slug":"coming-of-age-2025-childrens-day","status":"publish","type":"page","link":"https:\/\/www.allersretoursasso.fr\/zh\/coming-of-age-2025-childrens-day\/","title":{"rendered":"Coming of Age 2025  &#8211; Children&#8217;s Day"},"content":{"rendered":"<div id=\"fb-root\"><\/div>\n\n<div class=\"wp-block-media-text alignwide is-stacked-on-mobile\" style=\"grid-template-columns:41% auto\"><figure class=\"wp-block-media-text__media\"><img loading=\"lazy\" decoding=\"async\" width=\"576\" height=\"1024\" src=\"https:\/\/www.allersretoursasso.fr\/wp-content\/uploads\/2025\/09\/Childrens-Day_Socials_9x16-576x1024.jpg\" alt=\"\" class=\"wp-image-6400 size-full\" srcset=\"https:\/\/www.allersretoursasso.fr\/wp-content\/uploads\/2025\/09\/Childrens-Day_Socials_9x16-576x1024.jpg 576w, https:\/\/www.allersretoursasso.fr\/wp-content\/uploads\/2025\/09\/Childrens-Day_Socials_9x16-169x300.jpg 169w, https:\/\/www.allersretoursasso.fr\/wp-content\/uploads\/2025\/09\/Childrens-Day_Socials_9x16-768x1365.jpg 768w, https:\/\/www.allersretoursasso.fr\/wp-content\/uploads\/2025\/09\/Childrens-Day_Socials_9x16-864x1536.jpg 864w, https:\/\/www.allersretoursasso.fr\/wp-content\/uploads\/2025\/09\/Childrens-Day_Socials_9x16-1152x2048.jpg 1152w, https:\/\/www.allersretoursasso.fr\/wp-content\/uploads\/2025\/09\/Childrens-Day_Socials_9x16-7x12.jpg 7w, https:\/\/www.allersretoursasso.fr\/wp-content\/uploads\/2025\/09\/Childrens-Day_Socials_9x16-350x622.jpg 350w, https:\/\/www.allersretoursasso.fr\/wp-content\/uploads\/2025\/09\/Childrens-Day_Socials_9x16-scaled.jpg 1440w\" sizes=\"(max-width: 576px) 100vw, 576px\" \/><\/figure><div class=\"wp-block-media-text__content\">\n<div class=\"wp-block-group is-layout-flow wp-block-group-is-layout-flow\"><div class=\"wp-block-group__inner-container\">\n<div class=\"wp-block-group is-vertical is-layout-flex wp-container-core-group-layout-4 wp-block-group-is-layout-flex\">\n<div class=\"wp-block-group is-layout-flow wp-block-group-is-layout-flow\"><div class=\"wp-block-group__inner-container\">\n<div class=\"wp-block-group is-layout-flow wp-block-group-is-layout-flow\"><div class=\"wp-block-group__inner-container\">\n<div class=\"wp-block-group is-layout-flow wp-block-group-is-layout-flow\"><div class=\"wp-block-group__inner-container\">\n<p><\/p>\n\n\n\n<p style=\"font-size:30px;font-style:normal;font-weight:500\"><strong><em>Children&#8217;s Day<\/em><\/strong><\/p>\n\n\n\n<p style=\"font-size:30px;font-style:normal;font-weight:500\">\u613f\u59b3\u5e78\u798f<\/p>\n\n\n\n<p class=\"has-medium-font-size\">Giselle LIN<\/p>\n\n\n\n<p class=\"has-medium-font-size\">\u6797\u6684\u6674<\/p>\n\n\n\n<p class=\"has-small-font-size\"><a href=\"https:\/\/www.allersretoursasso.fr\/zh\/coming-of-age-2025\/\" target=\"_blank\" rel=\"noreferrer noopener\">\u00c9dition : Coming of Age 2025<\/a><\/p>\n\n\n\n<p style=\"font-size:10px\"><\/p>\n<\/div><\/div>\n<\/div><\/div>\n<\/div><\/div>\n<\/div>\n<\/div><\/div>\n<\/div><\/div>\n\n\n\n<p class=\"has-text-align-center has-small-font-size\">2025 \/ 20\u2019 \/ Anglais \/ VOSTF \/ Fiction<\/p>\n\n\n\n<p class=\"has-text-align-center has-small-font-size\"><em>2025 \/ 20\u2019 \/ \u82f1\u8bed \/ \u539f\u58f0\u6cd5\u8bed\u5b57\u5e55 \/ \u5267\u60c5<\/em><\/p>\n\n\n\n<p>Singapour, d\u00e9but des ann\u00e9es 2000. Xuan, une petite fille discr\u00e8te mais pleine d\u2019imagination, se fait une nouvelle amie \u00e0 l\u2019\u00e9cole. Elle se met alors en qu\u00eate de la tenue parfaite pour la f\u00eate des enfants.<\/p>\n\n\n\n<p>\u516b\u5c81\u7684\u8431\u5929\u6027\u5bb3\u7f9e\u53c8\u5bcc\u6709\u60f3\u8c61\u529b\uff0c\u5979\u6b63\u52aa\u529b\u4e3a\u5b66\u6821\u5373\u5c06\u5230\u6765\u7684\u513f\u7ae5\u8282\u5e86\u5178\u6311\u9009\u670d\u88c5\uff0c\u540c\u65f6\u8fd8\u8981\u9002\u5e94\u52a8\u8361\u7684\u5bb6\u5ead\u751f\u6d3b\uff0c\u4ee5\u53ca\u5728\u5b66\u6821\u91cc\u4e00\u6bb5\u610f\u60f3\u4e0d\u5230\u7684\u65b0\u53cb\u8c0a\u3002<\/p>\n\n\n\n<p><mark style=\"background-color:rgba(0, 0, 0, 0)\" class=\"has-inline-color has-white-color\">00000<\/mark><\/p>\n\n\n\n<figure class=\"wp-block-gallery has-nested-images columns-default is-cropped wp-block-gallery-1 is-layout-flex wp-block-gallery-is-layout-flex\">\n<figure class=\"wp-block-image size-large\"><img loading=\"lazy\" decoding=\"async\" width=\"1024\" height=\"576\" data-id=\"6402\" src=\"https:\/\/www.allersretoursasso.fr\/wp-content\/uploads\/2025\/09\/Childrens-Day_Stills-5_Xuan-and-Maggie_\u00a9-Potocol-1024x576.png\" alt=\"\" class=\"wp-image-6402\" srcset=\"https:\/\/www.allersretoursasso.fr\/wp-content\/uploads\/2025\/09\/Childrens-Day_Stills-5_Xuan-and-Maggie_\u00a9-Potocol-1024x576.png 1024w, https:\/\/www.allersretoursasso.fr\/wp-content\/uploads\/2025\/09\/Childrens-Day_Stills-5_Xuan-and-Maggie_\u00a9-Potocol-300x169.png 300w, https:\/\/www.allersretoursasso.fr\/wp-content\/uploads\/2025\/09\/Childrens-Day_Stills-5_Xuan-and-Maggie_\u00a9-Potocol-768x432.png 768w, https:\/\/www.allersretoursasso.fr\/wp-content\/uploads\/2025\/09\/Childrens-Day_Stills-5_Xuan-and-Maggie_\u00a9-Potocol-1536x864.png 1536w, https:\/\/www.allersretoursasso.fr\/wp-content\/uploads\/2025\/09\/Childrens-Day_Stills-5_Xuan-and-Maggie_\u00a9-Potocol-18x10.png 18w, https:\/\/www.allersretoursasso.fr\/wp-content\/uploads\/2025\/09\/Childrens-Day_Stills-5_Xuan-and-Maggie_\u00a9-Potocol-350x197.png 350w, https:\/\/www.allersretoursasso.fr\/wp-content\/uploads\/2025\/09\/Childrens-Day_Stills-5_Xuan-and-Maggie_\u00a9-Potocol.png 1920w\" sizes=\"(max-width: 767px) 89vw, (max-width: 1000px) 54vw, (max-width: 1071px) 543px, 580px\" \/><\/figure>\n\n\n\n<figure class=\"wp-block-image size-large\"><img loading=\"lazy\" decoding=\"async\" width=\"1024\" height=\"576\" data-id=\"6403\" src=\"https:\/\/www.allersretoursasso.fr\/wp-content\/uploads\/2025\/09\/Childrens-Day_Still-4_\u00a9-Potocol-1024x576.png\" alt=\"\" class=\"wp-image-6403\" srcset=\"https:\/\/www.allersretoursasso.fr\/wp-content\/uploads\/2025\/09\/Childrens-Day_Still-4_\u00a9-Potocol-1024x576.png 1024w, https:\/\/www.allersretoursasso.fr\/wp-content\/uploads\/2025\/09\/Childrens-Day_Still-4_\u00a9-Potocol-300x169.png 300w, https:\/\/www.allersretoursasso.fr\/wp-content\/uploads\/2025\/09\/Childrens-Day_Still-4_\u00a9-Potocol-768x432.png 768w, https:\/\/www.allersretoursasso.fr\/wp-content\/uploads\/2025\/09\/Childrens-Day_Still-4_\u00a9-Potocol-1536x864.png 1536w, https:\/\/www.allersretoursasso.fr\/wp-content\/uploads\/2025\/09\/Childrens-Day_Still-4_\u00a9-Potocol-18x10.png 18w, https:\/\/www.allersretoursasso.fr\/wp-content\/uploads\/2025\/09\/Childrens-Day_Still-4_\u00a9-Potocol-350x197.png 350w, https:\/\/www.allersretoursasso.fr\/wp-content\/uploads\/2025\/09\/Childrens-Day_Still-4_\u00a9-Potocol.png 1920w\" sizes=\"(max-width: 767px) 89vw, (max-width: 1000px) 54vw, (max-width: 1071px) 543px, 580px\" \/><\/figure>\n\n\n\n<figure class=\"wp-block-image size-large\"><img loading=\"lazy\" decoding=\"async\" width=\"1024\" height=\"576\" data-id=\"6404\" src=\"https:\/\/www.allersretoursasso.fr\/wp-content\/uploads\/2025\/09\/Childrens-Day_Still-3_Xuan-and-Maggie_\u00a9-Potocol-1024x576.png\" alt=\"\" class=\"wp-image-6404\" srcset=\"https:\/\/www.allersretoursasso.fr\/wp-content\/uploads\/2025\/09\/Childrens-Day_Still-3_Xuan-and-Maggie_\u00a9-Potocol-1024x576.png 1024w, https:\/\/www.allersretoursasso.fr\/wp-content\/uploads\/2025\/09\/Childrens-Day_Still-3_Xuan-and-Maggie_\u00a9-Potocol-300x169.png 300w, https:\/\/www.allersretoursasso.fr\/wp-content\/uploads\/2025\/09\/Childrens-Day_Still-3_Xuan-and-Maggie_\u00a9-Potocol-768x432.png 768w, https:\/\/www.allersretoursasso.fr\/wp-content\/uploads\/2025\/09\/Childrens-Day_Still-3_Xuan-and-Maggie_\u00a9-Potocol-1536x864.png 1536w, https:\/\/www.allersretoursasso.fr\/wp-content\/uploads\/2025\/09\/Childrens-Day_Still-3_Xuan-and-Maggie_\u00a9-Potocol-18x10.png 18w, https:\/\/www.allersretoursasso.fr\/wp-content\/uploads\/2025\/09\/Childrens-Day_Still-3_Xuan-and-Maggie_\u00a9-Potocol-350x197.png 350w, https:\/\/www.allersretoursasso.fr\/wp-content\/uploads\/2025\/09\/Childrens-Day_Still-3_Xuan-and-Maggie_\u00a9-Potocol.png 1920w\" sizes=\"(max-width: 767px) 89vw, (max-width: 1000px) 54vw, (max-width: 1071px) 543px, 580px\" \/><\/figure>\n\n\n\n<figure class=\"wp-block-image size-large\"><img loading=\"lazy\" decoding=\"async\" width=\"1024\" height=\"576\" data-id=\"6405\" src=\"https:\/\/www.allersretoursasso.fr\/wp-content\/uploads\/2025\/09\/Childrens-Day_Still-2_Xuan_\u00a9-Potocol-1024x576.png\" alt=\"\" class=\"wp-image-6405\" srcset=\"https:\/\/www.allersretoursasso.fr\/wp-content\/uploads\/2025\/09\/Childrens-Day_Still-2_Xuan_\u00a9-Potocol-1024x576.png 1024w, https:\/\/www.allersretoursasso.fr\/wp-content\/uploads\/2025\/09\/Childrens-Day_Still-2_Xuan_\u00a9-Potocol-300x169.png 300w, https:\/\/www.allersretoursasso.fr\/wp-content\/uploads\/2025\/09\/Childrens-Day_Still-2_Xuan_\u00a9-Potocol-768x432.png 768w, https:\/\/www.allersretoursasso.fr\/wp-content\/uploads\/2025\/09\/Childrens-Day_Still-2_Xuan_\u00a9-Potocol-1536x864.png 1536w, https:\/\/www.allersretoursasso.fr\/wp-content\/uploads\/2025\/09\/Childrens-Day_Still-2_Xuan_\u00a9-Potocol-18x10.png 18w, https:\/\/www.allersretoursasso.fr\/wp-content\/uploads\/2025\/09\/Childrens-Day_Still-2_Xuan_\u00a9-Potocol-350x197.png 350w, https:\/\/www.allersretoursasso.fr\/wp-content\/uploads\/2025\/09\/Childrens-Day_Still-2_Xuan_\u00a9-Potocol.png 1920w\" sizes=\"(max-width: 767px) 89vw, (max-width: 1000px) 54vw, (max-width: 1071px) 543px, 580px\" \/><\/figure>\n\n\n\n<figure class=\"wp-block-image size-large\"><img loading=\"lazy\" decoding=\"async\" width=\"1024\" height=\"576\" data-id=\"6406\" src=\"https:\/\/www.allersretoursasso.fr\/wp-content\/uploads\/2025\/09\/Childrens-Day_Main-Still-1_Xuan_\u00a9-Potocol-1024x576.png\" alt=\"\" class=\"wp-image-6406\" srcset=\"https:\/\/www.allersretoursasso.fr\/wp-content\/uploads\/2025\/09\/Childrens-Day_Main-Still-1_Xuan_\u00a9-Potocol-1024x576.png 1024w, https:\/\/www.allersretoursasso.fr\/wp-content\/uploads\/2025\/09\/Childrens-Day_Main-Still-1_Xuan_\u00a9-Potocol-300x169.png 300w, https:\/\/www.allersretoursasso.fr\/wp-content\/uploads\/2025\/09\/Childrens-Day_Main-Still-1_Xuan_\u00a9-Potocol-768x432.png 768w, https:\/\/www.allersretoursasso.fr\/wp-content\/uploads\/2025\/09\/Childrens-Day_Main-Still-1_Xuan_\u00a9-Potocol-1536x864.png 1536w, https:\/\/www.allersretoursasso.fr\/wp-content\/uploads\/2025\/09\/Childrens-Day_Main-Still-1_Xuan_\u00a9-Potocol-18x10.png 18w, https:\/\/www.allersretoursasso.fr\/wp-content\/uploads\/2025\/09\/Childrens-Day_Main-Still-1_Xuan_\u00a9-Potocol-350x197.png 350w, https:\/\/www.allersretoursasso.fr\/wp-content\/uploads\/2025\/09\/Childrens-Day_Main-Still-1_Xuan_\u00a9-Potocol.png 1920w\" sizes=\"(max-width: 767px) 89vw, (max-width: 1000px) 54vw, (max-width: 1071px) 543px, 580px\" \/><\/figure>\n<\/figure>\n\n\n\n<p><\/p>\n\n\n\n<figure class=\"wp-block-embed is-type-video is-provider-youtube wp-block-embed-youtube wp-embed-aspect-16-9 wp-has-aspect-ratio\"><div class=\"wp-block-embed__wrapper\">\n<iframe loading=\"lazy\" title=\"Children&#039;s Day \u613f\u4f60\u5e78\u798f\" width=\"525\" height=\"295\" src=\"https:\/\/www.youtube.com\/embed\/1R7iXOD-VgQ?feature=oembed\" frameborder=\"0\" allow=\"accelerometer; autoplay; clipboard-write; encrypted-media; gyroscope; picture-in-picture; web-share\" referrerpolicy=\"strict-origin-when-cross-origin\" allowfullscreen><\/iframe>\n<\/div><\/figure>\n\n\n\n<p><\/p>\n\n\n\n<hr class=\"wp-block-separator has-alpha-channel-opacity\"\/>\n\n\n\n<div class=\"wp-block-columns is-layout-flex wp-container-core-columns-layout-1 wp-block-columns-is-layout-flex\">\n<div class=\"wp-block-column is-layout-flow wp-block-column-is-layout-flow\"><\/div>\n<\/div>\n\n\n\n<div class=\"wp-block-columns is-layout-flex wp-container-core-columns-layout-2 wp-block-columns-is-layout-flex\">\n<div class=\"wp-block-column is-layout-flow wp-block-column-is-layout-flow\" style=\"flex-basis:33.33%\">\n<figure class=\"wp-block-image size-full\"><img loading=\"lazy\" decoding=\"async\" width=\"1400\" height=\"1400\" src=\"https:\/\/www.allersretoursasso.fr\/wp-content\/uploads\/2025\/09\/Giselle-Lin_Director_s-Portrait-edited.jpg\" alt=\"\" class=\"wp-image-6525\" srcset=\"https:\/\/www.allersretoursasso.fr\/wp-content\/uploads\/2025\/09\/Giselle-Lin_Director_s-Portrait-edited.jpg 1400w, https:\/\/www.allersretoursasso.fr\/wp-content\/uploads\/2025\/09\/Giselle-Lin_Director_s-Portrait-edited-300x300.jpg 300w, https:\/\/www.allersretoursasso.fr\/wp-content\/uploads\/2025\/09\/Giselle-Lin_Director_s-Portrait-edited-1024x1024.jpg 1024w, https:\/\/www.allersretoursasso.fr\/wp-content\/uploads\/2025\/09\/Giselle-Lin_Director_s-Portrait-edited-150x150.jpg 150w, https:\/\/www.allersretoursasso.fr\/wp-content\/uploads\/2025\/09\/Giselle-Lin_Director_s-Portrait-edited-768x768.jpg 768w, https:\/\/www.allersretoursasso.fr\/wp-content\/uploads\/2025\/09\/Giselle-Lin_Director_s-Portrait-edited-12x12.jpg 12w, https:\/\/www.allersretoursasso.fr\/wp-content\/uploads\/2025\/09\/Giselle-Lin_Director_s-Portrait-edited-100x100.jpg 100w, https:\/\/www.allersretoursasso.fr\/wp-content\/uploads\/2025\/09\/Giselle-Lin_Director_s-Portrait-edited-350x350.jpg 350w\" sizes=\"(max-width: 767px) 89vw, (max-width: 1000px) 54vw, (max-width: 1071px) 543px, 580px\" \/><\/figure>\n<\/div>\n\n\n\n<div class=\"wp-block-column is-layout-flow wp-block-column-is-layout-flow\" style=\"flex-basis:66.66%\">\n<p><strong>\u00c0 propos de Giselle LIN <br>\/ \u5173\u4e8e\u6797\u6684\u6674<\/strong><\/p>\n\n\n\n<p class=\"has-small-font-size\"><\/p>\n<\/div>\n<\/div>\n\n\n\n<p class=\"has-small-font-size\"><\/p>\n\n\n\n<p class=\"has-small-font-size\">Giselle LIN Xuanqing est une r\u00e9alisatrice et sc\u00e9nariste singapourienne. La m\u00e9moire, les liens humains et la nature sont au centre de ses \u0153uvres. <em>Children\u2019s Day<\/em>, qui est son 3e court-m\u00e9trage de fiction, a \u00e9galement \u00e9t\u00e9 s\u00e9lectionn\u00e9 dans la comp\u00e9tition de courts-m\u00e9trages de la Berlinale plus t\u00f4t cette ann\u00e9e.&nbsp;<\/p>\n\n\n\n<p class=\"has-small-font-size\">\u6797\u6684\u6674\uff0c\u65b0\u52a0\u5761\u7c4d\u7f16\u5267\u3001\u5bfc\u6f14\u3002\u5979\u6df1\u53d7\u8bb0\u5fc6\u3001\u8054\u7ed3\u4e0e\u81ea\u7136\u65e0\u5e38\u7684\u542f\u53d1\uff0c\u59cb\u7ec8\u81f4\u529b\u4e8e\u8bb2\u8ff0\u5145\u6ee1\u4eba\u6027\u771f\u8c1b\u3001\u89e6\u52a8\u5fc3\u7075\u7684\u6545\u4e8b\u3002\u5176\u4f5c\u54c1\u5305\u62ec\u300a\u4f9d\u4f9d\u300b\u3001\u300a\u76ee\u4e2d\u7684\u6d41\u52a8\u300b\u66fe\u5165\u56f4\u6d1b\u8fe6\u8bfa\u7535\u5f71\u8282\u300a\u613f\u59b3\u5e78\u798f\u300b\u5165\u56f4\u7b2c75\u5c4a\u67cf\u6797\u56fd\u9645\u7535\u5f71\u8282\u77ed\u7247\u7ade\u8d5b\u3002<\/p>\n\n\n\n<hr class=\"wp-block-separator has-alpha-channel-opacity is-style-wide\"\/>\n\n\n\n<div class=\"wp-block-buttons is-content-justification-center is-layout-flex wp-container-core-buttons-layout-1 wp-block-buttons-is-layout-flex\">\n<div class=\"wp-block-button has-custom-width wp-block-button__width-50 has-custom-font-size is-style-outline\" style=\"font-size:16px\"><a class=\"wp-block-button__link has-black-color has-white-background-color has-text-color has-background wp-element-button\" href=\"https:\/\/www.billetweb.fr\/coming-of-age-2025\" target=\"_blank\" rel=\"noreferrer noopener\">\u8d2d\u7968\u94fe\u63a5<br>\u7ebf\u4e0a\u8d2d\u7968<\/a><\/div>\n<\/div>\n\n\n\n<p><\/p>\n\n\n\n<p class=\"has-text-align-center has-medium-font-size\"><strong><span style=\"text-decoration: underline\">S\u00e9ance 0<\/span><span style=\"text-decoration: underline;\">2<\/span><\/strong><\/p>\n\n\n\n<div class=\"wp-block-group is-layout-flow wp-block-group-is-layout-flow\"><div class=\"wp-block-group__inner-container\">\n<div class=\"wp-block-columns is-layout-flex wp-container-core-columns-layout-3 wp-block-columns-is-layout-flex\">\n<div class=\"wp-block-column is-layout-flow wp-block-column-is-layout-flow\">\n<p class=\"has-text-align-center\"><strong>Jeudi 10 octobre \u00e0 19h45 au PATH<strong>\u00c9<\/strong> LES FAUVETTES<\/strong><br>58 Av. des Gobelins, 75013 Paris<\/p>\n<\/div>\n\n\n\n<div class=\"wp-block-column is-layout-flow wp-block-column-is-layout-flow\">\n<p class=\"has-text-align-center\"><strong>Samedi 4 octobre \u00e0 <strong>18h<\/strong>30 au <strong>CIN\u00c9MA<\/strong> LUMI\u00c8RE FOURMI<\/strong><br>68 rue Pierre Corneille, 69003 Lyon<\/p>\n<\/div>\n<\/div>\n<\/div><\/div>\n\n\n\n<p class=\"has-text-align-center has-white-color has-text-color\" style=\"font-size:15px\"> <\/p>\n\n\n\n<figure class=\"wp-block-image size-large\"><a href=\"https:\/\/www.allersretoursasso.fr\/zh\/coming-of-age-2025\/\" target=\"_blank\" rel=\"noreferrer noopener\"><img loading=\"lazy\" decoding=\"async\" width=\"1024\" height=\"341\" src=\"https:\/\/www.allersretoursasso.fr\/wp-content\/uploads\/2025\/09\/1500_500-twitter-1024x341.png\" alt=\"\" class=\"wp-image-6335\" srcset=\"https:\/\/www.allersretoursasso.fr\/wp-content\/uploads\/2025\/09\/1500_500-twitter-1024x341.png 1024w, https:\/\/www.allersretoursasso.fr\/wp-content\/uploads\/2025\/09\/1500_500-twitter-300x100.png 300w, https:\/\/www.allersretoursasso.fr\/wp-content\/uploads\/2025\/09\/1500_500-twitter-768x256.png 768w, https:\/\/www.allersretoursasso.fr\/wp-content\/uploads\/2025\/09\/1500_500-twitter-1536x512.png 1536w, https:\/\/www.allersretoursasso.fr\/wp-content\/uploads\/2025\/09\/1500_500-twitter-2048x683.png 2048w, https:\/\/www.allersretoursasso.fr\/wp-content\/uploads\/2025\/09\/1500_500-twitter-18x6.png 18w, https:\/\/www.allersretoursasso.fr\/wp-content\/uploads\/2025\/09\/1500_500-twitter-350x117.png 350w\" sizes=\"(max-width: 767px) 89vw, (max-width: 1000px) 54vw, (max-width: 1071px) 543px, 580px\" \/><\/a><\/figure>\n\n\n\n<p class=\"has-text-align-center has-white-color has-text-color\" style=\"font-size:15px\">19h45 aux Ursuline<\/p>\n\n\n\n<p class=\"has-text-align-center has-white-color has-text-color\" style=\"font-size:15px\">06 octobre \u00e0 19h45 aux Ursulines<\/p>","protected":false},"excerpt":{"rendered":"<p>2025 \/ 20\u2019 \/ Anglais \/ VOSTF \/ Fiction 2025 \/ 20\u2019 \/ \u82f1\u8bed \/ \u539f\u58f0\u6cd5\u8bed\u5b57\u5e55 \/ \u5267\u60c5 Singapour, d\u00e9but des ann\u00e9es 2000. Xuan, une petite fille discr\u00e8te mais pleine d\u2019imagination, se fait une nouvelle amie \u00e0 l\u2019\u00e9cole. Elle se met alors en qu\u00eate de la tenue parfaite pour la f\u00eate des enfants. \u516b\u5c81\u7684\u8431\u5929\u6027\u5bb3\u7f9e\u53c8\u5bcc\u6709\u60f3\u8c61\u529b\uff0c\u5979\u6b63\u52aa\u529b\u4e3a\u5b66\u6821\u5373\u5c06\u5230\u6765\u7684\u513f\u7ae5\u8282\u5e86\u5178\u6311\u9009\u670d\u88c5\uff0c\u540c\u65f6\u8fd8\u8981\u9002\u5e94\u52a8\u8361\u7684\u5bb6\u5ead\u751f\u6d3b\uff0c\u4ee5\u53ca\u5728\u5b66\u6821\u91cc\u4e00\u6bb5\u610f\u60f3\u4e0d\u5230\u7684\u65b0\u53cb\u8c0a\u3002 00000 &hellip; <\/p>\n<p class=\"link-more\"><a href=\"https:\/\/www.allersretoursasso.fr\/zh\/coming-of-age-2025-childrens-day\/\" class=\"more-link\">\u7ee7\u7eed\u9605\u8bfb<span class=\"screen-reader-text\">\u201cComing of Age 2025  &#8211; Children&#8217;s Day\u201d<\/span><\/a><\/p>","protected":false},"author":19,"featured_media":0,"parent":0,"menu_order":0,"comment_status":"closed","ping_status":"closed","template":"","meta":{"footnotes":""},"_links":{"self":[{"href":"https:\/\/www.allersretoursasso.fr\/zh\/wp-json\/wp\/v2\/pages\/6399"}],"collection":[{"href":"https:\/\/www.allersretoursasso.fr\/zh\/wp-json\/wp\/v2\/pages"}],"about":[{"href":"https:\/\/www.allersretoursasso.fr\/zh\/wp-json\/wp\/v2\/types\/page"}],"author":[{"embeddable":true,"href":"https:\/\/www.allersretoursasso.fr\/zh\/wp-json\/wp\/v2\/users\/19"}],"replies":[{"embeddable":true,"href":"https:\/\/www.allersretoursasso.fr\/zh\/wp-json\/wp\/v2\/comments?post=6399"}],"version-history":[{"count":9,"href":"https:\/\/www.allersretoursasso.fr\/zh\/wp-json\/wp\/v2\/pages\/6399\/revisions"}],"predecessor-version":[{"id":6784,"href":"https:\/\/www.allersretoursasso.fr\/zh\/wp-json\/wp\/v2\/pages\/6399\/revisions\/6784"}],"wp:attachment":[{"href":"https:\/\/www.allersretoursasso.fr\/zh\/wp-json\/wp\/v2\/media?parent=6399"}],"curies":[{"name":"wp","href":"https:\/\/api.w.org\/{rel}","templated":true}]}}