{"id":6427,"date":"2025-09-09T23:42:03","date_gmt":"2025-09-09T21:42:03","guid":{"rendered":"https:\/\/www.allersretoursasso.fr\/?page_id=6427"},"modified":"2025-10-09T23:52:58","modified_gmt":"2025-10-09T21:52:58","slug":"coming-of-age-2025-the-fishbowl-girl","status":"publish","type":"page","link":"https:\/\/www.allersretoursasso.fr\/zh\/coming-of-age-2025-the-fishbowl-girl\/","title":{"rendered":"Coming of Age 2025  &#8211; The Fishbowl Girl"},"content":{"rendered":"<div id=\"fb-root\"><\/div>\n\n<div class=\"wp-block-media-text alignwide is-stacked-on-mobile\" style=\"grid-template-columns:41% auto\"><figure class=\"wp-block-media-text__media\"><img loading=\"lazy\" decoding=\"async\" width=\"725\" height=\"1024\" src=\"https:\/\/www.allersretoursasso.fr\/wp-content\/uploads\/2025\/09\/poster-725x1024.jpg\" alt=\"\" class=\"wp-image-6428 size-full\" srcset=\"https:\/\/www.allersretoursasso.fr\/wp-content\/uploads\/2025\/09\/poster-725x1024.jpg 725w, https:\/\/www.allersretoursasso.fr\/wp-content\/uploads\/2025\/09\/poster-212x300.jpg 212w, https:\/\/www.allersretoursasso.fr\/wp-content\/uploads\/2025\/09\/poster-768x1085.jpg 768w, https:\/\/www.allersretoursasso.fr\/wp-content\/uploads\/2025\/09\/poster-1087x1536.jpg 1087w, https:\/\/www.allersretoursasso.fr\/wp-content\/uploads\/2025\/09\/poster-1449x2048.jpg 1449w, https:\/\/www.allersretoursasso.fr\/wp-content\/uploads\/2025\/09\/poster-8x12.jpg 8w, https:\/\/www.allersretoursasso.fr\/wp-content\/uploads\/2025\/09\/poster-350x495.jpg 350w, https:\/\/www.allersretoursasso.fr\/wp-content\/uploads\/2025\/09\/poster-scaled.jpg 1812w\" sizes=\"(max-width: 725px) 100vw, 725px\" \/><\/figure><div class=\"wp-block-media-text__content\">\n<div class=\"wp-block-group is-layout-flow wp-block-group-is-layout-flow\"><div class=\"wp-block-group__inner-container\">\n<div class=\"wp-block-group is-vertical is-layout-flex wp-container-core-group-layout-4 wp-block-group-is-layout-flex\">\n<div class=\"wp-block-group is-layout-flow wp-block-group-is-layout-flow\"><div class=\"wp-block-group__inner-container\">\n<div class=\"wp-block-group is-layout-flow wp-block-group-is-layout-flow\"><div class=\"wp-block-group__inner-container\">\n<div class=\"wp-block-group is-layout-flow wp-block-group-is-layout-flow\"><div class=\"wp-block-group__inner-container\">\n<p><\/p>\n\n\n\n<p style=\"font-size:30px;font-style:normal;font-weight:500\"><em style=\"font-weight: bold;\">The Fishbowl Girl<\/em><\/p>\n\n\n\n<p style=\"font-size:30px;font-style:normal;font-weight:500\">\u91d1\u9b5a\u7f38\u5c0f\u59d0<\/p>\n\n\n\n<p class=\"has-medium-font-size\">WU Hung Yi<\/p>\n\n\n\n<p class=\"has-medium-font-size\">\u5deb\u8679\u5100<\/p>\n\n\n\n<p class=\"has-small-font-size\"><a href=\"https:\/\/www.allersretoursasso.fr\/zh\/coming-of-age-2025\/\" target=\"_blank\" rel=\"noreferrer noopener\">\u00c9dition : Coming of Age 2025<\/a><\/p>\n\n\n\n<p style=\"font-size:10px\"><\/p>\n<\/div><\/div>\n<\/div><\/div>\n<\/div><\/div>\n<\/div>\n<\/div><\/div>\n<\/div><\/div>\n\n\n\n<p class=\"has-text-align-center has-small-font-size\">2024 \/ 23\u2019 \/ Mandarin, Anglais, Tha\u00ef \/ VOSTF \/ Fiction<\/p>\n\n\n\n<p class=\"has-text-align-center has-small-font-size\"><em>2024 \/ 23\u2019 \/ \u4e2d\u6587\u3001\u82f1\u6587\u3001\u6cf0\u6587 \/ \u539f\u58f0\u6cd5\u8bed\u5b57\u5e55 \/ \u5267\u60c5<\/em><\/p>\n\n\n\n<p>Lors d\u2019un voyage en Tha\u00eflande avec ses ami.es pour f\u00eater leur dipl\u00f4me, Wei, une jeune lesbienne, cherche \u00e0 se changer les id\u00e9es en suivant ses camarades dans un salon de massage \u00e9rotique, mais tout ne se passe pas comme pr\u00e9vu\u2026<\/p>\n\n\n\n<p>\u5973\u540c\u5fd7\u5c0f\u60df\u6765\u5230\u6cf0\u56fd\u66fc\u8c37\u6bd5\u4e1a\u65c5\u884c\u3002\u5979\u770b\u89c1\u548c\u81ea\u5df1\u6709\u66a7\u6627\u60c5\u612b\u7684\u5973\u6027\u8ddf\u7537\u6027\u53cb\u4eba\u8c8c\u4f3c\u4eb2\u5bc6\uff0c\u4e3a\u8f6c\u79fb\u5fe7\u90c1\uff0c\u5979\u51b3\u5b9a\u4e0e\u7537\u540c\u5b66\u4e00\u8d77\u53bb\u6d17\u6cf0\u56fd\u6ce1\u6ce1\u6d74\u3002\u5bf9\u8eab\u4e3a\u5973\u6027\u7684\u5c0f\u60df\uff0c\u6cf0\u56fd\u6d74\u7684\u4f53\u9a8c\u6ca1\u6709\u5979\u60f3\u50cf\u7684\u7f8e\u597d\u2026\u2026<\/p>\n\n\n\n<p><mark style=\"background-color:rgba(0, 0, 0, 0)\" class=\"has-inline-color has-white-color\">00000<\/mark><\/p>\n\n\n\n<figure class=\"wp-block-gallery has-nested-images columns-default is-cropped wp-block-gallery-1 is-layout-flex wp-block-gallery-is-layout-flex\">\n<figure class=\"wp-block-image size-large\"><img loading=\"lazy\" decoding=\"async\" width=\"1024\" height=\"540\" data-id=\"6432\" src=\"https:\/\/www.allersretoursasso.fr\/wp-content\/uploads\/2025\/09\/3-1-1024x540.jpg\" alt=\"\" class=\"wp-image-6432\" srcset=\"https:\/\/www.allersretoursasso.fr\/wp-content\/uploads\/2025\/09\/3-1-1024x540.jpg 1024w, https:\/\/www.allersretoursasso.fr\/wp-content\/uploads\/2025\/09\/3-1-300x158.jpg 300w, https:\/\/www.allersretoursasso.fr\/wp-content\/uploads\/2025\/09\/3-1-768x405.jpg 768w, https:\/\/www.allersretoursasso.fr\/wp-content\/uploads\/2025\/09\/3-1-1536x810.jpg 1536w, https:\/\/www.allersretoursasso.fr\/wp-content\/uploads\/2025\/09\/3-1-18x9.jpg 18w, https:\/\/www.allersretoursasso.fr\/wp-content\/uploads\/2025\/09\/3-1-350x185.jpg 350w, https:\/\/www.allersretoursasso.fr\/wp-content\/uploads\/2025\/09\/3-1.jpg 2048w\" sizes=\"(max-width: 767px) 89vw, (max-width: 1000px) 54vw, (max-width: 1071px) 543px, 580px\" \/><\/figure>\n\n\n\n<figure class=\"wp-block-image size-large\"><img loading=\"lazy\" decoding=\"async\" width=\"1024\" height=\"515\" data-id=\"6437\" src=\"https:\/\/www.allersretoursasso.fr\/wp-content\/uploads\/2025\/09\/4-1024x515.png\" alt=\"\" class=\"wp-image-6437\" srcset=\"https:\/\/www.allersretoursasso.fr\/wp-content\/uploads\/2025\/09\/4-1024x515.png 1024w, https:\/\/www.allersretoursasso.fr\/wp-content\/uploads\/2025\/09\/4-300x151.png 300w, https:\/\/www.allersretoursasso.fr\/wp-content\/uploads\/2025\/09\/4-768x386.png 768w, https:\/\/www.allersretoursasso.fr\/wp-content\/uploads\/2025\/09\/4-1536x772.png 1536w, https:\/\/www.allersretoursasso.fr\/wp-content\/uploads\/2025\/09\/4-2048x1029.png 2048w, https:\/\/www.allersretoursasso.fr\/wp-content\/uploads\/2025\/09\/4-18x9.png 18w, https:\/\/www.allersretoursasso.fr\/wp-content\/uploads\/2025\/09\/4-350x176.png 350w\" sizes=\"(max-width: 767px) 89vw, (max-width: 1000px) 54vw, (max-width: 1071px) 543px, 580px\" \/><\/figure>\n\n\n\n<figure class=\"wp-block-image size-large\"><img loading=\"lazy\" decoding=\"async\" width=\"1024\" height=\"541\" data-id=\"6436\" src=\"https:\/\/www.allersretoursasso.fr\/wp-content\/uploads\/2025\/09\/7-1024x541.jpg\" alt=\"\" class=\"wp-image-6436\" srcset=\"https:\/\/www.allersretoursasso.fr\/wp-content\/uploads\/2025\/09\/7-1024x541.jpg 1024w, https:\/\/www.allersretoursasso.fr\/wp-content\/uploads\/2025\/09\/7-300x158.jpg 300w, https:\/\/www.allersretoursasso.fr\/wp-content\/uploads\/2025\/09\/7-768x406.jpg 768w, https:\/\/www.allersretoursasso.fr\/wp-content\/uploads\/2025\/09\/7-1536x811.jpg 1536w, https:\/\/www.allersretoursasso.fr\/wp-content\/uploads\/2025\/09\/7-2048x1082.jpg 2048w, https:\/\/www.allersretoursasso.fr\/wp-content\/uploads\/2025\/09\/7-18x10.jpg 18w, https:\/\/www.allersretoursasso.fr\/wp-content\/uploads\/2025\/09\/7-350x185.jpg 350w\" sizes=\"(max-width: 767px) 89vw, (max-width: 1000px) 54vw, (max-width: 1071px) 543px, 580px\" \/><\/figure>\n\n\n\n<figure class=\"wp-block-image size-large\"><img loading=\"lazy\" decoding=\"async\" width=\"1024\" height=\"540\" data-id=\"6435\" src=\"https:\/\/www.allersretoursasso.fr\/wp-content\/uploads\/2025\/09\/10-1024x540.jpg\" alt=\"\" class=\"wp-image-6435\" srcset=\"https:\/\/www.allersretoursasso.fr\/wp-content\/uploads\/2025\/09\/10-1024x540.jpg 1024w, https:\/\/www.allersretoursasso.fr\/wp-content\/uploads\/2025\/09\/10-300x158.jpg 300w, https:\/\/www.allersretoursasso.fr\/wp-content\/uploads\/2025\/09\/10-768x405.jpg 768w, https:\/\/www.allersretoursasso.fr\/wp-content\/uploads\/2025\/09\/10-1536x810.jpg 1536w, https:\/\/www.allersretoursasso.fr\/wp-content\/uploads\/2025\/09\/10-2048x1080.jpg 2048w, https:\/\/www.allersretoursasso.fr\/wp-content\/uploads\/2025\/09\/10-18x9.jpg 18w, https:\/\/www.allersretoursasso.fr\/wp-content\/uploads\/2025\/09\/10-350x185.jpg 350w\" sizes=\"(max-width: 767px) 89vw, (max-width: 1000px) 54vw, (max-width: 1071px) 543px, 580px\" \/><\/figure>\n\n\n\n<figure class=\"wp-block-image size-large\"><img loading=\"lazy\" decoding=\"async\" width=\"1024\" height=\"559\" data-id=\"6434\" src=\"https:\/\/www.allersretoursasso.fr\/wp-content\/uploads\/2025\/09\/12-1024x559.jpg\" alt=\"\" class=\"wp-image-6434\" srcset=\"https:\/\/www.allersretoursasso.fr\/wp-content\/uploads\/2025\/09\/12-1024x559.jpg 1024w, https:\/\/www.allersretoursasso.fr\/wp-content\/uploads\/2025\/09\/12-300x164.jpg 300w, https:\/\/www.allersretoursasso.fr\/wp-content\/uploads\/2025\/09\/12-768x419.jpg 768w, https:\/\/www.allersretoursasso.fr\/wp-content\/uploads\/2025\/09\/12-1536x838.jpg 1536w, https:\/\/www.allersretoursasso.fr\/wp-content\/uploads\/2025\/09\/12-2048x1117.jpg 2048w, https:\/\/www.allersretoursasso.fr\/wp-content\/uploads\/2025\/09\/12-18x10.jpg 18w, https:\/\/www.allersretoursasso.fr\/wp-content\/uploads\/2025\/09\/12-350x191.jpg 350w\" sizes=\"(max-width: 767px) 89vw, (max-width: 1000px) 54vw, (max-width: 1071px) 543px, 580px\" \/><\/figure>\n\n\n\n<figure class=\"wp-block-image size-large\"><img loading=\"lazy\" decoding=\"async\" width=\"1024\" height=\"548\" data-id=\"6433\" src=\"https:\/\/www.allersretoursasso.fr\/wp-content\/uploads\/2025\/09\/16_\u8abf\u8272\u904e-1-1024x548.jpg\" alt=\"\" class=\"wp-image-6433\" srcset=\"https:\/\/www.allersretoursasso.fr\/wp-content\/uploads\/2025\/09\/16_\u8abf\u8272\u904e-1-1024x548.jpg 1024w, https:\/\/www.allersretoursasso.fr\/wp-content\/uploads\/2025\/09\/16_\u8abf\u8272\u904e-1-300x161.jpg 300w, https:\/\/www.allersretoursasso.fr\/wp-content\/uploads\/2025\/09\/16_\u8abf\u8272\u904e-1-768x411.jpg 768w, https:\/\/www.allersretoursasso.fr\/wp-content\/uploads\/2025\/09\/16_\u8abf\u8272\u904e-1-1536x823.jpg 1536w, https:\/\/www.allersretoursasso.fr\/wp-content\/uploads\/2025\/09\/16_\u8abf\u8272\u904e-1-2048x1097.jpg 2048w, https:\/\/www.allersretoursasso.fr\/wp-content\/uploads\/2025\/09\/16_\u8abf\u8272\u904e-1-18x10.jpg 18w, https:\/\/www.allersretoursasso.fr\/wp-content\/uploads\/2025\/09\/16_\u8abf\u8272\u904e-1-350x187.jpg 350w\" sizes=\"(max-width: 767px) 89vw, (max-width: 1000px) 54vw, (max-width: 1071px) 543px, 580px\" \/><\/figure>\n<\/figure>\n\n\n\n<figure class=\"wp-block-embed is-type-video is-provider-youtube wp-block-embed-youtube wp-embed-aspect-16-9 wp-has-aspect-ratio\"><div class=\"wp-block-embed__wrapper\">\n<iframe loading=\"lazy\" title=\"The Fishbowl Girl \u91d1\u9b5a\u7f38\u5c0f\u59d0\" width=\"525\" height=\"295\" src=\"https:\/\/www.youtube.com\/embed\/skr3PajhGAw?feature=oembed\" frameborder=\"0\" allow=\"accelerometer; autoplay; clipboard-write; encrypted-media; gyroscope; picture-in-picture; web-share\" referrerpolicy=\"strict-origin-when-cross-origin\" allowfullscreen><\/iframe>\n<\/div><\/figure>\n\n\n\n<p><\/p>\n\n\n\n<hr class=\"wp-block-separator has-alpha-channel-opacity\"\/>\n\n\n\n<div class=\"wp-block-columns is-layout-flex wp-container-core-columns-layout-1 wp-block-columns-is-layout-flex\">\n<div class=\"wp-block-column is-layout-flow wp-block-column-is-layout-flow\"><\/div>\n<\/div>\n\n\n\n<div class=\"wp-block-columns is-layout-flex wp-container-core-columns-layout-2 wp-block-columns-is-layout-flex\">\n<div class=\"wp-block-column is-layout-flow wp-block-column-is-layout-flow\" style=\"flex-basis:33.33%\">\n<figure class=\"wp-block-image size-full\"><img loading=\"lazy\" decoding=\"async\" width=\"1720\" height=\"1720\" src=\"https:\/\/www.allersretoursasso.fr\/wp-content\/uploads\/2025\/09\/Hung-Yi-WU-edited.jpg\" alt=\"\" class=\"wp-image-6534\" srcset=\"https:\/\/www.allersretoursasso.fr\/wp-content\/uploads\/2025\/09\/Hung-Yi-WU-edited.jpg 1720w, https:\/\/www.allersretoursasso.fr\/wp-content\/uploads\/2025\/09\/Hung-Yi-WU-edited-300x300.jpg 300w, https:\/\/www.allersretoursasso.fr\/wp-content\/uploads\/2025\/09\/Hung-Yi-WU-edited-1024x1024.jpg 1024w, https:\/\/www.allersretoursasso.fr\/wp-content\/uploads\/2025\/09\/Hung-Yi-WU-edited-150x150.jpg 150w, https:\/\/www.allersretoursasso.fr\/wp-content\/uploads\/2025\/09\/Hung-Yi-WU-edited-768x768.jpg 768w, https:\/\/www.allersretoursasso.fr\/wp-content\/uploads\/2025\/09\/Hung-Yi-WU-edited-1536x1536.jpg 1536w, https:\/\/www.allersretoursasso.fr\/wp-content\/uploads\/2025\/09\/Hung-Yi-WU-edited-12x12.jpg 12w, https:\/\/www.allersretoursasso.fr\/wp-content\/uploads\/2025\/09\/Hung-Yi-WU-edited-100x100.jpg 100w, https:\/\/www.allersretoursasso.fr\/wp-content\/uploads\/2025\/09\/Hung-Yi-WU-edited-350x350.jpg 350w\" sizes=\"(max-width: 767px) 89vw, (max-width: 1000px) 54vw, (max-width: 1071px) 543px, 580px\" \/><\/figure>\n<\/div>\n\n\n\n<div class=\"wp-block-column is-layout-flow wp-block-column-is-layout-flow\" style=\"flex-basis:66.66%\">\n<p><strong>\u00c0 propos de WU Hung Yi <br>\/ \u5173\u4e8e\u5deb\u8679\u5100<\/strong><\/p>\n\n\n\n<p class=\"has-small-font-size\"><\/p>\n<\/div>\n<\/div>\n\n\n\n<p class=\"has-small-font-size\"><\/p>\n\n\n\n<p class=\"has-small-font-size\">WU Hung Yi est une r\u00e9alisatrice et sc\u00e9nariste ta\u00efwanaise. Son premier film, <em>On the Waitlist<\/em> (2018) a re\u00e7u de multiples r\u00e9compenses. La complexit\u00e9 des relations humaines est au c\u0153ur de son \u0153uvre, WU aimant explorer les \u00e9motions et les dilemmes moraux de la nature humaine.<\/p>\n\n\n\n<p class=\"has-small-font-size\">\u5deb\u8679\u5100\uff0c\u5bfc\u6f14\u3001\u7f16\u5267\u3002\u5267\u60c5\u77ed\u7247\u300a2\u865f\u7403\u8863\u300b\u5728\u4e16\u754c\u5404\u5730\u4f17\u591a\u5f71\u5c55\u83b7\u5956\u3002\u76ee\u524d\u6301\u7eed\u6295\u5165\u620f\u5267\u4e0e\u7eaa\u5f55\u5f71\u50cf\u521b\u4f5c\uff0c\u521b\u4f5c\u7c7b\u578b\u591a\u5728\u63a2\u8ba8\u4eba\u4e0e\u4eba\u4e4b\u95f4\u65e0\u53ef\u540d\u5236\u7684\u5173\u7cfb\u4e0e\u4eba\u6027\u4e2d\u81ea\u8eab\u77db\u76fe\u7684\u60c5\u611f\u9053\u5fb7\u6323\u624e\u3002\u300a\u91d1\u9b5a\u7f38\u5c0f\u59d0\u300b\u5165\u56f42024\u5e74\u514b\u83b1\u8499\u8d39\u6717\u56fd\u9645\u77ed\u7247\u7535\u5f71\u8282\u3002<\/p>\n\n\n\n<hr class=\"wp-block-separator has-alpha-channel-opacity is-style-wide\"\/>\n\n\n\n<div class=\"wp-block-buttons is-content-justification-center is-layout-flex wp-container-core-buttons-layout-1 wp-block-buttons-is-layout-flex\">\n<div class=\"wp-block-button has-custom-width wp-block-button__width-50 has-custom-font-size is-style-outline\" style=\"font-size:16px\"><a class=\"wp-block-button__link has-black-color has-white-background-color has-text-color has-background wp-element-button\" href=\"https:\/\/www.billetweb.fr\/coming-of-age-2025\" target=\"_blank\" rel=\"noreferrer noopener\">\u8d2d\u7968\u94fe\u63a5<br>\u7ebf\u4e0a\u8d2d\u7968<\/a><\/div>\n<\/div>\n\n\n\n<p><\/p>\n\n\n\n<p class=\"has-text-align-center has-medium-font-size\"><strong><span style=\"text-decoration: underline\">S\u00e9ance 0<\/span><span style=\"text-decoration: underline\">2<\/span><\/strong><\/p>\n\n\n\n<div class=\"wp-block-group is-layout-flow wp-block-group-is-layout-flow\"><div class=\"wp-block-group__inner-container\">\n<div class=\"wp-block-columns is-layout-flex wp-container-core-columns-layout-3 wp-block-columns-is-layout-flex\">\n<div class=\"wp-block-column is-layout-flow wp-block-column-is-layout-flow\">\n<p class=\"has-text-align-center\"><strong>Jeudi 10 octobre \u00e0 19h45 au PATH<strong>\u00c9<\/strong> LES FAUVETTES<\/strong><br>58 Av. des Gobelins, 75013 Paris<br><br>S\u00e9ance suivie d&#8217;une Q&amp;A avec la cin\u00e9aste en vid\u00e9oconf\u00e9rence<\/p>\n<\/div>\n\n\n\n<div class=\"wp-block-column is-layout-flow wp-block-column-is-layout-flow\">\n<p class=\"has-text-align-center\"><strong>Samedi 4 octobre \u00e0 <strong>18h<\/strong>30 au <strong>CIN\u00c9MA<\/strong> LUMI\u00c8RE FOURMI<\/strong><br>68 rue Pierre Corneille, 69003 Lyon<\/p>\n<\/div>\n<\/div>\n<\/div><\/div>\n\n\n\n<p class=\"has-text-align-center has-white-color has-text-color\" style=\"font-size:15px\"> 19h45 aux Ursuline<\/p>\n\n\n\n<figure class=\"wp-block-image size-large\"><a href=\"https:\/\/www.allersretoursasso.fr\/zh\/coming-of-age-2025\/\" target=\"_blank\" rel=\"noreferrer noopener\"><img loading=\"lazy\" decoding=\"async\" width=\"1024\" height=\"341\" src=\"https:\/\/www.allersretoursasso.fr\/wp-content\/uploads\/2025\/09\/1500_500-twitter-1024x341.png\" alt=\"\" class=\"wp-image-6335\" srcset=\"https:\/\/www.allersretoursasso.fr\/wp-content\/uploads\/2025\/09\/1500_500-twitter-1024x341.png 1024w, https:\/\/www.allersretoursasso.fr\/wp-content\/uploads\/2025\/09\/1500_500-twitter-300x100.png 300w, https:\/\/www.allersretoursasso.fr\/wp-content\/uploads\/2025\/09\/1500_500-twitter-768x256.png 768w, https:\/\/www.allersretoursasso.fr\/wp-content\/uploads\/2025\/09\/1500_500-twitter-1536x512.png 1536w, https:\/\/www.allersretoursasso.fr\/wp-content\/uploads\/2025\/09\/1500_500-twitter-2048x683.png 2048w, https:\/\/www.allersretoursasso.fr\/wp-content\/uploads\/2025\/09\/1500_500-twitter-18x6.png 18w, https:\/\/www.allersretoursasso.fr\/wp-content\/uploads\/2025\/09\/1500_500-twitter-350x117.png 350w\" sizes=\"(max-width: 767px) 89vw, (max-width: 1000px) 54vw, (max-width: 1071px) 543px, 580px\" \/><\/a><\/figure>\n\n\n\n<p class=\"has-text-align-center has-white-color has-text-color\" style=\"font-size:15px\">06 octobre \u00e0 19h45 aux Ursulines<\/p>","protected":false},"excerpt":{"rendered":"<p>2024 \/ 23\u2019 \/ Mandarin, Anglais, Tha\u00ef \/ VOSTF \/ Fiction 2024 \/ 23\u2019 \/ \u4e2d\u6587\u3001\u82f1\u6587\u3001\u6cf0\u6587 \/ \u539f\u58f0\u6cd5\u8bed\u5b57\u5e55 \/ \u5267\u60c5 Lors d\u2019un voyage en Tha\u00eflande avec ses ami.es pour f\u00eater leur dipl\u00f4me, Wei, une jeune lesbienne, cherche \u00e0 se changer les id\u00e9es en suivant ses camarades dans un salon de massage \u00e9rotique, mais tout ne &hellip; <\/p>\n<p class=\"link-more\"><a href=\"https:\/\/www.allersretoursasso.fr\/zh\/coming-of-age-2025-the-fishbowl-girl\/\" class=\"more-link\">\u7ee7\u7eed\u9605\u8bfb<span class=\"screen-reader-text\">\u201cComing of Age 2025  &#8211; The Fishbowl Girl\u201d<\/span><\/a><\/p>","protected":false},"author":19,"featured_media":0,"parent":0,"menu_order":0,"comment_status":"closed","ping_status":"closed","template":"","meta":{"footnotes":""},"_links":{"self":[{"href":"https:\/\/www.allersretoursasso.fr\/zh\/wp-json\/wp\/v2\/pages\/6427"}],"collection":[{"href":"https:\/\/www.allersretoursasso.fr\/zh\/wp-json\/wp\/v2\/pages"}],"about":[{"href":"https:\/\/www.allersretoursasso.fr\/zh\/wp-json\/wp\/v2\/types\/page"}],"author":[{"embeddable":true,"href":"https:\/\/www.allersretoursasso.fr\/zh\/wp-json\/wp\/v2\/users\/19"}],"replies":[{"embeddable":true,"href":"https:\/\/www.allersretoursasso.fr\/zh\/wp-json\/wp\/v2\/comments?post=6427"}],"version-history":[{"count":10,"href":"https:\/\/www.allersretoursasso.fr\/zh\/wp-json\/wp\/v2\/pages\/6427\/revisions"}],"predecessor-version":[{"id":6845,"href":"https:\/\/www.allersretoursasso.fr\/zh\/wp-json\/wp\/v2\/pages\/6427\/revisions\/6845"}],"wp:attachment":[{"href":"https:\/\/www.allersretoursasso.fr\/zh\/wp-json\/wp\/v2\/media?parent=6427"}],"curies":[{"name":"wp","href":"https:\/\/api.w.org\/{rel}","templated":true}]}}