{"id":6498,"date":"2025-09-11T21:27:10","date_gmt":"2025-09-11T19:27:10","guid":{"rendered":"https:\/\/www.allersretoursasso.fr\/?page_id=6498"},"modified":"2025-10-09T23:54:14","modified_gmt":"2025-10-09T21:54:14","slug":"coming-of-age-2025-mimis-confusion","status":"publish","type":"page","link":"https:\/\/www.allersretoursasso.fr\/zh\/coming-of-age-2025-mimis-confusion\/","title":{"rendered":"Coming of Age 2025  &#8211; Mimi\u2019s Confusion"},"content":{"rendered":"<div id=\"fb-root\"><\/div>\n\n<div class=\"wp-block-media-text alignwide is-stacked-on-mobile\" style=\"grid-template-columns:41% auto\"><figure class=\"wp-block-media-text__media\"><img loading=\"lazy\" decoding=\"async\" width=\"724\" height=\"1024\" src=\"https:\/\/www.allersretoursasso.fr\/wp-content\/uploads\/2025\/09\/1.\u6d77\u62a5-724x1024.jpg\" alt=\"\" class=\"wp-image-6499 size-full\" srcset=\"https:\/\/www.allersretoursasso.fr\/wp-content\/uploads\/2025\/09\/1.\u6d77\u62a5-724x1024.jpg 724w, https:\/\/www.allersretoursasso.fr\/wp-content\/uploads\/2025\/09\/1.\u6d77\u62a5-212x300.jpg 212w, https:\/\/www.allersretoursasso.fr\/wp-content\/uploads\/2025\/09\/1.\u6d77\u62a5-768x1086.jpg 768w, https:\/\/www.allersretoursasso.fr\/wp-content\/uploads\/2025\/09\/1.\u6d77\u62a5-1086x1536.jpg 1086w, https:\/\/www.allersretoursasso.fr\/wp-content\/uploads\/2025\/09\/1.\u6d77\u62a5-1448x2048.jpg 1448w, https:\/\/www.allersretoursasso.fr\/wp-content\/uploads\/2025\/09\/1.\u6d77\u62a5-8x12.jpg 8w, https:\/\/www.allersretoursasso.fr\/wp-content\/uploads\/2025\/09\/1.\u6d77\u62a5-350x495.jpg 350w, https:\/\/www.allersretoursasso.fr\/wp-content\/uploads\/2025\/09\/1.\u6d77\u62a5-scaled.jpg 1810w\" sizes=\"(max-width: 724px) 100vw, 724px\" \/><\/figure><div class=\"wp-block-media-text__content\">\n<div class=\"wp-block-group is-layout-flow wp-block-group-is-layout-flow\"><div class=\"wp-block-group__inner-container\">\n<div class=\"wp-block-group is-vertical is-layout-flex wp-container-core-group-layout-4 wp-block-group-is-layout-flex\">\n<div class=\"wp-block-group is-layout-flow wp-block-group-is-layout-flow\"><div class=\"wp-block-group__inner-container\">\n<div class=\"wp-block-group is-layout-flow wp-block-group-is-layout-flow\"><div class=\"wp-block-group__inner-container\">\n<div class=\"wp-block-group is-layout-flow wp-block-group-is-layout-flow\"><div class=\"wp-block-group__inner-container\">\n<p><\/p>\n\n\n\n<p style=\"font-size:30px;font-style:normal;font-weight:500\"><strong><em><strong><strong><strong><strong><strong>Mimi\u2019s Confusion<\/strong><\/strong><\/strong><\/strong><\/strong><\/em><\/strong><\/p>\n\n\n\n<p style=\"font-size:30px;font-style:normal;font-weight:500\"><strong><strong><strong><strong><strong>\u7c73\u7c73\u7684\u731c\u60f3<\/strong><\/strong><\/strong><\/strong><\/strong><\/p>\n\n\n\n<p class=\"has-medium-font-size\">YANG Miaojing<\/p>\n\n\n\n<p class=\"has-medium-font-size\">\u6768\u82d7\u5a67<\/p>\n\n\n\n<p class=\"has-small-font-size\"><a href=\"https:\/\/www.allersretoursasso.fr\/zh\/coming-of-age-2025\/\" target=\"_blank\" rel=\"noreferrer noopener\">\u00c9dition : Coming of Age 2025<\/a><\/p>\n\n\n\n<p style=\"font-size:10px\"><\/p>\n<\/div><\/div>\n<\/div><\/div>\n<\/div><\/div>\n<\/div>\n<\/div><\/div>\n<\/div><\/div>\n\n\n\n<p class=\"has-text-align-center has-small-font-size\"><em>2024 \/ 25\u2019 \/ Mandarin et dialectes \/ VOSTE \/ Fiction<\/em><\/p>\n\n\n\n<p class=\"has-text-align-center has-small-font-size\"><em>2024 \/ 25\u2019 \/ \u6c49\u8bed\u666e\u901a\u8bdd\u53ca\u65b9\u8a00 \/ \u539f\u58f0\u6cd5\u8bed\u5b57\u5e55 \/ \u5267\u60c5<\/em><\/p>\n\n\n\n<p>Dans une petite ville du Nord-ouest de la Chine, une fillette de 10 ans, Mimi, a \u00e9t\u00e9 assign\u00e9e gar\u00e7on par les adultes. Elle cherche \u00e0 tout prix \u00e0 prouver qu\u2019elle est bien une petite fille.&nbsp;<\/p>\n\n\n\n<p>2013\u5e74\uff0c\u5173\u4e2d\u5c0f\u57ce\uff0c\u5341\u5c81\u5c0f\u59d1\u5a18\u7c73\u7c73\u88ab\u5927\u4eba\u591a\u6b21\u6307\u6d3e\u4e3a\u7537\u751f\u3002\u4e3a\u4e86\u8bc1\u660e\u81ea\u5df1\u662f\u5973\u5b69\u513f\uff0c\u5979\u594b\u529b\u4e00\u640f\uff0c\u5374\u5dee\u70b9\u917f\u6210\u5927\u9519\u3002<\/p>\n\n\n\n<figure class=\"wp-block-gallery has-nested-images columns-default is-cropped wp-block-gallery-1 is-layout-flex wp-block-gallery-is-layout-flex\">\n<figure class=\"wp-block-image size-large\"><img loading=\"lazy\" decoding=\"async\" width=\"1024\" height=\"683\" data-id=\"6505\" src=\"https:\/\/www.allersretoursasso.fr\/wp-content\/uploads\/2025\/09\/2.\u5267\u71671-1024x683.jpg\" alt=\"\" class=\"wp-image-6505\" srcset=\"https:\/\/www.allersretoursasso.fr\/wp-content\/uploads\/2025\/09\/2.\u5267\u71671-1024x683.jpg 1024w, https:\/\/www.allersretoursasso.fr\/wp-content\/uploads\/2025\/09\/2.\u5267\u71671-300x200.jpg 300w, https:\/\/www.allersretoursasso.fr\/wp-content\/uploads\/2025\/09\/2.\u5267\u71671-768x512.jpg 768w, https:\/\/www.allersretoursasso.fr\/wp-content\/uploads\/2025\/09\/2.\u5267\u71671-1536x1024.jpg 1536w, https:\/\/www.allersretoursasso.fr\/wp-content\/uploads\/2025\/09\/2.\u5267\u71671-2048x1365.jpg 2048w, https:\/\/www.allersretoursasso.fr\/wp-content\/uploads\/2025\/09\/2.\u5267\u71671-18x12.jpg 18w, https:\/\/www.allersretoursasso.fr\/wp-content\/uploads\/2025\/09\/2.\u5267\u71671-350x233.jpg 350w, https:\/\/www.allersretoursasso.fr\/wp-content\/uploads\/2025\/09\/2.\u5267\u71671-272x182.jpg 272w\" sizes=\"(max-width: 767px) 89vw, (max-width: 1000px) 54vw, (max-width: 1071px) 543px, 580px\" \/><\/figure>\n\n\n\n<figure class=\"wp-block-image size-large\"><img loading=\"lazy\" decoding=\"async\" width=\"1024\" height=\"683\" data-id=\"6504\" src=\"https:\/\/www.allersretoursasso.fr\/wp-content\/uploads\/2025\/09\/2.\u5267\u71672-1024x683.jpg\" alt=\"\" class=\"wp-image-6504\" srcset=\"https:\/\/www.allersretoursasso.fr\/wp-content\/uploads\/2025\/09\/2.\u5267\u71672-1024x683.jpg 1024w, https:\/\/www.allersretoursasso.fr\/wp-content\/uploads\/2025\/09\/2.\u5267\u71672-300x200.jpg 300w, https:\/\/www.allersretoursasso.fr\/wp-content\/uploads\/2025\/09\/2.\u5267\u71672-768x512.jpg 768w, https:\/\/www.allersretoursasso.fr\/wp-content\/uploads\/2025\/09\/2.\u5267\u71672-1536x1024.jpg 1536w, https:\/\/www.allersretoursasso.fr\/wp-content\/uploads\/2025\/09\/2.\u5267\u71672-2048x1365.jpg 2048w, https:\/\/www.allersretoursasso.fr\/wp-content\/uploads\/2025\/09\/2.\u5267\u71672-18x12.jpg 18w, https:\/\/www.allersretoursasso.fr\/wp-content\/uploads\/2025\/09\/2.\u5267\u71672-350x233.jpg 350w, https:\/\/www.allersretoursasso.fr\/wp-content\/uploads\/2025\/09\/2.\u5267\u71672-272x182.jpg 272w\" sizes=\"(max-width: 767px) 89vw, (max-width: 1000px) 54vw, (max-width: 1071px) 543px, 580px\" \/><\/figure>\n\n\n\n<figure class=\"wp-block-image size-large\"><img loading=\"lazy\" decoding=\"async\" width=\"1024\" height=\"768\" data-id=\"6500\" src=\"https:\/\/www.allersretoursasso.fr\/wp-content\/uploads\/2025\/09\/2.\u5267\u71673-1024x768.jpg\" alt=\"\" class=\"wp-image-6500\" srcset=\"https:\/\/www.allersretoursasso.fr\/wp-content\/uploads\/2025\/09\/2.\u5267\u71673-1024x768.jpg 1024w, https:\/\/www.allersretoursasso.fr\/wp-content\/uploads\/2025\/09\/2.\u5267\u71673-300x225.jpg 300w, https:\/\/www.allersretoursasso.fr\/wp-content\/uploads\/2025\/09\/2.\u5267\u71673-768x576.jpg 768w, https:\/\/www.allersretoursasso.fr\/wp-content\/uploads\/2025\/09\/2.\u5267\u71673-1536x1152.jpg 1536w, https:\/\/www.allersretoursasso.fr\/wp-content\/uploads\/2025\/09\/2.\u5267\u71673-2048x1536.jpg 2048w, https:\/\/www.allersretoursasso.fr\/wp-content\/uploads\/2025\/09\/2.\u5267\u71673-16x12.jpg 16w, https:\/\/www.allersretoursasso.fr\/wp-content\/uploads\/2025\/09\/2.\u5267\u71673-350x263.jpg 350w\" sizes=\"(max-width: 767px) 89vw, (max-width: 1000px) 54vw, (max-width: 1071px) 543px, 580px\" \/><\/figure>\n\n\n\n<figure class=\"wp-block-image size-large\"><img loading=\"lazy\" decoding=\"async\" width=\"1024\" height=\"768\" data-id=\"6502\" src=\"https:\/\/www.allersretoursasso.fr\/wp-content\/uploads\/2025\/09\/2.\u5267\u71674-1024x768.jpg\" alt=\"\" class=\"wp-image-6502\" srcset=\"https:\/\/www.allersretoursasso.fr\/wp-content\/uploads\/2025\/09\/2.\u5267\u71674-1024x768.jpg 1024w, https:\/\/www.allersretoursasso.fr\/wp-content\/uploads\/2025\/09\/2.\u5267\u71674-300x225.jpg 300w, https:\/\/www.allersretoursasso.fr\/wp-content\/uploads\/2025\/09\/2.\u5267\u71674-768x576.jpg 768w, https:\/\/www.allersretoursasso.fr\/wp-content\/uploads\/2025\/09\/2.\u5267\u71674-1536x1152.jpg 1536w, https:\/\/www.allersretoursasso.fr\/wp-content\/uploads\/2025\/09\/2.\u5267\u71674-2048x1536.jpg 2048w, https:\/\/www.allersretoursasso.fr\/wp-content\/uploads\/2025\/09\/2.\u5267\u71674-16x12.jpg 16w, https:\/\/www.allersretoursasso.fr\/wp-content\/uploads\/2025\/09\/2.\u5267\u71674-350x263.jpg 350w\" sizes=\"(max-width: 767px) 89vw, (max-width: 1000px) 54vw, (max-width: 1071px) 543px, 580px\" \/><\/figure>\n\n\n\n<figure class=\"wp-block-image size-large\"><img loading=\"lazy\" decoding=\"async\" width=\"1024\" height=\"768\" data-id=\"6503\" src=\"https:\/\/www.allersretoursasso.fr\/wp-content\/uploads\/2025\/09\/2.\u5267\u71675-1024x768.jpg\" alt=\"\" class=\"wp-image-6503\" srcset=\"https:\/\/www.allersretoursasso.fr\/wp-content\/uploads\/2025\/09\/2.\u5267\u71675-1024x768.jpg 1024w, https:\/\/www.allersretoursasso.fr\/wp-content\/uploads\/2025\/09\/2.\u5267\u71675-300x225.jpg 300w, https:\/\/www.allersretoursasso.fr\/wp-content\/uploads\/2025\/09\/2.\u5267\u71675-768x576.jpg 768w, https:\/\/www.allersretoursasso.fr\/wp-content\/uploads\/2025\/09\/2.\u5267\u71675-1536x1152.jpg 1536w, https:\/\/www.allersretoursasso.fr\/wp-content\/uploads\/2025\/09\/2.\u5267\u71675-2048x1536.jpg 2048w, https:\/\/www.allersretoursasso.fr\/wp-content\/uploads\/2025\/09\/2.\u5267\u71675-16x12.jpg 16w, https:\/\/www.allersretoursasso.fr\/wp-content\/uploads\/2025\/09\/2.\u5267\u71675-350x263.jpg 350w\" sizes=\"(max-width: 767px) 89vw, (max-width: 1000px) 54vw, (max-width: 1071px) 543px, 580px\" \/><\/figure>\n\n\n\n<figure class=\"wp-block-image size-large\"><img loading=\"lazy\" decoding=\"async\" width=\"1024\" height=\"768\" data-id=\"6501\" src=\"https:\/\/www.allersretoursasso.fr\/wp-content\/uploads\/2025\/09\/2.\u5267\u71676-1024x768.jpg\" alt=\"\" class=\"wp-image-6501\" srcset=\"https:\/\/www.allersretoursasso.fr\/wp-content\/uploads\/2025\/09\/2.\u5267\u71676-1024x768.jpg 1024w, https:\/\/www.allersretoursasso.fr\/wp-content\/uploads\/2025\/09\/2.\u5267\u71676-300x225.jpg 300w, https:\/\/www.allersretoursasso.fr\/wp-content\/uploads\/2025\/09\/2.\u5267\u71676-768x576.jpg 768w, https:\/\/www.allersretoursasso.fr\/wp-content\/uploads\/2025\/09\/2.\u5267\u71676-16x12.jpg 16w, https:\/\/www.allersretoursasso.fr\/wp-content\/uploads\/2025\/09\/2.\u5267\u71676-350x263.jpg 350w, https:\/\/www.allersretoursasso.fr\/wp-content\/uploads\/2025\/09\/2.\u5267\u71676.jpg 1440w\" sizes=\"(max-width: 767px) 89vw, (max-width: 1000px) 54vw, (max-width: 1071px) 543px, 580px\" \/><\/figure>\n<\/figure>\n\n\n\n<p><mark style=\"background-color:rgba(0, 0, 0, 0)\" class=\"has-inline-color has-white-color\">000000<\/mark><\/p>\n\n\n\n<figure class=\"wp-block-embed is-type-video is-provider-youtube wp-block-embed-youtube wp-embed-aspect-16-9 wp-has-aspect-ratio\"><div class=\"wp-block-embed__wrapper\">\n<iframe loading=\"lazy\" title=\"Mimi&#039;s Confusion \u7c73\u7c73\u7684\u731c\u60f3\" width=\"525\" height=\"295\" src=\"https:\/\/www.youtube.com\/embed\/EenyrmQHrD0?feature=oembed\" frameborder=\"0\" allow=\"accelerometer; autoplay; clipboard-write; encrypted-media; gyroscope; picture-in-picture; web-share\" referrerpolicy=\"strict-origin-when-cross-origin\" allowfullscreen><\/iframe>\n<\/div><\/figure>\n\n\n\n<p><\/p>\n\n\n\n<hr class=\"wp-block-separator has-alpha-channel-opacity\"\/>\n\n\n\n<p class=\"has-small-font-size\"><\/p>\n\n\n\n<div class=\"wp-block-columns is-layout-flex wp-container-core-columns-layout-1 wp-block-columns-is-layout-flex\">\n<div class=\"wp-block-column is-layout-flow wp-block-column-is-layout-flow\" style=\"flex-basis:33.33%\">\n<figure class=\"wp-block-image size-full\"><img loading=\"lazy\" decoding=\"async\" width=\"745\" height=\"745\" src=\"https:\/\/www.allersretoursasso.fr\/wp-content\/uploads\/2025\/09\/5.\u5bfc\u6f14\u7167\u7247-edited.jpg\" alt=\"\" class=\"wp-image-6507\" srcset=\"https:\/\/www.allersretoursasso.fr\/wp-content\/uploads\/2025\/09\/5.\u5bfc\u6f14\u7167\u7247-edited.jpg 745w, https:\/\/www.allersretoursasso.fr\/wp-content\/uploads\/2025\/09\/5.\u5bfc\u6f14\u7167\u7247-edited-300x300.jpg 300w, https:\/\/www.allersretoursasso.fr\/wp-content\/uploads\/2025\/09\/5.\u5bfc\u6f14\u7167\u7247-edited-150x150.jpg 150w, https:\/\/www.allersretoursasso.fr\/wp-content\/uploads\/2025\/09\/5.\u5bfc\u6f14\u7167\u7247-edited-12x12.jpg 12w, https:\/\/www.allersretoursasso.fr\/wp-content\/uploads\/2025\/09\/5.\u5bfc\u6f14\u7167\u7247-edited-100x100.jpg 100w, https:\/\/www.allersretoursasso.fr\/wp-content\/uploads\/2025\/09\/5.\u5bfc\u6f14\u7167\u7247-edited-350x350.jpg 350w\" sizes=\"(max-width: 706px) 89vw, (max-width: 767px) 82vw, 740px\" \/><\/figure>\n<\/div>\n\n\n\n<div class=\"wp-block-column is-layout-flow wp-block-column-is-layout-flow\" style=\"flex-basis:66.66%\">\n<p><strong>\u00c0 propos de YANG Miaojing<br>\/ \u5173\u4e8e\u6768\u82d7\u5a67<\/strong><\/p>\n<\/div>\n<\/div>\n\n\n\n<p class=\"has-small-font-size\">YANG Miaojing est une r\u00e9alisatrice profond\u00e9ment attentive \u00e0 la cr\u00e9ation f\u00e9minine. Son court-m\u00e9trage de fin d\u2019\u00e9tude <em>Mimi\u2019s confusion<\/em> a \u00e9t\u00e9 s\u00e9lectionn\u00e9 par de nombreux festivals comme le First International Film Festival, le Golden Rooster Film Festival, le Festival du Film \u00c9tudiant de Beijing et a \u00e9galement \u00e9t\u00e9 projet\u00e9 durant le Festival International du Film de Shanghai.<\/p>\n\n\n\n<p class=\"has-small-font-size\">\u6768\u82d7\u5a67\u6301\u7eed\u5173\u6ce8\u5e76\u521b\u4f5c\u5973\u6027\u7535\u5f71\uff0c\u6bd5\u8bbe\u77ed\u7247\u300a\u7c73\u7c73\u7684\u731c\u60f3\u300b\u5165\u56f4FIRST\u3001\u91d1\u9e21\u3001ISFVF\u3001\u5317\u4eac\u5927\u5b66\u751f\u7535\u5f71\u8282\u3001\u5317\u4eac\u7231\u9177\u7535\u5f71\u5468\u7b49\u591a\u4e2a\u5f71\u5c55\uff0c\u5e76\u5728\u4e0a\u6d77\u56fd\u9645\u7535\u5f71\u8282\u53c2\u4e0e\u5c55\u6620\u3002<\/p>\n\n\n\n<hr class=\"wp-block-separator has-alpha-channel-opacity is-style-wide\"\/>\n\n\n\n<div class=\"wp-block-buttons is-content-justification-center is-layout-flex wp-container-core-buttons-layout-1 wp-block-buttons-is-layout-flex\">\n<div class=\"wp-block-button has-custom-width wp-block-button__width-50 has-custom-font-size is-style-outline\" style=\"font-size:16px\"><a class=\"wp-block-button__link has-black-color has-white-background-color has-text-color has-background wp-element-button\" href=\"https:\/\/www.billetweb.fr\/coming-of-age-2025\" target=\"_blank\" rel=\"noreferrer noopener\">\u8d2d\u7968\u94fe\u63a5<br>\u7ebf\u4e0a\u8d2d\u7968<\/a><\/div>\n<\/div>\n\n\n\n<p><\/p>\n\n\n\n<p class=\"has-text-align-center has-medium-font-size\"><strong><span style=\"text-decoration: underline\">S\u00e9ance 03 (S\u00e9ance Queer)<\/span><\/strong><\/p>\n\n\n\n<div class=\"wp-block-columns is-layout-flex wp-container-core-columns-layout-2 wp-block-columns-is-layout-flex\">\n<div class=\"wp-block-column is-layout-flow wp-block-column-is-layout-flow\">\n<p class=\"has-text-align-center\"><strong>Samedi 11 octobre \u00e0 19h45 au Studio des Ursulines<\/strong><br>10 rue des Ursulines, 75005 Paris<br><br>S\u00e9ance suivie d&#8217;une Q&amp;A avec la cin\u00e9aste en vid\u00e9oconf\u00e9rence<\/p>\n<\/div>\n\n\n\n<div class=\"wp-block-column is-layout-flow wp-block-column-is-layout-flow\">\n<p class=\"has-text-align-center\"><strong>Jeudi 9 octobre octobre \u00e0 <strong>19h<\/strong>30 au <strong>CIN\u00c9MA LES ALIZ\u00c9S<\/strong><\/strong><br>214 avenue Franklin Roosevelt, 69500 Bron<br><br>S\u00e9ance suivie d&#8217;une Q&amp;A avec la cin\u00e9aste en vid\u00e9oconf\u00e9rence<\/p>\n<\/div>\n<\/div>\n\n\n\n<div class=\"wp-block-cover is-light\" style=\"min-height:349px\"><span aria-hidden=\"true\" class=\"wp-block-cover__background has-white-background-color has-background-dim\"><\/span><div class=\"wp-block-cover__inner-container is-layout-flow wp-block-cover-is-layout-flow\">\n<div class=\"wp-block-group is-layout-flow wp-block-group-is-layout-flow\"><div class=\"wp-block-group__inner-container\">\n<figure class=\"wp-block-image size-large\"><a href=\"https:\/\/www.allersretoursasso.fr\/zh\/coming-of-age-2025\/\" target=\"_blank\" rel=\"noreferrer noopener\"><img loading=\"lazy\" decoding=\"async\" width=\"1024\" height=\"341\" src=\"https:\/\/www.allersretoursasso.fr\/wp-content\/uploads\/2025\/09\/1500_500-twitter-1024x341.png\" alt=\"\" class=\"wp-image-6335\" srcset=\"https:\/\/www.allersretoursasso.fr\/wp-content\/uploads\/2025\/09\/1500_500-twitter-1024x341.png 1024w, https:\/\/www.allersretoursasso.fr\/wp-content\/uploads\/2025\/09\/1500_500-twitter-300x100.png 300w, https:\/\/www.allersretoursasso.fr\/wp-content\/uploads\/2025\/09\/1500_500-twitter-768x256.png 768w, https:\/\/www.allersretoursasso.fr\/wp-content\/uploads\/2025\/09\/1500_500-twitter-1536x512.png 1536w, https:\/\/www.allersretoursasso.fr\/wp-content\/uploads\/2025\/09\/1500_500-twitter-2048x683.png 2048w, https:\/\/www.allersretoursasso.fr\/wp-content\/uploads\/2025\/09\/1500_500-twitter-18x6.png 18w, https:\/\/www.allersretoursasso.fr\/wp-content\/uploads\/2025\/09\/1500_500-twitter-350x117.png 350w\" sizes=\"(max-width: 767px) 89vw, (max-width: 1000px) 54vw, (max-width: 1071px) 543px, 580px\" \/><\/a><\/figure>\n<\/div><\/div>\n<\/div><\/div>\n\n\n\n<div class=\"wp-block-group is-layout-flow wp-block-group-is-layout-flow\"><div class=\"wp-block-group__inner-container\">\n<p class=\"has-text-align-center\" style=\"font-size:15px\"><\/p>\n<\/div><\/div>\n\n\n\n<p class=\"has-text-align-center has-white-color has-text-color\" style=\"font-size:15px\"> 19h45 aux Ursuline<\/p>\n\n\n\n<p class=\"has-text-align-center has-white-color has-text-color\" style=\"font-size:15px\">06 octobre \u00e0 19h45 aux Ursulines<\/p>","protected":false},"excerpt":{"rendered":"<p>2024 \/ 25\u2019 \/ Mandarin et dialectes \/ VOSTE \/ Fiction 2024 \/ 25\u2019 \/ \u6c49\u8bed\u666e\u901a\u8bdd\u53ca\u65b9\u8a00 \/ \u539f\u58f0\u6cd5\u8bed\u5b57\u5e55 \/ \u5267\u60c5 Dans une petite ville du Nord-ouest de la Chine, une fillette de 10 ans, Mimi, a \u00e9t\u00e9 assign\u00e9e gar\u00e7on par les adultes. Elle cherche \u00e0 tout prix \u00e0 prouver qu\u2019elle est bien une petite fille.&nbsp; &hellip; <\/p>\n<p class=\"link-more\"><a href=\"https:\/\/www.allersretoursasso.fr\/zh\/coming-of-age-2025-mimis-confusion\/\" class=\"more-link\">\u7ee7\u7eed\u9605\u8bfb<span class=\"screen-reader-text\">\u201cComing of Age 2025  &#8211; Mimi\u2019s Confusion\u201d<\/span><\/a><\/p>","protected":false},"author":17,"featured_media":0,"parent":0,"menu_order":0,"comment_status":"closed","ping_status":"closed","template":"","meta":{"footnotes":""},"_links":{"self":[{"href":"https:\/\/www.allersretoursasso.fr\/zh\/wp-json\/wp\/v2\/pages\/6498"}],"collection":[{"href":"https:\/\/www.allersretoursasso.fr\/zh\/wp-json\/wp\/v2\/pages"}],"about":[{"href":"https:\/\/www.allersretoursasso.fr\/zh\/wp-json\/wp\/v2\/types\/page"}],"author":[{"embeddable":true,"href":"https:\/\/www.allersretoursasso.fr\/zh\/wp-json\/wp\/v2\/users\/17"}],"replies":[{"embeddable":true,"href":"https:\/\/www.allersretoursasso.fr\/zh\/wp-json\/wp\/v2\/comments?post=6498"}],"version-history":[{"count":8,"href":"https:\/\/www.allersretoursasso.fr\/zh\/wp-json\/wp\/v2\/pages\/6498\/revisions"}],"predecessor-version":[{"id":6847,"href":"https:\/\/www.allersretoursasso.fr\/zh\/wp-json\/wp\/v2\/pages\/6498\/revisions\/6847"}],"wp:attachment":[{"href":"https:\/\/www.allersretoursasso.fr\/zh\/wp-json\/wp\/v2\/media?parent=6498"}],"curies":[{"name":"wp","href":"https:\/\/api.w.org\/{rel}","templated":true}]}}