{"id":7013,"date":"2026-01-06T18:43:19","date_gmt":"2026-01-06T17:43:19","guid":{"rendered":"https:\/\/www.allersretoursasso.fr\/?page_id=7013"},"modified":"2026-01-22T20:21:18","modified_gmt":"2026-01-22T19:21:18","slug":"festival2026-pavane-for-an-infant","status":"publish","type":"page","link":"https:\/\/www.allersretoursasso.fr\/zh\/festival2026-pavane-for-an-infant\/","title":{"rendered":"Festival Allers-Retours 2026  &#8211; Pavane For An Infant"},"content":{"rendered":"<div id=\"fb-root\"><\/div>\n\n<div class=\"wp-block-media-text alignwide is-stacked-on-mobile\" style=\"grid-template-columns:41% auto\"><figure class=\"wp-block-media-text__media\"><img loading=\"lazy\" decoding=\"async\" width=\"717\" height=\"1024\" src=\"https:\/\/www.allersretoursasso.fr\/wp-content\/uploads\/2026\/01\/PFAI_Int_Poster_2025_70x100-717x1024.jpg\" alt=\"\" class=\"wp-image-7027 size-full\" srcset=\"https:\/\/www.allersretoursasso.fr\/wp-content\/uploads\/2026\/01\/PFAI_Int_Poster_2025_70x100-717x1024.jpg 717w, https:\/\/www.allersretoursasso.fr\/wp-content\/uploads\/2026\/01\/PFAI_Int_Poster_2025_70x100-210x300.jpg 210w, https:\/\/www.allersretoursasso.fr\/wp-content\/uploads\/2026\/01\/PFAI_Int_Poster_2025_70x100-768x1097.jpg 768w, https:\/\/www.allersretoursasso.fr\/wp-content\/uploads\/2026\/01\/PFAI_Int_Poster_2025_70x100-1075x1536.jpg 1075w, https:\/\/www.allersretoursasso.fr\/wp-content\/uploads\/2026\/01\/PFAI_Int_Poster_2025_70x100-1434x2048.jpg 1434w, https:\/\/www.allersretoursasso.fr\/wp-content\/uploads\/2026\/01\/PFAI_Int_Poster_2025_70x100-8x12.jpg 8w, https:\/\/www.allersretoursasso.fr\/wp-content\/uploads\/2026\/01\/PFAI_Int_Poster_2025_70x100-350x500.jpg 350w, https:\/\/www.allersretoursasso.fr\/wp-content\/uploads\/2026\/01\/PFAI_Int_Poster_2025_70x100-scaled.jpg 1792w\" sizes=\"(max-width: 717px) 100vw, 717px\" \/><\/figure><div class=\"wp-block-media-text__content\">\n<div class=\"wp-block-group is-layout-flow wp-block-group-is-layout-flow\"><div class=\"wp-block-group__inner-container\">\n<div class=\"wp-block-group is-vertical is-layout-flex wp-container-core-group-layout-4 wp-block-group-is-layout-flex\">\n<div class=\"wp-block-group is-layout-flow wp-block-group-is-layout-flow\"><div class=\"wp-block-group__inner-container\">\n<div class=\"wp-block-group is-layout-flow wp-block-group-is-layout-flow\"><div class=\"wp-block-group__inner-container\">\n<div class=\"wp-block-group is-layout-flow wp-block-group-is-layout-flow\"><div class=\"wp-block-group__inner-container\">\n<p><\/p>\n\n\n\n<p style=\"font-size:30px;font-style:normal;font-weight:500\"><em><strong><strong><strong>Pavane For An Infant<\/strong><\/strong><\/strong><\/em><\/p>\n\n\n\n<p style=\"font-size:30px;font-style:normal;font-weight:500\"><strong><strong><strong><strong><strong>\u6447\u7bee\u51e1\u4e16<\/strong><\/strong><\/strong><\/strong><\/strong><\/p>\n\n\n\n<p class=\"has-medium-font-size\">CHONG Keat Aun<\/p>\n\n\n\n<p class=\"has-medium-font-size\">\u5f35\u5409\u5b89<\/p>\n\n\n\n<p class=\"has-small-font-size\"><a href=\"https:\/\/www.allersretoursasso.fr\/zh\/annee-festival-2026\/\" target=\"_blank\" rel=\"noreferrer noopener\">\u00c9dition 2026<\/a><\/p>\n\n\n\n<p style=\"font-size:10px\"><\/p>\n\n\n\n<p class=\"has-text-align-center\"><\/p>\n<\/div><\/div>\n<\/div><\/div>\n<\/div><\/div>\n<\/div>\n<\/div><\/div>\n<\/div><\/div>\n\n\n\n<h2 class=\"wp-block-heading\"><\/h2>\n\n\n\n<p class=\"has-text-align-center has-small-font-size\"><em>2024 \/ 117\u2019 \/ Malais, Cantonais, Mandarin, Anglais \/ VOSTF \/ Fiction<\/em><\/p>\n\n\n\n<p class=\"has-text-align-center has-small-font-size\"><em>Prix du Jury des jeunes au 39e Fribourg International Film Festival<\/em><br><em>En comp\u00e9tition dans la section Asian Future du 37e Festival international du film de Tokyo<\/em><\/p>\n\n\n\n<p>En Malaisie, l&#8217;existence des \u00ab bo\u00eetes \u00e0 b\u00e9b\u00e9s \u00bb reste un tabou per\u00e7u comme un reflet de la d\u00e9cadence morale. \u00c0 Kuala Lumpur, trois employ\u00e9es d\u00e9vou\u00e9es bravent l&#8217;opposition sociale pour soutenir des femmes de tous horizons, en qu\u00eate d&#8217;autonomie corporelle face aux pressions religieuses et soci\u00e9tales.<\/p>\n\n\n\n<p><em><em>Apr\u00e8s <\/em>Snow in Midsummer<em>, le r\u00e9alisateur malaisien CHONG Keat Aun poursuit son exploration des tabous de la soci\u00e9t\u00e9 malaisienne avec son esth\u00e9tique singuli\u00e8re et son approche humaniste. Dans un style r\u00e9aliste, il raconte, nuit apr\u00e8s nuit, le quotidien des bo\u00eetes \u00e0 b\u00e9b\u00e9s, mettant \u00e0 jour le circuit de la violence \u00e0 l\u2019ombre du patriarcat et du pouvoir religieux, tout en affirmant avec force le droit des femmes \u00e0 disposer de leur corps.<\/em><\/em><\/p>\n\n\n\n<p><\/p>\n\n\n\n<p class=\"has-text-align-center has-small-font-size\"><em>2024 \/ 117\u2019 \/ \u9a6c\u6765\u8bed\u3001\u7ca4\u8bed\u3001\u666e\u901a\u8bdd\u3001\u82f1\u8bed \/ \u539f\u58f0\u6cd5\u8bed\u5b57\u5e55 \/ \u5267\u60c5\u7247<\/em><br><em><br>\u5165\u9009\u7b2c37\u5c4a\u4e1c\u4eac\u56fd\u9645\u7535\u5f71\u8282 &#8211; \u4e16\u754c\u9996\u6620\uff5c\u4e9a\u6d32\u672a\u6765\u7ade\u8d5b\u5355\u5143<\/em><br><em>\u7b2c39\u5c4a\u5f17\u91cc\u5821\u56fd\u9645\u7535\u5f71\u8282 &#8211; \u9752\u5e74\u8bc4\u5ba1\u5927\u5956<\/em><\/p>\n\n\n\n<p>\u5728\u9a6c\u6765\u897f\u4e9a\u8fd9\u4e2a\u4ee5\u4f0a\u65af\u5170\u6587\u5316\u4e3a\u80cc\u666f\u7684\u793e\u4f1a\u4e2d\uff0c\u5f03\u5a74\u8231\u59cb\u7ec8\u662f\u4e00\u4e2a\u96be\u4ee5\u542f\u9f7f\u7684\u7981\u5fcc\u3002\u5d1b\u8d77\u7684\u793e\u4f1a\u4fdd\u5b88\u4e3b\u4e49\uff0c\u5c06\u4e4b\u5f52\u548e\u4e3a\u9f13\u52b1\u6027\u7231\u7684\u6ca6\u843d\u5730\u72f1\u3002\u5728\u5409\u9686\u5761\u7684\u4e00\u5904\u5f03\u5a74\u8231\uff0c\u51e0\u4f4d\u5973\u6027\u5de5\u4f5c\u4eba\u5458\u65e5\u590d\u4e00\u65e5\u5730\u575a\u5b88\u5c97\u4f4d\uff0c\u9006\u7740\u53cd\u5bf9\u7684\u58f0\u6d6a\uff0c\u5979\u4eec\u534f\u529b\u966a\u4f34\u5404\u65cf\u5973\u6027\u9762\u5bf9\u8eab\u4f53\u81ea\u4e3b\u7684\u7a98\u5883\u3002<\/p>\n\n\n\n<p><em>\u9a6c\u6765\u897f\u4e9a\u7f16\u5bfc\u5f20\u5409\u5b89\u5ef6\u7eed\u5176\u4f5c\u54c1\u4e2d\u72ec\u6709\u7684\u7f8e\u5b66\u7b14\u89e6\u4e0e\u4eba\u6587\u5173\u6000\uff0c\u7ee7\u300a\u4e94\u6708\u96ea\u300b\u540e\uff0c\u518d\u5c06\u76ee\u5149\u63a2\u5411\u9a6c\u6765\u793e\u4f1a\u7684\u7981\u5fcc\u89d2\u843d\u3002\u4ee5\u5199\u5b9e\u7684\u7b14\u6cd5\uff0c\u4ea6\u6d41\u5165\u9b54\u5e7b\u7247\u523b\uff0c\u8bb0\u53d9\u5728\u5f03\u5a74\u8231\u7684\u4e00\u4e2a\u53c8\u4e00\u4e2a\u6f2b\u6f2b\u957f\u591c\uff0c\u770b\u89c1\u7236\u6743\u4e0e\u795e\u6743\u9634\u5f71\u4e0b\u7684\u66b4\u529b\u8f6e\u8ff4\uff0c\u4e5f\u4e3a\u5973\u6027\u7684\u8eab\u4f53\u81ea\u4e3b\u575a\u5b9a\u53d1\u58f0\u3002<\/em><\/p>\n\n\n\n<figure class=\"wp-block-gallery has-nested-images columns-3 is-cropped wp-block-gallery-1 is-layout-flex wp-block-gallery-is-layout-flex\">\n<figure class=\"wp-block-image size-large\"><img loading=\"lazy\" decoding=\"async\" width=\"1024\" height=\"576\" data-id=\"7016\" src=\"https:\/\/www.allersretoursasso.fr\/wp-content\/uploads\/2026\/01\/PFAI_DS1511-1024x576.jpg\" alt=\"\" class=\"wp-image-7016\" srcset=\"https:\/\/www.allersretoursasso.fr\/wp-content\/uploads\/2026\/01\/PFAI_DS1511-1024x576.jpg 1024w, https:\/\/www.allersretoursasso.fr\/wp-content\/uploads\/2026\/01\/PFAI_DS1511-300x169.jpg 300w, https:\/\/www.allersretoursasso.fr\/wp-content\/uploads\/2026\/01\/PFAI_DS1511-768x432.jpg 768w, https:\/\/www.allersretoursasso.fr\/wp-content\/uploads\/2026\/01\/PFAI_DS1511-1536x864.jpg 1536w, https:\/\/www.allersretoursasso.fr\/wp-content\/uploads\/2026\/01\/PFAI_DS1511-2048x1152.jpg 2048w, https:\/\/www.allersretoursasso.fr\/wp-content\/uploads\/2026\/01\/PFAI_DS1511-18x10.jpg 18w, https:\/\/www.allersretoursasso.fr\/wp-content\/uploads\/2026\/01\/PFAI_DS1511-350x197.jpg 350w\" sizes=\"(max-width: 767px) 89vw, (max-width: 1000px) 54vw, (max-width: 1071px) 543px, 580px\" \/><\/figure>\n\n\n\n<figure class=\"wp-block-image size-large\"><img loading=\"lazy\" decoding=\"async\" width=\"1024\" height=\"576\" data-id=\"7025\" src=\"https:\/\/www.allersretoursasso.fr\/wp-content\/uploads\/2026\/01\/PFAI_DSF9079-1024x576.jpg\" alt=\"\" class=\"wp-image-7025\" srcset=\"https:\/\/www.allersretoursasso.fr\/wp-content\/uploads\/2026\/01\/PFAI_DSF9079-1024x576.jpg 1024w, https:\/\/www.allersretoursasso.fr\/wp-content\/uploads\/2026\/01\/PFAI_DSF9079-300x169.jpg 300w, https:\/\/www.allersretoursasso.fr\/wp-content\/uploads\/2026\/01\/PFAI_DSF9079-768x432.jpg 768w, https:\/\/www.allersretoursasso.fr\/wp-content\/uploads\/2026\/01\/PFAI_DSF9079-1536x864.jpg 1536w, https:\/\/www.allersretoursasso.fr\/wp-content\/uploads\/2026\/01\/PFAI_DSF9079-2048x1152.jpg 2048w, https:\/\/www.allersretoursasso.fr\/wp-content\/uploads\/2026\/01\/PFAI_DSF9079-18x10.jpg 18w, https:\/\/www.allersretoursasso.fr\/wp-content\/uploads\/2026\/01\/PFAI_DSF9079-350x197.jpg 350w\" sizes=\"(max-width: 767px) 89vw, (max-width: 1000px) 54vw, (max-width: 1071px) 543px, 580px\" \/><\/figure>\n\n\n\n<figure class=\"wp-block-image size-large\"><img loading=\"lazy\" decoding=\"async\" width=\"1024\" height=\"576\" data-id=\"7019\" src=\"https:\/\/www.allersretoursasso.fr\/wp-content\/uploads\/2026\/01\/PFAI_DSF0586-1024x576.jpg\" alt=\"\" class=\"wp-image-7019\" srcset=\"https:\/\/www.allersretoursasso.fr\/wp-content\/uploads\/2026\/01\/PFAI_DSF0586-1024x576.jpg 1024w, https:\/\/www.allersretoursasso.fr\/wp-content\/uploads\/2026\/01\/PFAI_DSF0586-300x169.jpg 300w, https:\/\/www.allersretoursasso.fr\/wp-content\/uploads\/2026\/01\/PFAI_DSF0586-768x432.jpg 768w, https:\/\/www.allersretoursasso.fr\/wp-content\/uploads\/2026\/01\/PFAI_DSF0586-1536x864.jpg 1536w, https:\/\/www.allersretoursasso.fr\/wp-content\/uploads\/2026\/01\/PFAI_DSF0586-2048x1152.jpg 2048w, https:\/\/www.allersretoursasso.fr\/wp-content\/uploads\/2026\/01\/PFAI_DSF0586-18x10.jpg 18w, https:\/\/www.allersretoursasso.fr\/wp-content\/uploads\/2026\/01\/PFAI_DSF0586-350x197.jpg 350w\" sizes=\"(max-width: 767px) 89vw, (max-width: 1000px) 54vw, (max-width: 1071px) 543px, 580px\" \/><\/figure>\n\n\n\n<figure class=\"wp-block-image size-large\"><img loading=\"lazy\" decoding=\"async\" width=\"1024\" height=\"576\" data-id=\"7018\" src=\"https:\/\/www.allersretoursasso.fr\/wp-content\/uploads\/2026\/01\/PFAI_DSF0357-1024x576.jpg\" alt=\"\" class=\"wp-image-7018\" srcset=\"https:\/\/www.allersretoursasso.fr\/wp-content\/uploads\/2026\/01\/PFAI_DSF0357-1024x576.jpg 1024w, https:\/\/www.allersretoursasso.fr\/wp-content\/uploads\/2026\/01\/PFAI_DSF0357-300x169.jpg 300w, https:\/\/www.allersretoursasso.fr\/wp-content\/uploads\/2026\/01\/PFAI_DSF0357-768x432.jpg 768w, https:\/\/www.allersretoursasso.fr\/wp-content\/uploads\/2026\/01\/PFAI_DSF0357-1536x864.jpg 1536w, https:\/\/www.allersretoursasso.fr\/wp-content\/uploads\/2026\/01\/PFAI_DSF0357-2048x1152.jpg 2048w, https:\/\/www.allersretoursasso.fr\/wp-content\/uploads\/2026\/01\/PFAI_DSF0357-18x10.jpg 18w, https:\/\/www.allersretoursasso.fr\/wp-content\/uploads\/2026\/01\/PFAI_DSF0357-350x197.jpg 350w\" sizes=\"(max-width: 767px) 89vw, (max-width: 1000px) 54vw, (max-width: 1071px) 543px, 580px\" \/><\/figure>\n\n\n\n<figure class=\"wp-block-image size-large\"><img loading=\"lazy\" decoding=\"async\" width=\"1024\" height=\"576\" data-id=\"7020\" src=\"https:\/\/www.allersretoursasso.fr\/wp-content\/uploads\/2026\/01\/PFAI_DSF1572-1024x576.jpg\" alt=\"\" class=\"wp-image-7020\" srcset=\"https:\/\/www.allersretoursasso.fr\/wp-content\/uploads\/2026\/01\/PFAI_DSF1572-1024x576.jpg 1024w, https:\/\/www.allersretoursasso.fr\/wp-content\/uploads\/2026\/01\/PFAI_DSF1572-300x169.jpg 300w, https:\/\/www.allersretoursasso.fr\/wp-content\/uploads\/2026\/01\/PFAI_DSF1572-768x432.jpg 768w, https:\/\/www.allersretoursasso.fr\/wp-content\/uploads\/2026\/01\/PFAI_DSF1572-1536x864.jpg 1536w, https:\/\/www.allersretoursasso.fr\/wp-content\/uploads\/2026\/01\/PFAI_DSF1572-2048x1152.jpg 2048w, https:\/\/www.allersretoursasso.fr\/wp-content\/uploads\/2026\/01\/PFAI_DSF1572-18x10.jpg 18w, https:\/\/www.allersretoursasso.fr\/wp-content\/uploads\/2026\/01\/PFAI_DSF1572-350x197.jpg 350w\" sizes=\"(max-width: 767px) 89vw, (max-width: 1000px) 54vw, (max-width: 1071px) 543px, 580px\" \/><\/figure>\n\n\n\n<figure class=\"wp-block-image size-large\"><img loading=\"lazy\" decoding=\"async\" width=\"1024\" height=\"576\" data-id=\"7021\" src=\"https:\/\/www.allersretoursasso.fr\/wp-content\/uploads\/2026\/01\/PFAI_DSF3542-1024x576.jpg\" alt=\"\" class=\"wp-image-7021\" srcset=\"https:\/\/www.allersretoursasso.fr\/wp-content\/uploads\/2026\/01\/PFAI_DSF3542-1024x576.jpg 1024w, https:\/\/www.allersretoursasso.fr\/wp-content\/uploads\/2026\/01\/PFAI_DSF3542-300x169.jpg 300w, https:\/\/www.allersretoursasso.fr\/wp-content\/uploads\/2026\/01\/PFAI_DSF3542-768x432.jpg 768w, https:\/\/www.allersretoursasso.fr\/wp-content\/uploads\/2026\/01\/PFAI_DSF3542-1536x864.jpg 1536w, https:\/\/www.allersretoursasso.fr\/wp-content\/uploads\/2026\/01\/PFAI_DSF3542-2048x1152.jpg 2048w, https:\/\/www.allersretoursasso.fr\/wp-content\/uploads\/2026\/01\/PFAI_DSF3542-18x10.jpg 18w, https:\/\/www.allersretoursasso.fr\/wp-content\/uploads\/2026\/01\/PFAI_DSF3542-350x197.jpg 350w\" sizes=\"(max-width: 767px) 89vw, (max-width: 1000px) 54vw, (max-width: 1071px) 543px, 580px\" \/><\/figure>\n\n\n\n<figure class=\"wp-block-image size-large\"><img loading=\"lazy\" decoding=\"async\" width=\"1024\" height=\"576\" data-id=\"7023\" src=\"https:\/\/www.allersretoursasso.fr\/wp-content\/uploads\/2026\/01\/PFAI_DSF5105-1024x576.jpg\" alt=\"\" class=\"wp-image-7023\" srcset=\"https:\/\/www.allersretoursasso.fr\/wp-content\/uploads\/2026\/01\/PFAI_DSF5105-1024x576.jpg 1024w, https:\/\/www.allersretoursasso.fr\/wp-content\/uploads\/2026\/01\/PFAI_DSF5105-300x169.jpg 300w, https:\/\/www.allersretoursasso.fr\/wp-content\/uploads\/2026\/01\/PFAI_DSF5105-768x432.jpg 768w, https:\/\/www.allersretoursasso.fr\/wp-content\/uploads\/2026\/01\/PFAI_DSF5105-1536x864.jpg 1536w, https:\/\/www.allersretoursasso.fr\/wp-content\/uploads\/2026\/01\/PFAI_DSF5105-2048x1152.jpg 2048w, https:\/\/www.allersretoursasso.fr\/wp-content\/uploads\/2026\/01\/PFAI_DSF5105-18x10.jpg 18w, https:\/\/www.allersretoursasso.fr\/wp-content\/uploads\/2026\/01\/PFAI_DSF5105-350x197.jpg 350w\" sizes=\"(max-width: 767px) 89vw, (max-width: 1000px) 54vw, (max-width: 1071px) 543px, 580px\" \/><\/figure>\n\n\n\n<figure class=\"wp-block-image size-large\"><img loading=\"lazy\" decoding=\"async\" width=\"1024\" height=\"576\" data-id=\"7022\" src=\"https:\/\/www.allersretoursasso.fr\/wp-content\/uploads\/2026\/01\/PFAI_DSF4645-1024x576.jpg\" alt=\"\" class=\"wp-image-7022\" srcset=\"https:\/\/www.allersretoursasso.fr\/wp-content\/uploads\/2026\/01\/PFAI_DSF4645-1024x576.jpg 1024w, https:\/\/www.allersretoursasso.fr\/wp-content\/uploads\/2026\/01\/PFAI_DSF4645-300x169.jpg 300w, https:\/\/www.allersretoursasso.fr\/wp-content\/uploads\/2026\/01\/PFAI_DSF4645-768x432.jpg 768w, https:\/\/www.allersretoursasso.fr\/wp-content\/uploads\/2026\/01\/PFAI_DSF4645-1536x864.jpg 1536w, https:\/\/www.allersretoursasso.fr\/wp-content\/uploads\/2026\/01\/PFAI_DSF4645-2048x1152.jpg 2048w, https:\/\/www.allersretoursasso.fr\/wp-content\/uploads\/2026\/01\/PFAI_DSF4645-18x10.jpg 18w, https:\/\/www.allersretoursasso.fr\/wp-content\/uploads\/2026\/01\/PFAI_DSF4645-350x197.jpg 350w\" sizes=\"(max-width: 767px) 89vw, (max-width: 1000px) 54vw, (max-width: 1071px) 543px, 580px\" \/><\/figure>\n\n\n\n<figure class=\"wp-block-image size-large\"><img loading=\"lazy\" decoding=\"async\" width=\"1024\" height=\"576\" data-id=\"7024\" src=\"https:\/\/www.allersretoursasso.fr\/wp-content\/uploads\/2026\/01\/PFAI_DSF9068-1024x576.jpg\" alt=\"\" class=\"wp-image-7024\" srcset=\"https:\/\/www.allersretoursasso.fr\/wp-content\/uploads\/2026\/01\/PFAI_DSF9068-1024x576.jpg 1024w, https:\/\/www.allersretoursasso.fr\/wp-content\/uploads\/2026\/01\/PFAI_DSF9068-300x169.jpg 300w, https:\/\/www.allersretoursasso.fr\/wp-content\/uploads\/2026\/01\/PFAI_DSF9068-768x432.jpg 768w, https:\/\/www.allersretoursasso.fr\/wp-content\/uploads\/2026\/01\/PFAI_DSF9068-1536x864.jpg 1536w, https:\/\/www.allersretoursasso.fr\/wp-content\/uploads\/2026\/01\/PFAI_DSF9068-2048x1152.jpg 2048w, https:\/\/www.allersretoursasso.fr\/wp-content\/uploads\/2026\/01\/PFAI_DSF9068-18x10.jpg 18w, https:\/\/www.allersretoursasso.fr\/wp-content\/uploads\/2026\/01\/PFAI_DSF9068-350x197.jpg 350w\" sizes=\"(max-width: 767px) 89vw, (max-width: 1000px) 54vw, (max-width: 1071px) 543px, 580px\" \/><\/figure>\n\n\n\n<figure class=\"wp-block-image size-large\"><img loading=\"lazy\" decoding=\"async\" width=\"1024\" height=\"576\" data-id=\"7026\" src=\"https:\/\/www.allersretoursasso.fr\/wp-content\/uploads\/2026\/01\/PFAI_DSF9491-1024x576.jpg\" alt=\"\" class=\"wp-image-7026\" srcset=\"https:\/\/www.allersretoursasso.fr\/wp-content\/uploads\/2026\/01\/PFAI_DSF9491-1024x576.jpg 1024w, https:\/\/www.allersretoursasso.fr\/wp-content\/uploads\/2026\/01\/PFAI_DSF9491-300x169.jpg 300w, https:\/\/www.allersretoursasso.fr\/wp-content\/uploads\/2026\/01\/PFAI_DSF9491-768x432.jpg 768w, https:\/\/www.allersretoursasso.fr\/wp-content\/uploads\/2026\/01\/PFAI_DSF9491-1536x864.jpg 1536w, https:\/\/www.allersretoursasso.fr\/wp-content\/uploads\/2026\/01\/PFAI_DSF9491-2048x1152.jpg 2048w, https:\/\/www.allersretoursasso.fr\/wp-content\/uploads\/2026\/01\/PFAI_DSF9491-18x10.jpg 18w, https:\/\/www.allersretoursasso.fr\/wp-content\/uploads\/2026\/01\/PFAI_DSF9491-350x197.jpg 350w\" sizes=\"(max-width: 767px) 89vw, (max-width: 1000px) 54vw, (max-width: 1071px) 543px, 580px\" \/><\/figure>\n<\/figure>\n\n\n\n<figure class=\"wp-block-embed is-type-video is-provider-youtube wp-block-embed-youtube wp-embed-aspect-16-9 wp-has-aspect-ratio\"><div class=\"wp-block-embed__wrapper\">\n<iframe loading=\"lazy\" title=\"Pavane for an Infant\" width=\"525\" height=\"295\" src=\"https:\/\/www.youtube.com\/embed\/ga7Vm7XQy9U?feature=oembed\" frameborder=\"0\" allow=\"accelerometer; autoplay; clipboard-write; encrypted-media; gyroscope; picture-in-picture; web-share\" referrerpolicy=\"strict-origin-when-cross-origin\" allowfullscreen><\/iframe>\n<\/div><\/figure>\n\n\n\n<div class=\"wp-block-columns is-layout-flex wp-container-core-columns-layout-1 wp-block-columns-is-layout-flex\">\n<div class=\"wp-block-column is-layout-flow wp-block-column-is-layout-flow\"><\/div>\n<\/div>\n\n\n\n<hr class=\"wp-block-separator has-alpha-channel-opacity\"\/>\n\n\n\n<div class=\"wp-block-columns is-layout-flex wp-container-core-columns-layout-2 wp-block-columns-is-layout-flex\">\n<div class=\"wp-block-column is-layout-flow wp-block-column-is-layout-flow\"><\/div>\n<\/div>\n\n\n\n<div class=\"wp-block-columns is-layout-flex wp-container-core-columns-layout-3 wp-block-columns-is-layout-flex\">\n<div class=\"wp-block-column is-layout-flow wp-block-column-is-layout-flow\" style=\"flex-basis:33.33%\">\n<figure class=\"wp-block-image size-full\"><img loading=\"lazy\" decoding=\"async\" width=\"1707\" height=\"2560\" src=\"https:\/\/www.allersretoursasso.fr\/wp-content\/uploads\/2026\/01\/PFAI_Dir_Chong-Keat-Aun-scaled.jpg\" alt=\"\" class=\"wp-image-7015\" style=\"aspect-ratio:3\/4;object-fit:cover\" srcset=\"https:\/\/www.allersretoursasso.fr\/wp-content\/uploads\/2026\/01\/PFAI_Dir_Chong-Keat-Aun-scaled.jpg 1707w, https:\/\/www.allersretoursasso.fr\/wp-content\/uploads\/2026\/01\/PFAI_Dir_Chong-Keat-Aun-200x300.jpg 200w, https:\/\/www.allersretoursasso.fr\/wp-content\/uploads\/2026\/01\/PFAI_Dir_Chong-Keat-Aun-683x1024.jpg 683w, https:\/\/www.allersretoursasso.fr\/wp-content\/uploads\/2026\/01\/PFAI_Dir_Chong-Keat-Aun-768x1152.jpg 768w, https:\/\/www.allersretoursasso.fr\/wp-content\/uploads\/2026\/01\/PFAI_Dir_Chong-Keat-Aun-1024x1536.jpg 1024w, https:\/\/www.allersretoursasso.fr\/wp-content\/uploads\/2026\/01\/PFAI_Dir_Chong-Keat-Aun-1365x2048.jpg 1365w, https:\/\/www.allersretoursasso.fr\/wp-content\/uploads\/2026\/01\/PFAI_Dir_Chong-Keat-Aun-8x12.jpg 8w, https:\/\/www.allersretoursasso.fr\/wp-content\/uploads\/2026\/01\/PFAI_Dir_Chong-Keat-Aun-350x525.jpg 350w\" sizes=\"(max-width: 767px) 89vw, (max-width: 1000px) 54vw, (max-width: 1071px) 543px, 580px\" \/><\/figure>\n<\/div>\n\n\n\n<div class=\"wp-block-column is-layout-flow wp-block-column-is-layout-flow\" style=\"flex-basis:66.66%\">\n<p><strong><strong>\u00c0 propos de<\/strong> <strong>CHONG Keat Aun<\/strong><\/strong><\/p>\n\n\n\n<p class=\"has-small-font-size\"><\/p>\n<\/div>\n<\/div>\n\n\n\n<p class=\"has-small-font-size\"><\/p>\n\n\n\n<p style=\"font-size:14px\">N\u00e9 \u00e0 Kedah, en Malaisie, en 1978, CHONG Keat Aun est un r\u00e9alisateur d&#8217;origine chinoise. En 2020, son premier long m\u00e9trage <em>The Story of Southern Islet<\/em> lui a valu le prix du Meilleur Nouveau R\u00e9alisateur aux Golden Horse Awards. Son deuxi\u00e8me long m\u00e9trage <em>Snow in Midsummer<\/em> a \u00e9t\u00e9 pr\u00e9sent\u00e9 en premi\u00e8re dans la section Venice Days en 2023 et a ensuite re\u00e7u neuf nominations aux Golden Horse Awards. <em>Pavane For An Infant<\/em> est son troisi\u00e8me long m\u00e9trage.<\/p>\n\n\n\n<p class=\"has-small-font-size\"><\/p>\n\n\n\n<p style=\"font-size:14px\">\u5f20\u5409\u5b89\uff0c\u9a6c\u6765\u897f\u4e9a\u7f16\u5bfc\u3002\u9996\u90e8\u957f\u7247\u300a\u5357\u5deb\u300b\u8363\u83b7\u7b2c57\u5c4a\u91d1\u9a6c\u5956\u6700\u4f73\u65b0\u5bfc\u6f14;\u7b2c\u4e8c\u90e8\u957f\u7247\u300a\u4e94\u6708\u96ea\u300b\u5165\u9009\u7b2c80\u5c4a\u5a01\u5c3c\u65af\u5f71\u5c55\u5e73\u884c\u5355\u5143\u300c\u5a01\u5c3c\u65af\u65e5\u300d\u3002\u540c\u5e74\u83b7\u9009\u4e3a2023\u53f0\u5317\u91d1\u9a6c\u5f71\u5c55\u5f00\u5e55\u7247,\u5e76\u4e8e\u7b2c60\u5c4a\u91d1\u9a6c\u5956\u5165\u56f49\u9879\u63d0\u540d,\u4e3a\u8be5\u5c4a\u5165\u56f4\u6700\u591a\u5956\u9879\u7684\u7535\u5f71\u3002\u9694\u5e74,\u300a\u4e94\u6708\u96ea\u300b\u52c7\u593a\u7b2c48\u5c4a\u9999\u6e2f\u56fd\u9645\u7535\u5f71\u8282\u65b0\u79c0\u7535\u5f71\u7ade\u8d5b\u534e\u8bed\u7ec4\u300c\u706b\u9e1f\u5927\u5956\u300d\u6700\u4f73\u7535\u5f71\u3002\u300a\u6447\u7bee\u51e1\u4e16\u300b\u4e3a\u4ed6\u7684\u7b2c\u4e09\u90e8\u957f\u7247\u3002<\/p>\n\n\n\n<p class=\"has-small-font-size\"><\/p>\n\n\n\n<hr class=\"wp-block-separator has-alpha-channel-opacity is-style-wide\"\/>\n\n\n\n<div class=\"wp-block-columns is-layout-flex wp-container-core-columns-layout-4 wp-block-columns-is-layout-flex\">\n<div class=\"wp-block-column is-layout-flow wp-block-column-is-layout-flow\">\n<div class=\"wp-block-buttons is-content-justification-center is-layout-flex wp-container-core-buttons-layout-1 wp-block-buttons-is-layout-flex\">\n<div class=\"wp-block-button has-custom-width wp-block-button__width-50 has-custom-font-size is-style-outline\" style=\"font-size:15px\"><a class=\"wp-block-button__link wp-element-button\" href=\"https:\/\/www.billetweb.fr\/festival-allers-retours-2026-paris\" target=\"_blank\" rel=\"noreferrer noopener\">\u8d2d\u7968\u94fe\u63a5<br>\u7ebf\u4e0a\u8d2d\u7968<\/a><\/div>\n<\/div>\n<\/div>\n<\/div>\n\n\n\n<div class=\"wp-block-columns is-layout-flex wp-container-core-columns-layout-5 wp-block-columns-is-layout-flex\">\n<div class=\"wp-block-column is-layout-flow wp-block-column-is-layout-flow\" style=\"flex-basis:100%\"><\/div>\n<\/div>\n\n\n\n<p class=\"has-text-align-center\" style=\"font-size:18px\"><strong>Paris<\/strong><\/p>\n\n\n\n<p class=\"has-text-align-center\"><strong>Dim. 25 janvier \u00e0 15h<\/strong> au Path\u00e9 Les Fauvettes, premi\u00e8re fran\u00e7aise<\/p>\n\n\n\n<p class=\"has-text-align-center\"><strong>Sam. 31 janvier \u00e0 20h30 <\/strong>au Studio des Ursulines<\/p>\n\n\n\n<p class=\"has-text-align-center\" style=\"font-size:18px\"><\/p>\n\n\n\n<p><\/p>\n\n\n\n<div class=\"wp-block-cover is-light\" style=\"min-height:349px\"><span aria-hidden=\"true\" class=\"wp-block-cover__background has-white-background-color has-background-dim\"><\/span><div class=\"wp-block-cover__inner-container is-layout-flow wp-block-cover-is-layout-flow\">\n<div class=\"wp-block-group is-layout-flow wp-block-group-is-layout-flow\"><div class=\"wp-block-group__inner-container\">\n<figure class=\"wp-block-image size-large\"><a href=\"https:\/\/www.allersretoursasso.fr\/zh\/annee-festival-2026\/\" target=\"_blank\" rel=\"noreferrer noopener\"><img loading=\"lazy\" decoding=\"async\" width=\"1024\" height=\"379\" src=\"https:\/\/www.allersretoursasso.fr\/wp-content\/uploads\/2026\/01\/FB-banner@4x-1024x379.png\" alt=\"\" class=\"wp-image-6878\" srcset=\"https:\/\/www.allersretoursasso.fr\/wp-content\/uploads\/2026\/01\/FB-banner@4x-1024x379.png 1024w, https:\/\/www.allersretoursasso.fr\/wp-content\/uploads\/2026\/01\/FB-banner@4x-300x111.png 300w, https:\/\/www.allersretoursasso.fr\/wp-content\/uploads\/2026\/01\/FB-banner@4x-768x285.png 768w, https:\/\/www.allersretoursasso.fr\/wp-content\/uploads\/2026\/01\/FB-banner@4x-1536x569.png 1536w, https:\/\/www.allersretoursasso.fr\/wp-content\/uploads\/2026\/01\/FB-banner@4x-2048x759.png 2048w, https:\/\/www.allersretoursasso.fr\/wp-content\/uploads\/2026\/01\/FB-banner@4x-18x7.png 18w, https:\/\/www.allersretoursasso.fr\/wp-content\/uploads\/2026\/01\/FB-banner@4x-350x130.png 350w\" sizes=\"(max-width: 767px) 89vw, (max-width: 1000px) 54vw, (max-width: 1071px) 543px, 580px\" \/><\/a><\/figure>\n<\/div><\/div>\n<\/div><\/div>\n\n\n\n<div class=\"wp-block-group is-layout-flow wp-block-group-is-layout-flow\"><div class=\"wp-block-group__inner-container\">\n<p class=\"has-text-align-center\" style=\"font-size:15px\"><\/p>\n<\/div><\/div>","protected":false},"excerpt":{"rendered":"<p>2024 \/ 117\u2019 \/ Malais, Cantonais, Mandarin, Anglais \/ VOSTF \/ Fiction Prix du Jury des jeunes au 39e Fribourg International Film FestivalEn comp\u00e9tition dans la section Asian Future du 37e Festival international du film de Tokyo En Malaisie, l&#8217;existence des \u00ab bo\u00eetes \u00e0 b\u00e9b\u00e9s \u00bb reste un tabou per\u00e7u comme un reflet de la &hellip; <\/p>\n<p class=\"link-more\"><a href=\"https:\/\/www.allersretoursasso.fr\/zh\/festival2026-pavane-for-an-infant\/\" class=\"more-link\">\u7ee7\u7eed\u9605\u8bfb<span class=\"screen-reader-text\">\u201cFestival Allers-Retours 2026  &#8211; Pavane For An Infant\u201d<\/span><\/a><\/p>","protected":false},"author":20,"featured_media":0,"parent":0,"menu_order":0,"comment_status":"closed","ping_status":"closed","template":"","meta":{"footnotes":""},"_links":{"self":[{"href":"https:\/\/www.allersretoursasso.fr\/zh\/wp-json\/wp\/v2\/pages\/7013"}],"collection":[{"href":"https:\/\/www.allersretoursasso.fr\/zh\/wp-json\/wp\/v2\/pages"}],"about":[{"href":"https:\/\/www.allersretoursasso.fr\/zh\/wp-json\/wp\/v2\/types\/page"}],"author":[{"embeddable":true,"href":"https:\/\/www.allersretoursasso.fr\/zh\/wp-json\/wp\/v2\/users\/20"}],"replies":[{"embeddable":true,"href":"https:\/\/www.allersretoursasso.fr\/zh\/wp-json\/wp\/v2\/comments?post=7013"}],"version-history":[{"count":10,"href":"https:\/\/www.allersretoursasso.fr\/zh\/wp-json\/wp\/v2\/pages\/7013\/revisions"}],"predecessor-version":[{"id":7435,"href":"https:\/\/www.allersretoursasso.fr\/zh\/wp-json\/wp\/v2\/pages\/7013\/revisions\/7435"}],"wp:attachment":[{"href":"https:\/\/www.allersretoursasso.fr\/zh\/wp-json\/wp\/v2\/media?parent=7013"}],"curies":[{"name":"wp","href":"https:\/\/api.w.org\/{rel}","templated":true}]}}