{"id":729,"date":"2019-10-19T16:39:01","date_gmt":"2019-10-19T14:39:01","guid":{"rendered":"https:\/\/www.allersretoursasso.fr\/?page_id=729"},"modified":"2024-12-07T17:04:41","modified_gmt":"2024-12-07T16:04:41","slug":"devenir-benevole","status":"publish","type":"page","link":"https:\/\/www.allersretoursasso.fr\/zh\/devenir-benevole\/","title":{"rendered":"\u6210\u4e3a\u5fd7\u613f\u8005"},"content":{"rendered":"<div id=\"fb-root\"><\/div>\n<p>\u5982\u679c\u60a8\u70ed\u7231\u7535\u5f71\uff0c\u4e0d\u8bba\u60a8\u662f\u5e0c\u671b\u83b7\u5f97\u4e00\u6b21\u72ec\u7279\u7684\u6587\u5316\u6d3b\u52a8\u53c2\u4e0e\u7ecf\u5386\uff0c\u8fd8\u662f\u5e0c\u671b\u4e0e\u6211\u4eec\u5171\u521b\u6587\u5316\u827a\u672f\u4e8b\u4e1a\uff0c <strong><a href=\"mailto:contact@allersretoursasso.fr?subject=Je veux \u00eatre b\u00e9n\u00e9vole !\">\u8bf7\u968f\u65f6\u6295\u9012\u60a8\u7684\u7b80\u5386\uff0c\u7535\u5f71\u9010\u5149\u4e4b\u65c5\uff0c\u4e0b\u4e00\u7ad9\u6211\u4eec\u540c\u884c<\/a><\/strong> !<\/p>\n<p>\u5982\u679c\u60a8\u70ed\u7231\u7535\u5f71\uff0c\u4e0d\u8bba\u60a8\u662f\u5e0c\u671b\u83b7\u5f97\u4e00\u6b21\u72ec\u7279\u7684\u6587\u5316\u6d3b\u52a8\u53c2\u4e0e\u7ecf\u5386\uff0c\u8fd8\u662f\u5e0c\u671b\u4e0e\u6211\u4eec\u5171\u521b\u6587\u5316\u827a\u672f\u4e8b\u4e1a\uff0c <strong><a href=\"mailto:contact@allersretoursasso.fr?subject=Je veux \u00eatre b\u00e9n\u00e9vole !\">\u8bf7\u968f\u65f6\u6295\u9012\u60a8\u7684\u7b80\u5386\uff0c\u7535\u5f71\u9010\u5149\u4e4b\u65c5\uff0c\u4e0b\u4e00\u7ad9\u6211\u4eec\u540c\u884c<\/a><\/strong> !<\/p>\n<\/p>\n\n\n<\/p>\n<p class=\"is-layout-flex wp-block-buttons-is-layout-flex\">\n\n\n<p>Allers-Retours\u534f\u4f1a\u662f\u4e00\u4e2a\u7531\u7535\u5f71\u884c\u4e1a\u4eba\u58eb\u548c\u7231\u597d\u8005\u7ec4\u6210\u7684\u975e\u76c8\u5229\u56e2\u961f\uff0c\u6211\u4eec\u671f\u5f85\u60a8\u7684\u529b\u91cf\u3002<br \/>Allers-Retours\u534f\u4f1a\u662f\u4e00\u4e2a\u7531\u7535\u5f71\u884c\u4e1a\u4eba\u58eb\u548c\u7231\u597d\u8005\u7ec4\u6210\u7684\u975e\u76c8\u5229\u56e2\u961f\uff0c\u6211\u4eec\u671f\u5f85\u60a8\u7684\u529b\u91cf\u3002<\/p>\n<p>\u4f5c\u4e3a\u5fd7\u613f\u8005\uff0c\u60a8\u5c06\u6709\u673a\u4f1a\u53c2\u4e0e\u5f71\u5c55\u7684\u7ec4\u7ec7\u7b56\u5212\u8fc7\u7a0b\uff0c\u63a5\u89e6\u5404\u7c7b\u4e13\u4e1a\u7684\u7535\u5f71\u5de5\u4f5c\u8005\uff0c\u5f97\u5230\u72ec\u7279\u7684\u4f53\u9a8c\u4e0e\u6536\u83b7\u3002\u5de5\u4f5c\u5185\u5bb9\u5305\u542b\uff1a<br \/>\u4f5c\u4e3a\u5fd7\u613f\u8005\uff0c\u60a8\u5c06\u6709\u673a\u4f1a\u53c2\u4e0e\u5f71\u5c55\u7684\u7ec4\u7ec7\u7b56\u5212\u8fc7\u7a0b\uff0c\u63a5\u89e6\u5404\u7c7b\u4e13\u4e1a\u7684\u7535\u5f71\u5de5\u4f5c\u8005\uff0c\u5f97\u5230\u72ec\u7279\u7684\u4f53\u9a8c\u4e0e\u6536\u83b7\u3002\u5de5\u4f5c\u5185\u5bb9\u5305\u542b\uff1a<\/p>\n<ul>\n<li>\u64b0\u5199\u4e2d\u6cd5\u6587\u6750\u6599\uff0c\u5305\u62ec\u7f51\u7ad9\u5185\u5bb9\u66f4\u65b0\u3001\u5f71\u5c55\u624b\u518c\u6587\u6848\u3001\u793e\u4ea4\u7f51\u7edc\u63a8\u9001\u7b49\u5185\u5bb9\uff1b<\/li>\n<li>\u4e2d\u6cd5\u53cc\u5411\u7ffb\u8bd1\u5de5\u4f5c\uff1b<\/li>\n<li>\u4e2d\u6cd5\u793e\u4ea4\u7f51\u7edc\u5f71\u5c55\u8d26\u6237\u7684\u8fd0\u8425\u4e0e\u7ef4\u62a4\uff1b<\/li>\n<li>\u5f71\u5c55\u7ebf\u4e0b\u5ba3\u4f20\u5de5\u4f5c\uff1b<\/li>\n<li>\u5f71\u5c55\u671f\u95f4\u63a5\u5f85\u3001\u5019\u573a\u3001\u68c0\u7968\u3001\u6620\u540e\u79e9\u5e8f\u534f\u8c03\uff1b<\/li>\n<li>Interpr\u00e9tation des \u00e9changes de cin\u00e9astes fran\u00e7ais-chinois-anglais<\/li>\n<li>Design et mise en page des visuels<\/li>\n<li>Photographie et vid\u00e9o des \u00e9v\u00e9nements<\/li>\n<li>\u4ee5\u53ca\u4efb\u4f55\u5176\u4ed6\u534f\u52a9\u65b0\u5efa\u8bae\uff0c\u6211\u4eec\u968f\u65f6\u503e\u542c\uff01<\/li>\n<\/ul>\n<ul>\n<li>\u64b0\u5199\u4e2d\u6cd5\u6587\u6750\u6599\uff0c\u5305\u62ec\u7f51\u7ad9\u5185\u5bb9\u66f4\u65b0\u3001\u5f71\u5c55\u624b\u518c\u6587\u6848\u3001\u793e\u4ea4\u7f51\u7edc\u63a8\u9001\u7b49\u5185\u5bb9\uff1b<\/li>\n<li>\u4e2d\u6cd5\u53cc\u5411\u7ffb\u8bd1\u5de5\u4f5c\uff1b<\/li>\n<li>\u4e2d\u6cd5\u793e\u4ea4\u7f51\u7edc\u5f71\u5c55\u8d26\u6237\u7684\u8fd0\u8425\u4e0e\u7ef4\u62a4\uff1b<\/li>\n<li>\u5f71\u5c55\u7ebf\u4e0b\u5ba3\u4f20\u5de5\u4f5c\uff1b<\/li>\n<li>\u5f71\u5c55\u671f\u95f4\u63a5\u5f85\u3001\u5019\u573a\u3001\u68c0\u7968\u3001\u6620\u540e\u79e9\u5e8f\u534f\u8c03\uff1b<\/li>\n<li>\u5bfc\u6f14\u6620\u540e\u4ea4\u6d41\u4e2d\/\u82f1\/\u6cd5\u53e3\u8bd1<\/li>\n<li>\u5e73\u9762\u8bbe\u8ba1\u4e0e\u6392\u7248<\/li>\n<li>\u73b0\u573a\u6444\u5f71\u4e0e\u5f55\u50cf<\/li>\n<li>\u4ee5\u53ca\u4efb\u4f55\u5176\u4ed6\u534f\u52a9\u65b0\u5efa\u8bae\uff0c\u6211\u4eec\u968f\u65f6\u503e\u542c\uff01<\/li>\n<\/ul>\n\n\n<figure class=\"wp-block-gallery has-nested-images columns-default is-cropped wp-block-gallery-1 is-layout-flex wp-block-gallery-is-layout-flex\">\n<figure class=\"wp-block-image size-large\"><img loading=\"lazy\" decoding=\"async\" width=\"1024\" height=\"768\" data-id=\"5436\" src=\"https:\/\/www.allersretoursasso.fr\/wp-content\/uploads\/2024\/10\/IMG_4695-1-1024x768.jpg\" alt=\"\" class=\"wp-image-5436\" srcset=\"https:\/\/www.allersretoursasso.fr\/wp-content\/uploads\/2024\/10\/IMG_4695-1-1024x768.jpg 1024w, https:\/\/www.allersretoursasso.fr\/wp-content\/uploads\/2024\/10\/IMG_4695-1-300x225.jpg 300w, https:\/\/www.allersretoursasso.fr\/wp-content\/uploads\/2024\/10\/IMG_4695-1-768x576.jpg 768w, https:\/\/www.allersretoursasso.fr\/wp-content\/uploads\/2024\/10\/IMG_4695-1-1536x1152.jpg 1536w, https:\/\/www.allersretoursasso.fr\/wp-content\/uploads\/2024\/10\/IMG_4695-1-2048x1536.jpg 2048w, https:\/\/www.allersretoursasso.fr\/wp-content\/uploads\/2024\/10\/IMG_4695-1-16x12.jpg 16w, https:\/\/www.allersretoursasso.fr\/wp-content\/uploads\/2024\/10\/IMG_4695-1-350x263.jpg 350w\" sizes=\"(max-width: 767px) 89vw, (max-width: 1000px) 54vw, (max-width: 1071px) 543px, 580px\" \/><\/figure>\n\n\n\n<figure class=\"wp-block-image size-large\"><img loading=\"lazy\" decoding=\"async\" width=\"1024\" height=\"683\" data-id=\"5438\" src=\"https:\/\/www.allersretoursasso.fr\/wp-content\/uploads\/2024\/10\/6J0A9537-1024x683.jpg\" alt=\"\" class=\"wp-image-5438\" srcset=\"https:\/\/www.allersretoursasso.fr\/wp-content\/uploads\/2024\/10\/6J0A9537-1024x683.jpg 1024w, https:\/\/www.allersretoursasso.fr\/wp-content\/uploads\/2024\/10\/6J0A9537-300x200.jpg 300w, https:\/\/www.allersretoursasso.fr\/wp-content\/uploads\/2024\/10\/6J0A9537-768x512.jpg 768w, https:\/\/www.allersretoursasso.fr\/wp-content\/uploads\/2024\/10\/6J0A9537-1536x1024.jpg 1536w, https:\/\/www.allersretoursasso.fr\/wp-content\/uploads\/2024\/10\/6J0A9537-2048x1365.jpg 2048w, https:\/\/www.allersretoursasso.fr\/wp-content\/uploads\/2024\/10\/6J0A9537-18x12.jpg 18w, https:\/\/www.allersretoursasso.fr\/wp-content\/uploads\/2024\/10\/6J0A9537-350x233.jpg 350w, https:\/\/www.allersretoursasso.fr\/wp-content\/uploads\/2024\/10\/6J0A9537-272x182.jpg 272w\" sizes=\"(max-width: 767px) 89vw, (max-width: 1000px) 54vw, (max-width: 1071px) 543px, 580px\" \/><\/figure>\n\n\n\n<figure class=\"wp-block-image size-large\"><img loading=\"lazy\" decoding=\"async\" width=\"1024\" height=\"683\" data-id=\"5439\" src=\"https:\/\/www.allersretoursasso.fr\/wp-content\/uploads\/2024\/10\/6J0A9676-1024x683.jpg\" alt=\"\" class=\"wp-image-5439\" srcset=\"https:\/\/www.allersretoursasso.fr\/wp-content\/uploads\/2024\/10\/6J0A9676-1024x683.jpg 1024w, https:\/\/www.allersretoursasso.fr\/wp-content\/uploads\/2024\/10\/6J0A9676-300x200.jpg 300w, https:\/\/www.allersretoursasso.fr\/wp-content\/uploads\/2024\/10\/6J0A9676-768x512.jpg 768w, https:\/\/www.allersretoursasso.fr\/wp-content\/uploads\/2024\/10\/6J0A9676-1536x1024.jpg 1536w, https:\/\/www.allersretoursasso.fr\/wp-content\/uploads\/2024\/10\/6J0A9676-2048x1365.jpg 2048w, https:\/\/www.allersretoursasso.fr\/wp-content\/uploads\/2024\/10\/6J0A9676-18x12.jpg 18w, https:\/\/www.allersretoursasso.fr\/wp-content\/uploads\/2024\/10\/6J0A9676-350x233.jpg 350w, https:\/\/www.allersretoursasso.fr\/wp-content\/uploads\/2024\/10\/6J0A9676-272x182.jpg 272w\" sizes=\"(max-width: 767px) 89vw, (max-width: 1000px) 54vw, (max-width: 1071px) 543px, 580px\" \/><\/figure>\n\n\n\n<figure class=\"wp-block-image size-large\"><img loading=\"lazy\" decoding=\"async\" width=\"2560\" height=\"1707\" data-id=\"5451\" src=\"https:\/\/www.allersretoursasso.fr\/wp-content\/uploads\/2024\/10\/471A0115-edited-scaled.jpg\" alt=\"\" class=\"wp-image-5451\" srcset=\"https:\/\/www.allersretoursasso.fr\/wp-content\/uploads\/2024\/10\/471A0115-edited-scaled.jpg 2560w, https:\/\/www.allersretoursasso.fr\/wp-content\/uploads\/2024\/10\/471A0115-edited-300x200.jpg 300w, https:\/\/www.allersretoursasso.fr\/wp-content\/uploads\/2024\/10\/471A0115-edited-1024x683.jpg 1024w, https:\/\/www.allersretoursasso.fr\/wp-content\/uploads\/2024\/10\/471A0115-edited-768x512.jpg 768w, https:\/\/www.allersretoursasso.fr\/wp-content\/uploads\/2024\/10\/471A0115-edited-1536x1024.jpg 1536w, https:\/\/www.allersretoursasso.fr\/wp-content\/uploads\/2024\/10\/471A0115-edited-2048x1365.jpg 2048w, https:\/\/www.allersretoursasso.fr\/wp-content\/uploads\/2024\/10\/471A0115-edited-18x12.jpg 18w, https:\/\/www.allersretoursasso.fr\/wp-content\/uploads\/2024\/10\/471A0115-edited-350x233.jpg 350w, https:\/\/www.allersretoursasso.fr\/wp-content\/uploads\/2024\/10\/471A0115-edited-272x182.jpg 272w\" sizes=\"(max-width: 767px) 89vw, (max-width: 1000px) 54vw, (max-width: 1071px) 543px, 580px\" \/><\/figure>\n<\/figure>","protected":false},"excerpt":{"rendered":"<p>Vous \u00eates passionn\u00e9 de cin\u00e9ma ? Vous voulez soutenir la cr\u00e9ation ind\u00e9pendante ? Vous \u00eates \u00e9tudiant (ou pas) et vous recherchez une exp\u00e9rience dans l&#8217;\u00e9v\u00e9nementiel ? Alors n&#8217;attendez plus et envoyez-nous votre candidature pour devenir b\u00e9n\u00e9vole ! \u5982\u679c\u60a8\u70ed\u7231\u7535\u5f71\uff0c\u4e0d\u8bba\u60a8\u662f\u5e0c\u671b\u83b7\u5f97\u4e00\u6b21\u72ec\u7279\u7684\u6587\u5316\u6d3b\u52a8\u53c2\u4e0e\u7ecf\u5386\uff0c\u8fd8\u662f\u5e0c\u671b\u4e0e\u6211\u4eec\u5171\u521b\u6587\u5316\u827a\u672f\u4e8b\u4e1a\uff0c \u8bf7\u968f\u65f6\u6295\u9012\u60a8\u7684\u7b80\u5386\uff0c\u7535\u5f71\u9010\u5149\u4e4b\u65c5\uff0c\u4e0b\u4e00\u7ad9\u6211\u4eec\u540c\u884c ! Nous fonctionnons de fa\u00e7on totalement autonome et notre \u00e9quipe est enti\u00e8rement b\u00e9n\u00e9vole, toute\u00a0 aide est &hellip; <\/p>\n<p class=\"link-more\"><a href=\"https:\/\/www.allersretoursasso.fr\/zh\/devenir-benevole\/\" class=\"more-link\">\u7ee7\u7eed\u9605\u8bfb<span class=\"screen-reader-text\">\u201cDevenir b\u00e9n\u00e9vole\u201d<\/span><\/a><\/p>","protected":false},"author":1,"featured_media":0,"parent":0,"menu_order":0,"comment_status":"closed","ping_status":"closed","template":"","meta":{"footnotes":""},"_links":{"self":[{"href":"https:\/\/www.allersretoursasso.fr\/zh\/wp-json\/wp\/v2\/pages\/729"}],"collection":[{"href":"https:\/\/www.allersretoursasso.fr\/zh\/wp-json\/wp\/v2\/pages"}],"about":[{"href":"https:\/\/www.allersretoursasso.fr\/zh\/wp-json\/wp\/v2\/types\/page"}],"author":[{"embeddable":true,"href":"https:\/\/www.allersretoursasso.fr\/zh\/wp-json\/wp\/v2\/users\/1"}],"replies":[{"embeddable":true,"href":"https:\/\/www.allersretoursasso.fr\/zh\/wp-json\/wp\/v2\/comments?post=729"}],"version-history":[{"count":15,"href":"https:\/\/www.allersretoursasso.fr\/zh\/wp-json\/wp\/v2\/pages\/729\/revisions"}],"predecessor-version":[{"id":5508,"href":"https:\/\/www.allersretoursasso.fr\/zh\/wp-json\/wp\/v2\/pages\/729\/revisions\/5508"}],"wp:attachment":[{"href":"https:\/\/www.allersretoursasso.fr\/zh\/wp-json\/wp\/v2\/media?parent=729"}],"curies":[{"name":"wp","href":"https:\/\/api.w.org\/{rel}","templated":true}]}}