{"id":81,"date":"2017-12-25T23:20:49","date_gmt":"2017-12-25T22:20:49","guid":{"rendered":"http:\/\/www.allersretoursasso.fr\/?page_id=81"},"modified":"2018-11-24T13:22:31","modified_gmt":"2018-11-24T12:22:31","slug":"programme-festival-cinema-auteur-chinois-2018","status":"publish","type":"page","link":"https:\/\/www.allersretoursasso.fr\/zh\/programme-festival-cinema-auteur-chinois-2018\/","title":{"rendered":"Programme du festival 2018"},"content":{"rendered":"<div id=\"fb-root\"><\/div>\n<p>(<a href=\"https:\/\/www.allersretoursasso.fr\/zh\/newsletter janvier 2018.pdf\/\" rel=\"noopener\" target=\"_blank\">Lien vers le programme de l&#8217;\u00e9dition 2018<\/a>)<\/p>\n<p><iframe loading=\"lazy\" width=\"525\" height=\"295\" src=\"https:\/\/www.youtube.com\/embed\/JCq7H0oGZM8?feature=oembed\" frameborder=\"0\" allow=\"accelerometer; autoplay; encrypted-media; gyroscope; picture-in-picture\" allowfullscreen><\/iframe><\/p>\n<ul>\n<li><a href=\"http:\/\/www.allersretoursasso.fr\/zh\/angels-wear-white-\u5609\u5e74\u534e\/\"><i>Angels Wear White<\/i><\/a> de Vivian QU<\/li>\n<li><a href=\"https:\/\/www.allersretoursasso.fr\/zh\/free-and-easy-geng-jun\/\"><i>Free and Easy<\/i><\/a> de GENG Jun<\/li>\n<li><i><a href=\"http:\/\/www.allersretoursasso.fr\/zh\/ce-qui-nous-eloigne-\u4eba\u751f\u82e5\u53ea\u5982\u521d\u89c1-de-hu-wei\/\">Ce qui nous \u00e9loigne<\/a><\/i> et 2 autres courts-m\u00e9trages de HU Wei<\/li>\n<li><i><a href=\"http:\/\/www.allersretoursasso.fr\/zh\/paths-soul-zhang-yang\/\">Paths of the Soul<\/a><\/i> de ZHANG Yang<\/li>\n<li><i><a href=\"http:\/\/www.allersretoursasso.fr\/zh\/hooly-bible-de-li-hongqi\/\">Hooly Bible II<\/a><\/i> de LI Hongqi<\/li>\n<li><i><a href=\"http:\/\/www.allersretoursasso.fr\/zh\/still-tomorrow-de-fan-jian\/\">Still Tomorrow<\/a><\/i> \u8303\u4fed<\/li>\n<li><a href=\"http:\/\/www.allersretoursasso.fr\/zh\/where-are-you-going-\u4f60\u5f80\u4f55\u5904\u53bb\/\"><i>Where Are You Going<\/i><\/a> de YANG Zhengfan<\/li>\n<\/ul>","protected":false},"excerpt":{"rendered":"<p>(Lien vers le programme de l&#8217;\u00e9dition 2018) Angels Wear White de Vivian QU Free and Easy de GENG Jun Ce qui nous \u00e9loigne et 2 autres courts-m\u00e9trages de HU Wei Paths of the Soul de ZHANG Yang Hooly Bible II de LI Hongqi Still Tomorrow de FAN Jian Where Are You Going de YANG Zhengfan<\/p>","protected":false},"author":1,"featured_media":171,"parent":0,"menu_order":0,"comment_status":"closed","ping_status":"closed","template":"","meta":{"footnotes":""},"_links":{"self":[{"href":"https:\/\/www.allersretoursasso.fr\/zh\/wp-json\/wp\/v2\/pages\/81"}],"collection":[{"href":"https:\/\/www.allersretoursasso.fr\/zh\/wp-json\/wp\/v2\/pages"}],"about":[{"href":"https:\/\/www.allersretoursasso.fr\/zh\/wp-json\/wp\/v2\/types\/page"}],"author":[{"embeddable":true,"href":"https:\/\/www.allersretoursasso.fr\/zh\/wp-json\/wp\/v2\/users\/1"}],"replies":[{"embeddable":true,"href":"https:\/\/www.allersretoursasso.fr\/zh\/wp-json\/wp\/v2\/comments?post=81"}],"version-history":[{"count":15,"href":"https:\/\/www.allersretoursasso.fr\/zh\/wp-json\/wp\/v2\/pages\/81\/revisions"}],"predecessor-version":[{"id":289,"href":"https:\/\/www.allersretoursasso.fr\/zh\/wp-json\/wp\/v2\/pages\/81\/revisions\/289"}],"wp:featuredmedia":[{"embeddable":true,"href":"https:\/\/www.allersretoursasso.fr\/zh\/wp-json\/wp\/v2\/media\/171"}],"wp:attachment":[{"href":"https:\/\/www.allersretoursasso.fr\/zh\/wp-json\/wp\/v2\/media?parent=81"}],"curies":[{"name":"wp","href":"https:\/\/api.w.org\/{rel}","templated":true}]}}