{"id":1006,"date":"2019-12-21T20:58:35","date_gmt":"2019-12-21T19:58:35","guid":{"rendered":"https:\/\/www.allersretoursasso.fr\/?post_type=product&#038;p=1006"},"modified":"2019-12-23T22:05:15","modified_gmt":"2019-12-23T21:05:15","slug":"a-personal-film-about-my-past-22-years-fang-tianyu","status":"publish","type":"product","link":"https:\/\/www.allersretoursasso.fr\/zh\/films\/a-personal-film-about-my-past-22-years-fang-tianyu\/","title":{"rendered":"<span style=\"font-size: 120%;\"><i>A Personal Film about My Past 22 Years<\/i><\/span><br>\u4e00\u90e8\u5173\u4e8e\u6211\u8fc7\u53bb22\u5e74\u751f\u6d3b\u7684\u79c1\u4eba\u7535\u5f71<br>FANG Frank<br>\u65b9\u5929\u5b87"},"content":{"rendered":"<div id=\"fb-root\"><\/div>\n<p><em><span style=\"font-weight: 400;\">2018 \/ 36\u2019 \/ \u666e\u901a\u8bdd \/ \u539f\u58f0\u6cd5\u8bed\u5b57\u5e55 \/ \u7eaa\u5f55\u7247\u00a0<\/span><\/em><\/p>\n<p><em><span style=\"font-weight: 400;\">\u6b27\u6d32\u9996\u6620<\/span><\/em><\/p>\n<p><iframe loading=\"lazy\" width=\"560\" height=\"315\" src=\"https:\/\/www.youtube.com\/embed\/-VQqSU2oObo\" frameborder=\"0\" allow=\"accelerometer; autoplay; encrypted-media; gyroscope; picture-in-picture\" allowfullscreen><\/iframe><\/p>\n<p><span style=\"font-weight: 400;\">\u65e0\u8bba\u8bb0\u5fc6\u518d\u591a\u4e48\u6df1\u523b\uff0c\u4e5f\u4f1a\u5728\u65f6\u95f4\u7684\u51b2\u5237\u4e4b\u4e0b\u53d8\u5f97\u9010\u6e10\u6a21\u7cca\u800c\u4e0d\u53ef\u8ffd\u5bfb\u3002\u4e3a\u4e86\u80fd\u8ba9\u81ea\u5df1\u5728\u591a\u5e74\u4e4b\u540e\u4f9d\u7136\u53ef\u4ee5\u627e\u56de\u90a3\u4e9b\u6700\u771f\u5207\u7684\u8bb0\u5fc6\u7ec6\u8282\uff0c\u5bfc\u6f14\u5236\u4f5c\u4e86\u5173\u4e8e\u4ed6\u8fc7\u53bb22\u5e74\u751f\u6d3b\u4e2d\u79cd\u79cd\u4e8b\u4ef6\u7684\u79c1\u4eba\u7535\u5f71\u3002\u00a0<\/span><\/p>\n<blockquote><p><span style=\"font-weight: 400;\">\u4e00\u90e8\u7531\u6807\u6e05\u3001\u9ad8\u6e05\u30014K\u3001\u80f6\u7247\u7b49\u5927\u91cf\u4e0d\u540c\u4ecb\u8d28\u7d20\u6750\u62fc\u8d34\u6210\uff0c\u7a7f\u63d2\u4e0d\u540c\u65f6\u4ee3\u7684\u5f71\u50cf\uff0c\u7ed3\u5408\u52a8\u753b\u548c\u865a\u6784\u7247\u6bb5\uff0c\u5bfc\u6f14\u4e3a\u81ea\u5df1\u7ed8\u5236\u4e86\u4e00\u526f\u5947\u5e7b\u53c8\u771f\u5b9e\u7684\u81ea\u753b\u50cf\u3002<\/span><\/p><\/blockquote>\n<div class=\"agenda\">\u573a\u6b21\uff1a<br \/>\n<b>1\u670830\u65e519:00\uff0cStudio des ursulines\u7535\u5f71\u9662<\/b><br \/>\n<b>2\u67081\u65e520:10\uff0cStudio des Ursulines\u7535\u5f71\u9662<\/b><\/div>","protected":false},"excerpt":{"rendered":"<p>2018 \/ 36\u2019 \/ Mandarin \/ VOSTF \/ Documentaire\u00a0 Premi\u00e8re Europ\u00e9enne Le r\u00e9alisateur fait le point sur les 22 premi\u00e8res ann\u00e9es de sa vie, ses r\u00eaves d\u2019enfance, ses cauchemars et ses angoisses, sa famille&#8230;\u00a0 Une r\u00e9flexion sur la m\u00e9moire \u00e0 travers un assemblage h\u00e9t\u00e9roclite de films de diff\u00e9rentes \u00e9poques entrecoup\u00e9s d\u2019animations et de passages fictifs. &hellip; <\/p>\n<p class=\"link-more\"><a href=\"https:\/\/www.allersretoursasso.fr\/zh\/films\/a-personal-film-about-my-past-22-years-fang-tianyu\/\" class=\"more-link\">\u7ee7\u7eed\u9605\u8bfb<span class=\"screen-reader-text\">\u201c<span style=\"font-size: 120%;\"><i>A Personal Film about My Past 22 Years<\/i><\/span><br \/>\u4e00\u90e8\u5173\u4e8e\u6211\u8fc7\u53bb22\u5e74\u751f\u6d3b\u7684\u79c1\u4eba\u7535\u5f71<br \/>FANG Frank<br \/>\u65b9\u5929\u5b87\u201d<\/span><\/a><\/p>","protected":false},"featured_media":1007,"comment_status":"open","ping_status":"closed","template":"","meta":[],"_links":{"self":[{"href":"https:\/\/www.allersretoursasso.fr\/zh\/wp-json\/wp\/v2\/product\/1006"}],"collection":[{"href":"https:\/\/www.allersretoursasso.fr\/zh\/wp-json\/wp\/v2\/product"}],"about":[{"href":"https:\/\/www.allersretoursasso.fr\/zh\/wp-json\/wp\/v2\/types\/product"}],"replies":[{"embeddable":true,"href":"https:\/\/www.allersretoursasso.fr\/zh\/wp-json\/wp\/v2\/comments?post=1006"}],"wp:featuredmedia":[{"embeddable":true,"href":"https:\/\/www.allersretoursasso.fr\/zh\/wp-json\/wp\/v2\/media\/1007"}],"wp:attachment":[{"href":"https:\/\/www.allersretoursasso.fr\/zh\/wp-json\/wp\/v2\/media?parent=1006"}],"curies":[{"name":"wp","href":"https:\/\/api.w.org\/{rel}","templated":true}]}}