{"id":1770,"date":"2021-08-16T15:15:21","date_gmt":"2021-08-16T13:15:21","guid":{"rendered":"https:\/\/www.allersretoursasso.fr\/?post_type=product&#038;p=1770"},"modified":"2021-09-12T20:38:48","modified_gmt":"2021-09-12T18:38:48","slug":"the-reunions-da-peng","status":"publish","type":"product","link":"https:\/\/www.allersretoursasso.fr\/zh\/films\/the-reunions-da-peng\/","title":{"rendered":"<span style=\"font-size: 120%;\"><i>The Reunions<\/i><\/span><br>\u5409\u7965\u5982\u610f<br> DA Peng<br>\u5927\u9e4f"},"content":{"rendered":"<div id=\"fb-root\"><\/div>\n<p><em><span style=\"font-weight: 400;\">2020 \/ 80' \/ \u666e\u901a\u8bdd \/ \u539f\u58f0\u6cd5\u8bed\u5b57\u5e55 \/ \u5267\u60c5<\/span><\/em><\/p>\n<p><em>S\u00e9lectionn\u00e9 au Festival International du Film de Shanghai 2020<\/em><\/p>\n<p><iframe loading=\"lazy\" width=\"525\" height=\"295\" src=\"https:\/\/www.youtube.com\/embed\/KEnwhRhuY8w?feature=oembed\" frameborder=\"0\" allow=\"accelerometer; autoplay; clipboard-write; encrypted-media; gyroscope; picture-in-picture\" allowfullscreen><\/iframe><\/p>\n<p>\u4e00\u4f4d\u559c\u5267\u5bfc\u6f14\u5f00\u59cb\u4e86\u4e00\u4e2a\u4e0d\u540c\u5bfb\u5e38\u7684\u9879\u76ee\u2014\u2014\u62cd\u6444\u4ed6\u7684\u7956\u6bcd\u5ea6\u8fc7\u519c\u5386\u65b0\u5e74\u7684\u8fc7\u7a0b\u3002\u5c31\u5728\u5f00\u62cd\u4e4b\u524d\uff0c\u7956\u6bcd\u7a81\u7136\u53bb\u4e16\u3002\u7531\u4e8e\u7535\u5f71\u5fc5\u987b\u7ee7\u7eed\u4e0b\u53bb\uff0c\u5bfc\u6f14\u7ee7\u7eed\u4e0e\u4ed6\u7684\u56e2\u961f\u5408\u4f5c\uff0c\u8fdb\u884c\u6539\u7f16\u3002<\/p>\n<blockquote><p>\u5bfc\u6f14\u5927\u9e4f\u9996\u6b21\u6267\u5bfc\u73b0\u5b9e\u9898\u6750\u5f71\u7247\uff0c\u4f5c\u54c1\u6a21\u7cca\u4e86\u5267\u60c5\u7247\u548c\u7eaa\u5f55\u7247\u7684\u8fb9\u754c\uff0c\u6cbf\u88ad\u7740\u827a\u672f\u7535\u5f71\u8def\u7ebf\uff0c\u628a\u81ea\u5df1\u7684\u5bb6\u5ead\u653e\u5728\u4e86\u805a\u5149\u706f\u4e0b\u3002<\/p><\/blockquote>\n<div class=\"agenda\">\n<p style=\"margin: 0in; font-family: \u5fae\u8f6f\u96c5\u9ed1; font-size: 11.0pt;\">\u573a\u6b21\uff1a<\/p>\n<p style=\"margin: 0in; font-family: \u5fae\u8f6f\u96c5\u9ed1; font-size: 12.0pt;\"><span style=\"font-weight: bold;\">\u5409\u7f8e\u56fd\u7acb\u4e9a\u6d32\u827a\u672f\u535a\u7269\u9986\uff1a9\u670818\u65e5 12\u70b930\u5206<\/span><\/p>\n<p style=\"margin: 0in; font-family: \u5fae\u8f6f\u96c5\u9ed1; font-size: 12.0pt;\"><span style=\"font-weight: bold;\">Ursuline\u5f71\u9662\uff1a9\u670830\u65e5 19\u70b915\u5206<\/span><\/p>\n<\/div>","protected":false},"excerpt":{"rendered":"<p>2020 \/ 80&#8242; \/ Mandarin \/ VOSTF \/ Fiction S\u00e9lectionn\u00e9 au Festival International du Film de Shanghai 2020 Un r\u00e9alisateur de com\u00e9dies s&#8217;engage dans un projet inhabituel en d\u00e9cidant de filmer la fa\u00e7on dont sa grand-m\u00e8re passerait le Nouvel An lunaire. Au moment de tourner, elle d\u00e9c\u00e8de soudainement. Le film devant continuer, le metteur en &hellip; <\/p>\n<p class=\"link-more\"><a href=\"https:\/\/www.allersretoursasso.fr\/zh\/films\/the-reunions-da-peng\/\" class=\"more-link\">\u7ee7\u7eed\u9605\u8bfb<span class=\"screen-reader-text\">\u201c<span style=\"font-size: 120%;\"><i>The Reunions<\/i><\/span><br \/>\u5409\u7965\u5982\u610f<br \/> DA Peng<br \/>\u5927\u9e4f\u201d<\/span><\/a><\/p>","protected":false},"featured_media":2066,"comment_status":"open","ping_status":"closed","template":"","meta":[],"_links":{"self":[{"href":"https:\/\/www.allersretoursasso.fr\/zh\/wp-json\/wp\/v2\/product\/1770"}],"collection":[{"href":"https:\/\/www.allersretoursasso.fr\/zh\/wp-json\/wp\/v2\/product"}],"about":[{"href":"https:\/\/www.allersretoursasso.fr\/zh\/wp-json\/wp\/v2\/types\/product"}],"replies":[{"embeddable":true,"href":"https:\/\/www.allersretoursasso.fr\/zh\/wp-json\/wp\/v2\/comments?post=1770"}],"wp:featuredmedia":[{"embeddable":true,"href":"https:\/\/www.allersretoursasso.fr\/zh\/wp-json\/wp\/v2\/media\/2066"}],"wp:attachment":[{"href":"https:\/\/www.allersretoursasso.fr\/zh\/wp-json\/wp\/v2\/media?parent=1770"}],"curies":[{"name":"wp","href":"https:\/\/api.w.org\/{rel}","templated":true}]}}