{"id":1776,"date":"2021-08-19T13:42:54","date_gmt":"2021-08-19T11:42:54","guid":{"rendered":"https:\/\/www.allersretoursasso.fr\/?post_type=product&#038;p=1776"},"modified":"2021-09-01T11:41:37","modified_gmt":"2021-09-01T09:41:37","slug":"drifting-li-jun","status":"publish","type":"product","link":"https:\/\/www.allersretoursasso.fr\/zh\/films\/drifting-li-jun\/","title":{"rendered":"<span style=\"font-size: 120%;\"><i>Drifting<\/i><\/span><br>\u6fc1\u6c34\u6f02\u6d41<br>LI Jun<br>\u674e\u9a8f\u7855"},"content":{"rendered":"<div id=\"fb-root\"><\/div>\n<p><em><span style=\"font-weight: 400;\">2020 \/ 113\u2019 \/ \u539f\u58f0\u6cd5\u8bed\u5b57\u5e55 \/ \u5267\u60c5\u00a0<\/span><\/em><\/p>\n<p><em>\u8377\u5170\u9e7f\u7279\u4e39\u56fd\u9645\u7535\u5f71\u8282 2021\u5927\u94f6\u5e55\u5956(\u63d0\u540d)<\/em><\/p>\n<p><iframe loading=\"lazy\" width=\"525\" height=\"295\" src=\"https:\/\/www.youtube.com\/embed\/vyn8duyHkV4?feature=oembed\" frameborder=\"0\" allow=\"accelerometer; autoplay; clipboard-write; encrypted-media; gyroscope; picture-in-picture\" allowfullscreen><\/iframe><\/p>\n<p>\u521a\u51fa\u72f1\u7684\u8f89\u54e5\u56de\u5230\u6df1\u6c34\u57d7\u8857\u89d2\uff0c\u4e0e\u8d8a\u5357\u96be\u6c11\u8001\u7237\u3001\u6d17\u7897\u5de5\u9648\u59b9\u3001\u534a\u8eab\u4e0d\u9042\u7684\u963f\u5170\u7b49\u90bb\u5c45\u91cd\u9022\u3002\u7136\u800c\u968f\u540e\u8857\u574a\u4eec\u906d\u9047\u4e86\u98df\u73af\u7f72\u4eba\u5458\u7684\u7a81\u51fb\u626b\u8361\uff0c\u4e0d\u5f97\u5df2\u6d41\u843d\u8857\u5934\u3002\u521a\u6bd5\u4e1a\u7684\u793e\u5de5\u4f55\u59d1\u5a18\u7b49\u4eba\u5e2e\u52a9\u5927\u5bb6\u6253\u5b98\u53f8\uff0c\u7533\u8bf7\u8d54\u507f\u548c\u9053\u6b49\uff0c\u4e0e\u6b64\u540c\u65f6\uff0c\u5927\u5bb6\u53ea\u80fd\u5408\u529b\u5728\u9c7c\u9f99\u6df7\u6742\u7684\u5929\u6865\u4e0b\u642d\u5efa\u4e34\u65f6\u4f4f\u5904\uff0c\u5e94\u5bf9\u5404\u79cd\u7a81\u5982\u5176\u6765\u7684\u4e8b\u4ef6\u2026\u2026<\/p>\n<p><em><span style=\"font-weight: 400;\">\u8fd9\u662f\u4e00\u90e8\u5bfc\u6f14\u624b\u6cd5\u5a34\u719f\u7684\u793e\u4f1a\u9898\u6750\u4f5c\u54c1\uff0c\u5b83\u53d9\u4e8b\u751f\u52a8\uff0c\u6253\u7834\u4e86\u4e00\u822c\u7c7b\u578b\u7247\u7684\u5957\u8def\uff0c\u63cf\u7ed8\u4e86\u8eab\u5904\u9006\u5883\u4e0b\u5374\u4ecd\u6709\u6240\u8ffd\u6c42\u7684\u793e\u7fa4\u3002\u00a0 <\/span><\/em><\/p>\n<div class=\"agenda\">\n<p style=\"margin: 0in; font-family: \u5fae\u8f6f\u96c5\u9ed1; font-size: 11.0pt;\">\u573a\u6b21\uff1a<\/p>\n<p style=\"margin: 0in; font-family: \u5fae\u8f6f\u96c5\u9ed1; font-size: 12.0pt;\"><span style=\"font-weight: bold;\">\u5409\u7f8e\u56fd\u7acb\u4e9a\u6d32\u827a\u672f\u535a\u7269\u9986\uff1a9\u670825\u65e5 14\u70b945\u5206<\/span><\/p>\n<p style=\"margin: 0in; font-family: \u5fae\u8f6f\u96c5\u9ed1; font-size: 12.0pt;\"><span style=\"font-weight: bold;\">Ursuline\u5f71\u9662\uff1a10\u67081\u65e5 20\u70b930\u5206<\/span><\/p>\n<\/div>","protected":false},"excerpt":{"rendered":"<p>2020 \/113\u2019 \/ VOSTFR \/ Fiction\u00a0 Festival International du Film de Rotterdam 2021 &#8211; Big Screen Competition Sous les ponts de Hong Kong, vit un groupe de femmes et d&#8217;hommes d\u00e9munis. Rejet\u00e9s par la soci\u00e9t\u00e9, ils vivent comme des parias et sont r\u00e9guli\u00e8rement d\u00e9log\u00e9s par la police. Fatigu\u00e9s par ces \u00e9victions permanentes, ils d\u00e9cident de &hellip; <\/p>\n<p class=\"link-more\"><a href=\"https:\/\/www.allersretoursasso.fr\/zh\/films\/drifting-li-jun\/\" class=\"more-link\">\u7ee7\u7eed\u9605\u8bfb<span class=\"screen-reader-text\">\u201c<span style=\"font-size: 120%;\"><i>Drifting<\/i><\/span><br \/>\u6fc1\u6c34\u6f02\u6d41<br \/>LI Jun<br \/>\u674e\u9a8f\u7855\u201d<\/span><\/a><\/p>","protected":false},"featured_media":1777,"comment_status":"open","ping_status":"closed","template":"","meta":[],"_links":{"self":[{"href":"https:\/\/www.allersretoursasso.fr\/zh\/wp-json\/wp\/v2\/product\/1776"}],"collection":[{"href":"https:\/\/www.allersretoursasso.fr\/zh\/wp-json\/wp\/v2\/product"}],"about":[{"href":"https:\/\/www.allersretoursasso.fr\/zh\/wp-json\/wp\/v2\/types\/product"}],"replies":[{"embeddable":true,"href":"https:\/\/www.allersretoursasso.fr\/zh\/wp-json\/wp\/v2\/comments?post=1776"}],"wp:featuredmedia":[{"embeddable":true,"href":"https:\/\/www.allersretoursasso.fr\/zh\/wp-json\/wp\/v2\/media\/1777"}],"wp:attachment":[{"href":"https:\/\/www.allersretoursasso.fr\/zh\/wp-json\/wp\/v2\/media?parent=1776"}],"curies":[{"name":"wp","href":"https:\/\/api.w.org\/{rel}","templated":true}]}}