{"id":1778,"date":"2021-08-19T13:56:06","date_gmt":"2021-08-19T11:56:06","guid":{"rendered":"https:\/\/www.allersretoursasso.fr\/?post_type=product&#038;p=1778"},"modified":"2021-09-01T11:38:11","modified_gmt":"2021-09-01T09:38:11","slug":"the-the-li-hongqi","status":"publish","type":"product","link":"https:\/\/www.allersretoursasso.fr\/zh\/films\/the-the-li-hongqi\/","title":{"rendered":"<span style=\"font-size: 120%;\"><i>THE THE<\/i><\/span><br>\u4e0d\u80fd\u81ea\u62d4<br>LI Hongqi<br>\u674e\u7ea2\u65d7"},"content":{"rendered":"<div id=\"fb-root\"><\/div>\n<p>2019 \/ 82\u2019 \/ \u666e\u901a\u8bdd\/ \u539f\u58f0\u6cd5\u8bed\u5b57\u5e55\/ \u5267\u60c5<\/p>\n<p><span style=\"font-weight: 400;\">\u5165\u56f42021\u7b2c22\u5c4a\u5168\u5dde\u56fd\u9645\u7535\u5f71\u8282<\/span><\/p>\n<p><iframe loading=\"lazy\" width=\"525\" height=\"295\" src=\"https:\/\/www.youtube.com\/embed\/rZaBIFibpiE?feature=oembed\" frameborder=\"0\" allow=\"accelerometer; autoplay; clipboard-write; encrypted-media; gyroscope; picture-in-picture\" allowfullscreen><\/iframe><\/p>\n<p style=\"text-align: justify;\">\u516b\u4e2a\u4eba\u5728\u72ed\u9698\u7684\u7a7a\u95f4\u91cc\u8fdb\u884c\u8d85\u73b0\u5b9e\u7684\u8352\u5510\u5bf9\u8bdd\u3002\u4ed6\u4eec\u4e0d\u505c\u5730\u8bf4\u7740\uff0c\u5c3d\u7ba1\u4e89\u6267\uff0c\u4f46\u4ece\u4e0d\u523b\u610f\u626c\u8d77\u58f0\u8c03\uff0c\u5373\u4fbf\u4e92\u76f8\u5a01\u80c1\uff0c\u4e5f\u65e0\u4eba\u4f5c\u51fa\u8fc7\u6fc0\u7684\u4e3e\u52a8\u3002\u5c31\u50cf\u88ab\u56f0\u5728\u623f\u95f4\u91cc\u7684\u63d0\u7ebf\u6728\u5076\uff0c\u8bc9\u8bf4\u7740\u4ed6\u4eec\u4e00\u4e8b\u65e0\u6210\u7684\u6cae\u4e27\u3002<\/p>\n<blockquote>\n<p style=\"text-align: justify;\">\u901a\u8fc7\u4e00\u6b21\u75af\u72c2\u7684\u53d9\u4e8b\u5c1d\u8bd5\uff0c\u674e\u7ea2\u65d7\u7684\u7b2c\u56db\u90e8\u957f\u7247\u523b\u4e0b\u4e86\u4e00\u9996\u5931\u610f\u4e14\u8352\u8bde\u7684\u8bd7\u3002\u4ed6\u5728\u58f0\u97f3\u548c\u8272\u5f69\u65b9\u9762\u7684\u7ec6\u5fc3\u8425\u9020\u4e30\u5bcc\u4e86\u8be5\u7247\u7684\u611f\u5b98\u4f53\u9a8c<\/p>\n<\/blockquote>\n<div class=\"agenda\">\n<div class=\"agenda\">\n<p style=\"margin: 0in; font-family: \u5fae\u8f6f\u96c5\u9ed1; font-size: 11.0pt;\">\u573a\u6b21\uff1a<\/p>\n<p style=\"margin: 0in; font-family: \u5fae\u8f6f\u96c5\u9ed1; font-size: 12.0pt;\"><span style=\"font-weight: bold;\">\u5409\u7f8e\u56fd\u7acb\u4e9a\u6d32\u827a\u672f\u535a\u7269\u9986\uff1a9\u670825\u65e5 12\u70b930\u5206<\/span><\/p>\n<p style=\"margin: 0in; font-family: \u5fae\u8f6f\u96c5\u9ed1; font-size: 12.0pt;\"><span style=\"font-weight: bold;\">Usruline\u5f71\u9662\uff1a9\u670830\u65e5 21\u70b915\u5206<\/span><\/p>\n<\/div>\n<\/div>","protected":false},"excerpt":{"rendered":"<p>2019 \/ 82\u2019 \/ Mandarin \/ VOSTF \/ Fiction S\u00e9lectionn\u00e9 au Jeonju International Film Festival 2021 Huit personnages dialoguent de mani\u00e8re surr\u00e9aliste dans des environnements limit\u00e9s. Ils parlent beaucoup mais sans hausser la voix. Ils se menacent mais n\u2019effectuent aucun geste brusque. Tels des pantins pi\u00e9g\u00e9s dans une chambre, ils expriment leur frustration sans rien &hellip; <\/p>\n<p class=\"link-more\"><a href=\"https:\/\/www.allersretoursasso.fr\/zh\/films\/the-the-li-hongqi\/\" class=\"more-link\">\u7ee7\u7eed\u9605\u8bfb<span class=\"screen-reader-text\">\u201c<span style=\"font-size: 120%;\"><i>THE THE<\/i><\/span><br \/>\u4e0d\u80fd\u81ea\u62d4<br \/>LI Hongqi<br \/>\u674e\u7ea2\u65d7\u201d<\/span><\/a><\/p>","protected":false},"featured_media":1779,"comment_status":"open","ping_status":"closed","template":"","meta":[],"_links":{"self":[{"href":"https:\/\/www.allersretoursasso.fr\/zh\/wp-json\/wp\/v2\/product\/1778"}],"collection":[{"href":"https:\/\/www.allersretoursasso.fr\/zh\/wp-json\/wp\/v2\/product"}],"about":[{"href":"https:\/\/www.allersretoursasso.fr\/zh\/wp-json\/wp\/v2\/types\/product"}],"replies":[{"embeddable":true,"href":"https:\/\/www.allersretoursasso.fr\/zh\/wp-json\/wp\/v2\/comments?post=1778"}],"wp:featuredmedia":[{"embeddable":true,"href":"https:\/\/www.allersretoursasso.fr\/zh\/wp-json\/wp\/v2\/media\/1779"}],"wp:attachment":[{"href":"https:\/\/www.allersretoursasso.fr\/zh\/wp-json\/wp\/v2\/media?parent=1778"}],"curies":[{"name":"wp","href":"https:\/\/api.w.org\/{rel}","templated":true}]}}