{"id":1784,"date":"2021-08-19T14:05:15","date_gmt":"2021-08-19T12:05:15","guid":{"rendered":"https:\/\/www.allersretoursasso.fr\/?post_type=product&#038;p=1784"},"modified":"2021-09-04T23:08:59","modified_gmt":"2021-09-04T21:08:59","slug":"coffin-yuanqing-cai-nathan-crabot-houzhi-huang-mikolaj-janiw-mandimby-lebon-theo-tran-ngoc","status":"publish","type":"product","link":"https:\/\/www.allersretoursasso.fr\/zh\/films\/coffin-yuanqing-cai-nathan-crabot-houzhi-huang-mikolaj-janiw-mandimby-lebon-theo-tran-ngoc\/","title":{"rendered":"<span style=\"font-size: 120%;\"><i>Coffin<\/i><\/span><br>\u6728\u5b98\u6728\u624d<br>Yuanqing CAI(\u8521\u6e90\u9752), Nathan CRABOT, Houzhi HUANG(\u9ec4\u539a\u690d), Mikolaj JANIW, Mandimby LEBON, Th\u00e9o TRAN NGOC"},"content":{"rendered":"<div id=\"fb-root\"><\/div>\n<p><em>2020 \/ 5\u201923\u2019\u2019 \/ \u65e0\u5bf9\u767d \/ \u52a8\u753b\u77ed\u7247<\/em><\/p>\n<p><em>\u7b2c48\u5c4a\u52a8\u753b\u5b89\u59ae\u5956 \u6700\u4f73\u5b66\u751f\u52a8\u753b(\u63d0\u540d)<\/em><br \/>\n<em>\u7b2c15\u5c4aFIRST\u9752\u5e74\u7535\u5f71\u5c55 \u6700\u4f73\u77ed\u7247<\/em><\/p>\n<p><iframe loading=\"lazy\" width=\"525\" height=\"295\" src=\"https:\/\/www.youtube.com\/embed\/tdIaHixGtFA?feature=oembed\" frameborder=\"0\" allow=\"accelerometer; autoplay; clipboard-write; encrypted-media; gyroscope; picture-in-picture\" allowfullscreen><\/iframe><\/p>\n<p><span style=\"font-weight: 400;\">\u4e00\u5934\u53ea\u60f3\u7761\u89c9\u7684\u793e\u755c\uff0c\u4e00\u7a9d\u5435\u95f9\u7684\u5ba4\u53cb\uff0c\u4e00\u4e2a\u4e2d\u56fd\u5357\u65b9\u57ce\u5e02\u7684\u62e5\u6324\u89d2\u843d\u3002<\/span><\/p>\n<p><span style=\"color: #808080;\"><em><span style=\"font-weight: 400;\">\u8fd9\u662f\u4e00\u90e8\u7531\u516d\u4f4d\u4e2d\u6cd5\u9752\u5e74\u5408\u529b\u521b\u4f5c\u7684\u6bd5\u4e1a\u4f5c\u54c1\uff0c\u4ee5\u52a8\u753b\u7684\u5f62\u5f0f\u5c55\u73b0\u7fa4\u5c45\u7f29\u5f71\uff0c\u591c\u5e55\u964d\u4e34\uff0c\u5e76\u975e\u4e07\u7c41\u5bc2\u9759\u3002 <\/span><\/em><\/span><\/p>\n<div class=\"agenda\">\n<p style=\"margin: 0in; font-family: \u5fae\u8f6f\u96c5\u9ed1; font-size: 11.0pt;\">\u77ed\u7247\u573a\uff1a<\/p>\n<p style=\"margin: 0in; font-family: \u5fae\u8f6f\u96c5\u9ed1; font-size: 12.0pt;\"><span style=\"font-weight: bold;\">\u5409\u7f8e\u56fd\u7acb\u4e9a\u6d32\u827a\u672f\u535a\u7269\u9986\uff1a9\u670822\u65e5 14\u70b9<\/span><\/p>\n<p style=\"margin: 0in; font-family: \u5fae\u8f6f\u96c5\u9ed1; font-size: 12.0pt;\"><span style=\"font-weight: bold;\">Ursuline\u5f71\u9662\uff1a10\u67081\u65e5 19\u70b915\u5206<\/span><\/p>\n<\/div>","protected":false},"excerpt":{"rendered":"<p>2020 \/ 5\u201923\u2019\u2019 \/ Sans dialogue \/ Animation S\u00e9lectionn\u00e9 du &#8220;Meilleur film \u00e9tudiant&#8221; aux Annie Awards 2021 Prix du meilleur court-m\u00e9trage au Festival International du Film FIRST 2021 Un homme rentre dans son dortoir et se couche mais les colocataires bruyants et la ville surpeupl\u00e9e l\u2019emp\u00eachent de dormir. Un cauchemar claustrophobique retranscrit, dans cette composition &hellip; <\/p>\n<p class=\"link-more\"><a href=\"https:\/\/www.allersretoursasso.fr\/zh\/films\/coffin-yuanqing-cai-nathan-crabot-houzhi-huang-mikolaj-janiw-mandimby-lebon-theo-tran-ngoc\/\" class=\"more-link\">\u7ee7\u7eed\u9605\u8bfb<span class=\"screen-reader-text\">\u201c<span style=\"font-size: 120%;\"><i>Coffin<\/i><\/span><br \/>\u6728\u5b98\u6728\u624d<br \/>Yuanqing CAI(\u8521\u6e90\u9752), Nathan CRABOT, Houzhi HUANG(\u9ec4\u539a\u690d), Mikolaj JANIW, Mandimby LEBON, Th\u00e9o TRAN NGOC\u201d<\/span><\/a><\/p>","protected":false},"featured_media":1680,"comment_status":"open","ping_status":"closed","template":"","meta":[],"_links":{"self":[{"href":"https:\/\/www.allersretoursasso.fr\/zh\/wp-json\/wp\/v2\/product\/1784"}],"collection":[{"href":"https:\/\/www.allersretoursasso.fr\/zh\/wp-json\/wp\/v2\/product"}],"about":[{"href":"https:\/\/www.allersretoursasso.fr\/zh\/wp-json\/wp\/v2\/types\/product"}],"replies":[{"embeddable":true,"href":"https:\/\/www.allersretoursasso.fr\/zh\/wp-json\/wp\/v2\/comments?post=1784"}],"wp:featuredmedia":[{"embeddable":true,"href":"https:\/\/www.allersretoursasso.fr\/zh\/wp-json\/wp\/v2\/media\/1680"}],"wp:attachment":[{"href":"https:\/\/www.allersretoursasso.fr\/zh\/wp-json\/wp\/v2\/media?parent=1784"}],"curies":[{"name":"wp","href":"https:\/\/api.w.org\/{rel}","templated":true}]}}