{"id":1785,"date":"2021-08-19T14:21:01","date_gmt":"2021-08-19T12:21:01","guid":{"rendered":"https:\/\/www.allersretoursasso.fr\/?post_type=product&#038;p=1785"},"modified":"2021-09-03T14:25:31","modified_gmt":"2021-09-03T12:25:31","slug":"no-entry-guo-dongxun","status":"publish","type":"product","link":"https:\/\/www.allersretoursasso.fr\/zh\/films\/no-entry-guo-dongxun\/","title":{"rendered":"<span style=\"font-size: 120%;\"><i>No Entry<\/i><\/span><br>\u79c1\u6709\u6d77\u57df<br>GUO Dongxun<br>\u90ed\u4e1c\u52cb"},"content":{"rendered":"<div id=\"fb-root\"><\/div>\n<p><em>2020 \/ 13\u2019 \/ \u65e5\u8bed\u3001\u82f1\u8bed \/ \u539f\u58f0\u6cd5\u8bed\u5b57\u5e55 \/ \u5267\u60c5\u77ed\u7247<span style=\"font-weight: 400;\">\u00a0VOSTF <\/span>\/ Fiction<\/em><\/p>\n<p><em><span style=\"font-weight: 400;\">Prim\u00e9 au 4e festival du court-m\u00e9trage 86358<br \/>\n<\/span><\/em><\/p>\n<p><iframe loading=\"lazy\" width=\"525\" height=\"295\" src=\"https:\/\/www.youtube.com\/embed\/cXGqLgZeswg?feature=oembed\" frameborder=\"0\" allow=\"accelerometer; autoplay; clipboard-write; encrypted-media; gyroscope; picture-in-picture\" allowfullscreen><\/iframe><\/p>\n<p>\u6e2f\u53e3\u5c0f\u9547\u4e0a\uff0c\u5c11\u5973yoko\u5e2e\u6bcd\u4eb2\u6253\u7406\u7740\u5bb6\u5ead\u65c5\u9986\uff0c\u4e00\u4f4d\u6c7d\u8f66\u629b\u951a\u7684\u6cd5\u56fd\u5973\u623f\u5ba2\u95ef\u5165\u5979\u4e00\u6210\u4e0d\u53d8\u7684\u751f\u6d3b\uff0c\u4e24\u4eba\u5173\u7cfb\u5728\u77ed\u6682\u4eb2\u5bc6\u7684\u63a5\u89e6\u4e4b\u540e\u53d1\u751f\u4e86\u5fae\u5999\u7684\u53d8\u5316\uff0c\u5979\u5bf9\u81ea\u6211\u8eab\u4efd\u7684\u63a2\u7d22\u4e4b\u8def\u4e5f\u7531\u6b64\u5f00\u59cb\u4e86...<\/p>\n<blockquote><p>\u77ed\u7247\u5e26\u9886\u89c2\u4f17\u8d70\u5165\u4e00\u4e2a\u666e\u901a\u5c11\u5973\u7684\u65e5\u5e38\u3002\u5e73\u51e1\u7684\u751f\u6d3b\u4e2d\u5939\u6742\u7740\u65b0\u7684\u5192\u9669\u4e0e\u9645\u9047\uff0c\u5e73\u7a33\u7684\u53d9\u4e8b\u4e2d\u6d41\u52a8\u7740\u7ec6\u817b\u800c\u5bcc\u6709\u51b2\u7a81\u6027\u7684\u60c5\u611f\u53d8\u5316\uff0c\u514b\u5236\u7684\u5bf9\u8bdd\u4e2d\u6d8c\u52a8\u7740\u4e2a\u4f53\u4e4b\u4e8e\u8eab\u4efd\u4e0e\u8fb9\u754c\u7684\u5927\u80c6\u8bd5\u63a2\u3002<\/p><\/blockquote>\n<div class=\"agenda\">\n<div class=\"agenda\">\n<p style=\"margin: 0in; font-family: \u5fae\u8f6f\u96c5\u9ed1; font-size: 11.0pt;\">\u77ed\u7247\u573a\uff1a<\/p>\n<p style=\"margin: 0in; font-family: \u5fae\u8f6f\u96c5\u9ed1; font-size: 12.0pt;\"><span style=\"font-weight: bold;\">\u5409\u7f8e\u56fd\u7acb\u4e9a\u6d32\u827a\u672f\u535a\u7269\u9986\uff1a9\u670822\u65e5 14\u70b9<\/span><\/p>\n<p style=\"margin: 0in; font-family: \u5fae\u8f6f\u96c5\u9ed1; font-size: 12.0pt;\"><span style=\"font-weight: bold;\">Ursuline\u5f71\u9662\uff1a10\u67081\u65e5 19\u70b915\u5206<\/span><\/p>\n<\/div>\n<\/div>","protected":false},"excerpt":{"rendered":"<p>2020 \/ 13\u2018 \/ Japonais, Anglais \/\u00a0VOSTF \/ Fiction Prim\u00e9 au 4e festival du court-m\u00e9trage 86358 Dans une petite ville portuaire du Japon, Yoko travaille comme aide pour la maison d\u2019h\u00f4te que tient sa m\u00e8re. Son quotidien se retrouve boulevers\u00e9 par le moment d\u2019intimit\u00e9 qu\u2019elle partage avec une Fran\u00e7aise en s\u00e9jour, dont la voiture est &hellip; <\/p>\n<p class=\"link-more\"><a href=\"https:\/\/www.allersretoursasso.fr\/zh\/films\/no-entry-guo-dongxun\/\" class=\"more-link\">\u7ee7\u7eed\u9605\u8bfb<span class=\"screen-reader-text\">\u201c<span style=\"font-size: 120%;\"><i>No Entry<\/i><\/span><br \/>\u79c1\u6709\u6d77\u57df<br \/>GUO Dongxun<br \/>\u90ed\u4e1c\u52cb\u201d<\/span><\/a><\/p>","protected":false},"featured_media":1786,"comment_status":"open","ping_status":"closed","template":"","meta":[],"_links":{"self":[{"href":"https:\/\/www.allersretoursasso.fr\/zh\/wp-json\/wp\/v2\/product\/1785"}],"collection":[{"href":"https:\/\/www.allersretoursasso.fr\/zh\/wp-json\/wp\/v2\/product"}],"about":[{"href":"https:\/\/www.allersretoursasso.fr\/zh\/wp-json\/wp\/v2\/types\/product"}],"replies":[{"embeddable":true,"href":"https:\/\/www.allersretoursasso.fr\/zh\/wp-json\/wp\/v2\/comments?post=1785"}],"wp:featuredmedia":[{"embeddable":true,"href":"https:\/\/www.allersretoursasso.fr\/zh\/wp-json\/wp\/v2\/media\/1786"}],"wp:attachment":[{"href":"https:\/\/www.allersretoursasso.fr\/zh\/wp-json\/wp\/v2\/media?parent=1785"}],"curies":[{"name":"wp","href":"https:\/\/api.w.org\/{rel}","templated":true}]}}