{"id":1799,"date":"2021-08-21T12:01:01","date_gmt":"2021-08-21T10:01:01","guid":{"rendered":"https:\/\/www.allersretoursasso.fr\/?post_type=product&#038;p=1799"},"modified":"2021-09-01T11:52:52","modified_gmt":"2021-09-01T09:52:52","slug":"striding-into-the-wind-wei-shujun","status":"publish","type":"product","link":"https:\/\/www.allersretoursasso.fr\/zh\/films\/striding-into-the-wind-wei-shujun\/","title":{"rendered":"<span style=\"font-size: 120%;\"><i>Striding into the Wind<\/i><\/span><br>\u91ce\u9a6c\u5206\u9b03<br>WEI Shujun<br>\u9b4f\u4e66\u94a7"},"content":{"rendered":"<div id=\"fb-root\"><\/div>\n<p><em>2020 \/ 130\u2019 \/ \u666e\u901a\u8bdd \/ \u6cd5\u8bed\u5b57\u5e55 \/ \u5267\u60c5\u957f\u7bc7<\/em><\/p>\n<p><em>\u7b2c73\u5c4a\u621b\u7eb3\u7535\u5f71\u8282  (2020)    \u65b0\u957f\u7247\u5bfc\u6f14\u4f5c\u54c1(\u63d0\u540d) \u9b4f\u4e66\u94a7<\/em><br \/>\n<em>\u7b2c4\u5c4a\u5e73\u9065\u56fd\u9645\u7535\u5f71\u5c55  (2020)\n\u8d39\u7a46\u8363\u8a89\u00b7\u6700\u4f73\u7537\u6f14\u5458 \u5468\u6e38<\/em><\/p>\n<p><iframe loading=\"lazy\" width=\"525\" height=\"295\" src=\"https:\/\/www.youtube.com\/embed\/DBMElP2fQQk?feature=oembed\" frameborder=\"0\" allow=\"accelerometer; autoplay; clipboard-write; encrypted-media; gyroscope; picture-in-picture\" allowfullscreen><\/iframe><\/p>\n<p>\u5373\u5c06\u5927\u5b66\u6bd5\u4e1a\u7684\u963f\u5764\u6b63\u7ad9\u5728\u5927\u5b66\u548c\u793e\u4f1a\u7684\u5206\u6c34\u5cad\uff1a\u538c\u5026\u4e86\u7535\u5f71\u5b66\u9662\u7684\u5b66\u4e1a\uff0c\u505a\u7740\u4e00\u4efd\u53c8\u4e00\u4efd\u6beb\u65e0\u610f\u4e49\u7684\u5de5\u4f5c\uff0c\u4e0e\u5973\u53cb\u4e0d\u65ad\u53d1\u751f\u77db\u76fe\u3002\u8fd9\u4f4d\u6709\u624d\u534e\u7684\u97f3\u54cd\u5de5\u7a0b\u5e08\u8feb\u4e0d\u53ca\u5f85\u60f3\u8981\u5bfb\u627e\u751f\u6d3b\u4e2d\u66f4\u591a\u7684\u4e1c\u897f\u3002\u62ff\u5230\u9a7e\u7167\u540e\uff0c\u963f\u5764\u548c\u4ed6\u6700\u597d\u7684\u670b\u53cb\u4e00\u8d77\uff0c\u5f00\u7740\u4e00\u8f86\u65e7\u4e8c\u624b\u5409\u666e\u8f66\u4e0a\u8def\uff0c\u653e\u98de\u81ea\u6211\u3002\u5728\u8fd9\u6bb5\u8352\u8154\u8d70\u677f\u7684\u65e5\u5b50\u4e2d\uff0c\u963f\u5764\u9010\u6e10\u610f\u8bc6\u5230\u4e86\u6210\u957f\u7684\u4ee3\u4ef7\u548c\u751f\u547d\u7684\u65e0\u5e38\u3002<\/p>\n<blockquote><p>\u9b4f\u4e66\u94a7\u5c11\u89c1\u5730\u7528\u955c\u5934\u805a\u7126\u9752\u5e74\u4eba\uff0c\u5bf9\u4ed6\u4eec\u6765\u8bf4\uff0c\u4e16\u754c\u53d8\u5316\u5f97\u592a\u5feb\u4e86\u3002\u8fd9\u662f\u4e00\u90e8\u5145\u6ee1\u5e0c\u671b\u7684\u611f\u4eba\u5bd3\u8a00\uff0c\u663e\u793a\u51fa\u5176\u4f4e\u8c03\u5374\u4e0d\u53ef\u5426\u8ba4\u7684\u5bfc\u6f14\u624d\u80fd\u3002<\/p><\/blockquote>\n<div class=\"agenda\">\n<p style=\"margin: 0in; font-family: \u5fae\u8f6f\u96c5\u9ed1; font-size: 11.0pt;\"><span style=\"font-size: 12pt;\">\u573a\u6b21\uff1a<\/span><\/p>\n<p style=\"margin: 0in; font-family: \u5fae\u8f6f\u96c5\u9ed1; font-size: 12.0pt;\"><span style=\"font-size: 12pt;\"><strong>\u5409\u7f8e\u56fd\u7acb\u4e9a\u6d32\u827a\u672f\u535a\u7269\u9986\uff1a9\u670817\u65e5 20\u70b910\u5206<\/strong><\/span><\/p>\n<p style=\"margin: 0in; font-family: \u5fae\u8f6f\u96c5\u9ed1; font-size: 12.0pt;\"><span style=\"font-size: 12pt;\"><strong>\u5409\u7f8e\u56fd\u7acb\u4e9a\u6d32\u827a\u672f\u535a\u7269\u9986\uff1a9\u670823\u65e5 14\u70b9<\/strong><\/span><\/p>\n<p style=\"margin: 0in; font-family: \u5fae\u8f6f\u96c5\u9ed1; font-size: 12.0pt;\"><span style=\"font-size: 12pt;\"><strong>Usruline\u5f71\u9662\uff1a9\u670826\u65e5 20\u70b930\u5206<\/strong><\/span><\/p>\n<\/div>","protected":false},"excerpt":{"rendered":"<p>2020 \/ 130\u2019 \/ Mandarin \/ VOSTFR \/ Fiction S\u00e9lection officielle du Festival de Cannes 2020 Prix \u201cFei Mu &#8211; Meilleur acteur\u201d pour ZHOU You au Festival international de Pingyao Lass\u00e9 par sa derni\u00e8re ann\u00e9e d&#8217;\u00e9cole de cin\u00e9ma, encha\u00eenant les emplois sans int\u00e9r\u00eat et se trouvant constamment en d\u00e9saccord avec sa petite amie, Kun, un &hellip; <\/p>\n<p class=\"link-more\"><a href=\"https:\/\/www.allersretoursasso.fr\/zh\/films\/striding-into-the-wind-wei-shujun\/\" class=\"more-link\">\u7ee7\u7eed\u9605\u8bfb<span class=\"screen-reader-text\">\u201c<span style=\"font-size: 120%;\"><i>Striding into the Wind<\/i><\/span><br \/>\u91ce\u9a6c\u5206\u9b03<br \/>WEI Shujun<br \/>\u9b4f\u4e66\u94a7\u201d<\/span><\/a><\/p>","protected":false},"featured_media":1802,"comment_status":"open","ping_status":"closed","template":"","meta":[],"_links":{"self":[{"href":"https:\/\/www.allersretoursasso.fr\/zh\/wp-json\/wp\/v2\/product\/1799"}],"collection":[{"href":"https:\/\/www.allersretoursasso.fr\/zh\/wp-json\/wp\/v2\/product"}],"about":[{"href":"https:\/\/www.allersretoursasso.fr\/zh\/wp-json\/wp\/v2\/types\/product"}],"replies":[{"embeddable":true,"href":"https:\/\/www.allersretoursasso.fr\/zh\/wp-json\/wp\/v2\/comments?post=1799"}],"wp:featuredmedia":[{"embeddable":true,"href":"https:\/\/www.allersretoursasso.fr\/zh\/wp-json\/wp\/v2\/media\/1802"}],"wp:attachment":[{"href":"https:\/\/www.allersretoursasso.fr\/zh\/wp-json\/wp\/v2\/media?parent=1799"}],"curies":[{"name":"wp","href":"https:\/\/api.w.org\/{rel}","templated":true}]}}