{"id":1865,"date":"2021-08-27T12:41:30","date_gmt":"2021-08-27T10:41:30","guid":{"rendered":"https:\/\/www.allersretoursasso.fr\/?post_type=product&#038;p=1865"},"modified":"2021-09-01T11:56:29","modified_gmt":"2021-09-01T09:56:29","slug":"absence-wu-lang","status":"publish","type":"product","link":"https:\/\/www.allersretoursasso.fr\/zh\/films\/absence-wu-lang\/","title":{"rendered":"<span style=\"font-size: 120%;\"><i>Absence<\/i><\/span><br>\u96ea\u96f2<br>WU Lang<br>\u90ac\u6d6a"},"content":{"rendered":"<div id=\"fb-root\"><\/div>\n<p><em><span style=\"font-weight: 400;\">2021 \/ 15\u2019 \/ \u666e\u901a\u8bdd \/ \u539f\u58f0\u6cd5\u8bed\u5b57\u5e55 \/ \u5267\u60c5<br \/>\n<\/span><\/em><\/p>\n<p><em>2021\u5e74 \u7b2c74\u5c4a\u621b\u7eb3\u7535\u5f71\u8282 \u4e3b\u7ade\u8d5b\u5355\u5143 \u77ed\u7247\u91d1\u68d5\u6988\u5956(\u63d0\u540d)<\/em><\/p>\n<p><iframe loading=\"lazy\" width=\"525\" height=\"295\" src=\"https:\/\/www.youtube.com\/embed\/KW8DiZWd-ks?feature=oembed\" frameborder=\"0\" allow=\"accelerometer; autoplay; clipboard-write; encrypted-media; gyroscope; picture-in-picture\" allowfullscreen><\/iframe><\/p>\n<p style=\"text-align: justify;\">\u5728\u56de\u83ba\u6b4c\u6d77\u7684\u8def\u4e0a\uff0c\u4e00\u5bf9\u6614\u65e5\u7684\u604b\u4eba\u6ca1\u6709\u8fc7\u591a\u53bb\u63a2\u5bfb\u5bf9\u65b9\u7684\u8fd1\u51b5\uff0c\u9ed8\u5951\u5730\u7ef4\u62a4\u7740\u773c\u524d\u7684\u4e00\u5207\u3002<\/p>\n<p style=\"text-align: justify;\"><em><span style=\"color: #808080;\">\u5728\u6709\u9650\u7684\u7bc7\u5e45\u4e2d\uff0c\u672c\u7247\u7528\u59d4\u5a49\u5e76\u4e14\u5982\u70df\u5982\u68a6\u7684\u65b9\u5f0f\u5904\u7406\u7740\u6240\u8c13\u201c\u522b\u79bb\u201d\u3002\u4f18\u7f8e\u7684\u89c6\u89c9\u4ee5\u53ca\u4e24\u4f4d\u6f14\u5458\u6210\u719f\u514b\u5236\u7684\u6f14\u6280\u4e92\u52a8\uff0c\u53cd\u4f7f\u538b\u6291\u7684\u60c5\u611f\u80fd\u91cf\u66f4\u52a0\u5f3a\u70c8\u3002<\/span><\/em><\/p>\n<div class=\"agenda\">\n<p style=\"margin: 0in; font-family: \u5fae\u8f6f\u96c5\u9ed1; font-size: 11.0pt;\">\u77ed\u7247\u573a\uff1a<\/p>\n<p style=\"margin: 0in; font-family: \u5fae\u8f6f\u96c5\u9ed1; font-size: 12.0pt;\"><span lang=\"zh-CN\" style=\"font-weight: bold;\">\u5409\u7f8e\u56fd\u7acb\u4e9a\u6d32\u827a\u672f\u535a\u7269\u9986\uff1a9\u670822\u65e5 14\u70b9<\/span><span lang=\"en-US\" style=\"font-weight: bold;\">00<\/span><span lang=\"zh-CN\" style=\"font-weight: bold;\"> au Mus\u00e9e Guimet<\/span><\/p>\n<p style=\"margin: 0in; font-family: \u5fae\u8f6f\u96c5\u9ed1; font-size: 12.0pt;\"><span style=\"font-weight: bold;\">Ursuline\u5f71\u9662\uff1a10\u67081\u65e5 19\u70b915\u5206<\/span><\/p>\n<\/div>","protected":false},"excerpt":{"rendered":"<p>2021 \/ 15\u2019 \/ Mandarin \/ VOSTFR \/ Fiction S\u00e9lection officielle &#8211; Comp\u00e9tition Courts-M\u00e9trages au Festival de Cannes 2021 Sur le chemin du retour vers Ying Ge Hai, deux anciens amoureux restent discrets sur leur vie respective et restreignent tacitement tout au pr\u00e9sent\u2026 Un court m\u00e9trage abordant l\u2019adieu et les s\u00e9parations d\u2019une mani\u00e8re pudique et &hellip; <\/p>\n<p class=\"link-more\"><a href=\"https:\/\/www.allersretoursasso.fr\/zh\/films\/absence-wu-lang\/\" class=\"more-link\">\u7ee7\u7eed\u9605\u8bfb<span class=\"screen-reader-text\">\u201c<span style=\"font-size: 120%;\"><i>Absence<\/i><\/span><br \/>\u96ea\u96f2<br \/>WU Lang<br \/>\u90ac\u6d6a\u201d<\/span><\/a><\/p>","protected":false},"featured_media":1867,"comment_status":"open","ping_status":"closed","template":"","meta":[],"_links":{"self":[{"href":"https:\/\/www.allersretoursasso.fr\/zh\/wp-json\/wp\/v2\/product\/1865"}],"collection":[{"href":"https:\/\/www.allersretoursasso.fr\/zh\/wp-json\/wp\/v2\/product"}],"about":[{"href":"https:\/\/www.allersretoursasso.fr\/zh\/wp-json\/wp\/v2\/types\/product"}],"replies":[{"embeddable":true,"href":"https:\/\/www.allersretoursasso.fr\/zh\/wp-json\/wp\/v2\/comments?post=1865"}],"wp:featuredmedia":[{"embeddable":true,"href":"https:\/\/www.allersretoursasso.fr\/zh\/wp-json\/wp\/v2\/media\/1867"}],"wp:attachment":[{"href":"https:\/\/www.allersretoursasso.fr\/zh\/wp-json\/wp\/v2\/media?parent=1865"}],"curies":[{"name":"wp","href":"https:\/\/api.w.org\/{rel}","templated":true}]}}