{"id":1872,"date":"2021-08-27T13:10:57","date_gmt":"2021-08-27T11:10:57","guid":{"rendered":"https:\/\/www.allersretoursasso.fr\/?post_type=product&#038;p=1872"},"modified":"2021-09-01T11:46:04","modified_gmt":"2021-09-01T09:46:04","slug":"the-choice-gu-xue","status":"publish","type":"product","link":"https:\/\/www.allersretoursasso.fr\/zh\/films\/the-choice-gu-xue\/","title":{"rendered":"<span style=\"font-size: 120%;\"><i>The Choice<\/i><\/span><br>\u5bb6\u5ead\u4f1a\u8bae<br>GU Xue<br>\u987e\u96ea"},"content":{"rendered":"<div id=\"fb-root\"><\/div>\n<p><em><span style=\"font-weight: 400;\">2019 \/ 66\u2018 \/ \u666e\u901a\u8bdd \/ \u539f\u58f0\u6cd5\u8bed\u5b57\u5e55 \/ \u7eaa\u5f55\u7247<\/span><\/em><\/p>\n<p><em><span style=\"font-weight: 400;\">\u5165\u56f4\u7b2c42\u5c4a\u6cd5\u56fd\u771f\u5b9e\u7535\u5f71\u8282\u56fd\u9645\u7ade\u8d5b\u5355\u5143 <\/span><\/em><\/p>\n<p><iframe loading=\"lazy\" width=\"525\" height=\"295\" src=\"https:\/\/www.youtube.com\/embed\/CXoIzSukCzE?feature=oembed\" frameborder=\"0\" allow=\"accelerometer; autoplay; clipboard-write; encrypted-media; gyroscope; picture-in-picture\" allowfullscreen><\/iframe><\/p>\n<p style=\"text-align: justify;\">\u4e94\u59e8\u5728\u91cd\u75c7\u52a0\u5f3a\u62a4\u7406\u75c5\u623f\uff0c\u513f\u5b50\u5e08\u6052\u535a\u53ec\u96c6\u5168\u90e8\u7684\u4eb2\u621a\u4e00\u8d77\u8ba8\u8bba\u8be5\u5982\u4f55\u5904\u7406\u4e94\u59e8\u7684\u540e\u4e8b\u3002\u5728\u8fd9\u4e2a\u5bb6\u5ead\u4f1a\u8bae\u4e0a\uff0c\u6bcf\u4e2a\u4eba\u8868\u8fbe\u4e86\u81ea\u5df1\u7684\u89c2\u70b9\u3002<\/p>\n<blockquote>\n<p style=\"text-align: justify;\">\u672c\u7247\u5982\u5b9e\u8bb0\u5f55\u4e86\u4e00\u4e2a\u5bb6\u5ead\u5bf9\u4e00\u4f4d\u5bb6\u4eba\u7684\u751f\u4e0e\u6b7b\u4f5c\u51b3\u62e9\u7684\u65f6\u523b\u3002\u987e\u96ea\u7528\u516d\u5341\u4e94\u5206\u949f\u7684\u955c\u5934\u4fdd\u7559\u4f4f\u4e86\u4e8b\u7269\u7684\u5b8c\u6574\u6027\uff0c\u7ef5\u5ef6\u65f6\u95f4\u91cc\u7684\u77ed\u77ed\u4e00\u77a5\uff0c\u4f7f\u89c2\u770b\u8005\u6240\u5728\u7684\u65f6\u95f4\u548c\u7a7a\u95f4\u4e0e\u8bb0\u5f55\u4e8b\u4ef6\u53d1\u751f\u65f6\u7684\u65f6\u95f4\u548c\u7a7a\u95f4\u5448\u73b0\u4e00\u81f4\u3002<\/p>\n<\/blockquote>\n<div class=\"agenda\">\n<div class=\"agenda\">\n<p style=\"margin: 0in; font-family: \u5fae\u8f6f\u96c5\u9ed1; font-size: 11.0pt;\">\u573a\u6b21\uff1a<\/p>\n<p style=\"margin: 0in; font-family: \u5fae\u8f6f\u96c5\u9ed1; font-size: 12.0pt;\"><span style=\"font-weight: bold;\">19 septembre \u00e0 15h30 au Mus\u00e9e Guimet<\/span><\/p>\n<p style=\"margin: 0in; font-family: \u5fae\u8f6f\u96c5\u9ed1; font-size: 12.0pt;\"><span style=\"font-weight: bold;\">26 septembre \u00e0 18h15 aux Ursulines<\/span><\/p>\n<\/div>\n<\/div>","protected":false},"excerpt":{"rendered":"<p>2019 \/ 66\u2019 \/ Mandarin \/ VOSTF \/ Documentaire S\u00e9lection au Festival international du film documentaire Cin\u00e9ma du r\u00e9el 2020 La tante est en unit\u00e9 de soins intensifs. Son fils, Shi Hengbo, appelle toute la famille pour trouver une solution \u00e0 cette situation. Mais durant cette r\u00e9union, personne n\u2019est d\u2019accord. Dans un unique plan s\u00e9quence &hellip; <\/p>\n<p class=\"link-more\"><a href=\"https:\/\/www.allersretoursasso.fr\/zh\/films\/the-choice-gu-xue\/\" class=\"more-link\">\u7ee7\u7eed\u9605\u8bfb<span class=\"screen-reader-text\">\u201c<span style=\"font-size: 120%;\"><i>The Choice<\/i><\/span><br \/>\u5bb6\u5ead\u4f1a\u8bae<br \/>GU Xue<br \/>\u987e\u96ea\u201d<\/span><\/a><\/p>","protected":false},"featured_media":1879,"comment_status":"open","ping_status":"closed","template":"","meta":[],"_links":{"self":[{"href":"https:\/\/www.allersretoursasso.fr\/zh\/wp-json\/wp\/v2\/product\/1872"}],"collection":[{"href":"https:\/\/www.allersretoursasso.fr\/zh\/wp-json\/wp\/v2\/product"}],"about":[{"href":"https:\/\/www.allersretoursasso.fr\/zh\/wp-json\/wp\/v2\/types\/product"}],"replies":[{"embeddable":true,"href":"https:\/\/www.allersretoursasso.fr\/zh\/wp-json\/wp\/v2\/comments?post=1872"}],"wp:featuredmedia":[{"embeddable":true,"href":"https:\/\/www.allersretoursasso.fr\/zh\/wp-json\/wp\/v2\/media\/1879"}],"wp:attachment":[{"href":"https:\/\/www.allersretoursasso.fr\/zh\/wp-json\/wp\/v2\/media?parent=1872"}],"curies":[{"name":"wp","href":"https:\/\/api.w.org\/{rel}","templated":true}]}}