{"id":1873,"date":"2021-08-27T13:26:34","date_gmt":"2021-08-27T11:26:34","guid":{"rendered":"https:\/\/www.allersretoursasso.fr\/?post_type=product&#038;p=1873"},"modified":"2021-09-09T15:44:17","modified_gmt":"2021-09-09T13:44:17","slug":"im-so-sorry-zhao-liang","status":"publish","type":"product","link":"https:\/\/www.allersretoursasso.fr\/zh\/films\/im-so-sorry-zhao-liang\/","title":{"rendered":"<span style=\"font-size: 120%;\"><i>I\u2019m So Sorry<\/i><\/span><br>\u65e0\u53bb\u6765\u5904<br>ZHAO Liang<br>\u8d75\u4eae"},"content":{"rendered":"<div id=\"fb-root\"><\/div>\n<p><em><span style=\"font-weight: 400;\">2021 \/ 96\u2019 \/ \u666e\u901a\u8bdd \u65e5\u8bed \u4fc4\u8bed \u5fb7\u8bed\/ \u539f\u58f0\u6cd5\u8bed\u5b57\u5e55\/ \u7eaa\u5f55\u7247<br \/>\n<\/span><\/em><\/p>\n<p><em>2021 \u621b\u7eb3\u7535\u5f71\u8282\u2014\u2014\u7279\u522b\u653e\u6620\u5355\u5143\uff1aLe Cin\u00e9ma pour le climat<\/em><\/p>\n<p><iframe loading=\"lazy\" width=\"525\" height=\"295\" src=\"https:\/\/www.youtube.com\/embed\/dL2dni7592A?feature=oembed\" frameborder=\"0\" allow=\"accelerometer; autoplay; clipboard-write; encrypted-media; gyroscope; picture-in-picture\" allowfullscreen><\/iframe><\/p>\n<p><span style=\"font-weight: 400;\">Fukushima et Tchernobyl. Zhao Liang montre les visages et les corps marqu\u00e9s, et les quotidiens boulevers\u00e9s par les accidents. Par la po\u00e9sie, il dresse un message d\u2019avertissement sur le danger du nucl\u00e9aire.<\/span><\/p>\n<blockquote>\n<p style=\"text-align: justify;\"><span style=\"font-size: 12pt;\"><i><span style=\"font-weight: 400;\">Cin\u00e9aste engag\u00e9, Zhao Liang recueille les t\u00e9moignages de personnes qui vivent dans les zones les plus gravement irradi\u00e9es de l\u2019\u00e9poque contemporaine. Rythm\u00e9e par des vers en mandarin, la narration forme un essai po\u00e9tique et proph\u00e9tique.<\/span><\/i><\/span><\/p>\n<\/blockquote>\n<div class=\"agenda\">\n<p style=\"margin: 0in; font-family: \u5fae\u8f6f\u96c5\u9ed1; font-size: 11.0pt;\">\u573a\u6b21\uff1a<\/p>\n<p style=\"margin: 0in; font-family: \u5fae\u8f6f\u96c5\u9ed1; font-size: 12.0pt;\"><span style=\"font-weight: bold;\">\u5409\u7f8e\u56fd\u7acb\u4e9a\u6d32\u827a\u672f\u535a\u7269\u9986\uff1a9\u670826\u65e5 13\u70b9<\/span><\/p>\n<p style=\"margin: 0in; font-family: \u5fae\u8f6f\u96c5\u9ed1; font-size: 12.0pt;\"><span style=\"font-weight: bold;\">Usruline\u5f71\u9662\uff1a9\u670829\u65e5 19\u70b945\u5206<\/span><\/p>\n<\/div>","protected":false},"excerpt":{"rendered":"<p>2021 \/ 96\u2019 \/ Chinois, Japonais, Russe, Allemand \/ VOSTF \/ Documentaire S\u00e9lection au Festival de Cannes 2021 &#8211; S\u00e9ance Sp\u00e9ciale, Le Cin\u00e9ma pour le climat Fukushima et Tchernobyl. Zhao Liang montre les visages et les corps marqu\u00e9s, et les quotidiens boulevers\u00e9s par les accidents. Par la po\u00e9sie, il dresse un message d\u2019avertissement sur le &hellip; <\/p>\n<p class=\"link-more\"><a href=\"https:\/\/www.allersretoursasso.fr\/zh\/films\/im-so-sorry-zhao-liang\/\" class=\"more-link\">\u7ee7\u7eed\u9605\u8bfb<span class=\"screen-reader-text\">\u201c<span style=\"font-size: 120%;\"><i>I\u2019m So Sorry<\/i><\/span><br \/>\u65e0\u53bb\u6765\u5904<br \/>ZHAO Liang<br \/>\u8d75\u4eae\u201d<\/span><\/a><\/p>","protected":false},"featured_media":1876,"comment_status":"open","ping_status":"closed","template":"","meta":[],"_links":{"self":[{"href":"https:\/\/www.allersretoursasso.fr\/zh\/wp-json\/wp\/v2\/product\/1873"}],"collection":[{"href":"https:\/\/www.allersretoursasso.fr\/zh\/wp-json\/wp\/v2\/product"}],"about":[{"href":"https:\/\/www.allersretoursasso.fr\/zh\/wp-json\/wp\/v2\/types\/product"}],"replies":[{"embeddable":true,"href":"https:\/\/www.allersretoursasso.fr\/zh\/wp-json\/wp\/v2\/comments?post=1873"}],"wp:featuredmedia":[{"embeddable":true,"href":"https:\/\/www.allersretoursasso.fr\/zh\/wp-json\/wp\/v2\/media\/1876"}],"wp:attachment":[{"href":"https:\/\/www.allersretoursasso.fr\/zh\/wp-json\/wp\/v2\/media?parent=1873"}],"curies":[{"name":"wp","href":"https:\/\/api.w.org\/{rel}","templated":true}]}}