{"id":1890,"date":"2021-08-30T16:04:26","date_gmt":"2021-08-30T14:04:26","guid":{"rendered":"https:\/\/www.allersretoursasso.fr\/?post_type=product&#038;p=1890"},"modified":"2021-09-01T11:57:33","modified_gmt":"2021-09-01T09:57:33","slug":"one-thousand-and-one-attempts-to-be-an-ocean-wang-yuyan","status":"publish","type":"product","link":"https:\/\/www.allersretoursasso.fr\/zh\/films\/one-thousand-and-one-attempts-to-be-an-ocean-wang-yuyan\/","title":{"rendered":"<span style=\"font-size: 120%;\"><i>One Thousand and One Attempts to Be an Ocean<\/i><\/span><br>\u6210\u4e3a\u6d77\u6d0b\u7684\u4e00\u5343\u96f6\u4e00\u6b21\u5c1d\u8bd5<br>WANG Yuyan<br>\u738b\u88d5\u8a00"},"content":{"rendered":"<div id=\"fb-root\"><\/div>\n<p>2021 \/ 11\u2019 \/ \u82f1\u8bed \/ \u539f\u58f0\u6cd5\u8bed\u5b57\u5e55  \/ \u5b9e\u9a8c\u3001\u7eaa\u5f55\u77ed\u7247<\/p>\n<p><em><span style=\"font-weight: 400;\">\u7b2c71\u5c4a\u67cf\u6797\u7535\u5f71\u8282\u77ed\u7247\u7ade\u8d5b\u5355\u5143\u5165\u56f4<\/span><\/em><\/p>\n<p><iframe loading=\"lazy\" width=\"525\" height=\"295\" src=\"https:\/\/www.youtube.com\/embed\/iFCCD_z4SUI?feature=oembed\" frameborder=\"0\" allow=\"accelerometer; autoplay; clipboard-write; encrypted-media; gyroscope; picture-in-picture\" allowfullscreen><\/iframe><\/p>\n<p style=\"text-align: justify;\"><span style=\"font-weight: 400;\">\u5728\u5f53\u4eca\u7684\u8d44\u8baf\u65f6\u4ee3\uff0c\u7f51\u8def\u4e0a\u5145\u65a5\u7740\u5404\u79cd\u7531\u5fae\u89c2\u4e8b\u4ef6\u6240\u7ec4\u6210\u7684\u300c\u7597\u6108\u5f71\u7247\u300d\u3002\u738b\u88d5\u8a00\u5bfc\u6f14\u900f\u8fc7\u529d\u4e16\u97f3\u4e50\u548c\u6781\u9650\u97f3\u4e50\u5c55\u5f00\u4e00\u573a\u5feb\u8f6c\u6162\u52a8\u4f5c\u7684\u62bd\u8c61\u53d9\u4e8b\uff1a\u8df3\u9488\u3001\u5361\u5173\u3001\u6c89\u6d78\u3001\u5d29\u89e3\u4e0e\u91cd\u5851\u3002\u00a0<\/span><\/p>\n<blockquote>\n<p style=\"text-align: justify;\">\u65e0\u8fb9\u9645\u7684\u8d85\u8c61\u9650\u5faa\u73af\u7d6e\u8bed\uff0c\u89e3\u6784\u5265\u79bb\u4e86\u4e8b\u7269\u539f\u672c\u7684\u72ed\u9698\u5b9a\u4e49\uff0c\u672c\u7247\u53cd\u6620\u4e86\u773c\u89c1\u4e0d\u4e3a\u51ed\u7684\u6df1\u5ea6\u611f\u77e5\u4e16\u754c\u3002<\/p>\n<\/blockquote>\n<div class=\"agenda\">\n<p style=\"margin: 0in; font-family: \u5fae\u8f6f\u96c5\u9ed1; font-size: 11.0pt;\">\u77ed\u7247\u573a\uff1a<\/p>\n<p style=\"margin: 0in; font-family: \u5fae\u8f6f\u96c5\u9ed1; font-size: 12.0pt;\"><span lang=\"zh-CN\" style=\"font-weight: bold;\">\u5409\u7f8e\u56fd\u7acb\u4e9a\u6d32\u827a\u672f\u535a\u7269\u9986\uff1a9\u670822\u65e5 14\u70b9<\/span><span lang=\"en-US\" style=\"font-weight: bold;\">00<\/span><span lang=\"zh-CN\" style=\"font-weight: bold;\"> au Mus\u00e9e Guimet<\/span><\/p>\n<p style=\"margin: 0in; font-family: \u5fae\u8f6f\u96c5\u9ed1; font-size: 12.0pt;\"><span style=\"font-weight: bold;\">Ursuline\u5f71\u9662\uff1a10\u67081\u65e5 19\u70b915\u5206<\/span><\/p>\n<\/div>","protected":false},"excerpt":{"rendered":"<p>2021 \/ 11\u2019 \/ Anglais \/ VOSTFR \/ Documentaire Exp\u00e9rimental S\u00e9lectionn\u00e9 dans le Berlin International Film Festival 2021-Berlinale Shorts Constitu\u00e9 de micro \u00e9v\u00e9nements provenant des \u201dsatisfying video\u201d qui pullulent sur internet, le film correspond avant tout \u00e0 un rythme, une r\u00e9sonance hypnotique qui fait d\u00e9border les images de leur contenu pour devenir sensation et \u00e9nergie.\u00a0 &hellip; <\/p>\n<p class=\"link-more\"><a href=\"https:\/\/www.allersretoursasso.fr\/zh\/films\/one-thousand-and-one-attempts-to-be-an-ocean-wang-yuyan\/\" class=\"more-link\">\u7ee7\u7eed\u9605\u8bfb<span class=\"screen-reader-text\">\u201c<span style=\"font-size: 120%;\"><i>One Thousand and One Attempts to Be an Ocean<\/i><\/span><br \/>\u6210\u4e3a\u6d77\u6d0b\u7684\u4e00\u5343\u96f6\u4e00\u6b21\u5c1d\u8bd5<br \/>WANG Yuyan<br \/>\u738b\u88d5\u8a00\u201d<\/span><\/a><\/p>","protected":false},"featured_media":1891,"comment_status":"open","ping_status":"closed","template":"","meta":[],"_links":{"self":[{"href":"https:\/\/www.allersretoursasso.fr\/zh\/wp-json\/wp\/v2\/product\/1890"}],"collection":[{"href":"https:\/\/www.allersretoursasso.fr\/zh\/wp-json\/wp\/v2\/product"}],"about":[{"href":"https:\/\/www.allersretoursasso.fr\/zh\/wp-json\/wp\/v2\/types\/product"}],"replies":[{"embeddable":true,"href":"https:\/\/www.allersretoursasso.fr\/zh\/wp-json\/wp\/v2\/comments?post=1890"}],"wp:featuredmedia":[{"embeddable":true,"href":"https:\/\/www.allersretoursasso.fr\/zh\/wp-json\/wp\/v2\/media\/1891"}],"wp:attachment":[{"href":"https:\/\/www.allersretoursasso.fr\/zh\/wp-json\/wp\/v2\/media?parent=1890"}],"curies":[{"name":"wp","href":"https:\/\/api.w.org\/{rel}","templated":true}]}}