{"id":1908,"date":"2021-09-01T00:37:37","date_gmt":"2021-08-31T22:37:37","guid":{"rendered":"https:\/\/www.allersretoursasso.fr\/?post_type=product&#038;p=1908"},"modified":"2021-09-02T05:37:08","modified_gmt":"2021-09-02T03:37:08","slug":"coby-and-stephen-are-in-love-luka-yuanyuan-yang","status":"publish","type":"product","link":"https:\/\/www.allersretoursasso.fr\/zh\/films\/coby-and-stephen-are-in-love-luka-yuanyuan-yang\/","title":{"rendered":"<span style=\"font-size: 120%;\"><i>Coby and Stephen are in Love<\/i><\/span><br>\u76f8\u7231\u7684\u67ef\u6bd4\u4e0e\u53f2\u8482\u82ac<br>Luka Yuanyuan YANG<br>\u6768\u5706\u5706"},"content":{"rendered":"<div id=\"fb-root\"><\/div>\n<p><em><span style=\"font-weight: 400;\">2019 \/ 30\u2019 \/ Anglais \/ VOSTF \/ Documentaire<\/span><\/em><\/p>\n<p><em>Finaliste du Dumbo Film Festival 2020<\/em><\/p>\n<p><iframe loading=\"lazy\" width=\"525\" height=\"295\" src=\"https:\/\/www.youtube.com\/embed\/HwxDb_DHaqU?feature=oembed\" frameborder=\"0\" allow=\"accelerometer; autoplay; clipboard-write; encrypted-media; gyroscope; picture-in-picture\" allowfullscreen><\/iframe><\/p>\n<p style=\"text-align: justify;\"><span style=\"font-weight: 400;\">Coby et Stephen sont amoureux. Elle est une l\u00e9gende du music-hall du Chinatown de San Francisco, et a 92 ans. Lui est un ancien r\u00e9alisateur de films exp\u00e9rimentaux du mouvement anti-guerre, et a 20 ans de moins. Ensemble, ils font briller l\u2019un et l\u2019autre la derni\u00e8re partie de leur vie, en se produisant sur sc\u00e8ne en duo de chant et de danse. Mais \u00e0 pr\u00e9sent, le temps du chant du cygne est venu, la derni\u00e8re repr\u00e9sentation\u2026<\/span><\/p>\n<p style=\"text-align: justify;\"><span style=\"color: #808080;\"><i><span style=\"font-weight: 400;\">Luka Yuanyuan Yang et Carlo Nasisse captent l\u2019essence des sentiments amoureux\u00a0 \u00e0 travers ces deux personnages attachants, remplis de philosophie sur la vie et le temps qui passe.<\/span><\/i><\/span><\/p>\n<p>&nbsp;<\/p>\n<p>&#8220;Stories of Chinatown&#8221; de Luka Yuanyuan YANG<br \/>\n\u5510\u4eba\u8857\u6545\u4e8b &#8211; \u6768\u5706\u5706\u7cfb\u5217\u77ed\u7247<\/p>\n<ul>\n<li><a href=\"https:\/\/www.allersretoursasso.fr\/zh\/films\/coby-and-stephen\u2026ka-yuanyuan-yang\/\">Coby and Stephen are in Love\u00a0 \u76f8\u7231\u7684\u79d1\u6bd4\u4e0e\u53f2\u8482\u82ac<\/a><\/li>\n<li>Tales of Chinatown\u00a0 \u4e2d\u56fd\u57ce\u8f76\u4e8b<\/li>\n<li><a href=\"https:\/\/www.allersretoursasso.fr\/zh\/films\/the-lady-from-shanghai-luka-yuanyuan-yang\/\">The Lady from Shanghai\u00a0 \u4e0a\u6d77\u6765\u7684\u5973\u58eb<\/a><\/li>\n<\/ul>\n<div class=\"agenda\">\n<p style=\"margin: 0in; font-family: \u5fae\u8f6f\u96c5\u9ed1; font-size: 11.0pt;\">S\u00e9ance de Stories of Chinatown le :<\/p>\n<p style=\"margin: 0in; font-family: \u5fae\u8f6f\u96c5\u9ed1; font-size: 12.0pt;\"><span lang=\"zh-CN\" style=\"font-weight: bold;\">22 septembre \u00e0 1<\/span><span lang=\"en-US\" style=\"font-weight: bold;\">5<\/span><span lang=\"zh-CN\" style=\"font-weight: bold;\">h<\/span><span lang=\"en-US\" style=\"font-weight: bold;\">15 <\/span><span lang=\"zh-CN\" style=\"font-weight: bold;\">au Mus\u00e9e Guimet<\/span><\/p>\n<p style=\"margin: 0in; font-family: \u5fae\u8f6f\u96c5\u9ed1; font-size: 12.0pt;\"><span lang=\"en-US\" style=\"font-weight: bold;\">25<\/span><span lang=\"zh-CN\" style=\"font-weight: bold;\"> septembre \u00e0 1<\/span><span lang=\"en-US\" style=\"font-weight: bold;\">8<\/span><span lang=\"zh-CN\" style=\"font-weight: bold;\">h15 aux Ursulines<\/span><\/p>\n<\/div>","protected":false},"excerpt":{"rendered":"<p>2019 \/ 30\u2019 \/ Anglais \/ VOSTF \/ Documentaire Finaliste du Dumbo Film Festival 2020 Coby et Stephen sont amoureux. Elle est une l\u00e9gende du music-hall du Chinatown de San Francisco, et a 92 ans. Lui est un ancien r\u00e9alisateur de films exp\u00e9rimentaux du mouvement anti-guerre, et a 20 ans de moins. Ensemble, ils font &hellip; <\/p>\n<p class=\"link-more\"><a href=\"https:\/\/www.allersretoursasso.fr\/zh\/films\/coby-and-stephen-are-in-love-luka-yuanyuan-yang\/\" class=\"more-link\">\u7ee7\u7eed\u9605\u8bfb<span class=\"screen-reader-text\">\u201c<span style=\"font-size: 120%;\"><i>Coby and Stephen are in Love<\/i><\/span><br \/>\u76f8\u7231\u7684\u67ef\u6bd4\u4e0e\u53f2\u8482\u82ac<br \/>Luka Yuanyuan YANG<br \/>\u6768\u5706\u5706\u201d<\/span><\/a><\/p>","protected":false},"featured_media":1910,"comment_status":"open","ping_status":"closed","template":"","meta":[],"_links":{"self":[{"href":"https:\/\/www.allersretoursasso.fr\/zh\/wp-json\/wp\/v2\/product\/1908"}],"collection":[{"href":"https:\/\/www.allersretoursasso.fr\/zh\/wp-json\/wp\/v2\/product"}],"about":[{"href":"https:\/\/www.allersretoursasso.fr\/zh\/wp-json\/wp\/v2\/types\/product"}],"replies":[{"embeddable":true,"href":"https:\/\/www.allersretoursasso.fr\/zh\/wp-json\/wp\/v2\/comments?post=1908"}],"wp:featuredmedia":[{"embeddable":true,"href":"https:\/\/www.allersretoursasso.fr\/zh\/wp-json\/wp\/v2\/media\/1910"}],"wp:attachment":[{"href":"https:\/\/www.allersretoursasso.fr\/zh\/wp-json\/wp\/v2\/media?parent=1908"}],"curies":[{"name":"wp","href":"https:\/\/api.w.org\/{rel}","templated":true}]}}