{"id":1913,"date":"2021-09-01T00:47:53","date_gmt":"2021-08-31T22:47:53","guid":{"rendered":"https:\/\/www.allersretoursasso.fr\/?post_type=product&#038;p=1913"},"modified":"2021-09-02T05:37:01","modified_gmt":"2021-09-02T03:37:01","slug":"tales-of-chinatown-luka-yuanyuan-yang","status":"publish","type":"product","link":"https:\/\/www.allersretoursasso.fr\/zh\/films\/tales-of-chinatown-luka-yuanyuan-yang\/","title":{"rendered":"<span style=\"font-size: 120%;\"><i>Tales of Chinatown<\/i><\/span><br>\u4e2d\u56fd\u57ce\u8f76\u4e8b<br>Luka Yuanyuan YANG<br>\u6768\u5706\u5706"},"content":{"rendered":"<div id=\"fb-root\"><\/div>\n<p><em>2019 \/ 19\u2019 \/ Anglais \/ VOSTF \/ Documentaire<\/em><\/p>\n<p>&nbsp;<\/p>\n<p style=\"text-align: justify;\"><span style=\"font-weight: 400;\">Une oratrice m\u00e8ne un tour guid\u00e9 du Chinatown de San Francisco et s\u2019arr\u00eate sur le dernier nightclub encore debout, qui a servi de d\u00e9cor au film <\/span><i><span style=\"font-weight: 400;\">La Dame de Shanghai<\/span><\/i><span style=\"font-weight: 400;\"> d\u2019Orson Welles. Son discours, ainsi que les r\u00e9miniscences de la danseuse Cynthia Yee et des historiens Wylie Wong et David Lei, nous emm\u00e8nent dans un voyage \u00e0 travers le temps et l\u2019espace, \u00e0 l&#8217;\u00e9poque majestueuse de la vie nocturne de ce quartier anim\u00e9.<\/span><\/p>\n<p style=\"text-align: justify;\"><span style=\"color: #808080;\"><i><span style=\"font-weight: 400;\">En interrogeant des t\u00e9moins et des sp\u00e9cialistes de cette \u00e9poque, Luka Yuanyuan Yang dessine un parcours m\u00e9moriel et nostalgique de la diaspora chinoise de San Francisco.<\/span><\/i><\/span><\/p>\n<p>&nbsp;<\/p>\n<p>&#8220;Stories of Chinatown&#8221; de Luka Yuanyuan YANG<br \/>\n\u5510\u4eba\u8857\u6545\u4e8b &#8211; \u6768\u5706\u5706\u7cfb\u5217\u77ed\u7247<\/p>\n<ul>\n<li><a href=\"https:\/\/www.allersretoursasso.fr\/zh\/films\/coby-and-stephen\u2026ka-yuanyuan-yang\/\">Coby and Stephen are in Love\u00a0 \u76f8\u7231\u7684\u79d1\u6bd4\u4e0e\u53f2\u8482\u82ac<\/a><\/li>\n<li>Tales of Chinatown\u00a0 \u4e2d\u56fd\u57ce\u8f76\u4e8b<\/li>\n<li><a href=\"https:\/\/www.allersretoursasso.fr\/zh\/films\/the-lady-from-shanghai-luka-yuanyuan-yang\/\">The Lady from Shanghai\u00a0 \u4e0a\u6d77\u6765\u7684\u5973\u58eb<\/a><\/li>\n<\/ul>\n<div class=\"agenda\">\n<p style=\"margin: 0in; font-family: \u5fae\u8f6f\u96c5\u9ed1; font-size: 11.0pt;\">S\u00e9ance de Stories of Chinatown le :<\/p>\n<p style=\"margin: 0in; font-family: \u5fae\u8f6f\u96c5\u9ed1; font-size: 12.0pt;\"><span lang=\"zh-CN\" style=\"font-weight: bold;\">22 septembre \u00e0 1<\/span><span lang=\"en-US\" style=\"font-weight: bold;\">5<\/span><span lang=\"zh-CN\" style=\"font-weight: bold;\">h<\/span><span lang=\"en-US\" style=\"font-weight: bold;\">15 <\/span><span lang=\"zh-CN\" style=\"font-weight: bold;\">au Mus\u00e9e Guimet<\/span><\/p>\n<p style=\"margin: 0in; font-family: \u5fae\u8f6f\u96c5\u9ed1; font-size: 12.0pt;\"><span lang=\"en-US\" style=\"font-weight: bold;\">25<\/span><span lang=\"zh-CN\" style=\"font-weight: bold;\"> septembre \u00e0 1<\/span><span lang=\"en-US\" style=\"font-weight: bold;\">8<\/span><span lang=\"zh-CN\" style=\"font-weight: bold;\">h15 aux Ursulines<\/span><\/p>\n<\/div>","protected":false},"excerpt":{"rendered":"<p>2019 \/ 19\u2019 \/ Anglais \/ VOSTF \/ Documentaire &nbsp; Une oratrice m\u00e8ne un tour guid\u00e9 du Chinatown de San Francisco et s\u2019arr\u00eate sur le dernier nightclub encore debout, qui a servi de d\u00e9cor au film La Dame de Shanghai d\u2019Orson Welles. Son discours, ainsi que les r\u00e9miniscences de la danseuse Cynthia Yee et des &hellip; <\/p>\n<p class=\"link-more\"><a href=\"https:\/\/www.allersretoursasso.fr\/zh\/films\/tales-of-chinatown-luka-yuanyuan-yang\/\" class=\"more-link\">\u7ee7\u7eed\u9605\u8bfb<span class=\"screen-reader-text\">\u201c<span style=\"font-size: 120%;\"><i>Tales of Chinatown<\/i><\/span><br \/>\u4e2d\u56fd\u57ce\u8f76\u4e8b<br \/>Luka Yuanyuan YANG<br \/>\u6768\u5706\u5706\u201d<\/span><\/a><\/p>","protected":false},"featured_media":1914,"comment_status":"open","ping_status":"closed","template":"","meta":[],"_links":{"self":[{"href":"https:\/\/www.allersretoursasso.fr\/zh\/wp-json\/wp\/v2\/product\/1913"}],"collection":[{"href":"https:\/\/www.allersretoursasso.fr\/zh\/wp-json\/wp\/v2\/product"}],"about":[{"href":"https:\/\/www.allersretoursasso.fr\/zh\/wp-json\/wp\/v2\/types\/product"}],"replies":[{"embeddable":true,"href":"https:\/\/www.allersretoursasso.fr\/zh\/wp-json\/wp\/v2\/comments?post=1913"}],"wp:featuredmedia":[{"embeddable":true,"href":"https:\/\/www.allersretoursasso.fr\/zh\/wp-json\/wp\/v2\/media\/1914"}],"wp:attachment":[{"href":"https:\/\/www.allersretoursasso.fr\/zh\/wp-json\/wp\/v2\/media?parent=1913"}],"curies":[{"name":"wp","href":"https:\/\/api.w.org\/{rel}","templated":true}]}}