{"id":1918,"date":"2021-09-01T00:54:32","date_gmt":"2021-08-31T22:54:32","guid":{"rendered":"https:\/\/www.allersretoursasso.fr\/?post_type=product&#038;p=1918"},"modified":"2021-09-02T05:39:05","modified_gmt":"2021-09-02T03:39:05","slug":"the-lady-from-shanghai-luka-yuanyuan-yang","status":"publish","type":"product","link":"https:\/\/www.allersretoursasso.fr\/zh\/films\/the-lady-from-shanghai-luka-yuanyuan-yang\/","title":{"rendered":"<span style=\"font-size: 120%;\"><i>The Lady from Shanghai<\/i><\/span><br>\u4e0a\u6d77\u6765\u7684\u5973\u58eb<br>Luka Yuanyuan YANG<br>\u6768\u5706\u5706"},"content":{"rendered":"<div id=\"fb-root\"><\/div>\n<p><em>2019 \/ 16\u2019 \/ VOSTF \/ Documentaire<\/em><\/p>\n<p>&nbsp;<\/p>\n<p style=\"text-align: justify;\">Bien qu\u2019ayant v\u00e9cu l&#8217;enti\u00e8ret\u00e9 de sa vie d\u2019adulte \u00e0 San Francisco, Ceecee Wu, 78 ans, se d\u00e9finit toujours comme \u00e9tant la Dame de Shanghai. Sa m\u00e8re, 101 ans, ne va pas la contredire, elle qui est atteinte d&#8217;amn\u00e9sie. Face \u00e0 la cam\u00e9ra, Ceecee se livre sur sa vie maritale avec un Shanghaien, rencontr\u00e9 sur internet dans les ann\u00e9es 2000, et leur relation qui a longtemps tenu face \u00e0 l\u2019\u00e9cart g\u00e9ographique et linguistique.<\/p>\n<p style=\"text-align: justify;\"><span style=\"color: #808080;\"><em>Avec le portrait de cette petite famille, Luka Yuanyuan Yang ach\u00e8ve sa trilogie en montrant la destin\u00e9e de ces immigr\u00e9s chinois, ayant connu les affres du milieu du XX\u00e8me si\u00e8cle et s\u2019\u00e9tant \u00e9tablis aux Etats-Unis, devenus leur pays, non sans nostalgie de leur ville natale.<\/em><\/span><\/p>\n<p>&nbsp;<\/p>\n<p>&#8220;Stories of Chinatown&#8221; de Luka Yuanyuan YANG<br \/>\n\u5510\u4eba\u8857\u6545\u4e8b &#8211; \u6768\u5706\u5706\u7cfb\u5217\u77ed\u7247<\/p>\n<ul>\n<li><a href=\"https:\/\/www.allersretoursasso.fr\/zh\/films\/coby-and-stephen\u2026ka-yuanyuan-yang\/\">Coby and Stephen are in Love\u00a0 \u76f8\u7231\u7684\u79d1\u6bd4\u4e0e\u53f2\u8482\u82ac<\/a><\/li>\n<li><a href=\"https:\/\/www.allersretoursasso.fr\/zh\/films\/tales-of-chinatown-luka-yuanyuan-yang\/\">Tales of Chinatown\u00a0 \u4e2d\u56fd\u57ce\u8f76\u4e8b<\/a><\/li>\n<li>The Lady from Shanghai\u00a0 \u4e0a\u6d77\u6765\u7684\u5973\u58eb<\/li>\n<\/ul>\n<div class=\"agenda\">\n<p style=\"margin: 0in; font-family: \u5fae\u8f6f\u96c5\u9ed1; font-size: 11.0pt;\">S\u00e9ance de Stories of Chinatown le :<\/p>\n<p style=\"margin: 0in; font-family: \u5fae\u8f6f\u96c5\u9ed1; font-size: 12.0pt;\"><span lang=\"zh-CN\" style=\"font-weight: bold;\">22 septembre \u00e0 1<\/span><span lang=\"en-US\" style=\"font-weight: bold;\">5<\/span><span lang=\"zh-CN\" style=\"font-weight: bold;\">h<\/span><span lang=\"en-US\" style=\"font-weight: bold;\">15 <\/span><span lang=\"zh-CN\" style=\"font-weight: bold;\">au Mus\u00e9e Guimet<\/span><\/p>\n<p style=\"margin: 0in; font-family: \u5fae\u8f6f\u96c5\u9ed1; font-size: 12.0pt;\"><span lang=\"en-US\" style=\"font-weight: bold;\">25<\/span><span lang=\"zh-CN\" style=\"font-weight: bold;\"> septembre \u00e0 1<\/span><span lang=\"en-US\" style=\"font-weight: bold;\">8<\/span><span lang=\"zh-CN\" style=\"font-weight: bold;\">h15 aux Ursulines<\/span><\/p>\n<\/div>","protected":false},"excerpt":{"rendered":"<p>2019 \/ 16\u2019 \/ VOSTF \/ Documentaire &nbsp; Bien qu\u2019ayant v\u00e9cu l&#8217;enti\u00e8ret\u00e9 de sa vie d\u2019adulte \u00e0 San Francisco, Ceecee Wu, 78 ans, se d\u00e9finit toujours comme \u00e9tant la Dame de Shanghai. Sa m\u00e8re, 101 ans, ne va pas la contredire, elle qui est atteinte d&#8217;amn\u00e9sie. Face \u00e0 la cam\u00e9ra, Ceecee se livre sur sa &hellip; <\/p>\n<p class=\"link-more\"><a href=\"https:\/\/www.allersretoursasso.fr\/zh\/films\/the-lady-from-shanghai-luka-yuanyuan-yang\/\" class=\"more-link\">\u7ee7\u7eed\u9605\u8bfb<span class=\"screen-reader-text\">\u201c<span style=\"font-size: 120%;\"><i>The Lady from Shanghai<\/i><\/span><br \/>\u4e0a\u6d77\u6765\u7684\u5973\u58eb<br \/>Luka Yuanyuan YANG<br \/>\u6768\u5706\u5706\u201d<\/span><\/a><\/p>","protected":false},"featured_media":1920,"comment_status":"open","ping_status":"closed","template":"","meta":[],"_links":{"self":[{"href":"https:\/\/www.allersretoursasso.fr\/zh\/wp-json\/wp\/v2\/product\/1918"}],"collection":[{"href":"https:\/\/www.allersretoursasso.fr\/zh\/wp-json\/wp\/v2\/product"}],"about":[{"href":"https:\/\/www.allersretoursasso.fr\/zh\/wp-json\/wp\/v2\/types\/product"}],"replies":[{"embeddable":true,"href":"https:\/\/www.allersretoursasso.fr\/zh\/wp-json\/wp\/v2\/comments?post=1918"}],"wp:featuredmedia":[{"embeddable":true,"href":"https:\/\/www.allersretoursasso.fr\/zh\/wp-json\/wp\/v2\/media\/1920"}],"wp:attachment":[{"href":"https:\/\/www.allersretoursasso.fr\/zh\/wp-json\/wp\/v2\/media?parent=1918"}],"curies":[{"name":"wp","href":"https:\/\/api.w.org\/{rel}","templated":true}]}}