{"id":335,"date":"2018-12-21T11:26:15","date_gmt":"2018-12-21T10:26:15","guid":{"rendered":"https:\/\/www.allersretoursasso.fr\/?post_type=product&#038;p=335"},"modified":"2019-01-18T15:17:05","modified_gmt":"2019-01-18T14:17:05","slug":"angels-wear-white-vivian-qu","status":"publish","type":"product","link":"https:\/\/www.allersretoursasso.fr\/zh\/films\/angels-wear-white-vivian-qu\/","title":{"rendered":"<span style=\"font-size: 120%;\"><i>Angels Wear White<\/i><\/span><br>\u5609\u5e74\u534e<br>Vivian QU<br>\u6587\u664f"},"content":{"rendered":"<div id=\"fb-root\"><\/div>\n<p>2017 \/ 107min \/ \u666e\u901a\u8bdd \/ \u5b57\u5e55\u6cd5\u8bed<\/p>\n<p><b>\uff0801\/05\u65b0\u589e\uff09\u7535\u5f71\u4e4b\u540e\u4e8e5\u67082\u65e5\u5728\u6cd5\u56fd\u5df4\u9ece\u5f71\u9662Saint-Andr\u00e9 des Arts \u548c Sept Parnassiens\u4e0a\u6620\u3002 <i>\u6cd5\u8bed\u7247\u540d\uff1aLes Anges portent du blanc<\/i>. <\/b><\/p>\n<p style=\"text-align: justify;\"><i>\u63d0\u540d\u7b2c74\u5c4a\u5a01\u5c3c\u65af\u7535\u5f71\u8282\u4e3b\u7ade\u8d5b\u5355\u5143\u91d1\u72ee\u5956;\n\u63d0\u540d\u7b2c54\u5c4a\u91d1\u9a6c\u5f71\u5c55\u6700\u4f73\u5267\u60c5\u7247;\n\u7b2c28\u5c4a\u65b0\u52a0\u5761\u56fd\u9645\u7535\u5f71\u8282\u5f00\u5e55\u5f71\u7247<\/i><\/p>\n<p style=\"text-align: justify;\">\u4e00\u4e2a\u7537\u4eba\u5e26\u7740\u4e24\u4e2a\u5c0f\u5b66\u751f\u5973\u5b69\u5c0f\u6587\u548c\u65b0\u65b0\u6765\u9152\u5e97\u5f00\u623f\u3002\u6b63\u503c\u5728\u9152\u5e97\u6253\u5de5\u7684\u5c11\u5973\u5c0f\u7c73\u5f53\u73ed\uff0c\u5c0f\u7c73\u6210\u4e3a\u4e86\u4e8b\u4ef6\u4e2d\u552f\u4e00\u7684\u77e5\u60c5\u8005\u3002\u4e3a\u4e86\u4fdd\u4f4f\u81ea\u5df1\u7684\u5de5\u4f5c\uff0c\u5979\u4fdd\u6301\u4e86\u6c89\u9ed8\u3002\u5609\u5e74\u534e\u65f6\u4ee3\u80cc\u540e\u7684\u9634\u6697\u624d\u521a\u521a\u5f00\u59cb\u3002<\/p>\n<p><iframe loading=\"lazy\" width=\"525\" height=\"295\" src=\"https:\/\/www.youtube.com\/embed\/z-t0YbdzKdw?feature=oembed\" frameborder=\"0\" allow=\"accelerometer; autoplay; encrypted-media; gyroscope; picture-in-picture\" allowfullscreen><\/iframe><\/p>","protected":false},"excerpt":{"rendered":"<p>2017 \/ 107min \/ Mandarin \/ sous-titres fran\u00e7ais [Ajout du 01\/05] Le film est sorti le 2 mai au Saint-Andr\u00e9 des Arts et au Sept Parnassiens. Son titre fran\u00e7ais est Les Anges portent du blanc. S\u00e9lectionn\u00e9 dans la Mostra du 74e Festival International du Film de Venise, film d\u2019ouverture du 28e Festival International du Film &hellip; <\/p>\n<p class=\"link-more\"><a href=\"https:\/\/www.allersretoursasso.fr\/zh\/films\/angels-wear-white-vivian-qu\/\" class=\"more-link\">\u7ee7\u7eed\u9605\u8bfb<span class=\"screen-reader-text\">\u201c<span style=\"font-size: 120%;\"><i>Angels Wear White<\/i><\/span><br \/>\u5609\u5e74\u534e<br \/>Vivian QU<br \/>\u6587\u664f\u201d<\/span><\/a><\/p>","protected":false},"featured_media":110,"comment_status":"open","ping_status":"closed","template":"","meta":[],"_links":{"self":[{"href":"https:\/\/www.allersretoursasso.fr\/zh\/wp-json\/wp\/v2\/product\/335"}],"collection":[{"href":"https:\/\/www.allersretoursasso.fr\/zh\/wp-json\/wp\/v2\/product"}],"about":[{"href":"https:\/\/www.allersretoursasso.fr\/zh\/wp-json\/wp\/v2\/types\/product"}],"replies":[{"embeddable":true,"href":"https:\/\/www.allersretoursasso.fr\/zh\/wp-json\/wp\/v2\/comments?post=335"}],"wp:featuredmedia":[{"embeddable":true,"href":"https:\/\/www.allersretoursasso.fr\/zh\/wp-json\/wp\/v2\/media\/110"}],"wp:attachment":[{"href":"https:\/\/www.allersretoursasso.fr\/zh\/wp-json\/wp\/v2\/media?parent=335"}],"curies":[{"name":"wp","href":"https:\/\/api.w.org\/{rel}","templated":true}]}}