{"id":347,"date":"2018-12-23T15:22:48","date_gmt":"2018-12-23T14:22:48","guid":{"rendered":"https:\/\/www.allersretoursasso.fr\/?post_type=product&#038;p=347"},"modified":"2019-01-18T15:16:18","modified_gmt":"2019-01-18T14:16:18","slug":"hooly-bible-ii-li-hongqi","status":"publish","type":"product","link":"https:\/\/www.allersretoursasso.fr\/zh\/films\/hooly-bible-ii-li-hongqi\/","title":{"rendered":"<span style=\"font-size: 120%;\"><i>Hooly bible II<\/i><\/span><br>\u795e\u7ecf\u4e8c<br>LI Hongqi<br>\u674e\u7ea2\u65d7"},"content":{"rendered":"<div id=\"fb-root\"><\/div>\n<p>2016 \/ 85min \/  \u666e\u901a\u8bdd \/ \u5b57\u5e55\u6cd5\u8bed<\/p>\n<p>\u5c0f\u57ce\u5e7f\u573a\u4e0a\uff0c\u9000\u4f11\u8001\u4eba\uff0c\u57ce\u7ba1\uff0c\u5c0f\u5546\u5c0f\u8d29\uff0c\u7537\u7537\u5973\u5973\u7684\u8def\u4eba\uff0c\u4ed6\u4eec\u8df3\u821e\uff0c\u5356\u8d27\uff0c\u95f2\u626f\u6de1\uff0c\u5ea6\u8fc7\u4e00\u5929\u3002\u666e\u901a\u4eba\u5e73\u6de1\u65e0\u804a\u7684\u95f2\u8bdd\u4e2d\uff0c\u63ed\u5f00\u4e86\u751f\u6d3b\u7684\u65b9\u65b9\u9762\u9762\u3002<\/p>\n<p><iframe loading=\"lazy\" width=\"525\" height=\"295\" src=\"https:\/\/www.youtube.com\/embed\/aJfYI01YVVY?feature=oembed\" frameborder=\"0\" allow=\"accelerometer; autoplay; encrypted-media; gyroscope; picture-in-picture\" allowfullscreen><\/iframe><\/p>","protected":false},"excerpt":{"rendered":"<p>2016 \/ 85min \/ Mandarin \/ sous-titres fran\u00e7ais La vie dans une petite ville chinoise vue par les discussions des habitants qui se croisent sur une place durant une journ\u00e9e : retrait\u00e9s, agents municipaux, vendeurs de rue etc. A travers ces discussions banales, ils d\u00e9voilent de nombreux aspects de leur vie et leur fa\u00e7on d\u2019envisager &hellip; <\/p>\n<p class=\"link-more\"><a href=\"https:\/\/www.allersretoursasso.fr\/zh\/films\/hooly-bible-ii-li-hongqi\/\" class=\"more-link\">\u7ee7\u7eed\u9605\u8bfb<span class=\"screen-reader-text\">\u201c<span style=\"font-size: 120%;\"><i>Hooly bible II<\/i><\/span><br \/>\u795e\u7ecf\u4e8c<br \/>LI Hongqi<br \/>\u674e\u7ea2\u65d7\u201d<\/span><\/a><\/p>","protected":false},"featured_media":149,"comment_status":"open","ping_status":"closed","template":"","meta":[],"_links":{"self":[{"href":"https:\/\/www.allersretoursasso.fr\/zh\/wp-json\/wp\/v2\/product\/347"}],"collection":[{"href":"https:\/\/www.allersretoursasso.fr\/zh\/wp-json\/wp\/v2\/product"}],"about":[{"href":"https:\/\/www.allersretoursasso.fr\/zh\/wp-json\/wp\/v2\/types\/product"}],"replies":[{"embeddable":true,"href":"https:\/\/www.allersretoursasso.fr\/zh\/wp-json\/wp\/v2\/comments?post=347"}],"wp:featuredmedia":[{"embeddable":true,"href":"https:\/\/www.allersretoursasso.fr\/zh\/wp-json\/wp\/v2\/media\/149"}],"wp:attachment":[{"href":"https:\/\/www.allersretoursasso.fr\/zh\/wp-json\/wp\/v2\/media?parent=347"}],"curies":[{"name":"wp","href":"https:\/\/api.w.org\/{rel}","templated":true}]}}