{"id":358,"date":"2018-12-30T15:02:42","date_gmt":"2018-12-30T14:02:42","guid":{"rendered":"https:\/\/www.allersretoursasso.fr\/?post_type=product&#038;p=358"},"modified":"2019-01-18T15:14:17","modified_gmt":"2019-01-18T14:14:17","slug":"ce-qui-nous-eloigne-hu-wei","status":"publish","type":"product","link":"https:\/\/www.allersretoursasso.fr\/zh\/films\/ce-qui-nous-eloigne-hu-wei\/","title":{"rendered":"<span style=\"font-size: 120%;\"><i>Ce qui nous \u00e9loigne<\/i><\/span><br>\u4eba\u751f\u82e5\u53ea\u5982\u521d\u89c1<br>HU Wei<br>\u80e1\u4f1f"},"content":{"rendered":"<div id=\"fb-root\"><\/div>\n<p style=\"font-size: 80%;\">2016 \/ 18min \/ \u6cd5\u8bed\uff0c\u666e\u901a\u8bdd \/ \u5b57\u5e55\u6cd5\u8bed<\/p>\n<p style=\"text-align: justify;\"><i>\u5165\u56f42016\u5e74\u5a01\u5c3c\u65af\u5f71\u5c55\u5730\u5e73\u7ebf\u5355\u5143;\n\u5165\u90092017\u5e74\u514b\u96f7\u8499\u8d39\u6717\u56fd\u9645\u77ed\u7247\u7535\u5f71\u8282<\/i><\/p>\n<p style=\"text-align: justify;\">\u4e00\u53cc\u7236\u6bcd\u4e0e\u79bb\u6563\u591a\u5e74\u7684\u5973\u513f\u5728\u6d77\u5916\u76f8\u805a\u3002\u4e24\u4e2a\u5bb6\u5ead\uff0c\u4e00\u4e2a\u5b69\u5b50\u3002<\/p>\n<p>\u540c\u573a\u653e\u6620\u80e1\u4f1f\u7684\u5176\u4ed6\u4e24\u90e8\u5f71\u7247<\/p>\n<h3><i>La Lampe au Beurre de Yak<\/i> \u9165\u6cb9\u706f<\/h3>\n<p style=\"font-size: 80%;\">2013 \/ 15min \/ \u85cf\u8bed \/  \u5b57\u5e55\u6cd5\u6587<\/p>\n<p style=\"text-align: justify;\">\u4e00\u4e2a\u9752\u5e74\u85cf\u65cf\u6444\u5f71\u5e08\u548c\u4ed6\u7684\u52a9\u624b\u5728\u53d8\u6362\u7684\u80cc\u666f\u5e03\u5728\u85cf\u533a\u4e3a\u85cf\u6c11\u62cd\u7167\u3002<\/p>\n<p><iframe loading=\"lazy\" src=\"https:\/\/player.vimeo.com\/video\/102716898?app_id=122963\" width=\"525\" height=\"295\" frameborder=\"0\" title=\"La Lampe au beurre de Yak TRAILER\" allow=\"autoplay; fullscreen\" allowfullscreen><\/iframe><\/p>\n<h3><i>Le Propri\u00e9taire<\/i> \u4e1a\u4e3b<\/h3>\n<p style=\"font-size: 80%;\">2012 \/ 24min \/ \u666e\u901a\u8bdd\uff0c\u6cd5\u8bed \/ \u5b57\u5e55\u6cd5\u6587<\/p>\n<p style=\"text-align: justify;\">\u968f\u7740\u623f\u4e1c\u7684\u795e\u79d8\u5931\u8e2a\uff0cH\u5f00\u59cb\u5230\u5904\u5bfb\u627e\u3002<\/p>\n<p>&nbsp;<\/p>\n<p><iframe loading=\"lazy\" src=\"https:\/\/player.vimeo.com\/video\/45499108?app_id=122963\" width=\"525\" height=\"295\" frameborder=\"0\" title=\"Le propri&eacute;taire(bande-annonce)\" allow=\"autoplay; fullscreen\" allowfullscreen><\/iframe><\/p>","protected":false},"excerpt":{"rendered":"<p>2016 \/ 18min \/ Fran\u00e7ais, Mandarin \/ sous-titre fran\u00e7ais S\u00e9lectionn\u00e9 au Festival International du Court-m\u00e9trage de Clermont-Ferrand 2017, s\u00e9lection Orizzonti du Mostra Internationale de Cin\u00e9ma de Venise 2016 Apr\u00e8s une longue s\u00e9paration, une rencontre. Deux familles. Un enfant. La projection lors du festival 2018 \u00e9tait accompagn\u00e9e de deux autres courts-m\u00e9trages de HU Wei : La &hellip; <\/p>\n<p class=\"link-more\"><a href=\"https:\/\/www.allersretoursasso.fr\/zh\/films\/ce-qui-nous-eloigne-hu-wei\/\" class=\"more-link\">\u7ee7\u7eed\u9605\u8bfb<span class=\"screen-reader-text\">\u201c<span style=\"font-size: 120%;\"><i>Ce qui nous \u00e9loigne<\/i><\/span><br \/>\u4eba\u751f\u82e5\u53ea\u5982\u521d\u89c1<br \/>HU Wei<br \/>\u80e1\u4f1f\u201d<\/span><\/a><\/p>","protected":false},"featured_media":127,"comment_status":"open","ping_status":"closed","template":"","meta":[],"_links":{"self":[{"href":"https:\/\/www.allersretoursasso.fr\/zh\/wp-json\/wp\/v2\/product\/358"}],"collection":[{"href":"https:\/\/www.allersretoursasso.fr\/zh\/wp-json\/wp\/v2\/product"}],"about":[{"href":"https:\/\/www.allersretoursasso.fr\/zh\/wp-json\/wp\/v2\/types\/product"}],"replies":[{"embeddable":true,"href":"https:\/\/www.allersretoursasso.fr\/zh\/wp-json\/wp\/v2\/comments?post=358"}],"wp:featuredmedia":[{"embeddable":true,"href":"https:\/\/www.allersretoursasso.fr\/zh\/wp-json\/wp\/v2\/media\/127"}],"wp:attachment":[{"href":"https:\/\/www.allersretoursasso.fr\/zh\/wp-json\/wp\/v2\/media?parent=358"}],"curies":[{"name":"wp","href":"https:\/\/api.w.org\/{rel}","templated":true}]}}